{"id":43797,"date":"2024-03-09T22:16:00","date_gmt":"2024-03-09T18:16:00","guid":{"rendered":"https:\/\/airsystems.ge\/shop\/product\/master-forklift-slots-for-bv-400-heater\/"},"modified":"2026-01-11T00:31:56","modified_gmt":"2026-01-10T20:31:56","slug":"master-forklift-slots-for-bv-400-heater","status":"publish","type":"product","link":"https:\/\/climatemaster.ge\/az\/product\/master-forklift-slots-for-bv-400-heater\/","title":{"rendered":"BV 400 q\u0131zd\u0131r\u0131c\u0131s\u0131 \u00fc\u00e7\u00fcn \u0259sas forklift yuvalar\u0131"},"content":{"rendered":"<div class=\"wpb-content-wrapper\"><p>[vc_row][vc_column]\n\t\t<div id=\"wd-65bcf1bc16dd0\" class=\"title-wrapper wd-wpb set-mb-s reset-last-child  wd-rs-65bcf1bc16dd0 wd-title-color-default wd-title-style-default text-center  wd-underline-colored\">\n\t\t\t\n\t\t\t<div class=\"liner-continer\">\n\t\t\t\t<h4 class=\"woodmart-title-container title  wd-font-weight- wd-fontsize-l\" >Accessory for<\/h4>\n\t\t\t\t\t\t\t<\/div>\n\t\t\t\n\t\t\t\n\t\t\t\n\t\t<\/div>\n\t\t\n\t\t[\/vc_column][\/vc_row][vc_row css=&#8221;.vc_custom_1705962969957{padding-bottom: 20px !important;}&#8221; woodmart_css_id=&#8221;65aeedd10b2d2&#8243; responsive_spacing=&#8221;eyJwYXJhbV90eXBlIjoid29vZG1hcnRfcmVzcG9uc2l2ZV9zcGFjaW5nIiwic2VsZWN0b3JfaWQiOiI2NWFlZWRkMTBiMmQyIiwic2hvcnRjb2RlIjoidmNfcm93IiwiZGF0YSI6eyJ0YWJsZXQiOnt9LCJtb2JpbGUiOnt9fX0=&#8221; mobile_bg_img_hidden=&#8221;no&#8221; tablet_bg_img_hidden=&#8221;no&#8221; woodmart_parallax=&#8221;0&#8243; woodmart_gradient_switch=&#8221;no&#8221; woodmart_box_shadow=&#8221;no&#8221; wd_z_index=&#8221;no&#8221; woodmart_disable_overflow=&#8221;0&#8243; row_reverse_mobile=&#8221;0&#8243; row_reverse_tablet=&#8221;0&#8243;][vc_column]<div class=\"woocommerce columns-4 \">\n<div class=\"products elements-grid wd-products-holder  wd-spacing-20 grid-columns-3 products-bordered-grid pagination-pagination align-items-start row\" data-source=\"main_loop\" data-min_price=\"\" data-max_price=\"\" data-columns=\"3\">\n<div class=\"product-grid-item product wd-hover-icons  col-lg-4 col-md-4 col-6 first  type-product post-23492 status-publish instock product_cat-indirect-oil-heaters-high-pressure-az-to-heat-az has-post-thumbnail shipping-taxable purchasable product-type-simple\" data-loop=\"1\" data-id=\"23492\">\n\t\n\t<div class=\"product-wrapper\">\n\t<div class=\"product-element-top wd-quick-shop\">\n\t\t<a href=\"https:\/\/climatemaster.ge\/az\/product\/master-bv-400-indirect-oil-fired-air-heater\/\" class=\"product-image-link\">\n\t\t\t<img loading=\"lazy\" decoding=\"async\" width=\"430\" height=\"430\" src=\"https:\/\/climatemaster.ge\/wp-content\/uploads\/2024\/02\/Master-BV-400-1-Outlet-430x430.jpg\" class=\"attachment-woocommerce_thumbnail size-woocommerce_thumbnail\" alt=\"\" srcset=\"https:\/\/climatemaster.ge\/wp-content\/uploads\/2024\/02\/Master-BV-400-1-Outlet-430x430.jpg 430w, https:\/\/climatemaster.ge\/wp-content\/uploads\/2024\/02\/Master-BV-400-1-Outlet-300x300.jpg 300w, https:\/\/climatemaster.ge\/wp-content\/uploads\/2024\/02\/Master-BV-400-1-Outlet-800x800.jpg 800w, https:\/\/climatemaster.ge\/wp-content\/uploads\/2024\/02\/Master-BV-400-1-Outlet-150x150.jpg 150w, https:\/\/climatemaster.ge\/wp-content\/uploads\/2024\/02\/Master-BV-400-1-Outlet-768x768.jpg 768w, https:\/\/climatemaster.ge\/wp-content\/uploads\/2024\/02\/Master-BV-400-1-Outlet-860x860.jpg 860w, https:\/\/climatemaster.ge\/wp-content\/uploads\/2024\/02\/Master-BV-400-1-Outlet-700x700.jpg 700w, https:\/\/climatemaster.ge\/wp-content\/uploads\/2024\/02\/Master-BV-400-1-Outlet.jpg 1000w\" sizes=\"auto, (max-width: 430px) 100vw, 430px\" \/>\t\t<\/a>\n\n\t\t\t\t\t<div class=\"hover-img\">\n\t\t\t\t<a href=\"https:\/\/climatemaster.ge\/az\/product\/master-bv-400-indirect-oil-fired-air-heater\/\">\n\t\t\t\t\t<img loading=\"lazy\" decoding=\"async\" width=\"430\" height=\"430\" src=\"https:\/\/climatemaster.ge\/wp-content\/uploads\/2024\/02\/Master-BV-400-Air-Output-430x430.jpg\" class=\"attachment-woocommerce_thumbnail size-woocommerce_thumbnail\" alt=\"\" srcset=\"https:\/\/climatemaster.ge\/wp-content\/uploads\/2024\/02\/Master-BV-400-Air-Output-430x430.jpg 430w, https:\/\/climatemaster.ge\/wp-content\/uploads\/2024\/02\/Master-BV-400-Air-Output-300x300.jpg 300w, https:\/\/climatemaster.ge\/wp-content\/uploads\/2024\/02\/Master-BV-400-Air-Output-800x800.jpg 800w, https:\/\/climatemaster.ge\/wp-content\/uploads\/2024\/02\/Master-BV-400-Air-Output-150x150.jpg 150w, https:\/\/climatemaster.ge\/wp-content\/uploads\/2024\/02\/Master-BV-400-Air-Output-768x768.jpg 768w, https:\/\/climatemaster.ge\/wp-content\/uploads\/2024\/02\/Master-BV-400-Air-Output-860x860.jpg 860w, https:\/\/climatemaster.ge\/wp-content\/uploads\/2024\/02\/Master-BV-400-Air-Output-700x700.jpg 700w, https:\/\/climatemaster.ge\/wp-content\/uploads\/2024\/02\/Master-BV-400-Air-Output.jpg 1000w\" sizes=\"auto, (max-width: 430px) 100vw, 430px\" \/>\t\t\t\t<\/a>\n\t\t\t<\/div>\n\t\t\t\n\t\t<div class=\"wrapp-buttons\">\n\t\t\t<div class=\"wd-buttons\">\n\t\t\t\t<div class=\"wd-add-btn wd-action-btn wd-style-icon wd-add-cart-icon\"><\/div>\n\t\t\t\t\t\t\t\t\t\t\t\t\t\t\t\t\t\t\t\t\t\t\t<\/div> \n\t\t<\/div>\n\t<\/div>\n\t\t\t\t\t<h3 class=\"wd-entities-title\"><a href=\"https:\/\/climatemaster.ge\/az\/product\/master-bv-400-indirect-oil-fired-air-heater\/\">Master BV 400 \u2013 dolay\u0131 ya\u011fla i\u015fl\u0259y\u0259n hava q\u0131zd\u0131r\u0131c\u0131s\u0131  disel<\/a><\/h3>\t\t\t\t<div class=\"wd-product-cats\">\n\t\t\t<a href=\"https:\/\/climatemaster.ge\/az\/product-category\/hava-n%c9%99ml%c9%99ndiricisi-kondisioner-az-ventilyasiya-ventilyator\/kolorifer-qizdirici-istilik-az\/indirect-oil-heaters-high-pressure-az-to-heat-az\/\" rel=\"tag\">Indirect Oil Heaters High Pressure<\/a>\t\t<\/div>\n\t\t\t\t\t\t\n\t<span class=\"price\"><span class=\"woocommerce-Price-amount amount\"><bdi>21135,00&nbsp;<span class=\"woocommerce-Price-currencySymbol\">&#x20be;<\/span><\/bdi><\/span><\/span>\n\n\t\t\n\t\t\n\t\t\t<\/div>\n<\/div>\n<\/div><\/div>[\/vc_column][\/vc_row]<\/p>\n<\/div>","protected":false},"excerpt":{"rendered":"<p>BV 400 \u00fc\u00e7\u00fcn aksesuar<\/p>\n","protected":false},"featured_media":21361,"template":"","meta":[],"product_brand":[],"product_cat":[970],"product_tag":[],"class_list":{"0":"post-43797","1":"product","2":"type-product","3":"status-publish","4":"has-post-thumbnail","6":"product_cat-accessories-and-consumables-az-2","8":"first","9":"instock","10":"shipping-taxable","11":"purchasable","12":"product-type-simple"},"yoast_head":"<!-- This site is optimized with the Yoast SEO plugin v27.1.1 - https:\/\/yoast.com\/product\/yoast-seo-wordpress\/ -->\n<title>BV 400 q\u0131zd\u0131r\u0131c\u0131s\u0131 \u00fc\u00e7\u00fcn \u0259sas forklift yuvalar\u0131 - Climate Master<\/title>\n<meta name=\"robots\" content=\"index, follow, max-snippet:-1, max-image-preview:large, max-video-preview:-1\" \/>\n<link rel=\"canonical\" href=\"https:\/\/climatemaster.ge\/az\/product\/master-forklift-slots-for-bv-400-heater\/\" \/>\n<meta property=\"og:locale\" content=\"az_AZ\" \/>\n<meta property=\"og:type\" content=\"article\" \/>\n<meta property=\"og:title\" content=\"BV 400 q\u0131zd\u0131r\u0131c\u0131s\u0131 \u00fc\u00e7\u00fcn \u0259sas forklift yuvalar\u0131 - Climate Master\" \/>\n<meta property=\"og:description\" content=\"BV 400 \u00fc\u00e7\u00fcn aksesuar\" \/>\n<meta property=\"og:url\" content=\"https:\/\/climatemaster.ge\/az\/product\/master-forklift-slots-for-bv-400-heater\/\" \/>\n<meta property=\"og:site_name\" content=\"Climate Master\" \/>\n<meta property=\"article:modified_time\" content=\"2026-01-10T20:31:56+00:00\" \/>\n<meta property=\"og:image\" content=\"https:\/\/climatemaster.ge\/wp-content\/uploads\/2024\/03\/Master-Forklift-slots-4035.224.jpg\" \/>\n\t<meta property=\"og:image:width\" content=\"1000\" \/>\n\t<meta property=\"og:image:height\" content=\"1000\" \/>\n\t<meta property=\"og:image:type\" content=\"image\/jpeg\" \/>\n<meta name=\"twitter:card\" content=\"summary_large_image\" \/>\n<meta name=\"twitter:label1\" content=\"Est. reading time\" \/>\n\t<meta name=\"twitter:data1\" content=\"1 minute\" \/>\n<script type=\"application\/ld+json\" class=\"yoast-schema-graph\">{\"@context\":\"https:\/\/schema.org\",\"@graph\":[{\"@type\":\"WebPage\",\"@id\":\"https:\/\/climatemaster.ge\/az\/product\/master-forklift-slots-for-bv-400-heater\/\",\"url\":\"https:\/\/climatemaster.ge\/az\/product\/master-forklift-slots-for-bv-400-heater\/\",\"name\":\"BV 400 q\u0131zd\u0131r\u0131c\u0131s\u0131 \u00fc\u00e7\u00fcn \u0259sas forklift yuvalar\u0131 - Climate Master\",\"isPartOf\":{\"@id\":\"https:\/\/climatemaster.ge\/#website\"},\"primaryImageOfPage\":{\"@id\":\"https:\/\/climatemaster.ge\/az\/product\/master-forklift-slots-for-bv-400-heater\/#primaryimage\"},\"image\":{\"@id\":\"https:\/\/climatemaster.ge\/az\/product\/master-forklift-slots-for-bv-400-heater\/#primaryimage\"},\"thumbnailUrl\":\"https:\/\/climatemaster.ge\/wp-content\/uploads\/2024\/03\/Master-Forklift-slots-4035.224.jpg\",\"datePublished\":\"2024-03-09T18:16:00+00:00\",\"dateModified\":\"2026-01-10T20:31:56+00:00\",\"breadcrumb\":{\"@id\":\"https:\/\/climatemaster.ge\/az\/product\/master-forklift-slots-for-bv-400-heater\/#breadcrumb\"},\"inLanguage\":\"az\",\"potentialAction\":[{\"@type\":\"ReadAction\",\"target\":[\"https:\/\/climatemaster.ge\/az\/product\/master-forklift-slots-for-bv-400-heater\/\"]}]},{\"@type\":\"ImageObject\",\"inLanguage\":\"az\",\"@id\":\"https:\/\/climatemaster.ge\/az\/product\/master-forklift-slots-for-bv-400-heater\/#primaryimage\",\"url\":\"https:\/\/climatemaster.ge\/wp-content\/uploads\/2024\/03\/Master-Forklift-slots-4035.224.jpg\",\"contentUrl\":\"https:\/\/climatemaster.ge\/wp-content\/uploads\/2024\/03\/Master-Forklift-slots-4035.224.jpg\",\"width\":1000,\"height\":1000},{\"@type\":\"BreadcrumbList\",\"@id\":\"https:\/\/climatemaster.ge\/az\/product\/master-forklift-slots-for-bv-400-heater\/#breadcrumb\",\"itemListElement\":[{\"@type\":\"ListItem\",\"position\":1,\"name\":\"Home\",\"item\":\"https:\/\/climatemaster.ge\/\"},{\"@type\":\"ListItem\",\"position\":2,\"name\":\"M\u0259hsullar\",\"item\":\"https:\/\/climatemaster.ge\/products\/\"},{\"@type\":\"ListItem\",\"position\":3,\"name\":\"BV 400 q\u0131zd\u0131r\u0131c\u0131s\u0131 \u00fc\u00e7\u00fcn \u0259sas forklift yuvalar\u0131\"}]},{\"@type\":\"WebSite\",\"@id\":\"https:\/\/climatemaster.ge\/#website\",\"url\":\"https:\/\/climatemaster.ge\/\",\"name\":\"Climate Master\",\"description\":\"\",\"publisher\":{\"@id\":\"https:\/\/climatemaster.ge\/#organization\"},\"potentialAction\":[{\"@type\":\"SearchAction\",\"target\":{\"@type\":\"EntryPoint\",\"urlTemplate\":\"https:\/\/climatemaster.ge\/?s={search_term_string}\"},\"query-input\":{\"@type\":\"PropertyValueSpecification\",\"valueRequired\":true,\"valueName\":\"search_term_string\"}}],\"inLanguage\":\"az\"},{\"@type\":\"Organization\",\"@id\":\"https:\/\/climatemaster.ge\/#organization\",\"name\":\"Climate Master\",\"url\":\"https:\/\/climatemaster.ge\/\",\"logo\":{\"@type\":\"ImageObject\",\"inLanguage\":\"az\",\"@id\":\"https:\/\/climatemaster.ge\/#\/schema\/logo\/image\/\",\"url\":\"https:\/\/climatemaster.ge\/wp-content\/uploads\/2026\/03\/Untitled-2.png\",\"contentUrl\":\"https:\/\/climatemaster.ge\/wp-content\/uploads\/2026\/03\/Untitled-2.png\",\"width\":600,\"height\":338,\"caption\":\"Climate Master\"},\"image\":{\"@id\":\"https:\/\/climatemaster.ge\/#\/schema\/logo\/image\/\"}}]}<\/script>\n<!-- \/ Yoast SEO plugin. -->","yoast_head_json":{"title":"BV 400 q\u0131zd\u0131r\u0131c\u0131s\u0131 \u00fc\u00e7\u00fcn \u0259sas forklift yuvalar\u0131 - Climate Master","robots":{"index":"index","follow":"follow","max-snippet":"max-snippet:-1","max-image-preview":"max-image-preview:large","max-video-preview":"max-video-preview:-1"},"canonical":"https:\/\/climatemaster.ge\/az\/product\/master-forklift-slots-for-bv-400-heater\/","og_locale":"az_AZ","og_type":"article","og_title":"BV 400 q\u0131zd\u0131r\u0131c\u0131s\u0131 \u00fc\u00e7\u00fcn \u0259sas forklift yuvalar\u0131 - Climate Master","og_description":"BV 400 \u00fc\u00e7\u00fcn aksesuar","og_url":"https:\/\/climatemaster.ge\/az\/product\/master-forklift-slots-for-bv-400-heater\/","og_site_name":"Climate Master","article_modified_time":"2026-01-10T20:31:56+00:00","og_image":[{"width":1000,"height":1000,"url":"https:\/\/climatemaster.ge\/wp-content\/uploads\/2024\/03\/Master-Forklift-slots-4035.224.jpg","type":"image\/jpeg"}],"twitter_card":"summary_large_image","twitter_misc":{"Est. reading time":"1 minute"},"schema":{"@context":"https:\/\/schema.org","@graph":[{"@type":"WebPage","@id":"https:\/\/climatemaster.ge\/az\/product\/master-forklift-slots-for-bv-400-heater\/","url":"https:\/\/climatemaster.ge\/az\/product\/master-forklift-slots-for-bv-400-heater\/","name":"BV 400 q\u0131zd\u0131r\u0131c\u0131s\u0131 \u00fc\u00e7\u00fcn \u0259sas forklift yuvalar\u0131 - Climate Master","isPartOf":{"@id":"https:\/\/climatemaster.ge\/#website"},"primaryImageOfPage":{"@id":"https:\/\/climatemaster.ge\/az\/product\/master-forklift-slots-for-bv-400-heater\/#primaryimage"},"image":{"@id":"https:\/\/climatemaster.ge\/az\/product\/master-forklift-slots-for-bv-400-heater\/#primaryimage"},"thumbnailUrl":"https:\/\/climatemaster.ge\/wp-content\/uploads\/2024\/03\/Master-Forklift-slots-4035.224.jpg","datePublished":"2024-03-09T18:16:00+00:00","dateModified":"2026-01-10T20:31:56+00:00","breadcrumb":{"@id":"https:\/\/climatemaster.ge\/az\/product\/master-forklift-slots-for-bv-400-heater\/#breadcrumb"},"inLanguage":"az","potentialAction":[{"@type":"ReadAction","target":["https:\/\/climatemaster.ge\/az\/product\/master-forklift-slots-for-bv-400-heater\/"]}]},{"@type":"ImageObject","inLanguage":"az","@id":"https:\/\/climatemaster.ge\/az\/product\/master-forklift-slots-for-bv-400-heater\/#primaryimage","url":"https:\/\/climatemaster.ge\/wp-content\/uploads\/2024\/03\/Master-Forklift-slots-4035.224.jpg","contentUrl":"https:\/\/climatemaster.ge\/wp-content\/uploads\/2024\/03\/Master-Forklift-slots-4035.224.jpg","width":1000,"height":1000},{"@type":"BreadcrumbList","@id":"https:\/\/climatemaster.ge\/az\/product\/master-forklift-slots-for-bv-400-heater\/#breadcrumb","itemListElement":[{"@type":"ListItem","position":1,"name":"Home","item":"https:\/\/climatemaster.ge\/"},{"@type":"ListItem","position":2,"name":"M\u0259hsullar","item":"https:\/\/climatemaster.ge\/products\/"},{"@type":"ListItem","position":3,"name":"BV 400 q\u0131zd\u0131r\u0131c\u0131s\u0131 \u00fc\u00e7\u00fcn \u0259sas forklift yuvalar\u0131"}]},{"@type":"WebSite","@id":"https:\/\/climatemaster.ge\/#website","url":"https:\/\/climatemaster.ge\/","name":"Climate Master","description":"","publisher":{"@id":"https:\/\/climatemaster.ge\/#organization"},"potentialAction":[{"@type":"SearchAction","target":{"@type":"EntryPoint","urlTemplate":"https:\/\/climatemaster.ge\/?s={search_term_string}"},"query-input":{"@type":"PropertyValueSpecification","valueRequired":true,"valueName":"search_term_string"}}],"inLanguage":"az"},{"@type":"Organization","@id":"https:\/\/climatemaster.ge\/#organization","name":"Climate Master","url":"https:\/\/climatemaster.ge\/","logo":{"@type":"ImageObject","inLanguage":"az","@id":"https:\/\/climatemaster.ge\/#\/schema\/logo\/image\/","url":"https:\/\/climatemaster.ge\/wp-content\/uploads\/2026\/03\/Untitled-2.png","contentUrl":"https:\/\/climatemaster.ge\/wp-content\/uploads\/2026\/03\/Untitled-2.png","width":600,"height":338,"caption":"Climate Master"},"image":{"@id":"https:\/\/climatemaster.ge\/#\/schema\/logo\/image\/"}}]}},"_links":{"self":[{"href":"https:\/\/climatemaster.ge\/az\/wp-json\/wp\/v2\/product\/43797","targetHints":{"allow":["GET"]}}],"collection":[{"href":"https:\/\/climatemaster.ge\/az\/wp-json\/wp\/v2\/product"}],"about":[{"href":"https:\/\/climatemaster.ge\/az\/wp-json\/wp\/v2\/types\/product"}],"wp:featuredmedia":[{"embeddable":true,"href":"https:\/\/climatemaster.ge\/az\/wp-json\/wp\/v2\/media\/21361"}],"wp:attachment":[{"href":"https:\/\/climatemaster.ge\/az\/wp-json\/wp\/v2\/media?parent=43797"}],"wp:term":[{"taxonomy":"product_brand","embeddable":true,"href":"https:\/\/climatemaster.ge\/az\/wp-json\/wp\/v2\/product_brand?post=43797"},{"taxonomy":"product_cat","embeddable":true,"href":"https:\/\/climatemaster.ge\/az\/wp-json\/wp\/v2\/product_cat?post=43797"},{"taxonomy":"product_tag","embeddable":true,"href":"https:\/\/climatemaster.ge\/az\/wp-json\/wp\/v2\/product_tag?post=43797"}],"curies":[{"name":"wp","href":"https:\/\/api.w.org\/{rel}","templated":true}]}}