{"id":43578,"date":"2025-11-01T21:18:45","date_gmt":"2025-11-01T17:18:45","guid":{"rendered":"https:\/\/airsystems.ge\/shop\/product\/rooftop-mrc-series-22-98-kw-mrc-hwn1-rc-mrc-062hwn1-rc-mrc-075hwn1-rc-mrc-085hwn1-rc-mrc-100hwn1-rc-mrc-125hwn1-rc-mrc-150hwn1-rc-mrc-175hwn1-rc-mrc-200hwn1-rc-mrc-250hwn1-rc\/"},"modified":"2025-11-01T21:28:17","modified_gmt":"2025-11-01T17:28:17","slug":"rooftop-mrc-series-22-98-kw-mrc-hwn1-rc-mrc-062hwn1-rc-mrc-075hwn1-rc-mrc-085hwn1-rc-mrc-100hwn1-rc-mrc-125hwn1-rc-mrc-150hwn1-rc-mrc-175hwn1-rc-mrc-200hwn1-rc-mrc-250hwn1-rc","status":"publish","type":"product","link":"https:\/\/climatemaster.ge\/az\/product\/rooftop-mrc-series-22-98-kw-mrc-hwn1-rc-mrc-062hwn1-rc-mrc-075hwn1-rc-mrc-085hwn1-rc-mrc-100hwn1-rc-mrc-125hwn1-rc-mrc-150hwn1-rc-mrc-175hwn1-rc-mrc-200hwn1-rc-mrc-250hwn1-rc\/","title":{"rendered":"Dam \u00fcst\u00fc kondisioner MRC Series 22 &#8211; 98 kW MRC-***HWN1-R(C)  MRC-062HWN1-R(C) MRC-075HWN1-R(C) MRC-085HWN1-R(C) MRC-100HWN1-R(C MRC-125HWN1-R(C) MRC-150HWN1-R(C) MRC-175HWN1-R(C) MRC-200HWN1-R(C) MRC-250HWN1-R(C) MRC-300HWN1-R(C)  MIDEA \u0420\u0443\u0444\u0442\u043e\u043f"},"content":{"rendered":"","protected":false},"excerpt":{"rendered":"<h1>MRC Seriyas\u0131<\/h1>\n<p>M\u0259hsul x\u00fcsusiyy\u0259tl\u0259ri<\/p>\n<p>Dam \u00f6rt\u00fcy\u00fc<\/p>\n<p>Geni\u015f M\u0259kanda Soyutma v\u0259 \u0130stilik T\u0259min Edir<br \/>\nGeni\u015f Tutum Aral\u0131\u011f\u0131, Kompakt \u00d6l\u00e7\u00fc<br \/>\nDamda v\u0259 ya Yerd\u0259 Qura\u015fd\u0131rmaq \u00dc\u00e7\u00fcn Uy\u011fundur<br \/>\nEtibarl\u0131 S\u00fcr\u00fc\u015fm\u0259 Kompressor<br \/>\nDavaml\u0131 Konstruksiya<br \/>\nSimli N\u0259zar\u0259t\u00e7i<br \/>\nYuyula bil\u0259n Filtr<br \/>\nEtibarl\u0131 \u018fm\u0259liyyat: Sabit \u0130\u015fl\u0259m\u0259ni T\u0259min Etm\u0259k \u00fc\u00e7\u00fcn Bird\u0259n \u00c7oxlu M\u00fchafiz\u0259 T\u0259tbiq Edir<\/p>\n","protected":false},"featured_media":43554,"template":"","meta":[],"product_brand":[],"product_cat":[2011],"product_tag":[],"class_list":{"0":"post-43578","1":"product","2":"type-product","3":"status-publish","4":"has-post-thumbnail","6":"product_cat-dam-ustu-kondisioner","8":"first","9":"instock","10":"shipping-taxable","11":"product-type-simple"},"yoast_head":"<!-- This site is optimized with the Yoast SEO plugin v27.1.1 - https:\/\/yoast.com\/product\/yoast-seo-wordpress\/ -->\n<title>Dam \u00fcst\u00fc kondisioner MRC Series 22 - 98 kW MRC-***HWN1-R(C) MRC-062HWN1-R(C) MRC-075HWN1-R(C) MRC-085HWN1-R(C) MRC-100HWN1-R(C MRC-125HWN1-R(C) MRC-150HWN1-R(C) MRC-175HWN1-R(C) MRC-200HWN1-R(C) MRC-250HWN1-R(C) MRC-300HWN1-R(C) MIDEA \u0420\u0443\u0444\u0442\u043e\u043f - Climate Master<\/title>\n<meta name=\"robots\" content=\"index, follow, max-snippet:-1, max-image-preview:large, max-video-preview:-1\" \/>\n<link rel=\"canonical\" href=\"https:\/\/climatemaster.ge\/az\/product\/rooftop-mrc-series-22-98-kw-mrc-hwn1-rc-mrc-062hwn1-rc-mrc-075hwn1-rc-mrc-085hwn1-rc-mrc-100hwn1-rc-mrc-125hwn1-rc-mrc-150hwn1-rc-mrc-175hwn1-rc-mrc-200hwn1-rc-mrc-250hwn1-rc\/\" \/>\n<meta property=\"og:locale\" content=\"az_AZ\" \/>\n<meta property=\"og:type\" content=\"article\" \/>\n<meta property=\"og:title\" content=\"Dam \u00fcst\u00fc kondisioner MRC Series 22 - 98 kW MRC-***HWN1-R(C) MRC-062HWN1-R(C) MRC-075HWN1-R(C) MRC-085HWN1-R(C) MRC-100HWN1-R(C MRC-125HWN1-R(C) MRC-150HWN1-R(C) MRC-175HWN1-R(C) MRC-200HWN1-R(C) MRC-250HWN1-R(C) MRC-300HWN1-R(C) MIDEA \u0420\u0443\u0444\u0442\u043e\u043f - Climate Master\" \/>\n<meta property=\"og:description\" content=\"MRC Seriyas\u0131 M\u0259hsul x\u00fcsusiyy\u0259tl\u0259ri  Dam \u00f6rt\u00fcy\u00fc  Geni\u015f M\u0259kanda Soyutma v\u0259 \u0130stilik T\u0259min Edir Geni\u015f Tutum Aral\u0131\u011f\u0131, Kompakt \u00d6l\u00e7\u00fc Damda v\u0259 ya Yerd\u0259 Qura\u015fd\u0131rmaq \u00dc\u00e7\u00fcn Uy\u011fundur Etibarl\u0131 S\u00fcr\u00fc\u015fm\u0259 Kompressor Davaml\u0131 Konstruksiya Simli N\u0259zar\u0259t\u00e7i Yuyula bil\u0259n Filtr Etibarl\u0131 \u018fm\u0259liyyat: Sabit \u0130\u015fl\u0259m\u0259ni T\u0259min Etm\u0259k \u00fc\u00e7\u00fcn Bird\u0259n \u00c7oxlu M\u00fchafiz\u0259 T\u0259tbiq Edir\" \/>\n<meta property=\"og:url\" content=\"https:\/\/climatemaster.ge\/az\/product\/rooftop-mrc-series-22-98-kw-mrc-hwn1-rc-mrc-062hwn1-rc-mrc-075hwn1-rc-mrc-085hwn1-rc-mrc-100hwn1-rc-mrc-125hwn1-rc-mrc-150hwn1-rc-mrc-175hwn1-rc-mrc-200hwn1-rc-mrc-250hwn1-rc\/\" \/>\n<meta property=\"og:site_name\" content=\"Climate Master\" \/>\n<meta property=\"article:modified_time\" content=\"2025-11-01T17:28:17+00:00\" \/>\n<meta property=\"og:image\" content=\"https:\/\/climatemaster.ge\/wp-content\/uploads\/2025\/11\/MRC-2_RESULT.webp\" \/>\n\t<meta property=\"og:image:width\" content=\"768\" \/>\n\t<meta property=\"og:image:height\" content=\"768\" \/>\n\t<meta property=\"og:image:type\" content=\"image\/webp\" \/>\n<meta name=\"twitter:card\" content=\"summary_large_image\" \/>\n<script type=\"application\/ld+json\" class=\"yoast-schema-graph\">{\"@context\":\"https:\/\/schema.org\",\"@graph\":[{\"@type\":\"WebPage\",\"@id\":\"https:\/\/climatemaster.ge\/az\/product\/rooftop-mrc-series-22-98-kw-mrc-hwn1-rc-mrc-062hwn1-rc-mrc-075hwn1-rc-mrc-085hwn1-rc-mrc-100hwn1-rc-mrc-125hwn1-rc-mrc-150hwn1-rc-mrc-175hwn1-rc-mrc-200hwn1-rc-mrc-250hwn1-rc\/\",\"url\":\"https:\/\/climatemaster.ge\/az\/product\/rooftop-mrc-series-22-98-kw-mrc-hwn1-rc-mrc-062hwn1-rc-mrc-075hwn1-rc-mrc-085hwn1-rc-mrc-100hwn1-rc-mrc-125hwn1-rc-mrc-150hwn1-rc-mrc-175hwn1-rc-mrc-200hwn1-rc-mrc-250hwn1-rc\/\",\"name\":\"Dam \u00fcst\u00fc kondisioner MRC Series 22 - 98 kW MRC-***HWN1-R(C) MRC-062HWN1-R(C) MRC-075HWN1-R(C) MRC-085HWN1-R(C) MRC-100HWN1-R(C MRC-125HWN1-R(C) MRC-150HWN1-R(C) MRC-175HWN1-R(C) MRC-200HWN1-R(C) MRC-250HWN1-R(C) MRC-300HWN1-R(C) MIDEA \u0420\u0443\u0444\u0442\u043e\u043f - Climate Master\",\"isPartOf\":{\"@id\":\"https:\/\/climatemaster.ge\/#website\"},\"primaryImageOfPage\":{\"@id\":\"https:\/\/climatemaster.ge\/az\/product\/rooftop-mrc-series-22-98-kw-mrc-hwn1-rc-mrc-062hwn1-rc-mrc-075hwn1-rc-mrc-085hwn1-rc-mrc-100hwn1-rc-mrc-125hwn1-rc-mrc-150hwn1-rc-mrc-175hwn1-rc-mrc-200hwn1-rc-mrc-250hwn1-rc\/#primaryimage\"},\"image\":{\"@id\":\"https:\/\/climatemaster.ge\/az\/product\/rooftop-mrc-series-22-98-kw-mrc-hwn1-rc-mrc-062hwn1-rc-mrc-075hwn1-rc-mrc-085hwn1-rc-mrc-100hwn1-rc-mrc-125hwn1-rc-mrc-150hwn1-rc-mrc-175hwn1-rc-mrc-200hwn1-rc-mrc-250hwn1-rc\/#primaryimage\"},\"thumbnailUrl\":\"https:\/\/climatemaster.ge\/wp-content\/uploads\/2025\/11\/MRC-2_RESULT.webp\",\"datePublished\":\"2025-11-01T17:18:45+00:00\",\"dateModified\":\"2025-11-01T17:28:17+00:00\",\"breadcrumb\":{\"@id\":\"https:\/\/climatemaster.ge\/az\/product\/rooftop-mrc-series-22-98-kw-mrc-hwn1-rc-mrc-062hwn1-rc-mrc-075hwn1-rc-mrc-085hwn1-rc-mrc-100hwn1-rc-mrc-125hwn1-rc-mrc-150hwn1-rc-mrc-175hwn1-rc-mrc-200hwn1-rc-mrc-250hwn1-rc\/#breadcrumb\"},\"inLanguage\":\"az\",\"potentialAction\":[{\"@type\":\"ReadAction\",\"target\":[\"https:\/\/climatemaster.ge\/az\/product\/rooftop-mrc-series-22-98-kw-mrc-hwn1-rc-mrc-062hwn1-rc-mrc-075hwn1-rc-mrc-085hwn1-rc-mrc-100hwn1-rc-mrc-125hwn1-rc-mrc-150hwn1-rc-mrc-175hwn1-rc-mrc-200hwn1-rc-mrc-250hwn1-rc\/\"]}]},{\"@type\":\"ImageObject\",\"inLanguage\":\"az\",\"@id\":\"https:\/\/climatemaster.ge\/az\/product\/rooftop-mrc-series-22-98-kw-mrc-hwn1-rc-mrc-062hwn1-rc-mrc-075hwn1-rc-mrc-085hwn1-rc-mrc-100hwn1-rc-mrc-125hwn1-rc-mrc-150hwn1-rc-mrc-175hwn1-rc-mrc-200hwn1-rc-mrc-250hwn1-rc\/#primaryimage\",\"url\":\"https:\/\/climatemaster.ge\/wp-content\/uploads\/2025\/11\/MRC-2_RESULT.webp\",\"contentUrl\":\"https:\/\/climatemaster.ge\/wp-content\/uploads\/2025\/11\/MRC-2_RESULT.webp\",\"width\":768,\"height\":768},{\"@type\":\"BreadcrumbList\",\"@id\":\"https:\/\/climatemaster.ge\/az\/product\/rooftop-mrc-series-22-98-kw-mrc-hwn1-rc-mrc-062hwn1-rc-mrc-075hwn1-rc-mrc-085hwn1-rc-mrc-100hwn1-rc-mrc-125hwn1-rc-mrc-150hwn1-rc-mrc-175hwn1-rc-mrc-200hwn1-rc-mrc-250hwn1-rc\/#breadcrumb\",\"itemListElement\":[{\"@type\":\"ListItem\",\"position\":1,\"name\":\"Home\",\"item\":\"https:\/\/climatemaster.ge\/\"},{\"@type\":\"ListItem\",\"position\":2,\"name\":\"M\u0259hsullar\",\"item\":\"https:\/\/climatemaster.ge\/products\/\"},{\"@type\":\"ListItem\",\"position\":3,\"name\":\"Dam \u00fcst\u00fc kondisioner MRC Series 22 &#8211; 98 kW MRC-***HWN1-R(C) MRC-062HWN1-R(C) MRC-075HWN1-R(C) MRC-085HWN1-R(C) MRC-100HWN1-R(C MRC-125HWN1-R(C) MRC-150HWN1-R(C) MRC-175HWN1-R(C) MRC-200HWN1-R(C) MRC-250HWN1-R(C) MRC-300HWN1-R(C) MIDEA \u0420\u0443\u0444\u0442\u043e\u043f\"}]},{\"@type\":\"WebSite\",\"@id\":\"https:\/\/climatemaster.ge\/#website\",\"url\":\"https:\/\/climatemaster.ge\/\",\"name\":\"Climate Master\",\"description\":\"\",\"publisher\":{\"@id\":\"https:\/\/climatemaster.ge\/#organization\"},\"potentialAction\":[{\"@type\":\"SearchAction\",\"target\":{\"@type\":\"EntryPoint\",\"urlTemplate\":\"https:\/\/climatemaster.ge\/?s={search_term_string}\"},\"query-input\":{\"@type\":\"PropertyValueSpecification\",\"valueRequired\":true,\"valueName\":\"search_term_string\"}}],\"inLanguage\":\"az\"},{\"@type\":\"Organization\",\"@id\":\"https:\/\/climatemaster.ge\/#organization\",\"name\":\"Climate Master\",\"url\":\"https:\/\/climatemaster.ge\/\",\"logo\":{\"@type\":\"ImageObject\",\"inLanguage\":\"az\",\"@id\":\"https:\/\/climatemaster.ge\/#\/schema\/logo\/image\/\",\"url\":\"https:\/\/climatemaster.ge\/wp-content\/uploads\/2026\/03\/Untitled-2.png\",\"contentUrl\":\"https:\/\/climatemaster.ge\/wp-content\/uploads\/2026\/03\/Untitled-2.png\",\"width\":600,\"height\":338,\"caption\":\"Climate Master\"},\"image\":{\"@id\":\"https:\/\/climatemaster.ge\/#\/schema\/logo\/image\/\"}}]}<\/script>\n<!-- \/ Yoast SEO plugin. -->","yoast_head_json":{"title":"Dam \u00fcst\u00fc kondisioner MRC Series 22 - 98 kW MRC-***HWN1-R(C) MRC-062HWN1-R(C) MRC-075HWN1-R(C) MRC-085HWN1-R(C) MRC-100HWN1-R(C MRC-125HWN1-R(C) MRC-150HWN1-R(C) MRC-175HWN1-R(C) MRC-200HWN1-R(C) MRC-250HWN1-R(C) MRC-300HWN1-R(C) MIDEA \u0420\u0443\u0444\u0442\u043e\u043f - Climate Master","robots":{"index":"index","follow":"follow","max-snippet":"max-snippet:-1","max-image-preview":"max-image-preview:large","max-video-preview":"max-video-preview:-1"},"canonical":"https:\/\/climatemaster.ge\/az\/product\/rooftop-mrc-series-22-98-kw-mrc-hwn1-rc-mrc-062hwn1-rc-mrc-075hwn1-rc-mrc-085hwn1-rc-mrc-100hwn1-rc-mrc-125hwn1-rc-mrc-150hwn1-rc-mrc-175hwn1-rc-mrc-200hwn1-rc-mrc-250hwn1-rc\/","og_locale":"az_AZ","og_type":"article","og_title":"Dam \u00fcst\u00fc kondisioner MRC Series 22 - 98 kW MRC-***HWN1-R(C) MRC-062HWN1-R(C) MRC-075HWN1-R(C) MRC-085HWN1-R(C) MRC-100HWN1-R(C MRC-125HWN1-R(C) MRC-150HWN1-R(C) MRC-175HWN1-R(C) MRC-200HWN1-R(C) MRC-250HWN1-R(C) MRC-300HWN1-R(C) MIDEA \u0420\u0443\u0444\u0442\u043e\u043f - Climate Master","og_description":"MRC Seriyas\u0131 M\u0259hsul x\u00fcsusiyy\u0259tl\u0259ri  Dam \u00f6rt\u00fcy\u00fc  Geni\u015f M\u0259kanda Soyutma v\u0259 \u0130stilik T\u0259min Edir Geni\u015f Tutum Aral\u0131\u011f\u0131, Kompakt \u00d6l\u00e7\u00fc Damda v\u0259 ya Yerd\u0259 Qura\u015fd\u0131rmaq \u00dc\u00e7\u00fcn Uy\u011fundur Etibarl\u0131 S\u00fcr\u00fc\u015fm\u0259 Kompressor Davaml\u0131 Konstruksiya Simli N\u0259zar\u0259t\u00e7i Yuyula bil\u0259n Filtr Etibarl\u0131 \u018fm\u0259liyyat: Sabit \u0130\u015fl\u0259m\u0259ni T\u0259min Etm\u0259k \u00fc\u00e7\u00fcn Bird\u0259n \u00c7oxlu M\u00fchafiz\u0259 T\u0259tbiq Edir","og_url":"https:\/\/climatemaster.ge\/az\/product\/rooftop-mrc-series-22-98-kw-mrc-hwn1-rc-mrc-062hwn1-rc-mrc-075hwn1-rc-mrc-085hwn1-rc-mrc-100hwn1-rc-mrc-125hwn1-rc-mrc-150hwn1-rc-mrc-175hwn1-rc-mrc-200hwn1-rc-mrc-250hwn1-rc\/","og_site_name":"Climate Master","article_modified_time":"2025-11-01T17:28:17+00:00","og_image":[{"width":768,"height":768,"url":"https:\/\/climatemaster.ge\/wp-content\/uploads\/2025\/11\/MRC-2_RESULT.webp","type":"image\/webp"}],"twitter_card":"summary_large_image","schema":{"@context":"https:\/\/schema.org","@graph":[{"@type":"WebPage","@id":"https:\/\/climatemaster.ge\/az\/product\/rooftop-mrc-series-22-98-kw-mrc-hwn1-rc-mrc-062hwn1-rc-mrc-075hwn1-rc-mrc-085hwn1-rc-mrc-100hwn1-rc-mrc-125hwn1-rc-mrc-150hwn1-rc-mrc-175hwn1-rc-mrc-200hwn1-rc-mrc-250hwn1-rc\/","url":"https:\/\/climatemaster.ge\/az\/product\/rooftop-mrc-series-22-98-kw-mrc-hwn1-rc-mrc-062hwn1-rc-mrc-075hwn1-rc-mrc-085hwn1-rc-mrc-100hwn1-rc-mrc-125hwn1-rc-mrc-150hwn1-rc-mrc-175hwn1-rc-mrc-200hwn1-rc-mrc-250hwn1-rc\/","name":"Dam \u00fcst\u00fc kondisioner MRC Series 22 - 98 kW MRC-***HWN1-R(C) MRC-062HWN1-R(C) MRC-075HWN1-R(C) MRC-085HWN1-R(C) MRC-100HWN1-R(C MRC-125HWN1-R(C) MRC-150HWN1-R(C) MRC-175HWN1-R(C) MRC-200HWN1-R(C) MRC-250HWN1-R(C) MRC-300HWN1-R(C) MIDEA \u0420\u0443\u0444\u0442\u043e\u043f - Climate Master","isPartOf":{"@id":"https:\/\/climatemaster.ge\/#website"},"primaryImageOfPage":{"@id":"https:\/\/climatemaster.ge\/az\/product\/rooftop-mrc-series-22-98-kw-mrc-hwn1-rc-mrc-062hwn1-rc-mrc-075hwn1-rc-mrc-085hwn1-rc-mrc-100hwn1-rc-mrc-125hwn1-rc-mrc-150hwn1-rc-mrc-175hwn1-rc-mrc-200hwn1-rc-mrc-250hwn1-rc\/#primaryimage"},"image":{"@id":"https:\/\/climatemaster.ge\/az\/product\/rooftop-mrc-series-22-98-kw-mrc-hwn1-rc-mrc-062hwn1-rc-mrc-075hwn1-rc-mrc-085hwn1-rc-mrc-100hwn1-rc-mrc-125hwn1-rc-mrc-150hwn1-rc-mrc-175hwn1-rc-mrc-200hwn1-rc-mrc-250hwn1-rc\/#primaryimage"},"thumbnailUrl":"https:\/\/climatemaster.ge\/wp-content\/uploads\/2025\/11\/MRC-2_RESULT.webp","datePublished":"2025-11-01T17:18:45+00:00","dateModified":"2025-11-01T17:28:17+00:00","breadcrumb":{"@id":"https:\/\/climatemaster.ge\/az\/product\/rooftop-mrc-series-22-98-kw-mrc-hwn1-rc-mrc-062hwn1-rc-mrc-075hwn1-rc-mrc-085hwn1-rc-mrc-100hwn1-rc-mrc-125hwn1-rc-mrc-150hwn1-rc-mrc-175hwn1-rc-mrc-200hwn1-rc-mrc-250hwn1-rc\/#breadcrumb"},"inLanguage":"az","potentialAction":[{"@type":"ReadAction","target":["https:\/\/climatemaster.ge\/az\/product\/rooftop-mrc-series-22-98-kw-mrc-hwn1-rc-mrc-062hwn1-rc-mrc-075hwn1-rc-mrc-085hwn1-rc-mrc-100hwn1-rc-mrc-125hwn1-rc-mrc-150hwn1-rc-mrc-175hwn1-rc-mrc-200hwn1-rc-mrc-250hwn1-rc\/"]}]},{"@type":"ImageObject","inLanguage":"az","@id":"https:\/\/climatemaster.ge\/az\/product\/rooftop-mrc-series-22-98-kw-mrc-hwn1-rc-mrc-062hwn1-rc-mrc-075hwn1-rc-mrc-085hwn1-rc-mrc-100hwn1-rc-mrc-125hwn1-rc-mrc-150hwn1-rc-mrc-175hwn1-rc-mrc-200hwn1-rc-mrc-250hwn1-rc\/#primaryimage","url":"https:\/\/climatemaster.ge\/wp-content\/uploads\/2025\/11\/MRC-2_RESULT.webp","contentUrl":"https:\/\/climatemaster.ge\/wp-content\/uploads\/2025\/11\/MRC-2_RESULT.webp","width":768,"height":768},{"@type":"BreadcrumbList","@id":"https:\/\/climatemaster.ge\/az\/product\/rooftop-mrc-series-22-98-kw-mrc-hwn1-rc-mrc-062hwn1-rc-mrc-075hwn1-rc-mrc-085hwn1-rc-mrc-100hwn1-rc-mrc-125hwn1-rc-mrc-150hwn1-rc-mrc-175hwn1-rc-mrc-200hwn1-rc-mrc-250hwn1-rc\/#breadcrumb","itemListElement":[{"@type":"ListItem","position":1,"name":"Home","item":"https:\/\/climatemaster.ge\/"},{"@type":"ListItem","position":2,"name":"M\u0259hsullar","item":"https:\/\/climatemaster.ge\/products\/"},{"@type":"ListItem","position":3,"name":"Dam \u00fcst\u00fc kondisioner MRC Series 22 &#8211; 98 kW MRC-***HWN1-R(C) MRC-062HWN1-R(C) MRC-075HWN1-R(C) MRC-085HWN1-R(C) MRC-100HWN1-R(C MRC-125HWN1-R(C) MRC-150HWN1-R(C) MRC-175HWN1-R(C) MRC-200HWN1-R(C) MRC-250HWN1-R(C) MRC-300HWN1-R(C) MIDEA \u0420\u0443\u0444\u0442\u043e\u043f"}]},{"@type":"WebSite","@id":"https:\/\/climatemaster.ge\/#website","url":"https:\/\/climatemaster.ge\/","name":"Climate Master","description":"","publisher":{"@id":"https:\/\/climatemaster.ge\/#organization"},"potentialAction":[{"@type":"SearchAction","target":{"@type":"EntryPoint","urlTemplate":"https:\/\/climatemaster.ge\/?s={search_term_string}"},"query-input":{"@type":"PropertyValueSpecification","valueRequired":true,"valueName":"search_term_string"}}],"inLanguage":"az"},{"@type":"Organization","@id":"https:\/\/climatemaster.ge\/#organization","name":"Climate Master","url":"https:\/\/climatemaster.ge\/","logo":{"@type":"ImageObject","inLanguage":"az","@id":"https:\/\/climatemaster.ge\/#\/schema\/logo\/image\/","url":"https:\/\/climatemaster.ge\/wp-content\/uploads\/2026\/03\/Untitled-2.png","contentUrl":"https:\/\/climatemaster.ge\/wp-content\/uploads\/2026\/03\/Untitled-2.png","width":600,"height":338,"caption":"Climate Master"},"image":{"@id":"https:\/\/climatemaster.ge\/#\/schema\/logo\/image\/"}}]}},"_links":{"self":[{"href":"https:\/\/climatemaster.ge\/az\/wp-json\/wp\/v2\/product\/43578","targetHints":{"allow":["GET"]}}],"collection":[{"href":"https:\/\/climatemaster.ge\/az\/wp-json\/wp\/v2\/product"}],"about":[{"href":"https:\/\/climatemaster.ge\/az\/wp-json\/wp\/v2\/types\/product"}],"wp:featuredmedia":[{"embeddable":true,"href":"https:\/\/climatemaster.ge\/az\/wp-json\/wp\/v2\/media\/43554"}],"wp:attachment":[{"href":"https:\/\/climatemaster.ge\/az\/wp-json\/wp\/v2\/media?parent=43578"}],"wp:term":[{"taxonomy":"product_brand","embeddable":true,"href":"https:\/\/climatemaster.ge\/az\/wp-json\/wp\/v2\/product_brand?post=43578"},{"taxonomy":"product_cat","embeddable":true,"href":"https:\/\/climatemaster.ge\/az\/wp-json\/wp\/v2\/product_cat?post=43578"},{"taxonomy":"product_tag","embeddable":true,"href":"https:\/\/climatemaster.ge\/az\/wp-json\/wp\/v2\/product_tag?post=43578"}],"curies":[{"name":"wp","href":"https:\/\/api.w.org\/{rel}","templated":true}]}}