{"id":43538,"date":"2025-10-25T22:44:51","date_gmt":"2025-10-25T18:44:51","guid":{"rendered":"https:\/\/airsystems.ge\/shop\/product\/multi-split-ac-indoor-unit-one-way-cassette-mcb-series-mcb-1nxd0-q-mcbu-09hrfn8-qw-mcbu-12hrfn8-qw-mcbu-18hrfn8-qw-midea\/"},"modified":"2025-10-25T22:52:20","modified_gmt":"2025-10-25T18:52:20","slug":"multi-split-ac-indoor-unit-one-way-cassette-mcb-series-mcb-1nxd0-q-mcbu-09hrfn8-qw-mcbu-12hrfn8-qw-mcbu-18hrfn8-qw-midea","status":"publish","type":"product","link":"https:\/\/climatemaster.ge\/az\/product\/multi-split-ac-indoor-unit-one-way-cassette-mcb-series-mcb-1nxd0-q-mcbu-09hrfn8-qw-mcbu-12hrfn8-qw-mcbu-18hrfn8-qw-midea\/","title":{"rendered":"\u00c7oxlu b\u00f6l\u00fcnm\u00fc\u015f kondisioner  Daxili b\u00f6lm\u0259  Birt\u0259r\u0259fli kaset MCB seriyas\u0131 MCB-1**NXD0-Q MCBU-09HRFN8-QW MCBU-12HRFN8-QW MCBU-18HRFN8-QW  MIDEA"},"content":{"rendered":"","protected":false},"excerpt":{"rendered":"<h1>Birt\u0259r\u0259fli kaset MCB seriyas\u0131<\/h1>\n<p>M\u0259hsul x\u00fcsusiyy\u0259tl\u0259ri<\/p>\n<p>T\u0259f\u0259rr\u00fcatlar<\/p>\n<p>\u0130nverter texnologiyas\u0131<\/p>\n<p>\u0130nc\u0259 dizayn<\/p>\n<p>Asan qura\u015fd\u0131rma<\/p>\n<p>S\u0259ssiz i\u015fl\u0259m\u0259<\/p>\n","protected":false},"featured_media":43532,"template":"","meta":[],"product_brand":[],"product_cat":[2005],"product_tag":[],"class_list":{"0":"post-43538","1":"product","2":"type-product","3":"status-publish","4":"has-post-thumbnail","6":"product_cat-coxlu-split-kondisioner","8":"first","9":"instock","10":"shipping-taxable","11":"product-type-simple"},"yoast_head":"<!-- This site is optimized with the Yoast SEO plugin v27.1.1 - https:\/\/yoast.com\/product\/yoast-seo-wordpress\/ -->\n<title>\u00c7oxlu b\u00f6l\u00fcnm\u00fc\u015f kondisioner Daxili b\u00f6lm\u0259 Birt\u0259r\u0259fli kaset MCB seriyas\u0131 MCB-1**NXD0-Q MCBU-09HRFN8-QW MCBU-12HRFN8-QW MCBU-18HRFN8-QW MIDEA - Climate Master<\/title>\n<meta name=\"robots\" content=\"index, follow, max-snippet:-1, max-image-preview:large, max-video-preview:-1\" \/>\n<link rel=\"canonical\" href=\"https:\/\/climatemaster.ge\/az\/product\/multi-split-ac-indoor-unit-one-way-cassette-mcb-series-mcb-1nxd0-q-mcbu-09hrfn8-qw-mcbu-12hrfn8-qw-mcbu-18hrfn8-qw-midea\/\" \/>\n<meta property=\"og:locale\" content=\"az_AZ\" \/>\n<meta property=\"og:type\" content=\"article\" \/>\n<meta property=\"og:title\" content=\"\u00c7oxlu b\u00f6l\u00fcnm\u00fc\u015f kondisioner Daxili b\u00f6lm\u0259 Birt\u0259r\u0259fli kaset MCB seriyas\u0131 MCB-1**NXD0-Q MCBU-09HRFN8-QW MCBU-12HRFN8-QW MCBU-18HRFN8-QW MIDEA - Climate Master\" \/>\n<meta property=\"og:description\" content=\"Birt\u0259r\u0259fli kaset MCB seriyas\u0131 M\u0259hsul x\u00fcsusiyy\u0259tl\u0259ri  T\u0259f\u0259rr\u00fcatlar  \u0130nverter texnologiyas\u0131  \u0130nc\u0259 dizayn  Asan qura\u015fd\u0131rma  S\u0259ssiz i\u015fl\u0259m\u0259\" \/>\n<meta property=\"og:url\" content=\"https:\/\/climatemaster.ge\/az\/product\/multi-split-ac-indoor-unit-one-way-cassette-mcb-series-mcb-1nxd0-q-mcbu-09hrfn8-qw-mcbu-12hrfn8-qw-mcbu-18hrfn8-qw-midea\/\" \/>\n<meta property=\"og:site_name\" content=\"Climate Master\" \/>\n<meta property=\"article:modified_time\" content=\"2025-10-25T18:52:20+00:00\" \/>\n<meta property=\"og:image\" content=\"https:\/\/climatemaster.ge\/wp-content\/uploads\/2025\/10\/ONE-WAY-CASSETTE-RIGHT_OG.webp\" \/>\n\t<meta property=\"og:image:width\" content=\"764\" \/>\n\t<meta property=\"og:image:height\" content=\"509\" \/>\n\t<meta property=\"og:image:type\" content=\"image\/webp\" \/>\n<meta name=\"twitter:card\" content=\"summary_large_image\" \/>\n<script type=\"application\/ld+json\" class=\"yoast-schema-graph\">{\"@context\":\"https:\/\/schema.org\",\"@graph\":[{\"@type\":\"WebPage\",\"@id\":\"https:\/\/climatemaster.ge\/az\/product\/multi-split-ac-indoor-unit-one-way-cassette-mcb-series-mcb-1nxd0-q-mcbu-09hrfn8-qw-mcbu-12hrfn8-qw-mcbu-18hrfn8-qw-midea\/\",\"url\":\"https:\/\/climatemaster.ge\/az\/product\/multi-split-ac-indoor-unit-one-way-cassette-mcb-series-mcb-1nxd0-q-mcbu-09hrfn8-qw-mcbu-12hrfn8-qw-mcbu-18hrfn8-qw-midea\/\",\"name\":\"\u00c7oxlu b\u00f6l\u00fcnm\u00fc\u015f kondisioner Daxili b\u00f6lm\u0259 Birt\u0259r\u0259fli kaset MCB seriyas\u0131 MCB-1**NXD0-Q MCBU-09HRFN8-QW MCBU-12HRFN8-QW MCBU-18HRFN8-QW MIDEA - Climate Master\",\"isPartOf\":{\"@id\":\"https:\/\/climatemaster.ge\/#website\"},\"primaryImageOfPage\":{\"@id\":\"https:\/\/climatemaster.ge\/az\/product\/multi-split-ac-indoor-unit-one-way-cassette-mcb-series-mcb-1nxd0-q-mcbu-09hrfn8-qw-mcbu-12hrfn8-qw-mcbu-18hrfn8-qw-midea\/#primaryimage\"},\"image\":{\"@id\":\"https:\/\/climatemaster.ge\/az\/product\/multi-split-ac-indoor-unit-one-way-cassette-mcb-series-mcb-1nxd0-q-mcbu-09hrfn8-qw-mcbu-12hrfn8-qw-mcbu-18hrfn8-qw-midea\/#primaryimage\"},\"thumbnailUrl\":\"https:\/\/climatemaster.ge\/wp-content\/uploads\/2025\/10\/ONE-WAY-CASSETTE-RIGHT_OG.webp\",\"datePublished\":\"2025-10-25T18:44:51+00:00\",\"dateModified\":\"2025-10-25T18:52:20+00:00\",\"breadcrumb\":{\"@id\":\"https:\/\/climatemaster.ge\/az\/product\/multi-split-ac-indoor-unit-one-way-cassette-mcb-series-mcb-1nxd0-q-mcbu-09hrfn8-qw-mcbu-12hrfn8-qw-mcbu-18hrfn8-qw-midea\/#breadcrumb\"},\"inLanguage\":\"az\",\"potentialAction\":[{\"@type\":\"ReadAction\",\"target\":[\"https:\/\/climatemaster.ge\/az\/product\/multi-split-ac-indoor-unit-one-way-cassette-mcb-series-mcb-1nxd0-q-mcbu-09hrfn8-qw-mcbu-12hrfn8-qw-mcbu-18hrfn8-qw-midea\/\"]}]},{\"@type\":\"ImageObject\",\"inLanguage\":\"az\",\"@id\":\"https:\/\/climatemaster.ge\/az\/product\/multi-split-ac-indoor-unit-one-way-cassette-mcb-series-mcb-1nxd0-q-mcbu-09hrfn8-qw-mcbu-12hrfn8-qw-mcbu-18hrfn8-qw-midea\/#primaryimage\",\"url\":\"https:\/\/climatemaster.ge\/wp-content\/uploads\/2025\/10\/ONE-WAY-CASSETTE-RIGHT_OG.webp\",\"contentUrl\":\"https:\/\/climatemaster.ge\/wp-content\/uploads\/2025\/10\/ONE-WAY-CASSETTE-RIGHT_OG.webp\",\"width\":764,\"height\":509},{\"@type\":\"BreadcrumbList\",\"@id\":\"https:\/\/climatemaster.ge\/az\/product\/multi-split-ac-indoor-unit-one-way-cassette-mcb-series-mcb-1nxd0-q-mcbu-09hrfn8-qw-mcbu-12hrfn8-qw-mcbu-18hrfn8-qw-midea\/#breadcrumb\",\"itemListElement\":[{\"@type\":\"ListItem\",\"position\":1,\"name\":\"Home\",\"item\":\"https:\/\/climatemaster.ge\/\"},{\"@type\":\"ListItem\",\"position\":2,\"name\":\"M\u0259hsullar\",\"item\":\"https:\/\/climatemaster.ge\/products\/\"},{\"@type\":\"ListItem\",\"position\":3,\"name\":\"\u00c7oxlu b\u00f6l\u00fcnm\u00fc\u015f kondisioner Daxili b\u00f6lm\u0259 Birt\u0259r\u0259fli kaset MCB seriyas\u0131 MCB-1**NXD0-Q MCBU-09HRFN8-QW MCBU-12HRFN8-QW MCBU-18HRFN8-QW MIDEA\"}]},{\"@type\":\"WebSite\",\"@id\":\"https:\/\/climatemaster.ge\/#website\",\"url\":\"https:\/\/climatemaster.ge\/\",\"name\":\"Climate Master\",\"description\":\"\",\"publisher\":{\"@id\":\"https:\/\/climatemaster.ge\/#organization\"},\"potentialAction\":[{\"@type\":\"SearchAction\",\"target\":{\"@type\":\"EntryPoint\",\"urlTemplate\":\"https:\/\/climatemaster.ge\/?s={search_term_string}\"},\"query-input\":{\"@type\":\"PropertyValueSpecification\",\"valueRequired\":true,\"valueName\":\"search_term_string\"}}],\"inLanguage\":\"az\"},{\"@type\":\"Organization\",\"@id\":\"https:\/\/climatemaster.ge\/#organization\",\"name\":\"Climate Master\",\"url\":\"https:\/\/climatemaster.ge\/\",\"logo\":{\"@type\":\"ImageObject\",\"inLanguage\":\"az\",\"@id\":\"https:\/\/climatemaster.ge\/#\/schema\/logo\/image\/\",\"url\":\"https:\/\/climatemaster.ge\/wp-content\/uploads\/2026\/03\/Untitled-2.png\",\"contentUrl\":\"https:\/\/climatemaster.ge\/wp-content\/uploads\/2026\/03\/Untitled-2.png\",\"width\":600,\"height\":338,\"caption\":\"Climate Master\"},\"image\":{\"@id\":\"https:\/\/climatemaster.ge\/#\/schema\/logo\/image\/\"}}]}<\/script>\n<!-- \/ Yoast SEO plugin. -->","yoast_head_json":{"title":"\u00c7oxlu b\u00f6l\u00fcnm\u00fc\u015f kondisioner Daxili b\u00f6lm\u0259 Birt\u0259r\u0259fli kaset MCB seriyas\u0131 MCB-1**NXD0-Q MCBU-09HRFN8-QW MCBU-12HRFN8-QW MCBU-18HRFN8-QW MIDEA - Climate Master","robots":{"index":"index","follow":"follow","max-snippet":"max-snippet:-1","max-image-preview":"max-image-preview:large","max-video-preview":"max-video-preview:-1"},"canonical":"https:\/\/climatemaster.ge\/az\/product\/multi-split-ac-indoor-unit-one-way-cassette-mcb-series-mcb-1nxd0-q-mcbu-09hrfn8-qw-mcbu-12hrfn8-qw-mcbu-18hrfn8-qw-midea\/","og_locale":"az_AZ","og_type":"article","og_title":"\u00c7oxlu b\u00f6l\u00fcnm\u00fc\u015f kondisioner Daxili b\u00f6lm\u0259 Birt\u0259r\u0259fli kaset MCB seriyas\u0131 MCB-1**NXD0-Q MCBU-09HRFN8-QW MCBU-12HRFN8-QW MCBU-18HRFN8-QW MIDEA - Climate Master","og_description":"Birt\u0259r\u0259fli kaset MCB seriyas\u0131 M\u0259hsul x\u00fcsusiyy\u0259tl\u0259ri  T\u0259f\u0259rr\u00fcatlar  \u0130nverter texnologiyas\u0131  \u0130nc\u0259 dizayn  Asan qura\u015fd\u0131rma  S\u0259ssiz i\u015fl\u0259m\u0259","og_url":"https:\/\/climatemaster.ge\/az\/product\/multi-split-ac-indoor-unit-one-way-cassette-mcb-series-mcb-1nxd0-q-mcbu-09hrfn8-qw-mcbu-12hrfn8-qw-mcbu-18hrfn8-qw-midea\/","og_site_name":"Climate Master","article_modified_time":"2025-10-25T18:52:20+00:00","og_image":[{"width":764,"height":509,"url":"https:\/\/climatemaster.ge\/wp-content\/uploads\/2025\/10\/ONE-WAY-CASSETTE-RIGHT_OG.webp","type":"image\/webp"}],"twitter_card":"summary_large_image","schema":{"@context":"https:\/\/schema.org","@graph":[{"@type":"WebPage","@id":"https:\/\/climatemaster.ge\/az\/product\/multi-split-ac-indoor-unit-one-way-cassette-mcb-series-mcb-1nxd0-q-mcbu-09hrfn8-qw-mcbu-12hrfn8-qw-mcbu-18hrfn8-qw-midea\/","url":"https:\/\/climatemaster.ge\/az\/product\/multi-split-ac-indoor-unit-one-way-cassette-mcb-series-mcb-1nxd0-q-mcbu-09hrfn8-qw-mcbu-12hrfn8-qw-mcbu-18hrfn8-qw-midea\/","name":"\u00c7oxlu b\u00f6l\u00fcnm\u00fc\u015f kondisioner Daxili b\u00f6lm\u0259 Birt\u0259r\u0259fli kaset MCB seriyas\u0131 MCB-1**NXD0-Q MCBU-09HRFN8-QW MCBU-12HRFN8-QW MCBU-18HRFN8-QW MIDEA - Climate Master","isPartOf":{"@id":"https:\/\/climatemaster.ge\/#website"},"primaryImageOfPage":{"@id":"https:\/\/climatemaster.ge\/az\/product\/multi-split-ac-indoor-unit-one-way-cassette-mcb-series-mcb-1nxd0-q-mcbu-09hrfn8-qw-mcbu-12hrfn8-qw-mcbu-18hrfn8-qw-midea\/#primaryimage"},"image":{"@id":"https:\/\/climatemaster.ge\/az\/product\/multi-split-ac-indoor-unit-one-way-cassette-mcb-series-mcb-1nxd0-q-mcbu-09hrfn8-qw-mcbu-12hrfn8-qw-mcbu-18hrfn8-qw-midea\/#primaryimage"},"thumbnailUrl":"https:\/\/climatemaster.ge\/wp-content\/uploads\/2025\/10\/ONE-WAY-CASSETTE-RIGHT_OG.webp","datePublished":"2025-10-25T18:44:51+00:00","dateModified":"2025-10-25T18:52:20+00:00","breadcrumb":{"@id":"https:\/\/climatemaster.ge\/az\/product\/multi-split-ac-indoor-unit-one-way-cassette-mcb-series-mcb-1nxd0-q-mcbu-09hrfn8-qw-mcbu-12hrfn8-qw-mcbu-18hrfn8-qw-midea\/#breadcrumb"},"inLanguage":"az","potentialAction":[{"@type":"ReadAction","target":["https:\/\/climatemaster.ge\/az\/product\/multi-split-ac-indoor-unit-one-way-cassette-mcb-series-mcb-1nxd0-q-mcbu-09hrfn8-qw-mcbu-12hrfn8-qw-mcbu-18hrfn8-qw-midea\/"]}]},{"@type":"ImageObject","inLanguage":"az","@id":"https:\/\/climatemaster.ge\/az\/product\/multi-split-ac-indoor-unit-one-way-cassette-mcb-series-mcb-1nxd0-q-mcbu-09hrfn8-qw-mcbu-12hrfn8-qw-mcbu-18hrfn8-qw-midea\/#primaryimage","url":"https:\/\/climatemaster.ge\/wp-content\/uploads\/2025\/10\/ONE-WAY-CASSETTE-RIGHT_OG.webp","contentUrl":"https:\/\/climatemaster.ge\/wp-content\/uploads\/2025\/10\/ONE-WAY-CASSETTE-RIGHT_OG.webp","width":764,"height":509},{"@type":"BreadcrumbList","@id":"https:\/\/climatemaster.ge\/az\/product\/multi-split-ac-indoor-unit-one-way-cassette-mcb-series-mcb-1nxd0-q-mcbu-09hrfn8-qw-mcbu-12hrfn8-qw-mcbu-18hrfn8-qw-midea\/#breadcrumb","itemListElement":[{"@type":"ListItem","position":1,"name":"Home","item":"https:\/\/climatemaster.ge\/"},{"@type":"ListItem","position":2,"name":"M\u0259hsullar","item":"https:\/\/climatemaster.ge\/products\/"},{"@type":"ListItem","position":3,"name":"\u00c7oxlu b\u00f6l\u00fcnm\u00fc\u015f kondisioner Daxili b\u00f6lm\u0259 Birt\u0259r\u0259fli kaset MCB seriyas\u0131 MCB-1**NXD0-Q MCBU-09HRFN8-QW MCBU-12HRFN8-QW MCBU-18HRFN8-QW MIDEA"}]},{"@type":"WebSite","@id":"https:\/\/climatemaster.ge\/#website","url":"https:\/\/climatemaster.ge\/","name":"Climate Master","description":"","publisher":{"@id":"https:\/\/climatemaster.ge\/#organization"},"potentialAction":[{"@type":"SearchAction","target":{"@type":"EntryPoint","urlTemplate":"https:\/\/climatemaster.ge\/?s={search_term_string}"},"query-input":{"@type":"PropertyValueSpecification","valueRequired":true,"valueName":"search_term_string"}}],"inLanguage":"az"},{"@type":"Organization","@id":"https:\/\/climatemaster.ge\/#organization","name":"Climate Master","url":"https:\/\/climatemaster.ge\/","logo":{"@type":"ImageObject","inLanguage":"az","@id":"https:\/\/climatemaster.ge\/#\/schema\/logo\/image\/","url":"https:\/\/climatemaster.ge\/wp-content\/uploads\/2026\/03\/Untitled-2.png","contentUrl":"https:\/\/climatemaster.ge\/wp-content\/uploads\/2026\/03\/Untitled-2.png","width":600,"height":338,"caption":"Climate Master"},"image":{"@id":"https:\/\/climatemaster.ge\/#\/schema\/logo\/image\/"}}]}},"_links":{"self":[{"href":"https:\/\/climatemaster.ge\/az\/wp-json\/wp\/v2\/product\/43538","targetHints":{"allow":["GET"]}}],"collection":[{"href":"https:\/\/climatemaster.ge\/az\/wp-json\/wp\/v2\/product"}],"about":[{"href":"https:\/\/climatemaster.ge\/az\/wp-json\/wp\/v2\/types\/product"}],"wp:featuredmedia":[{"embeddable":true,"href":"https:\/\/climatemaster.ge\/az\/wp-json\/wp\/v2\/media\/43532"}],"wp:attachment":[{"href":"https:\/\/climatemaster.ge\/az\/wp-json\/wp\/v2\/media?parent=43538"}],"wp:term":[{"taxonomy":"product_brand","embeddable":true,"href":"https:\/\/climatemaster.ge\/az\/wp-json\/wp\/v2\/product_brand?post=43538"},{"taxonomy":"product_cat","embeddable":true,"href":"https:\/\/climatemaster.ge\/az\/wp-json\/wp\/v2\/product_cat?post=43538"},{"taxonomy":"product_tag","embeddable":true,"href":"https:\/\/climatemaster.ge\/az\/wp-json\/wp\/v2\/product_tag?post=43538"}],"curies":[{"name":"wp","href":"https:\/\/api.w.org\/{rel}","templated":true}]}}