{"id":43506,"date":"2025-10-25T22:25:44","date_gmt":"2025-10-25T18:25:44","guid":{"rendered":"https:\/\/airsystems.ge\/shop\/product\/multi-split-ac-indoor-unit-wall-mounted-xt-series-9-18-kbtu-xt-n8d6-i-xt-09n8d6-i-xt-12n8d6-i-xt-18n8d6-i-midea\/"},"modified":"2025-10-25T22:32:00","modified_gmt":"2025-10-25T18:32:00","slug":"multi-split-ac-indoor-unit-wall-mounted-xt-series-9-18-kbtu-xt-n8d6-i-xt-09n8d6-i-xt-12n8d6-i-xt-18n8d6-i-midea","status":"publish","type":"product","link":"https:\/\/climatemaster.ge\/az\/product\/multi-split-ac-indoor-unit-wall-mounted-xt-series-9-18-kbtu-xt-n8d6-i-xt-09n8d6-i-xt-12n8d6-i-xt-18n8d6-i-midea\/","title":{"rendered":"\u00c7oxlu b\u00f6l\u00fcnm\u00fc\u015f kondisioner  Daxili Blok  Divara Montajl\u0131 XT Seriyas\u0131 9 &#8211; 18 KBTU XT-**N8D6-I XT-09N8D6-I XT-12N8D6-I XT-18N8D6-I  MIDEA"},"content":{"rendered":"","protected":false},"excerpt":{"rendered":"<h1>Divara Montajl\u0131 XT Seriyas\u0131<\/h1>\n<p>M\u0259hsul x\u00fcsusiyy\u0259tl\u0259ri<\/p>\n<p>\u00c7oxlu b\u00f6l\u00fcnm\u00fc\u015f sistemin divara montajl\u0131 tipli daxili b\u00f6lm\u0259si<\/p>\n<p>Q\u0131z\u0131l\u0131 v\u0259 g\u00fcm\u00fc\u015f r\u0259ngl\u0259rd\u0259 m\u00f6vcuddur<br \/>\n4 r\u0259ng panel m\u00f6vcuddur: Q\u0131z\u0131l\u0131, G\u00fcm\u00fc\u015f, Mavi v\u0259 Ya\u015f\u0131l<br \/>\nAsanl\u0131qla d\u0259yi\u015fdiril\u0259 bil\u0259n r\u0259ng paneli<br \/>\n1W G\u00f6zl\u0259m\u0259 Texnologiyas\u0131<br \/>\n3 S\u00fcr\u0259tli \u0130nverter Texnologiyas\u0131<br \/>\n\u015eaquli v\u0259 \u00fcf\u00fcqi Luvr Yell\u0259nc\u0259k Funksiyas\u0131<br \/>\nUzaqdan idar\u0259etm\u0259 pultu<br \/>\nSterilizasiya Funksiyas\u0131<br \/>\nSoyuq m\u00fchit temperaturunda t\u0259sirli<br \/>\nSon d\u0259r\u0259c\u0259 s\u0259ssiz i\u015fl\u0259m\u0259<\/p>\n","protected":false},"featured_media":43465,"template":"","meta":[],"product_brand":[],"product_cat":[2005],"product_tag":[],"class_list":{"0":"post-43506","1":"product","2":"type-product","3":"status-publish","4":"has-post-thumbnail","6":"product_cat-coxlu-split-kondisioner","8":"first","9":"instock","10":"shipping-taxable","11":"product-type-simple"},"yoast_head":"<!-- This site is optimized with the Yoast SEO plugin v27.1.1 - https:\/\/yoast.com\/product\/yoast-seo-wordpress\/ -->\n<title>\u00c7oxlu b\u00f6l\u00fcnm\u00fc\u015f kondisioner Daxili Blok Divara Montajl\u0131 XT Seriyas\u0131 9 - 18 KBTU XT-**N8D6-I XT-09N8D6-I XT-12N8D6-I XT-18N8D6-I MIDEA - Climate Master<\/title>\n<meta name=\"robots\" content=\"index, follow, max-snippet:-1, max-image-preview:large, max-video-preview:-1\" \/>\n<link rel=\"canonical\" href=\"https:\/\/climatemaster.ge\/az\/product\/multi-split-ac-indoor-unit-wall-mounted-xt-series-9-18-kbtu-xt-n8d6-i-xt-09n8d6-i-xt-12n8d6-i-xt-18n8d6-i-midea\/\" \/>\n<meta property=\"og:locale\" content=\"az_AZ\" \/>\n<meta property=\"og:type\" content=\"article\" \/>\n<meta property=\"og:title\" content=\"\u00c7oxlu b\u00f6l\u00fcnm\u00fc\u015f kondisioner Daxili Blok Divara Montajl\u0131 XT Seriyas\u0131 9 - 18 KBTU XT-**N8D6-I XT-09N8D6-I XT-12N8D6-I XT-18N8D6-I MIDEA - Climate Master\" \/>\n<meta property=\"og:description\" content=\"Divara Montajl\u0131 XT Seriyas\u0131 M\u0259hsul x\u00fcsusiyy\u0259tl\u0259ri  \u00c7oxlu b\u00f6l\u00fcnm\u00fc\u015f sistemin divara montajl\u0131 tipli daxili b\u00f6lm\u0259si  Q\u0131z\u0131l\u0131 v\u0259 g\u00fcm\u00fc\u015f r\u0259ngl\u0259rd\u0259 m\u00f6vcuddur 4 r\u0259ng panel m\u00f6vcuddur: Q\u0131z\u0131l\u0131, G\u00fcm\u00fc\u015f, Mavi v\u0259 Ya\u015f\u0131l Asanl\u0131qla d\u0259yi\u015fdiril\u0259 bil\u0259n r\u0259ng paneli 1W G\u00f6zl\u0259m\u0259 Texnologiyas\u0131 3 S\u00fcr\u0259tli \u0130nverter Texnologiyas\u0131 \u015eaquli v\u0259 \u00fcf\u00fcqi Luvr Yell\u0259nc\u0259k Funksiyas\u0131 Uzaqdan idar\u0259etm\u0259 pultu Sterilizasiya Funksiyas\u0131 Soyuq m\u00fchit temperaturunda t\u0259sirli Son d\u0259r\u0259c\u0259 s\u0259ssiz i\u015fl\u0259m\u0259\" \/>\n<meta property=\"og:url\" content=\"https:\/\/climatemaster.ge\/az\/product\/multi-split-ac-indoor-unit-wall-mounted-xt-series-9-18-kbtu-xt-n8d6-i-xt-09n8d6-i-xt-12n8d6-i-xt-18n8d6-i-midea\/\" \/>\n<meta property=\"og:site_name\" content=\"Climate Master\" \/>\n<meta property=\"article:modified_time\" content=\"2025-10-25T18:32:00+00:00\" \/>\n<meta property=\"og:image\" content=\"https:\/\/climatemaster.ge\/wp-content\/uploads\/2025\/10\/Gold-right-open-scaled.jpg\" \/>\n\t<meta property=\"og:image:width\" content=\"2560\" \/>\n\t<meta property=\"og:image:height\" content=\"1440\" \/>\n\t<meta property=\"og:image:type\" content=\"image\/jpeg\" \/>\n<meta name=\"twitter:card\" content=\"summary_large_image\" \/>\n<script type=\"application\/ld+json\" class=\"yoast-schema-graph\">{\"@context\":\"https:\/\/schema.org\",\"@graph\":[{\"@type\":\"WebPage\",\"@id\":\"https:\/\/climatemaster.ge\/az\/product\/multi-split-ac-indoor-unit-wall-mounted-xt-series-9-18-kbtu-xt-n8d6-i-xt-09n8d6-i-xt-12n8d6-i-xt-18n8d6-i-midea\/\",\"url\":\"https:\/\/climatemaster.ge\/az\/product\/multi-split-ac-indoor-unit-wall-mounted-xt-series-9-18-kbtu-xt-n8d6-i-xt-09n8d6-i-xt-12n8d6-i-xt-18n8d6-i-midea\/\",\"name\":\"\u00c7oxlu b\u00f6l\u00fcnm\u00fc\u015f kondisioner Daxili Blok Divara Montajl\u0131 XT Seriyas\u0131 9 - 18 KBTU XT-**N8D6-I XT-09N8D6-I XT-12N8D6-I XT-18N8D6-I MIDEA - Climate Master\",\"isPartOf\":{\"@id\":\"https:\/\/climatemaster.ge\/#website\"},\"primaryImageOfPage\":{\"@id\":\"https:\/\/climatemaster.ge\/az\/product\/multi-split-ac-indoor-unit-wall-mounted-xt-series-9-18-kbtu-xt-n8d6-i-xt-09n8d6-i-xt-12n8d6-i-xt-18n8d6-i-midea\/#primaryimage\"},\"image\":{\"@id\":\"https:\/\/climatemaster.ge\/az\/product\/multi-split-ac-indoor-unit-wall-mounted-xt-series-9-18-kbtu-xt-n8d6-i-xt-09n8d6-i-xt-12n8d6-i-xt-18n8d6-i-midea\/#primaryimage\"},\"thumbnailUrl\":\"https:\/\/climatemaster.ge\/wp-content\/uploads\/2025\/10\/Gold-right-open-scaled.jpg\",\"datePublished\":\"2025-10-25T18:25:44+00:00\",\"dateModified\":\"2025-10-25T18:32:00+00:00\",\"breadcrumb\":{\"@id\":\"https:\/\/climatemaster.ge\/az\/product\/multi-split-ac-indoor-unit-wall-mounted-xt-series-9-18-kbtu-xt-n8d6-i-xt-09n8d6-i-xt-12n8d6-i-xt-18n8d6-i-midea\/#breadcrumb\"},\"inLanguage\":\"az\",\"potentialAction\":[{\"@type\":\"ReadAction\",\"target\":[\"https:\/\/climatemaster.ge\/az\/product\/multi-split-ac-indoor-unit-wall-mounted-xt-series-9-18-kbtu-xt-n8d6-i-xt-09n8d6-i-xt-12n8d6-i-xt-18n8d6-i-midea\/\"]}]},{\"@type\":\"ImageObject\",\"inLanguage\":\"az\",\"@id\":\"https:\/\/climatemaster.ge\/az\/product\/multi-split-ac-indoor-unit-wall-mounted-xt-series-9-18-kbtu-xt-n8d6-i-xt-09n8d6-i-xt-12n8d6-i-xt-18n8d6-i-midea\/#primaryimage\",\"url\":\"https:\/\/climatemaster.ge\/wp-content\/uploads\/2025\/10\/Gold-right-open-scaled.jpg\",\"contentUrl\":\"https:\/\/climatemaster.ge\/wp-content\/uploads\/2025\/10\/Gold-right-open-scaled.jpg\",\"width\":2560,\"height\":1440},{\"@type\":\"BreadcrumbList\",\"@id\":\"https:\/\/climatemaster.ge\/az\/product\/multi-split-ac-indoor-unit-wall-mounted-xt-series-9-18-kbtu-xt-n8d6-i-xt-09n8d6-i-xt-12n8d6-i-xt-18n8d6-i-midea\/#breadcrumb\",\"itemListElement\":[{\"@type\":\"ListItem\",\"position\":1,\"name\":\"Home\",\"item\":\"https:\/\/climatemaster.ge\/\"},{\"@type\":\"ListItem\",\"position\":2,\"name\":\"M\u0259hsullar\",\"item\":\"https:\/\/climatemaster.ge\/products\/\"},{\"@type\":\"ListItem\",\"position\":3,\"name\":\"\u00c7oxlu b\u00f6l\u00fcnm\u00fc\u015f kondisioner Daxili Blok Divara Montajl\u0131 XT Seriyas\u0131 9 &#8211; 18 KBTU XT-**N8D6-I XT-09N8D6-I XT-12N8D6-I XT-18N8D6-I MIDEA\"}]},{\"@type\":\"WebSite\",\"@id\":\"https:\/\/climatemaster.ge\/#website\",\"url\":\"https:\/\/climatemaster.ge\/\",\"name\":\"Climate Master\",\"description\":\"\",\"publisher\":{\"@id\":\"https:\/\/climatemaster.ge\/#organization\"},\"potentialAction\":[{\"@type\":\"SearchAction\",\"target\":{\"@type\":\"EntryPoint\",\"urlTemplate\":\"https:\/\/climatemaster.ge\/?s={search_term_string}\"},\"query-input\":{\"@type\":\"PropertyValueSpecification\",\"valueRequired\":true,\"valueName\":\"search_term_string\"}}],\"inLanguage\":\"az\"},{\"@type\":\"Organization\",\"@id\":\"https:\/\/climatemaster.ge\/#organization\",\"name\":\"Climate Master\",\"url\":\"https:\/\/climatemaster.ge\/\",\"logo\":{\"@type\":\"ImageObject\",\"inLanguage\":\"az\",\"@id\":\"https:\/\/climatemaster.ge\/#\/schema\/logo\/image\/\",\"url\":\"https:\/\/climatemaster.ge\/wp-content\/uploads\/2026\/03\/Untitled-2.png\",\"contentUrl\":\"https:\/\/climatemaster.ge\/wp-content\/uploads\/2026\/03\/Untitled-2.png\",\"width\":600,\"height\":338,\"caption\":\"Climate Master\"},\"image\":{\"@id\":\"https:\/\/climatemaster.ge\/#\/schema\/logo\/image\/\"}}]}<\/script>\n<!-- \/ Yoast SEO plugin. -->","yoast_head_json":{"title":"\u00c7oxlu b\u00f6l\u00fcnm\u00fc\u015f kondisioner Daxili Blok Divara Montajl\u0131 XT Seriyas\u0131 9 - 18 KBTU XT-**N8D6-I XT-09N8D6-I XT-12N8D6-I XT-18N8D6-I MIDEA - Climate Master","robots":{"index":"index","follow":"follow","max-snippet":"max-snippet:-1","max-image-preview":"max-image-preview:large","max-video-preview":"max-video-preview:-1"},"canonical":"https:\/\/climatemaster.ge\/az\/product\/multi-split-ac-indoor-unit-wall-mounted-xt-series-9-18-kbtu-xt-n8d6-i-xt-09n8d6-i-xt-12n8d6-i-xt-18n8d6-i-midea\/","og_locale":"az_AZ","og_type":"article","og_title":"\u00c7oxlu b\u00f6l\u00fcnm\u00fc\u015f kondisioner Daxili Blok Divara Montajl\u0131 XT Seriyas\u0131 9 - 18 KBTU XT-**N8D6-I XT-09N8D6-I XT-12N8D6-I XT-18N8D6-I MIDEA - Climate Master","og_description":"Divara Montajl\u0131 XT Seriyas\u0131 M\u0259hsul x\u00fcsusiyy\u0259tl\u0259ri  \u00c7oxlu b\u00f6l\u00fcnm\u00fc\u015f sistemin divara montajl\u0131 tipli daxili b\u00f6lm\u0259si  Q\u0131z\u0131l\u0131 v\u0259 g\u00fcm\u00fc\u015f r\u0259ngl\u0259rd\u0259 m\u00f6vcuddur 4 r\u0259ng panel m\u00f6vcuddur: Q\u0131z\u0131l\u0131, G\u00fcm\u00fc\u015f, Mavi v\u0259 Ya\u015f\u0131l Asanl\u0131qla d\u0259yi\u015fdiril\u0259 bil\u0259n r\u0259ng paneli 1W G\u00f6zl\u0259m\u0259 Texnologiyas\u0131 3 S\u00fcr\u0259tli \u0130nverter Texnologiyas\u0131 \u015eaquli v\u0259 \u00fcf\u00fcqi Luvr Yell\u0259nc\u0259k Funksiyas\u0131 Uzaqdan idar\u0259etm\u0259 pultu Sterilizasiya Funksiyas\u0131 Soyuq m\u00fchit temperaturunda t\u0259sirli Son d\u0259r\u0259c\u0259 s\u0259ssiz i\u015fl\u0259m\u0259","og_url":"https:\/\/climatemaster.ge\/az\/product\/multi-split-ac-indoor-unit-wall-mounted-xt-series-9-18-kbtu-xt-n8d6-i-xt-09n8d6-i-xt-12n8d6-i-xt-18n8d6-i-midea\/","og_site_name":"Climate Master","article_modified_time":"2025-10-25T18:32:00+00:00","og_image":[{"width":2560,"height":1440,"url":"https:\/\/climatemaster.ge\/wp-content\/uploads\/2025\/10\/Gold-right-open-scaled.jpg","type":"image\/jpeg"}],"twitter_card":"summary_large_image","schema":{"@context":"https:\/\/schema.org","@graph":[{"@type":"WebPage","@id":"https:\/\/climatemaster.ge\/az\/product\/multi-split-ac-indoor-unit-wall-mounted-xt-series-9-18-kbtu-xt-n8d6-i-xt-09n8d6-i-xt-12n8d6-i-xt-18n8d6-i-midea\/","url":"https:\/\/climatemaster.ge\/az\/product\/multi-split-ac-indoor-unit-wall-mounted-xt-series-9-18-kbtu-xt-n8d6-i-xt-09n8d6-i-xt-12n8d6-i-xt-18n8d6-i-midea\/","name":"\u00c7oxlu b\u00f6l\u00fcnm\u00fc\u015f kondisioner Daxili Blok Divara Montajl\u0131 XT Seriyas\u0131 9 - 18 KBTU XT-**N8D6-I XT-09N8D6-I XT-12N8D6-I XT-18N8D6-I MIDEA - Climate Master","isPartOf":{"@id":"https:\/\/climatemaster.ge\/#website"},"primaryImageOfPage":{"@id":"https:\/\/climatemaster.ge\/az\/product\/multi-split-ac-indoor-unit-wall-mounted-xt-series-9-18-kbtu-xt-n8d6-i-xt-09n8d6-i-xt-12n8d6-i-xt-18n8d6-i-midea\/#primaryimage"},"image":{"@id":"https:\/\/climatemaster.ge\/az\/product\/multi-split-ac-indoor-unit-wall-mounted-xt-series-9-18-kbtu-xt-n8d6-i-xt-09n8d6-i-xt-12n8d6-i-xt-18n8d6-i-midea\/#primaryimage"},"thumbnailUrl":"https:\/\/climatemaster.ge\/wp-content\/uploads\/2025\/10\/Gold-right-open-scaled.jpg","datePublished":"2025-10-25T18:25:44+00:00","dateModified":"2025-10-25T18:32:00+00:00","breadcrumb":{"@id":"https:\/\/climatemaster.ge\/az\/product\/multi-split-ac-indoor-unit-wall-mounted-xt-series-9-18-kbtu-xt-n8d6-i-xt-09n8d6-i-xt-12n8d6-i-xt-18n8d6-i-midea\/#breadcrumb"},"inLanguage":"az","potentialAction":[{"@type":"ReadAction","target":["https:\/\/climatemaster.ge\/az\/product\/multi-split-ac-indoor-unit-wall-mounted-xt-series-9-18-kbtu-xt-n8d6-i-xt-09n8d6-i-xt-12n8d6-i-xt-18n8d6-i-midea\/"]}]},{"@type":"ImageObject","inLanguage":"az","@id":"https:\/\/climatemaster.ge\/az\/product\/multi-split-ac-indoor-unit-wall-mounted-xt-series-9-18-kbtu-xt-n8d6-i-xt-09n8d6-i-xt-12n8d6-i-xt-18n8d6-i-midea\/#primaryimage","url":"https:\/\/climatemaster.ge\/wp-content\/uploads\/2025\/10\/Gold-right-open-scaled.jpg","contentUrl":"https:\/\/climatemaster.ge\/wp-content\/uploads\/2025\/10\/Gold-right-open-scaled.jpg","width":2560,"height":1440},{"@type":"BreadcrumbList","@id":"https:\/\/climatemaster.ge\/az\/product\/multi-split-ac-indoor-unit-wall-mounted-xt-series-9-18-kbtu-xt-n8d6-i-xt-09n8d6-i-xt-12n8d6-i-xt-18n8d6-i-midea\/#breadcrumb","itemListElement":[{"@type":"ListItem","position":1,"name":"Home","item":"https:\/\/climatemaster.ge\/"},{"@type":"ListItem","position":2,"name":"M\u0259hsullar","item":"https:\/\/climatemaster.ge\/products\/"},{"@type":"ListItem","position":3,"name":"\u00c7oxlu b\u00f6l\u00fcnm\u00fc\u015f kondisioner Daxili Blok Divara Montajl\u0131 XT Seriyas\u0131 9 &#8211; 18 KBTU XT-**N8D6-I XT-09N8D6-I XT-12N8D6-I XT-18N8D6-I MIDEA"}]},{"@type":"WebSite","@id":"https:\/\/climatemaster.ge\/#website","url":"https:\/\/climatemaster.ge\/","name":"Climate Master","description":"","publisher":{"@id":"https:\/\/climatemaster.ge\/#organization"},"potentialAction":[{"@type":"SearchAction","target":{"@type":"EntryPoint","urlTemplate":"https:\/\/climatemaster.ge\/?s={search_term_string}"},"query-input":{"@type":"PropertyValueSpecification","valueRequired":true,"valueName":"search_term_string"}}],"inLanguage":"az"},{"@type":"Organization","@id":"https:\/\/climatemaster.ge\/#organization","name":"Climate Master","url":"https:\/\/climatemaster.ge\/","logo":{"@type":"ImageObject","inLanguage":"az","@id":"https:\/\/climatemaster.ge\/#\/schema\/logo\/image\/","url":"https:\/\/climatemaster.ge\/wp-content\/uploads\/2026\/03\/Untitled-2.png","contentUrl":"https:\/\/climatemaster.ge\/wp-content\/uploads\/2026\/03\/Untitled-2.png","width":600,"height":338,"caption":"Climate Master"},"image":{"@id":"https:\/\/climatemaster.ge\/#\/schema\/logo\/image\/"}}]}},"_links":{"self":[{"href":"https:\/\/climatemaster.ge\/az\/wp-json\/wp\/v2\/product\/43506","targetHints":{"allow":["GET"]}}],"collection":[{"href":"https:\/\/climatemaster.ge\/az\/wp-json\/wp\/v2\/product"}],"about":[{"href":"https:\/\/climatemaster.ge\/az\/wp-json\/wp\/v2\/types\/product"}],"wp:featuredmedia":[{"embeddable":true,"href":"https:\/\/climatemaster.ge\/az\/wp-json\/wp\/v2\/media\/43465"}],"wp:attachment":[{"href":"https:\/\/climatemaster.ge\/az\/wp-json\/wp\/v2\/media?parent=43506"}],"wp:term":[{"taxonomy":"product_brand","embeddable":true,"href":"https:\/\/climatemaster.ge\/az\/wp-json\/wp\/v2\/product_brand?post=43506"},{"taxonomy":"product_cat","embeddable":true,"href":"https:\/\/climatemaster.ge\/az\/wp-json\/wp\/v2\/product_cat?post=43506"},{"taxonomy":"product_tag","embeddable":true,"href":"https:\/\/climatemaster.ge\/az\/wp-json\/wp\/v2\/product_tag?post=43506"}],"curies":[{"name":"wp","href":"https:\/\/api.w.org\/{rel}","templated":true}]}}