{"id":43394,"date":"2025-10-25T17:43:40","date_gmt":"2025-10-25T13:43:40","guid":{"rendered":"https:\/\/airsystems.ge\/shop\/product\/multi-split-ac-indoor-unit-wall-mounted-aurora-ab-series-9-24-kbtu-ab-nxd0-m-ab-09nxd0-m-ab-12nxd0-m-ab-18nxd0-m-ab-24nxd0-m-midea\/"},"modified":"2025-10-25T17:48:28","modified_gmt":"2025-10-25T13:48:28","slug":"multi-split-ac-indoor-unit-wall-mounted-aurora-ab-series-9-24-kbtu-ab-nxd0-m-ab-09nxd0-m-ab-12nxd0-m-ab-18nxd0-m-ab-24nxd0-m-midea","status":"publish","type":"product","link":"https:\/\/climatemaster.ge\/az\/product\/multi-split-ac-indoor-unit-wall-mounted-aurora-ab-series-9-24-kbtu-ab-nxd0-m-ab-09nxd0-m-ab-12nxd0-m-ab-18nxd0-m-ab-24nxd0-m-midea\/","title":{"rendered":"\u00c7oxsplit kondisioner  Daxili blok  Divara qura\u015fd\u0131r\u0131lm\u0131\u015f Aurora (AB) seriyas\u0131 9 &#8211; 24 KBTU AB-**NXD0-M AB-09NXD0-M AB-12NXD0-M AB-18NXD0-M AB-24NXD0-M  MIDEA"},"content":{"rendered":"","protected":false},"excerpt":{"rendered":"<div id=\"w-node-_99251b19-02be-a60d-3556-d396ae97cee4-875f3092\" class=\"product-inner_img-thumbs-wrapper\">\n<div class=\"product-inner_img-thumb is-active\" data-index=\"0\">\n<section class=\"section_product-inner-hero\">\n<div class=\"padding-global\">\n<div id=\"lg-parent\" class=\"grid\">\n<div id=\"w-node-c63541f9-43bc-1c18-7844-90c28a81f2cb-875f3092\" class=\"product-inner_info-block\">\n<div class=\"product-inner_info-block-inner\">\n<div class=\"product-inner_text-block\">\n<h1>Divara qura\u015fd\u0131r\u0131lm\u0131\u015f Aurora (AB) seriyas\u0131<\/h1>\n<p>M\u0259hsul x\u00fcsusiyy\u0259tl\u0259ri<\/p>\n<p>\u00c7oxsplit sistemin divara qura\u015fd\u0131r\u0131lm\u0131\u015f tipli daxili bloku<\/p>\n<p>3 S\u00fcr\u0259tli \u0130nverter Texnologiyas\u0131<br \/>\n\u015eaquli L\u00f6vh\u0259 Yell\u0259nc\u0259k Funksiyas\u0131<br \/>\nUzaqdan idar\u0259etm\u0259 pultu<br \/>\nSoyuq m\u00fchit temperaturunda t\u0259sirli<br \/>\nS\u0259ssiz \u018fm\u0259liyyat<\/p>\n<\/div>\n<\/div>\n<\/div>\n<\/div>\n<\/div>\n<\/section>\n<\/div>\n<\/div>\n","protected":false},"featured_media":43388,"template":"","meta":[],"product_brand":[],"product_cat":[2005],"product_tag":[],"class_list":{"0":"post-43394","1":"product","2":"type-product","3":"status-publish","4":"has-post-thumbnail","6":"product_cat-coxlu-split-kondisioner","8":"first","9":"instock","10":"shipping-taxable","11":"product-type-simple"},"yoast_head":"<!-- This site is optimized with the Yoast SEO plugin v27.1.1 - https:\/\/yoast.com\/product\/yoast-seo-wordpress\/ -->\n<title>\u00c7oxsplit kondisioner Daxili blok Divara qura\u015fd\u0131r\u0131lm\u0131\u015f Aurora (AB) seriyas\u0131 9 - 24 KBTU AB-**NXD0-M AB-09NXD0-M AB-12NXD0-M AB-18NXD0-M AB-24NXD0-M MIDEA - Climate Master<\/title>\n<meta name=\"robots\" content=\"index, follow, max-snippet:-1, max-image-preview:large, max-video-preview:-1\" \/>\n<link rel=\"canonical\" href=\"https:\/\/climatemaster.ge\/az\/product\/multi-split-ac-indoor-unit-wall-mounted-aurora-ab-series-9-24-kbtu-ab-nxd0-m-ab-09nxd0-m-ab-12nxd0-m-ab-18nxd0-m-ab-24nxd0-m-midea\/\" \/>\n<meta property=\"og:locale\" content=\"az_AZ\" \/>\n<meta property=\"og:type\" content=\"article\" \/>\n<meta property=\"og:title\" content=\"\u00c7oxsplit kondisioner Daxili blok Divara qura\u015fd\u0131r\u0131lm\u0131\u015f Aurora (AB) seriyas\u0131 9 - 24 KBTU AB-**NXD0-M AB-09NXD0-M AB-12NXD0-M AB-18NXD0-M AB-24NXD0-M MIDEA - Climate Master\" \/>\n<meta property=\"og:description\" content=\"Divara qura\u015fd\u0131r\u0131lm\u0131\u015f Aurora (AB) seriyas\u0131 M\u0259hsul x\u00fcsusiyy\u0259tl\u0259ri  \u00c7oxsplit sistemin divara qura\u015fd\u0131r\u0131lm\u0131\u015f tipli daxili bloku  3 S\u00fcr\u0259tli \u0130nverter Texnologiyas\u0131 \u015eaquli L\u00f6vh\u0259 Yell\u0259nc\u0259k Funksiyas\u0131 Uzaqdan idar\u0259etm\u0259 pultu Soyuq m\u00fchit temperaturunda t\u0259sirli S\u0259ssiz \u018fm\u0259liyyat\" \/>\n<meta property=\"og:url\" content=\"https:\/\/climatemaster.ge\/az\/product\/multi-split-ac-indoor-unit-wall-mounted-aurora-ab-series-9-24-kbtu-ab-nxd0-m-ab-09nxd0-m-ab-12nxd0-m-ab-18nxd0-m-ab-24nxd0-m-midea\/\" \/>\n<meta property=\"og:site_name\" content=\"Climate Master\" \/>\n<meta property=\"article:modified_time\" content=\"2025-10-25T13:48:28+00:00\" \/>\n<meta property=\"og:image\" content=\"https:\/\/climatemaster.ge\/wp-content\/uploads\/2025\/10\/MSAB_RESULT.webp\" \/>\n\t<meta property=\"og:image:width\" content=\"768\" \/>\n\t<meta property=\"og:image:height\" content=\"768\" \/>\n\t<meta property=\"og:image:type\" content=\"image\/webp\" \/>\n<meta name=\"twitter:card\" content=\"summary_large_image\" \/>\n<script type=\"application\/ld+json\" class=\"yoast-schema-graph\">{\"@context\":\"https:\/\/schema.org\",\"@graph\":[{\"@type\":\"WebPage\",\"@id\":\"https:\/\/climatemaster.ge\/az\/product\/multi-split-ac-indoor-unit-wall-mounted-aurora-ab-series-9-24-kbtu-ab-nxd0-m-ab-09nxd0-m-ab-12nxd0-m-ab-18nxd0-m-ab-24nxd0-m-midea\/\",\"url\":\"https:\/\/climatemaster.ge\/az\/product\/multi-split-ac-indoor-unit-wall-mounted-aurora-ab-series-9-24-kbtu-ab-nxd0-m-ab-09nxd0-m-ab-12nxd0-m-ab-18nxd0-m-ab-24nxd0-m-midea\/\",\"name\":\"\u00c7oxsplit kondisioner Daxili blok Divara qura\u015fd\u0131r\u0131lm\u0131\u015f Aurora (AB) seriyas\u0131 9 - 24 KBTU AB-**NXD0-M AB-09NXD0-M AB-12NXD0-M AB-18NXD0-M AB-24NXD0-M MIDEA - Climate Master\",\"isPartOf\":{\"@id\":\"https:\/\/climatemaster.ge\/#website\"},\"primaryImageOfPage\":{\"@id\":\"https:\/\/climatemaster.ge\/az\/product\/multi-split-ac-indoor-unit-wall-mounted-aurora-ab-series-9-24-kbtu-ab-nxd0-m-ab-09nxd0-m-ab-12nxd0-m-ab-18nxd0-m-ab-24nxd0-m-midea\/#primaryimage\"},\"image\":{\"@id\":\"https:\/\/climatemaster.ge\/az\/product\/multi-split-ac-indoor-unit-wall-mounted-aurora-ab-series-9-24-kbtu-ab-nxd0-m-ab-09nxd0-m-ab-12nxd0-m-ab-18nxd0-m-ab-24nxd0-m-midea\/#primaryimage\"},\"thumbnailUrl\":\"https:\/\/climatemaster.ge\/wp-content\/uploads\/2025\/10\/MSAB_RESULT.webp\",\"datePublished\":\"2025-10-25T13:43:40+00:00\",\"dateModified\":\"2025-10-25T13:48:28+00:00\",\"breadcrumb\":{\"@id\":\"https:\/\/climatemaster.ge\/az\/product\/multi-split-ac-indoor-unit-wall-mounted-aurora-ab-series-9-24-kbtu-ab-nxd0-m-ab-09nxd0-m-ab-12nxd0-m-ab-18nxd0-m-ab-24nxd0-m-midea\/#breadcrumb\"},\"inLanguage\":\"az\",\"potentialAction\":[{\"@type\":\"ReadAction\",\"target\":[\"https:\/\/climatemaster.ge\/az\/product\/multi-split-ac-indoor-unit-wall-mounted-aurora-ab-series-9-24-kbtu-ab-nxd0-m-ab-09nxd0-m-ab-12nxd0-m-ab-18nxd0-m-ab-24nxd0-m-midea\/\"]}]},{\"@type\":\"ImageObject\",\"inLanguage\":\"az\",\"@id\":\"https:\/\/climatemaster.ge\/az\/product\/multi-split-ac-indoor-unit-wall-mounted-aurora-ab-series-9-24-kbtu-ab-nxd0-m-ab-09nxd0-m-ab-12nxd0-m-ab-18nxd0-m-ab-24nxd0-m-midea\/#primaryimage\",\"url\":\"https:\/\/climatemaster.ge\/wp-content\/uploads\/2025\/10\/MSAB_RESULT.webp\",\"contentUrl\":\"https:\/\/climatemaster.ge\/wp-content\/uploads\/2025\/10\/MSAB_RESULT.webp\",\"width\":768,\"height\":768},{\"@type\":\"BreadcrumbList\",\"@id\":\"https:\/\/climatemaster.ge\/az\/product\/multi-split-ac-indoor-unit-wall-mounted-aurora-ab-series-9-24-kbtu-ab-nxd0-m-ab-09nxd0-m-ab-12nxd0-m-ab-18nxd0-m-ab-24nxd0-m-midea\/#breadcrumb\",\"itemListElement\":[{\"@type\":\"ListItem\",\"position\":1,\"name\":\"Home\",\"item\":\"https:\/\/climatemaster.ge\/\"},{\"@type\":\"ListItem\",\"position\":2,\"name\":\"M\u0259hsullar\",\"item\":\"https:\/\/climatemaster.ge\/products\/\"},{\"@type\":\"ListItem\",\"position\":3,\"name\":\"\u00c7oxsplit kondisioner Daxili blok Divara qura\u015fd\u0131r\u0131lm\u0131\u015f Aurora (AB) seriyas\u0131 9 &#8211; 24 KBTU AB-**NXD0-M AB-09NXD0-M AB-12NXD0-M AB-18NXD0-M AB-24NXD0-M MIDEA\"}]},{\"@type\":\"WebSite\",\"@id\":\"https:\/\/climatemaster.ge\/#website\",\"url\":\"https:\/\/climatemaster.ge\/\",\"name\":\"Climate Master\",\"description\":\"\",\"publisher\":{\"@id\":\"https:\/\/climatemaster.ge\/#organization\"},\"potentialAction\":[{\"@type\":\"SearchAction\",\"target\":{\"@type\":\"EntryPoint\",\"urlTemplate\":\"https:\/\/climatemaster.ge\/?s={search_term_string}\"},\"query-input\":{\"@type\":\"PropertyValueSpecification\",\"valueRequired\":true,\"valueName\":\"search_term_string\"}}],\"inLanguage\":\"az\"},{\"@type\":\"Organization\",\"@id\":\"https:\/\/climatemaster.ge\/#organization\",\"name\":\"Climate Master\",\"url\":\"https:\/\/climatemaster.ge\/\",\"logo\":{\"@type\":\"ImageObject\",\"inLanguage\":\"az\",\"@id\":\"https:\/\/climatemaster.ge\/#\/schema\/logo\/image\/\",\"url\":\"https:\/\/climatemaster.ge\/wp-content\/uploads\/2026\/03\/Untitled-2.png\",\"contentUrl\":\"https:\/\/climatemaster.ge\/wp-content\/uploads\/2026\/03\/Untitled-2.png\",\"width\":600,\"height\":338,\"caption\":\"Climate Master\"},\"image\":{\"@id\":\"https:\/\/climatemaster.ge\/#\/schema\/logo\/image\/\"}}]}<\/script>\n<!-- \/ Yoast SEO plugin. -->","yoast_head_json":{"title":"\u00c7oxsplit kondisioner Daxili blok Divara qura\u015fd\u0131r\u0131lm\u0131\u015f Aurora (AB) seriyas\u0131 9 - 24 KBTU AB-**NXD0-M AB-09NXD0-M AB-12NXD0-M AB-18NXD0-M AB-24NXD0-M MIDEA - Climate Master","robots":{"index":"index","follow":"follow","max-snippet":"max-snippet:-1","max-image-preview":"max-image-preview:large","max-video-preview":"max-video-preview:-1"},"canonical":"https:\/\/climatemaster.ge\/az\/product\/multi-split-ac-indoor-unit-wall-mounted-aurora-ab-series-9-24-kbtu-ab-nxd0-m-ab-09nxd0-m-ab-12nxd0-m-ab-18nxd0-m-ab-24nxd0-m-midea\/","og_locale":"az_AZ","og_type":"article","og_title":"\u00c7oxsplit kondisioner Daxili blok Divara qura\u015fd\u0131r\u0131lm\u0131\u015f Aurora (AB) seriyas\u0131 9 - 24 KBTU AB-**NXD0-M AB-09NXD0-M AB-12NXD0-M AB-18NXD0-M AB-24NXD0-M MIDEA - Climate Master","og_description":"Divara qura\u015fd\u0131r\u0131lm\u0131\u015f Aurora (AB) seriyas\u0131 M\u0259hsul x\u00fcsusiyy\u0259tl\u0259ri  \u00c7oxsplit sistemin divara qura\u015fd\u0131r\u0131lm\u0131\u015f tipli daxili bloku  3 S\u00fcr\u0259tli \u0130nverter Texnologiyas\u0131 \u015eaquli L\u00f6vh\u0259 Yell\u0259nc\u0259k Funksiyas\u0131 Uzaqdan idar\u0259etm\u0259 pultu Soyuq m\u00fchit temperaturunda t\u0259sirli S\u0259ssiz \u018fm\u0259liyyat","og_url":"https:\/\/climatemaster.ge\/az\/product\/multi-split-ac-indoor-unit-wall-mounted-aurora-ab-series-9-24-kbtu-ab-nxd0-m-ab-09nxd0-m-ab-12nxd0-m-ab-18nxd0-m-ab-24nxd0-m-midea\/","og_site_name":"Climate Master","article_modified_time":"2025-10-25T13:48:28+00:00","og_image":[{"width":768,"height":768,"url":"https:\/\/climatemaster.ge\/wp-content\/uploads\/2025\/10\/MSAB_RESULT.webp","type":"image\/webp"}],"twitter_card":"summary_large_image","schema":{"@context":"https:\/\/schema.org","@graph":[{"@type":"WebPage","@id":"https:\/\/climatemaster.ge\/az\/product\/multi-split-ac-indoor-unit-wall-mounted-aurora-ab-series-9-24-kbtu-ab-nxd0-m-ab-09nxd0-m-ab-12nxd0-m-ab-18nxd0-m-ab-24nxd0-m-midea\/","url":"https:\/\/climatemaster.ge\/az\/product\/multi-split-ac-indoor-unit-wall-mounted-aurora-ab-series-9-24-kbtu-ab-nxd0-m-ab-09nxd0-m-ab-12nxd0-m-ab-18nxd0-m-ab-24nxd0-m-midea\/","name":"\u00c7oxsplit kondisioner Daxili blok Divara qura\u015fd\u0131r\u0131lm\u0131\u015f Aurora (AB) seriyas\u0131 9 - 24 KBTU AB-**NXD0-M AB-09NXD0-M AB-12NXD0-M AB-18NXD0-M AB-24NXD0-M MIDEA - Climate Master","isPartOf":{"@id":"https:\/\/climatemaster.ge\/#website"},"primaryImageOfPage":{"@id":"https:\/\/climatemaster.ge\/az\/product\/multi-split-ac-indoor-unit-wall-mounted-aurora-ab-series-9-24-kbtu-ab-nxd0-m-ab-09nxd0-m-ab-12nxd0-m-ab-18nxd0-m-ab-24nxd0-m-midea\/#primaryimage"},"image":{"@id":"https:\/\/climatemaster.ge\/az\/product\/multi-split-ac-indoor-unit-wall-mounted-aurora-ab-series-9-24-kbtu-ab-nxd0-m-ab-09nxd0-m-ab-12nxd0-m-ab-18nxd0-m-ab-24nxd0-m-midea\/#primaryimage"},"thumbnailUrl":"https:\/\/climatemaster.ge\/wp-content\/uploads\/2025\/10\/MSAB_RESULT.webp","datePublished":"2025-10-25T13:43:40+00:00","dateModified":"2025-10-25T13:48:28+00:00","breadcrumb":{"@id":"https:\/\/climatemaster.ge\/az\/product\/multi-split-ac-indoor-unit-wall-mounted-aurora-ab-series-9-24-kbtu-ab-nxd0-m-ab-09nxd0-m-ab-12nxd0-m-ab-18nxd0-m-ab-24nxd0-m-midea\/#breadcrumb"},"inLanguage":"az","potentialAction":[{"@type":"ReadAction","target":["https:\/\/climatemaster.ge\/az\/product\/multi-split-ac-indoor-unit-wall-mounted-aurora-ab-series-9-24-kbtu-ab-nxd0-m-ab-09nxd0-m-ab-12nxd0-m-ab-18nxd0-m-ab-24nxd0-m-midea\/"]}]},{"@type":"ImageObject","inLanguage":"az","@id":"https:\/\/climatemaster.ge\/az\/product\/multi-split-ac-indoor-unit-wall-mounted-aurora-ab-series-9-24-kbtu-ab-nxd0-m-ab-09nxd0-m-ab-12nxd0-m-ab-18nxd0-m-ab-24nxd0-m-midea\/#primaryimage","url":"https:\/\/climatemaster.ge\/wp-content\/uploads\/2025\/10\/MSAB_RESULT.webp","contentUrl":"https:\/\/climatemaster.ge\/wp-content\/uploads\/2025\/10\/MSAB_RESULT.webp","width":768,"height":768},{"@type":"BreadcrumbList","@id":"https:\/\/climatemaster.ge\/az\/product\/multi-split-ac-indoor-unit-wall-mounted-aurora-ab-series-9-24-kbtu-ab-nxd0-m-ab-09nxd0-m-ab-12nxd0-m-ab-18nxd0-m-ab-24nxd0-m-midea\/#breadcrumb","itemListElement":[{"@type":"ListItem","position":1,"name":"Home","item":"https:\/\/climatemaster.ge\/"},{"@type":"ListItem","position":2,"name":"M\u0259hsullar","item":"https:\/\/climatemaster.ge\/products\/"},{"@type":"ListItem","position":3,"name":"\u00c7oxsplit kondisioner Daxili blok Divara qura\u015fd\u0131r\u0131lm\u0131\u015f Aurora (AB) seriyas\u0131 9 &#8211; 24 KBTU AB-**NXD0-M AB-09NXD0-M AB-12NXD0-M AB-18NXD0-M AB-24NXD0-M MIDEA"}]},{"@type":"WebSite","@id":"https:\/\/climatemaster.ge\/#website","url":"https:\/\/climatemaster.ge\/","name":"Climate Master","description":"","publisher":{"@id":"https:\/\/climatemaster.ge\/#organization"},"potentialAction":[{"@type":"SearchAction","target":{"@type":"EntryPoint","urlTemplate":"https:\/\/climatemaster.ge\/?s={search_term_string}"},"query-input":{"@type":"PropertyValueSpecification","valueRequired":true,"valueName":"search_term_string"}}],"inLanguage":"az"},{"@type":"Organization","@id":"https:\/\/climatemaster.ge\/#organization","name":"Climate Master","url":"https:\/\/climatemaster.ge\/","logo":{"@type":"ImageObject","inLanguage":"az","@id":"https:\/\/climatemaster.ge\/#\/schema\/logo\/image\/","url":"https:\/\/climatemaster.ge\/wp-content\/uploads\/2026\/03\/Untitled-2.png","contentUrl":"https:\/\/climatemaster.ge\/wp-content\/uploads\/2026\/03\/Untitled-2.png","width":600,"height":338,"caption":"Climate Master"},"image":{"@id":"https:\/\/climatemaster.ge\/#\/schema\/logo\/image\/"}}]}},"_links":{"self":[{"href":"https:\/\/climatemaster.ge\/az\/wp-json\/wp\/v2\/product\/43394","targetHints":{"allow":["GET"]}}],"collection":[{"href":"https:\/\/climatemaster.ge\/az\/wp-json\/wp\/v2\/product"}],"about":[{"href":"https:\/\/climatemaster.ge\/az\/wp-json\/wp\/v2\/types\/product"}],"wp:featuredmedia":[{"embeddable":true,"href":"https:\/\/climatemaster.ge\/az\/wp-json\/wp\/v2\/media\/43388"}],"wp:attachment":[{"href":"https:\/\/climatemaster.ge\/az\/wp-json\/wp\/v2\/media?parent=43394"}],"wp:term":[{"taxonomy":"product_brand","embeddable":true,"href":"https:\/\/climatemaster.ge\/az\/wp-json\/wp\/v2\/product_brand?post=43394"},{"taxonomy":"product_cat","embeddable":true,"href":"https:\/\/climatemaster.ge\/az\/wp-json\/wp\/v2\/product_cat?post=43394"},{"taxonomy":"product_tag","embeddable":true,"href":"https:\/\/climatemaster.ge\/az\/wp-json\/wp\/v2\/product_tag?post=43394"}],"curies":[{"name":"wp","href":"https:\/\/api.w.org\/{rel}","templated":true}]}}