{"id":43345,"date":"2025-10-25T17:09:22","date_gmt":"2025-10-25T13:09:22","guid":{"rendered":"https:\/\/airsystems.ge\/shop\/product\/multi-split-ac-outdoor-unit-cirq-hp-series-27-kbtu-m4oa-27hfn8-q%ef%bc%88hru-midea\/"},"modified":"2025-10-25T17:15:42","modified_gmt":"2025-10-25T13:15:42","slug":"multi-split-ac-outdoor-unit-cirq-hp-series-27-kbtu-m4oa-27hfn8-q%ef%bc%88hru-midea","status":"publish","type":"product","link":"https:\/\/climatemaster.ge\/az\/product\/multi-split-ac-outdoor-unit-cirq-hp-series-27-kbtu-m4oa-27hfn8-q%ef%bc%88hru-midea\/","title":{"rendered":"\u00c7oxlu b\u00f6l\u00fcnm\u00fc\u015f kondisioner  \u00c7\u00f6l Bloku  CIRQ HP Seriyas\u0131 27 KBTU M4OA-27HFN8-Q\uff08HRU) MIDEA"},"content":{"rendered":"","protected":false},"excerpt":{"rendered":"<h1>CIRQ HP Seriyas\u0131<\/h1>\n<p>M\u0259hsul x\u00fcsusiyy\u0259tl\u0259ri<\/p>\n<p>\u0130stilik, Soyutma v\u0259 M\u0259i\u015f\u0259t \u0130sti Su T\u0259min Ed\u0259n \u00c7oxlu B\u00f6l\u00fcnm\u00fc\u015f B\u0259rpa Sistemi.<\/p>\n<p>Soyutma Rejimi: Sistem evinizi soyudurk\u0259n, enerjinin bo\u015fa getm\u0259sin\u0259 imkan vermir. Soyutma zaman\u0131 \u00e7\u0131xar\u0131lan istiliyi istifad\u0259 ed\u0259r\u0259k pulsuz olaraq sanitar isti su (DHW) istehsal edir.<\/p>\n<p>\u0130stilik Rejimi: \u0130stilik rejimind\u0259 sistem g\u00fcnd\u0259lik ehtiyaclar\u0131n\u0131z \u00fc\u00e7\u00fcn davaml\u0131 olaraq isti su t\u0259min ed\u0259rk\u0259n evinizin isti qalmas\u0131n\u0131 t\u0259min edir.<\/p>\n<p>190 Litr DHW \u00c7\u0259ni Elektrikli Q\u0131zd\u0131r\u0131c\u0131, 55\u00b0C \u0130stilik Nasosu Rejimi il\u0259 M\u0259i\u015f\u0259t \u0130sti Suyu 70\u00b0C-y\u0259 q\u0259d\u0259r q\u0131zd\u0131r\u0131r.<br \/>\n2 kVt \u018flav\u0259 Elektrikli Q\u0131zd\u0131r\u0131c\u0131<br \/>\n3-\u0259 q\u0259d\u0259r Daxili Bloku v\u0259 1 DHW \u00c7\u0259nini birl\u0259\u015fdir\u0259 bil\u0259r<br \/>\n3D Tam \u0130nverter Texnologiyas\u0131<br \/>\nSoyuq \u018ftraf M\u00fchit Temperaturunda Effektivdir<br \/>\nS\u0259ssiz \u018fm\u0259liyyat<\/p>\n","protected":false},"featured_media":43339,"template":"","meta":[],"product_brand":[],"product_cat":[2005],"product_tag":[],"class_list":{"0":"post-43345","1":"product","2":"type-product","3":"status-publish","4":"has-post-thumbnail","6":"product_cat-coxlu-split-kondisioner","8":"first","9":"instock","10":"shipping-taxable","11":"product-type-simple"},"yoast_head":"<!-- This site is optimized with the Yoast SEO plugin v27.1.1 - https:\/\/yoast.com\/product\/yoast-seo-wordpress\/ -->\n<title>\u00c7oxlu b\u00f6l\u00fcnm\u00fc\u015f kondisioner \u00c7\u00f6l Bloku CIRQ HP Seriyas\u0131 27 KBTU M4OA-27HFN8-Q\uff08HRU) MIDEA - Climate Master<\/title>\n<meta name=\"robots\" content=\"index, follow, max-snippet:-1, max-image-preview:large, max-video-preview:-1\" \/>\n<link rel=\"canonical\" href=\"https:\/\/climatemaster.ge\/az\/product\/multi-split-ac-outdoor-unit-cirq-hp-series-27-kbtu-m4oa-27hfn8-q\uff08hru-midea\/\" \/>\n<meta property=\"og:locale\" content=\"az_AZ\" \/>\n<meta property=\"og:type\" content=\"article\" \/>\n<meta property=\"og:title\" content=\"\u00c7oxlu b\u00f6l\u00fcnm\u00fc\u015f kondisioner \u00c7\u00f6l Bloku CIRQ HP Seriyas\u0131 27 KBTU M4OA-27HFN8-Q\uff08HRU) MIDEA - Climate Master\" \/>\n<meta property=\"og:description\" content=\"CIRQ HP Seriyas\u0131 M\u0259hsul x\u00fcsusiyy\u0259tl\u0259ri  \u0130stilik, Soyutma v\u0259 M\u0259i\u015f\u0259t \u0130sti Su T\u0259min Ed\u0259n \u00c7oxlu B\u00f6l\u00fcnm\u00fc\u015f B\u0259rpa Sistemi.  Soyutma Rejimi: Sistem evinizi soyudurk\u0259n, enerjinin bo\u015fa getm\u0259sin\u0259 imkan vermir. Soyutma zaman\u0131 \u00e7\u0131xar\u0131lan istiliyi istifad\u0259 ed\u0259r\u0259k pulsuz olaraq sanitar isti su (DHW) istehsal edir.  \u0130stilik Rejimi: \u0130stilik rejimind\u0259 sistem g\u00fcnd\u0259lik ehtiyaclar\u0131n\u0131z \u00fc\u00e7\u00fcn davaml\u0131 olaraq isti su t\u0259min ed\u0259rk\u0259n evinizin isti qalmas\u0131n\u0131 t\u0259min edir.  190 Litr DHW \u00c7\u0259ni Elektrikli Q\u0131zd\u0131r\u0131c\u0131, 55\u00b0C \u0130stilik Nasosu Rejimi il\u0259 M\u0259i\u015f\u0259t \u0130sti Suyu 70\u00b0C-y\u0259 q\u0259d\u0259r q\u0131zd\u0131r\u0131r. 2 kVt \u018flav\u0259 Elektrikli Q\u0131zd\u0131r\u0131c\u0131 3-\u0259 q\u0259d\u0259r Daxili Bloku v\u0259 1 DHW \u00c7\u0259nini birl\u0259\u015fdir\u0259 bil\u0259r 3D Tam \u0130nverter Texnologiyas\u0131 Soyuq \u018ftraf M\u00fchit Temperaturunda Effektivdir S\u0259ssiz \u018fm\u0259liyyat\" \/>\n<meta property=\"og:url\" content=\"https:\/\/climatemaster.ge\/az\/product\/multi-split-ac-outdoor-unit-cirq-hp-series-27-kbtu-m4oa-27hfn8-q\uff08hru-midea\/\" \/>\n<meta property=\"og:site_name\" content=\"Climate Master\" \/>\n<meta property=\"article:modified_time\" content=\"2025-10-25T13:15:42+00:00\" \/>\n<meta property=\"og:image\" content=\"https:\/\/climatemaster.ge\/wp-content\/uploads\/2025\/10\/CIRQ-SET_OG.webp\" \/>\n\t<meta property=\"og:image:width\" content=\"764\" \/>\n\t<meta property=\"og:image:height\" content=\"724\" \/>\n\t<meta property=\"og:image:type\" content=\"image\/webp\" \/>\n<meta name=\"twitter:card\" content=\"summary_large_image\" \/>\n<script type=\"application\/ld+json\" class=\"yoast-schema-graph\">{\"@context\":\"https:\/\/schema.org\",\"@graph\":[{\"@type\":\"WebPage\",\"@id\":\"https:\/\/climatemaster.ge\/az\/product\/multi-split-ac-outdoor-unit-cirq-hp-series-27-kbtu-m4oa-27hfn8-q%ef%bc%88hru-midea\/\",\"url\":\"https:\/\/climatemaster.ge\/az\/product\/multi-split-ac-outdoor-unit-cirq-hp-series-27-kbtu-m4oa-27hfn8-q%ef%bc%88hru-midea\/\",\"name\":\"\u00c7oxlu b\u00f6l\u00fcnm\u00fc\u015f kondisioner \u00c7\u00f6l Bloku CIRQ HP Seriyas\u0131 27 KBTU M4OA-27HFN8-Q\uff08HRU) MIDEA - Climate Master\",\"isPartOf\":{\"@id\":\"https:\/\/climatemaster.ge\/#website\"},\"primaryImageOfPage\":{\"@id\":\"https:\/\/climatemaster.ge\/az\/product\/multi-split-ac-outdoor-unit-cirq-hp-series-27-kbtu-m4oa-27hfn8-q%ef%bc%88hru-midea\/#primaryimage\"},\"image\":{\"@id\":\"https:\/\/climatemaster.ge\/az\/product\/multi-split-ac-outdoor-unit-cirq-hp-series-27-kbtu-m4oa-27hfn8-q%ef%bc%88hru-midea\/#primaryimage\"},\"thumbnailUrl\":\"https:\/\/climatemaster.ge\/wp-content\/uploads\/2025\/10\/CIRQ-SET_OG.webp\",\"datePublished\":\"2025-10-25T13:09:22+00:00\",\"dateModified\":\"2025-10-25T13:15:42+00:00\",\"breadcrumb\":{\"@id\":\"https:\/\/climatemaster.ge\/az\/product\/multi-split-ac-outdoor-unit-cirq-hp-series-27-kbtu-m4oa-27hfn8-q%ef%bc%88hru-midea\/#breadcrumb\"},\"inLanguage\":\"az\",\"potentialAction\":[{\"@type\":\"ReadAction\",\"target\":[\"https:\/\/climatemaster.ge\/az\/product\/multi-split-ac-outdoor-unit-cirq-hp-series-27-kbtu-m4oa-27hfn8-q%ef%bc%88hru-midea\/\"]}]},{\"@type\":\"ImageObject\",\"inLanguage\":\"az\",\"@id\":\"https:\/\/climatemaster.ge\/az\/product\/multi-split-ac-outdoor-unit-cirq-hp-series-27-kbtu-m4oa-27hfn8-q%ef%bc%88hru-midea\/#primaryimage\",\"url\":\"https:\/\/climatemaster.ge\/wp-content\/uploads\/2025\/10\/CIRQ-SET_OG.webp\",\"contentUrl\":\"https:\/\/climatemaster.ge\/wp-content\/uploads\/2025\/10\/CIRQ-SET_OG.webp\",\"width\":764,\"height\":724},{\"@type\":\"BreadcrumbList\",\"@id\":\"https:\/\/climatemaster.ge\/az\/product\/multi-split-ac-outdoor-unit-cirq-hp-series-27-kbtu-m4oa-27hfn8-q%ef%bc%88hru-midea\/#breadcrumb\",\"itemListElement\":[{\"@type\":\"ListItem\",\"position\":1,\"name\":\"Home\",\"item\":\"https:\/\/climatemaster.ge\/\"},{\"@type\":\"ListItem\",\"position\":2,\"name\":\"M\u0259hsullar\",\"item\":\"https:\/\/climatemaster.ge\/products\/\"},{\"@type\":\"ListItem\",\"position\":3,\"name\":\"\u00c7oxlu b\u00f6l\u00fcnm\u00fc\u015f kondisioner \u00c7\u00f6l Bloku CIRQ HP Seriyas\u0131 27 KBTU M4OA-27HFN8-Q\uff08HRU) MIDEA\"}]},{\"@type\":\"WebSite\",\"@id\":\"https:\/\/climatemaster.ge\/#website\",\"url\":\"https:\/\/climatemaster.ge\/\",\"name\":\"Climate Master\",\"description\":\"\",\"publisher\":{\"@id\":\"https:\/\/climatemaster.ge\/#organization\"},\"potentialAction\":[{\"@type\":\"SearchAction\",\"target\":{\"@type\":\"EntryPoint\",\"urlTemplate\":\"https:\/\/climatemaster.ge\/?s={search_term_string}\"},\"query-input\":{\"@type\":\"PropertyValueSpecification\",\"valueRequired\":true,\"valueName\":\"search_term_string\"}}],\"inLanguage\":\"az\"},{\"@type\":\"Organization\",\"@id\":\"https:\/\/climatemaster.ge\/#organization\",\"name\":\"Climate Master\",\"url\":\"https:\/\/climatemaster.ge\/\",\"logo\":{\"@type\":\"ImageObject\",\"inLanguage\":\"az\",\"@id\":\"https:\/\/climatemaster.ge\/#\/schema\/logo\/image\/\",\"url\":\"https:\/\/climatemaster.ge\/wp-content\/uploads\/2026\/03\/Untitled-2.png\",\"contentUrl\":\"https:\/\/climatemaster.ge\/wp-content\/uploads\/2026\/03\/Untitled-2.png\",\"width\":600,\"height\":338,\"caption\":\"Climate Master\"},\"image\":{\"@id\":\"https:\/\/climatemaster.ge\/#\/schema\/logo\/image\/\"}}]}<\/script>\n<!-- \/ Yoast SEO plugin. -->","yoast_head_json":{"title":"\u00c7oxlu b\u00f6l\u00fcnm\u00fc\u015f kondisioner \u00c7\u00f6l Bloku CIRQ HP Seriyas\u0131 27 KBTU M4OA-27HFN8-Q\uff08HRU) MIDEA - Climate Master","robots":{"index":"index","follow":"follow","max-snippet":"max-snippet:-1","max-image-preview":"max-image-preview:large","max-video-preview":"max-video-preview:-1"},"canonical":"https:\/\/climatemaster.ge\/az\/product\/multi-split-ac-outdoor-unit-cirq-hp-series-27-kbtu-m4oa-27hfn8-q\uff08hru-midea\/","og_locale":"az_AZ","og_type":"article","og_title":"\u00c7oxlu b\u00f6l\u00fcnm\u00fc\u015f kondisioner \u00c7\u00f6l Bloku CIRQ HP Seriyas\u0131 27 KBTU M4OA-27HFN8-Q\uff08HRU) MIDEA - Climate Master","og_description":"CIRQ HP Seriyas\u0131 M\u0259hsul x\u00fcsusiyy\u0259tl\u0259ri  \u0130stilik, Soyutma v\u0259 M\u0259i\u015f\u0259t \u0130sti Su T\u0259min Ed\u0259n \u00c7oxlu B\u00f6l\u00fcnm\u00fc\u015f B\u0259rpa Sistemi.  Soyutma Rejimi: Sistem evinizi soyudurk\u0259n, enerjinin bo\u015fa getm\u0259sin\u0259 imkan vermir. Soyutma zaman\u0131 \u00e7\u0131xar\u0131lan istiliyi istifad\u0259 ed\u0259r\u0259k pulsuz olaraq sanitar isti su (DHW) istehsal edir.  \u0130stilik Rejimi: \u0130stilik rejimind\u0259 sistem g\u00fcnd\u0259lik ehtiyaclar\u0131n\u0131z \u00fc\u00e7\u00fcn davaml\u0131 olaraq isti su t\u0259min ed\u0259rk\u0259n evinizin isti qalmas\u0131n\u0131 t\u0259min edir.  190 Litr DHW \u00c7\u0259ni Elektrikli Q\u0131zd\u0131r\u0131c\u0131, 55\u00b0C \u0130stilik Nasosu Rejimi il\u0259 M\u0259i\u015f\u0259t \u0130sti Suyu 70\u00b0C-y\u0259 q\u0259d\u0259r q\u0131zd\u0131r\u0131r. 2 kVt \u018flav\u0259 Elektrikli Q\u0131zd\u0131r\u0131c\u0131 3-\u0259 q\u0259d\u0259r Daxili Bloku v\u0259 1 DHW \u00c7\u0259nini birl\u0259\u015fdir\u0259 bil\u0259r 3D Tam \u0130nverter Texnologiyas\u0131 Soyuq \u018ftraf M\u00fchit Temperaturunda Effektivdir S\u0259ssiz \u018fm\u0259liyyat","og_url":"https:\/\/climatemaster.ge\/az\/product\/multi-split-ac-outdoor-unit-cirq-hp-series-27-kbtu-m4oa-27hfn8-q\uff08hru-midea\/","og_site_name":"Climate Master","article_modified_time":"2025-10-25T13:15:42+00:00","og_image":[{"width":764,"height":724,"url":"https:\/\/climatemaster.ge\/wp-content\/uploads\/2025\/10\/CIRQ-SET_OG.webp","type":"image\/webp"}],"twitter_card":"summary_large_image","schema":{"@context":"https:\/\/schema.org","@graph":[{"@type":"WebPage","@id":"https:\/\/climatemaster.ge\/az\/product\/multi-split-ac-outdoor-unit-cirq-hp-series-27-kbtu-m4oa-27hfn8-q%ef%bc%88hru-midea\/","url":"https:\/\/climatemaster.ge\/az\/product\/multi-split-ac-outdoor-unit-cirq-hp-series-27-kbtu-m4oa-27hfn8-q%ef%bc%88hru-midea\/","name":"\u00c7oxlu b\u00f6l\u00fcnm\u00fc\u015f kondisioner \u00c7\u00f6l Bloku CIRQ HP Seriyas\u0131 27 KBTU M4OA-27HFN8-Q\uff08HRU) MIDEA - Climate Master","isPartOf":{"@id":"https:\/\/climatemaster.ge\/#website"},"primaryImageOfPage":{"@id":"https:\/\/climatemaster.ge\/az\/product\/multi-split-ac-outdoor-unit-cirq-hp-series-27-kbtu-m4oa-27hfn8-q%ef%bc%88hru-midea\/#primaryimage"},"image":{"@id":"https:\/\/climatemaster.ge\/az\/product\/multi-split-ac-outdoor-unit-cirq-hp-series-27-kbtu-m4oa-27hfn8-q%ef%bc%88hru-midea\/#primaryimage"},"thumbnailUrl":"https:\/\/climatemaster.ge\/wp-content\/uploads\/2025\/10\/CIRQ-SET_OG.webp","datePublished":"2025-10-25T13:09:22+00:00","dateModified":"2025-10-25T13:15:42+00:00","breadcrumb":{"@id":"https:\/\/climatemaster.ge\/az\/product\/multi-split-ac-outdoor-unit-cirq-hp-series-27-kbtu-m4oa-27hfn8-q%ef%bc%88hru-midea\/#breadcrumb"},"inLanguage":"az","potentialAction":[{"@type":"ReadAction","target":["https:\/\/climatemaster.ge\/az\/product\/multi-split-ac-outdoor-unit-cirq-hp-series-27-kbtu-m4oa-27hfn8-q%ef%bc%88hru-midea\/"]}]},{"@type":"ImageObject","inLanguage":"az","@id":"https:\/\/climatemaster.ge\/az\/product\/multi-split-ac-outdoor-unit-cirq-hp-series-27-kbtu-m4oa-27hfn8-q%ef%bc%88hru-midea\/#primaryimage","url":"https:\/\/climatemaster.ge\/wp-content\/uploads\/2025\/10\/CIRQ-SET_OG.webp","contentUrl":"https:\/\/climatemaster.ge\/wp-content\/uploads\/2025\/10\/CIRQ-SET_OG.webp","width":764,"height":724},{"@type":"BreadcrumbList","@id":"https:\/\/climatemaster.ge\/az\/product\/multi-split-ac-outdoor-unit-cirq-hp-series-27-kbtu-m4oa-27hfn8-q%ef%bc%88hru-midea\/#breadcrumb","itemListElement":[{"@type":"ListItem","position":1,"name":"Home","item":"https:\/\/climatemaster.ge\/"},{"@type":"ListItem","position":2,"name":"M\u0259hsullar","item":"https:\/\/climatemaster.ge\/products\/"},{"@type":"ListItem","position":3,"name":"\u00c7oxlu b\u00f6l\u00fcnm\u00fc\u015f kondisioner \u00c7\u00f6l Bloku CIRQ HP Seriyas\u0131 27 KBTU M4OA-27HFN8-Q\uff08HRU) MIDEA"}]},{"@type":"WebSite","@id":"https:\/\/climatemaster.ge\/#website","url":"https:\/\/climatemaster.ge\/","name":"Climate Master","description":"","publisher":{"@id":"https:\/\/climatemaster.ge\/#organization"},"potentialAction":[{"@type":"SearchAction","target":{"@type":"EntryPoint","urlTemplate":"https:\/\/climatemaster.ge\/?s={search_term_string}"},"query-input":{"@type":"PropertyValueSpecification","valueRequired":true,"valueName":"search_term_string"}}],"inLanguage":"az"},{"@type":"Organization","@id":"https:\/\/climatemaster.ge\/#organization","name":"Climate Master","url":"https:\/\/climatemaster.ge\/","logo":{"@type":"ImageObject","inLanguage":"az","@id":"https:\/\/climatemaster.ge\/#\/schema\/logo\/image\/","url":"https:\/\/climatemaster.ge\/wp-content\/uploads\/2026\/03\/Untitled-2.png","contentUrl":"https:\/\/climatemaster.ge\/wp-content\/uploads\/2026\/03\/Untitled-2.png","width":600,"height":338,"caption":"Climate Master"},"image":{"@id":"https:\/\/climatemaster.ge\/#\/schema\/logo\/image\/"}}]}},"_links":{"self":[{"href":"https:\/\/climatemaster.ge\/az\/wp-json\/wp\/v2\/product\/43345","targetHints":{"allow":["GET"]}}],"collection":[{"href":"https:\/\/climatemaster.ge\/az\/wp-json\/wp\/v2\/product"}],"about":[{"href":"https:\/\/climatemaster.ge\/az\/wp-json\/wp\/v2\/types\/product"}],"wp:featuredmedia":[{"embeddable":true,"href":"https:\/\/climatemaster.ge\/az\/wp-json\/wp\/v2\/media\/43339"}],"wp:attachment":[{"href":"https:\/\/climatemaster.ge\/az\/wp-json\/wp\/v2\/media?parent=43345"}],"wp:term":[{"taxonomy":"product_brand","embeddable":true,"href":"https:\/\/climatemaster.ge\/az\/wp-json\/wp\/v2\/product_brand?post=43345"},{"taxonomy":"product_cat","embeddable":true,"href":"https:\/\/climatemaster.ge\/az\/wp-json\/wp\/v2\/product_cat?post=43345"},{"taxonomy":"product_tag","embeddable":true,"href":"https:\/\/climatemaster.ge\/az\/wp-json\/wp\/v2\/product_tag?post=43345"}],"curies":[{"name":"wp","href":"https:\/\/api.w.org\/{rel}","templated":true}]}}