{"id":43305,"date":"2025-10-25T14:31:37","date_gmt":"2025-10-25T10:31:37","guid":{"rendered":"https:\/\/airsystems.ge\/shop\/product\/heat-recovery-ventilator-200-2000-m%c2%b3-h-hrv-da-hrv-d200a-hrv-d300a-hrv-d400a-hrv-d500a-hrv-d800a-hrv-d1000a-hrv-d1500a-hrv-d2000a-midea\/"},"modified":"2025-10-25T14:43:38","modified_gmt":"2025-10-25T10:43:38","slug":"heat-recovery-ventilator-200-2000-m%c2%b3-h-hrv-da-hrv-d200a-hrv-d300a-hrv-d400a-hrv-d500a-hrv-d800a-hrv-d1000a-hrv-d1500a-hrv-d2000a-midea","status":"publish","type":"product","link":"https:\/\/climatemaster.ge\/az\/product\/heat-recovery-ventilator-200-2000-m%c2%b3-h-hrv-da-hrv-d200a-hrv-d300a-hrv-d400a-hrv-d500a-hrv-d800a-hrv-d1000a-hrv-d1500a-hrv-d2000a-midea\/","title":{"rendered":"\u0130stilik B\u0259rpa Ventilyatoru 200 &#8211; 2000 m\u00b3\/saat HRV-D***(A) HRV-D200(A) HRV-D300(A) HRV-D400(A) HRV-D500(A) HRV-D800(A) HRV-D1000(A) HRV-D1500(A) HRV-D2000(A) MIDEA"},"content":{"rendered":"","protected":false},"excerpt":{"rendered":"<h1>\u0130stilik B\u0259rpa Ventilyatoru<\/h1>\n<p>M\u0259hsul x\u00fcsusiyy\u0259tl\u0259ri<\/p>\n<p>L\u00f6vh\u0259 Tipi \u0130stilik B\u0259rpa Vahidi<\/p>\n<p>T\u0259miz Hava T\u0259chizat\u0131 v\u0259 Egzoz T\u0259min Edir<br \/>\nY\u00fcks\u0259k S\u0259m\u0259r\u0259lilik: 83%-\u0259 q\u0259d\u0259r<br \/>\n\u0130nverter Texnologiyas\u0131<br \/>\n4 \u0130\u015f Rejimi<br \/>\nG4 Hava Filtri<\/p>\n","protected":false},"featured_media":43288,"template":"","meta":[],"product_brand":[],"product_cat":[1999],"product_tag":[],"class_list":{"0":"post-43305","1":"product","2":"type-product","3":"status-publish","4":"has-post-thumbnail","6":"product_cat-istilik-brpa-ventilyatoru","8":"first","9":"instock","10":"shipping-taxable","11":"product-type-simple"},"yoast_head":"<!-- This site is optimized with the Yoast SEO plugin v27.1.1 - https:\/\/yoast.com\/product\/yoast-seo-wordpress\/ -->\n<title>\u0130stilik B\u0259rpa Ventilyatoru 200 - 2000 m\u00b3\/saat HRV-D***(A) HRV-D200(A) HRV-D300(A) HRV-D400(A) HRV-D500(A) HRV-D800(A) HRV-D1000(A) HRV-D1500(A) HRV-D2000(A) MIDEA - Climate Master<\/title>\n<meta name=\"robots\" content=\"index, follow, max-snippet:-1, max-image-preview:large, max-video-preview:-1\" \/>\n<link rel=\"canonical\" href=\"https:\/\/climatemaster.ge\/az\/product\/heat-recovery-ventilator-200-2000-m\u00b3-h-hrv-da-hrv-d200a-hrv-d300a-hrv-d400a-hrv-d500a-hrv-d800a-hrv-d1000a-hrv-d1500a-hrv-d2000a-midea\/\" \/>\n<meta property=\"og:locale\" content=\"az_AZ\" \/>\n<meta property=\"og:type\" content=\"article\" \/>\n<meta property=\"og:title\" content=\"\u0130stilik B\u0259rpa Ventilyatoru 200 - 2000 m\u00b3\/saat HRV-D***(A) HRV-D200(A) HRV-D300(A) HRV-D400(A) HRV-D500(A) HRV-D800(A) HRV-D1000(A) HRV-D1500(A) HRV-D2000(A) MIDEA - Climate Master\" \/>\n<meta property=\"og:description\" content=\"\u0130stilik B\u0259rpa Ventilyatoru M\u0259hsul x\u00fcsusiyy\u0259tl\u0259ri  L\u00f6vh\u0259 Tipi \u0130stilik B\u0259rpa Vahidi  T\u0259miz Hava T\u0259chizat\u0131 v\u0259 Egzoz T\u0259min Edir Y\u00fcks\u0259k S\u0259m\u0259r\u0259lilik: 83%-\u0259 q\u0259d\u0259r \u0130nverter Texnologiyas\u0131 4 \u0130\u015f Rejimi G4 Hava Filtri\" \/>\n<meta property=\"og:url\" content=\"https:\/\/climatemaster.ge\/az\/product\/heat-recovery-ventilator-200-2000-m\u00b3-h-hrv-da-hrv-d200a-hrv-d300a-hrv-d400a-hrv-d500a-hrv-d800a-hrv-d1000a-hrv-d1500a-hrv-d2000a-midea\/\" \/>\n<meta property=\"og:site_name\" content=\"Climate Master\" \/>\n<meta property=\"article:modified_time\" content=\"2025-10-25T10:43:38+00:00\" \/>\n<meta property=\"og:image\" content=\"https:\/\/climatemaster.ge\/wp-content\/uploads\/2025\/10\/HRV-1000_RESULT-1.webp\" \/>\n\t<meta property=\"og:image:width\" content=\"768\" \/>\n\t<meta property=\"og:image:height\" content=\"768\" \/>\n\t<meta property=\"og:image:type\" content=\"image\/webp\" \/>\n<meta name=\"twitter:card\" content=\"summary_large_image\" \/>\n<script type=\"application\/ld+json\" class=\"yoast-schema-graph\">{\"@context\":\"https:\/\/schema.org\",\"@graph\":[{\"@type\":\"WebPage\",\"@id\":\"https:\/\/climatemaster.ge\/az\/product\/heat-recovery-ventilator-200-2000-m%c2%b3-h-hrv-da-hrv-d200a-hrv-d300a-hrv-d400a-hrv-d500a-hrv-d800a-hrv-d1000a-hrv-d1500a-hrv-d2000a-midea\/\",\"url\":\"https:\/\/climatemaster.ge\/az\/product\/heat-recovery-ventilator-200-2000-m%c2%b3-h-hrv-da-hrv-d200a-hrv-d300a-hrv-d400a-hrv-d500a-hrv-d800a-hrv-d1000a-hrv-d1500a-hrv-d2000a-midea\/\",\"name\":\"\u0130stilik B\u0259rpa Ventilyatoru 200 - 2000 m\u00b3\/saat HRV-D***(A) HRV-D200(A) HRV-D300(A) HRV-D400(A) HRV-D500(A) HRV-D800(A) HRV-D1000(A) HRV-D1500(A) HRV-D2000(A) MIDEA - Climate Master\",\"isPartOf\":{\"@id\":\"https:\/\/climatemaster.ge\/#website\"},\"primaryImageOfPage\":{\"@id\":\"https:\/\/climatemaster.ge\/az\/product\/heat-recovery-ventilator-200-2000-m%c2%b3-h-hrv-da-hrv-d200a-hrv-d300a-hrv-d400a-hrv-d500a-hrv-d800a-hrv-d1000a-hrv-d1500a-hrv-d2000a-midea\/#primaryimage\"},\"image\":{\"@id\":\"https:\/\/climatemaster.ge\/az\/product\/heat-recovery-ventilator-200-2000-m%c2%b3-h-hrv-da-hrv-d200a-hrv-d300a-hrv-d400a-hrv-d500a-hrv-d800a-hrv-d1000a-hrv-d1500a-hrv-d2000a-midea\/#primaryimage\"},\"thumbnailUrl\":\"https:\/\/climatemaster.ge\/wp-content\/uploads\/2025\/10\/HRV-1000_RESULT-1.webp\",\"datePublished\":\"2025-10-25T10:31:37+00:00\",\"dateModified\":\"2025-10-25T10:43:38+00:00\",\"breadcrumb\":{\"@id\":\"https:\/\/climatemaster.ge\/az\/product\/heat-recovery-ventilator-200-2000-m%c2%b3-h-hrv-da-hrv-d200a-hrv-d300a-hrv-d400a-hrv-d500a-hrv-d800a-hrv-d1000a-hrv-d1500a-hrv-d2000a-midea\/#breadcrumb\"},\"inLanguage\":\"az\",\"potentialAction\":[{\"@type\":\"ReadAction\",\"target\":[\"https:\/\/climatemaster.ge\/az\/product\/heat-recovery-ventilator-200-2000-m%c2%b3-h-hrv-da-hrv-d200a-hrv-d300a-hrv-d400a-hrv-d500a-hrv-d800a-hrv-d1000a-hrv-d1500a-hrv-d2000a-midea\/\"]}]},{\"@type\":\"ImageObject\",\"inLanguage\":\"az\",\"@id\":\"https:\/\/climatemaster.ge\/az\/product\/heat-recovery-ventilator-200-2000-m%c2%b3-h-hrv-da-hrv-d200a-hrv-d300a-hrv-d400a-hrv-d500a-hrv-d800a-hrv-d1000a-hrv-d1500a-hrv-d2000a-midea\/#primaryimage\",\"url\":\"https:\/\/climatemaster.ge\/wp-content\/uploads\/2025\/10\/HRV-1000_RESULT-1.webp\",\"contentUrl\":\"https:\/\/climatemaster.ge\/wp-content\/uploads\/2025\/10\/HRV-1000_RESULT-1.webp\",\"width\":768,\"height\":768},{\"@type\":\"BreadcrumbList\",\"@id\":\"https:\/\/climatemaster.ge\/az\/product\/heat-recovery-ventilator-200-2000-m%c2%b3-h-hrv-da-hrv-d200a-hrv-d300a-hrv-d400a-hrv-d500a-hrv-d800a-hrv-d1000a-hrv-d1500a-hrv-d2000a-midea\/#breadcrumb\",\"itemListElement\":[{\"@type\":\"ListItem\",\"position\":1,\"name\":\"Home\",\"item\":\"https:\/\/climatemaster.ge\/\"},{\"@type\":\"ListItem\",\"position\":2,\"name\":\"M\u0259hsullar\",\"item\":\"https:\/\/climatemaster.ge\/products\/\"},{\"@type\":\"ListItem\",\"position\":3,\"name\":\"\u0130stilik B\u0259rpa Ventilyatoru 200 &#8211; 2000 m\u00b3\/saat HRV-D***(A) HRV-D200(A) HRV-D300(A) HRV-D400(A) HRV-D500(A) HRV-D800(A) HRV-D1000(A) HRV-D1500(A) HRV-D2000(A) MIDEA\"}]},{\"@type\":\"WebSite\",\"@id\":\"https:\/\/climatemaster.ge\/#website\",\"url\":\"https:\/\/climatemaster.ge\/\",\"name\":\"Climate Master\",\"description\":\"\",\"publisher\":{\"@id\":\"https:\/\/climatemaster.ge\/#organization\"},\"potentialAction\":[{\"@type\":\"SearchAction\",\"target\":{\"@type\":\"EntryPoint\",\"urlTemplate\":\"https:\/\/climatemaster.ge\/?s={search_term_string}\"},\"query-input\":{\"@type\":\"PropertyValueSpecification\",\"valueRequired\":true,\"valueName\":\"search_term_string\"}}],\"inLanguage\":\"az\"},{\"@type\":\"Organization\",\"@id\":\"https:\/\/climatemaster.ge\/#organization\",\"name\":\"Climate Master\",\"url\":\"https:\/\/climatemaster.ge\/\",\"logo\":{\"@type\":\"ImageObject\",\"inLanguage\":\"az\",\"@id\":\"https:\/\/climatemaster.ge\/#\/schema\/logo\/image\/\",\"url\":\"https:\/\/climatemaster.ge\/wp-content\/uploads\/2026\/03\/Untitled-2.png\",\"contentUrl\":\"https:\/\/climatemaster.ge\/wp-content\/uploads\/2026\/03\/Untitled-2.png\",\"width\":600,\"height\":338,\"caption\":\"Climate Master\"},\"image\":{\"@id\":\"https:\/\/climatemaster.ge\/#\/schema\/logo\/image\/\"}}]}<\/script>\n<!-- \/ Yoast SEO plugin. -->","yoast_head_json":{"title":"\u0130stilik B\u0259rpa Ventilyatoru 200 - 2000 m\u00b3\/saat HRV-D***(A) HRV-D200(A) HRV-D300(A) HRV-D400(A) HRV-D500(A) HRV-D800(A) HRV-D1000(A) HRV-D1500(A) HRV-D2000(A) MIDEA - Climate Master","robots":{"index":"index","follow":"follow","max-snippet":"max-snippet:-1","max-image-preview":"max-image-preview:large","max-video-preview":"max-video-preview:-1"},"canonical":"https:\/\/climatemaster.ge\/az\/product\/heat-recovery-ventilator-200-2000-m\u00b3-h-hrv-da-hrv-d200a-hrv-d300a-hrv-d400a-hrv-d500a-hrv-d800a-hrv-d1000a-hrv-d1500a-hrv-d2000a-midea\/","og_locale":"az_AZ","og_type":"article","og_title":"\u0130stilik B\u0259rpa Ventilyatoru 200 - 2000 m\u00b3\/saat HRV-D***(A) HRV-D200(A) HRV-D300(A) HRV-D400(A) HRV-D500(A) HRV-D800(A) HRV-D1000(A) HRV-D1500(A) HRV-D2000(A) MIDEA - Climate Master","og_description":"\u0130stilik B\u0259rpa Ventilyatoru M\u0259hsul x\u00fcsusiyy\u0259tl\u0259ri  L\u00f6vh\u0259 Tipi \u0130stilik B\u0259rpa Vahidi  T\u0259miz Hava T\u0259chizat\u0131 v\u0259 Egzoz T\u0259min Edir Y\u00fcks\u0259k S\u0259m\u0259r\u0259lilik: 83%-\u0259 q\u0259d\u0259r \u0130nverter Texnologiyas\u0131 4 \u0130\u015f Rejimi G4 Hava Filtri","og_url":"https:\/\/climatemaster.ge\/az\/product\/heat-recovery-ventilator-200-2000-m\u00b3-h-hrv-da-hrv-d200a-hrv-d300a-hrv-d400a-hrv-d500a-hrv-d800a-hrv-d1000a-hrv-d1500a-hrv-d2000a-midea\/","og_site_name":"Climate Master","article_modified_time":"2025-10-25T10:43:38+00:00","og_image":[{"width":768,"height":768,"url":"https:\/\/climatemaster.ge\/wp-content\/uploads\/2025\/10\/HRV-1000_RESULT-1.webp","type":"image\/webp"}],"twitter_card":"summary_large_image","schema":{"@context":"https:\/\/schema.org","@graph":[{"@type":"WebPage","@id":"https:\/\/climatemaster.ge\/az\/product\/heat-recovery-ventilator-200-2000-m%c2%b3-h-hrv-da-hrv-d200a-hrv-d300a-hrv-d400a-hrv-d500a-hrv-d800a-hrv-d1000a-hrv-d1500a-hrv-d2000a-midea\/","url":"https:\/\/climatemaster.ge\/az\/product\/heat-recovery-ventilator-200-2000-m%c2%b3-h-hrv-da-hrv-d200a-hrv-d300a-hrv-d400a-hrv-d500a-hrv-d800a-hrv-d1000a-hrv-d1500a-hrv-d2000a-midea\/","name":"\u0130stilik B\u0259rpa Ventilyatoru 200 - 2000 m\u00b3\/saat HRV-D***(A) HRV-D200(A) HRV-D300(A) HRV-D400(A) HRV-D500(A) HRV-D800(A) HRV-D1000(A) HRV-D1500(A) HRV-D2000(A) MIDEA - Climate Master","isPartOf":{"@id":"https:\/\/climatemaster.ge\/#website"},"primaryImageOfPage":{"@id":"https:\/\/climatemaster.ge\/az\/product\/heat-recovery-ventilator-200-2000-m%c2%b3-h-hrv-da-hrv-d200a-hrv-d300a-hrv-d400a-hrv-d500a-hrv-d800a-hrv-d1000a-hrv-d1500a-hrv-d2000a-midea\/#primaryimage"},"image":{"@id":"https:\/\/climatemaster.ge\/az\/product\/heat-recovery-ventilator-200-2000-m%c2%b3-h-hrv-da-hrv-d200a-hrv-d300a-hrv-d400a-hrv-d500a-hrv-d800a-hrv-d1000a-hrv-d1500a-hrv-d2000a-midea\/#primaryimage"},"thumbnailUrl":"https:\/\/climatemaster.ge\/wp-content\/uploads\/2025\/10\/HRV-1000_RESULT-1.webp","datePublished":"2025-10-25T10:31:37+00:00","dateModified":"2025-10-25T10:43:38+00:00","breadcrumb":{"@id":"https:\/\/climatemaster.ge\/az\/product\/heat-recovery-ventilator-200-2000-m%c2%b3-h-hrv-da-hrv-d200a-hrv-d300a-hrv-d400a-hrv-d500a-hrv-d800a-hrv-d1000a-hrv-d1500a-hrv-d2000a-midea\/#breadcrumb"},"inLanguage":"az","potentialAction":[{"@type":"ReadAction","target":["https:\/\/climatemaster.ge\/az\/product\/heat-recovery-ventilator-200-2000-m%c2%b3-h-hrv-da-hrv-d200a-hrv-d300a-hrv-d400a-hrv-d500a-hrv-d800a-hrv-d1000a-hrv-d1500a-hrv-d2000a-midea\/"]}]},{"@type":"ImageObject","inLanguage":"az","@id":"https:\/\/climatemaster.ge\/az\/product\/heat-recovery-ventilator-200-2000-m%c2%b3-h-hrv-da-hrv-d200a-hrv-d300a-hrv-d400a-hrv-d500a-hrv-d800a-hrv-d1000a-hrv-d1500a-hrv-d2000a-midea\/#primaryimage","url":"https:\/\/climatemaster.ge\/wp-content\/uploads\/2025\/10\/HRV-1000_RESULT-1.webp","contentUrl":"https:\/\/climatemaster.ge\/wp-content\/uploads\/2025\/10\/HRV-1000_RESULT-1.webp","width":768,"height":768},{"@type":"BreadcrumbList","@id":"https:\/\/climatemaster.ge\/az\/product\/heat-recovery-ventilator-200-2000-m%c2%b3-h-hrv-da-hrv-d200a-hrv-d300a-hrv-d400a-hrv-d500a-hrv-d800a-hrv-d1000a-hrv-d1500a-hrv-d2000a-midea\/#breadcrumb","itemListElement":[{"@type":"ListItem","position":1,"name":"Home","item":"https:\/\/climatemaster.ge\/"},{"@type":"ListItem","position":2,"name":"M\u0259hsullar","item":"https:\/\/climatemaster.ge\/products\/"},{"@type":"ListItem","position":3,"name":"\u0130stilik B\u0259rpa Ventilyatoru 200 &#8211; 2000 m\u00b3\/saat HRV-D***(A) HRV-D200(A) HRV-D300(A) HRV-D400(A) HRV-D500(A) HRV-D800(A) HRV-D1000(A) HRV-D1500(A) HRV-D2000(A) MIDEA"}]},{"@type":"WebSite","@id":"https:\/\/climatemaster.ge\/#website","url":"https:\/\/climatemaster.ge\/","name":"Climate Master","description":"","publisher":{"@id":"https:\/\/climatemaster.ge\/#organization"},"potentialAction":[{"@type":"SearchAction","target":{"@type":"EntryPoint","urlTemplate":"https:\/\/climatemaster.ge\/?s={search_term_string}"},"query-input":{"@type":"PropertyValueSpecification","valueRequired":true,"valueName":"search_term_string"}}],"inLanguage":"az"},{"@type":"Organization","@id":"https:\/\/climatemaster.ge\/#organization","name":"Climate Master","url":"https:\/\/climatemaster.ge\/","logo":{"@type":"ImageObject","inLanguage":"az","@id":"https:\/\/climatemaster.ge\/#\/schema\/logo\/image\/","url":"https:\/\/climatemaster.ge\/wp-content\/uploads\/2026\/03\/Untitled-2.png","contentUrl":"https:\/\/climatemaster.ge\/wp-content\/uploads\/2026\/03\/Untitled-2.png","width":600,"height":338,"caption":"Climate Master"},"image":{"@id":"https:\/\/climatemaster.ge\/#\/schema\/logo\/image\/"}}]}},"_links":{"self":[{"href":"https:\/\/climatemaster.ge\/az\/wp-json\/wp\/v2\/product\/43305","targetHints":{"allow":["GET"]}}],"collection":[{"href":"https:\/\/climatemaster.ge\/az\/wp-json\/wp\/v2\/product"}],"about":[{"href":"https:\/\/climatemaster.ge\/az\/wp-json\/wp\/v2\/types\/product"}],"wp:featuredmedia":[{"embeddable":true,"href":"https:\/\/climatemaster.ge\/az\/wp-json\/wp\/v2\/media\/43288"}],"wp:attachment":[{"href":"https:\/\/climatemaster.ge\/az\/wp-json\/wp\/v2\/media?parent=43305"}],"wp:term":[{"taxonomy":"product_brand","embeddable":true,"href":"https:\/\/climatemaster.ge\/az\/wp-json\/wp\/v2\/product_brand?post=43305"},{"taxonomy":"product_cat","embeddable":true,"href":"https:\/\/climatemaster.ge\/az\/wp-json\/wp\/v2\/product_cat?post=43305"},{"taxonomy":"product_tag","embeddable":true,"href":"https:\/\/climatemaster.ge\/az\/wp-json\/wp\/v2\/product_tag?post=43305"}],"curies":[{"name":"wp","href":"https:\/\/api.w.org\/{rel}","templated":true}]}}