{"id":43186,"date":"2025-10-18T18:33:54","date_gmt":"2025-10-18T14:33:54","guid":{"rendered":"https:\/\/airsystems.ge\/shop\/product\/vrf-system-indoor-unit-cassette-compact-cassette-2nd-generation-dc-2-8-4-5-kw-mi2-q4cdn1-mi2-22q4cdn1-mi2-28q4cdn1-mi2-36q4cdn1-mi2-45q4cdn1-midea\/"},"modified":"2025-10-18T18:38:36","modified_gmt":"2025-10-18T14:38:36","slug":"vrf-system-indoor-unit-cassette-compact-cassette-2nd-generation-dc-2-8-4-5-kw-mi2-q4cdn1-mi2-22q4cdn1-mi2-28q4cdn1-mi2-36q4cdn1-mi2-45q4cdn1-midea","status":"publish","type":"product","link":"https:\/\/climatemaster.ge\/az\/product\/vrf-system-indoor-unit-cassette-compact-cassette-2nd-generation-dc-2-8-4-5-kw-mi2-q4cdn1-mi2-22q4cdn1-mi2-28q4cdn1-mi2-36q4cdn1-mi2-45q4cdn1-midea\/","title":{"rendered":"VRF Sistemi Daxili blok kaseti  Kompakt Kaset, 2-ci N\u0259sil, Dc 2,8 &#8211; 4,5 kVt MI2-**Q4CDN1  MI2-22Q4CDN1 MI2-28Q4CDN1 MI2-36Q4CDN1 MI2-45Q4CDN1  MIDEA"},"content":{"rendered":"","protected":false},"excerpt":{"rendered":"<section class=\"section_product-inner-hero\">\n<div class=\"padding-global\">\n<div id=\"lg-parent\" class=\"grid\">\n<div id=\"w-node-c63541f9-43bc-1c18-7844-90c28a81f2cb-875f3092\" class=\"product-inner_info-block\">\n<div class=\"product-inner_info-block-inner\">\n<div class=\"product-inner_text-block\">\n<h1>Kompakt Kaset, 2-ci N\u0259sil, Dc<\/h1>\n<p>M\u0259hsulun spesifikasiyas\u0131<\/p>\n<p>2-ci N\u0259sil Y\u0131\u011fcam D\u00f6rd Yollu Kaset<\/p>\n<p>7 S\u00fcr\u0259tli \u0130nverter Texnologiyas\u0131<br \/>\nKompakt \u00d6l\u00e7\u00fc, Asan Qura\u015fd\u0131r\u0131l\u0131r<br \/>\n360\u00b0 Hava ax\u0131n\u0131: Vahid hava paylanmas\u0131n\u0131 t\u0259min edir<br \/>\nF\u0259rdi Louver N\u0259zar\u0259ti<br \/>\nDrenaj Pompas\u0131 Lift H\u00fcnd\u00fcrl\u00fcy\u00fc: 75 sm<br \/>\nT\u0259miz Hava Q\u0259bul Liman\u0131: 10%-\u0259 q\u0259d\u0259r<br \/>\nSakit \u018fm\u0259liyyat<\/p>\n<\/div>\n<\/div>\n<\/div>\n<\/div>\n<\/div>\n<\/section>\n","protected":false},"featured_media":43180,"template":"","meta":[],"product_brand":[],"product_cat":[1993],"product_tag":[],"class_list":{"0":"post-43186","1":"product","2":"type-product","3":"status-publish","4":"has-post-thumbnail","6":"product_cat-vrf-sistemi","8":"first","9":"instock","10":"shipping-taxable","11":"product-type-simple"},"yoast_head":"<!-- This site is optimized with the Yoast SEO plugin v27.1.1 - https:\/\/yoast.com\/product\/yoast-seo-wordpress\/ -->\n<title>VRF Sistemi Daxili blok kaseti Kompakt Kaset, 2-ci N\u0259sil, Dc 2,8 - 4,5 kVt MI2-**Q4CDN1 MI2-22Q4CDN1 MI2-28Q4CDN1 MI2-36Q4CDN1 MI2-45Q4CDN1 MIDEA - Climate Master<\/title>\n<meta name=\"robots\" content=\"index, follow, max-snippet:-1, max-image-preview:large, max-video-preview:-1\" \/>\n<link rel=\"canonical\" href=\"https:\/\/climatemaster.ge\/az\/product\/vrf-system-indoor-unit-cassette-compact-cassette-2nd-generation-dc-2-8-4-5-kw-mi2-q4cdn1-mi2-22q4cdn1-mi2-28q4cdn1-mi2-36q4cdn1-mi2-45q4cdn1-midea\/\" \/>\n<meta property=\"og:locale\" content=\"az_AZ\" \/>\n<meta property=\"og:type\" content=\"article\" \/>\n<meta property=\"og:title\" content=\"VRF Sistemi Daxili blok kaseti Kompakt Kaset, 2-ci N\u0259sil, Dc 2,8 - 4,5 kVt MI2-**Q4CDN1 MI2-22Q4CDN1 MI2-28Q4CDN1 MI2-36Q4CDN1 MI2-45Q4CDN1 MIDEA - Climate Master\" \/>\n<meta property=\"og:description\" content=\"Kompakt Kaset, 2-ci N\u0259sil, Dc M\u0259hsulun spesifikasiyas\u0131  2-ci N\u0259sil Y\u0131\u011fcam D\u00f6rd Yollu Kaset  7 S\u00fcr\u0259tli \u0130nverter Texnologiyas\u0131 Kompakt \u00d6l\u00e7\u00fc, Asan Qura\u015fd\u0131r\u0131l\u0131r 360\u00b0 Hava ax\u0131n\u0131: Vahid hava paylanmas\u0131n\u0131 t\u0259min edir F\u0259rdi Louver N\u0259zar\u0259ti Drenaj Pompas\u0131 Lift H\u00fcnd\u00fcrl\u00fcy\u00fc: 75 sm T\u0259miz Hava Q\u0259bul Liman\u0131: 10%-\u0259 q\u0259d\u0259r Sakit \u018fm\u0259liyyat\" \/>\n<meta property=\"og:url\" content=\"https:\/\/climatemaster.ge\/az\/product\/vrf-system-indoor-unit-cassette-compact-cassette-2nd-generation-dc-2-8-4-5-kw-mi2-q4cdn1-mi2-22q4cdn1-mi2-28q4cdn1-mi2-36q4cdn1-mi2-45q4cdn1-midea\/\" \/>\n<meta property=\"og:site_name\" content=\"Climate Master\" \/>\n<meta property=\"article:modified_time\" content=\"2025-10-18T14:38:36+00:00\" \/>\n<meta property=\"og:image\" content=\"https:\/\/climatemaster.ge\/wp-content\/uploads\/2025\/10\/cq5dam.web_.5000.5000_c-2.webp\" \/>\n\t<meta property=\"og:image:width\" content=\"768\" \/>\n\t<meta property=\"og:image:height\" content=\"768\" \/>\n\t<meta property=\"og:image:type\" content=\"image\/webp\" \/>\n<meta name=\"twitter:card\" content=\"summary_large_image\" \/>\n<script type=\"application\/ld+json\" class=\"yoast-schema-graph\">{\"@context\":\"https:\/\/schema.org\",\"@graph\":[{\"@type\":\"WebPage\",\"@id\":\"https:\/\/climatemaster.ge\/az\/product\/vrf-system-indoor-unit-cassette-compact-cassette-2nd-generation-dc-2-8-4-5-kw-mi2-q4cdn1-mi2-22q4cdn1-mi2-28q4cdn1-mi2-36q4cdn1-mi2-45q4cdn1-midea\/\",\"url\":\"https:\/\/climatemaster.ge\/az\/product\/vrf-system-indoor-unit-cassette-compact-cassette-2nd-generation-dc-2-8-4-5-kw-mi2-q4cdn1-mi2-22q4cdn1-mi2-28q4cdn1-mi2-36q4cdn1-mi2-45q4cdn1-midea\/\",\"name\":\"VRF Sistemi Daxili blok kaseti Kompakt Kaset, 2-ci N\u0259sil, Dc 2,8 - 4,5 kVt MI2-**Q4CDN1 MI2-22Q4CDN1 MI2-28Q4CDN1 MI2-36Q4CDN1 MI2-45Q4CDN1 MIDEA - Climate Master\",\"isPartOf\":{\"@id\":\"https:\/\/climatemaster.ge\/#website\"},\"primaryImageOfPage\":{\"@id\":\"https:\/\/climatemaster.ge\/az\/product\/vrf-system-indoor-unit-cassette-compact-cassette-2nd-generation-dc-2-8-4-5-kw-mi2-q4cdn1-mi2-22q4cdn1-mi2-28q4cdn1-mi2-36q4cdn1-mi2-45q4cdn1-midea\/#primaryimage\"},\"image\":{\"@id\":\"https:\/\/climatemaster.ge\/az\/product\/vrf-system-indoor-unit-cassette-compact-cassette-2nd-generation-dc-2-8-4-5-kw-mi2-q4cdn1-mi2-22q4cdn1-mi2-28q4cdn1-mi2-36q4cdn1-mi2-45q4cdn1-midea\/#primaryimage\"},\"thumbnailUrl\":\"https:\/\/climatemaster.ge\/wp-content\/uploads\/2025\/10\/cq5dam.web_.5000.5000_c-2.webp\",\"datePublished\":\"2025-10-18T14:33:54+00:00\",\"dateModified\":\"2025-10-18T14:38:36+00:00\",\"breadcrumb\":{\"@id\":\"https:\/\/climatemaster.ge\/az\/product\/vrf-system-indoor-unit-cassette-compact-cassette-2nd-generation-dc-2-8-4-5-kw-mi2-q4cdn1-mi2-22q4cdn1-mi2-28q4cdn1-mi2-36q4cdn1-mi2-45q4cdn1-midea\/#breadcrumb\"},\"inLanguage\":\"az\",\"potentialAction\":[{\"@type\":\"ReadAction\",\"target\":[\"https:\/\/climatemaster.ge\/az\/product\/vrf-system-indoor-unit-cassette-compact-cassette-2nd-generation-dc-2-8-4-5-kw-mi2-q4cdn1-mi2-22q4cdn1-mi2-28q4cdn1-mi2-36q4cdn1-mi2-45q4cdn1-midea\/\"]}]},{\"@type\":\"ImageObject\",\"inLanguage\":\"az\",\"@id\":\"https:\/\/climatemaster.ge\/az\/product\/vrf-system-indoor-unit-cassette-compact-cassette-2nd-generation-dc-2-8-4-5-kw-mi2-q4cdn1-mi2-22q4cdn1-mi2-28q4cdn1-mi2-36q4cdn1-mi2-45q4cdn1-midea\/#primaryimage\",\"url\":\"https:\/\/climatemaster.ge\/wp-content\/uploads\/2025\/10\/cq5dam.web_.5000.5000_c-2.webp\",\"contentUrl\":\"https:\/\/climatemaster.ge\/wp-content\/uploads\/2025\/10\/cq5dam.web_.5000.5000_c-2.webp\",\"width\":768,\"height\":768},{\"@type\":\"BreadcrumbList\",\"@id\":\"https:\/\/climatemaster.ge\/az\/product\/vrf-system-indoor-unit-cassette-compact-cassette-2nd-generation-dc-2-8-4-5-kw-mi2-q4cdn1-mi2-22q4cdn1-mi2-28q4cdn1-mi2-36q4cdn1-mi2-45q4cdn1-midea\/#breadcrumb\",\"itemListElement\":[{\"@type\":\"ListItem\",\"position\":1,\"name\":\"Home\",\"item\":\"https:\/\/climatemaster.ge\/\"},{\"@type\":\"ListItem\",\"position\":2,\"name\":\"M\u0259hsullar\",\"item\":\"https:\/\/climatemaster.ge\/products\/\"},{\"@type\":\"ListItem\",\"position\":3,\"name\":\"VRF Sistemi Daxili blok kaseti Kompakt Kaset, 2-ci N\u0259sil, Dc 2,8 &#8211; 4,5 kVt MI2-**Q4CDN1 MI2-22Q4CDN1 MI2-28Q4CDN1 MI2-36Q4CDN1 MI2-45Q4CDN1 MIDEA\"}]},{\"@type\":\"WebSite\",\"@id\":\"https:\/\/climatemaster.ge\/#website\",\"url\":\"https:\/\/climatemaster.ge\/\",\"name\":\"Climate Master\",\"description\":\"\",\"publisher\":{\"@id\":\"https:\/\/climatemaster.ge\/#organization\"},\"potentialAction\":[{\"@type\":\"SearchAction\",\"target\":{\"@type\":\"EntryPoint\",\"urlTemplate\":\"https:\/\/climatemaster.ge\/?s={search_term_string}\"},\"query-input\":{\"@type\":\"PropertyValueSpecification\",\"valueRequired\":true,\"valueName\":\"search_term_string\"}}],\"inLanguage\":\"az\"},{\"@type\":\"Organization\",\"@id\":\"https:\/\/climatemaster.ge\/#organization\",\"name\":\"Climate Master\",\"url\":\"https:\/\/climatemaster.ge\/\",\"logo\":{\"@type\":\"ImageObject\",\"inLanguage\":\"az\",\"@id\":\"https:\/\/climatemaster.ge\/#\/schema\/logo\/image\/\",\"url\":\"https:\/\/climatemaster.ge\/wp-content\/uploads\/2026\/03\/Untitled-2.png\",\"contentUrl\":\"https:\/\/climatemaster.ge\/wp-content\/uploads\/2026\/03\/Untitled-2.png\",\"width\":600,\"height\":338,\"caption\":\"Climate Master\"},\"image\":{\"@id\":\"https:\/\/climatemaster.ge\/#\/schema\/logo\/image\/\"}}]}<\/script>\n<!-- \/ Yoast SEO plugin. -->","yoast_head_json":{"title":"VRF Sistemi Daxili blok kaseti Kompakt Kaset, 2-ci N\u0259sil, Dc 2,8 - 4,5 kVt MI2-**Q4CDN1 MI2-22Q4CDN1 MI2-28Q4CDN1 MI2-36Q4CDN1 MI2-45Q4CDN1 MIDEA - Climate Master","robots":{"index":"index","follow":"follow","max-snippet":"max-snippet:-1","max-image-preview":"max-image-preview:large","max-video-preview":"max-video-preview:-1"},"canonical":"https:\/\/climatemaster.ge\/az\/product\/vrf-system-indoor-unit-cassette-compact-cassette-2nd-generation-dc-2-8-4-5-kw-mi2-q4cdn1-mi2-22q4cdn1-mi2-28q4cdn1-mi2-36q4cdn1-mi2-45q4cdn1-midea\/","og_locale":"az_AZ","og_type":"article","og_title":"VRF Sistemi Daxili blok kaseti Kompakt Kaset, 2-ci N\u0259sil, Dc 2,8 - 4,5 kVt MI2-**Q4CDN1 MI2-22Q4CDN1 MI2-28Q4CDN1 MI2-36Q4CDN1 MI2-45Q4CDN1 MIDEA - Climate Master","og_description":"Kompakt Kaset, 2-ci N\u0259sil, Dc M\u0259hsulun spesifikasiyas\u0131  2-ci N\u0259sil Y\u0131\u011fcam D\u00f6rd Yollu Kaset  7 S\u00fcr\u0259tli \u0130nverter Texnologiyas\u0131 Kompakt \u00d6l\u00e7\u00fc, Asan Qura\u015fd\u0131r\u0131l\u0131r 360\u00b0 Hava ax\u0131n\u0131: Vahid hava paylanmas\u0131n\u0131 t\u0259min edir F\u0259rdi Louver N\u0259zar\u0259ti Drenaj Pompas\u0131 Lift H\u00fcnd\u00fcrl\u00fcy\u00fc: 75 sm T\u0259miz Hava Q\u0259bul Liman\u0131: 10%-\u0259 q\u0259d\u0259r Sakit \u018fm\u0259liyyat","og_url":"https:\/\/climatemaster.ge\/az\/product\/vrf-system-indoor-unit-cassette-compact-cassette-2nd-generation-dc-2-8-4-5-kw-mi2-q4cdn1-mi2-22q4cdn1-mi2-28q4cdn1-mi2-36q4cdn1-mi2-45q4cdn1-midea\/","og_site_name":"Climate Master","article_modified_time":"2025-10-18T14:38:36+00:00","og_image":[{"width":768,"height":768,"url":"https:\/\/climatemaster.ge\/wp-content\/uploads\/2025\/10\/cq5dam.web_.5000.5000_c-2.webp","type":"image\/webp"}],"twitter_card":"summary_large_image","schema":{"@context":"https:\/\/schema.org","@graph":[{"@type":"WebPage","@id":"https:\/\/climatemaster.ge\/az\/product\/vrf-system-indoor-unit-cassette-compact-cassette-2nd-generation-dc-2-8-4-5-kw-mi2-q4cdn1-mi2-22q4cdn1-mi2-28q4cdn1-mi2-36q4cdn1-mi2-45q4cdn1-midea\/","url":"https:\/\/climatemaster.ge\/az\/product\/vrf-system-indoor-unit-cassette-compact-cassette-2nd-generation-dc-2-8-4-5-kw-mi2-q4cdn1-mi2-22q4cdn1-mi2-28q4cdn1-mi2-36q4cdn1-mi2-45q4cdn1-midea\/","name":"VRF Sistemi Daxili blok kaseti Kompakt Kaset, 2-ci N\u0259sil, Dc 2,8 - 4,5 kVt MI2-**Q4CDN1 MI2-22Q4CDN1 MI2-28Q4CDN1 MI2-36Q4CDN1 MI2-45Q4CDN1 MIDEA - Climate Master","isPartOf":{"@id":"https:\/\/climatemaster.ge\/#website"},"primaryImageOfPage":{"@id":"https:\/\/climatemaster.ge\/az\/product\/vrf-system-indoor-unit-cassette-compact-cassette-2nd-generation-dc-2-8-4-5-kw-mi2-q4cdn1-mi2-22q4cdn1-mi2-28q4cdn1-mi2-36q4cdn1-mi2-45q4cdn1-midea\/#primaryimage"},"image":{"@id":"https:\/\/climatemaster.ge\/az\/product\/vrf-system-indoor-unit-cassette-compact-cassette-2nd-generation-dc-2-8-4-5-kw-mi2-q4cdn1-mi2-22q4cdn1-mi2-28q4cdn1-mi2-36q4cdn1-mi2-45q4cdn1-midea\/#primaryimage"},"thumbnailUrl":"https:\/\/climatemaster.ge\/wp-content\/uploads\/2025\/10\/cq5dam.web_.5000.5000_c-2.webp","datePublished":"2025-10-18T14:33:54+00:00","dateModified":"2025-10-18T14:38:36+00:00","breadcrumb":{"@id":"https:\/\/climatemaster.ge\/az\/product\/vrf-system-indoor-unit-cassette-compact-cassette-2nd-generation-dc-2-8-4-5-kw-mi2-q4cdn1-mi2-22q4cdn1-mi2-28q4cdn1-mi2-36q4cdn1-mi2-45q4cdn1-midea\/#breadcrumb"},"inLanguage":"az","potentialAction":[{"@type":"ReadAction","target":["https:\/\/climatemaster.ge\/az\/product\/vrf-system-indoor-unit-cassette-compact-cassette-2nd-generation-dc-2-8-4-5-kw-mi2-q4cdn1-mi2-22q4cdn1-mi2-28q4cdn1-mi2-36q4cdn1-mi2-45q4cdn1-midea\/"]}]},{"@type":"ImageObject","inLanguage":"az","@id":"https:\/\/climatemaster.ge\/az\/product\/vrf-system-indoor-unit-cassette-compact-cassette-2nd-generation-dc-2-8-4-5-kw-mi2-q4cdn1-mi2-22q4cdn1-mi2-28q4cdn1-mi2-36q4cdn1-mi2-45q4cdn1-midea\/#primaryimage","url":"https:\/\/climatemaster.ge\/wp-content\/uploads\/2025\/10\/cq5dam.web_.5000.5000_c-2.webp","contentUrl":"https:\/\/climatemaster.ge\/wp-content\/uploads\/2025\/10\/cq5dam.web_.5000.5000_c-2.webp","width":768,"height":768},{"@type":"BreadcrumbList","@id":"https:\/\/climatemaster.ge\/az\/product\/vrf-system-indoor-unit-cassette-compact-cassette-2nd-generation-dc-2-8-4-5-kw-mi2-q4cdn1-mi2-22q4cdn1-mi2-28q4cdn1-mi2-36q4cdn1-mi2-45q4cdn1-midea\/#breadcrumb","itemListElement":[{"@type":"ListItem","position":1,"name":"Home","item":"https:\/\/climatemaster.ge\/"},{"@type":"ListItem","position":2,"name":"M\u0259hsullar","item":"https:\/\/climatemaster.ge\/products\/"},{"@type":"ListItem","position":3,"name":"VRF Sistemi Daxili blok kaseti Kompakt Kaset, 2-ci N\u0259sil, Dc 2,8 &#8211; 4,5 kVt MI2-**Q4CDN1 MI2-22Q4CDN1 MI2-28Q4CDN1 MI2-36Q4CDN1 MI2-45Q4CDN1 MIDEA"}]},{"@type":"WebSite","@id":"https:\/\/climatemaster.ge\/#website","url":"https:\/\/climatemaster.ge\/","name":"Climate Master","description":"","publisher":{"@id":"https:\/\/climatemaster.ge\/#organization"},"potentialAction":[{"@type":"SearchAction","target":{"@type":"EntryPoint","urlTemplate":"https:\/\/climatemaster.ge\/?s={search_term_string}"},"query-input":{"@type":"PropertyValueSpecification","valueRequired":true,"valueName":"search_term_string"}}],"inLanguage":"az"},{"@type":"Organization","@id":"https:\/\/climatemaster.ge\/#organization","name":"Climate Master","url":"https:\/\/climatemaster.ge\/","logo":{"@type":"ImageObject","inLanguage":"az","@id":"https:\/\/climatemaster.ge\/#\/schema\/logo\/image\/","url":"https:\/\/climatemaster.ge\/wp-content\/uploads\/2026\/03\/Untitled-2.png","contentUrl":"https:\/\/climatemaster.ge\/wp-content\/uploads\/2026\/03\/Untitled-2.png","width":600,"height":338,"caption":"Climate Master"},"image":{"@id":"https:\/\/climatemaster.ge\/#\/schema\/logo\/image\/"}}]}},"_links":{"self":[{"href":"https:\/\/climatemaster.ge\/az\/wp-json\/wp\/v2\/product\/43186","targetHints":{"allow":["GET"]}}],"collection":[{"href":"https:\/\/climatemaster.ge\/az\/wp-json\/wp\/v2\/product"}],"about":[{"href":"https:\/\/climatemaster.ge\/az\/wp-json\/wp\/v2\/types\/product"}],"wp:featuredmedia":[{"embeddable":true,"href":"https:\/\/climatemaster.ge\/az\/wp-json\/wp\/v2\/media\/43180"}],"wp:attachment":[{"href":"https:\/\/climatemaster.ge\/az\/wp-json\/wp\/v2\/media?parent=43186"}],"wp:term":[{"taxonomy":"product_brand","embeddable":true,"href":"https:\/\/climatemaster.ge\/az\/wp-json\/wp\/v2\/product_brand?post=43186"},{"taxonomy":"product_cat","embeddable":true,"href":"https:\/\/climatemaster.ge\/az\/wp-json\/wp\/v2\/product_cat?post=43186"},{"taxonomy":"product_tag","embeddable":true,"href":"https:\/\/climatemaster.ge\/az\/wp-json\/wp\/v2\/product_tag?post=43186"}],"curies":[{"name":"wp","href":"https:\/\/api.w.org\/{rel}","templated":true}]}}