{"id":43153,"date":"2025-10-18T17:20:15","date_gmt":"2025-10-18T13:20:15","guid":{"rendered":"https:\/\/airsystems.ge\/shop\/product\/vrf-system-indoor-unit-cassette-four-way-cassette-second-generation-ac-2-8-16-kw-mdv-dq4-n1-eb-mdv-d28q4-n1-eb-mdv-d36q4-n1-eb-mdv-d45q4-n1-eb-mdv-d56q4-n1-eb-mdv-d71q4-n1-eb-mdv-d8\/"},"modified":"2025-10-18T17:25:59","modified_gmt":"2025-10-18T13:25:59","slug":"vrf-system-indoor-unit-cassette-four-way-cassette-second-generation-ac-2-8-16-kw-mdv-dq4-n1-eb-mdv-d28q4-n1-eb-mdv-d36q4-n1-eb-mdv-d45q4-n1-eb-mdv-d56q4-n1-eb-mdv-d71q4-n1-eb-mdv-d8","status":"publish","type":"product","link":"https:\/\/climatemaster.ge\/az\/product\/vrf-system-indoor-unit-cassette-four-way-cassette-second-generation-ac-2-8-16-kw-mdv-dq4-n1-eb-mdv-d28q4-n1-eb-mdv-d36q4-n1-eb-mdv-d45q4-n1-eb-mdv-d56q4-n1-eb-mdv-d71q4-n1-eb-mdv-d8\/","title":{"rendered":"VRF Sistemi Daxili blok kaseti D\u00f6rd Y\u00f6nl\u00fc Kaset, \u0130kinci N\u0259sil, AC 2,8 &#8211; 16 kVt MDV-D**Q4\/N1-E(B)  MDV-D28Q4\/N1-E(B) MDV-D36Q4\/N1-E(B) MDV-D45Q4\/N1-E(B) MDV-D56Q4\/N1-E(B) MDV-D71Q4\/N1-E(B) MDV-D80Q4\/N1-E(B) MDV-D90Q4\/N1-E(B) MDV-D100Q4\/N1-E(B) MDV-D112Q4\/N1-E(B) MDV-D140Q4\/N1-E(B)  MIDEA"},"content":{"rendered":"","protected":false},"excerpt":{"rendered":"<h1>D\u00f6rd Y\u00f6nl\u00fc Kaset, \u0130kinci N\u0259sil, AC<\/h1>\n<p>M\u0259hsulun spesifikasiyas\u0131<\/p>\n<p>2-ci n\u0259sil d\u00f6rd yollu kaset<\/p>\n<p>3 Fan S\u00fcr\u0259ti<br \/>\n360\u00b0 Hava ax\u0131n\u0131: Vahid hava paylanmas\u0131n\u0131 t\u0259min edir<br \/>\nF\u0259rdi Louver N\u0259zar\u0259ti<br \/>\nDrenaj Pompas\u0131 Lift H\u00fcnd\u00fcrl\u00fcy\u00fc: 75 sm<br \/>\nT\u0259miz Hava Q\u0259bul Liman\u0131: 10%-\u0259 q\u0259d\u0259r<\/p>\n","protected":false},"featured_media":43147,"template":"","meta":[],"product_brand":[],"product_cat":[1993],"product_tag":[],"class_list":{"0":"post-43153","1":"product","2":"type-product","3":"status-publish","4":"has-post-thumbnail","6":"product_cat-vrf-sistemi","8":"first","9":"instock","10":"shipping-taxable","11":"product-type-simple"},"yoast_head":"<!-- This site is optimized with the Yoast SEO plugin v27.1.1 - https:\/\/yoast.com\/product\/yoast-seo-wordpress\/ -->\n<title>VRF Sistemi Daxili blok kaseti D\u00f6rd Y\u00f6nl\u00fc Kaset, \u0130kinci N\u0259sil, AC 2,8 - 16 kVt MDV-D**Q4\/N1-E(B) MDV-D28Q4\/N1-E(B) MDV-D36Q4\/N1-E(B) MDV-D45Q4\/N1-E(B) MDV-D56Q4\/N1-E(B) MDV-D71Q4\/N1-E(B) MDV-D80Q4\/N1-E(B) MDV-D90Q4\/N1-E(B) MDV-D100Q4\/N1-E(B) MDV-D112Q4\/N1-E(B) MDV-D140Q4\/N1-E(B) MIDEA - Climate Master<\/title>\n<meta name=\"robots\" content=\"index, follow, max-snippet:-1, max-image-preview:large, max-video-preview:-1\" \/>\n<link rel=\"canonical\" href=\"https:\/\/climatemaster.ge\/az\/product\/vrf-system-indoor-unit-cassette-four-way-cassette-second-generation-ac-2-8-16-kw-mdv-dq4-n1-eb-mdv-d28q4-n1-eb-mdv-d36q4-n1-eb-mdv-d45q4-n1-eb-mdv-d56q4-n1-eb-mdv-d71q4-n1-eb-mdv-d8\/\" \/>\n<meta property=\"og:locale\" content=\"az_AZ\" \/>\n<meta property=\"og:type\" content=\"article\" \/>\n<meta property=\"og:title\" content=\"VRF Sistemi Daxili blok kaseti D\u00f6rd Y\u00f6nl\u00fc Kaset, \u0130kinci N\u0259sil, AC 2,8 - 16 kVt MDV-D**Q4\/N1-E(B) MDV-D28Q4\/N1-E(B) MDV-D36Q4\/N1-E(B) MDV-D45Q4\/N1-E(B) MDV-D56Q4\/N1-E(B) MDV-D71Q4\/N1-E(B) MDV-D80Q4\/N1-E(B) MDV-D90Q4\/N1-E(B) MDV-D100Q4\/N1-E(B) MDV-D112Q4\/N1-E(B) MDV-D140Q4\/N1-E(B) MIDEA - Climate Master\" \/>\n<meta property=\"og:description\" content=\"D\u00f6rd Y\u00f6nl\u00fc Kaset, \u0130kinci N\u0259sil, AC M\u0259hsulun spesifikasiyas\u0131  2-ci n\u0259sil d\u00f6rd yollu kaset  3 Fan S\u00fcr\u0259ti 360\u00b0 Hava ax\u0131n\u0131: Vahid hava paylanmas\u0131n\u0131 t\u0259min edir F\u0259rdi Louver N\u0259zar\u0259ti Drenaj Pompas\u0131 Lift H\u00fcnd\u00fcrl\u00fcy\u00fc: 75 sm T\u0259miz Hava Q\u0259bul Liman\u0131: 10%-\u0259 q\u0259d\u0259r\" \/>\n<meta property=\"og:url\" content=\"https:\/\/climatemaster.ge\/az\/product\/vrf-system-indoor-unit-cassette-four-way-cassette-second-generation-ac-2-8-16-kw-mdv-dq4-n1-eb-mdv-d28q4-n1-eb-mdv-d36q4-n1-eb-mdv-d45q4-n1-eb-mdv-d56q4-n1-eb-mdv-d71q4-n1-eb-mdv-d8\/\" \/>\n<meta property=\"og:site_name\" content=\"Climate Master\" \/>\n<meta property=\"article:modified_time\" content=\"2025-10-18T13:25:59+00:00\" \/>\n<meta property=\"og:image\" content=\"https:\/\/climatemaster.ge\/wp-content\/uploads\/2025\/10\/cq5dam.web_.5000.5000_c-1.webp\" \/>\n\t<meta property=\"og:image:width\" content=\"768\" \/>\n\t<meta property=\"og:image:height\" content=\"768\" \/>\n\t<meta property=\"og:image:type\" content=\"image\/webp\" \/>\n<meta name=\"twitter:card\" content=\"summary_large_image\" \/>\n<script type=\"application\/ld+json\" class=\"yoast-schema-graph\">{\"@context\":\"https:\/\/schema.org\",\"@graph\":[{\"@type\":\"WebPage\",\"@id\":\"https:\/\/climatemaster.ge\/az\/product\/vrf-system-indoor-unit-cassette-four-way-cassette-second-generation-ac-2-8-16-kw-mdv-dq4-n1-eb-mdv-d28q4-n1-eb-mdv-d36q4-n1-eb-mdv-d45q4-n1-eb-mdv-d56q4-n1-eb-mdv-d71q4-n1-eb-mdv-d8\/\",\"url\":\"https:\/\/climatemaster.ge\/az\/product\/vrf-system-indoor-unit-cassette-four-way-cassette-second-generation-ac-2-8-16-kw-mdv-dq4-n1-eb-mdv-d28q4-n1-eb-mdv-d36q4-n1-eb-mdv-d45q4-n1-eb-mdv-d56q4-n1-eb-mdv-d71q4-n1-eb-mdv-d8\/\",\"name\":\"VRF Sistemi Daxili blok kaseti D\u00f6rd Y\u00f6nl\u00fc Kaset, \u0130kinci N\u0259sil, AC 2,8 - 16 kVt MDV-D**Q4\/N1-E(B) MDV-D28Q4\/N1-E(B) MDV-D36Q4\/N1-E(B) MDV-D45Q4\/N1-E(B) MDV-D56Q4\/N1-E(B) MDV-D71Q4\/N1-E(B) MDV-D80Q4\/N1-E(B) MDV-D90Q4\/N1-E(B) MDV-D100Q4\/N1-E(B) MDV-D112Q4\/N1-E(B) MDV-D140Q4\/N1-E(B) MIDEA - Climate Master\",\"isPartOf\":{\"@id\":\"https:\/\/climatemaster.ge\/#website\"},\"primaryImageOfPage\":{\"@id\":\"https:\/\/climatemaster.ge\/az\/product\/vrf-system-indoor-unit-cassette-four-way-cassette-second-generation-ac-2-8-16-kw-mdv-dq4-n1-eb-mdv-d28q4-n1-eb-mdv-d36q4-n1-eb-mdv-d45q4-n1-eb-mdv-d56q4-n1-eb-mdv-d71q4-n1-eb-mdv-d8\/#primaryimage\"},\"image\":{\"@id\":\"https:\/\/climatemaster.ge\/az\/product\/vrf-system-indoor-unit-cassette-four-way-cassette-second-generation-ac-2-8-16-kw-mdv-dq4-n1-eb-mdv-d28q4-n1-eb-mdv-d36q4-n1-eb-mdv-d45q4-n1-eb-mdv-d56q4-n1-eb-mdv-d71q4-n1-eb-mdv-d8\/#primaryimage\"},\"thumbnailUrl\":\"https:\/\/climatemaster.ge\/wp-content\/uploads\/2025\/10\/cq5dam.web_.5000.5000_c-1.webp\",\"datePublished\":\"2025-10-18T13:20:15+00:00\",\"dateModified\":\"2025-10-18T13:25:59+00:00\",\"breadcrumb\":{\"@id\":\"https:\/\/climatemaster.ge\/az\/product\/vrf-system-indoor-unit-cassette-four-way-cassette-second-generation-ac-2-8-16-kw-mdv-dq4-n1-eb-mdv-d28q4-n1-eb-mdv-d36q4-n1-eb-mdv-d45q4-n1-eb-mdv-d56q4-n1-eb-mdv-d71q4-n1-eb-mdv-d8\/#breadcrumb\"},\"inLanguage\":\"az\",\"potentialAction\":[{\"@type\":\"ReadAction\",\"target\":[\"https:\/\/climatemaster.ge\/az\/product\/vrf-system-indoor-unit-cassette-four-way-cassette-second-generation-ac-2-8-16-kw-mdv-dq4-n1-eb-mdv-d28q4-n1-eb-mdv-d36q4-n1-eb-mdv-d45q4-n1-eb-mdv-d56q4-n1-eb-mdv-d71q4-n1-eb-mdv-d8\/\"]}]},{\"@type\":\"ImageObject\",\"inLanguage\":\"az\",\"@id\":\"https:\/\/climatemaster.ge\/az\/product\/vrf-system-indoor-unit-cassette-four-way-cassette-second-generation-ac-2-8-16-kw-mdv-dq4-n1-eb-mdv-d28q4-n1-eb-mdv-d36q4-n1-eb-mdv-d45q4-n1-eb-mdv-d56q4-n1-eb-mdv-d71q4-n1-eb-mdv-d8\/#primaryimage\",\"url\":\"https:\/\/climatemaster.ge\/wp-content\/uploads\/2025\/10\/cq5dam.web_.5000.5000_c-1.webp\",\"contentUrl\":\"https:\/\/climatemaster.ge\/wp-content\/uploads\/2025\/10\/cq5dam.web_.5000.5000_c-1.webp\",\"width\":768,\"height\":768},{\"@type\":\"BreadcrumbList\",\"@id\":\"https:\/\/climatemaster.ge\/az\/product\/vrf-system-indoor-unit-cassette-four-way-cassette-second-generation-ac-2-8-16-kw-mdv-dq4-n1-eb-mdv-d28q4-n1-eb-mdv-d36q4-n1-eb-mdv-d45q4-n1-eb-mdv-d56q4-n1-eb-mdv-d71q4-n1-eb-mdv-d8\/#breadcrumb\",\"itemListElement\":[{\"@type\":\"ListItem\",\"position\":1,\"name\":\"Home\",\"item\":\"https:\/\/climatemaster.ge\/\"},{\"@type\":\"ListItem\",\"position\":2,\"name\":\"M\u0259hsullar\",\"item\":\"https:\/\/climatemaster.ge\/products\/\"},{\"@type\":\"ListItem\",\"position\":3,\"name\":\"VRF Sistemi Daxili blok kaseti D\u00f6rd Y\u00f6nl\u00fc Kaset, \u0130kinci N\u0259sil, AC 2,8 &#8211; 16 kVt MDV-D**Q4\/N1-E(B) MDV-D28Q4\/N1-E(B) MDV-D36Q4\/N1-E(B) MDV-D45Q4\/N1-E(B) MDV-D56Q4\/N1-E(B) MDV-D71Q4\/N1-E(B) MDV-D80Q4\/N1-E(B) MDV-D90Q4\/N1-E(B) MDV-D100Q4\/N1-E(B) MDV-D112Q4\/N1-E(B) MDV-D140Q4\/N1-E(B) MIDEA\"}]},{\"@type\":\"WebSite\",\"@id\":\"https:\/\/climatemaster.ge\/#website\",\"url\":\"https:\/\/climatemaster.ge\/\",\"name\":\"Climate Master\",\"description\":\"\",\"publisher\":{\"@id\":\"https:\/\/climatemaster.ge\/#organization\"},\"potentialAction\":[{\"@type\":\"SearchAction\",\"target\":{\"@type\":\"EntryPoint\",\"urlTemplate\":\"https:\/\/climatemaster.ge\/?s={search_term_string}\"},\"query-input\":{\"@type\":\"PropertyValueSpecification\",\"valueRequired\":true,\"valueName\":\"search_term_string\"}}],\"inLanguage\":\"az\"},{\"@type\":\"Organization\",\"@id\":\"https:\/\/climatemaster.ge\/#organization\",\"name\":\"Climate Master\",\"url\":\"https:\/\/climatemaster.ge\/\",\"logo\":{\"@type\":\"ImageObject\",\"inLanguage\":\"az\",\"@id\":\"https:\/\/climatemaster.ge\/#\/schema\/logo\/image\/\",\"url\":\"https:\/\/climatemaster.ge\/wp-content\/uploads\/2026\/03\/Untitled-2.png\",\"contentUrl\":\"https:\/\/climatemaster.ge\/wp-content\/uploads\/2026\/03\/Untitled-2.png\",\"width\":600,\"height\":338,\"caption\":\"Climate Master\"},\"image\":{\"@id\":\"https:\/\/climatemaster.ge\/#\/schema\/logo\/image\/\"}}]}<\/script>\n<!-- \/ Yoast SEO plugin. -->","yoast_head_json":{"title":"VRF Sistemi Daxili blok kaseti D\u00f6rd Y\u00f6nl\u00fc Kaset, \u0130kinci N\u0259sil, AC 2,8 - 16 kVt MDV-D**Q4\/N1-E(B) MDV-D28Q4\/N1-E(B) MDV-D36Q4\/N1-E(B) MDV-D45Q4\/N1-E(B) MDV-D56Q4\/N1-E(B) MDV-D71Q4\/N1-E(B) MDV-D80Q4\/N1-E(B) MDV-D90Q4\/N1-E(B) MDV-D100Q4\/N1-E(B) MDV-D112Q4\/N1-E(B) MDV-D140Q4\/N1-E(B) MIDEA - Climate Master","robots":{"index":"index","follow":"follow","max-snippet":"max-snippet:-1","max-image-preview":"max-image-preview:large","max-video-preview":"max-video-preview:-1"},"canonical":"https:\/\/climatemaster.ge\/az\/product\/vrf-system-indoor-unit-cassette-four-way-cassette-second-generation-ac-2-8-16-kw-mdv-dq4-n1-eb-mdv-d28q4-n1-eb-mdv-d36q4-n1-eb-mdv-d45q4-n1-eb-mdv-d56q4-n1-eb-mdv-d71q4-n1-eb-mdv-d8\/","og_locale":"az_AZ","og_type":"article","og_title":"VRF Sistemi Daxili blok kaseti D\u00f6rd Y\u00f6nl\u00fc Kaset, \u0130kinci N\u0259sil, AC 2,8 - 16 kVt MDV-D**Q4\/N1-E(B) MDV-D28Q4\/N1-E(B) MDV-D36Q4\/N1-E(B) MDV-D45Q4\/N1-E(B) MDV-D56Q4\/N1-E(B) MDV-D71Q4\/N1-E(B) MDV-D80Q4\/N1-E(B) MDV-D90Q4\/N1-E(B) MDV-D100Q4\/N1-E(B) MDV-D112Q4\/N1-E(B) MDV-D140Q4\/N1-E(B) MIDEA - Climate Master","og_description":"D\u00f6rd Y\u00f6nl\u00fc Kaset, \u0130kinci N\u0259sil, AC M\u0259hsulun spesifikasiyas\u0131  2-ci n\u0259sil d\u00f6rd yollu kaset  3 Fan S\u00fcr\u0259ti 360\u00b0 Hava ax\u0131n\u0131: Vahid hava paylanmas\u0131n\u0131 t\u0259min edir F\u0259rdi Louver N\u0259zar\u0259ti Drenaj Pompas\u0131 Lift H\u00fcnd\u00fcrl\u00fcy\u00fc: 75 sm T\u0259miz Hava Q\u0259bul Liman\u0131: 10%-\u0259 q\u0259d\u0259r","og_url":"https:\/\/climatemaster.ge\/az\/product\/vrf-system-indoor-unit-cassette-four-way-cassette-second-generation-ac-2-8-16-kw-mdv-dq4-n1-eb-mdv-d28q4-n1-eb-mdv-d36q4-n1-eb-mdv-d45q4-n1-eb-mdv-d56q4-n1-eb-mdv-d71q4-n1-eb-mdv-d8\/","og_site_name":"Climate Master","article_modified_time":"2025-10-18T13:25:59+00:00","og_image":[{"width":768,"height":768,"url":"https:\/\/climatemaster.ge\/wp-content\/uploads\/2025\/10\/cq5dam.web_.5000.5000_c-1.webp","type":"image\/webp"}],"twitter_card":"summary_large_image","schema":{"@context":"https:\/\/schema.org","@graph":[{"@type":"WebPage","@id":"https:\/\/climatemaster.ge\/az\/product\/vrf-system-indoor-unit-cassette-four-way-cassette-second-generation-ac-2-8-16-kw-mdv-dq4-n1-eb-mdv-d28q4-n1-eb-mdv-d36q4-n1-eb-mdv-d45q4-n1-eb-mdv-d56q4-n1-eb-mdv-d71q4-n1-eb-mdv-d8\/","url":"https:\/\/climatemaster.ge\/az\/product\/vrf-system-indoor-unit-cassette-four-way-cassette-second-generation-ac-2-8-16-kw-mdv-dq4-n1-eb-mdv-d28q4-n1-eb-mdv-d36q4-n1-eb-mdv-d45q4-n1-eb-mdv-d56q4-n1-eb-mdv-d71q4-n1-eb-mdv-d8\/","name":"VRF Sistemi Daxili blok kaseti D\u00f6rd Y\u00f6nl\u00fc Kaset, \u0130kinci N\u0259sil, AC 2,8 - 16 kVt MDV-D**Q4\/N1-E(B) MDV-D28Q4\/N1-E(B) MDV-D36Q4\/N1-E(B) MDV-D45Q4\/N1-E(B) MDV-D56Q4\/N1-E(B) MDV-D71Q4\/N1-E(B) MDV-D80Q4\/N1-E(B) MDV-D90Q4\/N1-E(B) MDV-D100Q4\/N1-E(B) MDV-D112Q4\/N1-E(B) MDV-D140Q4\/N1-E(B) MIDEA - Climate Master","isPartOf":{"@id":"https:\/\/climatemaster.ge\/#website"},"primaryImageOfPage":{"@id":"https:\/\/climatemaster.ge\/az\/product\/vrf-system-indoor-unit-cassette-four-way-cassette-second-generation-ac-2-8-16-kw-mdv-dq4-n1-eb-mdv-d28q4-n1-eb-mdv-d36q4-n1-eb-mdv-d45q4-n1-eb-mdv-d56q4-n1-eb-mdv-d71q4-n1-eb-mdv-d8\/#primaryimage"},"image":{"@id":"https:\/\/climatemaster.ge\/az\/product\/vrf-system-indoor-unit-cassette-four-way-cassette-second-generation-ac-2-8-16-kw-mdv-dq4-n1-eb-mdv-d28q4-n1-eb-mdv-d36q4-n1-eb-mdv-d45q4-n1-eb-mdv-d56q4-n1-eb-mdv-d71q4-n1-eb-mdv-d8\/#primaryimage"},"thumbnailUrl":"https:\/\/climatemaster.ge\/wp-content\/uploads\/2025\/10\/cq5dam.web_.5000.5000_c-1.webp","datePublished":"2025-10-18T13:20:15+00:00","dateModified":"2025-10-18T13:25:59+00:00","breadcrumb":{"@id":"https:\/\/climatemaster.ge\/az\/product\/vrf-system-indoor-unit-cassette-four-way-cassette-second-generation-ac-2-8-16-kw-mdv-dq4-n1-eb-mdv-d28q4-n1-eb-mdv-d36q4-n1-eb-mdv-d45q4-n1-eb-mdv-d56q4-n1-eb-mdv-d71q4-n1-eb-mdv-d8\/#breadcrumb"},"inLanguage":"az","potentialAction":[{"@type":"ReadAction","target":["https:\/\/climatemaster.ge\/az\/product\/vrf-system-indoor-unit-cassette-four-way-cassette-second-generation-ac-2-8-16-kw-mdv-dq4-n1-eb-mdv-d28q4-n1-eb-mdv-d36q4-n1-eb-mdv-d45q4-n1-eb-mdv-d56q4-n1-eb-mdv-d71q4-n1-eb-mdv-d8\/"]}]},{"@type":"ImageObject","inLanguage":"az","@id":"https:\/\/climatemaster.ge\/az\/product\/vrf-system-indoor-unit-cassette-four-way-cassette-second-generation-ac-2-8-16-kw-mdv-dq4-n1-eb-mdv-d28q4-n1-eb-mdv-d36q4-n1-eb-mdv-d45q4-n1-eb-mdv-d56q4-n1-eb-mdv-d71q4-n1-eb-mdv-d8\/#primaryimage","url":"https:\/\/climatemaster.ge\/wp-content\/uploads\/2025\/10\/cq5dam.web_.5000.5000_c-1.webp","contentUrl":"https:\/\/climatemaster.ge\/wp-content\/uploads\/2025\/10\/cq5dam.web_.5000.5000_c-1.webp","width":768,"height":768},{"@type":"BreadcrumbList","@id":"https:\/\/climatemaster.ge\/az\/product\/vrf-system-indoor-unit-cassette-four-way-cassette-second-generation-ac-2-8-16-kw-mdv-dq4-n1-eb-mdv-d28q4-n1-eb-mdv-d36q4-n1-eb-mdv-d45q4-n1-eb-mdv-d56q4-n1-eb-mdv-d71q4-n1-eb-mdv-d8\/#breadcrumb","itemListElement":[{"@type":"ListItem","position":1,"name":"Home","item":"https:\/\/climatemaster.ge\/"},{"@type":"ListItem","position":2,"name":"M\u0259hsullar","item":"https:\/\/climatemaster.ge\/products\/"},{"@type":"ListItem","position":3,"name":"VRF Sistemi Daxili blok kaseti D\u00f6rd Y\u00f6nl\u00fc Kaset, \u0130kinci N\u0259sil, AC 2,8 &#8211; 16 kVt MDV-D**Q4\/N1-E(B) MDV-D28Q4\/N1-E(B) MDV-D36Q4\/N1-E(B) MDV-D45Q4\/N1-E(B) MDV-D56Q4\/N1-E(B) MDV-D71Q4\/N1-E(B) MDV-D80Q4\/N1-E(B) MDV-D90Q4\/N1-E(B) MDV-D100Q4\/N1-E(B) MDV-D112Q4\/N1-E(B) MDV-D140Q4\/N1-E(B) MIDEA"}]},{"@type":"WebSite","@id":"https:\/\/climatemaster.ge\/#website","url":"https:\/\/climatemaster.ge\/","name":"Climate Master","description":"","publisher":{"@id":"https:\/\/climatemaster.ge\/#organization"},"potentialAction":[{"@type":"SearchAction","target":{"@type":"EntryPoint","urlTemplate":"https:\/\/climatemaster.ge\/?s={search_term_string}"},"query-input":{"@type":"PropertyValueSpecification","valueRequired":true,"valueName":"search_term_string"}}],"inLanguage":"az"},{"@type":"Organization","@id":"https:\/\/climatemaster.ge\/#organization","name":"Climate Master","url":"https:\/\/climatemaster.ge\/","logo":{"@type":"ImageObject","inLanguage":"az","@id":"https:\/\/climatemaster.ge\/#\/schema\/logo\/image\/","url":"https:\/\/climatemaster.ge\/wp-content\/uploads\/2026\/03\/Untitled-2.png","contentUrl":"https:\/\/climatemaster.ge\/wp-content\/uploads\/2026\/03\/Untitled-2.png","width":600,"height":338,"caption":"Climate Master"},"image":{"@id":"https:\/\/climatemaster.ge\/#\/schema\/logo\/image\/"}}]}},"_links":{"self":[{"href":"https:\/\/climatemaster.ge\/az\/wp-json\/wp\/v2\/product\/43153","targetHints":{"allow":["GET"]}}],"collection":[{"href":"https:\/\/climatemaster.ge\/az\/wp-json\/wp\/v2\/product"}],"about":[{"href":"https:\/\/climatemaster.ge\/az\/wp-json\/wp\/v2\/types\/product"}],"wp:featuredmedia":[{"embeddable":true,"href":"https:\/\/climatemaster.ge\/az\/wp-json\/wp\/v2\/media\/43147"}],"wp:attachment":[{"href":"https:\/\/climatemaster.ge\/az\/wp-json\/wp\/v2\/media?parent=43153"}],"wp:term":[{"taxonomy":"product_brand","embeddable":true,"href":"https:\/\/climatemaster.ge\/az\/wp-json\/wp\/v2\/product_brand?post=43153"},{"taxonomy":"product_cat","embeddable":true,"href":"https:\/\/climatemaster.ge\/az\/wp-json\/wp\/v2\/product_cat?post=43153"},{"taxonomy":"product_tag","embeddable":true,"href":"https:\/\/climatemaster.ge\/az\/wp-json\/wp\/v2\/product_tag?post=43153"}],"curies":[{"name":"wp","href":"https:\/\/api.w.org\/{rel}","templated":true}]}}