{"id":43094,"date":"2025-10-18T16:39:11","date_gmt":"2025-10-18T12:39:11","guid":{"rendered":"https:\/\/airsystems.ge\/shop\/product\/vrf-system-indoor-unit-ducted-medium-high-pressure-duct-v8-3-6-16-kw-miht2hn18-mih36t2hn18-mih45t2hn18-mih56t2hn18-mih71t2hn18-mih80t2hn18-mih90t2hn18-mih112t2hn18-mih140t2hn18-mih160t2hn18-mide\/"},"modified":"2025-10-18T16:46:46","modified_gmt":"2025-10-18T12:46:46","slug":"vrf-system-indoor-unit-ducted-medium-high-pressure-duct-v8-3-6-16-kw-miht2hn18-mih36t2hn18-mih45t2hn18-mih56t2hn18-mih71t2hn18-mih80t2hn18-mih90t2hn18-mih112t2hn18-mih140t2hn18-mih160t2hn18-mide","status":"publish","type":"product","link":"https:\/\/climatemaster.ge\/az\/product\/vrf-system-indoor-unit-ducted-medium-high-pressure-duct-v8-3-6-16-kw-miht2hn18-mih36t2hn18-mih45t2hn18-mih56t2hn18-mih71t2hn18-mih80t2hn18-mih90t2hn18-mih112t2hn18-mih140t2hn18-mih160t2hn18-mide\/","title":{"rendered":"VRF Sistemi Daxili blok Kanall\u0131 Orta-Y\u00fcks\u0259k T\u0259zyiq Kanal\u0131, V8 3,6- 16 kVt MIH**T2HN18  MIH36T2HN18 MIH45T2HN18 MIH56T2HN18 MIH71T2HN18 MIH80T2HN18 MIH90T2HN18 MIH112T2HN18 MIH140T2HN18 MIH160T2HN18  MIDEA"},"content":{"rendered":"","protected":false},"excerpt":{"rendered":"<h1>Orta-Y\u00fcks\u0259k T\u0259zyiq Kanal\u0131, V8<\/h1>\n<p>M\u0259hsulun spesifikasiyas\u0131<\/p>\n<p>V8 N\u0259sil Kanall\u0131 Tip Daxili B\u00f6lm\u0259<\/p>\n<p>7 S\u00fcr\u0259tli \u0130nverter Texnologiyas\u0131<br \/>\nY\u00fcks\u0259k Qald\u0131ran \u0130nverter Drenaj Pompas\u0131: 1.2m H\u00fcnd\u00fcrl\u00fcy\u00fc qald\u0131r\u0131n<br \/>\nT\u0259miz Hava Q\u0259bul Liman\u0131: 10%-\u0259 q\u0259d\u0259r<br \/>\n\u00c7irkli Filtr Blockage Rate Vizualizasiya<br \/>\nAdaptiv ESP: Daimi hava ax\u0131n\u0131 t\u0259min etm\u0259k \u00fc\u00e7\u00fcn statik t\u0259zyiq avtomatik olaraq d\u0259yi\u015fir<br \/>\nR\u00fctub\u0259t\u0259 N\u0259zar\u0259t<br \/>\nMETA 2: T\u0259kmill\u0259\u015fdirilmi\u015f S\u0259m\u0259r\u0259lilik, S\u00fcr\u0259tli Soyutma\/\u0130sitm\u0259<br \/>\nHiperlink: Qura\u015fd\u0131rma vaxt\u0131n\u0131 v\u0259 qiym\u0259tini azald\u0131r<br \/>\nZen air 2.0: \u00c7oxfunksiyal\u0131 Hava ax\u0131n\u0131n\u0131n idar\u0259 edilm\u0259si<br \/>\n\u0130stilik d\u0259yi\u015fdiricisinin avtomatik t\u0259mizl\u0259nm\u0259si funksiyas\u0131<br \/>\nSakit \u018fm\u0259liyyat<\/p>\n","protected":false},"featured_media":43089,"template":"","meta":[],"product_brand":[],"product_cat":[1993],"product_tag":[],"class_list":{"0":"post-43094","1":"product","2":"type-product","3":"status-publish","4":"has-post-thumbnail","6":"product_cat-vrf-sistemi","8":"first","9":"instock","10":"shipping-taxable","11":"product-type-simple"},"yoast_head":"<!-- This site is optimized with the Yoast SEO plugin v27.1.1 - https:\/\/yoast.com\/product\/yoast-seo-wordpress\/ -->\n<title>VRF Sistemi Daxili blok Kanall\u0131 Orta-Y\u00fcks\u0259k T\u0259zyiq Kanal\u0131, V8 3,6- 16 kVt MIH**T2HN18 MIH36T2HN18 MIH45T2HN18 MIH56T2HN18 MIH71T2HN18 MIH80T2HN18 MIH90T2HN18 MIH112T2HN18 MIH140T2HN18 MIH160T2HN18 MIDEA - Climate Master<\/title>\n<meta name=\"robots\" content=\"index, follow, max-snippet:-1, max-image-preview:large, max-video-preview:-1\" \/>\n<link rel=\"canonical\" href=\"https:\/\/climatemaster.ge\/az\/product\/vrf-system-indoor-unit-ducted-medium-high-pressure-duct-v8-3-6-16-kw-miht2hn18-mih36t2hn18-mih45t2hn18-mih56t2hn18-mih71t2hn18-mih80t2hn18-mih90t2hn18-mih112t2hn18-mih140t2hn18-mih160t2hn18-mide\/\" \/>\n<meta property=\"og:locale\" content=\"az_AZ\" \/>\n<meta property=\"og:type\" content=\"article\" \/>\n<meta property=\"og:title\" content=\"VRF Sistemi Daxili blok Kanall\u0131 Orta-Y\u00fcks\u0259k T\u0259zyiq Kanal\u0131, V8 3,6- 16 kVt MIH**T2HN18 MIH36T2HN18 MIH45T2HN18 MIH56T2HN18 MIH71T2HN18 MIH80T2HN18 MIH90T2HN18 MIH112T2HN18 MIH140T2HN18 MIH160T2HN18 MIDEA - Climate Master\" \/>\n<meta property=\"og:description\" content=\"Orta-Y\u00fcks\u0259k T\u0259zyiq Kanal\u0131, V8 M\u0259hsulun spesifikasiyas\u0131  V8 N\u0259sil Kanall\u0131 Tip Daxili B\u00f6lm\u0259  7 S\u00fcr\u0259tli \u0130nverter Texnologiyas\u0131 Y\u00fcks\u0259k Qald\u0131ran \u0130nverter Drenaj Pompas\u0131: 1.2m H\u00fcnd\u00fcrl\u00fcy\u00fc qald\u0131r\u0131n T\u0259miz Hava Q\u0259bul Liman\u0131: 10%-\u0259 q\u0259d\u0259r \u00c7irkli Filtr Blockage Rate Vizualizasiya Adaptiv ESP: Daimi hava ax\u0131n\u0131 t\u0259min etm\u0259k \u00fc\u00e7\u00fcn statik t\u0259zyiq avtomatik olaraq d\u0259yi\u015fir R\u00fctub\u0259t\u0259 N\u0259zar\u0259t META 2: T\u0259kmill\u0259\u015fdirilmi\u015f S\u0259m\u0259r\u0259lilik, S\u00fcr\u0259tli Soyutma\/\u0130sitm\u0259 Hiperlink: Qura\u015fd\u0131rma vaxt\u0131n\u0131 v\u0259 qiym\u0259tini azald\u0131r Zen air 2.0: \u00c7oxfunksiyal\u0131 Hava ax\u0131n\u0131n\u0131n idar\u0259 edilm\u0259si \u0130stilik d\u0259yi\u015fdiricisinin avtomatik t\u0259mizl\u0259nm\u0259si funksiyas\u0131 Sakit \u018fm\u0259liyyat\" \/>\n<meta property=\"og:url\" content=\"https:\/\/climatemaster.ge\/az\/product\/vrf-system-indoor-unit-ducted-medium-high-pressure-duct-v8-3-6-16-kw-miht2hn18-mih36t2hn18-mih45t2hn18-mih56t2hn18-mih71t2hn18-mih80t2hn18-mih90t2hn18-mih112t2hn18-mih140t2hn18-mih160t2hn18-mide\/\" \/>\n<meta property=\"og:site_name\" content=\"Climate Master\" \/>\n<meta property=\"article:modified_time\" content=\"2025-10-18T12:46:46+00:00\" \/>\n<meta property=\"og:image\" content=\"https:\/\/climatemaster.ge\/wp-content\/uploads\/2025\/10\/T2-RIGHT_RESULT.webp\" \/>\n\t<meta property=\"og:image:width\" content=\"768\" \/>\n\t<meta property=\"og:image:height\" content=\"512\" \/>\n\t<meta property=\"og:image:type\" content=\"image\/webp\" \/>\n<meta name=\"twitter:card\" content=\"summary_large_image\" \/>\n<script type=\"application\/ld+json\" class=\"yoast-schema-graph\">{\"@context\":\"https:\/\/schema.org\",\"@graph\":[{\"@type\":\"WebPage\",\"@id\":\"https:\/\/climatemaster.ge\/az\/product\/vrf-system-indoor-unit-ducted-medium-high-pressure-duct-v8-3-6-16-kw-miht2hn18-mih36t2hn18-mih45t2hn18-mih56t2hn18-mih71t2hn18-mih80t2hn18-mih90t2hn18-mih112t2hn18-mih140t2hn18-mih160t2hn18-mide\/\",\"url\":\"https:\/\/climatemaster.ge\/az\/product\/vrf-system-indoor-unit-ducted-medium-high-pressure-duct-v8-3-6-16-kw-miht2hn18-mih36t2hn18-mih45t2hn18-mih56t2hn18-mih71t2hn18-mih80t2hn18-mih90t2hn18-mih112t2hn18-mih140t2hn18-mih160t2hn18-mide\/\",\"name\":\"VRF Sistemi Daxili blok Kanall\u0131 Orta-Y\u00fcks\u0259k T\u0259zyiq Kanal\u0131, V8 3,6- 16 kVt MIH**T2HN18 MIH36T2HN18 MIH45T2HN18 MIH56T2HN18 MIH71T2HN18 MIH80T2HN18 MIH90T2HN18 MIH112T2HN18 MIH140T2HN18 MIH160T2HN18 MIDEA - Climate Master\",\"isPartOf\":{\"@id\":\"https:\/\/climatemaster.ge\/#website\"},\"primaryImageOfPage\":{\"@id\":\"https:\/\/climatemaster.ge\/az\/product\/vrf-system-indoor-unit-ducted-medium-high-pressure-duct-v8-3-6-16-kw-miht2hn18-mih36t2hn18-mih45t2hn18-mih56t2hn18-mih71t2hn18-mih80t2hn18-mih90t2hn18-mih112t2hn18-mih140t2hn18-mih160t2hn18-mide\/#primaryimage\"},\"image\":{\"@id\":\"https:\/\/climatemaster.ge\/az\/product\/vrf-system-indoor-unit-ducted-medium-high-pressure-duct-v8-3-6-16-kw-miht2hn18-mih36t2hn18-mih45t2hn18-mih56t2hn18-mih71t2hn18-mih80t2hn18-mih90t2hn18-mih112t2hn18-mih140t2hn18-mih160t2hn18-mide\/#primaryimage\"},\"thumbnailUrl\":\"https:\/\/climatemaster.ge\/wp-content\/uploads\/2025\/10\/T2-RIGHT_RESULT.webp\",\"datePublished\":\"2025-10-18T12:39:11+00:00\",\"dateModified\":\"2025-10-18T12:46:46+00:00\",\"breadcrumb\":{\"@id\":\"https:\/\/climatemaster.ge\/az\/product\/vrf-system-indoor-unit-ducted-medium-high-pressure-duct-v8-3-6-16-kw-miht2hn18-mih36t2hn18-mih45t2hn18-mih56t2hn18-mih71t2hn18-mih80t2hn18-mih90t2hn18-mih112t2hn18-mih140t2hn18-mih160t2hn18-mide\/#breadcrumb\"},\"inLanguage\":\"az\",\"potentialAction\":[{\"@type\":\"ReadAction\",\"target\":[\"https:\/\/climatemaster.ge\/az\/product\/vrf-system-indoor-unit-ducted-medium-high-pressure-duct-v8-3-6-16-kw-miht2hn18-mih36t2hn18-mih45t2hn18-mih56t2hn18-mih71t2hn18-mih80t2hn18-mih90t2hn18-mih112t2hn18-mih140t2hn18-mih160t2hn18-mide\/\"]}]},{\"@type\":\"ImageObject\",\"inLanguage\":\"az\",\"@id\":\"https:\/\/climatemaster.ge\/az\/product\/vrf-system-indoor-unit-ducted-medium-high-pressure-duct-v8-3-6-16-kw-miht2hn18-mih36t2hn18-mih45t2hn18-mih56t2hn18-mih71t2hn18-mih80t2hn18-mih90t2hn18-mih112t2hn18-mih140t2hn18-mih160t2hn18-mide\/#primaryimage\",\"url\":\"https:\/\/climatemaster.ge\/wp-content\/uploads\/2025\/10\/T2-RIGHT_RESULT.webp\",\"contentUrl\":\"https:\/\/climatemaster.ge\/wp-content\/uploads\/2025\/10\/T2-RIGHT_RESULT.webp\",\"width\":768,\"height\":512},{\"@type\":\"BreadcrumbList\",\"@id\":\"https:\/\/climatemaster.ge\/az\/product\/vrf-system-indoor-unit-ducted-medium-high-pressure-duct-v8-3-6-16-kw-miht2hn18-mih36t2hn18-mih45t2hn18-mih56t2hn18-mih71t2hn18-mih80t2hn18-mih90t2hn18-mih112t2hn18-mih140t2hn18-mih160t2hn18-mide\/#breadcrumb\",\"itemListElement\":[{\"@type\":\"ListItem\",\"position\":1,\"name\":\"Home\",\"item\":\"https:\/\/climatemaster.ge\/\"},{\"@type\":\"ListItem\",\"position\":2,\"name\":\"M\u0259hsullar\",\"item\":\"https:\/\/climatemaster.ge\/products\/\"},{\"@type\":\"ListItem\",\"position\":3,\"name\":\"VRF Sistemi Daxili blok Kanall\u0131 Orta-Y\u00fcks\u0259k T\u0259zyiq Kanal\u0131, V8 3,6- 16 kVt MIH**T2HN18 MIH36T2HN18 MIH45T2HN18 MIH56T2HN18 MIH71T2HN18 MIH80T2HN18 MIH90T2HN18 MIH112T2HN18 MIH140T2HN18 MIH160T2HN18 MIDEA\"}]},{\"@type\":\"WebSite\",\"@id\":\"https:\/\/climatemaster.ge\/#website\",\"url\":\"https:\/\/climatemaster.ge\/\",\"name\":\"Climate Master\",\"description\":\"\",\"publisher\":{\"@id\":\"https:\/\/climatemaster.ge\/#organization\"},\"potentialAction\":[{\"@type\":\"SearchAction\",\"target\":{\"@type\":\"EntryPoint\",\"urlTemplate\":\"https:\/\/climatemaster.ge\/?s={search_term_string}\"},\"query-input\":{\"@type\":\"PropertyValueSpecification\",\"valueRequired\":true,\"valueName\":\"search_term_string\"}}],\"inLanguage\":\"az\"},{\"@type\":\"Organization\",\"@id\":\"https:\/\/climatemaster.ge\/#organization\",\"name\":\"Climate Master\",\"url\":\"https:\/\/climatemaster.ge\/\",\"logo\":{\"@type\":\"ImageObject\",\"inLanguage\":\"az\",\"@id\":\"https:\/\/climatemaster.ge\/#\/schema\/logo\/image\/\",\"url\":\"https:\/\/climatemaster.ge\/wp-content\/uploads\/2026\/03\/Untitled-2.png\",\"contentUrl\":\"https:\/\/climatemaster.ge\/wp-content\/uploads\/2026\/03\/Untitled-2.png\",\"width\":600,\"height\":338,\"caption\":\"Climate Master\"},\"image\":{\"@id\":\"https:\/\/climatemaster.ge\/#\/schema\/logo\/image\/\"}}]}<\/script>\n<!-- \/ Yoast SEO plugin. -->","yoast_head_json":{"title":"VRF Sistemi Daxili blok Kanall\u0131 Orta-Y\u00fcks\u0259k T\u0259zyiq Kanal\u0131, V8 3,6- 16 kVt MIH**T2HN18 MIH36T2HN18 MIH45T2HN18 MIH56T2HN18 MIH71T2HN18 MIH80T2HN18 MIH90T2HN18 MIH112T2HN18 MIH140T2HN18 MIH160T2HN18 MIDEA - Climate Master","robots":{"index":"index","follow":"follow","max-snippet":"max-snippet:-1","max-image-preview":"max-image-preview:large","max-video-preview":"max-video-preview:-1"},"canonical":"https:\/\/climatemaster.ge\/az\/product\/vrf-system-indoor-unit-ducted-medium-high-pressure-duct-v8-3-6-16-kw-miht2hn18-mih36t2hn18-mih45t2hn18-mih56t2hn18-mih71t2hn18-mih80t2hn18-mih90t2hn18-mih112t2hn18-mih140t2hn18-mih160t2hn18-mide\/","og_locale":"az_AZ","og_type":"article","og_title":"VRF Sistemi Daxili blok Kanall\u0131 Orta-Y\u00fcks\u0259k T\u0259zyiq Kanal\u0131, V8 3,6- 16 kVt MIH**T2HN18 MIH36T2HN18 MIH45T2HN18 MIH56T2HN18 MIH71T2HN18 MIH80T2HN18 MIH90T2HN18 MIH112T2HN18 MIH140T2HN18 MIH160T2HN18 MIDEA - Climate Master","og_description":"Orta-Y\u00fcks\u0259k T\u0259zyiq Kanal\u0131, V8 M\u0259hsulun spesifikasiyas\u0131  V8 N\u0259sil Kanall\u0131 Tip Daxili B\u00f6lm\u0259  7 S\u00fcr\u0259tli \u0130nverter Texnologiyas\u0131 Y\u00fcks\u0259k Qald\u0131ran \u0130nverter Drenaj Pompas\u0131: 1.2m H\u00fcnd\u00fcrl\u00fcy\u00fc qald\u0131r\u0131n T\u0259miz Hava Q\u0259bul Liman\u0131: 10%-\u0259 q\u0259d\u0259r \u00c7irkli Filtr Blockage Rate Vizualizasiya Adaptiv ESP: Daimi hava ax\u0131n\u0131 t\u0259min etm\u0259k \u00fc\u00e7\u00fcn statik t\u0259zyiq avtomatik olaraq d\u0259yi\u015fir R\u00fctub\u0259t\u0259 N\u0259zar\u0259t META 2: T\u0259kmill\u0259\u015fdirilmi\u015f S\u0259m\u0259r\u0259lilik, S\u00fcr\u0259tli Soyutma\/\u0130sitm\u0259 Hiperlink: Qura\u015fd\u0131rma vaxt\u0131n\u0131 v\u0259 qiym\u0259tini azald\u0131r Zen air 2.0: \u00c7oxfunksiyal\u0131 Hava ax\u0131n\u0131n\u0131n idar\u0259 edilm\u0259si \u0130stilik d\u0259yi\u015fdiricisinin avtomatik t\u0259mizl\u0259nm\u0259si funksiyas\u0131 Sakit \u018fm\u0259liyyat","og_url":"https:\/\/climatemaster.ge\/az\/product\/vrf-system-indoor-unit-ducted-medium-high-pressure-duct-v8-3-6-16-kw-miht2hn18-mih36t2hn18-mih45t2hn18-mih56t2hn18-mih71t2hn18-mih80t2hn18-mih90t2hn18-mih112t2hn18-mih140t2hn18-mih160t2hn18-mide\/","og_site_name":"Climate Master","article_modified_time":"2025-10-18T12:46:46+00:00","og_image":[{"width":768,"height":512,"url":"https:\/\/climatemaster.ge\/wp-content\/uploads\/2025\/10\/T2-RIGHT_RESULT.webp","type":"image\/webp"}],"twitter_card":"summary_large_image","schema":{"@context":"https:\/\/schema.org","@graph":[{"@type":"WebPage","@id":"https:\/\/climatemaster.ge\/az\/product\/vrf-system-indoor-unit-ducted-medium-high-pressure-duct-v8-3-6-16-kw-miht2hn18-mih36t2hn18-mih45t2hn18-mih56t2hn18-mih71t2hn18-mih80t2hn18-mih90t2hn18-mih112t2hn18-mih140t2hn18-mih160t2hn18-mide\/","url":"https:\/\/climatemaster.ge\/az\/product\/vrf-system-indoor-unit-ducted-medium-high-pressure-duct-v8-3-6-16-kw-miht2hn18-mih36t2hn18-mih45t2hn18-mih56t2hn18-mih71t2hn18-mih80t2hn18-mih90t2hn18-mih112t2hn18-mih140t2hn18-mih160t2hn18-mide\/","name":"VRF Sistemi Daxili blok Kanall\u0131 Orta-Y\u00fcks\u0259k T\u0259zyiq Kanal\u0131, V8 3,6- 16 kVt MIH**T2HN18 MIH36T2HN18 MIH45T2HN18 MIH56T2HN18 MIH71T2HN18 MIH80T2HN18 MIH90T2HN18 MIH112T2HN18 MIH140T2HN18 MIH160T2HN18 MIDEA - Climate Master","isPartOf":{"@id":"https:\/\/climatemaster.ge\/#website"},"primaryImageOfPage":{"@id":"https:\/\/climatemaster.ge\/az\/product\/vrf-system-indoor-unit-ducted-medium-high-pressure-duct-v8-3-6-16-kw-miht2hn18-mih36t2hn18-mih45t2hn18-mih56t2hn18-mih71t2hn18-mih80t2hn18-mih90t2hn18-mih112t2hn18-mih140t2hn18-mih160t2hn18-mide\/#primaryimage"},"image":{"@id":"https:\/\/climatemaster.ge\/az\/product\/vrf-system-indoor-unit-ducted-medium-high-pressure-duct-v8-3-6-16-kw-miht2hn18-mih36t2hn18-mih45t2hn18-mih56t2hn18-mih71t2hn18-mih80t2hn18-mih90t2hn18-mih112t2hn18-mih140t2hn18-mih160t2hn18-mide\/#primaryimage"},"thumbnailUrl":"https:\/\/climatemaster.ge\/wp-content\/uploads\/2025\/10\/T2-RIGHT_RESULT.webp","datePublished":"2025-10-18T12:39:11+00:00","dateModified":"2025-10-18T12:46:46+00:00","breadcrumb":{"@id":"https:\/\/climatemaster.ge\/az\/product\/vrf-system-indoor-unit-ducted-medium-high-pressure-duct-v8-3-6-16-kw-miht2hn18-mih36t2hn18-mih45t2hn18-mih56t2hn18-mih71t2hn18-mih80t2hn18-mih90t2hn18-mih112t2hn18-mih140t2hn18-mih160t2hn18-mide\/#breadcrumb"},"inLanguage":"az","potentialAction":[{"@type":"ReadAction","target":["https:\/\/climatemaster.ge\/az\/product\/vrf-system-indoor-unit-ducted-medium-high-pressure-duct-v8-3-6-16-kw-miht2hn18-mih36t2hn18-mih45t2hn18-mih56t2hn18-mih71t2hn18-mih80t2hn18-mih90t2hn18-mih112t2hn18-mih140t2hn18-mih160t2hn18-mide\/"]}]},{"@type":"ImageObject","inLanguage":"az","@id":"https:\/\/climatemaster.ge\/az\/product\/vrf-system-indoor-unit-ducted-medium-high-pressure-duct-v8-3-6-16-kw-miht2hn18-mih36t2hn18-mih45t2hn18-mih56t2hn18-mih71t2hn18-mih80t2hn18-mih90t2hn18-mih112t2hn18-mih140t2hn18-mih160t2hn18-mide\/#primaryimage","url":"https:\/\/climatemaster.ge\/wp-content\/uploads\/2025\/10\/T2-RIGHT_RESULT.webp","contentUrl":"https:\/\/climatemaster.ge\/wp-content\/uploads\/2025\/10\/T2-RIGHT_RESULT.webp","width":768,"height":512},{"@type":"BreadcrumbList","@id":"https:\/\/climatemaster.ge\/az\/product\/vrf-system-indoor-unit-ducted-medium-high-pressure-duct-v8-3-6-16-kw-miht2hn18-mih36t2hn18-mih45t2hn18-mih56t2hn18-mih71t2hn18-mih80t2hn18-mih90t2hn18-mih112t2hn18-mih140t2hn18-mih160t2hn18-mide\/#breadcrumb","itemListElement":[{"@type":"ListItem","position":1,"name":"Home","item":"https:\/\/climatemaster.ge\/"},{"@type":"ListItem","position":2,"name":"M\u0259hsullar","item":"https:\/\/climatemaster.ge\/products\/"},{"@type":"ListItem","position":3,"name":"VRF Sistemi Daxili blok Kanall\u0131 Orta-Y\u00fcks\u0259k T\u0259zyiq Kanal\u0131, V8 3,6- 16 kVt MIH**T2HN18 MIH36T2HN18 MIH45T2HN18 MIH56T2HN18 MIH71T2HN18 MIH80T2HN18 MIH90T2HN18 MIH112T2HN18 MIH140T2HN18 MIH160T2HN18 MIDEA"}]},{"@type":"WebSite","@id":"https:\/\/climatemaster.ge\/#website","url":"https:\/\/climatemaster.ge\/","name":"Climate Master","description":"","publisher":{"@id":"https:\/\/climatemaster.ge\/#organization"},"potentialAction":[{"@type":"SearchAction","target":{"@type":"EntryPoint","urlTemplate":"https:\/\/climatemaster.ge\/?s={search_term_string}"},"query-input":{"@type":"PropertyValueSpecification","valueRequired":true,"valueName":"search_term_string"}}],"inLanguage":"az"},{"@type":"Organization","@id":"https:\/\/climatemaster.ge\/#organization","name":"Climate Master","url":"https:\/\/climatemaster.ge\/","logo":{"@type":"ImageObject","inLanguage":"az","@id":"https:\/\/climatemaster.ge\/#\/schema\/logo\/image\/","url":"https:\/\/climatemaster.ge\/wp-content\/uploads\/2026\/03\/Untitled-2.png","contentUrl":"https:\/\/climatemaster.ge\/wp-content\/uploads\/2026\/03\/Untitled-2.png","width":600,"height":338,"caption":"Climate Master"},"image":{"@id":"https:\/\/climatemaster.ge\/#\/schema\/logo\/image\/"}}]}},"_links":{"self":[{"href":"https:\/\/climatemaster.ge\/az\/wp-json\/wp\/v2\/product\/43094","targetHints":{"allow":["GET"]}}],"collection":[{"href":"https:\/\/climatemaster.ge\/az\/wp-json\/wp\/v2\/product"}],"about":[{"href":"https:\/\/climatemaster.ge\/az\/wp-json\/wp\/v2\/types\/product"}],"wp:featuredmedia":[{"embeddable":true,"href":"https:\/\/climatemaster.ge\/az\/wp-json\/wp\/v2\/media\/43089"}],"wp:attachment":[{"href":"https:\/\/climatemaster.ge\/az\/wp-json\/wp\/v2\/media?parent=43094"}],"wp:term":[{"taxonomy":"product_brand","embeddable":true,"href":"https:\/\/climatemaster.ge\/az\/wp-json\/wp\/v2\/product_brand?post=43094"},{"taxonomy":"product_cat","embeddable":true,"href":"https:\/\/climatemaster.ge\/az\/wp-json\/wp\/v2\/product_cat?post=43094"},{"taxonomy":"product_tag","embeddable":true,"href":"https:\/\/climatemaster.ge\/az\/wp-json\/wp\/v2\/product_tag?post=43094"}],"curies":[{"name":"wp","href":"https:\/\/api.w.org\/{rel}","templated":true}]}}