{"id":43060,"date":"2025-10-18T15:25:15","date_gmt":"2025-10-18T11:25:15","guid":{"rendered":"https:\/\/airsystems.ge\/shop\/product\/vrf-system-indoor-unit-ducted-high-static-pressure-duct-2nd-generation-ac-7-1-56-kw-mdv-dt1-n1-bb-mdv-d71t1-n1-bb-mdv-d80t1-n1-bb-mdv-d90t1-n1-bb-mdv-d112t1-n1-bb-mdv-d140t1-n1-bb-m\/"},"modified":"2025-10-18T15:39:59","modified_gmt":"2025-10-18T11:39:59","slug":"vrf-system-indoor-unit-ducted-high-static-pressure-duct-2nd-generation-ac-7-1-56-kw-mdv-dt1-n1-bb-mdv-d71t1-n1-bb-mdv-d80t1-n1-bb-mdv-d90t1-n1-bb-mdv-d112t1-n1-bb-mdv-d140t1-n1-bb-m","status":"publish","type":"product","link":"https:\/\/climatemaster.ge\/az\/product\/vrf-system-indoor-unit-ducted-high-static-pressure-duct-2nd-generation-ac-7-1-56-kw-mdv-dt1-n1-bb-mdv-d71t1-n1-bb-mdv-d80t1-n1-bb-mdv-d90t1-n1-bb-mdv-d112t1-n1-bb-mdv-d140t1-n1-bb-m\/","title":{"rendered":"VRF Sistemi Daxili blok Kanall\u0131 Y\u00fcks\u0259k Statik T\u0259zyiq Kanal\u0131, 2-ci N\u0259sil, AC 7,1 &#8211; 56 kVt MDV-D**T1\/N1-B(B)  MDV-D71T1\/N1-B(B) MDV-D80T1\/N1-B(B) MDV-D90T1\/N1-B(B) MDV-D112T1\/N1-B(B) MDV-D140T1\/N1-B(B) MDV-D160T1\/N1-B(B) MDV-D200T1\/N1-B(B) MDV-D250T1\/N1-B(B) MDV-D280T1\/N1-B(B)  MIDEA"},"content":{"rendered":"","protected":false},"excerpt":{"rendered":"<h1>Y\u00fcks\u0259k Statik T\u0259zyiq Kanal\u0131, 2-ci N\u0259sil, AC<\/h1>\n<p>M\u0259hsulun spesifikasiyas\u0131<\/p>\n<p>2-ci N\u0259sil Y\u00fcks\u0259k T\u0259zyiqli Kanal B\u00f6lm\u0259si<\/p>\n<p>4 Fan S\u00fcr\u0259ti<br \/>\nB\u00f6y\u00fck hava h\u0259cmi v\u0259 tutumu, y\u00fcks\u0259k statik t\u0259zyiq (400Pa-a q\u0259d\u0259r)<br \/>\nArxa t\u0259r\u0259f\u0259 havan\u0131n qaytar\u0131lmas\u0131<\/p>\n","protected":false},"featured_media":43055,"template":"","meta":[],"product_brand":[],"product_cat":[1993],"product_tag":[],"class_list":{"0":"post-43060","1":"product","2":"type-product","3":"status-publish","4":"has-post-thumbnail","6":"product_cat-vrf-sistemi","8":"first","9":"instock","10":"shipping-taxable","11":"product-type-simple"},"yoast_head":"<!-- This site is optimized with the Yoast SEO plugin v27.1.1 - https:\/\/yoast.com\/product\/yoast-seo-wordpress\/ -->\n<title>VRF Sistemi Daxili blok Kanall\u0131 Y\u00fcks\u0259k Statik T\u0259zyiq Kanal\u0131, 2-ci N\u0259sil, AC 7,1 - 56 kVt MDV-D**T1\/N1-B(B) MDV-D71T1\/N1-B(B) MDV-D80T1\/N1-B(B) MDV-D90T1\/N1-B(B) MDV-D112T1\/N1-B(B) MDV-D140T1\/N1-B(B) MDV-D160T1\/N1-B(B) MDV-D200T1\/N1-B(B) MDV-D250T1\/N1-B(B) MDV-D280T1\/N1-B(B) MIDEA - Climate Master<\/title>\n<meta name=\"robots\" content=\"index, follow, max-snippet:-1, max-image-preview:large, max-video-preview:-1\" \/>\n<link rel=\"canonical\" href=\"https:\/\/climatemaster.ge\/az\/product\/vrf-system-indoor-unit-ducted-high-static-pressure-duct-2nd-generation-ac-7-1-56-kw-mdv-dt1-n1-bb-mdv-d71t1-n1-bb-mdv-d80t1-n1-bb-mdv-d90t1-n1-bb-mdv-d112t1-n1-bb-mdv-d140t1-n1-bb-m\/\" \/>\n<meta property=\"og:locale\" content=\"az_AZ\" \/>\n<meta property=\"og:type\" content=\"article\" \/>\n<meta property=\"og:title\" content=\"VRF Sistemi Daxili blok Kanall\u0131 Y\u00fcks\u0259k Statik T\u0259zyiq Kanal\u0131, 2-ci N\u0259sil, AC 7,1 - 56 kVt MDV-D**T1\/N1-B(B) MDV-D71T1\/N1-B(B) MDV-D80T1\/N1-B(B) MDV-D90T1\/N1-B(B) MDV-D112T1\/N1-B(B) MDV-D140T1\/N1-B(B) MDV-D160T1\/N1-B(B) MDV-D200T1\/N1-B(B) MDV-D250T1\/N1-B(B) MDV-D280T1\/N1-B(B) MIDEA - Climate Master\" \/>\n<meta property=\"og:description\" content=\"Y\u00fcks\u0259k Statik T\u0259zyiq Kanal\u0131, 2-ci N\u0259sil, AC M\u0259hsulun spesifikasiyas\u0131  2-ci N\u0259sil Y\u00fcks\u0259k T\u0259zyiqli Kanal B\u00f6lm\u0259si  4 Fan S\u00fcr\u0259ti B\u00f6y\u00fck hava h\u0259cmi v\u0259 tutumu, y\u00fcks\u0259k statik t\u0259zyiq (400Pa-a q\u0259d\u0259r) Arxa t\u0259r\u0259f\u0259 havan\u0131n qaytar\u0131lmas\u0131\" \/>\n<meta property=\"og:url\" content=\"https:\/\/climatemaster.ge\/az\/product\/vrf-system-indoor-unit-ducted-high-static-pressure-duct-2nd-generation-ac-7-1-56-kw-mdv-dt1-n1-bb-mdv-d71t1-n1-bb-mdv-d80t1-n1-bb-mdv-d90t1-n1-bb-mdv-d112t1-n1-bb-mdv-d140t1-n1-bb-m\/\" \/>\n<meta property=\"og:site_name\" content=\"Climate Master\" \/>\n<meta property=\"article:modified_time\" content=\"2025-10-18T11:39:59+00:00\" \/>\n<meta property=\"og:image\" content=\"https:\/\/climatemaster.ge\/wp-content\/uploads\/2025\/10\/cq5dam.web_.5000.5000-1_c-3.webp\" \/>\n\t<meta property=\"og:image:width\" content=\"768\" \/>\n\t<meta property=\"og:image:height\" content=\"768\" \/>\n\t<meta property=\"og:image:type\" content=\"image\/webp\" \/>\n<meta name=\"twitter:card\" content=\"summary_large_image\" \/>\n<script type=\"application\/ld+json\" class=\"yoast-schema-graph\">{\"@context\":\"https:\/\/schema.org\",\"@graph\":[{\"@type\":\"WebPage\",\"@id\":\"https:\/\/climatemaster.ge\/az\/product\/vrf-system-indoor-unit-ducted-high-static-pressure-duct-2nd-generation-ac-7-1-56-kw-mdv-dt1-n1-bb-mdv-d71t1-n1-bb-mdv-d80t1-n1-bb-mdv-d90t1-n1-bb-mdv-d112t1-n1-bb-mdv-d140t1-n1-bb-m\/\",\"url\":\"https:\/\/climatemaster.ge\/az\/product\/vrf-system-indoor-unit-ducted-high-static-pressure-duct-2nd-generation-ac-7-1-56-kw-mdv-dt1-n1-bb-mdv-d71t1-n1-bb-mdv-d80t1-n1-bb-mdv-d90t1-n1-bb-mdv-d112t1-n1-bb-mdv-d140t1-n1-bb-m\/\",\"name\":\"VRF Sistemi Daxili blok Kanall\u0131 Y\u00fcks\u0259k Statik T\u0259zyiq Kanal\u0131, 2-ci N\u0259sil, AC 7,1 - 56 kVt MDV-D**T1\/N1-B(B) MDV-D71T1\/N1-B(B) MDV-D80T1\/N1-B(B) MDV-D90T1\/N1-B(B) MDV-D112T1\/N1-B(B) MDV-D140T1\/N1-B(B) MDV-D160T1\/N1-B(B) MDV-D200T1\/N1-B(B) MDV-D250T1\/N1-B(B) MDV-D280T1\/N1-B(B) MIDEA - Climate Master\",\"isPartOf\":{\"@id\":\"https:\/\/climatemaster.ge\/#website\"},\"primaryImageOfPage\":{\"@id\":\"https:\/\/climatemaster.ge\/az\/product\/vrf-system-indoor-unit-ducted-high-static-pressure-duct-2nd-generation-ac-7-1-56-kw-mdv-dt1-n1-bb-mdv-d71t1-n1-bb-mdv-d80t1-n1-bb-mdv-d90t1-n1-bb-mdv-d112t1-n1-bb-mdv-d140t1-n1-bb-m\/#primaryimage\"},\"image\":{\"@id\":\"https:\/\/climatemaster.ge\/az\/product\/vrf-system-indoor-unit-ducted-high-static-pressure-duct-2nd-generation-ac-7-1-56-kw-mdv-dt1-n1-bb-mdv-d71t1-n1-bb-mdv-d80t1-n1-bb-mdv-d90t1-n1-bb-mdv-d112t1-n1-bb-mdv-d140t1-n1-bb-m\/#primaryimage\"},\"thumbnailUrl\":\"https:\/\/climatemaster.ge\/wp-content\/uploads\/2025\/10\/cq5dam.web_.5000.5000-1_c-3.webp\",\"datePublished\":\"2025-10-18T11:25:15+00:00\",\"dateModified\":\"2025-10-18T11:39:59+00:00\",\"breadcrumb\":{\"@id\":\"https:\/\/climatemaster.ge\/az\/product\/vrf-system-indoor-unit-ducted-high-static-pressure-duct-2nd-generation-ac-7-1-56-kw-mdv-dt1-n1-bb-mdv-d71t1-n1-bb-mdv-d80t1-n1-bb-mdv-d90t1-n1-bb-mdv-d112t1-n1-bb-mdv-d140t1-n1-bb-m\/#breadcrumb\"},\"inLanguage\":\"az\",\"potentialAction\":[{\"@type\":\"ReadAction\",\"target\":[\"https:\/\/climatemaster.ge\/az\/product\/vrf-system-indoor-unit-ducted-high-static-pressure-duct-2nd-generation-ac-7-1-56-kw-mdv-dt1-n1-bb-mdv-d71t1-n1-bb-mdv-d80t1-n1-bb-mdv-d90t1-n1-bb-mdv-d112t1-n1-bb-mdv-d140t1-n1-bb-m\/\"]}]},{\"@type\":\"ImageObject\",\"inLanguage\":\"az\",\"@id\":\"https:\/\/climatemaster.ge\/az\/product\/vrf-system-indoor-unit-ducted-high-static-pressure-duct-2nd-generation-ac-7-1-56-kw-mdv-dt1-n1-bb-mdv-d71t1-n1-bb-mdv-d80t1-n1-bb-mdv-d90t1-n1-bb-mdv-d112t1-n1-bb-mdv-d140t1-n1-bb-m\/#primaryimage\",\"url\":\"https:\/\/climatemaster.ge\/wp-content\/uploads\/2025\/10\/cq5dam.web_.5000.5000-1_c-3.webp\",\"contentUrl\":\"https:\/\/climatemaster.ge\/wp-content\/uploads\/2025\/10\/cq5dam.web_.5000.5000-1_c-3.webp\",\"width\":768,\"height\":768},{\"@type\":\"BreadcrumbList\",\"@id\":\"https:\/\/climatemaster.ge\/az\/product\/vrf-system-indoor-unit-ducted-high-static-pressure-duct-2nd-generation-ac-7-1-56-kw-mdv-dt1-n1-bb-mdv-d71t1-n1-bb-mdv-d80t1-n1-bb-mdv-d90t1-n1-bb-mdv-d112t1-n1-bb-mdv-d140t1-n1-bb-m\/#breadcrumb\",\"itemListElement\":[{\"@type\":\"ListItem\",\"position\":1,\"name\":\"Home\",\"item\":\"https:\/\/climatemaster.ge\/\"},{\"@type\":\"ListItem\",\"position\":2,\"name\":\"M\u0259hsullar\",\"item\":\"https:\/\/climatemaster.ge\/products\/\"},{\"@type\":\"ListItem\",\"position\":3,\"name\":\"VRF Sistemi Daxili blok Kanall\u0131 Y\u00fcks\u0259k Statik T\u0259zyiq Kanal\u0131, 2-ci N\u0259sil, AC 7,1 &#8211; 56 kVt MDV-D**T1\/N1-B(B) MDV-D71T1\/N1-B(B) MDV-D80T1\/N1-B(B) MDV-D90T1\/N1-B(B) MDV-D112T1\/N1-B(B) MDV-D140T1\/N1-B(B) MDV-D160T1\/N1-B(B) MDV-D200T1\/N1-B(B) MDV-D250T1\/N1-B(B) MDV-D280T1\/N1-B(B) MIDEA\"}]},{\"@type\":\"WebSite\",\"@id\":\"https:\/\/climatemaster.ge\/#website\",\"url\":\"https:\/\/climatemaster.ge\/\",\"name\":\"Climate Master\",\"description\":\"\",\"publisher\":{\"@id\":\"https:\/\/climatemaster.ge\/#organization\"},\"potentialAction\":[{\"@type\":\"SearchAction\",\"target\":{\"@type\":\"EntryPoint\",\"urlTemplate\":\"https:\/\/climatemaster.ge\/?s={search_term_string}\"},\"query-input\":{\"@type\":\"PropertyValueSpecification\",\"valueRequired\":true,\"valueName\":\"search_term_string\"}}],\"inLanguage\":\"az\"},{\"@type\":\"Organization\",\"@id\":\"https:\/\/climatemaster.ge\/#organization\",\"name\":\"Climate Master\",\"url\":\"https:\/\/climatemaster.ge\/\",\"logo\":{\"@type\":\"ImageObject\",\"inLanguage\":\"az\",\"@id\":\"https:\/\/climatemaster.ge\/#\/schema\/logo\/image\/\",\"url\":\"https:\/\/climatemaster.ge\/wp-content\/uploads\/2026\/03\/Untitled-2.png\",\"contentUrl\":\"https:\/\/climatemaster.ge\/wp-content\/uploads\/2026\/03\/Untitled-2.png\",\"width\":600,\"height\":338,\"caption\":\"Climate Master\"},\"image\":{\"@id\":\"https:\/\/climatemaster.ge\/#\/schema\/logo\/image\/\"}}]}<\/script>\n<!-- \/ Yoast SEO plugin. -->","yoast_head_json":{"title":"VRF Sistemi Daxili blok Kanall\u0131 Y\u00fcks\u0259k Statik T\u0259zyiq Kanal\u0131, 2-ci N\u0259sil, AC 7,1 - 56 kVt MDV-D**T1\/N1-B(B) MDV-D71T1\/N1-B(B) MDV-D80T1\/N1-B(B) MDV-D90T1\/N1-B(B) MDV-D112T1\/N1-B(B) MDV-D140T1\/N1-B(B) MDV-D160T1\/N1-B(B) MDV-D200T1\/N1-B(B) MDV-D250T1\/N1-B(B) MDV-D280T1\/N1-B(B) MIDEA - Climate Master","robots":{"index":"index","follow":"follow","max-snippet":"max-snippet:-1","max-image-preview":"max-image-preview:large","max-video-preview":"max-video-preview:-1"},"canonical":"https:\/\/climatemaster.ge\/az\/product\/vrf-system-indoor-unit-ducted-high-static-pressure-duct-2nd-generation-ac-7-1-56-kw-mdv-dt1-n1-bb-mdv-d71t1-n1-bb-mdv-d80t1-n1-bb-mdv-d90t1-n1-bb-mdv-d112t1-n1-bb-mdv-d140t1-n1-bb-m\/","og_locale":"az_AZ","og_type":"article","og_title":"VRF Sistemi Daxili blok Kanall\u0131 Y\u00fcks\u0259k Statik T\u0259zyiq Kanal\u0131, 2-ci N\u0259sil, AC 7,1 - 56 kVt MDV-D**T1\/N1-B(B) MDV-D71T1\/N1-B(B) MDV-D80T1\/N1-B(B) MDV-D90T1\/N1-B(B) MDV-D112T1\/N1-B(B) MDV-D140T1\/N1-B(B) MDV-D160T1\/N1-B(B) MDV-D200T1\/N1-B(B) MDV-D250T1\/N1-B(B) MDV-D280T1\/N1-B(B) MIDEA - Climate Master","og_description":"Y\u00fcks\u0259k Statik T\u0259zyiq Kanal\u0131, 2-ci N\u0259sil, AC M\u0259hsulun spesifikasiyas\u0131  2-ci N\u0259sil Y\u00fcks\u0259k T\u0259zyiqli Kanal B\u00f6lm\u0259si  4 Fan S\u00fcr\u0259ti B\u00f6y\u00fck hava h\u0259cmi v\u0259 tutumu, y\u00fcks\u0259k statik t\u0259zyiq (400Pa-a q\u0259d\u0259r) Arxa t\u0259r\u0259f\u0259 havan\u0131n qaytar\u0131lmas\u0131","og_url":"https:\/\/climatemaster.ge\/az\/product\/vrf-system-indoor-unit-ducted-high-static-pressure-duct-2nd-generation-ac-7-1-56-kw-mdv-dt1-n1-bb-mdv-d71t1-n1-bb-mdv-d80t1-n1-bb-mdv-d90t1-n1-bb-mdv-d112t1-n1-bb-mdv-d140t1-n1-bb-m\/","og_site_name":"Climate Master","article_modified_time":"2025-10-18T11:39:59+00:00","og_image":[{"width":768,"height":768,"url":"https:\/\/climatemaster.ge\/wp-content\/uploads\/2025\/10\/cq5dam.web_.5000.5000-1_c-3.webp","type":"image\/webp"}],"twitter_card":"summary_large_image","schema":{"@context":"https:\/\/schema.org","@graph":[{"@type":"WebPage","@id":"https:\/\/climatemaster.ge\/az\/product\/vrf-system-indoor-unit-ducted-high-static-pressure-duct-2nd-generation-ac-7-1-56-kw-mdv-dt1-n1-bb-mdv-d71t1-n1-bb-mdv-d80t1-n1-bb-mdv-d90t1-n1-bb-mdv-d112t1-n1-bb-mdv-d140t1-n1-bb-m\/","url":"https:\/\/climatemaster.ge\/az\/product\/vrf-system-indoor-unit-ducted-high-static-pressure-duct-2nd-generation-ac-7-1-56-kw-mdv-dt1-n1-bb-mdv-d71t1-n1-bb-mdv-d80t1-n1-bb-mdv-d90t1-n1-bb-mdv-d112t1-n1-bb-mdv-d140t1-n1-bb-m\/","name":"VRF Sistemi Daxili blok Kanall\u0131 Y\u00fcks\u0259k Statik T\u0259zyiq Kanal\u0131, 2-ci N\u0259sil, AC 7,1 - 56 kVt MDV-D**T1\/N1-B(B) MDV-D71T1\/N1-B(B) MDV-D80T1\/N1-B(B) MDV-D90T1\/N1-B(B) MDV-D112T1\/N1-B(B) MDV-D140T1\/N1-B(B) MDV-D160T1\/N1-B(B) MDV-D200T1\/N1-B(B) MDV-D250T1\/N1-B(B) MDV-D280T1\/N1-B(B) MIDEA - Climate Master","isPartOf":{"@id":"https:\/\/climatemaster.ge\/#website"},"primaryImageOfPage":{"@id":"https:\/\/climatemaster.ge\/az\/product\/vrf-system-indoor-unit-ducted-high-static-pressure-duct-2nd-generation-ac-7-1-56-kw-mdv-dt1-n1-bb-mdv-d71t1-n1-bb-mdv-d80t1-n1-bb-mdv-d90t1-n1-bb-mdv-d112t1-n1-bb-mdv-d140t1-n1-bb-m\/#primaryimage"},"image":{"@id":"https:\/\/climatemaster.ge\/az\/product\/vrf-system-indoor-unit-ducted-high-static-pressure-duct-2nd-generation-ac-7-1-56-kw-mdv-dt1-n1-bb-mdv-d71t1-n1-bb-mdv-d80t1-n1-bb-mdv-d90t1-n1-bb-mdv-d112t1-n1-bb-mdv-d140t1-n1-bb-m\/#primaryimage"},"thumbnailUrl":"https:\/\/climatemaster.ge\/wp-content\/uploads\/2025\/10\/cq5dam.web_.5000.5000-1_c-3.webp","datePublished":"2025-10-18T11:25:15+00:00","dateModified":"2025-10-18T11:39:59+00:00","breadcrumb":{"@id":"https:\/\/climatemaster.ge\/az\/product\/vrf-system-indoor-unit-ducted-high-static-pressure-duct-2nd-generation-ac-7-1-56-kw-mdv-dt1-n1-bb-mdv-d71t1-n1-bb-mdv-d80t1-n1-bb-mdv-d90t1-n1-bb-mdv-d112t1-n1-bb-mdv-d140t1-n1-bb-m\/#breadcrumb"},"inLanguage":"az","potentialAction":[{"@type":"ReadAction","target":["https:\/\/climatemaster.ge\/az\/product\/vrf-system-indoor-unit-ducted-high-static-pressure-duct-2nd-generation-ac-7-1-56-kw-mdv-dt1-n1-bb-mdv-d71t1-n1-bb-mdv-d80t1-n1-bb-mdv-d90t1-n1-bb-mdv-d112t1-n1-bb-mdv-d140t1-n1-bb-m\/"]}]},{"@type":"ImageObject","inLanguage":"az","@id":"https:\/\/climatemaster.ge\/az\/product\/vrf-system-indoor-unit-ducted-high-static-pressure-duct-2nd-generation-ac-7-1-56-kw-mdv-dt1-n1-bb-mdv-d71t1-n1-bb-mdv-d80t1-n1-bb-mdv-d90t1-n1-bb-mdv-d112t1-n1-bb-mdv-d140t1-n1-bb-m\/#primaryimage","url":"https:\/\/climatemaster.ge\/wp-content\/uploads\/2025\/10\/cq5dam.web_.5000.5000-1_c-3.webp","contentUrl":"https:\/\/climatemaster.ge\/wp-content\/uploads\/2025\/10\/cq5dam.web_.5000.5000-1_c-3.webp","width":768,"height":768},{"@type":"BreadcrumbList","@id":"https:\/\/climatemaster.ge\/az\/product\/vrf-system-indoor-unit-ducted-high-static-pressure-duct-2nd-generation-ac-7-1-56-kw-mdv-dt1-n1-bb-mdv-d71t1-n1-bb-mdv-d80t1-n1-bb-mdv-d90t1-n1-bb-mdv-d112t1-n1-bb-mdv-d140t1-n1-bb-m\/#breadcrumb","itemListElement":[{"@type":"ListItem","position":1,"name":"Home","item":"https:\/\/climatemaster.ge\/"},{"@type":"ListItem","position":2,"name":"M\u0259hsullar","item":"https:\/\/climatemaster.ge\/products\/"},{"@type":"ListItem","position":3,"name":"VRF Sistemi Daxili blok Kanall\u0131 Y\u00fcks\u0259k Statik T\u0259zyiq Kanal\u0131, 2-ci N\u0259sil, AC 7,1 &#8211; 56 kVt MDV-D**T1\/N1-B(B) MDV-D71T1\/N1-B(B) MDV-D80T1\/N1-B(B) MDV-D90T1\/N1-B(B) MDV-D112T1\/N1-B(B) MDV-D140T1\/N1-B(B) MDV-D160T1\/N1-B(B) MDV-D200T1\/N1-B(B) MDV-D250T1\/N1-B(B) MDV-D280T1\/N1-B(B) MIDEA"}]},{"@type":"WebSite","@id":"https:\/\/climatemaster.ge\/#website","url":"https:\/\/climatemaster.ge\/","name":"Climate Master","description":"","publisher":{"@id":"https:\/\/climatemaster.ge\/#organization"},"potentialAction":[{"@type":"SearchAction","target":{"@type":"EntryPoint","urlTemplate":"https:\/\/climatemaster.ge\/?s={search_term_string}"},"query-input":{"@type":"PropertyValueSpecification","valueRequired":true,"valueName":"search_term_string"}}],"inLanguage":"az"},{"@type":"Organization","@id":"https:\/\/climatemaster.ge\/#organization","name":"Climate Master","url":"https:\/\/climatemaster.ge\/","logo":{"@type":"ImageObject","inLanguage":"az","@id":"https:\/\/climatemaster.ge\/#\/schema\/logo\/image\/","url":"https:\/\/climatemaster.ge\/wp-content\/uploads\/2026\/03\/Untitled-2.png","contentUrl":"https:\/\/climatemaster.ge\/wp-content\/uploads\/2026\/03\/Untitled-2.png","width":600,"height":338,"caption":"Climate Master"},"image":{"@id":"https:\/\/climatemaster.ge\/#\/schema\/logo\/image\/"}}]}},"_links":{"self":[{"href":"https:\/\/climatemaster.ge\/az\/wp-json\/wp\/v2\/product\/43060","targetHints":{"allow":["GET"]}}],"collection":[{"href":"https:\/\/climatemaster.ge\/az\/wp-json\/wp\/v2\/product"}],"about":[{"href":"https:\/\/climatemaster.ge\/az\/wp-json\/wp\/v2\/types\/product"}],"wp:featuredmedia":[{"embeddable":true,"href":"https:\/\/climatemaster.ge\/az\/wp-json\/wp\/v2\/media\/43055"}],"wp:attachment":[{"href":"https:\/\/climatemaster.ge\/az\/wp-json\/wp\/v2\/media?parent=43060"}],"wp:term":[{"taxonomy":"product_brand","embeddable":true,"href":"https:\/\/climatemaster.ge\/az\/wp-json\/wp\/v2\/product_brand?post=43060"},{"taxonomy":"product_cat","embeddable":true,"href":"https:\/\/climatemaster.ge\/az\/wp-json\/wp\/v2\/product_cat?post=43060"},{"taxonomy":"product_tag","embeddable":true,"href":"https:\/\/climatemaster.ge\/az\/wp-json\/wp\/v2\/product_tag?post=43060"}],"curies":[{"name":"wp","href":"https:\/\/api.w.org\/{rel}","templated":true}]}}