{"id":42958,"date":"2025-10-18T12:25:19","date_gmt":"2025-10-18T08:25:19","guid":{"rendered":"https:\/\/airsystems.ge\/shop\/product\/vrf-system-indoor-unit-wall-mounted-wall-mounted-2nd-generation-ac-2-2-9-kw-mdv-dg-n1-m-mdv-d22g-n1-m-mdv-d28g-n1-m-mdv-d36g-n1-m-mdv-d-45g-n1-m-mdv-d56g-n1-m-mdv-d71g-n1-m-mdv-d80g-n1-m-mdv-d90\/"},"modified":"2025-10-18T12:30:56","modified_gmt":"2025-10-18T08:30:56","slug":"vrf-system-indoor-unit-wall-mounted-wall-mounted-2nd-generation-ac-2-2-9-kw-mdv-dg-n1-m-mdv-d22g-n1-m-mdv-d28g-n1-m-mdv-d36g-n1-m-mdv-d-45g-n1-m-mdv-d56g-n1-m-mdv-d71g-n1-m-mdv-d80g-n1-m-mdv-d90","status":"publish","type":"product","link":"https:\/\/climatemaster.ge\/az\/product\/vrf-system-indoor-unit-wall-mounted-wall-mounted-2nd-generation-ac-2-2-9-kw-mdv-dg-n1-m-mdv-d22g-n1-m-mdv-d28g-n1-m-mdv-d36g-n1-m-mdv-d-45g-n1-m-mdv-d56g-n1-m-mdv-d71g-n1-m-mdv-d80g-n1-m-mdv-d90\/","title":{"rendered":"VRF Sistemi Daxili blok Divara qura\u015fd\u0131r\u0131lm\u0131\u015fd\u0131r Divara qura\u015fd\u0131r\u0131lm\u0131\u015f, 2-ci n\u0259sil, AC 2,2 &#8211; 9 kVt MDV-D**G\/N1-M MDV-D22G\/N1-M MDV-D28G\/N1-M MDV-D36G\/N1-M MDV-D-45G\/N1-M MDV-D56G\/N1-M MDV-D71G\/N1-M MDV-D80G\/N1-M MDV-D90G\/N1-M  MIDEA"},"content":{"rendered":"","protected":false},"excerpt":{"rendered":"<h1>Divara qura\u015fd\u0131r\u0131lm\u0131\u015f, 2-ci n\u0259sil, AC<\/h1>\n<p>M\u0259hsulun spesifikasiyas\u0131<\/p>\n<p>2-ci N\u0259sil Divara Qura\u015fd\u0131r\u0131lm\u0131\u015f Daxili B\u00f6lm\u0259<\/p>\n<p>7 Fan S\u00fcr\u0259ti<br \/>\n\u015eaquli Luvr yell\u0259nc\u0259k funksiyas\u0131<\/p>\n","protected":false},"featured_media":42953,"template":"","meta":[],"product_brand":[],"product_cat":[1993],"product_tag":[],"class_list":{"0":"post-42958","1":"product","2":"type-product","3":"status-publish","4":"has-post-thumbnail","6":"product_cat-vrf-sistemi","8":"first","9":"instock","10":"shipping-taxable","11":"product-type-simple"},"yoast_head":"<!-- This site is optimized with the Yoast SEO plugin v27.1.1 - https:\/\/yoast.com\/product\/yoast-seo-wordpress\/ -->\n<title>VRF Sistemi Daxili blok Divara qura\u015fd\u0131r\u0131lm\u0131\u015fd\u0131r Divara qura\u015fd\u0131r\u0131lm\u0131\u015f, 2-ci n\u0259sil, AC 2,2 - 9 kVt MDV-D**G\/N1-M MDV-D22G\/N1-M MDV-D28G\/N1-M MDV-D36G\/N1-M MDV-D-45G\/N1-M MDV-D56G\/N1-M MDV-D71G\/N1-M MDV-D80G\/N1-M MDV-D90G\/N1-M MIDEA - Climate Master<\/title>\n<meta name=\"robots\" content=\"index, follow, max-snippet:-1, max-image-preview:large, max-video-preview:-1\" \/>\n<link rel=\"canonical\" href=\"https:\/\/climatemaster.ge\/az\/product\/vrf-system-indoor-unit-wall-mounted-wall-mounted-2nd-generation-ac-2-2-9-kw-mdv-dg-n1-m-mdv-d22g-n1-m-mdv-d28g-n1-m-mdv-d36g-n1-m-mdv-d-45g-n1-m-mdv-d56g-n1-m-mdv-d71g-n1-m-mdv-d80g-n1-m-mdv-d90\/\" \/>\n<meta property=\"og:locale\" content=\"az_AZ\" \/>\n<meta property=\"og:type\" content=\"article\" \/>\n<meta property=\"og:title\" content=\"VRF Sistemi Daxili blok Divara qura\u015fd\u0131r\u0131lm\u0131\u015fd\u0131r Divara qura\u015fd\u0131r\u0131lm\u0131\u015f, 2-ci n\u0259sil, AC 2,2 - 9 kVt MDV-D**G\/N1-M MDV-D22G\/N1-M MDV-D28G\/N1-M MDV-D36G\/N1-M MDV-D-45G\/N1-M MDV-D56G\/N1-M MDV-D71G\/N1-M MDV-D80G\/N1-M MDV-D90G\/N1-M MIDEA - Climate Master\" \/>\n<meta property=\"og:description\" content=\"Divara qura\u015fd\u0131r\u0131lm\u0131\u015f, 2-ci n\u0259sil, AC M\u0259hsulun spesifikasiyas\u0131  2-ci N\u0259sil Divara Qura\u015fd\u0131r\u0131lm\u0131\u015f Daxili B\u00f6lm\u0259  7 Fan S\u00fcr\u0259ti \u015eaquli Luvr yell\u0259nc\u0259k funksiyas\u0131\" \/>\n<meta property=\"og:url\" content=\"https:\/\/climatemaster.ge\/az\/product\/vrf-system-indoor-unit-wall-mounted-wall-mounted-2nd-generation-ac-2-2-9-kw-mdv-dg-n1-m-mdv-d22g-n1-m-mdv-d28g-n1-m-mdv-d36g-n1-m-mdv-d-45g-n1-m-mdv-d56g-n1-m-mdv-d71g-n1-m-mdv-d80g-n1-m-mdv-d90\/\" \/>\n<meta property=\"og:site_name\" content=\"Climate Master\" \/>\n<meta property=\"article:modified_time\" content=\"2025-10-18T08:30:56+00:00\" \/>\n<meta property=\"og:image\" content=\"https:\/\/climatemaster.ge\/wp-content\/uploads\/2025\/10\/WALL-MOUNT-DC_RESULT-1.webp\" \/>\n\t<meta property=\"og:image:width\" content=\"768\" \/>\n\t<meta property=\"og:image:height\" content=\"768\" \/>\n\t<meta property=\"og:image:type\" content=\"image\/webp\" \/>\n<meta name=\"twitter:card\" content=\"summary_large_image\" \/>\n<script type=\"application\/ld+json\" class=\"yoast-schema-graph\">{\"@context\":\"https:\/\/schema.org\",\"@graph\":[{\"@type\":\"WebPage\",\"@id\":\"https:\/\/climatemaster.ge\/az\/product\/vrf-system-indoor-unit-wall-mounted-wall-mounted-2nd-generation-ac-2-2-9-kw-mdv-dg-n1-m-mdv-d22g-n1-m-mdv-d28g-n1-m-mdv-d36g-n1-m-mdv-d-45g-n1-m-mdv-d56g-n1-m-mdv-d71g-n1-m-mdv-d80g-n1-m-mdv-d90\/\",\"url\":\"https:\/\/climatemaster.ge\/az\/product\/vrf-system-indoor-unit-wall-mounted-wall-mounted-2nd-generation-ac-2-2-9-kw-mdv-dg-n1-m-mdv-d22g-n1-m-mdv-d28g-n1-m-mdv-d36g-n1-m-mdv-d-45g-n1-m-mdv-d56g-n1-m-mdv-d71g-n1-m-mdv-d80g-n1-m-mdv-d90\/\",\"name\":\"VRF Sistemi Daxili blok Divara qura\u015fd\u0131r\u0131lm\u0131\u015fd\u0131r Divara qura\u015fd\u0131r\u0131lm\u0131\u015f, 2-ci n\u0259sil, AC 2,2 - 9 kVt MDV-D**G\/N1-M MDV-D22G\/N1-M MDV-D28G\/N1-M MDV-D36G\/N1-M MDV-D-45G\/N1-M MDV-D56G\/N1-M MDV-D71G\/N1-M MDV-D80G\/N1-M MDV-D90G\/N1-M MIDEA - Climate Master\",\"isPartOf\":{\"@id\":\"https:\/\/climatemaster.ge\/#website\"},\"primaryImageOfPage\":{\"@id\":\"https:\/\/climatemaster.ge\/az\/product\/vrf-system-indoor-unit-wall-mounted-wall-mounted-2nd-generation-ac-2-2-9-kw-mdv-dg-n1-m-mdv-d22g-n1-m-mdv-d28g-n1-m-mdv-d36g-n1-m-mdv-d-45g-n1-m-mdv-d56g-n1-m-mdv-d71g-n1-m-mdv-d80g-n1-m-mdv-d90\/#primaryimage\"},\"image\":{\"@id\":\"https:\/\/climatemaster.ge\/az\/product\/vrf-system-indoor-unit-wall-mounted-wall-mounted-2nd-generation-ac-2-2-9-kw-mdv-dg-n1-m-mdv-d22g-n1-m-mdv-d28g-n1-m-mdv-d36g-n1-m-mdv-d-45g-n1-m-mdv-d56g-n1-m-mdv-d71g-n1-m-mdv-d80g-n1-m-mdv-d90\/#primaryimage\"},\"thumbnailUrl\":\"https:\/\/climatemaster.ge\/wp-content\/uploads\/2025\/10\/WALL-MOUNT-DC_RESULT-1.webp\",\"datePublished\":\"2025-10-18T08:25:19+00:00\",\"dateModified\":\"2025-10-18T08:30:56+00:00\",\"breadcrumb\":{\"@id\":\"https:\/\/climatemaster.ge\/az\/product\/vrf-system-indoor-unit-wall-mounted-wall-mounted-2nd-generation-ac-2-2-9-kw-mdv-dg-n1-m-mdv-d22g-n1-m-mdv-d28g-n1-m-mdv-d36g-n1-m-mdv-d-45g-n1-m-mdv-d56g-n1-m-mdv-d71g-n1-m-mdv-d80g-n1-m-mdv-d90\/#breadcrumb\"},\"inLanguage\":\"az\",\"potentialAction\":[{\"@type\":\"ReadAction\",\"target\":[\"https:\/\/climatemaster.ge\/az\/product\/vrf-system-indoor-unit-wall-mounted-wall-mounted-2nd-generation-ac-2-2-9-kw-mdv-dg-n1-m-mdv-d22g-n1-m-mdv-d28g-n1-m-mdv-d36g-n1-m-mdv-d-45g-n1-m-mdv-d56g-n1-m-mdv-d71g-n1-m-mdv-d80g-n1-m-mdv-d90\/\"]}]},{\"@type\":\"ImageObject\",\"inLanguage\":\"az\",\"@id\":\"https:\/\/climatemaster.ge\/az\/product\/vrf-system-indoor-unit-wall-mounted-wall-mounted-2nd-generation-ac-2-2-9-kw-mdv-dg-n1-m-mdv-d22g-n1-m-mdv-d28g-n1-m-mdv-d36g-n1-m-mdv-d-45g-n1-m-mdv-d56g-n1-m-mdv-d71g-n1-m-mdv-d80g-n1-m-mdv-d90\/#primaryimage\",\"url\":\"https:\/\/climatemaster.ge\/wp-content\/uploads\/2025\/10\/WALL-MOUNT-DC_RESULT-1.webp\",\"contentUrl\":\"https:\/\/climatemaster.ge\/wp-content\/uploads\/2025\/10\/WALL-MOUNT-DC_RESULT-1.webp\",\"width\":768,\"height\":768},{\"@type\":\"BreadcrumbList\",\"@id\":\"https:\/\/climatemaster.ge\/az\/product\/vrf-system-indoor-unit-wall-mounted-wall-mounted-2nd-generation-ac-2-2-9-kw-mdv-dg-n1-m-mdv-d22g-n1-m-mdv-d28g-n1-m-mdv-d36g-n1-m-mdv-d-45g-n1-m-mdv-d56g-n1-m-mdv-d71g-n1-m-mdv-d80g-n1-m-mdv-d90\/#breadcrumb\",\"itemListElement\":[{\"@type\":\"ListItem\",\"position\":1,\"name\":\"Home\",\"item\":\"https:\/\/climatemaster.ge\/\"},{\"@type\":\"ListItem\",\"position\":2,\"name\":\"M\u0259hsullar\",\"item\":\"https:\/\/climatemaster.ge\/products\/\"},{\"@type\":\"ListItem\",\"position\":3,\"name\":\"VRF Sistemi Daxili blok Divara qura\u015fd\u0131r\u0131lm\u0131\u015fd\u0131r Divara qura\u015fd\u0131r\u0131lm\u0131\u015f, 2-ci n\u0259sil, AC 2,2 &#8211; 9 kVt MDV-D**G\/N1-M MDV-D22G\/N1-M MDV-D28G\/N1-M MDV-D36G\/N1-M MDV-D-45G\/N1-M MDV-D56G\/N1-M MDV-D71G\/N1-M MDV-D80G\/N1-M MDV-D90G\/N1-M MIDEA\"}]},{\"@type\":\"WebSite\",\"@id\":\"https:\/\/climatemaster.ge\/#website\",\"url\":\"https:\/\/climatemaster.ge\/\",\"name\":\"Climate Master\",\"description\":\"\",\"publisher\":{\"@id\":\"https:\/\/climatemaster.ge\/#organization\"},\"potentialAction\":[{\"@type\":\"SearchAction\",\"target\":{\"@type\":\"EntryPoint\",\"urlTemplate\":\"https:\/\/climatemaster.ge\/?s={search_term_string}\"},\"query-input\":{\"@type\":\"PropertyValueSpecification\",\"valueRequired\":true,\"valueName\":\"search_term_string\"}}],\"inLanguage\":\"az\"},{\"@type\":\"Organization\",\"@id\":\"https:\/\/climatemaster.ge\/#organization\",\"name\":\"Climate Master\",\"url\":\"https:\/\/climatemaster.ge\/\",\"logo\":{\"@type\":\"ImageObject\",\"inLanguage\":\"az\",\"@id\":\"https:\/\/climatemaster.ge\/#\/schema\/logo\/image\/\",\"url\":\"https:\/\/climatemaster.ge\/wp-content\/uploads\/2026\/03\/Untitled-2.png\",\"contentUrl\":\"https:\/\/climatemaster.ge\/wp-content\/uploads\/2026\/03\/Untitled-2.png\",\"width\":600,\"height\":338,\"caption\":\"Climate Master\"},\"image\":{\"@id\":\"https:\/\/climatemaster.ge\/#\/schema\/logo\/image\/\"}}]}<\/script>\n<!-- \/ Yoast SEO plugin. -->","yoast_head_json":{"title":"VRF Sistemi Daxili blok Divara qura\u015fd\u0131r\u0131lm\u0131\u015fd\u0131r Divara qura\u015fd\u0131r\u0131lm\u0131\u015f, 2-ci n\u0259sil, AC 2,2 - 9 kVt MDV-D**G\/N1-M MDV-D22G\/N1-M MDV-D28G\/N1-M MDV-D36G\/N1-M MDV-D-45G\/N1-M MDV-D56G\/N1-M MDV-D71G\/N1-M MDV-D80G\/N1-M MDV-D90G\/N1-M MIDEA - Climate Master","robots":{"index":"index","follow":"follow","max-snippet":"max-snippet:-1","max-image-preview":"max-image-preview:large","max-video-preview":"max-video-preview:-1"},"canonical":"https:\/\/climatemaster.ge\/az\/product\/vrf-system-indoor-unit-wall-mounted-wall-mounted-2nd-generation-ac-2-2-9-kw-mdv-dg-n1-m-mdv-d22g-n1-m-mdv-d28g-n1-m-mdv-d36g-n1-m-mdv-d-45g-n1-m-mdv-d56g-n1-m-mdv-d71g-n1-m-mdv-d80g-n1-m-mdv-d90\/","og_locale":"az_AZ","og_type":"article","og_title":"VRF Sistemi Daxili blok Divara qura\u015fd\u0131r\u0131lm\u0131\u015fd\u0131r Divara qura\u015fd\u0131r\u0131lm\u0131\u015f, 2-ci n\u0259sil, AC 2,2 - 9 kVt MDV-D**G\/N1-M MDV-D22G\/N1-M MDV-D28G\/N1-M MDV-D36G\/N1-M MDV-D-45G\/N1-M MDV-D56G\/N1-M MDV-D71G\/N1-M MDV-D80G\/N1-M MDV-D90G\/N1-M MIDEA - Climate Master","og_description":"Divara qura\u015fd\u0131r\u0131lm\u0131\u015f, 2-ci n\u0259sil, AC M\u0259hsulun spesifikasiyas\u0131  2-ci N\u0259sil Divara Qura\u015fd\u0131r\u0131lm\u0131\u015f Daxili B\u00f6lm\u0259  7 Fan S\u00fcr\u0259ti \u015eaquli Luvr yell\u0259nc\u0259k funksiyas\u0131","og_url":"https:\/\/climatemaster.ge\/az\/product\/vrf-system-indoor-unit-wall-mounted-wall-mounted-2nd-generation-ac-2-2-9-kw-mdv-dg-n1-m-mdv-d22g-n1-m-mdv-d28g-n1-m-mdv-d36g-n1-m-mdv-d-45g-n1-m-mdv-d56g-n1-m-mdv-d71g-n1-m-mdv-d80g-n1-m-mdv-d90\/","og_site_name":"Climate Master","article_modified_time":"2025-10-18T08:30:56+00:00","og_image":[{"width":768,"height":768,"url":"https:\/\/climatemaster.ge\/wp-content\/uploads\/2025\/10\/WALL-MOUNT-DC_RESULT-1.webp","type":"image\/webp"}],"twitter_card":"summary_large_image","schema":{"@context":"https:\/\/schema.org","@graph":[{"@type":"WebPage","@id":"https:\/\/climatemaster.ge\/az\/product\/vrf-system-indoor-unit-wall-mounted-wall-mounted-2nd-generation-ac-2-2-9-kw-mdv-dg-n1-m-mdv-d22g-n1-m-mdv-d28g-n1-m-mdv-d36g-n1-m-mdv-d-45g-n1-m-mdv-d56g-n1-m-mdv-d71g-n1-m-mdv-d80g-n1-m-mdv-d90\/","url":"https:\/\/climatemaster.ge\/az\/product\/vrf-system-indoor-unit-wall-mounted-wall-mounted-2nd-generation-ac-2-2-9-kw-mdv-dg-n1-m-mdv-d22g-n1-m-mdv-d28g-n1-m-mdv-d36g-n1-m-mdv-d-45g-n1-m-mdv-d56g-n1-m-mdv-d71g-n1-m-mdv-d80g-n1-m-mdv-d90\/","name":"VRF Sistemi Daxili blok Divara qura\u015fd\u0131r\u0131lm\u0131\u015fd\u0131r Divara qura\u015fd\u0131r\u0131lm\u0131\u015f, 2-ci n\u0259sil, AC 2,2 - 9 kVt MDV-D**G\/N1-M MDV-D22G\/N1-M MDV-D28G\/N1-M MDV-D36G\/N1-M MDV-D-45G\/N1-M MDV-D56G\/N1-M MDV-D71G\/N1-M MDV-D80G\/N1-M MDV-D90G\/N1-M MIDEA - Climate Master","isPartOf":{"@id":"https:\/\/climatemaster.ge\/#website"},"primaryImageOfPage":{"@id":"https:\/\/climatemaster.ge\/az\/product\/vrf-system-indoor-unit-wall-mounted-wall-mounted-2nd-generation-ac-2-2-9-kw-mdv-dg-n1-m-mdv-d22g-n1-m-mdv-d28g-n1-m-mdv-d36g-n1-m-mdv-d-45g-n1-m-mdv-d56g-n1-m-mdv-d71g-n1-m-mdv-d80g-n1-m-mdv-d90\/#primaryimage"},"image":{"@id":"https:\/\/climatemaster.ge\/az\/product\/vrf-system-indoor-unit-wall-mounted-wall-mounted-2nd-generation-ac-2-2-9-kw-mdv-dg-n1-m-mdv-d22g-n1-m-mdv-d28g-n1-m-mdv-d36g-n1-m-mdv-d-45g-n1-m-mdv-d56g-n1-m-mdv-d71g-n1-m-mdv-d80g-n1-m-mdv-d90\/#primaryimage"},"thumbnailUrl":"https:\/\/climatemaster.ge\/wp-content\/uploads\/2025\/10\/WALL-MOUNT-DC_RESULT-1.webp","datePublished":"2025-10-18T08:25:19+00:00","dateModified":"2025-10-18T08:30:56+00:00","breadcrumb":{"@id":"https:\/\/climatemaster.ge\/az\/product\/vrf-system-indoor-unit-wall-mounted-wall-mounted-2nd-generation-ac-2-2-9-kw-mdv-dg-n1-m-mdv-d22g-n1-m-mdv-d28g-n1-m-mdv-d36g-n1-m-mdv-d-45g-n1-m-mdv-d56g-n1-m-mdv-d71g-n1-m-mdv-d80g-n1-m-mdv-d90\/#breadcrumb"},"inLanguage":"az","potentialAction":[{"@type":"ReadAction","target":["https:\/\/climatemaster.ge\/az\/product\/vrf-system-indoor-unit-wall-mounted-wall-mounted-2nd-generation-ac-2-2-9-kw-mdv-dg-n1-m-mdv-d22g-n1-m-mdv-d28g-n1-m-mdv-d36g-n1-m-mdv-d-45g-n1-m-mdv-d56g-n1-m-mdv-d71g-n1-m-mdv-d80g-n1-m-mdv-d90\/"]}]},{"@type":"ImageObject","inLanguage":"az","@id":"https:\/\/climatemaster.ge\/az\/product\/vrf-system-indoor-unit-wall-mounted-wall-mounted-2nd-generation-ac-2-2-9-kw-mdv-dg-n1-m-mdv-d22g-n1-m-mdv-d28g-n1-m-mdv-d36g-n1-m-mdv-d-45g-n1-m-mdv-d56g-n1-m-mdv-d71g-n1-m-mdv-d80g-n1-m-mdv-d90\/#primaryimage","url":"https:\/\/climatemaster.ge\/wp-content\/uploads\/2025\/10\/WALL-MOUNT-DC_RESULT-1.webp","contentUrl":"https:\/\/climatemaster.ge\/wp-content\/uploads\/2025\/10\/WALL-MOUNT-DC_RESULT-1.webp","width":768,"height":768},{"@type":"BreadcrumbList","@id":"https:\/\/climatemaster.ge\/az\/product\/vrf-system-indoor-unit-wall-mounted-wall-mounted-2nd-generation-ac-2-2-9-kw-mdv-dg-n1-m-mdv-d22g-n1-m-mdv-d28g-n1-m-mdv-d36g-n1-m-mdv-d-45g-n1-m-mdv-d56g-n1-m-mdv-d71g-n1-m-mdv-d80g-n1-m-mdv-d90\/#breadcrumb","itemListElement":[{"@type":"ListItem","position":1,"name":"Home","item":"https:\/\/climatemaster.ge\/"},{"@type":"ListItem","position":2,"name":"M\u0259hsullar","item":"https:\/\/climatemaster.ge\/products\/"},{"@type":"ListItem","position":3,"name":"VRF Sistemi Daxili blok Divara qura\u015fd\u0131r\u0131lm\u0131\u015fd\u0131r Divara qura\u015fd\u0131r\u0131lm\u0131\u015f, 2-ci n\u0259sil, AC 2,2 &#8211; 9 kVt MDV-D**G\/N1-M MDV-D22G\/N1-M MDV-D28G\/N1-M MDV-D36G\/N1-M MDV-D-45G\/N1-M MDV-D56G\/N1-M MDV-D71G\/N1-M MDV-D80G\/N1-M MDV-D90G\/N1-M MIDEA"}]},{"@type":"WebSite","@id":"https:\/\/climatemaster.ge\/#website","url":"https:\/\/climatemaster.ge\/","name":"Climate Master","description":"","publisher":{"@id":"https:\/\/climatemaster.ge\/#organization"},"potentialAction":[{"@type":"SearchAction","target":{"@type":"EntryPoint","urlTemplate":"https:\/\/climatemaster.ge\/?s={search_term_string}"},"query-input":{"@type":"PropertyValueSpecification","valueRequired":true,"valueName":"search_term_string"}}],"inLanguage":"az"},{"@type":"Organization","@id":"https:\/\/climatemaster.ge\/#organization","name":"Climate Master","url":"https:\/\/climatemaster.ge\/","logo":{"@type":"ImageObject","inLanguage":"az","@id":"https:\/\/climatemaster.ge\/#\/schema\/logo\/image\/","url":"https:\/\/climatemaster.ge\/wp-content\/uploads\/2026\/03\/Untitled-2.png","contentUrl":"https:\/\/climatemaster.ge\/wp-content\/uploads\/2026\/03\/Untitled-2.png","width":600,"height":338,"caption":"Climate Master"},"image":{"@id":"https:\/\/climatemaster.ge\/#\/schema\/logo\/image\/"}}]}},"_links":{"self":[{"href":"https:\/\/climatemaster.ge\/az\/wp-json\/wp\/v2\/product\/42958","targetHints":{"allow":["GET"]}}],"collection":[{"href":"https:\/\/climatemaster.ge\/az\/wp-json\/wp\/v2\/product"}],"about":[{"href":"https:\/\/climatemaster.ge\/az\/wp-json\/wp\/v2\/types\/product"}],"wp:featuredmedia":[{"embeddable":true,"href":"https:\/\/climatemaster.ge\/az\/wp-json\/wp\/v2\/media\/42953"}],"wp:attachment":[{"href":"https:\/\/climatemaster.ge\/az\/wp-json\/wp\/v2\/media?parent=42958"}],"wp:term":[{"taxonomy":"product_brand","embeddable":true,"href":"https:\/\/climatemaster.ge\/az\/wp-json\/wp\/v2\/product_brand?post=42958"},{"taxonomy":"product_cat","embeddable":true,"href":"https:\/\/climatemaster.ge\/az\/wp-json\/wp\/v2\/product_cat?post=42958"},{"taxonomy":"product_tag","embeddable":true,"href":"https:\/\/climatemaster.ge\/az\/wp-json\/wp\/v2\/product_tag?post=42958"}],"curies":[{"name":"wp","href":"https:\/\/api.w.org\/{rel}","templated":true}]}}