{"id":42893,"date":"2025-10-14T22:47:20","date_gmt":"2025-10-14T18:47:20","guid":{"rendered":"https:\/\/airsystems.ge\/shop\/product\/vrf-system-indoor-unit-fresh-air-unit-small-airflow-v8-fresh-air-unit-9-28-kw-mihfashn18-mih90fashn18-mih140fashn18-mih160fashn18-mih224fashn18-mih280fashn18\/"},"modified":"2025-10-14T22:50:41","modified_gmt":"2025-10-14T18:50:41","slug":"vrf-system-indoor-unit-fresh-air-unit-small-airflow-v8-fresh-air-unit-9-28-kw-mihfashn18-mih90fashn18-mih140fashn18-mih160fashn18-mih224fashn18-mih280fashn18","status":"publish","type":"product","link":"https:\/\/climatemaster.ge\/az\/product\/vrf-system-indoor-unit-fresh-air-unit-small-airflow-v8-fresh-air-unit-9-28-kw-mihfashn18-mih90fashn18-mih140fashn18-mih160fashn18-mih224fashn18-mih280fashn18\/","title":{"rendered":"VRF Sistemi Daxili blok T\u0259miz Hava Vahidi Ki\u00e7ik Hava ax\u0131n\u0131 V8 T\u0259miz Hava B\u00f6lm\u0259si 9 &#8211; 28 kVt MIH**FASHN18  MIH90FASHN18 MIH140FASHN18 MIH160FASHN18 MIH224FASHN18 MIH280FASHN18"},"content":{"rendered":"","protected":false},"excerpt":{"rendered":"<h1>Ki\u00e7ik Hava ax\u0131n\u0131 V8 T\u0259miz Hava B\u00f6lm\u0259si<\/h1>\n<p>M\u0259hsulun spesifikasiyas\u0131<\/p>\n<p>VRF sisteminin t\u0259miz hava qur\u011fusu<\/p>\n<p>100% T\u0259miz Hava<br \/>\nTam \u0130nverter Texnologiyas\u0131<br \/>\nGeni\u015fl\u0259ndirilmi\u015f \u018fm\u0259liyyat Aral\u0131\u011f\u0131: Q\u0131\u015f: -10\u00b0C, Yay: 43\u00b0C<br \/>\nXarici \u015e\u0259raitd\u0259n As\u0131l\u0131 Olmadan Rahat Hava Temperaturunu T\u0259min edir<br \/>\nY\u00fcks\u0259k Xarici T\u0259zyiq: 400 Pa-a q\u0259d\u0259r<\/p>\n","protected":false},"featured_media":42888,"template":"","meta":[],"product_brand":[],"product_cat":[1993],"product_tag":[],"class_list":{"0":"post-42893","1":"product","2":"type-product","3":"status-publish","4":"has-post-thumbnail","6":"product_cat-vrf-sistemi","8":"first","9":"instock","10":"shipping-taxable","11":"product-type-simple"},"yoast_head":"<!-- This site is optimized with the Yoast SEO plugin v27.1.1 - https:\/\/yoast.com\/product\/yoast-seo-wordpress\/ -->\n<title>VRF Sistemi Daxili blok T\u0259miz Hava Vahidi Ki\u00e7ik Hava ax\u0131n\u0131 V8 T\u0259miz Hava B\u00f6lm\u0259si 9 - 28 kVt MIH**FASHN18 MIH90FASHN18 MIH140FASHN18 MIH160FASHN18 MIH224FASHN18 MIH280FASHN18 - Climate Master<\/title>\n<meta name=\"robots\" content=\"index, follow, max-snippet:-1, max-image-preview:large, max-video-preview:-1\" \/>\n<link rel=\"canonical\" href=\"https:\/\/climatemaster.ge\/product\/vrf-system-indoor-unit-fresh-air-unit-small-airflow-v8-fresh-air-unit-9-28-kw-mihfashn18-mih90fashn18-mih140fashn18-mih160fashn18-mih224fashn18-mih280fashn18\/\" \/>\n<meta property=\"og:locale\" content=\"az_AZ\" \/>\n<meta property=\"og:type\" content=\"article\" \/>\n<meta property=\"og:title\" content=\"VRF Sistemi Daxili blok T\u0259miz Hava Vahidi Ki\u00e7ik Hava ax\u0131n\u0131 V8 T\u0259miz Hava B\u00f6lm\u0259si 9 - 28 kVt MIH**FASHN18 MIH90FASHN18 MIH140FASHN18 MIH160FASHN18 MIH224FASHN18 MIH280FASHN18 - Climate Master\" \/>\n<meta property=\"og:description\" content=\"Ki\u00e7ik Hava ax\u0131n\u0131 V8 T\u0259miz Hava B\u00f6lm\u0259si M\u0259hsulun spesifikasiyas\u0131  VRF sisteminin t\u0259miz hava qur\u011fusu  100% T\u0259miz Hava Tam \u0130nverter Texnologiyas\u0131 Geni\u015fl\u0259ndirilmi\u015f \u018fm\u0259liyyat Aral\u0131\u011f\u0131: Q\u0131\u015f: -10\u00b0C, Yay: 43\u00b0C Xarici \u015e\u0259raitd\u0259n As\u0131l\u0131 Olmadan Rahat Hava Temperaturunu T\u0259min edir Y\u00fcks\u0259k Xarici T\u0259zyiq: 400 Pa-a q\u0259d\u0259r\" \/>\n<meta property=\"og:url\" content=\"https:\/\/climatemaster.ge\/product\/vrf-system-indoor-unit-fresh-air-unit-small-airflow-v8-fresh-air-unit-9-28-kw-mihfashn18-mih90fashn18-mih140fashn18-mih160fashn18-mih224fashn18-mih280fashn18\/\" \/>\n<meta property=\"og:site_name\" content=\"Climate Master\" \/>\n<meta property=\"article:modified_time\" content=\"2025-10-14T18:50:41+00:00\" \/>\n<meta property=\"og:image\" content=\"https:\/\/climatemaster.ge\/wp-content\/uploads\/2025\/10\/V8-SMALL-AIRFLOW-RATE-FRESH-AIR-PROCESSING9-16KW-LEFT_OG.webp\" \/>\n\t<meta property=\"og:image:width\" content=\"764\" \/>\n\t<meta property=\"og:image:height\" content=\"509\" \/>\n\t<meta property=\"og:image:type\" content=\"image\/webp\" \/>\n<meta name=\"twitter:card\" content=\"summary_large_image\" \/>\n<script type=\"application\/ld+json\" class=\"yoast-schema-graph\">{\"@context\":\"https:\/\/schema.org\",\"@graph\":[{\"@type\":\"WebPage\",\"@id\":\"https:\/\/climatemaster.ge\/product\/vrf-system-indoor-unit-fresh-air-unit-small-airflow-v8-fresh-air-unit-9-28-kw-mihfashn18-mih90fashn18-mih140fashn18-mih160fashn18-mih224fashn18-mih280fashn18\/\",\"url\":\"https:\/\/climatemaster.ge\/product\/vrf-system-indoor-unit-fresh-air-unit-small-airflow-v8-fresh-air-unit-9-28-kw-mihfashn18-mih90fashn18-mih140fashn18-mih160fashn18-mih224fashn18-mih280fashn18\/\",\"name\":\"VRF Sistemi Daxili blok T\u0259miz Hava Vahidi Ki\u00e7ik Hava ax\u0131n\u0131 V8 T\u0259miz Hava B\u00f6lm\u0259si 9 - 28 kVt MIH**FASHN18 MIH90FASHN18 MIH140FASHN18 MIH160FASHN18 MIH224FASHN18 MIH280FASHN18 - Climate Master\",\"isPartOf\":{\"@id\":\"https:\/\/climatemaster.ge\/#website\"},\"primaryImageOfPage\":{\"@id\":\"https:\/\/climatemaster.ge\/product\/vrf-system-indoor-unit-fresh-air-unit-small-airflow-v8-fresh-air-unit-9-28-kw-mihfashn18-mih90fashn18-mih140fashn18-mih160fashn18-mih224fashn18-mih280fashn18\/#primaryimage\"},\"image\":{\"@id\":\"https:\/\/climatemaster.ge\/product\/vrf-system-indoor-unit-fresh-air-unit-small-airflow-v8-fresh-air-unit-9-28-kw-mihfashn18-mih90fashn18-mih140fashn18-mih160fashn18-mih224fashn18-mih280fashn18\/#primaryimage\"},\"thumbnailUrl\":\"https:\/\/climatemaster.ge\/wp-content\/uploads\/2025\/10\/V8-SMALL-AIRFLOW-RATE-FRESH-AIR-PROCESSING9-16KW-LEFT_OG.webp\",\"datePublished\":\"2025-10-14T18:47:20+00:00\",\"dateModified\":\"2025-10-14T18:50:41+00:00\",\"breadcrumb\":{\"@id\":\"https:\/\/climatemaster.ge\/product\/vrf-system-indoor-unit-fresh-air-unit-small-airflow-v8-fresh-air-unit-9-28-kw-mihfashn18-mih90fashn18-mih140fashn18-mih160fashn18-mih224fashn18-mih280fashn18\/#breadcrumb\"},\"inLanguage\":\"az\",\"potentialAction\":[{\"@type\":\"ReadAction\",\"target\":[\"https:\/\/climatemaster.ge\/product\/vrf-system-indoor-unit-fresh-air-unit-small-airflow-v8-fresh-air-unit-9-28-kw-mihfashn18-mih90fashn18-mih140fashn18-mih160fashn18-mih224fashn18-mih280fashn18\/\"]}]},{\"@type\":\"ImageObject\",\"inLanguage\":\"az\",\"@id\":\"https:\/\/climatemaster.ge\/product\/vrf-system-indoor-unit-fresh-air-unit-small-airflow-v8-fresh-air-unit-9-28-kw-mihfashn18-mih90fashn18-mih140fashn18-mih160fashn18-mih224fashn18-mih280fashn18\/#primaryimage\",\"url\":\"https:\/\/climatemaster.ge\/wp-content\/uploads\/2025\/10\/V8-SMALL-AIRFLOW-RATE-FRESH-AIR-PROCESSING9-16KW-LEFT_OG.webp\",\"contentUrl\":\"https:\/\/climatemaster.ge\/wp-content\/uploads\/2025\/10\/V8-SMALL-AIRFLOW-RATE-FRESH-AIR-PROCESSING9-16KW-LEFT_OG.webp\",\"width\":764,\"height\":509},{\"@type\":\"BreadcrumbList\",\"@id\":\"https:\/\/climatemaster.ge\/product\/vrf-system-indoor-unit-fresh-air-unit-small-airflow-v8-fresh-air-unit-9-28-kw-mihfashn18-mih90fashn18-mih140fashn18-mih160fashn18-mih224fashn18-mih280fashn18\/#breadcrumb\",\"itemListElement\":[{\"@type\":\"ListItem\",\"position\":1,\"name\":\"Home\",\"item\":\"https:\/\/climatemaster.ge\/\"},{\"@type\":\"ListItem\",\"position\":2,\"name\":\"M\u0259hsullar\",\"item\":\"https:\/\/climatemaster.ge\/products\/\"},{\"@type\":\"ListItem\",\"position\":3,\"name\":\"VRF Sistemi Daxili blok T\u0259miz Hava Vahidi Ki\u00e7ik Hava ax\u0131n\u0131 V8 T\u0259miz Hava B\u00f6lm\u0259si 9 &#8211; 28 kVt MIH**FASHN18 MIH90FASHN18 MIH140FASHN18 MIH160FASHN18 MIH224FASHN18 MIH280FASHN18\"}]},{\"@type\":\"WebSite\",\"@id\":\"https:\/\/climatemaster.ge\/#website\",\"url\":\"https:\/\/climatemaster.ge\/\",\"name\":\"Climate Master\",\"description\":\"\",\"publisher\":{\"@id\":\"https:\/\/climatemaster.ge\/#organization\"},\"potentialAction\":[{\"@type\":\"SearchAction\",\"target\":{\"@type\":\"EntryPoint\",\"urlTemplate\":\"https:\/\/climatemaster.ge\/?s={search_term_string}\"},\"query-input\":{\"@type\":\"PropertyValueSpecification\",\"valueRequired\":true,\"valueName\":\"search_term_string\"}}],\"inLanguage\":\"az\"},{\"@type\":\"Organization\",\"@id\":\"https:\/\/climatemaster.ge\/#organization\",\"name\":\"Climate Master\",\"url\":\"https:\/\/climatemaster.ge\/\",\"logo\":{\"@type\":\"ImageObject\",\"inLanguage\":\"az\",\"@id\":\"https:\/\/climatemaster.ge\/#\/schema\/logo\/image\/\",\"url\":\"https:\/\/climatemaster.ge\/wp-content\/uploads\/2026\/03\/Untitled-2.png\",\"contentUrl\":\"https:\/\/climatemaster.ge\/wp-content\/uploads\/2026\/03\/Untitled-2.png\",\"width\":600,\"height\":338,\"caption\":\"Climate Master\"},\"image\":{\"@id\":\"https:\/\/climatemaster.ge\/#\/schema\/logo\/image\/\"}}]}<\/script>\n<!-- \/ Yoast SEO plugin. -->","yoast_head_json":{"title":"VRF Sistemi Daxili blok T\u0259miz Hava Vahidi Ki\u00e7ik Hava ax\u0131n\u0131 V8 T\u0259miz Hava B\u00f6lm\u0259si 9 - 28 kVt MIH**FASHN18 MIH90FASHN18 MIH140FASHN18 MIH160FASHN18 MIH224FASHN18 MIH280FASHN18 - Climate Master","robots":{"index":"index","follow":"follow","max-snippet":"max-snippet:-1","max-image-preview":"max-image-preview:large","max-video-preview":"max-video-preview:-1"},"canonical":"https:\/\/climatemaster.ge\/product\/vrf-system-indoor-unit-fresh-air-unit-small-airflow-v8-fresh-air-unit-9-28-kw-mihfashn18-mih90fashn18-mih140fashn18-mih160fashn18-mih224fashn18-mih280fashn18\/","og_locale":"az_AZ","og_type":"article","og_title":"VRF Sistemi Daxili blok T\u0259miz Hava Vahidi Ki\u00e7ik Hava ax\u0131n\u0131 V8 T\u0259miz Hava B\u00f6lm\u0259si 9 - 28 kVt MIH**FASHN18 MIH90FASHN18 MIH140FASHN18 MIH160FASHN18 MIH224FASHN18 MIH280FASHN18 - Climate Master","og_description":"Ki\u00e7ik Hava ax\u0131n\u0131 V8 T\u0259miz Hava B\u00f6lm\u0259si M\u0259hsulun spesifikasiyas\u0131  VRF sisteminin t\u0259miz hava qur\u011fusu  100% T\u0259miz Hava Tam \u0130nverter Texnologiyas\u0131 Geni\u015fl\u0259ndirilmi\u015f \u018fm\u0259liyyat Aral\u0131\u011f\u0131: Q\u0131\u015f: -10\u00b0C, Yay: 43\u00b0C Xarici \u015e\u0259raitd\u0259n As\u0131l\u0131 Olmadan Rahat Hava Temperaturunu T\u0259min edir Y\u00fcks\u0259k Xarici T\u0259zyiq: 400 Pa-a q\u0259d\u0259r","og_url":"https:\/\/climatemaster.ge\/product\/vrf-system-indoor-unit-fresh-air-unit-small-airflow-v8-fresh-air-unit-9-28-kw-mihfashn18-mih90fashn18-mih140fashn18-mih160fashn18-mih224fashn18-mih280fashn18\/","og_site_name":"Climate Master","article_modified_time":"2025-10-14T18:50:41+00:00","og_image":[{"width":764,"height":509,"url":"https:\/\/climatemaster.ge\/wp-content\/uploads\/2025\/10\/V8-SMALL-AIRFLOW-RATE-FRESH-AIR-PROCESSING9-16KW-LEFT_OG.webp","type":"image\/webp"}],"twitter_card":"summary_large_image","schema":{"@context":"https:\/\/schema.org","@graph":[{"@type":"WebPage","@id":"https:\/\/climatemaster.ge\/product\/vrf-system-indoor-unit-fresh-air-unit-small-airflow-v8-fresh-air-unit-9-28-kw-mihfashn18-mih90fashn18-mih140fashn18-mih160fashn18-mih224fashn18-mih280fashn18\/","url":"https:\/\/climatemaster.ge\/product\/vrf-system-indoor-unit-fresh-air-unit-small-airflow-v8-fresh-air-unit-9-28-kw-mihfashn18-mih90fashn18-mih140fashn18-mih160fashn18-mih224fashn18-mih280fashn18\/","name":"VRF Sistemi Daxili blok T\u0259miz Hava Vahidi Ki\u00e7ik Hava ax\u0131n\u0131 V8 T\u0259miz Hava B\u00f6lm\u0259si 9 - 28 kVt MIH**FASHN18 MIH90FASHN18 MIH140FASHN18 MIH160FASHN18 MIH224FASHN18 MIH280FASHN18 - Climate Master","isPartOf":{"@id":"https:\/\/climatemaster.ge\/#website"},"primaryImageOfPage":{"@id":"https:\/\/climatemaster.ge\/product\/vrf-system-indoor-unit-fresh-air-unit-small-airflow-v8-fresh-air-unit-9-28-kw-mihfashn18-mih90fashn18-mih140fashn18-mih160fashn18-mih224fashn18-mih280fashn18\/#primaryimage"},"image":{"@id":"https:\/\/climatemaster.ge\/product\/vrf-system-indoor-unit-fresh-air-unit-small-airflow-v8-fresh-air-unit-9-28-kw-mihfashn18-mih90fashn18-mih140fashn18-mih160fashn18-mih224fashn18-mih280fashn18\/#primaryimage"},"thumbnailUrl":"https:\/\/climatemaster.ge\/wp-content\/uploads\/2025\/10\/V8-SMALL-AIRFLOW-RATE-FRESH-AIR-PROCESSING9-16KW-LEFT_OG.webp","datePublished":"2025-10-14T18:47:20+00:00","dateModified":"2025-10-14T18:50:41+00:00","breadcrumb":{"@id":"https:\/\/climatemaster.ge\/product\/vrf-system-indoor-unit-fresh-air-unit-small-airflow-v8-fresh-air-unit-9-28-kw-mihfashn18-mih90fashn18-mih140fashn18-mih160fashn18-mih224fashn18-mih280fashn18\/#breadcrumb"},"inLanguage":"az","potentialAction":[{"@type":"ReadAction","target":["https:\/\/climatemaster.ge\/product\/vrf-system-indoor-unit-fresh-air-unit-small-airflow-v8-fresh-air-unit-9-28-kw-mihfashn18-mih90fashn18-mih140fashn18-mih160fashn18-mih224fashn18-mih280fashn18\/"]}]},{"@type":"ImageObject","inLanguage":"az","@id":"https:\/\/climatemaster.ge\/product\/vrf-system-indoor-unit-fresh-air-unit-small-airflow-v8-fresh-air-unit-9-28-kw-mihfashn18-mih90fashn18-mih140fashn18-mih160fashn18-mih224fashn18-mih280fashn18\/#primaryimage","url":"https:\/\/climatemaster.ge\/wp-content\/uploads\/2025\/10\/V8-SMALL-AIRFLOW-RATE-FRESH-AIR-PROCESSING9-16KW-LEFT_OG.webp","contentUrl":"https:\/\/climatemaster.ge\/wp-content\/uploads\/2025\/10\/V8-SMALL-AIRFLOW-RATE-FRESH-AIR-PROCESSING9-16KW-LEFT_OG.webp","width":764,"height":509},{"@type":"BreadcrumbList","@id":"https:\/\/climatemaster.ge\/product\/vrf-system-indoor-unit-fresh-air-unit-small-airflow-v8-fresh-air-unit-9-28-kw-mihfashn18-mih90fashn18-mih140fashn18-mih160fashn18-mih224fashn18-mih280fashn18\/#breadcrumb","itemListElement":[{"@type":"ListItem","position":1,"name":"Home","item":"https:\/\/climatemaster.ge\/"},{"@type":"ListItem","position":2,"name":"M\u0259hsullar","item":"https:\/\/climatemaster.ge\/products\/"},{"@type":"ListItem","position":3,"name":"VRF Sistemi Daxili blok T\u0259miz Hava Vahidi Ki\u00e7ik Hava ax\u0131n\u0131 V8 T\u0259miz Hava B\u00f6lm\u0259si 9 &#8211; 28 kVt MIH**FASHN18 MIH90FASHN18 MIH140FASHN18 MIH160FASHN18 MIH224FASHN18 MIH280FASHN18"}]},{"@type":"WebSite","@id":"https:\/\/climatemaster.ge\/#website","url":"https:\/\/climatemaster.ge\/","name":"Climate Master","description":"","publisher":{"@id":"https:\/\/climatemaster.ge\/#organization"},"potentialAction":[{"@type":"SearchAction","target":{"@type":"EntryPoint","urlTemplate":"https:\/\/climatemaster.ge\/?s={search_term_string}"},"query-input":{"@type":"PropertyValueSpecification","valueRequired":true,"valueName":"search_term_string"}}],"inLanguage":"az"},{"@type":"Organization","@id":"https:\/\/climatemaster.ge\/#organization","name":"Climate Master","url":"https:\/\/climatemaster.ge\/","logo":{"@type":"ImageObject","inLanguage":"az","@id":"https:\/\/climatemaster.ge\/#\/schema\/logo\/image\/","url":"https:\/\/climatemaster.ge\/wp-content\/uploads\/2026\/03\/Untitled-2.png","contentUrl":"https:\/\/climatemaster.ge\/wp-content\/uploads\/2026\/03\/Untitled-2.png","width":600,"height":338,"caption":"Climate Master"},"image":{"@id":"https:\/\/climatemaster.ge\/#\/schema\/logo\/image\/"}}]}},"_links":{"self":[{"href":"https:\/\/climatemaster.ge\/az\/wp-json\/wp\/v2\/product\/42893","targetHints":{"allow":["GET"]}}],"collection":[{"href":"https:\/\/climatemaster.ge\/az\/wp-json\/wp\/v2\/product"}],"about":[{"href":"https:\/\/climatemaster.ge\/az\/wp-json\/wp\/v2\/types\/product"}],"wp:featuredmedia":[{"embeddable":true,"href":"https:\/\/climatemaster.ge\/az\/wp-json\/wp\/v2\/media\/42888"}],"wp:attachment":[{"href":"https:\/\/climatemaster.ge\/az\/wp-json\/wp\/v2\/media?parent=42893"}],"wp:term":[{"taxonomy":"product_brand","embeddable":true,"href":"https:\/\/climatemaster.ge\/az\/wp-json\/wp\/v2\/product_brand?post=42893"},{"taxonomy":"product_cat","embeddable":true,"href":"https:\/\/climatemaster.ge\/az\/wp-json\/wp\/v2\/product_cat?post=42893"},{"taxonomy":"product_tag","embeddable":true,"href":"https:\/\/climatemaster.ge\/az\/wp-json\/wp\/v2\/product_tag?post=42893"}],"curies":[{"name":"wp","href":"https:\/\/api.w.org\/{rel}","templated":true}]}}