{"id":42763,"date":"2025-10-14T18:39:24","date_gmt":"2025-10-14T14:39:24","guid":{"rendered":"https:\/\/airsystems.ge\/shop\/product\/vrf-system-outdoor-unit-vertical-discharge-v8i-master-series-25-2-90-kw-mv8i-wv2rn1ema-mv8i-252wv2rn1ema-mv8i-280wv2rn1ema-mv8i-335wv2rn1ema-mv8i-400wv2rn1ema-mv8i-450wv2rn1ema-mv8i\/"},"modified":"2025-10-14T18:43:07","modified_gmt":"2025-10-14T14:43:07","slug":"vrf-system-outdoor-unit-vertical-discharge-v8i-master-series-25-2-90-kw-mv8i-wv2rn1ema-mv8i-252wv2rn1ema-mv8i-280wv2rn1ema-mv8i-335wv2rn1ema-mv8i-400wv2rn1ema-mv8i-450wv2rn1ema-mv8i","status":"publish","type":"product","link":"https:\/\/climatemaster.ge\/az\/product\/vrf-system-outdoor-unit-vertical-discharge-v8i-master-series-25-2-90-kw-mv8i-wv2rn1ema-mv8i-252wv2rn1ema-mv8i-280wv2rn1ema-mv8i-335wv2rn1ema-mv8i-400wv2rn1ema-mv8i-450wv2rn1ema-mv8i\/","title":{"rendered":"VRF Sistemi Xarici B\u00f6lm\u0259 \u015eaquli Bo\u015faltma V8i Master Series 25,2 &#8211; 90 kVt MV8i-***WV2RN1E(MA)  MV8i-252WV2RN1E(MA) MV8i-280WV2RN1E(MA) MV8i-335WV2RN1E(MA) MV8i-400WV2RN1E(MA) MV8i-450WV2RN1E(MA) MV8i-500WV2RN1E(MA) MV8i-560WV2RN1E(MA) MV8i-615WV2RN1E(MA) MV8i-670WV2RN1E(MA) MV8i-730WV2RN1E(MA) MV8i-785WV2RN1E(MA) MV8i-850WV2RN1E(MA) MV8i-900WV2RN1E(MA)"},"content":{"rendered":"","protected":false},"excerpt":{"rendered":"<h1>V8i Master seriyas\u0131<\/h1>\n<p>M\u0259hsulun spesifikasiyas\u0131<\/p>\n<p>VRF Sisteminin Xarici Bloku<\/p>\n<p>Add\u0131ms\u0131z Tam DC \u0130nverter<br \/>\nM\u00fcst\u0259sna M\u00f6vs\u00fcmi Enerji S\u0259m\u0259r\u0259liliyi<br \/>\nGeni\u015f g\u00fcc diapazonu: 90 kVt-a q\u0259d\u0259r<br \/>\nGeni\u015f birl\u0259\u015fm\u0259 nisb\u0259ti: 50-200%<br \/>\nT\u0259kmill\u0259\u015fdirilmi\u015f Buxar Enjeksiyonu (EVI) Kompressoru<br \/>\nShieldBox: Ekstremal Hava \u015e\u0259rtl\u0259rind\u0259 Sistemin Etibarl\u0131l\u0131\u011f\u0131n\u0131 t\u0259min edir.<br \/>\nMETA 2: T\u0259kmill\u0259\u015fdirilmi\u015f S\u0259m\u0259r\u0259lilik, N\u0259ml\u0259ndirm\u0259y\u0259 N\u0259zar\u0259t<br \/>\nHiperlink: Qura\u015fd\u0131rma vaxt\u0131n\u0131 v\u0259 qiym\u0259tini azald\u0131r<br \/>\nGeni\u015f \u0130stismar Aral\u0131\u011f\u0131: Q\u0131\u015f: -30\u00b0C, Yay: 55\u00b0C<br \/>\nD\u00f6rdl\u00fc Yed\u0259kl\u0259m\u0259 \u018fm\u0259liyyat\u0131: U\u011fursuzluq hal\u0131nda i\u015fl\u0259m\u0259y\u0259 davam edir<br \/>\n\u0130kiqat v\u0259zif\u0259li velosiped: uzad\u0131lm\u0131\u015f sistemin \u00f6mr\u00fc<br \/>\nDoctor M 2.0: A\u011f\u0131ll\u0131 Bax\u0131m Al\u0259ti<br \/>\nSuper Sense: Qabaqc\u0131l soyuducu monitorinqi<br \/>\nZen air 2.0: \u00c7oxfunksiyal\u0131 Hava ax\u0131n\u0131n\u0131n idar\u0259 edilm\u0259si<br \/>\nQabaqc\u0131l 15 add\u0131ml\u0131 S\u0259ssiz Rejim<br \/>\nAvtomatik Toz\/Qar T\u0259mizl\u0259m\u0259 funksiyas\u0131<\/p>\n","protected":false},"featured_media":42746,"template":"","meta":[],"product_brand":[],"product_cat":[1993],"product_tag":[],"class_list":{"0":"post-42763","1":"product","2":"type-product","3":"status-publish","4":"has-post-thumbnail","6":"product_cat-vrf-sistemi","8":"first","9":"instock","10":"shipping-taxable","11":"product-type-simple"},"yoast_head":"<!-- This site is optimized with the Yoast SEO plugin v27.1.1 - https:\/\/yoast.com\/product\/yoast-seo-wordpress\/ -->\n<title>VRF Sistemi Xarici B\u00f6lm\u0259 \u015eaquli Bo\u015faltma V8i Master Series 25,2 - 90 kVt MV8i-***WV2RN1E(MA) MV8i-252WV2RN1E(MA) MV8i-280WV2RN1E(MA) MV8i-335WV2RN1E(MA) MV8i-400WV2RN1E(MA) MV8i-450WV2RN1E(MA) MV8i-500WV2RN1E(MA) MV8i-560WV2RN1E(MA) MV8i-615WV2RN1E(MA) MV8i-670WV2RN1E(MA) MV8i-730WV2RN1E(MA) MV8i-785WV2RN1E(MA) MV8i-850WV2RN1E(MA) MV8i-900WV2RN1E(MA) - Climate Master<\/title>\n<meta name=\"robots\" content=\"index, follow, max-snippet:-1, max-image-preview:large, max-video-preview:-1\" \/>\n<link rel=\"canonical\" href=\"https:\/\/climatemaster.ge\/product\/vrf-system-outdoor-unit-vertical-discharge-v8i-master-series-25-2-90-kw-mv8i-wv2rn1ema-mv8i-252wv2rn1ema-mv8i-280wv2rn1ema-mv8i-335wv2rn1ema-mv8i-400wv2rn1ema-mv8i-450wv2rn1ema-mv8i\/\" \/>\n<meta property=\"og:locale\" content=\"az_AZ\" \/>\n<meta property=\"og:type\" content=\"article\" \/>\n<meta property=\"og:title\" content=\"VRF Sistemi Xarici B\u00f6lm\u0259 \u015eaquli Bo\u015faltma V8i Master Series 25,2 - 90 kVt MV8i-***WV2RN1E(MA) MV8i-252WV2RN1E(MA) MV8i-280WV2RN1E(MA) MV8i-335WV2RN1E(MA) MV8i-400WV2RN1E(MA) MV8i-450WV2RN1E(MA) MV8i-500WV2RN1E(MA) MV8i-560WV2RN1E(MA) MV8i-615WV2RN1E(MA) MV8i-670WV2RN1E(MA) MV8i-730WV2RN1E(MA) MV8i-785WV2RN1E(MA) MV8i-850WV2RN1E(MA) MV8i-900WV2RN1E(MA) - Climate Master\" \/>\n<meta property=\"og:description\" content=\"V8i Master seriyas\u0131 M\u0259hsulun spesifikasiyas\u0131  VRF Sisteminin Xarici Bloku  Add\u0131ms\u0131z Tam DC \u0130nverter M\u00fcst\u0259sna M\u00f6vs\u00fcmi Enerji S\u0259m\u0259r\u0259liliyi Geni\u015f g\u00fcc diapazonu: 90 kVt-a q\u0259d\u0259r Geni\u015f birl\u0259\u015fm\u0259 nisb\u0259ti: 50-200% T\u0259kmill\u0259\u015fdirilmi\u015f Buxar Enjeksiyonu (EVI) Kompressoru ShieldBox: Ekstremal Hava \u015e\u0259rtl\u0259rind\u0259 Sistemin Etibarl\u0131l\u0131\u011f\u0131n\u0131 t\u0259min edir. META 2: T\u0259kmill\u0259\u015fdirilmi\u015f S\u0259m\u0259r\u0259lilik, N\u0259ml\u0259ndirm\u0259y\u0259 N\u0259zar\u0259t Hiperlink: Qura\u015fd\u0131rma vaxt\u0131n\u0131 v\u0259 qiym\u0259tini azald\u0131r Geni\u015f \u0130stismar Aral\u0131\u011f\u0131: Q\u0131\u015f: -30\u00b0C, Yay: 55\u00b0C D\u00f6rdl\u00fc Yed\u0259kl\u0259m\u0259 \u018fm\u0259liyyat\u0131: U\u011fursuzluq hal\u0131nda i\u015fl\u0259m\u0259y\u0259 davam edir \u0130kiqat v\u0259zif\u0259li velosiped: uzad\u0131lm\u0131\u015f sistemin \u00f6mr\u00fc Doctor M 2.0: A\u011f\u0131ll\u0131 Bax\u0131m Al\u0259ti Super Sense: Qabaqc\u0131l soyuducu monitorinqi Zen air 2.0: \u00c7oxfunksiyal\u0131 Hava ax\u0131n\u0131n\u0131n idar\u0259 edilm\u0259si Qabaqc\u0131l 15 add\u0131ml\u0131 S\u0259ssiz Rejim Avtomatik Toz\/Qar T\u0259mizl\u0259m\u0259 funksiyas\u0131\" \/>\n<meta property=\"og:url\" content=\"https:\/\/climatemaster.ge\/product\/vrf-system-outdoor-unit-vertical-discharge-v8i-master-series-25-2-90-kw-mv8i-wv2rn1ema-mv8i-252wv2rn1ema-mv8i-280wv2rn1ema-mv8i-335wv2rn1ema-mv8i-400wv2rn1ema-mv8i-450wv2rn1ema-mv8i\/\" \/>\n<meta property=\"og:site_name\" content=\"Climate Master\" \/>\n<meta property=\"article:modified_time\" content=\"2025-10-14T14:43:07+00:00\" \/>\n<meta property=\"og:image\" content=\"https:\/\/climatemaster.ge\/wp-content\/uploads\/2025\/10\/Image-4-2.webp\" \/>\n\t<meta property=\"og:image:width\" content=\"742\" \/>\n\t<meta property=\"og:image:height\" content=\"672\" \/>\n\t<meta property=\"og:image:type\" content=\"image\/webp\" \/>\n<meta name=\"twitter:card\" content=\"summary_large_image\" \/>\n<script type=\"application\/ld+json\" class=\"yoast-schema-graph\">{\"@context\":\"https:\/\/schema.org\",\"@graph\":[{\"@type\":\"WebPage\",\"@id\":\"https:\/\/climatemaster.ge\/product\/vrf-system-outdoor-unit-vertical-discharge-v8i-master-series-25-2-90-kw-mv8i-wv2rn1ema-mv8i-252wv2rn1ema-mv8i-280wv2rn1ema-mv8i-335wv2rn1ema-mv8i-400wv2rn1ema-mv8i-450wv2rn1ema-mv8i\/\",\"url\":\"https:\/\/climatemaster.ge\/product\/vrf-system-outdoor-unit-vertical-discharge-v8i-master-series-25-2-90-kw-mv8i-wv2rn1ema-mv8i-252wv2rn1ema-mv8i-280wv2rn1ema-mv8i-335wv2rn1ema-mv8i-400wv2rn1ema-mv8i-450wv2rn1ema-mv8i\/\",\"name\":\"VRF Sistemi Xarici B\u00f6lm\u0259 \u015eaquli Bo\u015faltma V8i Master Series 25,2 - 90 kVt MV8i-***WV2RN1E(MA) MV8i-252WV2RN1E(MA) MV8i-280WV2RN1E(MA) MV8i-335WV2RN1E(MA) MV8i-400WV2RN1E(MA) MV8i-450WV2RN1E(MA) MV8i-500WV2RN1E(MA) MV8i-560WV2RN1E(MA) MV8i-615WV2RN1E(MA) MV8i-670WV2RN1E(MA) MV8i-730WV2RN1E(MA) MV8i-785WV2RN1E(MA) MV8i-850WV2RN1E(MA) MV8i-900WV2RN1E(MA) - Climate Master\",\"isPartOf\":{\"@id\":\"https:\/\/climatemaster.ge\/#website\"},\"primaryImageOfPage\":{\"@id\":\"https:\/\/climatemaster.ge\/product\/vrf-system-outdoor-unit-vertical-discharge-v8i-master-series-25-2-90-kw-mv8i-wv2rn1ema-mv8i-252wv2rn1ema-mv8i-280wv2rn1ema-mv8i-335wv2rn1ema-mv8i-400wv2rn1ema-mv8i-450wv2rn1ema-mv8i\/#primaryimage\"},\"image\":{\"@id\":\"https:\/\/climatemaster.ge\/product\/vrf-system-outdoor-unit-vertical-discharge-v8i-master-series-25-2-90-kw-mv8i-wv2rn1ema-mv8i-252wv2rn1ema-mv8i-280wv2rn1ema-mv8i-335wv2rn1ema-mv8i-400wv2rn1ema-mv8i-450wv2rn1ema-mv8i\/#primaryimage\"},\"thumbnailUrl\":\"https:\/\/climatemaster.ge\/wp-content\/uploads\/2025\/10\/Image-4-2.webp\",\"datePublished\":\"2025-10-14T14:39:24+00:00\",\"dateModified\":\"2025-10-14T14:43:07+00:00\",\"breadcrumb\":{\"@id\":\"https:\/\/climatemaster.ge\/product\/vrf-system-outdoor-unit-vertical-discharge-v8i-master-series-25-2-90-kw-mv8i-wv2rn1ema-mv8i-252wv2rn1ema-mv8i-280wv2rn1ema-mv8i-335wv2rn1ema-mv8i-400wv2rn1ema-mv8i-450wv2rn1ema-mv8i\/#breadcrumb\"},\"inLanguage\":\"az\",\"potentialAction\":[{\"@type\":\"ReadAction\",\"target\":[\"https:\/\/climatemaster.ge\/product\/vrf-system-outdoor-unit-vertical-discharge-v8i-master-series-25-2-90-kw-mv8i-wv2rn1ema-mv8i-252wv2rn1ema-mv8i-280wv2rn1ema-mv8i-335wv2rn1ema-mv8i-400wv2rn1ema-mv8i-450wv2rn1ema-mv8i\/\"]}]},{\"@type\":\"ImageObject\",\"inLanguage\":\"az\",\"@id\":\"https:\/\/climatemaster.ge\/product\/vrf-system-outdoor-unit-vertical-discharge-v8i-master-series-25-2-90-kw-mv8i-wv2rn1ema-mv8i-252wv2rn1ema-mv8i-280wv2rn1ema-mv8i-335wv2rn1ema-mv8i-400wv2rn1ema-mv8i-450wv2rn1ema-mv8i\/#primaryimage\",\"url\":\"https:\/\/climatemaster.ge\/wp-content\/uploads\/2025\/10\/Image-4-2.webp\",\"contentUrl\":\"https:\/\/climatemaster.ge\/wp-content\/uploads\/2025\/10\/Image-4-2.webp\",\"width\":742,\"height\":672},{\"@type\":\"BreadcrumbList\",\"@id\":\"https:\/\/climatemaster.ge\/product\/vrf-system-outdoor-unit-vertical-discharge-v8i-master-series-25-2-90-kw-mv8i-wv2rn1ema-mv8i-252wv2rn1ema-mv8i-280wv2rn1ema-mv8i-335wv2rn1ema-mv8i-400wv2rn1ema-mv8i-450wv2rn1ema-mv8i\/#breadcrumb\",\"itemListElement\":[{\"@type\":\"ListItem\",\"position\":1,\"name\":\"Home\",\"item\":\"https:\/\/climatemaster.ge\/\"},{\"@type\":\"ListItem\",\"position\":2,\"name\":\"M\u0259hsullar\",\"item\":\"https:\/\/climatemaster.ge\/products\/\"},{\"@type\":\"ListItem\",\"position\":3,\"name\":\"VRF Sistemi Xarici B\u00f6lm\u0259 \u015eaquli Bo\u015faltma V8i Master Series 25,2 &#8211; 90 kVt MV8i-***WV2RN1E(MA) MV8i-252WV2RN1E(MA) MV8i-280WV2RN1E(MA) MV8i-335WV2RN1E(MA) MV8i-400WV2RN1E(MA) MV8i-450WV2RN1E(MA) MV8i-500WV2RN1E(MA) MV8i-560WV2RN1E(MA) MV8i-615WV2RN1E(MA) MV8i-670WV2RN1E(MA) MV8i-730WV2RN1E(MA) MV8i-785WV2RN1E(MA) MV8i-850WV2RN1E(MA) MV8i-900WV2RN1E(MA)\"}]},{\"@type\":\"WebSite\",\"@id\":\"https:\/\/climatemaster.ge\/#website\",\"url\":\"https:\/\/climatemaster.ge\/\",\"name\":\"Climate Master\",\"description\":\"\",\"publisher\":{\"@id\":\"https:\/\/climatemaster.ge\/#organization\"},\"potentialAction\":[{\"@type\":\"SearchAction\",\"target\":{\"@type\":\"EntryPoint\",\"urlTemplate\":\"https:\/\/climatemaster.ge\/?s={search_term_string}\"},\"query-input\":{\"@type\":\"PropertyValueSpecification\",\"valueRequired\":true,\"valueName\":\"search_term_string\"}}],\"inLanguage\":\"az\"},{\"@type\":\"Organization\",\"@id\":\"https:\/\/climatemaster.ge\/#organization\",\"name\":\"Climate Master\",\"url\":\"https:\/\/climatemaster.ge\/\",\"logo\":{\"@type\":\"ImageObject\",\"inLanguage\":\"az\",\"@id\":\"https:\/\/climatemaster.ge\/#\/schema\/logo\/image\/\",\"url\":\"https:\/\/climatemaster.ge\/wp-content\/uploads\/2026\/03\/Untitled-2.png\",\"contentUrl\":\"https:\/\/climatemaster.ge\/wp-content\/uploads\/2026\/03\/Untitled-2.png\",\"width\":600,\"height\":338,\"caption\":\"Climate Master\"},\"image\":{\"@id\":\"https:\/\/climatemaster.ge\/#\/schema\/logo\/image\/\"}}]}<\/script>\n<!-- \/ Yoast SEO plugin. -->","yoast_head_json":{"title":"VRF Sistemi Xarici B\u00f6lm\u0259 \u015eaquli Bo\u015faltma V8i Master Series 25,2 - 90 kVt MV8i-***WV2RN1E(MA) MV8i-252WV2RN1E(MA) MV8i-280WV2RN1E(MA) MV8i-335WV2RN1E(MA) MV8i-400WV2RN1E(MA) MV8i-450WV2RN1E(MA) MV8i-500WV2RN1E(MA) MV8i-560WV2RN1E(MA) MV8i-615WV2RN1E(MA) MV8i-670WV2RN1E(MA) MV8i-730WV2RN1E(MA) MV8i-785WV2RN1E(MA) MV8i-850WV2RN1E(MA) MV8i-900WV2RN1E(MA) - Climate Master","robots":{"index":"index","follow":"follow","max-snippet":"max-snippet:-1","max-image-preview":"max-image-preview:large","max-video-preview":"max-video-preview:-1"},"canonical":"https:\/\/climatemaster.ge\/product\/vrf-system-outdoor-unit-vertical-discharge-v8i-master-series-25-2-90-kw-mv8i-wv2rn1ema-mv8i-252wv2rn1ema-mv8i-280wv2rn1ema-mv8i-335wv2rn1ema-mv8i-400wv2rn1ema-mv8i-450wv2rn1ema-mv8i\/","og_locale":"az_AZ","og_type":"article","og_title":"VRF Sistemi Xarici B\u00f6lm\u0259 \u015eaquli Bo\u015faltma V8i Master Series 25,2 - 90 kVt MV8i-***WV2RN1E(MA) MV8i-252WV2RN1E(MA) MV8i-280WV2RN1E(MA) MV8i-335WV2RN1E(MA) MV8i-400WV2RN1E(MA) MV8i-450WV2RN1E(MA) MV8i-500WV2RN1E(MA) MV8i-560WV2RN1E(MA) MV8i-615WV2RN1E(MA) MV8i-670WV2RN1E(MA) MV8i-730WV2RN1E(MA) MV8i-785WV2RN1E(MA) MV8i-850WV2RN1E(MA) MV8i-900WV2RN1E(MA) - Climate Master","og_description":"V8i Master seriyas\u0131 M\u0259hsulun spesifikasiyas\u0131  VRF Sisteminin Xarici Bloku  Add\u0131ms\u0131z Tam DC \u0130nverter M\u00fcst\u0259sna M\u00f6vs\u00fcmi Enerji S\u0259m\u0259r\u0259liliyi Geni\u015f g\u00fcc diapazonu: 90 kVt-a q\u0259d\u0259r Geni\u015f birl\u0259\u015fm\u0259 nisb\u0259ti: 50-200% T\u0259kmill\u0259\u015fdirilmi\u015f Buxar Enjeksiyonu (EVI) Kompressoru ShieldBox: Ekstremal Hava \u015e\u0259rtl\u0259rind\u0259 Sistemin Etibarl\u0131l\u0131\u011f\u0131n\u0131 t\u0259min edir. META 2: T\u0259kmill\u0259\u015fdirilmi\u015f S\u0259m\u0259r\u0259lilik, N\u0259ml\u0259ndirm\u0259y\u0259 N\u0259zar\u0259t Hiperlink: Qura\u015fd\u0131rma vaxt\u0131n\u0131 v\u0259 qiym\u0259tini azald\u0131r Geni\u015f \u0130stismar Aral\u0131\u011f\u0131: Q\u0131\u015f: -30\u00b0C, Yay: 55\u00b0C D\u00f6rdl\u00fc Yed\u0259kl\u0259m\u0259 \u018fm\u0259liyyat\u0131: U\u011fursuzluq hal\u0131nda i\u015fl\u0259m\u0259y\u0259 davam edir \u0130kiqat v\u0259zif\u0259li velosiped: uzad\u0131lm\u0131\u015f sistemin \u00f6mr\u00fc Doctor M 2.0: A\u011f\u0131ll\u0131 Bax\u0131m Al\u0259ti Super Sense: Qabaqc\u0131l soyuducu monitorinqi Zen air 2.0: \u00c7oxfunksiyal\u0131 Hava ax\u0131n\u0131n\u0131n idar\u0259 edilm\u0259si Qabaqc\u0131l 15 add\u0131ml\u0131 S\u0259ssiz Rejim Avtomatik Toz\/Qar T\u0259mizl\u0259m\u0259 funksiyas\u0131","og_url":"https:\/\/climatemaster.ge\/product\/vrf-system-outdoor-unit-vertical-discharge-v8i-master-series-25-2-90-kw-mv8i-wv2rn1ema-mv8i-252wv2rn1ema-mv8i-280wv2rn1ema-mv8i-335wv2rn1ema-mv8i-400wv2rn1ema-mv8i-450wv2rn1ema-mv8i\/","og_site_name":"Climate Master","article_modified_time":"2025-10-14T14:43:07+00:00","og_image":[{"width":742,"height":672,"url":"https:\/\/climatemaster.ge\/wp-content\/uploads\/2025\/10\/Image-4-2.webp","type":"image\/webp"}],"twitter_card":"summary_large_image","schema":{"@context":"https:\/\/schema.org","@graph":[{"@type":"WebPage","@id":"https:\/\/climatemaster.ge\/product\/vrf-system-outdoor-unit-vertical-discharge-v8i-master-series-25-2-90-kw-mv8i-wv2rn1ema-mv8i-252wv2rn1ema-mv8i-280wv2rn1ema-mv8i-335wv2rn1ema-mv8i-400wv2rn1ema-mv8i-450wv2rn1ema-mv8i\/","url":"https:\/\/climatemaster.ge\/product\/vrf-system-outdoor-unit-vertical-discharge-v8i-master-series-25-2-90-kw-mv8i-wv2rn1ema-mv8i-252wv2rn1ema-mv8i-280wv2rn1ema-mv8i-335wv2rn1ema-mv8i-400wv2rn1ema-mv8i-450wv2rn1ema-mv8i\/","name":"VRF Sistemi Xarici B\u00f6lm\u0259 \u015eaquli Bo\u015faltma V8i Master Series 25,2 - 90 kVt MV8i-***WV2RN1E(MA) MV8i-252WV2RN1E(MA) MV8i-280WV2RN1E(MA) MV8i-335WV2RN1E(MA) MV8i-400WV2RN1E(MA) MV8i-450WV2RN1E(MA) MV8i-500WV2RN1E(MA) MV8i-560WV2RN1E(MA) MV8i-615WV2RN1E(MA) MV8i-670WV2RN1E(MA) MV8i-730WV2RN1E(MA) MV8i-785WV2RN1E(MA) MV8i-850WV2RN1E(MA) MV8i-900WV2RN1E(MA) - Climate Master","isPartOf":{"@id":"https:\/\/climatemaster.ge\/#website"},"primaryImageOfPage":{"@id":"https:\/\/climatemaster.ge\/product\/vrf-system-outdoor-unit-vertical-discharge-v8i-master-series-25-2-90-kw-mv8i-wv2rn1ema-mv8i-252wv2rn1ema-mv8i-280wv2rn1ema-mv8i-335wv2rn1ema-mv8i-400wv2rn1ema-mv8i-450wv2rn1ema-mv8i\/#primaryimage"},"image":{"@id":"https:\/\/climatemaster.ge\/product\/vrf-system-outdoor-unit-vertical-discharge-v8i-master-series-25-2-90-kw-mv8i-wv2rn1ema-mv8i-252wv2rn1ema-mv8i-280wv2rn1ema-mv8i-335wv2rn1ema-mv8i-400wv2rn1ema-mv8i-450wv2rn1ema-mv8i\/#primaryimage"},"thumbnailUrl":"https:\/\/climatemaster.ge\/wp-content\/uploads\/2025\/10\/Image-4-2.webp","datePublished":"2025-10-14T14:39:24+00:00","dateModified":"2025-10-14T14:43:07+00:00","breadcrumb":{"@id":"https:\/\/climatemaster.ge\/product\/vrf-system-outdoor-unit-vertical-discharge-v8i-master-series-25-2-90-kw-mv8i-wv2rn1ema-mv8i-252wv2rn1ema-mv8i-280wv2rn1ema-mv8i-335wv2rn1ema-mv8i-400wv2rn1ema-mv8i-450wv2rn1ema-mv8i\/#breadcrumb"},"inLanguage":"az","potentialAction":[{"@type":"ReadAction","target":["https:\/\/climatemaster.ge\/product\/vrf-system-outdoor-unit-vertical-discharge-v8i-master-series-25-2-90-kw-mv8i-wv2rn1ema-mv8i-252wv2rn1ema-mv8i-280wv2rn1ema-mv8i-335wv2rn1ema-mv8i-400wv2rn1ema-mv8i-450wv2rn1ema-mv8i\/"]}]},{"@type":"ImageObject","inLanguage":"az","@id":"https:\/\/climatemaster.ge\/product\/vrf-system-outdoor-unit-vertical-discharge-v8i-master-series-25-2-90-kw-mv8i-wv2rn1ema-mv8i-252wv2rn1ema-mv8i-280wv2rn1ema-mv8i-335wv2rn1ema-mv8i-400wv2rn1ema-mv8i-450wv2rn1ema-mv8i\/#primaryimage","url":"https:\/\/climatemaster.ge\/wp-content\/uploads\/2025\/10\/Image-4-2.webp","contentUrl":"https:\/\/climatemaster.ge\/wp-content\/uploads\/2025\/10\/Image-4-2.webp","width":742,"height":672},{"@type":"BreadcrumbList","@id":"https:\/\/climatemaster.ge\/product\/vrf-system-outdoor-unit-vertical-discharge-v8i-master-series-25-2-90-kw-mv8i-wv2rn1ema-mv8i-252wv2rn1ema-mv8i-280wv2rn1ema-mv8i-335wv2rn1ema-mv8i-400wv2rn1ema-mv8i-450wv2rn1ema-mv8i\/#breadcrumb","itemListElement":[{"@type":"ListItem","position":1,"name":"Home","item":"https:\/\/climatemaster.ge\/"},{"@type":"ListItem","position":2,"name":"M\u0259hsullar","item":"https:\/\/climatemaster.ge\/products\/"},{"@type":"ListItem","position":3,"name":"VRF Sistemi Xarici B\u00f6lm\u0259 \u015eaquli Bo\u015faltma V8i Master Series 25,2 &#8211; 90 kVt MV8i-***WV2RN1E(MA) MV8i-252WV2RN1E(MA) MV8i-280WV2RN1E(MA) MV8i-335WV2RN1E(MA) MV8i-400WV2RN1E(MA) MV8i-450WV2RN1E(MA) MV8i-500WV2RN1E(MA) MV8i-560WV2RN1E(MA) MV8i-615WV2RN1E(MA) MV8i-670WV2RN1E(MA) MV8i-730WV2RN1E(MA) MV8i-785WV2RN1E(MA) MV8i-850WV2RN1E(MA) MV8i-900WV2RN1E(MA)"}]},{"@type":"WebSite","@id":"https:\/\/climatemaster.ge\/#website","url":"https:\/\/climatemaster.ge\/","name":"Climate Master","description":"","publisher":{"@id":"https:\/\/climatemaster.ge\/#organization"},"potentialAction":[{"@type":"SearchAction","target":{"@type":"EntryPoint","urlTemplate":"https:\/\/climatemaster.ge\/?s={search_term_string}"},"query-input":{"@type":"PropertyValueSpecification","valueRequired":true,"valueName":"search_term_string"}}],"inLanguage":"az"},{"@type":"Organization","@id":"https:\/\/climatemaster.ge\/#organization","name":"Climate Master","url":"https:\/\/climatemaster.ge\/","logo":{"@type":"ImageObject","inLanguage":"az","@id":"https:\/\/climatemaster.ge\/#\/schema\/logo\/image\/","url":"https:\/\/climatemaster.ge\/wp-content\/uploads\/2026\/03\/Untitled-2.png","contentUrl":"https:\/\/climatemaster.ge\/wp-content\/uploads\/2026\/03\/Untitled-2.png","width":600,"height":338,"caption":"Climate Master"},"image":{"@id":"https:\/\/climatemaster.ge\/#\/schema\/logo\/image\/"}}]}},"_links":{"self":[{"href":"https:\/\/climatemaster.ge\/az\/wp-json\/wp\/v2\/product\/42763","targetHints":{"allow":["GET"]}}],"collection":[{"href":"https:\/\/climatemaster.ge\/az\/wp-json\/wp\/v2\/product"}],"about":[{"href":"https:\/\/climatemaster.ge\/az\/wp-json\/wp\/v2\/types\/product"}],"wp:featuredmedia":[{"embeddable":true,"href":"https:\/\/climatemaster.ge\/az\/wp-json\/wp\/v2\/media\/42746"}],"wp:attachment":[{"href":"https:\/\/climatemaster.ge\/az\/wp-json\/wp\/v2\/media?parent=42763"}],"wp:term":[{"taxonomy":"product_brand","embeddable":true,"href":"https:\/\/climatemaster.ge\/az\/wp-json\/wp\/v2\/product_brand?post=42763"},{"taxonomy":"product_cat","embeddable":true,"href":"https:\/\/climatemaster.ge\/az\/wp-json\/wp\/v2\/product_cat?post=42763"},{"taxonomy":"product_tag","embeddable":true,"href":"https:\/\/climatemaster.ge\/az\/wp-json\/wp\/v2\/product_tag?post=42763"}],"curies":[{"name":"wp","href":"https:\/\/api.w.org\/{rel}","templated":true}]}}