{"id":42600,"date":"2025-10-11T21:08:22","date_gmt":"2025-10-11T17:08:22","guid":{"rendered":"https:\/\/airsystems.ge\/shop\/product\/vrf-system-3-pipe-v6r-three-pipe-system\/"},"modified":"2025-10-11T21:46:37","modified_gmt":"2025-10-11T17:46:37","slug":"vrf-system-3-pipe-v6r-three-pipe-system","status":"publish","type":"product","link":"https:\/\/climatemaster.ge\/az\/product\/vrf-system-3-pipe-v6r-three-pipe-system\/","title":{"rendered":"VRF sistemi 3 boru V6R \u00dc\u00e7 Boru sistemi MV6-R252WV2GN1 MV6-R280WV2GN1 MV6-R335WV2GN1 MV6- R400WV2GN1 MV6- R450WV2GN1 MV6- R500WV2GN1 MV6- R560WV2GN1"},"content":{"rendered":"","protected":false},"excerpt":{"rendered":"<p>VRF sistemi<br \/>\n3 boru V6R \u00dc\u00e7 Boru sistemi<\/p>\n<p>M\u0259hsulun spesifikasiyas\u0131<\/p>\n<p>VRF Sisteminin 3 Boru Xarici Bloku<\/p>\n<p>Eyni vaxtda isitm\u0259 v\u0259 soyutma<br \/>\nAdd\u0131ms\u0131z Tam DC \u0130nverter<br \/>\n\u0130stiliyin B\u0259rpas\u0131, Maksimum Enerji Q\u0259na\u0259ti<br \/>\nModul dizayn: 3 vahid\u0259 q\u0259d\u0259r qo\u015fula bil\u0259r<br \/>\nGeni\u015f birl\u0259\u015fm\u0259 nisb\u0259ti: 50-200%<br \/>\nT\u0259kmill\u0259\u015fdirilmi\u015f Buxar Enjeksiyonu (EVI) Kompressoru<br \/>\nGeni\u015f i\u015f diapazonu: Q\u0131\u015f: -25\u00b0C, Yay: 52\u00b0C<br \/>\n\u0130sti Su T\u0259chizat\u0131: Hidro Modul 25-80 \u00b0C M\u0259i\u015f\u0259t \u0130sti Suya nail ola bil\u0259r<br \/>\nQar\u0131\u015f\u0131q Model il\u0259 Defrost Rejimi zaman\u0131 Davaml\u0131 Q\u0131zd\u0131rma<br \/>\nYed\u0259kl\u0259m\u0259 \u018fm\u0259liyyat\u0131: U\u011fursuzluq hal\u0131nda i\u015fl\u0259m\u0259y\u0259 davam edir<br \/>\n\u0130kiqat v\u0259zif\u0259li velosiped: uzad\u0131lm\u0131\u015f sistemin \u00f6mr\u00fc<br \/>\nQabaqc\u0131l S\u0259ssiz Rejiml\u0259r<br \/>\nAvtomatik Toz\/Qar T\u0259mizl\u0259m\u0259 funksiyas\u0131<\/p>\n","protected":false},"featured_media":42592,"template":"","meta":[],"product_brand":[],"product_cat":[1993],"product_tag":[],"class_list":{"0":"post-42600","1":"product","2":"type-product","3":"status-publish","4":"has-post-thumbnail","6":"product_cat-vrf-sistemi","8":"first","9":"instock","10":"shipping-taxable","11":"product-type-simple"},"yoast_head":"<!-- This site is optimized with the Yoast SEO plugin v27.1.1 - https:\/\/yoast.com\/product\/yoast-seo-wordpress\/ -->\n<title>VRF sistemi 3 boru V6R \u00dc\u00e7 Boru sistemi MV6-R252WV2GN1 MV6-R280WV2GN1 MV6-R335WV2GN1 MV6- R400WV2GN1 MV6- R450WV2GN1 MV6- R500WV2GN1 MV6- R560WV2GN1 - Climate Master<\/title>\n<meta name=\"robots\" content=\"index, follow, max-snippet:-1, max-image-preview:large, max-video-preview:-1\" \/>\n<link rel=\"canonical\" href=\"https:\/\/climatemaster.ge\/az\/product\/vrf-system-3-pipe-v6r-three-pipe-system\/\" \/>\n<meta property=\"og:locale\" content=\"az_AZ\" \/>\n<meta property=\"og:type\" content=\"article\" \/>\n<meta property=\"og:title\" content=\"VRF sistemi 3 boru V6R \u00dc\u00e7 Boru sistemi MV6-R252WV2GN1 MV6-R280WV2GN1 MV6-R335WV2GN1 MV6- R400WV2GN1 MV6- R450WV2GN1 MV6- R500WV2GN1 MV6- R560WV2GN1 - Climate Master\" \/>\n<meta property=\"og:description\" content=\"VRF sistemi 3 boru V6R \u00dc\u00e7 Boru sistemi  M\u0259hsulun spesifikasiyas\u0131  VRF Sisteminin 3 Boru Xarici Bloku  Eyni vaxtda isitm\u0259 v\u0259 soyutma Add\u0131ms\u0131z Tam DC \u0130nverter \u0130stiliyin B\u0259rpas\u0131, Maksimum Enerji Q\u0259na\u0259ti Modul dizayn: 3 vahid\u0259 q\u0259d\u0259r qo\u015fula bil\u0259r Geni\u015f birl\u0259\u015fm\u0259 nisb\u0259ti: 50-200% T\u0259kmill\u0259\u015fdirilmi\u015f Buxar Enjeksiyonu (EVI) Kompressoru Geni\u015f i\u015f diapazonu: Q\u0131\u015f: -25\u00b0C, Yay: 52\u00b0C \u0130sti Su T\u0259chizat\u0131: Hidro Modul 25-80 \u00b0C M\u0259i\u015f\u0259t \u0130sti Suya nail ola bil\u0259r Qar\u0131\u015f\u0131q Model il\u0259 Defrost Rejimi zaman\u0131 Davaml\u0131 Q\u0131zd\u0131rma Yed\u0259kl\u0259m\u0259 \u018fm\u0259liyyat\u0131: U\u011fursuzluq hal\u0131nda i\u015fl\u0259m\u0259y\u0259 davam edir \u0130kiqat v\u0259zif\u0259li velosiped: uzad\u0131lm\u0131\u015f sistemin \u00f6mr\u00fc Qabaqc\u0131l S\u0259ssiz Rejiml\u0259r Avtomatik Toz\/Qar T\u0259mizl\u0259m\u0259 funksiyas\u0131\" \/>\n<meta property=\"og:url\" content=\"https:\/\/climatemaster.ge\/az\/product\/vrf-system-3-pipe-v6r-three-pipe-system\/\" \/>\n<meta property=\"og:site_name\" content=\"Climate Master\" \/>\n<meta property=\"article:modified_time\" content=\"2025-10-11T17:46:37+00:00\" \/>\n<meta property=\"og:image\" content=\"https:\/\/climatemaster.ge\/wp-content\/uploads\/2025\/10\/feature-2.webp\" \/>\n\t<meta property=\"og:image:width\" content=\"444\" \/>\n\t<meta property=\"og:image:height\" content=\"337\" \/>\n\t<meta property=\"og:image:type\" content=\"image\/webp\" \/>\n<meta name=\"twitter:card\" content=\"summary_large_image\" \/>\n<script type=\"application\/ld+json\" class=\"yoast-schema-graph\">{\"@context\":\"https:\/\/schema.org\",\"@graph\":[{\"@type\":\"WebPage\",\"@id\":\"https:\/\/climatemaster.ge\/az\/product\/vrf-system-3-pipe-v6r-three-pipe-system\/\",\"url\":\"https:\/\/climatemaster.ge\/az\/product\/vrf-system-3-pipe-v6r-three-pipe-system\/\",\"name\":\"VRF sistemi 3 boru V6R \u00dc\u00e7 Boru sistemi MV6-R252WV2GN1 MV6-R280WV2GN1 MV6-R335WV2GN1 MV6- R400WV2GN1 MV6- R450WV2GN1 MV6- R500WV2GN1 MV6- R560WV2GN1 - Climate Master\",\"isPartOf\":{\"@id\":\"https:\/\/climatemaster.ge\/#website\"},\"primaryImageOfPage\":{\"@id\":\"https:\/\/climatemaster.ge\/az\/product\/vrf-system-3-pipe-v6r-three-pipe-system\/#primaryimage\"},\"image\":{\"@id\":\"https:\/\/climatemaster.ge\/az\/product\/vrf-system-3-pipe-v6r-three-pipe-system\/#primaryimage\"},\"thumbnailUrl\":\"https:\/\/climatemaster.ge\/wp-content\/uploads\/2025\/10\/feature-2.webp\",\"datePublished\":\"2025-10-11T17:08:22+00:00\",\"dateModified\":\"2025-10-11T17:46:37+00:00\",\"breadcrumb\":{\"@id\":\"https:\/\/climatemaster.ge\/az\/product\/vrf-system-3-pipe-v6r-three-pipe-system\/#breadcrumb\"},\"inLanguage\":\"az\",\"potentialAction\":[{\"@type\":\"ReadAction\",\"target\":[\"https:\/\/climatemaster.ge\/az\/product\/vrf-system-3-pipe-v6r-three-pipe-system\/\"]}]},{\"@type\":\"ImageObject\",\"inLanguage\":\"az\",\"@id\":\"https:\/\/climatemaster.ge\/az\/product\/vrf-system-3-pipe-v6r-three-pipe-system\/#primaryimage\",\"url\":\"https:\/\/climatemaster.ge\/wp-content\/uploads\/2025\/10\/feature-2.webp\",\"contentUrl\":\"https:\/\/climatemaster.ge\/wp-content\/uploads\/2025\/10\/feature-2.webp\",\"width\":444,\"height\":337},{\"@type\":\"BreadcrumbList\",\"@id\":\"https:\/\/climatemaster.ge\/az\/product\/vrf-system-3-pipe-v6r-three-pipe-system\/#breadcrumb\",\"itemListElement\":[{\"@type\":\"ListItem\",\"position\":1,\"name\":\"Home\",\"item\":\"https:\/\/climatemaster.ge\/\"},{\"@type\":\"ListItem\",\"position\":2,\"name\":\"M\u0259hsullar\",\"item\":\"https:\/\/climatemaster.ge\/products\/\"},{\"@type\":\"ListItem\",\"position\":3,\"name\":\"VRF sistemi 3 boru V6R \u00dc\u00e7 Boru sistemi MV6-R252WV2GN1 MV6-R280WV2GN1 MV6-R335WV2GN1 MV6- R400WV2GN1 MV6- R450WV2GN1 MV6- R500WV2GN1 MV6- R560WV2GN1\"}]},{\"@type\":\"WebSite\",\"@id\":\"https:\/\/climatemaster.ge\/#website\",\"url\":\"https:\/\/climatemaster.ge\/\",\"name\":\"Climate Master\",\"description\":\"\",\"publisher\":{\"@id\":\"https:\/\/climatemaster.ge\/#organization\"},\"potentialAction\":[{\"@type\":\"SearchAction\",\"target\":{\"@type\":\"EntryPoint\",\"urlTemplate\":\"https:\/\/climatemaster.ge\/?s={search_term_string}\"},\"query-input\":{\"@type\":\"PropertyValueSpecification\",\"valueRequired\":true,\"valueName\":\"search_term_string\"}}],\"inLanguage\":\"az\"},{\"@type\":\"Organization\",\"@id\":\"https:\/\/climatemaster.ge\/#organization\",\"name\":\"Climate Master\",\"url\":\"https:\/\/climatemaster.ge\/\",\"logo\":{\"@type\":\"ImageObject\",\"inLanguage\":\"az\",\"@id\":\"https:\/\/climatemaster.ge\/#\/schema\/logo\/image\/\",\"url\":\"https:\/\/climatemaster.ge\/wp-content\/uploads\/2026\/03\/Untitled-2.png\",\"contentUrl\":\"https:\/\/climatemaster.ge\/wp-content\/uploads\/2026\/03\/Untitled-2.png\",\"width\":600,\"height\":338,\"caption\":\"Climate Master\"},\"image\":{\"@id\":\"https:\/\/climatemaster.ge\/#\/schema\/logo\/image\/\"}}]}<\/script>\n<!-- \/ Yoast SEO plugin. -->","yoast_head_json":{"title":"VRF sistemi 3 boru V6R \u00dc\u00e7 Boru sistemi MV6-R252WV2GN1 MV6-R280WV2GN1 MV6-R335WV2GN1 MV6- R400WV2GN1 MV6- R450WV2GN1 MV6- R500WV2GN1 MV6- R560WV2GN1 - Climate Master","robots":{"index":"index","follow":"follow","max-snippet":"max-snippet:-1","max-image-preview":"max-image-preview:large","max-video-preview":"max-video-preview:-1"},"canonical":"https:\/\/climatemaster.ge\/az\/product\/vrf-system-3-pipe-v6r-three-pipe-system\/","og_locale":"az_AZ","og_type":"article","og_title":"VRF sistemi 3 boru V6R \u00dc\u00e7 Boru sistemi MV6-R252WV2GN1 MV6-R280WV2GN1 MV6-R335WV2GN1 MV6- R400WV2GN1 MV6- R450WV2GN1 MV6- R500WV2GN1 MV6- R560WV2GN1 - Climate Master","og_description":"VRF sistemi 3 boru V6R \u00dc\u00e7 Boru sistemi  M\u0259hsulun spesifikasiyas\u0131  VRF Sisteminin 3 Boru Xarici Bloku  Eyni vaxtda isitm\u0259 v\u0259 soyutma Add\u0131ms\u0131z Tam DC \u0130nverter \u0130stiliyin B\u0259rpas\u0131, Maksimum Enerji Q\u0259na\u0259ti Modul dizayn: 3 vahid\u0259 q\u0259d\u0259r qo\u015fula bil\u0259r Geni\u015f birl\u0259\u015fm\u0259 nisb\u0259ti: 50-200% T\u0259kmill\u0259\u015fdirilmi\u015f Buxar Enjeksiyonu (EVI) Kompressoru Geni\u015f i\u015f diapazonu: Q\u0131\u015f: -25\u00b0C, Yay: 52\u00b0C \u0130sti Su T\u0259chizat\u0131: Hidro Modul 25-80 \u00b0C M\u0259i\u015f\u0259t \u0130sti Suya nail ola bil\u0259r Qar\u0131\u015f\u0131q Model il\u0259 Defrost Rejimi zaman\u0131 Davaml\u0131 Q\u0131zd\u0131rma Yed\u0259kl\u0259m\u0259 \u018fm\u0259liyyat\u0131: U\u011fursuzluq hal\u0131nda i\u015fl\u0259m\u0259y\u0259 davam edir \u0130kiqat v\u0259zif\u0259li velosiped: uzad\u0131lm\u0131\u015f sistemin \u00f6mr\u00fc Qabaqc\u0131l S\u0259ssiz Rejiml\u0259r Avtomatik Toz\/Qar T\u0259mizl\u0259m\u0259 funksiyas\u0131","og_url":"https:\/\/climatemaster.ge\/az\/product\/vrf-system-3-pipe-v6r-three-pipe-system\/","og_site_name":"Climate Master","article_modified_time":"2025-10-11T17:46:37+00:00","og_image":[{"width":444,"height":337,"url":"https:\/\/climatemaster.ge\/wp-content\/uploads\/2025\/10\/feature-2.webp","type":"image\/webp"}],"twitter_card":"summary_large_image","schema":{"@context":"https:\/\/schema.org","@graph":[{"@type":"WebPage","@id":"https:\/\/climatemaster.ge\/az\/product\/vrf-system-3-pipe-v6r-three-pipe-system\/","url":"https:\/\/climatemaster.ge\/az\/product\/vrf-system-3-pipe-v6r-three-pipe-system\/","name":"VRF sistemi 3 boru V6R \u00dc\u00e7 Boru sistemi MV6-R252WV2GN1 MV6-R280WV2GN1 MV6-R335WV2GN1 MV6- R400WV2GN1 MV6- R450WV2GN1 MV6- R500WV2GN1 MV6- R560WV2GN1 - Climate Master","isPartOf":{"@id":"https:\/\/climatemaster.ge\/#website"},"primaryImageOfPage":{"@id":"https:\/\/climatemaster.ge\/az\/product\/vrf-system-3-pipe-v6r-three-pipe-system\/#primaryimage"},"image":{"@id":"https:\/\/climatemaster.ge\/az\/product\/vrf-system-3-pipe-v6r-three-pipe-system\/#primaryimage"},"thumbnailUrl":"https:\/\/climatemaster.ge\/wp-content\/uploads\/2025\/10\/feature-2.webp","datePublished":"2025-10-11T17:08:22+00:00","dateModified":"2025-10-11T17:46:37+00:00","breadcrumb":{"@id":"https:\/\/climatemaster.ge\/az\/product\/vrf-system-3-pipe-v6r-three-pipe-system\/#breadcrumb"},"inLanguage":"az","potentialAction":[{"@type":"ReadAction","target":["https:\/\/climatemaster.ge\/az\/product\/vrf-system-3-pipe-v6r-three-pipe-system\/"]}]},{"@type":"ImageObject","inLanguage":"az","@id":"https:\/\/climatemaster.ge\/az\/product\/vrf-system-3-pipe-v6r-three-pipe-system\/#primaryimage","url":"https:\/\/climatemaster.ge\/wp-content\/uploads\/2025\/10\/feature-2.webp","contentUrl":"https:\/\/climatemaster.ge\/wp-content\/uploads\/2025\/10\/feature-2.webp","width":444,"height":337},{"@type":"BreadcrumbList","@id":"https:\/\/climatemaster.ge\/az\/product\/vrf-system-3-pipe-v6r-three-pipe-system\/#breadcrumb","itemListElement":[{"@type":"ListItem","position":1,"name":"Home","item":"https:\/\/climatemaster.ge\/"},{"@type":"ListItem","position":2,"name":"M\u0259hsullar","item":"https:\/\/climatemaster.ge\/products\/"},{"@type":"ListItem","position":3,"name":"VRF sistemi 3 boru V6R \u00dc\u00e7 Boru sistemi MV6-R252WV2GN1 MV6-R280WV2GN1 MV6-R335WV2GN1 MV6- R400WV2GN1 MV6- R450WV2GN1 MV6- R500WV2GN1 MV6- R560WV2GN1"}]},{"@type":"WebSite","@id":"https:\/\/climatemaster.ge\/#website","url":"https:\/\/climatemaster.ge\/","name":"Climate Master","description":"","publisher":{"@id":"https:\/\/climatemaster.ge\/#organization"},"potentialAction":[{"@type":"SearchAction","target":{"@type":"EntryPoint","urlTemplate":"https:\/\/climatemaster.ge\/?s={search_term_string}"},"query-input":{"@type":"PropertyValueSpecification","valueRequired":true,"valueName":"search_term_string"}}],"inLanguage":"az"},{"@type":"Organization","@id":"https:\/\/climatemaster.ge\/#organization","name":"Climate Master","url":"https:\/\/climatemaster.ge\/","logo":{"@type":"ImageObject","inLanguage":"az","@id":"https:\/\/climatemaster.ge\/#\/schema\/logo\/image\/","url":"https:\/\/climatemaster.ge\/wp-content\/uploads\/2026\/03\/Untitled-2.png","contentUrl":"https:\/\/climatemaster.ge\/wp-content\/uploads\/2026\/03\/Untitled-2.png","width":600,"height":338,"caption":"Climate Master"},"image":{"@id":"https:\/\/climatemaster.ge\/#\/schema\/logo\/image\/"}}]}},"_links":{"self":[{"href":"https:\/\/climatemaster.ge\/az\/wp-json\/wp\/v2\/product\/42600","targetHints":{"allow":["GET"]}}],"collection":[{"href":"https:\/\/climatemaster.ge\/az\/wp-json\/wp\/v2\/product"}],"about":[{"href":"https:\/\/climatemaster.ge\/az\/wp-json\/wp\/v2\/types\/product"}],"wp:featuredmedia":[{"embeddable":true,"href":"https:\/\/climatemaster.ge\/az\/wp-json\/wp\/v2\/media\/42592"}],"wp:attachment":[{"href":"https:\/\/climatemaster.ge\/az\/wp-json\/wp\/v2\/media?parent=42600"}],"wp:term":[{"taxonomy":"product_brand","embeddable":true,"href":"https:\/\/climatemaster.ge\/az\/wp-json\/wp\/v2\/product_brand?post=42600"},{"taxonomy":"product_cat","embeddable":true,"href":"https:\/\/climatemaster.ge\/az\/wp-json\/wp\/v2\/product_cat?post=42600"},{"taxonomy":"product_tag","embeddable":true,"href":"https:\/\/climatemaster.ge\/az\/wp-json\/wp\/v2\/product_tag?post=42600"}],"curies":[{"name":"wp","href":"https:\/\/api.w.org\/{rel}","templated":true}]}}