{"id":40847,"date":"2025-09-26T18:45:30","date_gmt":"2025-09-26T14:45:30","guid":{"rendered":"https:\/\/airsystems.ge\/shop\/product\/master-bv-400-indirect-oil-fired-air-heater-indirect-oil-fired-air-heaters-with-2-stage-master-burner\/"},"modified":"2025-09-26T18:58:52","modified_gmt":"2025-09-26T14:58:52","slug":"master-bv-400-indirect-oil-fired-air-heater-indirect-oil-fired-air-heaters-with-2-stage-master-burner","status":"publish","type":"product","link":"https:\/\/climatemaster.ge\/az\/product\/master-bv-400-indirect-oil-fired-air-heater-indirect-oil-fired-air-heaters-with-2-stage-master-burner\/","title":{"rendered":"Master BV 400 \u2013 dolay\u0131 ya\u011fla i\u015fl\u0259y\u0259n hava q\u0131zd\u0131r\u0131c\u0131s\u0131 2 pill\u0259li Master br\u00fcl\u00f6rl\u00fc dolay\u0131 ya\u011fl\u0131 hava q\u0131zd\u0131r\u0131c\u0131lar\u0131"},"content":{"rendered":"<section class=\"max-w-[1088px] mx-auto w-full px-5 my-10 md:my-12 lg:my-16 xl:my-20 xl:px-0\" data-block=\"bullet-list\">\n<div class=\"md:text-center\">\n<p><strong>\u018fsas x\u00fcsusiyy\u0259tl\u0259r<\/strong><\/p>\n<p>T\u0259miz isti hava<br \/>\n\u00c7ox a\u015fa\u011f\u0131 s\u0259s-k\u00fcy (72 dB)<br \/>\nPlug fan y\u00fcks\u0259k hava t\u0259zyiqi 500 Pa imkan verir<br \/>\n2 m\u0259rh\u0259l\u0259li Master burner<br \/>\nHava qidaland\u0131rma d\u0259sti<br \/>\nRotomoulded tank<br \/>\nUzaqdan termostat \u00fc\u00e7\u00fcn rozetka<br \/>\nY\u00fcks\u0259k s\u0259m\u0259r\u0259li istilik d\u0259yi\u015fdiricisi<br \/>\nPaslanmayan polad yanma kameras\u0131<br \/>\nTrolley daxildir<br \/>\nDamc\u0131s\u0131z yanacaq \u00e7\u0259ni \u00fc\u00e7\u00fcn \u015fnorkel<br \/>\nBu q\u0131zd\u0131r\u0131c\u0131lar yand\u0131ra bil\u0259r: bioyanacaq HVO 100, dizel v\u0259 ya kerosin<\/p>\n<\/div>\n<\/section>\n<section class=\"max-w-[1088px] mx-auto w-full px-5 my-10 md:my-12 lg:my-16 xl:my-20 xl:px-0\" data-block=\"product-specifications\">\n<div class=\"md:text-center\">\n<h3 class=\"text-black font-bold text-lg md:text-xl lg:text-2xl\"><strong>Product specifications<\/strong><\/h3>\n<\/div>\n<div class=\" md:mt-10\">\n<div class=\"\">\n<div class=\"lg:mt-0 \">\n<div id=\"spec-bv-400\" class=\"prose max-w-full md:overflow-auto\" data-spec-content=\"\">\n<div class=\"spreadsheet-container hidden md:block\">\n<table class=\"w-full table-fixed mb-0\">\n<thead>\n<tr>\n<th class=\"font-bold text-base\"><span class=\"block px-4\">Specifications<\/span><\/th>\n<th class=\"font-bold text-base text-center\"><span class=\"block px-10 md:px-20\">Units<\/span><\/th>\n<th class=\"font-bold text-base text-center will-change\"><span class=\"block px-4\">BV\u00a0400<\/span><\/th>\n<\/tr>\n<\/thead>\n<tbody>\n<tr class=\"bg-grey-200\/50 p-2\">\n<td colspan=\"1\"><span class=\"block px-4\">Heating power<\/span><\/td>\n<td class=\"text-center\">\n<div class=\"px-10 md:px-20 flex items-center justify-center\">kW<\/div>\n<\/td>\n<td class=\"text-center will-change\">\n<div class=\"px-10 md:px-20 flex items-center justify-center\">110\/80<\/div>\n<\/td>\n<\/tr>\n<tr class=\" p-2\">\n<td colspan=\"1\"><span class=\"block px-4\">Heating power<\/span><\/td>\n<td class=\"text-center\">\n<div class=\"px-10 md:px-20 flex items-center justify-center\">Btu\/h<\/div>\n<\/td>\n<td class=\"text-center will-change\">\n<div class=\"px-10 md:px-20 flex items-center justify-center\">375,000\/237,000<\/div>\n<\/td>\n<\/tr>\n<tr class=\"bg-grey-200\/50 p-2\">\n<td colspan=\"1\"><span class=\"block px-4\">Heating power<\/span><\/td>\n<td class=\"text-center\">\n<div class=\"px-10 md:px-20 flex items-center justify-center\">kcal\/h<\/div>\n<\/td>\n<td class=\"text-center will-change\">\n<div class=\"px-10 md:px-20 flex items-center justify-center\">94,600\/68,800<\/div>\n<\/td>\n<\/tr>\n<tr class=\" p-2\">\n<td colspan=\"1\"><span class=\"block px-4\">Fan<\/span><\/td>\n<td class=\"text-center\">\n<div class=\"px-10 md:px-20 flex items-center justify-center\">type<\/div>\n<\/td>\n<td class=\"text-center will-change\">\n<div class=\"px-10 md:px-20 flex items-center justify-center\">Plug fan<\/div>\n<\/td>\n<\/tr>\n<tr class=\"bg-grey-200\/50 p-2\">\n<td colspan=\"1\"><span class=\"block px-4\">Total air pressure<\/span><\/td>\n<td class=\"text-center\">\n<div class=\"px-10 md:px-20 flex items-center justify-center\">Pa<\/div>\n<\/td>\n<td class=\"text-center will-change\">\n<div class=\"px-10 md:px-20 flex items-center justify-center\">500<\/div>\n<\/td>\n<\/tr>\n<tr class=\" p-2\">\n<td colspan=\"1\"><span class=\"block px-4\">Ductability<\/span><\/td>\n<td class=\"text-center\">\n<div class=\"px-10 md:px-20 flex items-center justify-center\">m<\/div>\n<\/td>\n<td class=\"text-center will-change\">\n<div class=\"px-10 md:px-20 flex items-center justify-center\">50<\/div>\n<\/td>\n<\/tr>\n<tr class=\"bg-grey-200\/50 p-2\">\n<td colspan=\"1\"><span class=\"block px-4\">Air flow<\/span><\/td>\n<td class=\"text-center\">\n<div class=\"px-10 md:px-20 flex items-center justify-center\">m\u00b3\/h<\/div>\n<\/td>\n<td class=\"text-center will-change\">\n<div class=\"px-10 md:px-20 flex items-center justify-center\">6,200<\/div>\n<\/td>\n<\/tr>\n<tr class=\" p-2\">\n<td colspan=\"1\"><span class=\"block px-4\">Motor power fan<\/span><\/td>\n<td class=\"text-center\">\n<div class=\"px-10 md:px-20 flex items-center justify-center\">W\/rpm<\/div>\n<\/td>\n<td class=\"text-center will-change\">\n<div class=\"px-10 md:px-20 flex items-center justify-center\">750\/1,400<\/div>\n<\/td>\n<\/tr>\n<tr class=\"bg-grey-200\/50 p-2\">\n<td colspan=\"1\"><span class=\"block px-4\">Flex tube<\/span><\/td>\n<td class=\"text-center\">\n<div class=\"px-10 md:px-20 flex items-center justify-center\">mm<\/div>\n<\/td>\n<td class=\"text-center will-change\">\n<div class=\"px-10 md:px-20 flex items-center justify-center\">2 tubes \u00d8305mm or 1 tube \u00d8407mm<\/div>\n<\/td>\n<\/tr>\n<tr class=\" p-2\">\n<td colspan=\"1\"><span class=\"block px-4\">Maximum air temperature<\/span><\/td>\n<td class=\"text-center\">\n<div class=\"px-10 md:px-20 flex items-center justify-center\">\u00b0C<\/div>\n<\/td>\n<td class=\"text-center will-change\">\n<div class=\"px-10 md:px-20 flex items-center justify-center\">95<\/div>\n<\/td>\n<\/tr>\n<tr class=\"bg-grey-200\/50 p-2\">\n<td colspan=\"1\"><span class=\"block px-4\">Summer ventilation<\/span><\/td>\n<td class=\"text-center\">\n<div class=\"px-10 md:px-20 flex items-center justify-center\"><\/div>\n<\/td>\n<td class=\"text-center will-change\">\n<div class=\"px-10 md:px-20 flex items-center justify-center\">Yes<\/div>\n<\/td>\n<\/tr>\n<tr class=\" p-2\">\n<td colspan=\"1\"><span class=\"block px-4\">Remote thermostat<\/span><\/td>\n<td class=\"text-center\">\n<div class=\"px-10 md:px-20 flex items-center justify-center\"><\/div>\n<\/td>\n<td class=\"text-center will-change\">\n<div class=\"px-10 md:px-20 flex items-center justify-center\">Analogue or digital<\/div>\n<\/td>\n<\/tr>\n<tr class=\"bg-grey-200\/50 p-2\">\n<td colspan=\"1\"><span class=\"block px-4\">Flue tube<\/span><\/td>\n<td class=\"text-center\">\n<div class=\"px-10 md:px-20 flex items-center justify-center\">mm<\/div>\n<\/td>\n<td class=\"text-center will-change\">\n<div class=\"px-10 md:px-20 flex items-center justify-center\">150<\/div>\n<\/td>\n<\/tr>\n<tr class=\" p-2\">\n<td colspan=\"1\"><span class=\"block px-4\">Electronic box protection<\/span><\/td>\n<td class=\"text-center\">\n<div class=\"px-10 md:px-20 flex items-center justify-center\">IP<\/div>\n<\/td>\n<td class=\"text-center will-change\">\n<div class=\"px-10 md:px-20 flex items-center justify-center\">IP44<\/div>\n<\/td>\n<\/tr>\n<tr class=\"bg-grey-200\/50 p-2\">\n<td colspan=\"1\"><span class=\"block px-4\">Fuel tank capacity<\/span><\/td>\n<td class=\"text-center\">\n<div class=\"px-10 md:px-20 flex items-center justify-center\">l<\/div>\n<\/td>\n<td class=\"text-center will-change\">\n<div class=\"px-10 md:px-20 flex items-center justify-center\">150<\/div>\n<\/td>\n<\/tr>\n<tr class=\" p-2\">\n<td colspan=\"1\"><span class=\"block px-4\">Fuel consumption<\/span><\/td>\n<td class=\"text-center\">\n<div class=\"px-10 md:px-20 flex items-center justify-center\">l\/h<\/div>\n<\/td>\n<td class=\"text-center will-change\">\n<div class=\"px-10 md:px-20 flex items-center justify-center\">10.2 high mode\/7.7 low mode<\/div>\n<\/td>\n<\/tr>\n<tr class=\"bg-grey-200\/50 p-2\">\n<td colspan=\"1\"><span class=\"block px-4\">Rated current<\/span><\/td>\n<td class=\"text-center\">\n<div class=\"px-10 md:px-20 flex items-center justify-center\">A<\/div>\n<\/td>\n<td class=\"text-center will-change\">\n<div class=\"px-10 md:px-20 flex items-center justify-center\">6.8<\/div>\n<\/td>\n<\/tr>\n<tr class=\" p-2\">\n<td colspan=\"1\"><span class=\"block px-4\">Power supply<\/span><\/td>\n<td class=\"text-center\">\n<div class=\"px-10 md:px-20 flex items-center justify-center\">V\/Hz<\/div>\n<\/td>\n<td class=\"text-center will-change\">\n<div class=\"px-10 md:px-20 flex items-center justify-center\">220-240\/1ph\/50<\/div>\n<\/td>\n<\/tr>\n<tr class=\"bg-grey-200\/50 p-2\">\n<td colspan=\"1\"><span class=\"block px-4\">Product size (l x w x h)<\/span><\/td>\n<td class=\"text-center\">\n<div class=\"px-10 md:px-20 flex items-center justify-center\">mm<\/div>\n<\/td>\n<td class=\"text-center will-change\">\n<div class=\"px-10 md:px-20 flex items-center justify-center\">2086 x 717 x 1233<\/div>\n<\/td>\n<\/tr>\n<tr class=\" p-2\">\n<td colspan=\"1\"><span class=\"block px-4\">Box size (l x w x h)<\/span><\/td>\n<td class=\"text-center\">\n<div class=\"px-10 md:px-20 flex items-center justify-center\">mm<\/div>\n<\/td>\n<td class=\"text-center will-change\">\n<div class=\"px-10 md:px-20 flex items-center justify-center\">1670 x 710 x 1670<\/div>\n<\/td>\n<\/tr>\n<tr class=\"bg-grey-200\/50 p-2\">\n<td colspan=\"1\"><span class=\"block px-4\">Net\/gross weight<\/span><\/td>\n<td class=\"text-center\">\n<div class=\"px-10 md:px-20 flex items-center justify-center\">kg<\/div>\n<\/td>\n<td class=\"text-center will-change\">\n<div class=\"px-10 md:px-20 flex items-center justify-center\">200\/220<\/div>\n<\/td>\n<\/tr>\n<\/tbody>\n<\/table>\n<\/div>\n<\/div>\n<\/div>\n<\/div>\n<\/div>\n<\/section>\n<section class=\"max-w-[1088px] mx-auto w-full px-5 my-10 md:my-12 lg:my-16 xl:my-20 xl:px-0\" data-block=\"link-list\">\n<div class=\"max-w-[1088px] mx-auto\">\n<div class=\"md:text-center\">\n<p><strong>Uy\u011fundur:<\/strong><\/p>\n<p>K\u0259nd t\u0259s\u0259rr\u00fcfat\u0131<br \/>\nAvtomobil<br \/>\nTicar\u0259t binalar\u0131<br \/>\nTikinti<br \/>\nT\u0259cili yard\u0131m xidm\u0259tl\u0259ri<br \/>\nT\u0259dbirl\u0259r v\u0259 festivallar<br \/>\nS\u0259naye, fabrikl\u0259r v\u0259 istehsal<br \/>\nH\u0259rbi v\u0259 aerokosmik<br \/>\n\u0130car\u0259 \u015firk\u0259tl\u0259ri<br \/>\nN\u0259qliyyat v\u0259 logistika<\/p>\n<\/div>\n<\/div>\n<\/section>\n","protected":false},"excerpt":{"rendered":"<p>Ayr\u0131 oca\u011f\u0131 olan master dolay\u0131 ya\u011f q\u0131zd\u0131r\u0131c\u0131lar\u0131 b\u00f6y\u00fck h\u0259cmd\u0259 100% t\u0259miz, quru v\u0259 isti hava yarad\u0131r. Bu q\u0131zd\u0131r\u0131c\u0131lar yanacaq \u00e7\u0259ni il\u0259 t\u0259chiz olunub v\u0259 onlar\u0131 da\u015f\u0131maq v\u0259 ya da\u015f\u0131maq \u00e7ox asand\u0131r. Onlar \u00e7irkl\u0259nmi\u015f \u0259razil\u0259rd\u0259 \u00e7ox faydal\u0131 olan yanma havas\u0131n\u0131n t\u0259dar\u00fck\u00fc \u00fc\u00e7\u00fcn ayr\u0131ca hava giri\u015f d\u0259stin\u0259 malikdirl\u0259r. Bundan \u0259lav\u0259, isti havan\u0131 yaymaq \u00fc\u00e7\u00fcn bir v\u0259 ya iki elastik boru il\u0259 istifad\u0259 edil\u0259 bil\u0259r.<\/p>\n<p>T\u0259l\u0259b olunan t\u0259tbiql\u0259riniz\u0259 cavab verm\u0259k \u00fc\u00e7\u00fcn b\u00fct\u00fcn dolay\u0131 ya\u011fla i\u015fl\u0259y\u0259n hava q\u0131zd\u0131r\u0131c\u0131lar\u0131m\u0131za, kommersiya d\u0259r\u0259c\u0259li \u00e7ad\u0131r q\u0131zd\u0131r\u0131c\u0131lar\u0131m\u0131za v\u0259 dig\u0259r n\u00f6v kommersiya q\u0131zd\u0131r\u0131c\u0131lar\u0131m\u0131za bax\u0131n.<\/p>\n","protected":false},"featured_media":40787,"template":"","meta":[],"product_brand":[],"product_cat":[1987],"product_tag":[],"class_list":{"0":"post-40847","1":"product","2":"type-product","3":"status-publish","4":"has-post-thumbnail","6":"product_cat-qizdirici-kalorifer","8":"first","9":"instock","10":"shipping-taxable","11":"purchasable","12":"product-type-simple"},"yoast_head":"<!-- This site is optimized with the Yoast SEO plugin v27.1.1 - https:\/\/yoast.com\/product\/yoast-seo-wordpress\/ -->\n<title>Master BV 400 \u2013 dolay\u0131 ya\u011fla i\u015fl\u0259y\u0259n hava q\u0131zd\u0131r\u0131c\u0131s\u0131 2 pill\u0259li Master br\u00fcl\u00f6rl\u00fc dolay\u0131 ya\u011fl\u0131 hava q\u0131zd\u0131r\u0131c\u0131lar\u0131 - Climate Master<\/title>\n<meta name=\"robots\" content=\"index, follow, max-snippet:-1, max-image-preview:large, max-video-preview:-1\" \/>\n<link rel=\"canonical\" href=\"https:\/\/climatemaster.ge\/az\/product\/master-bv-400-indirect-oil-fired-air-heater-indirect-oil-fired-air-heaters-with-2-stage-master-burner\/\" \/>\n<meta property=\"og:locale\" content=\"az_AZ\" \/>\n<meta property=\"og:type\" content=\"article\" \/>\n<meta property=\"og:title\" content=\"Master BV 400 \u2013 dolay\u0131 ya\u011fla i\u015fl\u0259y\u0259n hava q\u0131zd\u0131r\u0131c\u0131s\u0131 2 pill\u0259li Master br\u00fcl\u00f6rl\u00fc dolay\u0131 ya\u011fl\u0131 hava q\u0131zd\u0131r\u0131c\u0131lar\u0131 - Climate Master\" \/>\n<meta property=\"og:description\" content=\"Ayr\u0131 oca\u011f\u0131 olan master dolay\u0131 ya\u011f q\u0131zd\u0131r\u0131c\u0131lar\u0131 b\u00f6y\u00fck h\u0259cmd\u0259 100% t\u0259miz, quru v\u0259 isti hava yarad\u0131r. Bu q\u0131zd\u0131r\u0131c\u0131lar yanacaq \u00e7\u0259ni il\u0259 t\u0259chiz olunub v\u0259 onlar\u0131 da\u015f\u0131maq v\u0259 ya da\u015f\u0131maq \u00e7ox asand\u0131r. Onlar \u00e7irkl\u0259nmi\u015f \u0259razil\u0259rd\u0259 \u00e7ox faydal\u0131 olan yanma havas\u0131n\u0131n t\u0259dar\u00fck\u00fc \u00fc\u00e7\u00fcn ayr\u0131ca hava giri\u015f d\u0259stin\u0259 malikdirl\u0259r. Bundan \u0259lav\u0259, isti havan\u0131 yaymaq \u00fc\u00e7\u00fcn bir v\u0259 ya iki elastik boru il\u0259 istifad\u0259 edil\u0259 bil\u0259r.  T\u0259l\u0259b olunan t\u0259tbiql\u0259riniz\u0259 cavab verm\u0259k \u00fc\u00e7\u00fcn b\u00fct\u00fcn dolay\u0131 ya\u011fla i\u015fl\u0259y\u0259n hava q\u0131zd\u0131r\u0131c\u0131lar\u0131m\u0131za, kommersiya d\u0259r\u0259c\u0259li \u00e7ad\u0131r q\u0131zd\u0131r\u0131c\u0131lar\u0131m\u0131za v\u0259 dig\u0259r n\u00f6v kommersiya q\u0131zd\u0131r\u0131c\u0131lar\u0131m\u0131za bax\u0131n.\" \/>\n<meta property=\"og:url\" content=\"https:\/\/climatemaster.ge\/az\/product\/master-bv-400-indirect-oil-fired-air-heater-indirect-oil-fired-air-heaters-with-2-stage-master-burner\/\" \/>\n<meta property=\"og:site_name\" content=\"Climate Master\" \/>\n<meta property=\"article:modified_time\" content=\"2025-09-26T14:58:52+00:00\" \/>\n<meta property=\"og:image\" content=\"https:\/\/climatemaster.ge\/wp-content\/uploads\/2025\/09\/Master-BV-400-Outlet.jpg\" \/>\n\t<meta property=\"og:image:width\" content=\"1000\" \/>\n\t<meta property=\"og:image:height\" content=\"1000\" \/>\n\t<meta property=\"og:image:type\" content=\"image\/jpeg\" \/>\n<meta name=\"twitter:card\" content=\"summary_large_image\" \/>\n<meta name=\"twitter:label1\" content=\"Est. reading time\" \/>\n\t<meta name=\"twitter:data1\" content=\"1 minute\" \/>\n<script type=\"application\/ld+json\" class=\"yoast-schema-graph\">{\"@context\":\"https:\/\/schema.org\",\"@graph\":[{\"@type\":\"WebPage\",\"@id\":\"https:\/\/climatemaster.ge\/az\/product\/master-bv-400-indirect-oil-fired-air-heater-indirect-oil-fired-air-heaters-with-2-stage-master-burner\/\",\"url\":\"https:\/\/climatemaster.ge\/az\/product\/master-bv-400-indirect-oil-fired-air-heater-indirect-oil-fired-air-heaters-with-2-stage-master-burner\/\",\"name\":\"Master BV 400 \u2013 dolay\u0131 ya\u011fla i\u015fl\u0259y\u0259n hava q\u0131zd\u0131r\u0131c\u0131s\u0131 2 pill\u0259li Master br\u00fcl\u00f6rl\u00fc dolay\u0131 ya\u011fl\u0131 hava q\u0131zd\u0131r\u0131c\u0131lar\u0131 - Climate Master\",\"isPartOf\":{\"@id\":\"https:\/\/climatemaster.ge\/#website\"},\"primaryImageOfPage\":{\"@id\":\"https:\/\/climatemaster.ge\/az\/product\/master-bv-400-indirect-oil-fired-air-heater-indirect-oil-fired-air-heaters-with-2-stage-master-burner\/#primaryimage\"},\"image\":{\"@id\":\"https:\/\/climatemaster.ge\/az\/product\/master-bv-400-indirect-oil-fired-air-heater-indirect-oil-fired-air-heaters-with-2-stage-master-burner\/#primaryimage\"},\"thumbnailUrl\":\"https:\/\/climatemaster.ge\/wp-content\/uploads\/2025\/09\/Master-BV-400-Outlet.jpg\",\"datePublished\":\"2025-09-26T14:45:30+00:00\",\"dateModified\":\"2025-09-26T14:58:52+00:00\",\"breadcrumb\":{\"@id\":\"https:\/\/climatemaster.ge\/az\/product\/master-bv-400-indirect-oil-fired-air-heater-indirect-oil-fired-air-heaters-with-2-stage-master-burner\/#breadcrumb\"},\"inLanguage\":\"az\",\"potentialAction\":[{\"@type\":\"ReadAction\",\"target\":[\"https:\/\/climatemaster.ge\/az\/product\/master-bv-400-indirect-oil-fired-air-heater-indirect-oil-fired-air-heaters-with-2-stage-master-burner\/\"]}]},{\"@type\":\"ImageObject\",\"inLanguage\":\"az\",\"@id\":\"https:\/\/climatemaster.ge\/az\/product\/master-bv-400-indirect-oil-fired-air-heater-indirect-oil-fired-air-heaters-with-2-stage-master-burner\/#primaryimage\",\"url\":\"https:\/\/climatemaster.ge\/wp-content\/uploads\/2025\/09\/Master-BV-400-Outlet.jpg\",\"contentUrl\":\"https:\/\/climatemaster.ge\/wp-content\/uploads\/2025\/09\/Master-BV-400-Outlet.jpg\",\"width\":1000,\"height\":1000},{\"@type\":\"BreadcrumbList\",\"@id\":\"https:\/\/climatemaster.ge\/az\/product\/master-bv-400-indirect-oil-fired-air-heater-indirect-oil-fired-air-heaters-with-2-stage-master-burner\/#breadcrumb\",\"itemListElement\":[{\"@type\":\"ListItem\",\"position\":1,\"name\":\"Home\",\"item\":\"https:\/\/climatemaster.ge\/\"},{\"@type\":\"ListItem\",\"position\":2,\"name\":\"M\u0259hsullar\",\"item\":\"https:\/\/climatemaster.ge\/products\/\"},{\"@type\":\"ListItem\",\"position\":3,\"name\":\"Master BV 400 \u2013 dolay\u0131 ya\u011fla i\u015fl\u0259y\u0259n hava q\u0131zd\u0131r\u0131c\u0131s\u0131 2 pill\u0259li Master br\u00fcl\u00f6rl\u00fc dolay\u0131 ya\u011fl\u0131 hava q\u0131zd\u0131r\u0131c\u0131lar\u0131\"}]},{\"@type\":\"WebSite\",\"@id\":\"https:\/\/climatemaster.ge\/#website\",\"url\":\"https:\/\/climatemaster.ge\/\",\"name\":\"Climate Master\",\"description\":\"\",\"publisher\":{\"@id\":\"https:\/\/climatemaster.ge\/#organization\"},\"potentialAction\":[{\"@type\":\"SearchAction\",\"target\":{\"@type\":\"EntryPoint\",\"urlTemplate\":\"https:\/\/climatemaster.ge\/?s={search_term_string}\"},\"query-input\":{\"@type\":\"PropertyValueSpecification\",\"valueRequired\":true,\"valueName\":\"search_term_string\"}}],\"inLanguage\":\"az\"},{\"@type\":\"Organization\",\"@id\":\"https:\/\/climatemaster.ge\/#organization\",\"name\":\"Climate Master\",\"url\":\"https:\/\/climatemaster.ge\/\",\"logo\":{\"@type\":\"ImageObject\",\"inLanguage\":\"az\",\"@id\":\"https:\/\/climatemaster.ge\/#\/schema\/logo\/image\/\",\"url\":\"https:\/\/climatemaster.ge\/wp-content\/uploads\/2026\/03\/Untitled-2.png\",\"contentUrl\":\"https:\/\/climatemaster.ge\/wp-content\/uploads\/2026\/03\/Untitled-2.png\",\"width\":600,\"height\":338,\"caption\":\"Climate Master\"},\"image\":{\"@id\":\"https:\/\/climatemaster.ge\/#\/schema\/logo\/image\/\"}}]}<\/script>\n<!-- \/ Yoast SEO plugin. -->","yoast_head_json":{"title":"Master BV 400 \u2013 dolay\u0131 ya\u011fla i\u015fl\u0259y\u0259n hava q\u0131zd\u0131r\u0131c\u0131s\u0131 2 pill\u0259li Master br\u00fcl\u00f6rl\u00fc dolay\u0131 ya\u011fl\u0131 hava q\u0131zd\u0131r\u0131c\u0131lar\u0131 - Climate Master","robots":{"index":"index","follow":"follow","max-snippet":"max-snippet:-1","max-image-preview":"max-image-preview:large","max-video-preview":"max-video-preview:-1"},"canonical":"https:\/\/climatemaster.ge\/az\/product\/master-bv-400-indirect-oil-fired-air-heater-indirect-oil-fired-air-heaters-with-2-stage-master-burner\/","og_locale":"az_AZ","og_type":"article","og_title":"Master BV 400 \u2013 dolay\u0131 ya\u011fla i\u015fl\u0259y\u0259n hava q\u0131zd\u0131r\u0131c\u0131s\u0131 2 pill\u0259li Master br\u00fcl\u00f6rl\u00fc dolay\u0131 ya\u011fl\u0131 hava q\u0131zd\u0131r\u0131c\u0131lar\u0131 - Climate Master","og_description":"Ayr\u0131 oca\u011f\u0131 olan master dolay\u0131 ya\u011f q\u0131zd\u0131r\u0131c\u0131lar\u0131 b\u00f6y\u00fck h\u0259cmd\u0259 100% t\u0259miz, quru v\u0259 isti hava yarad\u0131r. Bu q\u0131zd\u0131r\u0131c\u0131lar yanacaq \u00e7\u0259ni il\u0259 t\u0259chiz olunub v\u0259 onlar\u0131 da\u015f\u0131maq v\u0259 ya da\u015f\u0131maq \u00e7ox asand\u0131r. Onlar \u00e7irkl\u0259nmi\u015f \u0259razil\u0259rd\u0259 \u00e7ox faydal\u0131 olan yanma havas\u0131n\u0131n t\u0259dar\u00fck\u00fc \u00fc\u00e7\u00fcn ayr\u0131ca hava giri\u015f d\u0259stin\u0259 malikdirl\u0259r. Bundan \u0259lav\u0259, isti havan\u0131 yaymaq \u00fc\u00e7\u00fcn bir v\u0259 ya iki elastik boru il\u0259 istifad\u0259 edil\u0259 bil\u0259r.  T\u0259l\u0259b olunan t\u0259tbiql\u0259riniz\u0259 cavab verm\u0259k \u00fc\u00e7\u00fcn b\u00fct\u00fcn dolay\u0131 ya\u011fla i\u015fl\u0259y\u0259n hava q\u0131zd\u0131r\u0131c\u0131lar\u0131m\u0131za, kommersiya d\u0259r\u0259c\u0259li \u00e7ad\u0131r q\u0131zd\u0131r\u0131c\u0131lar\u0131m\u0131za v\u0259 dig\u0259r n\u00f6v kommersiya q\u0131zd\u0131r\u0131c\u0131lar\u0131m\u0131za bax\u0131n.","og_url":"https:\/\/climatemaster.ge\/az\/product\/master-bv-400-indirect-oil-fired-air-heater-indirect-oil-fired-air-heaters-with-2-stage-master-burner\/","og_site_name":"Climate Master","article_modified_time":"2025-09-26T14:58:52+00:00","og_image":[{"width":1000,"height":1000,"url":"https:\/\/climatemaster.ge\/wp-content\/uploads\/2025\/09\/Master-BV-400-Outlet.jpg","type":"image\/jpeg"}],"twitter_card":"summary_large_image","twitter_misc":{"Est. reading time":"1 minute"},"schema":{"@context":"https:\/\/schema.org","@graph":[{"@type":"WebPage","@id":"https:\/\/climatemaster.ge\/az\/product\/master-bv-400-indirect-oil-fired-air-heater-indirect-oil-fired-air-heaters-with-2-stage-master-burner\/","url":"https:\/\/climatemaster.ge\/az\/product\/master-bv-400-indirect-oil-fired-air-heater-indirect-oil-fired-air-heaters-with-2-stage-master-burner\/","name":"Master BV 400 \u2013 dolay\u0131 ya\u011fla i\u015fl\u0259y\u0259n hava q\u0131zd\u0131r\u0131c\u0131s\u0131 2 pill\u0259li Master br\u00fcl\u00f6rl\u00fc dolay\u0131 ya\u011fl\u0131 hava q\u0131zd\u0131r\u0131c\u0131lar\u0131 - Climate Master","isPartOf":{"@id":"https:\/\/climatemaster.ge\/#website"},"primaryImageOfPage":{"@id":"https:\/\/climatemaster.ge\/az\/product\/master-bv-400-indirect-oil-fired-air-heater-indirect-oil-fired-air-heaters-with-2-stage-master-burner\/#primaryimage"},"image":{"@id":"https:\/\/climatemaster.ge\/az\/product\/master-bv-400-indirect-oil-fired-air-heater-indirect-oil-fired-air-heaters-with-2-stage-master-burner\/#primaryimage"},"thumbnailUrl":"https:\/\/climatemaster.ge\/wp-content\/uploads\/2025\/09\/Master-BV-400-Outlet.jpg","datePublished":"2025-09-26T14:45:30+00:00","dateModified":"2025-09-26T14:58:52+00:00","breadcrumb":{"@id":"https:\/\/climatemaster.ge\/az\/product\/master-bv-400-indirect-oil-fired-air-heater-indirect-oil-fired-air-heaters-with-2-stage-master-burner\/#breadcrumb"},"inLanguage":"az","potentialAction":[{"@type":"ReadAction","target":["https:\/\/climatemaster.ge\/az\/product\/master-bv-400-indirect-oil-fired-air-heater-indirect-oil-fired-air-heaters-with-2-stage-master-burner\/"]}]},{"@type":"ImageObject","inLanguage":"az","@id":"https:\/\/climatemaster.ge\/az\/product\/master-bv-400-indirect-oil-fired-air-heater-indirect-oil-fired-air-heaters-with-2-stage-master-burner\/#primaryimage","url":"https:\/\/climatemaster.ge\/wp-content\/uploads\/2025\/09\/Master-BV-400-Outlet.jpg","contentUrl":"https:\/\/climatemaster.ge\/wp-content\/uploads\/2025\/09\/Master-BV-400-Outlet.jpg","width":1000,"height":1000},{"@type":"BreadcrumbList","@id":"https:\/\/climatemaster.ge\/az\/product\/master-bv-400-indirect-oil-fired-air-heater-indirect-oil-fired-air-heaters-with-2-stage-master-burner\/#breadcrumb","itemListElement":[{"@type":"ListItem","position":1,"name":"Home","item":"https:\/\/climatemaster.ge\/"},{"@type":"ListItem","position":2,"name":"M\u0259hsullar","item":"https:\/\/climatemaster.ge\/products\/"},{"@type":"ListItem","position":3,"name":"Master BV 400 \u2013 dolay\u0131 ya\u011fla i\u015fl\u0259y\u0259n hava q\u0131zd\u0131r\u0131c\u0131s\u0131 2 pill\u0259li Master br\u00fcl\u00f6rl\u00fc dolay\u0131 ya\u011fl\u0131 hava q\u0131zd\u0131r\u0131c\u0131lar\u0131"}]},{"@type":"WebSite","@id":"https:\/\/climatemaster.ge\/#website","url":"https:\/\/climatemaster.ge\/","name":"Climate Master","description":"","publisher":{"@id":"https:\/\/climatemaster.ge\/#organization"},"potentialAction":[{"@type":"SearchAction","target":{"@type":"EntryPoint","urlTemplate":"https:\/\/climatemaster.ge\/?s={search_term_string}"},"query-input":{"@type":"PropertyValueSpecification","valueRequired":true,"valueName":"search_term_string"}}],"inLanguage":"az"},{"@type":"Organization","@id":"https:\/\/climatemaster.ge\/#organization","name":"Climate Master","url":"https:\/\/climatemaster.ge\/","logo":{"@type":"ImageObject","inLanguage":"az","@id":"https:\/\/climatemaster.ge\/#\/schema\/logo\/image\/","url":"https:\/\/climatemaster.ge\/wp-content\/uploads\/2026\/03\/Untitled-2.png","contentUrl":"https:\/\/climatemaster.ge\/wp-content\/uploads\/2026\/03\/Untitled-2.png","width":600,"height":338,"caption":"Climate Master"},"image":{"@id":"https:\/\/climatemaster.ge\/#\/schema\/logo\/image\/"}}]}},"_links":{"self":[{"href":"https:\/\/climatemaster.ge\/az\/wp-json\/wp\/v2\/product\/40847","targetHints":{"allow":["GET"]}}],"collection":[{"href":"https:\/\/climatemaster.ge\/az\/wp-json\/wp\/v2\/product"}],"about":[{"href":"https:\/\/climatemaster.ge\/az\/wp-json\/wp\/v2\/types\/product"}],"wp:featuredmedia":[{"embeddable":true,"href":"https:\/\/climatemaster.ge\/az\/wp-json\/wp\/v2\/media\/40787"}],"wp:attachment":[{"href":"https:\/\/climatemaster.ge\/az\/wp-json\/wp\/v2\/media?parent=40847"}],"wp:term":[{"taxonomy":"product_brand","embeddable":true,"href":"https:\/\/climatemaster.ge\/az\/wp-json\/wp\/v2\/product_brand?post=40847"},{"taxonomy":"product_cat","embeddable":true,"href":"https:\/\/climatemaster.ge\/az\/wp-json\/wp\/v2\/product_cat?post=40847"},{"taxonomy":"product_tag","embeddable":true,"href":"https:\/\/climatemaster.ge\/az\/wp-json\/wp\/v2\/product_tag?post=40847"}],"curies":[{"name":"wp","href":"https:\/\/api.w.org\/{rel}","templated":true}]}}