{"id":40504,"date":"2025-09-24T23:17:08","date_gmt":"2025-09-24T19:17:08","guid":{"rendered":"https:\/\/airsystems.ge\/shop\/product\/master-hall-1500-infrared-electric-heater-infrared-electric-heaters\/"},"modified":"2025-09-24T23:23:52","modified_gmt":"2025-09-24T19:23:52","slug":"master-hall-1500-infrared-electric-heater-infrared-electric-heaters","status":"publish","type":"product","link":"https:\/\/climatemaster.ge\/az\/product\/master-hall-1500-infrared-electric-heater-infrared-electric-heaters\/","title":{"rendered":"Master HALL 1500 \u2013 infraq\u0131rm\u0131z\u0131 elektrik q\u0131zd\u0131r\u0131c\u0131s\u0131 \u0130nfraq\u0131rm\u0131z\u0131 elektrik q\u0131zd\u0131r\u0131c\u0131lar\u0131"},"content":{"rendered":"<section class=\"max-w-[1088px] mx-auto w-full px-5 my-10 md:my-12 lg:my-16 xl:my-20 xl:px-0\" data-block=\"bullet-list\">\n<div class=\"md:text-center\">\n<p><strong>\u018fsas x\u00fcsusiyy\u0259tl\u0259r<\/strong><\/p>\n<p>\u0130nfraq\u0131rm\u0131z\u0131 istilik v\u0259 ani istilik<br \/>\nHava ax\u0131n\u0131 yoxdur<br \/>\nOksigen istehlak\u0131 yoxdur<br \/>\nDuman, toz, qoxu, r\u00fctub\u0259t, s\u0259s-k\u00fcy yoxdur<br \/>\n100% s\u0259m\u0259r\u0259lilik<br \/>\nLampalar\u0131n \u00f6mr\u00fc: 5000 saat<br \/>\nKor olmayan q\u0131z\u0131l lampalar<br \/>\nG\u00fcn\u0259\u015f kimi, q\u0131sa dal\u011fal\u0131 infraq\u0131rm\u0131z\u0131 radiasiya havan\u0131 q\u0131zd\u0131rmadan cisiml\u0259ri q\u0131zd\u0131r\u0131r. Obyektl\u0259r\u0259 (v\u0259 ya divarlara) istilik daxil olduqdan sonra onlar dig\u0259r obyektl\u0259ri d\u0259 yenid\u0259n i\u015f\u0131qland\u0131ra v\u0259 q\u0131zd\u0131ra bil\u0259rl\u0259r. \u0130nfraq\u0131rm\u0131z\u0131 \u015f\u00fcalanma duman v\u0259 ya k\u00fcl\u0259k vasit\u0259sil\u0259 q\u0131zd\u0131r\u0131l\u0131r. \u0130nfraq\u0131rm\u0131z\u0131 radiasiya y\u00fcks\u0259l\u0259n isti havadan f\u0259rqli olaraq d\u00fcz yay\u0131l\u0131r. \u0130nfraq\u0131rm\u0131z\u0131 q\u0131zd\u0131r\u0131c\u0131lar a\u015fa\u011f\u0131dak\u0131lar \u00fc\u00e7\u00fcn \u0259la h\u0259lldir:<\/p>\n<p>Qapal\u0131 v\u0259 a\u00e7\u0131q havada obyektl\u0259rin, g\u00f6vd\u0259l\u0259rin v\u0259 ya divarlar\u0131n q\u0131zd\u0131r\u0131lmas\u0131.<\/p>\n<p>Gips divarlar\u0131n\u0131n qurudulmas\u0131. \u0130nfraq\u0131rm\u0131z\u0131 istilik divara n\u00fcfuz edir v\u0259 divar\u0131n r\u00fctub\u0259tini i\u00e7\u0259rid\u0259n buxarland\u0131r\u0131r. Divarda r\u00fctub\u0259ti saxlayan quru s\u0259th yaradan hava ax\u0131n\u0131 q\u0131zd\u0131r\u0131c\u0131s\u0131ndan f\u0259rqli olaraq.<\/p>\n<p>\u0130stilik obyektl\u0259ri v\u0259 ya m\u0259hdud qapal\u0131 yerl\u0259r. \u0130sti havan\u0131n otaqda tez da\u011f\u0131ld\u0131\u011f\u0131 dig\u0259r \u00fcsullardan f\u0259rqli olaraq.<\/p>\n<p>Enerjiy\u0259 q\u0259na\u0259t, \u00e7\u00fcnki eyni istilik effektin\u0259 nail olmaq \u00fc\u00e7\u00fcn daha az enerji t\u0259l\u0259b olunur.<\/p>\n<\/div>\n<\/section>\n<section class=\"max-w-[1088px] mx-auto w-full px-5 my-10 md:my-12 lg:my-16 xl:my-20 xl:px-0\" data-block=\"product-specifications\">\n<div class=\"md:text-center\">\n<h3 class=\"text-black font-bold text-lg md:text-xl lg:text-2xl\"><strong>Product specifications<\/strong><\/h3>\n<\/div>\n<div class=\" md:mt-10\">\n<div class=\"\">\n<div class=\"lg:mt-0 \">\n<div id=\"spec-hall-1500\" class=\"prose max-w-full md:overflow-auto\" data-spec-content=\"\">\n<div class=\"spreadsheet-container hidden md:block\">\n<table class=\"w-full table-fixed mb-0\">\n<thead>\n<tr>\n<th class=\"font-bold text-base\"><span class=\"block px-4\">Specifications<\/span><\/th>\n<th class=\"font-bold text-base text-center\"><span class=\"block px-10 md:px-20\">Units<\/span><\/th>\n<th class=\"font-bold text-base text-center will-change\"><span class=\"block px-4\">HALL\u00a01500<\/span><\/th>\n<\/tr>\n<\/thead>\n<tbody>\n<tr class=\"bg-grey-200\/50 p-2\">\n<td colspan=\"1\"><span class=\"block px-4\">Heating power<\/span><\/td>\n<td class=\"text-center\">\n<div class=\"px-10 md:px-20 flex items-center justify-center\">kW<\/div>\n<\/td>\n<td class=\"text-center will-change\">\n<div class=\"px-10 md:px-20 flex items-center justify-center\">1.5<\/div>\n<\/td>\n<\/tr>\n<tr class=\" p-2\">\n<td colspan=\"1\"><span class=\"block px-4\">Heating power<\/span><\/td>\n<td class=\"text-center\">\n<div class=\"px-10 md:px-20 flex items-center justify-center\">Btu\/h<\/div>\n<\/td>\n<td class=\"text-center will-change\">\n<div class=\"px-10 md:px-20 flex items-center justify-center\">5,100<\/div>\n<\/td>\n<\/tr>\n<tr class=\"bg-grey-200\/50 p-2\">\n<td colspan=\"1\"><span class=\"block px-4\">Heating power<\/span><\/td>\n<td class=\"text-center\">\n<div class=\"px-10 md:px-20 flex items-center justify-center\">kcal\/h<\/div>\n<\/td>\n<td class=\"text-center will-change\">\n<div class=\"px-10 md:px-20 flex items-center justify-center\">1,290<\/div>\n<\/td>\n<\/tr>\n<tr class=\" p-2\">\n<td colspan=\"1\"><span class=\"block px-4\">Infrared radiation<\/span><\/td>\n<td class=\"text-center\">\n<div class=\"px-10 md:px-20 flex items-center justify-center\"><\/div>\n<\/td>\n<td class=\"text-center will-change\">\n<div class=\"px-10 md:px-20 flex items-center justify-center\">Short wave<\/div>\n<\/td>\n<\/tr>\n<tr class=\"bg-grey-200\/50 p-2\">\n<td colspan=\"1\"><span class=\"block px-4\">Power supply<\/span><\/td>\n<td class=\"text-center\">\n<div class=\"px-10 md:px-20 flex items-center justify-center\">V\/Hz<\/div>\n<\/td>\n<td class=\"text-center will-change\">\n<div class=\"px-10 md:px-20 flex items-center justify-center\">220-240\/1ph\/50<\/div>\n<\/td>\n<\/tr>\n<tr class=\" p-2\">\n<td colspan=\"1\"><span class=\"block px-4\">Rated current<\/span><\/td>\n<td class=\"text-center\">\n<div class=\"px-10 md:px-20 flex items-center justify-center\">A<\/div>\n<\/td>\n<td class=\"text-center will-change\">\n<div class=\"px-10 md:px-20 flex items-center justify-center\">6.5<\/div>\n<\/td>\n<\/tr>\n<tr class=\"bg-grey-200\/50 p-2\">\n<td colspan=\"1\"><span class=\"block px-4\">Switch on\/off<\/span><\/td>\n<td class=\"text-center\">\n<div class=\"px-10 md:px-20 flex items-center justify-center\"><\/div>\n<\/td>\n<td class=\"text-center will-change\">\n<div class=\"px-10 md:px-20 flex items-center justify-center\">Yes<\/div>\n<\/td>\n<\/tr>\n<tr class=\" p-2\">\n<td colspan=\"1\"><span class=\"block px-4\">Insulating class<\/span><\/td>\n<td class=\"text-center\">\n<div class=\"px-10 md:px-20 flex items-center justify-center\"><\/div>\n<\/td>\n<td class=\"text-center will-change\">\n<div class=\"px-10 md:px-20 flex items-center justify-center\">1<\/div>\n<\/td>\n<\/tr>\n<tr class=\"bg-grey-200\/50 p-2\">\n<td colspan=\"1\"><span class=\"block px-4\">Lamp<\/span><\/td>\n<td class=\"text-center\">\n<div class=\"px-10 md:px-20 flex items-center justify-center\"><\/div>\n<\/td>\n<td class=\"text-center will-change\">\n<div class=\"px-10 md:px-20 flex items-center justify-center\">Gold<\/div>\n<\/td>\n<\/tr>\n<tr class=\" p-2\">\n<td colspan=\"1\"><span class=\"block px-4\">Lamp life<\/span><\/td>\n<td class=\"text-center\">\n<div class=\"px-10 md:px-20 flex items-center justify-center\">h<\/div>\n<\/td>\n<td class=\"text-center will-change\">\n<div class=\"px-10 md:px-20 flex items-center justify-center\">5,000<\/div>\n<\/td>\n<\/tr>\n<tr class=\"bg-grey-200\/50 p-2\">\n<td colspan=\"1\"><span class=\"block px-4\">Approximate area<\/span><\/td>\n<td class=\"text-center\">\n<div class=\"px-10 md:px-20 flex items-center justify-center\">m<sup>2<\/sup><\/div>\n<\/td>\n<td class=\"text-center will-change\">\n<div class=\"px-10 md:px-20 flex items-center justify-center\">6<\/div>\n<\/td>\n<\/tr>\n<tr class=\" p-2\">\n<td colspan=\"1\"><span class=\"block px-4\">Cable<\/span><\/td>\n<td class=\"text-center\">\n<div class=\"px-10 md:px-20 flex items-center justify-center\"><\/div>\n<\/td>\n<td class=\"text-center will-change\">\n<div class=\"px-10 md:px-20 flex items-center justify-center\">H\u00d87<\/div>\n<\/td>\n<\/tr>\n<tr class=\"bg-grey-200\/50 p-2\">\n<td colspan=\"1\"><span class=\"block px-4\">Product size (l x w x h)<\/span><\/td>\n<td class=\"text-center\">\n<div class=\"px-10 md:px-20 flex items-center justify-center\">mm<\/div>\n<\/td>\n<td class=\"text-center will-change\">\n<div class=\"px-10 md:px-20 flex items-center justify-center\">\n<p>735 x 650 x 1765*<\/p>\n<div data-mount=\"ToolTip\" data-text=\"with stand\">\n<div class=\"ml-2 appearance-none hover:opacity-75\" role=\"button\"><\/div>\n<\/div>\n<\/div>\n<\/td>\n<\/tr>\n<tr class=\" p-2\">\n<td colspan=\"1\"><span class=\"block px-4\">Box size (l x w x h)<\/span><\/td>\n<td class=\"text-center\">\n<div class=\"px-10 md:px-20 flex items-center justify-center\">mm<\/div>\n<\/td>\n<td class=\"text-center will-change\">\n<div class=\"px-10 md:px-20 flex items-center justify-center\">550 x 250 x 330<\/div>\n<\/td>\n<\/tr>\n<tr class=\"bg-grey-200\/50 p-2\">\n<td colspan=\"1\"><span class=\"block px-4\">Net\/gross weight<\/span><\/td>\n<td class=\"text-center\">\n<div class=\"px-10 md:px-20 flex items-center justify-center\">kg<\/div>\n<\/td>\n<td class=\"text-center will-change\">\n<div class=\"px-10 md:px-20 flex items-center justify-center\">4.8\/5.7<\/div>\n<\/td>\n<\/tr>\n<tr class=\" p-2\">\n<td colspan=\"1\"><span class=\"block px-4\">Pallet<\/span><\/td>\n<td class=\"text-center\">\n<div class=\"px-10 md:px-20 flex items-center justify-center\">pcs<\/div>\n<\/td>\n<td class=\"text-center will-change\">\n<div class=\"px-10 md:px-20 flex items-center justify-center\">36<\/div>\n<\/td>\n<\/tr>\n<\/tbody>\n<\/table>\n<\/div>\n<\/div>\n<\/div>\n<\/div>\n<\/div>\n<\/section>\n<section class=\"max-w-[1088px] mx-auto w-full px-5 my-10 md:my-12 lg:my-16 xl:my-20 xl:px-0\" data-block=\"product-specifications\">\n<div class=\"md:text-center\">\n<h3 class=\"text-black font-bold text-lg md:text-xl lg:text-2xl\"><strong>Heating radiation table<\/strong><\/h3>\n<\/div>\n<div class=\" md:mt-10\">\n<div class=\"\">\n<div class=\"lg:mt-0 \">\n<div id=\"spec-t-ambient-20c-hall-1500\" class=\"prose max-w-full md:overflow-auto\" data-spec-content=\"\">\n<div class=\"spreadsheet-container hidden md:block\">\n<table class=\"w-full table-fixed mb-0\">\n<thead>\n<tr>\n<th class=\"font-bold text-base\"><span class=\"block px-4\">Specifications<\/span><\/th>\n<th class=\"font-bold text-base text-center\"><span class=\"block px-10 md:px-20\">Units<\/span><\/th>\n<th class=\"font-bold text-base text-center will-change\"><span class=\"block px-4\">T\u00a0Ambient\u00a020\u00b0C\u00a0&#8211;\u00a0HALL\u00a01500<\/span><\/th>\n<\/tr>\n<\/thead>\n<tbody>\n<tr class=\"bg-grey-200\/50 p-2\">\n<td colspan=\"1\"><span class=\"block px-4\"><span class=\"font-bold\">0.5m<\/span><\/span><\/td>\n<td class=\"text-center\">\n<div class=\"px-10 md:px-20 flex items-center justify-center\">\u00b0C<\/div>\n<\/td>\n<td class=\"text-center will-change\">\n<div class=\"px-10 md:px-20 flex items-center justify-center\">70<\/div>\n<\/td>\n<\/tr>\n<tr class=\" p-2\">\n<td colspan=\"1\"><span class=\"block px-4\"><span class=\"font-bold\">1m<\/span><\/span><\/td>\n<td class=\"text-center\">\n<div class=\"px-10 md:px-20 flex items-center justify-center\">\u00b0C<\/div>\n<\/td>\n<td class=\"text-center will-change\">\n<div class=\"px-10 md:px-20 flex items-center justify-center\">45<\/div>\n<\/td>\n<\/tr>\n<tr class=\"bg-grey-200\/50 p-2\">\n<td colspan=\"1\"><span class=\"block px-4\"><span class=\"font-bold\">1.5m<\/span><\/span><\/td>\n<td class=\"text-center\">\n<div class=\"px-10 md:px-20 flex items-center justify-center\">\u00b0C<\/div>\n<\/td>\n<td class=\"text-center will-change\">\n<div class=\"px-10 md:px-20 flex items-center justify-center\">35<\/div>\n<\/td>\n<\/tr>\n<tr class=\" p-2\">\n<td colspan=\"1\"><span class=\"block px-4\"><span class=\"font-bold\">2m<\/span><\/span><\/td>\n<td class=\"text-center\">\n<div class=\"px-10 md:px-20 flex items-center justify-center\">\u00b0C<\/div>\n<\/td>\n<td class=\"text-center will-change\">\n<div class=\"px-10 md:px-20 flex items-center justify-center\">28<\/div>\n<\/td>\n<\/tr>\n<\/tbody>\n<\/table>\n<\/div>\n<\/div>\n<\/div>\n<\/div>\n<\/div>\n<\/section>\n<section class=\"max-w-[1088px] mx-auto w-full px-5 my-10 md:my-12 lg:my-16 xl:my-20 xl:px-0\" data-block=\"link-list\">\n<div class=\"max-w-[1088px] mx-auto\">\n<div class=\"md:text-center\">\n<h3 class=\"text-black font-bold text-lg md:text-xl lg:text-2xl\">Uy\u011fundur:<\/h3>\n<\/div>\n<div class=\"mt-6 max-w-4xl mx-auto\">\n<div class=\"flex flex-wrap md:ml-20\">\n<div class=\"w-full md:w-1\/2 auto-bullets md:pr-16\">\n<ul>\n<li class=\"flex items-center gap-5 text-sm text-black mt-3 md:text-base lg:text-lg\">K\u0259nd t\u0259s\u0259rr\u00fcfat\u0131<br \/>\nTicar\u0259t binalar\u0131<br \/>\nTikinti<br \/>\nS\u0259naye, fabrikl\u0259r v\u0259 istehsal<br \/>\n\u0130car\u0259 \u015firk\u0259tl\u0259ri<br \/>\nN\u0259qliyyat v\u0259 logistika<\/li>\n<\/ul>\n<\/div>\n<\/div>\n<\/div>\n<\/div>\n<\/section>\n","protected":false},"excerpt":{"rendered":"<p>\u0130nfraq\u0131rm\u0131z\u0131 q\u0131zd\u0131r\u0131c\u0131lar he\u00e7 bir hava h\u0259r\u0259k\u0259ti olmadan istiliyi tez v\u0259 laz\u0131m olan yer\u0259 \u00e7atd\u0131r\u0131r. Onlar divarlar\u0131 v\u0259 ya boyalar\u0131 tozsuz qurutmaq v\u0259 i\u015f yerl\u0259rini q\u0131zd\u0131rmaq \u00fc\u00e7\u00fcn uy\u011fundur. Bu g\u00fccl\u00fc texnologiya \u0259h\u0259miyy\u0259tli enerji q\u0259na\u0259ti il\u0259 n\u0259tic\u0259l\u0259nir v\u0259 tozlu yerl\u0259rd\u0259 v\u0259 ya \u00e7\u00f6ld\u0259 istifad\u0259 edil\u0259 bil\u0259r.<\/p>\n<p>T\u0259l\u0259b olunan t\u0259tbiql\u0259riniz\u0259 cavab verm\u0259k \u00fc\u00e7\u00fcn b\u00fct\u00fcn infraq\u0131rm\u0131z\u0131 elektrik q\u0131zd\u0131r\u0131c\u0131lar\u0131m\u0131za v\u0259 dig\u0259r portativ kommersiya q\u0131zd\u0131r\u0131c\u0131lar\u0131m\u0131za bax\u0131n.<\/p>\n","protected":false},"featured_media":40481,"template":"","meta":[],"product_brand":[],"product_cat":[1987],"product_tag":[],"class_list":{"0":"post-40504","1":"product","2":"type-product","3":"status-publish","4":"has-post-thumbnail","6":"product_cat-qizdirici-kalorifer","8":"first","9":"instock","10":"shipping-taxable","11":"purchasable","12":"product-type-simple"},"yoast_head":"<!-- This site is optimized with the Yoast SEO plugin v27.1.1 - https:\/\/yoast.com\/product\/yoast-seo-wordpress\/ -->\n<title>Master HALL 1500 \u2013 infraq\u0131rm\u0131z\u0131 elektrik q\u0131zd\u0131r\u0131c\u0131s\u0131 \u0130nfraq\u0131rm\u0131z\u0131 elektrik q\u0131zd\u0131r\u0131c\u0131lar\u0131 - Climate Master<\/title>\n<meta name=\"robots\" content=\"index, follow, max-snippet:-1, max-image-preview:large, max-video-preview:-1\" \/>\n<link rel=\"canonical\" href=\"https:\/\/climatemaster.ge\/az\/product\/master-hall-1500-infrared-electric-heater-infrared-electric-heaters\/\" \/>\n<meta property=\"og:locale\" content=\"az_AZ\" \/>\n<meta property=\"og:type\" content=\"article\" \/>\n<meta property=\"og:title\" content=\"Master HALL 1500 \u2013 infraq\u0131rm\u0131z\u0131 elektrik q\u0131zd\u0131r\u0131c\u0131s\u0131 \u0130nfraq\u0131rm\u0131z\u0131 elektrik q\u0131zd\u0131r\u0131c\u0131lar\u0131 - Climate Master\" \/>\n<meta property=\"og:description\" content=\"\u0130nfraq\u0131rm\u0131z\u0131 q\u0131zd\u0131r\u0131c\u0131lar he\u00e7 bir hava h\u0259r\u0259k\u0259ti olmadan istiliyi tez v\u0259 laz\u0131m olan yer\u0259 \u00e7atd\u0131r\u0131r. Onlar divarlar\u0131 v\u0259 ya boyalar\u0131 tozsuz qurutmaq v\u0259 i\u015f yerl\u0259rini q\u0131zd\u0131rmaq \u00fc\u00e7\u00fcn uy\u011fundur. Bu g\u00fccl\u00fc texnologiya \u0259h\u0259miyy\u0259tli enerji q\u0259na\u0259ti il\u0259 n\u0259tic\u0259l\u0259nir v\u0259 tozlu yerl\u0259rd\u0259 v\u0259 ya \u00e7\u00f6ld\u0259 istifad\u0259 edil\u0259 bil\u0259r.  T\u0259l\u0259b olunan t\u0259tbiql\u0259riniz\u0259 cavab verm\u0259k \u00fc\u00e7\u00fcn b\u00fct\u00fcn infraq\u0131rm\u0131z\u0131 elektrik q\u0131zd\u0131r\u0131c\u0131lar\u0131m\u0131za v\u0259 dig\u0259r portativ kommersiya q\u0131zd\u0131r\u0131c\u0131lar\u0131m\u0131za bax\u0131n.\" \/>\n<meta property=\"og:url\" content=\"https:\/\/climatemaster.ge\/az\/product\/master-hall-1500-infrared-electric-heater-infrared-electric-heaters\/\" \/>\n<meta property=\"og:site_name\" content=\"Climate Master\" \/>\n<meta property=\"article:modified_time\" content=\"2025-09-24T19:23:52+00:00\" \/>\n<meta property=\"og:image\" content=\"https:\/\/climatemaster.ge\/wp-content\/uploads\/2025\/09\/Master-Hall-1500.jpg\" \/>\n\t<meta property=\"og:image:width\" content=\"1000\" \/>\n\t<meta property=\"og:image:height\" content=\"1000\" \/>\n\t<meta property=\"og:image:type\" content=\"image\/jpeg\" \/>\n<meta name=\"twitter:card\" content=\"summary_large_image\" \/>\n<meta name=\"twitter:label1\" content=\"Est. reading time\" \/>\n\t<meta name=\"twitter:data1\" content=\"2 minutes\" \/>\n<script type=\"application\/ld+json\" class=\"yoast-schema-graph\">{\"@context\":\"https:\/\/schema.org\",\"@graph\":[{\"@type\":\"WebPage\",\"@id\":\"https:\/\/climatemaster.ge\/az\/product\/master-hall-1500-infrared-electric-heater-infrared-electric-heaters\/\",\"url\":\"https:\/\/climatemaster.ge\/az\/product\/master-hall-1500-infrared-electric-heater-infrared-electric-heaters\/\",\"name\":\"Master HALL 1500 \u2013 infraq\u0131rm\u0131z\u0131 elektrik q\u0131zd\u0131r\u0131c\u0131s\u0131 \u0130nfraq\u0131rm\u0131z\u0131 elektrik q\u0131zd\u0131r\u0131c\u0131lar\u0131 - Climate Master\",\"isPartOf\":{\"@id\":\"https:\/\/climatemaster.ge\/#website\"},\"primaryImageOfPage\":{\"@id\":\"https:\/\/climatemaster.ge\/az\/product\/master-hall-1500-infrared-electric-heater-infrared-electric-heaters\/#primaryimage\"},\"image\":{\"@id\":\"https:\/\/climatemaster.ge\/az\/product\/master-hall-1500-infrared-electric-heater-infrared-electric-heaters\/#primaryimage\"},\"thumbnailUrl\":\"https:\/\/climatemaster.ge\/wp-content\/uploads\/2025\/09\/Master-Hall-1500.jpg\",\"datePublished\":\"2025-09-24T19:17:08+00:00\",\"dateModified\":\"2025-09-24T19:23:52+00:00\",\"breadcrumb\":{\"@id\":\"https:\/\/climatemaster.ge\/az\/product\/master-hall-1500-infrared-electric-heater-infrared-electric-heaters\/#breadcrumb\"},\"inLanguage\":\"az\",\"potentialAction\":[{\"@type\":\"ReadAction\",\"target\":[\"https:\/\/climatemaster.ge\/az\/product\/master-hall-1500-infrared-electric-heater-infrared-electric-heaters\/\"]}]},{\"@type\":\"ImageObject\",\"inLanguage\":\"az\",\"@id\":\"https:\/\/climatemaster.ge\/az\/product\/master-hall-1500-infrared-electric-heater-infrared-electric-heaters\/#primaryimage\",\"url\":\"https:\/\/climatemaster.ge\/wp-content\/uploads\/2025\/09\/Master-Hall-1500.jpg\",\"contentUrl\":\"https:\/\/climatemaster.ge\/wp-content\/uploads\/2025\/09\/Master-Hall-1500.jpg\",\"width\":1000,\"height\":1000},{\"@type\":\"BreadcrumbList\",\"@id\":\"https:\/\/climatemaster.ge\/az\/product\/master-hall-1500-infrared-electric-heater-infrared-electric-heaters\/#breadcrumb\",\"itemListElement\":[{\"@type\":\"ListItem\",\"position\":1,\"name\":\"Home\",\"item\":\"https:\/\/climatemaster.ge\/\"},{\"@type\":\"ListItem\",\"position\":2,\"name\":\"M\u0259hsullar\",\"item\":\"https:\/\/climatemaster.ge\/products\/\"},{\"@type\":\"ListItem\",\"position\":3,\"name\":\"Master HALL 1500 \u2013 infraq\u0131rm\u0131z\u0131 elektrik q\u0131zd\u0131r\u0131c\u0131s\u0131 \u0130nfraq\u0131rm\u0131z\u0131 elektrik q\u0131zd\u0131r\u0131c\u0131lar\u0131\"}]},{\"@type\":\"WebSite\",\"@id\":\"https:\/\/climatemaster.ge\/#website\",\"url\":\"https:\/\/climatemaster.ge\/\",\"name\":\"Climate Master\",\"description\":\"\",\"publisher\":{\"@id\":\"https:\/\/climatemaster.ge\/#organization\"},\"potentialAction\":[{\"@type\":\"SearchAction\",\"target\":{\"@type\":\"EntryPoint\",\"urlTemplate\":\"https:\/\/climatemaster.ge\/?s={search_term_string}\"},\"query-input\":{\"@type\":\"PropertyValueSpecification\",\"valueRequired\":true,\"valueName\":\"search_term_string\"}}],\"inLanguage\":\"az\"},{\"@type\":\"Organization\",\"@id\":\"https:\/\/climatemaster.ge\/#organization\",\"name\":\"Climate Master\",\"url\":\"https:\/\/climatemaster.ge\/\",\"logo\":{\"@type\":\"ImageObject\",\"inLanguage\":\"az\",\"@id\":\"https:\/\/climatemaster.ge\/#\/schema\/logo\/image\/\",\"url\":\"https:\/\/climatemaster.ge\/wp-content\/uploads\/2026\/03\/Untitled-2.png\",\"contentUrl\":\"https:\/\/climatemaster.ge\/wp-content\/uploads\/2026\/03\/Untitled-2.png\",\"width\":600,\"height\":338,\"caption\":\"Climate Master\"},\"image\":{\"@id\":\"https:\/\/climatemaster.ge\/#\/schema\/logo\/image\/\"}}]}<\/script>\n<!-- \/ Yoast SEO plugin. -->","yoast_head_json":{"title":"Master HALL 1500 \u2013 infraq\u0131rm\u0131z\u0131 elektrik q\u0131zd\u0131r\u0131c\u0131s\u0131 \u0130nfraq\u0131rm\u0131z\u0131 elektrik q\u0131zd\u0131r\u0131c\u0131lar\u0131 - Climate Master","robots":{"index":"index","follow":"follow","max-snippet":"max-snippet:-1","max-image-preview":"max-image-preview:large","max-video-preview":"max-video-preview:-1"},"canonical":"https:\/\/climatemaster.ge\/az\/product\/master-hall-1500-infrared-electric-heater-infrared-electric-heaters\/","og_locale":"az_AZ","og_type":"article","og_title":"Master HALL 1500 \u2013 infraq\u0131rm\u0131z\u0131 elektrik q\u0131zd\u0131r\u0131c\u0131s\u0131 \u0130nfraq\u0131rm\u0131z\u0131 elektrik q\u0131zd\u0131r\u0131c\u0131lar\u0131 - Climate Master","og_description":"\u0130nfraq\u0131rm\u0131z\u0131 q\u0131zd\u0131r\u0131c\u0131lar he\u00e7 bir hava h\u0259r\u0259k\u0259ti olmadan istiliyi tez v\u0259 laz\u0131m olan yer\u0259 \u00e7atd\u0131r\u0131r. Onlar divarlar\u0131 v\u0259 ya boyalar\u0131 tozsuz qurutmaq v\u0259 i\u015f yerl\u0259rini q\u0131zd\u0131rmaq \u00fc\u00e7\u00fcn uy\u011fundur. Bu g\u00fccl\u00fc texnologiya \u0259h\u0259miyy\u0259tli enerji q\u0259na\u0259ti il\u0259 n\u0259tic\u0259l\u0259nir v\u0259 tozlu yerl\u0259rd\u0259 v\u0259 ya \u00e7\u00f6ld\u0259 istifad\u0259 edil\u0259 bil\u0259r.  T\u0259l\u0259b olunan t\u0259tbiql\u0259riniz\u0259 cavab verm\u0259k \u00fc\u00e7\u00fcn b\u00fct\u00fcn infraq\u0131rm\u0131z\u0131 elektrik q\u0131zd\u0131r\u0131c\u0131lar\u0131m\u0131za v\u0259 dig\u0259r portativ kommersiya q\u0131zd\u0131r\u0131c\u0131lar\u0131m\u0131za bax\u0131n.","og_url":"https:\/\/climatemaster.ge\/az\/product\/master-hall-1500-infrared-electric-heater-infrared-electric-heaters\/","og_site_name":"Climate Master","article_modified_time":"2025-09-24T19:23:52+00:00","og_image":[{"width":1000,"height":1000,"url":"https:\/\/climatemaster.ge\/wp-content\/uploads\/2025\/09\/Master-Hall-1500.jpg","type":"image\/jpeg"}],"twitter_card":"summary_large_image","twitter_misc":{"Est. reading time":"2 minutes"},"schema":{"@context":"https:\/\/schema.org","@graph":[{"@type":"WebPage","@id":"https:\/\/climatemaster.ge\/az\/product\/master-hall-1500-infrared-electric-heater-infrared-electric-heaters\/","url":"https:\/\/climatemaster.ge\/az\/product\/master-hall-1500-infrared-electric-heater-infrared-electric-heaters\/","name":"Master HALL 1500 \u2013 infraq\u0131rm\u0131z\u0131 elektrik q\u0131zd\u0131r\u0131c\u0131s\u0131 \u0130nfraq\u0131rm\u0131z\u0131 elektrik q\u0131zd\u0131r\u0131c\u0131lar\u0131 - Climate Master","isPartOf":{"@id":"https:\/\/climatemaster.ge\/#website"},"primaryImageOfPage":{"@id":"https:\/\/climatemaster.ge\/az\/product\/master-hall-1500-infrared-electric-heater-infrared-electric-heaters\/#primaryimage"},"image":{"@id":"https:\/\/climatemaster.ge\/az\/product\/master-hall-1500-infrared-electric-heater-infrared-electric-heaters\/#primaryimage"},"thumbnailUrl":"https:\/\/climatemaster.ge\/wp-content\/uploads\/2025\/09\/Master-Hall-1500.jpg","datePublished":"2025-09-24T19:17:08+00:00","dateModified":"2025-09-24T19:23:52+00:00","breadcrumb":{"@id":"https:\/\/climatemaster.ge\/az\/product\/master-hall-1500-infrared-electric-heater-infrared-electric-heaters\/#breadcrumb"},"inLanguage":"az","potentialAction":[{"@type":"ReadAction","target":["https:\/\/climatemaster.ge\/az\/product\/master-hall-1500-infrared-electric-heater-infrared-electric-heaters\/"]}]},{"@type":"ImageObject","inLanguage":"az","@id":"https:\/\/climatemaster.ge\/az\/product\/master-hall-1500-infrared-electric-heater-infrared-electric-heaters\/#primaryimage","url":"https:\/\/climatemaster.ge\/wp-content\/uploads\/2025\/09\/Master-Hall-1500.jpg","contentUrl":"https:\/\/climatemaster.ge\/wp-content\/uploads\/2025\/09\/Master-Hall-1500.jpg","width":1000,"height":1000},{"@type":"BreadcrumbList","@id":"https:\/\/climatemaster.ge\/az\/product\/master-hall-1500-infrared-electric-heater-infrared-electric-heaters\/#breadcrumb","itemListElement":[{"@type":"ListItem","position":1,"name":"Home","item":"https:\/\/climatemaster.ge\/"},{"@type":"ListItem","position":2,"name":"M\u0259hsullar","item":"https:\/\/climatemaster.ge\/products\/"},{"@type":"ListItem","position":3,"name":"Master HALL 1500 \u2013 infraq\u0131rm\u0131z\u0131 elektrik q\u0131zd\u0131r\u0131c\u0131s\u0131 \u0130nfraq\u0131rm\u0131z\u0131 elektrik q\u0131zd\u0131r\u0131c\u0131lar\u0131"}]},{"@type":"WebSite","@id":"https:\/\/climatemaster.ge\/#website","url":"https:\/\/climatemaster.ge\/","name":"Climate Master","description":"","publisher":{"@id":"https:\/\/climatemaster.ge\/#organization"},"potentialAction":[{"@type":"SearchAction","target":{"@type":"EntryPoint","urlTemplate":"https:\/\/climatemaster.ge\/?s={search_term_string}"},"query-input":{"@type":"PropertyValueSpecification","valueRequired":true,"valueName":"search_term_string"}}],"inLanguage":"az"},{"@type":"Organization","@id":"https:\/\/climatemaster.ge\/#organization","name":"Climate Master","url":"https:\/\/climatemaster.ge\/","logo":{"@type":"ImageObject","inLanguage":"az","@id":"https:\/\/climatemaster.ge\/#\/schema\/logo\/image\/","url":"https:\/\/climatemaster.ge\/wp-content\/uploads\/2026\/03\/Untitled-2.png","contentUrl":"https:\/\/climatemaster.ge\/wp-content\/uploads\/2026\/03\/Untitled-2.png","width":600,"height":338,"caption":"Climate Master"},"image":{"@id":"https:\/\/climatemaster.ge\/#\/schema\/logo\/image\/"}}]}},"_links":{"self":[{"href":"https:\/\/climatemaster.ge\/az\/wp-json\/wp\/v2\/product\/40504","targetHints":{"allow":["GET"]}}],"collection":[{"href":"https:\/\/climatemaster.ge\/az\/wp-json\/wp\/v2\/product"}],"about":[{"href":"https:\/\/climatemaster.ge\/az\/wp-json\/wp\/v2\/types\/product"}],"wp:featuredmedia":[{"embeddable":true,"href":"https:\/\/climatemaster.ge\/az\/wp-json\/wp\/v2\/media\/40481"}],"wp:attachment":[{"href":"https:\/\/climatemaster.ge\/az\/wp-json\/wp\/v2\/media?parent=40504"}],"wp:term":[{"taxonomy":"product_brand","embeddable":true,"href":"https:\/\/climatemaster.ge\/az\/wp-json\/wp\/v2\/product_brand?post=40504"},{"taxonomy":"product_cat","embeddable":true,"href":"https:\/\/climatemaster.ge\/az\/wp-json\/wp\/v2\/product_cat?post=40504"},{"taxonomy":"product_tag","embeddable":true,"href":"https:\/\/climatemaster.ge\/az\/wp-json\/wp\/v2\/product_tag?post=40504"}],"curies":[{"name":"wp","href":"https:\/\/api.w.org\/{rel}","templated":true}]}}