{"id":39698,"date":"2025-09-10T14:09:28","date_gmt":"2025-09-10T10:09:28","guid":{"rendered":"https:\/\/airsystems.ge\/shop\/product\/39665\/"},"modified":"2025-09-10T14:16:20","modified_gmt":"2025-09-10T10:16:20","slug":"39665","status":"publish","type":"product","link":"https:\/\/climatemaster.ge\/az\/product\/39665\/","title":{"rendered":"CFC-A T\u0259miz Filtrl\u0259m\u0259 Kasetl\u0259ri Filtrl\u0259m\u0259 kasetini H14 HEPA filtri il\u0259 t\u0259mizl\u0259yin"},"content":{"rendered":"<div id=\"scroll-41447b83\" class=\"content-element content-element-grid gtm-component-grid mb-400 container-fluid px-0\">\n<div class=\"row\">\n<div class=\"md:col-12\">\n<div class=\"row mx-200 md:mx-400 pb-400 gap-y-0\">\n<div class=\"content-container content-container-grid-cell px-0 col-12 md:col-4 lg:col-4\">\n<div id=\"scroll-812c8be0\" class=\"content-element content-element-text-image gtm-component-text-image\">\n<div class=\"row\">\n<div class=\"col-12 md:col-12\">\n<figure class=\"w-full flex flex-col\">\n<div class=\"TextImage_text-image-col-image-img-container__3Fpb_ flex flex-1 relative\"><img decoding=\"async\" id=\"\" class=\"object-center\" src=\"https:\/\/a.storyblok.com\/f\/108972\/4294x4294\/0b65bb6f92\/cfc-front_panels_web_02.png\/m\/1920x0\/filters:quality(80)\" sizes=\" (min-width: 1024px) 28vw, (min-width: 768px) 28vw, 85vw \" srcset=\"https:\/\/a.storyblok.com\/f\/108972\/4294x4294\/0b65bb6f92\/cfc-front_panels_web_02.png\/m\/256x0\/filters:quality(80) 256w, https:\/\/a.storyblok.com\/f\/108972\/4294x4294\/0b65bb6f92\/cfc-front_panels_web_02.png\/m\/384x0\/filters:quality(80) 384w, https:\/\/a.storyblok.com\/f\/108972\/4294x4294\/0b65bb6f92\/cfc-front_panels_web_02.png\/m\/640x0\/filters:quality(80) 640w, https:\/\/a.storyblok.com\/f\/108972\/4294x4294\/0b65bb6f92\/cfc-front_panels_web_02.png\/m\/750x0\/filters:quality(80) 750w, https:\/\/a.storyblok.com\/f\/108972\/4294x4294\/0b65bb6f92\/cfc-front_panels_web_02.png\/m\/828x0\/filters:quality(80) 828w, https:\/\/a.storyblok.com\/f\/108972\/4294x4294\/0b65bb6f92\/cfc-front_panels_web_02.png\/m\/1080x0\/filters:quality(80) 1080w, https:\/\/a.storyblok.com\/f\/108972\/4294x4294\/0b65bb6f92\/cfc-front_panels_web_02.png\/m\/1200x0\/filters:quality(80) 1200w, https:\/\/a.storyblok.com\/f\/108972\/4294x4294\/0b65bb6f92\/cfc-front_panels_web_02.png\/m\/1920x0\/filters:quality(80) 1920w\" alt=\"\" data-nimg=\"responsive\" \/><\/div>\n<\/figure>\n<\/div>\n<div class=\"col-12 md:col-12 pt-200\">\n<div class=\"flex flex-col text-flow\"><\/div>\n<\/div>\n<\/div>\n<\/div>\n<\/div>\n<div class=\"content-container content-container-grid-cell px-0 col-12 md:col-4 lg:col-4\">\n<div id=\"scroll-The-choice-is-yours\" class=\"content-element content-element-text-image gtm-component-text-image TextImage_text-image-extended__PHD6R TextImage_text-image-extended--color-cool__D7Z9u h-full TextImage_text-image-extended--small__TcSmz\">\n<div class=\"h-full\">\n<div class=\"TextImage_text-image--large-text__BQ5io h-full row\">\n<div class=\"h-full\">\n<div class=\"h-full TextImage_text-image-extended--bg__vXJy6\">\n<div class=\"\">\n<div class=\"TextImage_text-image-extended-grid__NC5f2 py-200\">\n<div class=\"flex flex-col text-flow\">\n<h2 class=\"TextImage_text-image-headline__FwqZ7 whitespace-pre-line\">Se\u00e7im sizindir!<\/h2>\n<div class=\"text-md text-tagline font-tagline leading-headings mb-100 order-first\">CFC-A<br \/>\nCFC-A t\u0259miz filtrl\u0259m\u0259 kaseti h\u0259r biri \u00fcf\u00fcqi v\u0259 ya \u015faquli olmaqla 2 n\u00f6v kanal ba\u011flant\u0131s\u0131, 5 n\u00f6v \u00f6n panel v\u0259 2 n\u00f6v H14 HEPA filtri il\u0259 g\u0259lir v\u0259 sizin \u00fc\u00e7\u00fcn uy\u011fun kombinasiyan\u0131n oldu\u011fundan \u0259min olur!<\/div>\n<\/div>\n<\/div>\n<\/div>\n<\/div>\n<\/div>\n<\/div>\n<\/div>\n<\/div>\n<\/div>\n<div class=\"content-container content-container-grid-cell px-0 col-12 md:col-4 lg:col-4\">\n<div id=\"scroll-02700b25\" class=\"content-element content-element-text-image gtm-component-text-image TextImage_text-image-extended__PHD6R TextImage_text-image-extended--color-white__vYHgH TextImage_text-image-extended--style-background-flush__pnzne h-full TextImage_text-image-extended--small__TcSmz TextImage_text-image-extended--large-image__MIV9W\">\n<figure class=\"w-full flex flex-col TextImage_text-image-col-image-caption--with-offset__GRi4z\">\n<div class=\"TextImage_text-image-col-image-img-container__3Fpb_ flex flex-1 relative\"><img decoding=\"async\" id=\"\" class=\"object-center\" src=\"https:\/\/a.storyblok.com\/f\/108972\/4294x4294\/bf15ff6be2\/cfc-a-scene_02b.png\/m\/1920x0\/filters:quality(80)\" sizes=\" (min-width: 1024px) 28vw, (min-width: 768px) 28vw, 85vw \" srcset=\"https:\/\/a.storyblok.com\/f\/108972\/4294x4294\/bf15ff6be2\/cfc-a-scene_02b.png\/m\/256x0\/filters:quality(80) 256w, https:\/\/a.storyblok.com\/f\/108972\/4294x4294\/bf15ff6be2\/cfc-a-scene_02b.png\/m\/384x0\/filters:quality(80) 384w, https:\/\/a.storyblok.com\/f\/108972\/4294x4294\/bf15ff6be2\/cfc-a-scene_02b.png\/m\/640x0\/filters:quality(80) 640w, https:\/\/a.storyblok.com\/f\/108972\/4294x4294\/bf15ff6be2\/cfc-a-scene_02b.png\/m\/750x0\/filters:quality(80) 750w, https:\/\/a.storyblok.com\/f\/108972\/4294x4294\/bf15ff6be2\/cfc-a-scene_02b.png\/m\/828x0\/filters:quality(80) 828w, https:\/\/a.storyblok.com\/f\/108972\/4294x4294\/bf15ff6be2\/cfc-a-scene_02b.png\/m\/1080x0\/filters:quality(80) 1080w, https:\/\/a.storyblok.com\/f\/108972\/4294x4294\/bf15ff6be2\/cfc-a-scene_02b.png\/m\/1200x0\/filters:quality(80) 1200w, https:\/\/a.storyblok.com\/f\/108972\/4294x4294\/bf15ff6be2\/cfc-a-scene_02b.png\/m\/1920x0\/filters:quality(80) 1920w\" alt=\"\" data-nimg=\"responsive\" \/><\/div>\n<\/figure>\n<div class=\"h-full px-0\">\n<div class=\"TextImage_text-image--large-text__BQ5io h-full\">\n<div class=\"h-full\">\n<div class=\"TextImage_text-image-extended--bg__vXJy6\">\n<div class=\"\">\n<div class=\"TextImage_text-image-extended-grid__NC5f2 py-200\">\n<div class=\"flex flex-col text-flow\"><\/div>\n<\/div>\n<\/div>\n<\/div>\n<\/div>\n<\/div>\n<\/div>\n<\/div>\n<\/div>\n<\/div>\n<\/div>\n<\/div>\n<\/div>\n<div id=\"scroll-NEW-Additional-Measurement-Ports\" class=\"content-element content-element-text-image gtm-component-text-image TextImage_text-image-extended__PHD6R TextImage_text-image-extended--color-cool__D7Z9u TextImage_text-image-extended--style-frame__jgX_i\">\n<div class=\"container-fluid\">\n<div class=\"row\">\n<div class=\"col-12\">\n<div class=\"TextImage_text-image-extended--frame__2m8Ak\">\n<div class=\"row mx-0 flex-row-reverse\">\n<div class=\"flex items-center col-6 pr-400 py-400\">\n<figure class=\"w-full flex flex-col pr-400\">\n<div class=\"TextImage_text-image-col-image-img-container__3Fpb_ flex flex-1 relative\"><img decoding=\"async\" id=\"\" class=\"object-center\" src=\"https:\/\/a.storyblok.com\/f\/108972\/3829x3000\/1335991e3a\/cfc-a_ports_detail.png\/m\/1920x0\/filters:quality(80)\" sizes=\"(min-width: 768px) 40vw, 90vw\" srcset=\"https:\/\/a.storyblok.com\/f\/108972\/3829x3000\/1335991e3a\/cfc-a_ports_detail.png\/m\/256x0\/filters:quality(80) 256w, https:\/\/a.storyblok.com\/f\/108972\/3829x3000\/1335991e3a\/cfc-a_ports_detail.png\/m\/384x0\/filters:quality(80) 384w, https:\/\/a.storyblok.com\/f\/108972\/3829x3000\/1335991e3a\/cfc-a_ports_detail.png\/m\/640x0\/filters:quality(80) 640w, https:\/\/a.storyblok.com\/f\/108972\/3829x3000\/1335991e3a\/cfc-a_ports_detail.png\/m\/750x0\/filters:quality(80) 750w, https:\/\/a.storyblok.com\/f\/108972\/3829x3000\/1335991e3a\/cfc-a_ports_detail.png\/m\/828x0\/filters:quality(80) 828w, https:\/\/a.storyblok.com\/f\/108972\/3829x3000\/1335991e3a\/cfc-a_ports_detail.png\/m\/1080x0\/filters:quality(80) 1080w, https:\/\/a.storyblok.com\/f\/108972\/3829x3000\/1335991e3a\/cfc-a_ports_detail.png\/m\/1200x0\/filters:quality(80) 1200w, https:\/\/a.storyblok.com\/f\/108972\/3829x3000\/1335991e3a\/cfc-a_ports_detail.png\/m\/1920x0\/filters:quality(80) 1920w\" alt=\"\" data-nimg=\"responsive\" \/><\/div>\n<\/figure>\n<\/div>\n<div class=\"flex items-center col-5 pl-0\">\n<div class=\"py-400\">\n<div class=\"py-400 mb-100\">\n<div class=\"flex flex-col text-flow\">\n<h2 class=\"TextImage_text-image-headline__FwqZ7 whitespace-pre-line\">YEN\u0130! \u018flav\u0259 \u00d6l\u00e7m\u0259 Portlar\u0131<\/h2>\n<div class=\"richtext-wrap reset-margin-last TextImage_text-image-text-wrap__B_mcT\">\n<p>\u018flav\u0259 \u00f6l\u00e7m\u0259 portlar\u0131 statik t\u0259zyiq d\u00fc\u015fm\u0259sinin (\u0394P) v\u0259 ya filtr m\u00fcqavim\u0259tinin v\u0259 yuxar\u0131 aerozol konsentrasiyas\u0131n\u0131n eyni vaxtda \u00f6l\u00e7\u00fclm\u0259sin\u0259 imkan verm\u0259kl\u0259 hava filtrasiyas\u0131 monitorinqini g\u00fccl\u0259ndirir. Statik t\u0259zyiq d\u00fc\u015fm\u0259si hava ax\u0131n\u0131n\u0131n s\u0259m\u0259r\u0259liliyini qiym\u0259tl\u0259ndirm\u0259y\u0259 v\u0259 t\u0131xanmalar\u0131 a\u015fkar etm\u0259y\u0259 k\u00f6m\u0259k edir, filtr m\u00fcqavim\u0259ti is\u0259 filtrin v\u0259ziyy\u0259tini g\u00f6st\u0259rir. Yuxar\u0131 aerozol konsentrasiyas\u0131n\u0131n \u00f6l\u00e7\u00fclm\u0259si havan\u0131n keyfiyy\u0259t sisteml\u0259rinin daha yax\u015f\u0131 optimalla\u015fd\u0131r\u0131lmas\u0131na v\u0259 saxlanmas\u0131na imkan ver\u0259n hiss\u0259cikl\u0259rin tutulmas\u0131nda sistemin effektivliyin\u0259 dair fikir verir.<\/p>\n<\/div>\n<\/div>\n<\/div>\n<\/div>\n<\/div>\n<\/div>\n<\/div>\n<\/div>\n<\/div>\n<\/div>\n<\/div>\n","protected":false},"excerpt":{"rendered":"<div>\n<p>Y\u00fcks\u0259k effektiv hava filtrasiyas\u0131<\/p>\n<p>Hava t\u0259chizat\u0131 v\u0259 ya \u00e7\u0131xar\u0131lmas\u0131 \u00fc\u00e7\u00fcn<\/p>\n<p>Bir ne\u00e7\u0259 n\u00f6v tavan qura\u015fd\u0131r\u0131lmas\u0131 \u00fc\u00e7\u00fcn n\u0259z\u0259rd\u0259 tutulmu\u015fdur<\/p>\n<p>Dair\u0259vi kanal birl\u0259\u015fm\u0259l\u0259ri \u00fc\u00e7\u00fcn hava ke\u00e7irm\u0259y\u0259n ba\u011flama damperi m\u00f6vcuddur (CFC-A v\u0259 CFC-AG)<\/p>\n<p>M\u0259hdud m\u0259kan\u0131 olan tavanlar \u00fc\u00e7\u00fcn a\u015fa\u011f\u0131 profilli dizayn (CFC-AS &amp; CFC-AGS)<\/p>\n<p>VDI 6022-nin gigiyena t\u0259l\u0259bl\u0259rin\u0259 uy\u011fundur<\/p>\n<p>ISO 14644-1-\u0259 uy\u011fun olaraq t\u0259snif edilmi\u015f t\u0259miz otaq zonalar\u0131nda t\u0259miz v\u0259 steril hava t\u0259min edir<\/p>\n<p>S\u0131zma sinfi: EN 1886:2007-y\u0259 uy\u011fun olaraq L1<\/p>\n<\/div>\n<div class=\"flex flex-col gap-100\">\n<div class=\"flex flex-col flex-wrap gap-100 md:flex-row md:items-center gtm-purchase-option\" data-gtm-name=\"filter_type\" data-gtm-label=\"H14 HEPA seal type\">\n<p><label class=\"flex gap-050 md:w-700 leading-none hyphens-auto print:w-full print:max-w-2\/5 text-label-small\">H14 HEPA seal type<\/label><\/p>\n<div class=\"flex flex-1 flex-wrap gap-050\"><button class=\"select-btn select-btn-small select-btn-selected gtm-purchase-option-value\" type=\"button\" data-gtm-name=\"Rubber seal\" data-gtm-label=\"Rubber seal\">Rubber seal<\/button><button class=\"select-btn select-btn-small select-btn-default gtm-purchase-option-value\" type=\"button\" data-gtm-name=\"Gel seal\" data-gtm-label=\"Gel seal\">Gel seal<\/button><\/div>\n<\/div>\n<div class=\"flex flex-col flex-wrap gap-100 md:flex-row md:items-center gtm-purchase-option\" data-gtm-name=\"filter_dimension\" data-gtm-label=\"Filter dimensions\">\n<p><label class=\"flex gap-050 md:w-700 leading-none hyphens-auto print:w-full print:max-w-2\/5 text-label-small\">Filter dimensions<\/label><\/p>\n<div class=\"flex flex-1 flex-wrap gap-050\"><button class=\"select-btn select-btn-small select-btn-selected gtm-purchase-option-value\" type=\"button\" data-gtm-name=\"305x305x80\" data-gtm-label=\"305x305x80\">305x305x80<\/button><button class=\"select-btn select-btn-small select-btn-default gtm-purchase-option-value\" type=\"button\" data-gtm-name=\"457x457x80\" data-gtm-label=\"457x457x80\">457x457x80<\/button><button class=\"select-btn select-btn-small select-btn-default gtm-purchase-option-value\" type=\"button\" data-gtm-name=\"535x535x80\" data-gtm-label=\"535x535x80\">535x535x80<\/button><button class=\"select-btn select-btn-small select-btn-default gtm-purchase-option-value\" type=\"button\" data-gtm-name=\"557x557x80\" data-gtm-label=\"557x557x80\">557x557x80<\/button><button class=\"select-btn select-btn-small select-btn-default gtm-purchase-option-value\" type=\"button\" data-gtm-name=\"575x575x80\" data-gtm-label=\"575x575x80\">575x575x80<\/button><button class=\"select-btn select-btn-small select-btn-default gtm-purchase-option-value\" type=\"button\" data-gtm-name=\"610x610x80\" data-gtm-label=\"610x610x80\">610x610x80<\/button><\/div>\n<\/div>\n<div class=\"flex flex-col flex-wrap gap-100 md:flex-row md:items-center gtm-purchase-option\" data-gtm-name=\"connection_type\" data-gtm-label=\"Connection type\">\n<p><label class=\"flex gap-050 md:w-700 leading-none hyphens-auto print:w-full print:max-w-2\/5 text-label-small\">Connection type<\/label><\/p>\n<div class=\"flex flex-1 flex-wrap gap-050\"><button class=\"select-btn select-btn-small select-btn-selected gtm-purchase-option-value\" type=\"button\" data-gtm-name=\"Circular\" data-gtm-label=\"Circular\">Circular<\/button><button class=\"select-btn select-btn-small select-btn-default gtm-purchase-option-value\" type=\"button\" data-gtm-name=\"Rectangular\" data-gtm-label=\"Rectangular\">Rectangular<\/button><\/div>\n<\/div>\n<div class=\"flex flex-col flex-wrap gap-100 md:flex-row md:items-center gtm-purchase-option\" data-gtm-name=\"inlet_circular\" data-gtm-label=\"Nominal connection\">\n<p><label class=\"flex gap-050 md:w-700 leading-none hyphens-auto print:w-full print:max-w-2\/5 text-label-small\">Nominal connection<\/label><\/p>\n<div class=\"flex flex-1 flex-wrap gap-050\"><button class=\"select-btn select-btn-small select-btn-selected gtm-purchase-option-value\" type=\"button\" data-gtm-name=\"125\" data-gtm-label=\"125\">125<\/button><button class=\"select-btn select-btn-small select-btn-default gtm-purchase-option-value\" type=\"button\" data-gtm-name=\"160\" data-gtm-label=\"160\">160<\/button><button class=\"select-btn select-btn-small select-btn-default select-btn-disabled gtm-purchase-option-value\" type=\"button\" data-gtm-name=\"200\" data-gtm-label=\"200\">200<\/button><button class=\"select-btn select-btn-small select-btn-default select-btn-disabled gtm-purchase-option-value\" type=\"button\" data-gtm-name=\"250\" data-gtm-label=\"250\">250<\/button><button class=\"select-btn select-btn-small select-btn-default select-btn-disabled gtm-purchase-option-value\" type=\"button\" data-gtm-name=\"315\" data-gtm-label=\"315\">315<\/button><\/div>\n<\/div>\n<\/div>\n<div class=\"gtm-sku-info flex flex-col gap-y-050 text-label-tiny text-neutral-600\">\n<div class=\"flex flex-wrap items-baseline gap-x-100 gap-y-025\"><span class=\"gtm-article-name\">CFC-A-H-305x305x80-125-D-SW<\/span><span class=\"whitespace-nowrap gtm-article-number text-base font-bold\">#251463<\/span><\/div>\n<\/div>\n","protected":false},"featured_media":39668,"template":"","meta":[],"product_brand":[],"product_cat":[1896,1843,1966],"product_tag":[],"class_list":{"0":"post-39698","1":"product","2":"type-product","3":"status-publish","4":"has-post-thumbnail","6":"product_cat-diffuzor-havalandirma-ucun-diffuzorlar","7":"product_cat-hava-paylayici-mhsullar","8":"product_cat-tmiz-filtrlm-kasetlri","10":"first","11":"instock","12":"shipping-taxable","13":"product-type-simple"},"yoast_head":"<!-- This site is optimized with the Yoast SEO plugin v27.1.1 - https:\/\/yoast.com\/product\/yoast-seo-wordpress\/ -->\n<title>CFC-A T\u0259miz Filtrl\u0259m\u0259 Kasetl\u0259ri Filtrl\u0259m\u0259 kasetini H14 HEPA filtri il\u0259 t\u0259mizl\u0259yin - Climate Master<\/title>\n<meta name=\"robots\" content=\"index, follow, max-snippet:-1, max-image-preview:large, max-video-preview:-1\" \/>\n<link rel=\"canonical\" href=\"https:\/\/climatemaster.ge\/az\/product\/39665\/\" \/>\n<meta property=\"og:locale\" content=\"az_AZ\" \/>\n<meta property=\"og:type\" content=\"article\" \/>\n<meta property=\"og:title\" content=\"CFC-A T\u0259miz Filtrl\u0259m\u0259 Kasetl\u0259ri Filtrl\u0259m\u0259 kasetini H14 HEPA filtri il\u0259 t\u0259mizl\u0259yin - Climate Master\" \/>\n<meta property=\"og:description\" content=\"Y\u00fcks\u0259k effektiv hava filtrasiyas\u0131  Hava t\u0259chizat\u0131 v\u0259 ya \u00e7\u0131xar\u0131lmas\u0131 \u00fc\u00e7\u00fcn  Bir ne\u00e7\u0259 n\u00f6v tavan qura\u015fd\u0131r\u0131lmas\u0131 \u00fc\u00e7\u00fcn n\u0259z\u0259rd\u0259 tutulmu\u015fdur  Dair\u0259vi kanal birl\u0259\u015fm\u0259l\u0259ri \u00fc\u00e7\u00fcn hava ke\u00e7irm\u0259y\u0259n ba\u011flama damperi m\u00f6vcuddur (CFC-A v\u0259 CFC-AG)  M\u0259hdud m\u0259kan\u0131 olan tavanlar \u00fc\u00e7\u00fcn a\u015fa\u011f\u0131 profilli dizayn (CFC-AS &amp; CFC-AGS)  VDI 6022-nin gigiyena t\u0259l\u0259bl\u0259rin\u0259 uy\u011fundur  ISO 14644-1-\u0259 uy\u011fun olaraq t\u0259snif edilmi\u015f t\u0259miz otaq zonalar\u0131nda t\u0259miz v\u0259 steril hava t\u0259min edir  S\u0131zma sinfi: EN 1886:2007-y\u0259 uy\u011fun olaraq L1      H14 HEPA seal type Rubber sealGel seal    Filter dimensions 305x305x80457x457x80535x535x80557x557x80575x575x80610x610x80    Connection type CircularRectangular    Nominal connection 125160200250315    CFC-A-H-305x305x80-125-D-SW#251463\" \/>\n<meta property=\"og:url\" content=\"https:\/\/climatemaster.ge\/az\/product\/39665\/\" \/>\n<meta property=\"og:site_name\" content=\"Climate Master\" \/>\n<meta property=\"article:modified_time\" content=\"2025-09-10T10:16:20+00:00\" \/>\n<meta property=\"og:image\" content=\"https:\/\/climatemaster.ge\/wp-content\/uploads\/2025\/09\/RENDERING_CFC-A_HQ.jpg\" \/>\n\t<meta property=\"og:image:width\" content=\"384\" \/>\n\t<meta property=\"og:image:height\" content=\"288\" \/>\n\t<meta property=\"og:image:type\" content=\"image\/jpeg\" \/>\n<meta name=\"twitter:card\" content=\"summary_large_image\" \/>\n<meta name=\"twitter:label1\" content=\"Est. reading time\" \/>\n\t<meta name=\"twitter:data1\" content=\"1 minute\" \/>\n<script type=\"application\/ld+json\" class=\"yoast-schema-graph\">{\"@context\":\"https:\/\/schema.org\",\"@graph\":[{\"@type\":\"WebPage\",\"@id\":\"https:\/\/climatemaster.ge\/az\/product\/39665\/\",\"url\":\"https:\/\/climatemaster.ge\/az\/product\/39665\/\",\"name\":\"CFC-A T\u0259miz Filtrl\u0259m\u0259 Kasetl\u0259ri Filtrl\u0259m\u0259 kasetini H14 HEPA filtri il\u0259 t\u0259mizl\u0259yin - Climate Master\",\"isPartOf\":{\"@id\":\"https:\/\/climatemaster.ge\/#website\"},\"primaryImageOfPage\":{\"@id\":\"https:\/\/climatemaster.ge\/az\/product\/39665\/#primaryimage\"},\"image\":{\"@id\":\"https:\/\/climatemaster.ge\/az\/product\/39665\/#primaryimage\"},\"thumbnailUrl\":\"https:\/\/climatemaster.ge\/wp-content\/uploads\/2025\/09\/RENDERING_CFC-A_HQ.jpg\",\"datePublished\":\"2025-09-10T10:09:28+00:00\",\"dateModified\":\"2025-09-10T10:16:20+00:00\",\"breadcrumb\":{\"@id\":\"https:\/\/climatemaster.ge\/az\/product\/39665\/#breadcrumb\"},\"inLanguage\":\"az\",\"potentialAction\":[{\"@type\":\"ReadAction\",\"target\":[\"https:\/\/climatemaster.ge\/az\/product\/39665\/\"]}]},{\"@type\":\"ImageObject\",\"inLanguage\":\"az\",\"@id\":\"https:\/\/climatemaster.ge\/az\/product\/39665\/#primaryimage\",\"url\":\"https:\/\/climatemaster.ge\/wp-content\/uploads\/2025\/09\/RENDERING_CFC-A_HQ.jpg\",\"contentUrl\":\"https:\/\/climatemaster.ge\/wp-content\/uploads\/2025\/09\/RENDERING_CFC-A_HQ.jpg\",\"width\":384,\"height\":288},{\"@type\":\"BreadcrumbList\",\"@id\":\"https:\/\/climatemaster.ge\/az\/product\/39665\/#breadcrumb\",\"itemListElement\":[{\"@type\":\"ListItem\",\"position\":1,\"name\":\"Home\",\"item\":\"https:\/\/climatemaster.ge\/\"},{\"@type\":\"ListItem\",\"position\":2,\"name\":\"M\u0259hsullar\",\"item\":\"https:\/\/climatemaster.ge\/products\/\"},{\"@type\":\"ListItem\",\"position\":3,\"name\":\"CFC-A T\u0259miz Filtrl\u0259m\u0259 Kasetl\u0259ri Filtrl\u0259m\u0259 kasetini H14 HEPA filtri il\u0259 t\u0259mizl\u0259yin\"}]},{\"@type\":\"WebSite\",\"@id\":\"https:\/\/climatemaster.ge\/#website\",\"url\":\"https:\/\/climatemaster.ge\/\",\"name\":\"Climate Master\",\"description\":\"\",\"publisher\":{\"@id\":\"https:\/\/climatemaster.ge\/#organization\"},\"potentialAction\":[{\"@type\":\"SearchAction\",\"target\":{\"@type\":\"EntryPoint\",\"urlTemplate\":\"https:\/\/climatemaster.ge\/?s={search_term_string}\"},\"query-input\":{\"@type\":\"PropertyValueSpecification\",\"valueRequired\":true,\"valueName\":\"search_term_string\"}}],\"inLanguage\":\"az\"},{\"@type\":\"Organization\",\"@id\":\"https:\/\/climatemaster.ge\/#organization\",\"name\":\"Climate Master\",\"url\":\"https:\/\/climatemaster.ge\/\",\"logo\":{\"@type\":\"ImageObject\",\"inLanguage\":\"az\",\"@id\":\"https:\/\/climatemaster.ge\/#\/schema\/logo\/image\/\",\"url\":\"https:\/\/climatemaster.ge\/wp-content\/uploads\/2026\/03\/Untitled-2.png\",\"contentUrl\":\"https:\/\/climatemaster.ge\/wp-content\/uploads\/2026\/03\/Untitled-2.png\",\"width\":600,\"height\":338,\"caption\":\"Climate Master\"},\"image\":{\"@id\":\"https:\/\/climatemaster.ge\/#\/schema\/logo\/image\/\"}}]}<\/script>\n<!-- \/ Yoast SEO plugin. -->","yoast_head_json":{"title":"CFC-A T\u0259miz Filtrl\u0259m\u0259 Kasetl\u0259ri Filtrl\u0259m\u0259 kasetini H14 HEPA filtri il\u0259 t\u0259mizl\u0259yin - Climate Master","robots":{"index":"index","follow":"follow","max-snippet":"max-snippet:-1","max-image-preview":"max-image-preview:large","max-video-preview":"max-video-preview:-1"},"canonical":"https:\/\/climatemaster.ge\/az\/product\/39665\/","og_locale":"az_AZ","og_type":"article","og_title":"CFC-A T\u0259miz Filtrl\u0259m\u0259 Kasetl\u0259ri Filtrl\u0259m\u0259 kasetini H14 HEPA filtri il\u0259 t\u0259mizl\u0259yin - Climate Master","og_description":"Y\u00fcks\u0259k effektiv hava filtrasiyas\u0131  Hava t\u0259chizat\u0131 v\u0259 ya \u00e7\u0131xar\u0131lmas\u0131 \u00fc\u00e7\u00fcn  Bir ne\u00e7\u0259 n\u00f6v tavan qura\u015fd\u0131r\u0131lmas\u0131 \u00fc\u00e7\u00fcn n\u0259z\u0259rd\u0259 tutulmu\u015fdur  Dair\u0259vi kanal birl\u0259\u015fm\u0259l\u0259ri \u00fc\u00e7\u00fcn hava ke\u00e7irm\u0259y\u0259n ba\u011flama damperi m\u00f6vcuddur (CFC-A v\u0259 CFC-AG)  M\u0259hdud m\u0259kan\u0131 olan tavanlar \u00fc\u00e7\u00fcn a\u015fa\u011f\u0131 profilli dizayn (CFC-AS &amp; CFC-AGS)  VDI 6022-nin gigiyena t\u0259l\u0259bl\u0259rin\u0259 uy\u011fundur  ISO 14644-1-\u0259 uy\u011fun olaraq t\u0259snif edilmi\u015f t\u0259miz otaq zonalar\u0131nda t\u0259miz v\u0259 steril hava t\u0259min edir  S\u0131zma sinfi: EN 1886:2007-y\u0259 uy\u011fun olaraq L1      H14 HEPA seal type Rubber sealGel seal    Filter dimensions 305x305x80457x457x80535x535x80557x557x80575x575x80610x610x80    Connection type CircularRectangular    Nominal connection 125160200250315    CFC-A-H-305x305x80-125-D-SW#251463","og_url":"https:\/\/climatemaster.ge\/az\/product\/39665\/","og_site_name":"Climate Master","article_modified_time":"2025-09-10T10:16:20+00:00","og_image":[{"width":384,"height":288,"url":"https:\/\/climatemaster.ge\/wp-content\/uploads\/2025\/09\/RENDERING_CFC-A_HQ.jpg","type":"image\/jpeg"}],"twitter_card":"summary_large_image","twitter_misc":{"Est. reading time":"1 minute"},"schema":{"@context":"https:\/\/schema.org","@graph":[{"@type":"WebPage","@id":"https:\/\/climatemaster.ge\/az\/product\/39665\/","url":"https:\/\/climatemaster.ge\/az\/product\/39665\/","name":"CFC-A T\u0259miz Filtrl\u0259m\u0259 Kasetl\u0259ri Filtrl\u0259m\u0259 kasetini H14 HEPA filtri il\u0259 t\u0259mizl\u0259yin - Climate Master","isPartOf":{"@id":"https:\/\/climatemaster.ge\/#website"},"primaryImageOfPage":{"@id":"https:\/\/climatemaster.ge\/az\/product\/39665\/#primaryimage"},"image":{"@id":"https:\/\/climatemaster.ge\/az\/product\/39665\/#primaryimage"},"thumbnailUrl":"https:\/\/climatemaster.ge\/wp-content\/uploads\/2025\/09\/RENDERING_CFC-A_HQ.jpg","datePublished":"2025-09-10T10:09:28+00:00","dateModified":"2025-09-10T10:16:20+00:00","breadcrumb":{"@id":"https:\/\/climatemaster.ge\/az\/product\/39665\/#breadcrumb"},"inLanguage":"az","potentialAction":[{"@type":"ReadAction","target":["https:\/\/climatemaster.ge\/az\/product\/39665\/"]}]},{"@type":"ImageObject","inLanguage":"az","@id":"https:\/\/climatemaster.ge\/az\/product\/39665\/#primaryimage","url":"https:\/\/climatemaster.ge\/wp-content\/uploads\/2025\/09\/RENDERING_CFC-A_HQ.jpg","contentUrl":"https:\/\/climatemaster.ge\/wp-content\/uploads\/2025\/09\/RENDERING_CFC-A_HQ.jpg","width":384,"height":288},{"@type":"BreadcrumbList","@id":"https:\/\/climatemaster.ge\/az\/product\/39665\/#breadcrumb","itemListElement":[{"@type":"ListItem","position":1,"name":"Home","item":"https:\/\/climatemaster.ge\/"},{"@type":"ListItem","position":2,"name":"M\u0259hsullar","item":"https:\/\/climatemaster.ge\/products\/"},{"@type":"ListItem","position":3,"name":"CFC-A T\u0259miz Filtrl\u0259m\u0259 Kasetl\u0259ri Filtrl\u0259m\u0259 kasetini H14 HEPA filtri il\u0259 t\u0259mizl\u0259yin"}]},{"@type":"WebSite","@id":"https:\/\/climatemaster.ge\/#website","url":"https:\/\/climatemaster.ge\/","name":"Climate Master","description":"","publisher":{"@id":"https:\/\/climatemaster.ge\/#organization"},"potentialAction":[{"@type":"SearchAction","target":{"@type":"EntryPoint","urlTemplate":"https:\/\/climatemaster.ge\/?s={search_term_string}"},"query-input":{"@type":"PropertyValueSpecification","valueRequired":true,"valueName":"search_term_string"}}],"inLanguage":"az"},{"@type":"Organization","@id":"https:\/\/climatemaster.ge\/#organization","name":"Climate Master","url":"https:\/\/climatemaster.ge\/","logo":{"@type":"ImageObject","inLanguage":"az","@id":"https:\/\/climatemaster.ge\/#\/schema\/logo\/image\/","url":"https:\/\/climatemaster.ge\/wp-content\/uploads\/2026\/03\/Untitled-2.png","contentUrl":"https:\/\/climatemaster.ge\/wp-content\/uploads\/2026\/03\/Untitled-2.png","width":600,"height":338,"caption":"Climate Master"},"image":{"@id":"https:\/\/climatemaster.ge\/#\/schema\/logo\/image\/"}}]}},"_links":{"self":[{"href":"https:\/\/climatemaster.ge\/az\/wp-json\/wp\/v2\/product\/39698","targetHints":{"allow":["GET"]}}],"collection":[{"href":"https:\/\/climatemaster.ge\/az\/wp-json\/wp\/v2\/product"}],"about":[{"href":"https:\/\/climatemaster.ge\/az\/wp-json\/wp\/v2\/types\/product"}],"wp:featuredmedia":[{"embeddable":true,"href":"https:\/\/climatemaster.ge\/az\/wp-json\/wp\/v2\/media\/39668"}],"wp:attachment":[{"href":"https:\/\/climatemaster.ge\/az\/wp-json\/wp\/v2\/media?parent=39698"}],"wp:term":[{"taxonomy":"product_brand","embeddable":true,"href":"https:\/\/climatemaster.ge\/az\/wp-json\/wp\/v2\/product_brand?post=39698"},{"taxonomy":"product_cat","embeddable":true,"href":"https:\/\/climatemaster.ge\/az\/wp-json\/wp\/v2\/product_cat?post=39698"},{"taxonomy":"product_tag","embeddable":true,"href":"https:\/\/climatemaster.ge\/az\/wp-json\/wp\/v2\/product_tag?post=39698"}],"curies":[{"name":"wp","href":"https:\/\/api.w.org\/{rel}","templated":true}]}}