{"id":39498,"date":"2025-09-10T13:11:01","date_gmt":"2025-09-10T09:11:01","guid":{"rendered":"https:\/\/airsystems.ge\/shop\/product\/cap-b-nozzle-diffusers-multi-nozzle-diffuser-for-installation-in-walls\/"},"modified":"2025-09-10T13:18:56","modified_gmt":"2025-09-10T09:18:56","slug":"cap-b-nozzle-diffusers-multi-nozzle-diffuser-for-installation-in-walls","status":"publish","type":"product","link":"https:\/\/climatemaster.ge\/az\/product\/cap-b-nozzle-diffusers-multi-nozzle-diffuser-for-installation-in-walls\/","title":{"rendered":"CAP-B Nozzle Diffuzorlar\u0131 Divarlara qura\u015fd\u0131rmaq \u00fc\u00e7\u00fcn \u00e7ox burunlu diffuzor"},"content":{"rendered":"<p><img decoding=\"async\" id=\"\" class=\"object-center\" src=\"https:\/\/a.storyblok.com\/f\/108972\/2599x1123\/e717a2ca4c\/nozzles_cap-c.png\/m\/1920x0\/filters:quality(80)\" sizes=\"100vw\" srcset=\"https:\/\/a.storyblok.com\/f\/108972\/2599x1123\/e717a2ca4c\/nozzles_cap-c.png\/m\/640x0\/filters:quality(80) 640w, https:\/\/a.storyblok.com\/f\/108972\/2599x1123\/e717a2ca4c\/nozzles_cap-c.png\/m\/750x0\/filters:quality(80) 750w, https:\/\/a.storyblok.com\/f\/108972\/2599x1123\/e717a2ca4c\/nozzles_cap-c.png\/m\/828x0\/filters:quality(80) 828w, https:\/\/a.storyblok.com\/f\/108972\/2599x1123\/e717a2ca4c\/nozzles_cap-c.png\/m\/1080x0\/filters:quality(80) 1080w, https:\/\/a.storyblok.com\/f\/108972\/2599x1123\/e717a2ca4c\/nozzles_cap-c.png\/m\/1200x0\/filters:quality(80) 1200w, https:\/\/a.storyblok.com\/f\/108972\/2599x1123\/e717a2ca4c\/nozzles_cap-c.png\/m\/1920x0\/filters:quality(80) 1920w\" alt=\"Nozzles Cap C\" data-nimg=\"responsive\" \/><\/p>\n","protected":false},"excerpt":{"rendered":"<div class=\"row\">\n<div class=\"col-12 text-style-body-small\">\n<div class=\"richtext-wrap reset-margin-last\">\n<p>D\u0259qiq hava ax\u0131d\u0131lmas\u0131 modelinin t\u0259nziml\u0259nm\u0259si<\/p>\n<p>Asan istismara verilm\u0259si<\/p>\n<p>T\u0259zyiq d\u00fc\u015fm\u0259si\/hava ax\u0131n\u0131n\u0131n t\u0259nziml\u0259nm\u0259si damperi<\/p>\n<\/div>\n<\/div>\n<\/div>\n<div>\n<div class=\"dropdown-wrapper\"><select class=\"form-dropdown form-input\"><option value=\"A-CAP-B\">CAP-B<\/option><option value=\"454395\">CAP-B-100-R-SW<\/option><option value=\"454396\">CAP-B-125-R-SW<\/option><option value=\"454397\">CAP-B-160-R-SW<\/option><option value=\"454398\">CAP-B-200-R-SW<\/option><\/select><\/div>\n<\/div>\n<div class=\"gtm-sku-info flex flex-col gap-y-050 text-label-tiny text-neutral-600\">\n<div class=\"flex flex-wrap items-baseline gap-x-100 gap-y-025\"><span class=\"gtm-article-name\">CAP-B<\/span><span class=\"whitespace-nowrap gtm-article-number text-base font-bold\">#A-CAP-B<\/span><\/div>\n<\/div>\n","protected":false},"featured_media":39457,"template":"","meta":[],"product_brand":[],"product_cat":[1908,1896,1843],"product_tag":[],"class_list":{"0":"post-39498","1":"product","2":"type-product","3":"status-publish","4":"has-post-thumbnail","6":"product_cat-burun-diffuzorlari","7":"product_cat-diffuzor-havalandirma-ucun-diffuzorlar","8":"product_cat-hava-paylayici-mhsullar","10":"first","11":"instock","12":"shipping-taxable","13":"product-type-simple"},"yoast_head":"<!-- This site is optimized with the Yoast SEO plugin v27.1.1 - https:\/\/yoast.com\/product\/yoast-seo-wordpress\/ -->\n<title>CAP-B Nozzle Diffuzorlar\u0131 Divarlara qura\u015fd\u0131rmaq \u00fc\u00e7\u00fcn \u00e7ox burunlu diffuzor - Climate Master<\/title>\n<meta name=\"robots\" content=\"index, follow, max-snippet:-1, max-image-preview:large, max-video-preview:-1\" \/>\n<link rel=\"canonical\" href=\"https:\/\/climatemaster.ge\/az\/product\/cap-b-nozzle-diffusers-multi-nozzle-diffuser-for-installation-in-walls\/\" \/>\n<meta property=\"og:locale\" content=\"az_AZ\" \/>\n<meta property=\"og:type\" content=\"article\" \/>\n<meta property=\"og:title\" content=\"CAP-B Nozzle Diffuzorlar\u0131 Divarlara qura\u015fd\u0131rmaq \u00fc\u00e7\u00fcn \u00e7ox burunlu diffuzor - Climate Master\" \/>\n<meta property=\"og:description\" content=\"D\u0259qiq hava ax\u0131d\u0131lmas\u0131 modelinin t\u0259nziml\u0259nm\u0259si  Asan istismara verilm\u0259si  T\u0259zyiq d\u00fc\u015fm\u0259si\/hava ax\u0131n\u0131n\u0131n t\u0259nziml\u0259nm\u0259si damperi       CAP-B CAP-B-100-R-SW CAP-B-125-R-SW CAP-B-160-R-SW CAP-B-200-R-SW    CAP-B#A-CAP-B\" \/>\n<meta property=\"og:url\" content=\"https:\/\/climatemaster.ge\/az\/product\/cap-b-nozzle-diffusers-multi-nozzle-diffuser-for-installation-in-walls\/\" \/>\n<meta property=\"og:site_name\" content=\"Climate Master\" \/>\n<meta property=\"article:modified_time\" content=\"2025-09-10T09:18:56+00:00\" \/>\n<meta property=\"og:image\" content=\"https:\/\/climatemaster.ge\/wp-content\/uploads\/2025\/09\/RENDERING_CAP-B_HQ.jpg\" \/>\n\t<meta property=\"og:image:width\" content=\"384\" \/>\n\t<meta property=\"og:image:height\" content=\"288\" \/>\n\t<meta property=\"og:image:type\" content=\"image\/jpeg\" \/>\n<meta name=\"twitter:card\" content=\"summary_large_image\" \/>\n<script type=\"application\/ld+json\" class=\"yoast-schema-graph\">{\"@context\":\"https:\/\/schema.org\",\"@graph\":[{\"@type\":\"WebPage\",\"@id\":\"https:\/\/climatemaster.ge\/az\/product\/cap-b-nozzle-diffusers-multi-nozzle-diffuser-for-installation-in-walls\/\",\"url\":\"https:\/\/climatemaster.ge\/az\/product\/cap-b-nozzle-diffusers-multi-nozzle-diffuser-for-installation-in-walls\/\",\"name\":\"CAP-B Nozzle Diffuzorlar\u0131 Divarlara qura\u015fd\u0131rmaq \u00fc\u00e7\u00fcn \u00e7ox burunlu diffuzor - Climate Master\",\"isPartOf\":{\"@id\":\"https:\/\/climatemaster.ge\/#website\"},\"primaryImageOfPage\":{\"@id\":\"https:\/\/climatemaster.ge\/az\/product\/cap-b-nozzle-diffusers-multi-nozzle-diffuser-for-installation-in-walls\/#primaryimage\"},\"image\":{\"@id\":\"https:\/\/climatemaster.ge\/az\/product\/cap-b-nozzle-diffusers-multi-nozzle-diffuser-for-installation-in-walls\/#primaryimage\"},\"thumbnailUrl\":\"https:\/\/climatemaster.ge\/wp-content\/uploads\/2025\/09\/RENDERING_CAP-B_HQ.jpg\",\"datePublished\":\"2025-09-10T09:11:01+00:00\",\"dateModified\":\"2025-09-10T09:18:56+00:00\",\"breadcrumb\":{\"@id\":\"https:\/\/climatemaster.ge\/az\/product\/cap-b-nozzle-diffusers-multi-nozzle-diffuser-for-installation-in-walls\/#breadcrumb\"},\"inLanguage\":\"az\",\"potentialAction\":[{\"@type\":\"ReadAction\",\"target\":[\"https:\/\/climatemaster.ge\/az\/product\/cap-b-nozzle-diffusers-multi-nozzle-diffuser-for-installation-in-walls\/\"]}]},{\"@type\":\"ImageObject\",\"inLanguage\":\"az\",\"@id\":\"https:\/\/climatemaster.ge\/az\/product\/cap-b-nozzle-diffusers-multi-nozzle-diffuser-for-installation-in-walls\/#primaryimage\",\"url\":\"https:\/\/climatemaster.ge\/wp-content\/uploads\/2025\/09\/RENDERING_CAP-B_HQ.jpg\",\"contentUrl\":\"https:\/\/climatemaster.ge\/wp-content\/uploads\/2025\/09\/RENDERING_CAP-B_HQ.jpg\",\"width\":384,\"height\":288},{\"@type\":\"BreadcrumbList\",\"@id\":\"https:\/\/climatemaster.ge\/az\/product\/cap-b-nozzle-diffusers-multi-nozzle-diffuser-for-installation-in-walls\/#breadcrumb\",\"itemListElement\":[{\"@type\":\"ListItem\",\"position\":1,\"name\":\"Home\",\"item\":\"https:\/\/climatemaster.ge\/\"},{\"@type\":\"ListItem\",\"position\":2,\"name\":\"M\u0259hsullar\",\"item\":\"https:\/\/climatemaster.ge\/products\/\"},{\"@type\":\"ListItem\",\"position\":3,\"name\":\"CAP-B Nozzle Diffuzorlar\u0131 Divarlara qura\u015fd\u0131rmaq \u00fc\u00e7\u00fcn \u00e7ox burunlu diffuzor\"}]},{\"@type\":\"WebSite\",\"@id\":\"https:\/\/climatemaster.ge\/#website\",\"url\":\"https:\/\/climatemaster.ge\/\",\"name\":\"Climate Master\",\"description\":\"\",\"publisher\":{\"@id\":\"https:\/\/climatemaster.ge\/#organization\"},\"potentialAction\":[{\"@type\":\"SearchAction\",\"target\":{\"@type\":\"EntryPoint\",\"urlTemplate\":\"https:\/\/climatemaster.ge\/?s={search_term_string}\"},\"query-input\":{\"@type\":\"PropertyValueSpecification\",\"valueRequired\":true,\"valueName\":\"search_term_string\"}}],\"inLanguage\":\"az\"},{\"@type\":\"Organization\",\"@id\":\"https:\/\/climatemaster.ge\/#organization\",\"name\":\"Climate Master\",\"url\":\"https:\/\/climatemaster.ge\/\",\"logo\":{\"@type\":\"ImageObject\",\"inLanguage\":\"az\",\"@id\":\"https:\/\/climatemaster.ge\/#\/schema\/logo\/image\/\",\"url\":\"https:\/\/climatemaster.ge\/wp-content\/uploads\/2026\/03\/Untitled-2.png\",\"contentUrl\":\"https:\/\/climatemaster.ge\/wp-content\/uploads\/2026\/03\/Untitled-2.png\",\"width\":600,\"height\":338,\"caption\":\"Climate Master\"},\"image\":{\"@id\":\"https:\/\/climatemaster.ge\/#\/schema\/logo\/image\/\"}}]}<\/script>\n<!-- \/ Yoast SEO plugin. -->","yoast_head_json":{"title":"CAP-B Nozzle Diffuzorlar\u0131 Divarlara qura\u015fd\u0131rmaq \u00fc\u00e7\u00fcn \u00e7ox burunlu diffuzor - Climate Master","robots":{"index":"index","follow":"follow","max-snippet":"max-snippet:-1","max-image-preview":"max-image-preview:large","max-video-preview":"max-video-preview:-1"},"canonical":"https:\/\/climatemaster.ge\/az\/product\/cap-b-nozzle-diffusers-multi-nozzle-diffuser-for-installation-in-walls\/","og_locale":"az_AZ","og_type":"article","og_title":"CAP-B Nozzle Diffuzorlar\u0131 Divarlara qura\u015fd\u0131rmaq \u00fc\u00e7\u00fcn \u00e7ox burunlu diffuzor - Climate Master","og_description":"D\u0259qiq hava ax\u0131d\u0131lmas\u0131 modelinin t\u0259nziml\u0259nm\u0259si  Asan istismara verilm\u0259si  T\u0259zyiq d\u00fc\u015fm\u0259si\/hava ax\u0131n\u0131n\u0131n t\u0259nziml\u0259nm\u0259si damperi       CAP-B CAP-B-100-R-SW CAP-B-125-R-SW CAP-B-160-R-SW CAP-B-200-R-SW    CAP-B#A-CAP-B","og_url":"https:\/\/climatemaster.ge\/az\/product\/cap-b-nozzle-diffusers-multi-nozzle-diffuser-for-installation-in-walls\/","og_site_name":"Climate Master","article_modified_time":"2025-09-10T09:18:56+00:00","og_image":[{"width":384,"height":288,"url":"https:\/\/climatemaster.ge\/wp-content\/uploads\/2025\/09\/RENDERING_CAP-B_HQ.jpg","type":"image\/jpeg"}],"twitter_card":"summary_large_image","schema":{"@context":"https:\/\/schema.org","@graph":[{"@type":"WebPage","@id":"https:\/\/climatemaster.ge\/az\/product\/cap-b-nozzle-diffusers-multi-nozzle-diffuser-for-installation-in-walls\/","url":"https:\/\/climatemaster.ge\/az\/product\/cap-b-nozzle-diffusers-multi-nozzle-diffuser-for-installation-in-walls\/","name":"CAP-B Nozzle Diffuzorlar\u0131 Divarlara qura\u015fd\u0131rmaq \u00fc\u00e7\u00fcn \u00e7ox burunlu diffuzor - Climate Master","isPartOf":{"@id":"https:\/\/climatemaster.ge\/#website"},"primaryImageOfPage":{"@id":"https:\/\/climatemaster.ge\/az\/product\/cap-b-nozzle-diffusers-multi-nozzle-diffuser-for-installation-in-walls\/#primaryimage"},"image":{"@id":"https:\/\/climatemaster.ge\/az\/product\/cap-b-nozzle-diffusers-multi-nozzle-diffuser-for-installation-in-walls\/#primaryimage"},"thumbnailUrl":"https:\/\/climatemaster.ge\/wp-content\/uploads\/2025\/09\/RENDERING_CAP-B_HQ.jpg","datePublished":"2025-09-10T09:11:01+00:00","dateModified":"2025-09-10T09:18:56+00:00","breadcrumb":{"@id":"https:\/\/climatemaster.ge\/az\/product\/cap-b-nozzle-diffusers-multi-nozzle-diffuser-for-installation-in-walls\/#breadcrumb"},"inLanguage":"az","potentialAction":[{"@type":"ReadAction","target":["https:\/\/climatemaster.ge\/az\/product\/cap-b-nozzle-diffusers-multi-nozzle-diffuser-for-installation-in-walls\/"]}]},{"@type":"ImageObject","inLanguage":"az","@id":"https:\/\/climatemaster.ge\/az\/product\/cap-b-nozzle-diffusers-multi-nozzle-diffuser-for-installation-in-walls\/#primaryimage","url":"https:\/\/climatemaster.ge\/wp-content\/uploads\/2025\/09\/RENDERING_CAP-B_HQ.jpg","contentUrl":"https:\/\/climatemaster.ge\/wp-content\/uploads\/2025\/09\/RENDERING_CAP-B_HQ.jpg","width":384,"height":288},{"@type":"BreadcrumbList","@id":"https:\/\/climatemaster.ge\/az\/product\/cap-b-nozzle-diffusers-multi-nozzle-diffuser-for-installation-in-walls\/#breadcrumb","itemListElement":[{"@type":"ListItem","position":1,"name":"Home","item":"https:\/\/climatemaster.ge\/"},{"@type":"ListItem","position":2,"name":"M\u0259hsullar","item":"https:\/\/climatemaster.ge\/products\/"},{"@type":"ListItem","position":3,"name":"CAP-B Nozzle Diffuzorlar\u0131 Divarlara qura\u015fd\u0131rmaq \u00fc\u00e7\u00fcn \u00e7ox burunlu diffuzor"}]},{"@type":"WebSite","@id":"https:\/\/climatemaster.ge\/#website","url":"https:\/\/climatemaster.ge\/","name":"Climate Master","description":"","publisher":{"@id":"https:\/\/climatemaster.ge\/#organization"},"potentialAction":[{"@type":"SearchAction","target":{"@type":"EntryPoint","urlTemplate":"https:\/\/climatemaster.ge\/?s={search_term_string}"},"query-input":{"@type":"PropertyValueSpecification","valueRequired":true,"valueName":"search_term_string"}}],"inLanguage":"az"},{"@type":"Organization","@id":"https:\/\/climatemaster.ge\/#organization","name":"Climate Master","url":"https:\/\/climatemaster.ge\/","logo":{"@type":"ImageObject","inLanguage":"az","@id":"https:\/\/climatemaster.ge\/#\/schema\/logo\/image\/","url":"https:\/\/climatemaster.ge\/wp-content\/uploads\/2026\/03\/Untitled-2.png","contentUrl":"https:\/\/climatemaster.ge\/wp-content\/uploads\/2026\/03\/Untitled-2.png","width":600,"height":338,"caption":"Climate Master"},"image":{"@id":"https:\/\/climatemaster.ge\/#\/schema\/logo\/image\/"}}]}},"_links":{"self":[{"href":"https:\/\/climatemaster.ge\/az\/wp-json\/wp\/v2\/product\/39498","targetHints":{"allow":["GET"]}}],"collection":[{"href":"https:\/\/climatemaster.ge\/az\/wp-json\/wp\/v2\/product"}],"about":[{"href":"https:\/\/climatemaster.ge\/az\/wp-json\/wp\/v2\/types\/product"}],"wp:featuredmedia":[{"embeddable":true,"href":"https:\/\/climatemaster.ge\/az\/wp-json\/wp\/v2\/media\/39457"}],"wp:attachment":[{"href":"https:\/\/climatemaster.ge\/az\/wp-json\/wp\/v2\/media?parent=39498"}],"wp:term":[{"taxonomy":"product_brand","embeddable":true,"href":"https:\/\/climatemaster.ge\/az\/wp-json\/wp\/v2\/product_brand?post=39498"},{"taxonomy":"product_cat","embeddable":true,"href":"https:\/\/climatemaster.ge\/az\/wp-json\/wp\/v2\/product_cat?post=39498"},{"taxonomy":"product_tag","embeddable":true,"href":"https:\/\/climatemaster.ge\/az\/wp-json\/wp\/v2\/product_tag?post=39498"}],"curies":[{"name":"wp","href":"https:\/\/api.w.org\/{rel}","templated":true}]}}