{"id":39407,"date":"2025-09-10T12:56:24","date_gmt":"2025-09-10T08:56:24","guid":{"rendered":"https:\/\/airsystems.ge\/shop\/product\/cap-ct-nozzle-diffusers-a-versatile-multi-nozzle-diffuser-for-flexible-air-supply\/"},"modified":"2025-09-10T13:00:06","modified_gmt":"2025-09-10T09:00:06","slug":"cap-ct-nozzle-diffusers-a-versatile-multi-nozzle-diffuser-for-flexible-air-supply","status":"publish","type":"product","link":"https:\/\/climatemaster.ge\/az\/product\/cap-ct-nozzle-diffusers-a-versatile-multi-nozzle-diffuser-for-flexible-air-supply\/","title":{"rendered":"CAP-CT Nozzle Diffuzorlar\u0131 \u00c7evik hava t\u0259chizat\u0131 \u00fc\u00e7\u00fcn \u00e7oxfunksiyal\u0131 \u00e7oxburunlu diffuzor"},"content":{"rendered":"<p><img decoding=\"async\" id=\"\" class=\"object-center\" src=\"https:\/\/a.storyblok.com\/f\/108972\/2599x1123\/e717a2ca4c\/nozzles_cap-c.png\/m\/1920x0\/filters:quality(80)\" sizes=\"100vw\" srcset=\"https:\/\/a.storyblok.com\/f\/108972\/2599x1123\/e717a2ca4c\/nozzles_cap-c.png\/m\/640x0\/filters:quality(80) 640w, https:\/\/a.storyblok.com\/f\/108972\/2599x1123\/e717a2ca4c\/nozzles_cap-c.png\/m\/750x0\/filters:quality(80) 750w, https:\/\/a.storyblok.com\/f\/108972\/2599x1123\/e717a2ca4c\/nozzles_cap-c.png\/m\/828x0\/filters:quality(80) 828w, https:\/\/a.storyblok.com\/f\/108972\/2599x1123\/e717a2ca4c\/nozzles_cap-c.png\/m\/1080x0\/filters:quality(80) 1080w, https:\/\/a.storyblok.com\/f\/108972\/2599x1123\/e717a2ca4c\/nozzles_cap-c.png\/m\/1200x0\/filters:quality(80) 1200w, https:\/\/a.storyblok.com\/f\/108972\/2599x1123\/e717a2ca4c\/nozzles_cap-c.png\/m\/1920x0\/filters:quality(80) 1920w\" alt=\"Nozzles Cap C\" data-nimg=\"responsive\" \/><\/p>\n","protected":false},"excerpt":{"rendered":"<div class=\"row\">\n<div class=\"col-12 text-style-body-small\">\n<div class=\"richtext-wrap reset-margin-last\">\n<p>\u00c7ox y\u00f6nl\u00fc istifad\u0259<\/p>\n<p>\u018fla hava induksiyas\u0131<\/p>\n<p>Sakit \u0259m\u0259liyyat<\/p>\n<p>Kompakt dizayn<\/p>\n<\/div>\n<\/div>\n<\/div>\n<div class=\"flex flex-col gap-200\">\n<div class=\"flex flex-col flex-wrap gap-100 md:flex-row md:items-center gtm-purchase-option\" data-gtm-name=\"size\" data-gtm-label=\"Size\">\n<p><label class=\"flex gap-050 md:w-700 leading-none hyphens-auto print:w-full print:max-w-2\/5 text-label-small\">Size<\/label><\/p>\n<div class=\"flex flex-1 flex-wrap gap-050\"><button class=\"select-btn select-btn-small select-btn-selected gtm-purchase-option-value\" type=\"button\" data-gtm-name=\"100\" data-gtm-label=\"100\">100<\/button><button class=\"select-btn select-btn-small select-btn-default gtm-purchase-option-value\" type=\"button\" data-gtm-name=\"125\" data-gtm-label=\"125\">125<\/button><button class=\"select-btn select-btn-small select-btn-default gtm-purchase-option-value\" type=\"button\" data-gtm-name=\"160\" data-gtm-label=\"160\">160<\/button><button class=\"select-btn select-btn-small select-btn-default gtm-purchase-option-value\" type=\"button\" data-gtm-name=\"200\" data-gtm-label=\"200\">200<\/button><button class=\"select-btn select-btn-small select-btn-default gtm-purchase-option-value\" type=\"button\" data-gtm-name=\"250\" data-gtm-label=\"250\">250<\/button><button class=\"select-btn select-btn-small select-btn-default gtm-purchase-option-value\" type=\"button\" data-gtm-name=\"315\" data-gtm-label=\"315\">315<\/button><\/div>\n<\/div>\n<\/div>\n<div class=\"gtm-sku-info flex flex-col gap-y-050 text-label-tiny text-neutral-600\">\n<div class=\"flex flex-wrap items-baseline gap-x-100 gap-y-025\"><span class=\"gtm-article-name\">CAP-CT-100-SW<\/span><span class=\"whitespace-nowrap gtm-article-number text-base font-bold\">#98641<\/span><\/div>\n<\/div>\n","protected":false},"featured_media":39378,"template":"","meta":[],"product_brand":[],"product_cat":[1908,1896,1843],"product_tag":[],"class_list":{"0":"post-39407","1":"product","2":"type-product","3":"status-publish","4":"has-post-thumbnail","6":"product_cat-burun-diffuzorlari","7":"product_cat-diffuzor-havalandirma-ucun-diffuzorlar","8":"product_cat-hava-paylayici-mhsullar","10":"first","11":"instock","12":"shipping-taxable","13":"product-type-simple"},"yoast_head":"<!-- This site is optimized with the Yoast SEO plugin v27.1.1 - https:\/\/yoast.com\/product\/yoast-seo-wordpress\/ -->\n<title>CAP-CT Nozzle Diffuzorlar\u0131 \u00c7evik hava t\u0259chizat\u0131 \u00fc\u00e7\u00fcn \u00e7oxfunksiyal\u0131 \u00e7oxburunlu diffuzor - Climate Master<\/title>\n<meta name=\"robots\" content=\"index, follow, max-snippet:-1, max-image-preview:large, max-video-preview:-1\" \/>\n<link rel=\"canonical\" href=\"https:\/\/climatemaster.ge\/az\/product\/cap-ct-nozzle-diffusers-a-versatile-multi-nozzle-diffuser-for-flexible-air-supply\/\" \/>\n<meta property=\"og:locale\" content=\"az_AZ\" \/>\n<meta property=\"og:type\" content=\"article\" \/>\n<meta property=\"og:title\" content=\"CAP-CT Nozzle Diffuzorlar\u0131 \u00c7evik hava t\u0259chizat\u0131 \u00fc\u00e7\u00fcn \u00e7oxfunksiyal\u0131 \u00e7oxburunlu diffuzor - Climate Master\" \/>\n<meta property=\"og:description\" content=\"\u00c7ox y\u00f6nl\u00fc istifad\u0259  \u018fla hava induksiyas\u0131  Sakit \u0259m\u0259liyyat  Kompakt dizayn        Size 100125160200250315    CAP-CT-100-SW#98641\" \/>\n<meta property=\"og:url\" content=\"https:\/\/climatemaster.ge\/az\/product\/cap-ct-nozzle-diffusers-a-versatile-multi-nozzle-diffuser-for-flexible-air-supply\/\" \/>\n<meta property=\"og:site_name\" content=\"Climate Master\" \/>\n<meta property=\"article:modified_time\" content=\"2025-09-10T09:00:06+00:00\" \/>\n<meta property=\"og:image\" content=\"https:\/\/climatemaster.ge\/wp-content\/uploads\/2025\/09\/PRODUCT-MAIN-IMAGE_CAP-CT.jpg\" \/>\n\t<meta property=\"og:image:width\" content=\"384\" \/>\n\t<meta property=\"og:image:height\" content=\"288\" \/>\n\t<meta property=\"og:image:type\" content=\"image\/jpeg\" \/>\n<meta name=\"twitter:card\" content=\"summary_large_image\" \/>\n<script type=\"application\/ld+json\" class=\"yoast-schema-graph\">{\"@context\":\"https:\/\/schema.org\",\"@graph\":[{\"@type\":\"WebPage\",\"@id\":\"https:\/\/climatemaster.ge\/az\/product\/cap-ct-nozzle-diffusers-a-versatile-multi-nozzle-diffuser-for-flexible-air-supply\/\",\"url\":\"https:\/\/climatemaster.ge\/az\/product\/cap-ct-nozzle-diffusers-a-versatile-multi-nozzle-diffuser-for-flexible-air-supply\/\",\"name\":\"CAP-CT Nozzle Diffuzorlar\u0131 \u00c7evik hava t\u0259chizat\u0131 \u00fc\u00e7\u00fcn \u00e7oxfunksiyal\u0131 \u00e7oxburunlu diffuzor - Climate Master\",\"isPartOf\":{\"@id\":\"https:\/\/climatemaster.ge\/#website\"},\"primaryImageOfPage\":{\"@id\":\"https:\/\/climatemaster.ge\/az\/product\/cap-ct-nozzle-diffusers-a-versatile-multi-nozzle-diffuser-for-flexible-air-supply\/#primaryimage\"},\"image\":{\"@id\":\"https:\/\/climatemaster.ge\/az\/product\/cap-ct-nozzle-diffusers-a-versatile-multi-nozzle-diffuser-for-flexible-air-supply\/#primaryimage\"},\"thumbnailUrl\":\"https:\/\/climatemaster.ge\/wp-content\/uploads\/2025\/09\/PRODUCT-MAIN-IMAGE_CAP-CT.jpg\",\"datePublished\":\"2025-09-10T08:56:24+00:00\",\"dateModified\":\"2025-09-10T09:00:06+00:00\",\"breadcrumb\":{\"@id\":\"https:\/\/climatemaster.ge\/az\/product\/cap-ct-nozzle-diffusers-a-versatile-multi-nozzle-diffuser-for-flexible-air-supply\/#breadcrumb\"},\"inLanguage\":\"az\",\"potentialAction\":[{\"@type\":\"ReadAction\",\"target\":[\"https:\/\/climatemaster.ge\/az\/product\/cap-ct-nozzle-diffusers-a-versatile-multi-nozzle-diffuser-for-flexible-air-supply\/\"]}]},{\"@type\":\"ImageObject\",\"inLanguage\":\"az\",\"@id\":\"https:\/\/climatemaster.ge\/az\/product\/cap-ct-nozzle-diffusers-a-versatile-multi-nozzle-diffuser-for-flexible-air-supply\/#primaryimage\",\"url\":\"https:\/\/climatemaster.ge\/wp-content\/uploads\/2025\/09\/PRODUCT-MAIN-IMAGE_CAP-CT.jpg\",\"contentUrl\":\"https:\/\/climatemaster.ge\/wp-content\/uploads\/2025\/09\/PRODUCT-MAIN-IMAGE_CAP-CT.jpg\",\"width\":384,\"height\":288},{\"@type\":\"BreadcrumbList\",\"@id\":\"https:\/\/climatemaster.ge\/az\/product\/cap-ct-nozzle-diffusers-a-versatile-multi-nozzle-diffuser-for-flexible-air-supply\/#breadcrumb\",\"itemListElement\":[{\"@type\":\"ListItem\",\"position\":1,\"name\":\"Home\",\"item\":\"https:\/\/climatemaster.ge\/\"},{\"@type\":\"ListItem\",\"position\":2,\"name\":\"M\u0259hsullar\",\"item\":\"https:\/\/climatemaster.ge\/products\/\"},{\"@type\":\"ListItem\",\"position\":3,\"name\":\"CAP-CT Nozzle Diffuzorlar\u0131 \u00c7evik hava t\u0259chizat\u0131 \u00fc\u00e7\u00fcn \u00e7oxfunksiyal\u0131 \u00e7oxburunlu diffuzor\"}]},{\"@type\":\"WebSite\",\"@id\":\"https:\/\/climatemaster.ge\/#website\",\"url\":\"https:\/\/climatemaster.ge\/\",\"name\":\"Climate Master\",\"description\":\"\",\"publisher\":{\"@id\":\"https:\/\/climatemaster.ge\/#organization\"},\"potentialAction\":[{\"@type\":\"SearchAction\",\"target\":{\"@type\":\"EntryPoint\",\"urlTemplate\":\"https:\/\/climatemaster.ge\/?s={search_term_string}\"},\"query-input\":{\"@type\":\"PropertyValueSpecification\",\"valueRequired\":true,\"valueName\":\"search_term_string\"}}],\"inLanguage\":\"az\"},{\"@type\":\"Organization\",\"@id\":\"https:\/\/climatemaster.ge\/#organization\",\"name\":\"Climate Master\",\"url\":\"https:\/\/climatemaster.ge\/\",\"logo\":{\"@type\":\"ImageObject\",\"inLanguage\":\"az\",\"@id\":\"https:\/\/climatemaster.ge\/#\/schema\/logo\/image\/\",\"url\":\"https:\/\/climatemaster.ge\/wp-content\/uploads\/2026\/03\/Untitled-2.png\",\"contentUrl\":\"https:\/\/climatemaster.ge\/wp-content\/uploads\/2026\/03\/Untitled-2.png\",\"width\":600,\"height\":338,\"caption\":\"Climate Master\"},\"image\":{\"@id\":\"https:\/\/climatemaster.ge\/#\/schema\/logo\/image\/\"}}]}<\/script>\n<!-- \/ Yoast SEO plugin. -->","yoast_head_json":{"title":"CAP-CT Nozzle Diffuzorlar\u0131 \u00c7evik hava t\u0259chizat\u0131 \u00fc\u00e7\u00fcn \u00e7oxfunksiyal\u0131 \u00e7oxburunlu diffuzor - Climate Master","robots":{"index":"index","follow":"follow","max-snippet":"max-snippet:-1","max-image-preview":"max-image-preview:large","max-video-preview":"max-video-preview:-1"},"canonical":"https:\/\/climatemaster.ge\/az\/product\/cap-ct-nozzle-diffusers-a-versatile-multi-nozzle-diffuser-for-flexible-air-supply\/","og_locale":"az_AZ","og_type":"article","og_title":"CAP-CT Nozzle Diffuzorlar\u0131 \u00c7evik hava t\u0259chizat\u0131 \u00fc\u00e7\u00fcn \u00e7oxfunksiyal\u0131 \u00e7oxburunlu diffuzor - Climate Master","og_description":"\u00c7ox y\u00f6nl\u00fc istifad\u0259  \u018fla hava induksiyas\u0131  Sakit \u0259m\u0259liyyat  Kompakt dizayn        Size 100125160200250315    CAP-CT-100-SW#98641","og_url":"https:\/\/climatemaster.ge\/az\/product\/cap-ct-nozzle-diffusers-a-versatile-multi-nozzle-diffuser-for-flexible-air-supply\/","og_site_name":"Climate Master","article_modified_time":"2025-09-10T09:00:06+00:00","og_image":[{"width":384,"height":288,"url":"https:\/\/climatemaster.ge\/wp-content\/uploads\/2025\/09\/PRODUCT-MAIN-IMAGE_CAP-CT.jpg","type":"image\/jpeg"}],"twitter_card":"summary_large_image","schema":{"@context":"https:\/\/schema.org","@graph":[{"@type":"WebPage","@id":"https:\/\/climatemaster.ge\/az\/product\/cap-ct-nozzle-diffusers-a-versatile-multi-nozzle-diffuser-for-flexible-air-supply\/","url":"https:\/\/climatemaster.ge\/az\/product\/cap-ct-nozzle-diffusers-a-versatile-multi-nozzle-diffuser-for-flexible-air-supply\/","name":"CAP-CT Nozzle Diffuzorlar\u0131 \u00c7evik hava t\u0259chizat\u0131 \u00fc\u00e7\u00fcn \u00e7oxfunksiyal\u0131 \u00e7oxburunlu diffuzor - Climate Master","isPartOf":{"@id":"https:\/\/climatemaster.ge\/#website"},"primaryImageOfPage":{"@id":"https:\/\/climatemaster.ge\/az\/product\/cap-ct-nozzle-diffusers-a-versatile-multi-nozzle-diffuser-for-flexible-air-supply\/#primaryimage"},"image":{"@id":"https:\/\/climatemaster.ge\/az\/product\/cap-ct-nozzle-diffusers-a-versatile-multi-nozzle-diffuser-for-flexible-air-supply\/#primaryimage"},"thumbnailUrl":"https:\/\/climatemaster.ge\/wp-content\/uploads\/2025\/09\/PRODUCT-MAIN-IMAGE_CAP-CT.jpg","datePublished":"2025-09-10T08:56:24+00:00","dateModified":"2025-09-10T09:00:06+00:00","breadcrumb":{"@id":"https:\/\/climatemaster.ge\/az\/product\/cap-ct-nozzle-diffusers-a-versatile-multi-nozzle-diffuser-for-flexible-air-supply\/#breadcrumb"},"inLanguage":"az","potentialAction":[{"@type":"ReadAction","target":["https:\/\/climatemaster.ge\/az\/product\/cap-ct-nozzle-diffusers-a-versatile-multi-nozzle-diffuser-for-flexible-air-supply\/"]}]},{"@type":"ImageObject","inLanguage":"az","@id":"https:\/\/climatemaster.ge\/az\/product\/cap-ct-nozzle-diffusers-a-versatile-multi-nozzle-diffuser-for-flexible-air-supply\/#primaryimage","url":"https:\/\/climatemaster.ge\/wp-content\/uploads\/2025\/09\/PRODUCT-MAIN-IMAGE_CAP-CT.jpg","contentUrl":"https:\/\/climatemaster.ge\/wp-content\/uploads\/2025\/09\/PRODUCT-MAIN-IMAGE_CAP-CT.jpg","width":384,"height":288},{"@type":"BreadcrumbList","@id":"https:\/\/climatemaster.ge\/az\/product\/cap-ct-nozzle-diffusers-a-versatile-multi-nozzle-diffuser-for-flexible-air-supply\/#breadcrumb","itemListElement":[{"@type":"ListItem","position":1,"name":"Home","item":"https:\/\/climatemaster.ge\/"},{"@type":"ListItem","position":2,"name":"M\u0259hsullar","item":"https:\/\/climatemaster.ge\/products\/"},{"@type":"ListItem","position":3,"name":"CAP-CT Nozzle Diffuzorlar\u0131 \u00c7evik hava t\u0259chizat\u0131 \u00fc\u00e7\u00fcn \u00e7oxfunksiyal\u0131 \u00e7oxburunlu diffuzor"}]},{"@type":"WebSite","@id":"https:\/\/climatemaster.ge\/#website","url":"https:\/\/climatemaster.ge\/","name":"Climate Master","description":"","publisher":{"@id":"https:\/\/climatemaster.ge\/#organization"},"potentialAction":[{"@type":"SearchAction","target":{"@type":"EntryPoint","urlTemplate":"https:\/\/climatemaster.ge\/?s={search_term_string}"},"query-input":{"@type":"PropertyValueSpecification","valueRequired":true,"valueName":"search_term_string"}}],"inLanguage":"az"},{"@type":"Organization","@id":"https:\/\/climatemaster.ge\/#organization","name":"Climate Master","url":"https:\/\/climatemaster.ge\/","logo":{"@type":"ImageObject","inLanguage":"az","@id":"https:\/\/climatemaster.ge\/#\/schema\/logo\/image\/","url":"https:\/\/climatemaster.ge\/wp-content\/uploads\/2026\/03\/Untitled-2.png","contentUrl":"https:\/\/climatemaster.ge\/wp-content\/uploads\/2026\/03\/Untitled-2.png","width":600,"height":338,"caption":"Climate Master"},"image":{"@id":"https:\/\/climatemaster.ge\/#\/schema\/logo\/image\/"}}]}},"_links":{"self":[{"href":"https:\/\/climatemaster.ge\/az\/wp-json\/wp\/v2\/product\/39407","targetHints":{"allow":["GET"]}}],"collection":[{"href":"https:\/\/climatemaster.ge\/az\/wp-json\/wp\/v2\/product"}],"about":[{"href":"https:\/\/climatemaster.ge\/az\/wp-json\/wp\/v2\/types\/product"}],"wp:featuredmedia":[{"embeddable":true,"href":"https:\/\/climatemaster.ge\/az\/wp-json\/wp\/v2\/media\/39378"}],"wp:attachment":[{"href":"https:\/\/climatemaster.ge\/az\/wp-json\/wp\/v2\/media?parent=39407"}],"wp:term":[{"taxonomy":"product_brand","embeddable":true,"href":"https:\/\/climatemaster.ge\/az\/wp-json\/wp\/v2\/product_brand?post=39407"},{"taxonomy":"product_cat","embeddable":true,"href":"https:\/\/climatemaster.ge\/az\/wp-json\/wp\/v2\/product_cat?post=39407"},{"taxonomy":"product_tag","embeddable":true,"href":"https:\/\/climatemaster.ge\/az\/wp-json\/wp\/v2\/product_tag?post=39407"}],"curies":[{"name":"wp","href":"https:\/\/api.w.org\/{rel}","templated":true}]}}