{"id":39085,"date":"2025-09-09T21:22:24","date_gmt":"2025-09-09T17:22:24","guid":{"rendered":"https:\/\/airsystems.ge\/shop\/product\/tff-air-valves-circular-supply-diffuser-for-easy-ceiling-installation\/"},"modified":"2025-09-09T21:25:26","modified_gmt":"2025-09-09T17:25:26","slug":"tff-air-valves-circular-supply-diffuser-for-easy-ceiling-installation","status":"publish","type":"product","link":"https:\/\/climatemaster.ge\/az\/product\/tff-air-valves-circular-supply-diffuser-for-easy-ceiling-installation\/","title":{"rendered":"TFF hava klapanlar\u0131 Asan tavan qura\u015fd\u0131r\u0131lmas\u0131 \u00fc\u00e7\u00fcn dair\u0259vi t\u0259chizat\u0131 diffuzoru"},"content":{"rendered":"","protected":false},"excerpt":{"rendered":"<div class=\"row\">\n<div class=\"col-12 text-style-body-small\">\n<div class=\"richtext-wrap reset-margin-last\">\n<p>Hava ax\u0131n\u0131n\u0131n d\u0259qiq t\u0259nziml\u0259nm\u0259si<\/p>\n<p>Asan Qura\u015fd\u0131rma<\/p>\n<p>Narahat olmayan estetik forma<\/p>\n<p>T\u0259nziml\u0259n\u0259n havaland\u0131rma<\/p>\n<\/div>\n<\/div>\n<\/div>\n<div class=\"flex flex-col gap-200\">\n<div class=\"flex flex-col flex-wrap gap-100 md:flex-row md:items-center gtm-purchase-option\" data-gtm-name=\"size\" data-gtm-label=\"Size\">\n<p><label class=\"flex gap-050 md:w-700 leading-none hyphens-auto print:w-full print:max-w-2\/5 text-label-small\">Size<\/label><\/p>\n<div class=\"flex flex-1 flex-wrap gap-050\"><button class=\"select-btn select-btn-small select-btn-selected gtm-purchase-option-value\" type=\"button\" data-gtm-name=\"80\" data-gtm-label=\"80\">80<\/button><button class=\"select-btn select-btn-small select-btn-default gtm-purchase-option-value\" type=\"button\" data-gtm-name=\"100\" data-gtm-label=\"100\">100<\/button><button class=\"select-btn select-btn-small select-btn-default gtm-purchase-option-value\" type=\"button\" data-gtm-name=\"125\" data-gtm-label=\"125\">125<\/button><button class=\"select-btn select-btn-small select-btn-default gtm-purchase-option-value\" type=\"button\" data-gtm-name=\"150\" data-gtm-label=\"150\">150<\/button><button class=\"select-btn select-btn-small select-btn-default gtm-purchase-option-value\" type=\"button\" data-gtm-name=\"160\" data-gtm-label=\"160\">160<\/button><button class=\"select-btn select-btn-small select-btn-default gtm-purchase-option-value\" type=\"button\" data-gtm-name=\"200\" data-gtm-label=\"200\">200<\/button><\/div>\n<\/div>\n<\/div>\n<div class=\"gtm-sku-info flex flex-col gap-y-050 text-label-tiny text-neutral-600\">\n<div class=\"flex flex-wrap items-baseline gap-x-100 gap-y-025\"><span class=\"gtm-article-name\">TFF-080-SW<\/span><span class=\"whitespace-nowrap gtm-article-number text-base font-bold\">#161779<\/span><\/div>\n<\/div>\n","protected":false},"featured_media":39062,"template":"","meta":[],"product_brand":[],"product_cat":[1896,1920,1843],"product_tag":[],"class_list":{"0":"post-39085","1":"product","2":"type-product","3":"status-publish","4":"has-post-thumbnail","6":"product_cat-diffuzor-havalandirma-ucun-diffuzorlar","7":"product_cat-hava-klapanlari","8":"product_cat-hava-paylayici-mhsullar","10":"first","11":"instock","12":"shipping-taxable","13":"product-type-simple"},"yoast_head":"<!-- This site is optimized with the Yoast SEO plugin v27.1.1 - https:\/\/yoast.com\/product\/yoast-seo-wordpress\/ -->\n<title>TFF hava klapanlar\u0131 Asan tavan qura\u015fd\u0131r\u0131lmas\u0131 \u00fc\u00e7\u00fcn dair\u0259vi t\u0259chizat\u0131 diffuzoru - Climate Master<\/title>\n<meta name=\"robots\" content=\"index, follow, max-snippet:-1, max-image-preview:large, max-video-preview:-1\" \/>\n<link rel=\"canonical\" href=\"https:\/\/climatemaster.ge\/az\/product\/tff-air-valves-circular-supply-diffuser-for-easy-ceiling-installation\/\" \/>\n<meta property=\"og:locale\" content=\"az_AZ\" \/>\n<meta property=\"og:type\" content=\"article\" \/>\n<meta property=\"og:title\" content=\"TFF hava klapanlar\u0131 Asan tavan qura\u015fd\u0131r\u0131lmas\u0131 \u00fc\u00e7\u00fcn dair\u0259vi t\u0259chizat\u0131 diffuzoru - Climate Master\" \/>\n<meta property=\"og:description\" content=\"Hava ax\u0131n\u0131n\u0131n d\u0259qiq t\u0259nziml\u0259nm\u0259si  Asan Qura\u015fd\u0131rma  Narahat olmayan estetik forma  T\u0259nziml\u0259n\u0259n havaland\u0131rma        Size 80100125150160200    TFF-080-SW#161779\" \/>\n<meta property=\"og:url\" content=\"https:\/\/climatemaster.ge\/az\/product\/tff-air-valves-circular-supply-diffuser-for-easy-ceiling-installation\/\" \/>\n<meta property=\"og:site_name\" content=\"Climate Master\" \/>\n<meta property=\"article:modified_time\" content=\"2025-09-09T17:25:26+00:00\" \/>\n<meta property=\"og:image\" content=\"https:\/\/climatemaster.ge\/wp-content\/uploads\/2025\/09\/PRODUCT-MAIN-IMAGE_TFF.jpg\" \/>\n\t<meta property=\"og:image:width\" content=\"384\" \/>\n\t<meta property=\"og:image:height\" content=\"288\" \/>\n\t<meta property=\"og:image:type\" content=\"image\/jpeg\" \/>\n<meta name=\"twitter:card\" content=\"summary_large_image\" \/>\n<script type=\"application\/ld+json\" class=\"yoast-schema-graph\">{\"@context\":\"https:\/\/schema.org\",\"@graph\":[{\"@type\":\"WebPage\",\"@id\":\"https:\/\/climatemaster.ge\/az\/product\/tff-air-valves-circular-supply-diffuser-for-easy-ceiling-installation\/\",\"url\":\"https:\/\/climatemaster.ge\/az\/product\/tff-air-valves-circular-supply-diffuser-for-easy-ceiling-installation\/\",\"name\":\"TFF hava klapanlar\u0131 Asan tavan qura\u015fd\u0131r\u0131lmas\u0131 \u00fc\u00e7\u00fcn dair\u0259vi t\u0259chizat\u0131 diffuzoru - Climate Master\",\"isPartOf\":{\"@id\":\"https:\/\/climatemaster.ge\/#website\"},\"primaryImageOfPage\":{\"@id\":\"https:\/\/climatemaster.ge\/az\/product\/tff-air-valves-circular-supply-diffuser-for-easy-ceiling-installation\/#primaryimage\"},\"image\":{\"@id\":\"https:\/\/climatemaster.ge\/az\/product\/tff-air-valves-circular-supply-diffuser-for-easy-ceiling-installation\/#primaryimage\"},\"thumbnailUrl\":\"https:\/\/climatemaster.ge\/wp-content\/uploads\/2025\/09\/PRODUCT-MAIN-IMAGE_TFF.jpg\",\"datePublished\":\"2025-09-09T17:22:24+00:00\",\"dateModified\":\"2025-09-09T17:25:26+00:00\",\"breadcrumb\":{\"@id\":\"https:\/\/climatemaster.ge\/az\/product\/tff-air-valves-circular-supply-diffuser-for-easy-ceiling-installation\/#breadcrumb\"},\"inLanguage\":\"az\",\"potentialAction\":[{\"@type\":\"ReadAction\",\"target\":[\"https:\/\/climatemaster.ge\/az\/product\/tff-air-valves-circular-supply-diffuser-for-easy-ceiling-installation\/\"]}]},{\"@type\":\"ImageObject\",\"inLanguage\":\"az\",\"@id\":\"https:\/\/climatemaster.ge\/az\/product\/tff-air-valves-circular-supply-diffuser-for-easy-ceiling-installation\/#primaryimage\",\"url\":\"https:\/\/climatemaster.ge\/wp-content\/uploads\/2025\/09\/PRODUCT-MAIN-IMAGE_TFF.jpg\",\"contentUrl\":\"https:\/\/climatemaster.ge\/wp-content\/uploads\/2025\/09\/PRODUCT-MAIN-IMAGE_TFF.jpg\",\"width\":384,\"height\":288},{\"@type\":\"BreadcrumbList\",\"@id\":\"https:\/\/climatemaster.ge\/az\/product\/tff-air-valves-circular-supply-diffuser-for-easy-ceiling-installation\/#breadcrumb\",\"itemListElement\":[{\"@type\":\"ListItem\",\"position\":1,\"name\":\"Home\",\"item\":\"https:\/\/climatemaster.ge\/\"},{\"@type\":\"ListItem\",\"position\":2,\"name\":\"M\u0259hsullar\",\"item\":\"https:\/\/climatemaster.ge\/products\/\"},{\"@type\":\"ListItem\",\"position\":3,\"name\":\"TFF hava klapanlar\u0131 Asan tavan qura\u015fd\u0131r\u0131lmas\u0131 \u00fc\u00e7\u00fcn dair\u0259vi t\u0259chizat\u0131 diffuzoru\"}]},{\"@type\":\"WebSite\",\"@id\":\"https:\/\/climatemaster.ge\/#website\",\"url\":\"https:\/\/climatemaster.ge\/\",\"name\":\"Climate Master\",\"description\":\"\",\"publisher\":{\"@id\":\"https:\/\/climatemaster.ge\/#organization\"},\"potentialAction\":[{\"@type\":\"SearchAction\",\"target\":{\"@type\":\"EntryPoint\",\"urlTemplate\":\"https:\/\/climatemaster.ge\/?s={search_term_string}\"},\"query-input\":{\"@type\":\"PropertyValueSpecification\",\"valueRequired\":true,\"valueName\":\"search_term_string\"}}],\"inLanguage\":\"az\"},{\"@type\":\"Organization\",\"@id\":\"https:\/\/climatemaster.ge\/#organization\",\"name\":\"Climate Master\",\"url\":\"https:\/\/climatemaster.ge\/\",\"logo\":{\"@type\":\"ImageObject\",\"inLanguage\":\"az\",\"@id\":\"https:\/\/climatemaster.ge\/#\/schema\/logo\/image\/\",\"url\":\"https:\/\/climatemaster.ge\/wp-content\/uploads\/2026\/03\/Untitled-2.png\",\"contentUrl\":\"https:\/\/climatemaster.ge\/wp-content\/uploads\/2026\/03\/Untitled-2.png\",\"width\":600,\"height\":338,\"caption\":\"Climate Master\"},\"image\":{\"@id\":\"https:\/\/climatemaster.ge\/#\/schema\/logo\/image\/\"}}]}<\/script>\n<!-- \/ Yoast SEO plugin. -->","yoast_head_json":{"title":"TFF hava klapanlar\u0131 Asan tavan qura\u015fd\u0131r\u0131lmas\u0131 \u00fc\u00e7\u00fcn dair\u0259vi t\u0259chizat\u0131 diffuzoru - Climate Master","robots":{"index":"index","follow":"follow","max-snippet":"max-snippet:-1","max-image-preview":"max-image-preview:large","max-video-preview":"max-video-preview:-1"},"canonical":"https:\/\/climatemaster.ge\/az\/product\/tff-air-valves-circular-supply-diffuser-for-easy-ceiling-installation\/","og_locale":"az_AZ","og_type":"article","og_title":"TFF hava klapanlar\u0131 Asan tavan qura\u015fd\u0131r\u0131lmas\u0131 \u00fc\u00e7\u00fcn dair\u0259vi t\u0259chizat\u0131 diffuzoru - Climate Master","og_description":"Hava ax\u0131n\u0131n\u0131n d\u0259qiq t\u0259nziml\u0259nm\u0259si  Asan Qura\u015fd\u0131rma  Narahat olmayan estetik forma  T\u0259nziml\u0259n\u0259n havaland\u0131rma        Size 80100125150160200    TFF-080-SW#161779","og_url":"https:\/\/climatemaster.ge\/az\/product\/tff-air-valves-circular-supply-diffuser-for-easy-ceiling-installation\/","og_site_name":"Climate Master","article_modified_time":"2025-09-09T17:25:26+00:00","og_image":[{"width":384,"height":288,"url":"https:\/\/climatemaster.ge\/wp-content\/uploads\/2025\/09\/PRODUCT-MAIN-IMAGE_TFF.jpg","type":"image\/jpeg"}],"twitter_card":"summary_large_image","schema":{"@context":"https:\/\/schema.org","@graph":[{"@type":"WebPage","@id":"https:\/\/climatemaster.ge\/az\/product\/tff-air-valves-circular-supply-diffuser-for-easy-ceiling-installation\/","url":"https:\/\/climatemaster.ge\/az\/product\/tff-air-valves-circular-supply-diffuser-for-easy-ceiling-installation\/","name":"TFF hava klapanlar\u0131 Asan tavan qura\u015fd\u0131r\u0131lmas\u0131 \u00fc\u00e7\u00fcn dair\u0259vi t\u0259chizat\u0131 diffuzoru - Climate Master","isPartOf":{"@id":"https:\/\/climatemaster.ge\/#website"},"primaryImageOfPage":{"@id":"https:\/\/climatemaster.ge\/az\/product\/tff-air-valves-circular-supply-diffuser-for-easy-ceiling-installation\/#primaryimage"},"image":{"@id":"https:\/\/climatemaster.ge\/az\/product\/tff-air-valves-circular-supply-diffuser-for-easy-ceiling-installation\/#primaryimage"},"thumbnailUrl":"https:\/\/climatemaster.ge\/wp-content\/uploads\/2025\/09\/PRODUCT-MAIN-IMAGE_TFF.jpg","datePublished":"2025-09-09T17:22:24+00:00","dateModified":"2025-09-09T17:25:26+00:00","breadcrumb":{"@id":"https:\/\/climatemaster.ge\/az\/product\/tff-air-valves-circular-supply-diffuser-for-easy-ceiling-installation\/#breadcrumb"},"inLanguage":"az","potentialAction":[{"@type":"ReadAction","target":["https:\/\/climatemaster.ge\/az\/product\/tff-air-valves-circular-supply-diffuser-for-easy-ceiling-installation\/"]}]},{"@type":"ImageObject","inLanguage":"az","@id":"https:\/\/climatemaster.ge\/az\/product\/tff-air-valves-circular-supply-diffuser-for-easy-ceiling-installation\/#primaryimage","url":"https:\/\/climatemaster.ge\/wp-content\/uploads\/2025\/09\/PRODUCT-MAIN-IMAGE_TFF.jpg","contentUrl":"https:\/\/climatemaster.ge\/wp-content\/uploads\/2025\/09\/PRODUCT-MAIN-IMAGE_TFF.jpg","width":384,"height":288},{"@type":"BreadcrumbList","@id":"https:\/\/climatemaster.ge\/az\/product\/tff-air-valves-circular-supply-diffuser-for-easy-ceiling-installation\/#breadcrumb","itemListElement":[{"@type":"ListItem","position":1,"name":"Home","item":"https:\/\/climatemaster.ge\/"},{"@type":"ListItem","position":2,"name":"M\u0259hsullar","item":"https:\/\/climatemaster.ge\/products\/"},{"@type":"ListItem","position":3,"name":"TFF hava klapanlar\u0131 Asan tavan qura\u015fd\u0131r\u0131lmas\u0131 \u00fc\u00e7\u00fcn dair\u0259vi t\u0259chizat\u0131 diffuzoru"}]},{"@type":"WebSite","@id":"https:\/\/climatemaster.ge\/#website","url":"https:\/\/climatemaster.ge\/","name":"Climate Master","description":"","publisher":{"@id":"https:\/\/climatemaster.ge\/#organization"},"potentialAction":[{"@type":"SearchAction","target":{"@type":"EntryPoint","urlTemplate":"https:\/\/climatemaster.ge\/?s={search_term_string}"},"query-input":{"@type":"PropertyValueSpecification","valueRequired":true,"valueName":"search_term_string"}}],"inLanguage":"az"},{"@type":"Organization","@id":"https:\/\/climatemaster.ge\/#organization","name":"Climate Master","url":"https:\/\/climatemaster.ge\/","logo":{"@type":"ImageObject","inLanguage":"az","@id":"https:\/\/climatemaster.ge\/#\/schema\/logo\/image\/","url":"https:\/\/climatemaster.ge\/wp-content\/uploads\/2026\/03\/Untitled-2.png","contentUrl":"https:\/\/climatemaster.ge\/wp-content\/uploads\/2026\/03\/Untitled-2.png","width":600,"height":338,"caption":"Climate Master"},"image":{"@id":"https:\/\/climatemaster.ge\/#\/schema\/logo\/image\/"}}]}},"_links":{"self":[{"href":"https:\/\/climatemaster.ge\/az\/wp-json\/wp\/v2\/product\/39085","targetHints":{"allow":["GET"]}}],"collection":[{"href":"https:\/\/climatemaster.ge\/az\/wp-json\/wp\/v2\/product"}],"about":[{"href":"https:\/\/climatemaster.ge\/az\/wp-json\/wp\/v2\/types\/product"}],"wp:featuredmedia":[{"embeddable":true,"href":"https:\/\/climatemaster.ge\/az\/wp-json\/wp\/v2\/media\/39062"}],"wp:attachment":[{"href":"https:\/\/climatemaster.ge\/az\/wp-json\/wp\/v2\/media?parent=39085"}],"wp:term":[{"taxonomy":"product_brand","embeddable":true,"href":"https:\/\/climatemaster.ge\/az\/wp-json\/wp\/v2\/product_brand?post=39085"},{"taxonomy":"product_cat","embeddable":true,"href":"https:\/\/climatemaster.ge\/az\/wp-json\/wp\/v2\/product_cat?post=39085"},{"taxonomy":"product_tag","embeddable":true,"href":"https:\/\/climatemaster.ge\/az\/wp-json\/wp\/v2\/product_tag?post=39085"}],"curies":[{"name":"wp","href":"https:\/\/api.w.org\/{rel}","templated":true}]}}