{"id":38869,"date":"2025-09-09T20:00:44","date_gmt":"2025-09-09T16:00:44","guid":{"rendered":"https:\/\/airsystems.ge\/shop\/product\/tsf-basic-diffusers-square-extract-diffuser-suitable-for-ceiling-assembly-in-a-range-of-settings\/"},"modified":"2025-09-09T20:07:00","modified_gmt":"2025-09-09T16:07:00","slug":"tsf-basic-diffusers-square-extract-diffuser-suitable-for-ceiling-assembly-in-a-range-of-settings","status":"publish","type":"product","link":"https:\/\/climatemaster.ge\/az\/product\/tsf-basic-diffusers-square-extract-diffuser-suitable-for-ceiling-assembly-in-a-range-of-settings\/","title":{"rendered":"TSF \u018fsas Diffuzorlar\u0131 Kvadrat ekstraktl\u0131 diffuzor bir s\u0131ra parametrl\u0259rd\u0259 tavan montaj\u0131 \u00fc\u00e7\u00fcn uy\u011fundur"},"content":{"rendered":"","protected":false},"excerpt":{"rendered":"<div class=\"row\">\n<div class=\"col-12 text-style-body-small\">\n<div class=\"richtext-wrap reset-margin-last\">\n<p>Havan\u0131n \u00e7\u0131xar\u0131lmas\u0131 v\u0259 t\u0259chizat\u0131<\/p>\n<p>Polad istehsal\u0131<\/p>\n<p>Asanl\u0131qla \u00e7\u0131xar\u0131la bil\u0259n<\/p>\n<p>\u00c7ox y\u00f6nl\u00fc istifad\u0259<\/p>\n<\/div>\n<\/div>\n<\/div>\n<div class=\"flex flex-col gap-200\">\n<div class=\"flex flex-col flex-wrap gap-100 md:flex-row md:items-center gtm-purchase-option\" data-gtm-name=\"size\" data-gtm-label=\"Size\">\n<p><label class=\"flex gap-050 md:w-700 leading-none hyphens-auto print:w-full print:max-w-2\/5 text-label-small\">Size<\/label><\/p>\n<div class=\"flex flex-1 flex-wrap gap-050\"><button class=\"select-btn select-btn-small select-btn-selected gtm-purchase-option-value\" type=\"button\" data-gtm-name=\"100\" data-gtm-label=\"100\">100<\/button><button class=\"select-btn select-btn-small select-btn-default gtm-purchase-option-value\" type=\"button\" data-gtm-name=\"125\" data-gtm-label=\"125\">125<\/button><button class=\"select-btn select-btn-small select-btn-default gtm-purchase-option-value\" type=\"button\" data-gtm-name=\"160\" data-gtm-label=\"160\">160<\/button><button class=\"select-btn select-btn-small select-btn-default gtm-purchase-option-value\" type=\"button\" data-gtm-name=\"200\" data-gtm-label=\"200\">200<\/button><button class=\"select-btn select-btn-small select-btn-default gtm-purchase-option-value\" type=\"button\" data-gtm-name=\"250\" data-gtm-label=\"250\">250<\/button><button class=\"select-btn select-btn-small select-btn-default gtm-purchase-option-value\" type=\"button\" data-gtm-name=\"315\" data-gtm-label=\"315\">315<\/button><button class=\"select-btn select-btn-small select-btn-default gtm-purchase-option-value\" type=\"button\" data-gtm-name=\"400\" data-gtm-label=\"400\">400<\/button><\/div>\n<\/div>\n<\/div>\n<div class=\"gtm-sku-info flex flex-col gap-y-050 text-label-tiny text-neutral-600\">\n<div class=\"flex flex-wrap items-baseline gap-x-100 gap-y-025\"><span class=\"gtm-article-name\">TSF-100-SW<\/span><span class=\"whitespace-nowrap gtm-article-number text-base font-bold\">#217853<\/span><\/div>\n<\/div>\n","protected":false},"featured_media":38846,"template":"","meta":[],"product_brand":[],"product_cat":[1896,1902,1843],"product_tag":[],"class_list":{"0":"post-38869","1":"product","2":"type-product","3":"status-publish","4":"has-post-thumbnail","6":"product_cat-diffuzor-havalandirma-ucun-diffuzorlar","7":"product_cat-esas-diffuzorlar","8":"product_cat-hava-paylayici-mhsullar","10":"first","11":"instock","12":"shipping-taxable","13":"product-type-simple"},"yoast_head":"<!-- This site is optimized with the Yoast SEO plugin v27.1.1 - https:\/\/yoast.com\/product\/yoast-seo-wordpress\/ -->\n<title>TSF \u018fsas Diffuzorlar\u0131 Kvadrat ekstraktl\u0131 diffuzor bir s\u0131ra parametrl\u0259rd\u0259 tavan montaj\u0131 \u00fc\u00e7\u00fcn uy\u011fundur - Climate Master<\/title>\n<meta name=\"robots\" content=\"index, follow, max-snippet:-1, max-image-preview:large, max-video-preview:-1\" \/>\n<link rel=\"canonical\" href=\"https:\/\/climatemaster.ge\/az\/product\/tsf-basic-diffusers-square-extract-diffuser-suitable-for-ceiling-assembly-in-a-range-of-settings\/\" \/>\n<meta property=\"og:locale\" content=\"az_AZ\" \/>\n<meta property=\"og:type\" content=\"article\" \/>\n<meta property=\"og:title\" content=\"TSF \u018fsas Diffuzorlar\u0131 Kvadrat ekstraktl\u0131 diffuzor bir s\u0131ra parametrl\u0259rd\u0259 tavan montaj\u0131 \u00fc\u00e7\u00fcn uy\u011fundur - Climate Master\" \/>\n<meta property=\"og:description\" content=\"Havan\u0131n \u00e7\u0131xar\u0131lmas\u0131 v\u0259 t\u0259chizat\u0131  Polad istehsal\u0131  Asanl\u0131qla \u00e7\u0131xar\u0131la bil\u0259n  \u00c7ox y\u00f6nl\u00fc istifad\u0259        Size 100125160200250315400    TSF-100-SW#217853\" \/>\n<meta property=\"og:url\" content=\"https:\/\/climatemaster.ge\/az\/product\/tsf-basic-diffusers-square-extract-diffuser-suitable-for-ceiling-assembly-in-a-range-of-settings\/\" \/>\n<meta property=\"og:site_name\" content=\"Climate Master\" \/>\n<meta property=\"article:modified_time\" content=\"2025-09-09T16:07:00+00:00\" \/>\n<meta property=\"og:image\" content=\"https:\/\/climatemaster.ge\/wp-content\/uploads\/2025\/09\/PRODUCT-MAIN-IMAGE_TSF-1.jpg\" \/>\n\t<meta property=\"og:image:width\" content=\"384\" \/>\n\t<meta property=\"og:image:height\" content=\"288\" \/>\n\t<meta property=\"og:image:type\" content=\"image\/jpeg\" \/>\n<meta name=\"twitter:card\" content=\"summary_large_image\" \/>\n<script type=\"application\/ld+json\" class=\"yoast-schema-graph\">{\"@context\":\"https:\/\/schema.org\",\"@graph\":[{\"@type\":\"WebPage\",\"@id\":\"https:\/\/climatemaster.ge\/az\/product\/tsf-basic-diffusers-square-extract-diffuser-suitable-for-ceiling-assembly-in-a-range-of-settings\/\",\"url\":\"https:\/\/climatemaster.ge\/az\/product\/tsf-basic-diffusers-square-extract-diffuser-suitable-for-ceiling-assembly-in-a-range-of-settings\/\",\"name\":\"TSF \u018fsas Diffuzorlar\u0131 Kvadrat ekstraktl\u0131 diffuzor bir s\u0131ra parametrl\u0259rd\u0259 tavan montaj\u0131 \u00fc\u00e7\u00fcn uy\u011fundur - Climate Master\",\"isPartOf\":{\"@id\":\"https:\/\/climatemaster.ge\/#website\"},\"primaryImageOfPage\":{\"@id\":\"https:\/\/climatemaster.ge\/az\/product\/tsf-basic-diffusers-square-extract-diffuser-suitable-for-ceiling-assembly-in-a-range-of-settings\/#primaryimage\"},\"image\":{\"@id\":\"https:\/\/climatemaster.ge\/az\/product\/tsf-basic-diffusers-square-extract-diffuser-suitable-for-ceiling-assembly-in-a-range-of-settings\/#primaryimage\"},\"thumbnailUrl\":\"https:\/\/climatemaster.ge\/wp-content\/uploads\/2025\/09\/PRODUCT-MAIN-IMAGE_TSF-1.jpg\",\"datePublished\":\"2025-09-09T16:00:44+00:00\",\"dateModified\":\"2025-09-09T16:07:00+00:00\",\"breadcrumb\":{\"@id\":\"https:\/\/climatemaster.ge\/az\/product\/tsf-basic-diffusers-square-extract-diffuser-suitable-for-ceiling-assembly-in-a-range-of-settings\/#breadcrumb\"},\"inLanguage\":\"az\",\"potentialAction\":[{\"@type\":\"ReadAction\",\"target\":[\"https:\/\/climatemaster.ge\/az\/product\/tsf-basic-diffusers-square-extract-diffuser-suitable-for-ceiling-assembly-in-a-range-of-settings\/\"]}]},{\"@type\":\"ImageObject\",\"inLanguage\":\"az\",\"@id\":\"https:\/\/climatemaster.ge\/az\/product\/tsf-basic-diffusers-square-extract-diffuser-suitable-for-ceiling-assembly-in-a-range-of-settings\/#primaryimage\",\"url\":\"https:\/\/climatemaster.ge\/wp-content\/uploads\/2025\/09\/PRODUCT-MAIN-IMAGE_TSF-1.jpg\",\"contentUrl\":\"https:\/\/climatemaster.ge\/wp-content\/uploads\/2025\/09\/PRODUCT-MAIN-IMAGE_TSF-1.jpg\",\"width\":384,\"height\":288},{\"@type\":\"BreadcrumbList\",\"@id\":\"https:\/\/climatemaster.ge\/az\/product\/tsf-basic-diffusers-square-extract-diffuser-suitable-for-ceiling-assembly-in-a-range-of-settings\/#breadcrumb\",\"itemListElement\":[{\"@type\":\"ListItem\",\"position\":1,\"name\":\"Home\",\"item\":\"https:\/\/climatemaster.ge\/\"},{\"@type\":\"ListItem\",\"position\":2,\"name\":\"M\u0259hsullar\",\"item\":\"https:\/\/climatemaster.ge\/products\/\"},{\"@type\":\"ListItem\",\"position\":3,\"name\":\"TSF \u018fsas Diffuzorlar\u0131 Kvadrat ekstraktl\u0131 diffuzor bir s\u0131ra parametrl\u0259rd\u0259 tavan montaj\u0131 \u00fc\u00e7\u00fcn uy\u011fundur\"}]},{\"@type\":\"WebSite\",\"@id\":\"https:\/\/climatemaster.ge\/#website\",\"url\":\"https:\/\/climatemaster.ge\/\",\"name\":\"Climate Master\",\"description\":\"\",\"publisher\":{\"@id\":\"https:\/\/climatemaster.ge\/#organization\"},\"potentialAction\":[{\"@type\":\"SearchAction\",\"target\":{\"@type\":\"EntryPoint\",\"urlTemplate\":\"https:\/\/climatemaster.ge\/?s={search_term_string}\"},\"query-input\":{\"@type\":\"PropertyValueSpecification\",\"valueRequired\":true,\"valueName\":\"search_term_string\"}}],\"inLanguage\":\"az\"},{\"@type\":\"Organization\",\"@id\":\"https:\/\/climatemaster.ge\/#organization\",\"name\":\"Climate Master\",\"url\":\"https:\/\/climatemaster.ge\/\",\"logo\":{\"@type\":\"ImageObject\",\"inLanguage\":\"az\",\"@id\":\"https:\/\/climatemaster.ge\/#\/schema\/logo\/image\/\",\"url\":\"https:\/\/climatemaster.ge\/wp-content\/uploads\/2026\/03\/Untitled-2.png\",\"contentUrl\":\"https:\/\/climatemaster.ge\/wp-content\/uploads\/2026\/03\/Untitled-2.png\",\"width\":600,\"height\":338,\"caption\":\"Climate Master\"},\"image\":{\"@id\":\"https:\/\/climatemaster.ge\/#\/schema\/logo\/image\/\"}}]}<\/script>\n<!-- \/ Yoast SEO plugin. -->","yoast_head_json":{"title":"TSF \u018fsas Diffuzorlar\u0131 Kvadrat ekstraktl\u0131 diffuzor bir s\u0131ra parametrl\u0259rd\u0259 tavan montaj\u0131 \u00fc\u00e7\u00fcn uy\u011fundur - Climate Master","robots":{"index":"index","follow":"follow","max-snippet":"max-snippet:-1","max-image-preview":"max-image-preview:large","max-video-preview":"max-video-preview:-1"},"canonical":"https:\/\/climatemaster.ge\/az\/product\/tsf-basic-diffusers-square-extract-diffuser-suitable-for-ceiling-assembly-in-a-range-of-settings\/","og_locale":"az_AZ","og_type":"article","og_title":"TSF \u018fsas Diffuzorlar\u0131 Kvadrat ekstraktl\u0131 diffuzor bir s\u0131ra parametrl\u0259rd\u0259 tavan montaj\u0131 \u00fc\u00e7\u00fcn uy\u011fundur - Climate Master","og_description":"Havan\u0131n \u00e7\u0131xar\u0131lmas\u0131 v\u0259 t\u0259chizat\u0131  Polad istehsal\u0131  Asanl\u0131qla \u00e7\u0131xar\u0131la bil\u0259n  \u00c7ox y\u00f6nl\u00fc istifad\u0259        Size 100125160200250315400    TSF-100-SW#217853","og_url":"https:\/\/climatemaster.ge\/az\/product\/tsf-basic-diffusers-square-extract-diffuser-suitable-for-ceiling-assembly-in-a-range-of-settings\/","og_site_name":"Climate Master","article_modified_time":"2025-09-09T16:07:00+00:00","og_image":[{"width":384,"height":288,"url":"https:\/\/climatemaster.ge\/wp-content\/uploads\/2025\/09\/PRODUCT-MAIN-IMAGE_TSF-1.jpg","type":"image\/jpeg"}],"twitter_card":"summary_large_image","schema":{"@context":"https:\/\/schema.org","@graph":[{"@type":"WebPage","@id":"https:\/\/climatemaster.ge\/az\/product\/tsf-basic-diffusers-square-extract-diffuser-suitable-for-ceiling-assembly-in-a-range-of-settings\/","url":"https:\/\/climatemaster.ge\/az\/product\/tsf-basic-diffusers-square-extract-diffuser-suitable-for-ceiling-assembly-in-a-range-of-settings\/","name":"TSF \u018fsas Diffuzorlar\u0131 Kvadrat ekstraktl\u0131 diffuzor bir s\u0131ra parametrl\u0259rd\u0259 tavan montaj\u0131 \u00fc\u00e7\u00fcn uy\u011fundur - Climate Master","isPartOf":{"@id":"https:\/\/climatemaster.ge\/#website"},"primaryImageOfPage":{"@id":"https:\/\/climatemaster.ge\/az\/product\/tsf-basic-diffusers-square-extract-diffuser-suitable-for-ceiling-assembly-in-a-range-of-settings\/#primaryimage"},"image":{"@id":"https:\/\/climatemaster.ge\/az\/product\/tsf-basic-diffusers-square-extract-diffuser-suitable-for-ceiling-assembly-in-a-range-of-settings\/#primaryimage"},"thumbnailUrl":"https:\/\/climatemaster.ge\/wp-content\/uploads\/2025\/09\/PRODUCT-MAIN-IMAGE_TSF-1.jpg","datePublished":"2025-09-09T16:00:44+00:00","dateModified":"2025-09-09T16:07:00+00:00","breadcrumb":{"@id":"https:\/\/climatemaster.ge\/az\/product\/tsf-basic-diffusers-square-extract-diffuser-suitable-for-ceiling-assembly-in-a-range-of-settings\/#breadcrumb"},"inLanguage":"az","potentialAction":[{"@type":"ReadAction","target":["https:\/\/climatemaster.ge\/az\/product\/tsf-basic-diffusers-square-extract-diffuser-suitable-for-ceiling-assembly-in-a-range-of-settings\/"]}]},{"@type":"ImageObject","inLanguage":"az","@id":"https:\/\/climatemaster.ge\/az\/product\/tsf-basic-diffusers-square-extract-diffuser-suitable-for-ceiling-assembly-in-a-range-of-settings\/#primaryimage","url":"https:\/\/climatemaster.ge\/wp-content\/uploads\/2025\/09\/PRODUCT-MAIN-IMAGE_TSF-1.jpg","contentUrl":"https:\/\/climatemaster.ge\/wp-content\/uploads\/2025\/09\/PRODUCT-MAIN-IMAGE_TSF-1.jpg","width":384,"height":288},{"@type":"BreadcrumbList","@id":"https:\/\/climatemaster.ge\/az\/product\/tsf-basic-diffusers-square-extract-diffuser-suitable-for-ceiling-assembly-in-a-range-of-settings\/#breadcrumb","itemListElement":[{"@type":"ListItem","position":1,"name":"Home","item":"https:\/\/climatemaster.ge\/"},{"@type":"ListItem","position":2,"name":"M\u0259hsullar","item":"https:\/\/climatemaster.ge\/products\/"},{"@type":"ListItem","position":3,"name":"TSF \u018fsas Diffuzorlar\u0131 Kvadrat ekstraktl\u0131 diffuzor bir s\u0131ra parametrl\u0259rd\u0259 tavan montaj\u0131 \u00fc\u00e7\u00fcn uy\u011fundur"}]},{"@type":"WebSite","@id":"https:\/\/climatemaster.ge\/#website","url":"https:\/\/climatemaster.ge\/","name":"Climate Master","description":"","publisher":{"@id":"https:\/\/climatemaster.ge\/#organization"},"potentialAction":[{"@type":"SearchAction","target":{"@type":"EntryPoint","urlTemplate":"https:\/\/climatemaster.ge\/?s={search_term_string}"},"query-input":{"@type":"PropertyValueSpecification","valueRequired":true,"valueName":"search_term_string"}}],"inLanguage":"az"},{"@type":"Organization","@id":"https:\/\/climatemaster.ge\/#organization","name":"Climate Master","url":"https:\/\/climatemaster.ge\/","logo":{"@type":"ImageObject","inLanguage":"az","@id":"https:\/\/climatemaster.ge\/#\/schema\/logo\/image\/","url":"https:\/\/climatemaster.ge\/wp-content\/uploads\/2026\/03\/Untitled-2.png","contentUrl":"https:\/\/climatemaster.ge\/wp-content\/uploads\/2026\/03\/Untitled-2.png","width":600,"height":338,"caption":"Climate Master"},"image":{"@id":"https:\/\/climatemaster.ge\/#\/schema\/logo\/image\/"}}]}},"_links":{"self":[{"href":"https:\/\/climatemaster.ge\/az\/wp-json\/wp\/v2\/product\/38869","targetHints":{"allow":["GET"]}}],"collection":[{"href":"https:\/\/climatemaster.ge\/az\/wp-json\/wp\/v2\/product"}],"about":[{"href":"https:\/\/climatemaster.ge\/az\/wp-json\/wp\/v2\/types\/product"}],"wp:featuredmedia":[{"embeddable":true,"href":"https:\/\/climatemaster.ge\/az\/wp-json\/wp\/v2\/media\/38846"}],"wp:attachment":[{"href":"https:\/\/climatemaster.ge\/az\/wp-json\/wp\/v2\/media?parent=38869"}],"wp:term":[{"taxonomy":"product_brand","embeddable":true,"href":"https:\/\/climatemaster.ge\/az\/wp-json\/wp\/v2\/product_brand?post=38869"},{"taxonomy":"product_cat","embeddable":true,"href":"https:\/\/climatemaster.ge\/az\/wp-json\/wp\/v2\/product_cat?post=38869"},{"taxonomy":"product_tag","embeddable":true,"href":"https:\/\/climatemaster.ge\/az\/wp-json\/wp\/v2\/product_tag?post=38869"}],"curies":[{"name":"wp","href":"https:\/\/api.w.org\/{rel}","templated":true}]}}