{"id":38677,"date":"2025-09-09T19:25:18","date_gmt":"2025-09-09T15:25:18","guid":{"rendered":"https:\/\/airsystems.ge\/shop\/product\/tso-f-basic-diffusers-square-perforated-diffuser-suitable-for-t-bar-suspended-ceilings\/"},"modified":"2025-09-09T19:29:55","modified_gmt":"2025-09-09T15:29:55","slug":"tso-f-basic-diffusers-square-perforated-diffuser-suitable-for-t-bar-suspended-ceilings","status":"publish","type":"product","link":"https:\/\/climatemaster.ge\/az\/product\/tso-f-basic-diffusers-square-perforated-diffuser-suitable-for-t-bar-suspended-ceilings\/","title":{"rendered":"TSO-F \u018fsas Diffuzorlar T-bar asma tavanlar \u00fc\u00e7\u00fcn uy\u011fun kvadrat perforasiyal\u0131 diffuzor"},"content":{"rendered":"","protected":false},"excerpt":{"rendered":"<div class=\"row\">\n<div class=\"col-12 text-style-body-small\">\n<div class=\"richtext-wrap reset-margin-last\">\n<p>Sad\u0259 v\u0259 t\u0259hl\u00fck\u0259siz dizayn<\/p>\n<p>Asan qura\u015fd\u0131rma<\/p>\n<p>Hava t\u0259chizat\u0131 v\u0259 \u00e7\u0131xar\u0131\u015f<\/p>\n<p>Sinkl\u0259nmi\u015f polad konstruksiya<\/p>\n<\/div>\n<\/div>\n<\/div>\n<div class=\"flex flex-col gap-200\">\n<div class=\"flex flex-col flex-wrap gap-100 md:flex-row md:items-center gtm-purchase-option\" data-gtm-name=\"size\" data-gtm-label=\"Size\">\n<p><label class=\"flex gap-050 md:w-700 leading-none hyphens-auto print:w-full print:max-w-2\/5 text-label-small\">Size<\/label><\/p>\n<div class=\"flex flex-1 flex-wrap gap-050\"><button class=\"select-btn select-btn-small select-btn-selected gtm-purchase-option-value\" type=\"button\" data-gtm-name=\"125\" data-gtm-label=\"125\">125<\/button><button class=\"select-btn select-btn-small select-btn-default gtm-purchase-option-value\" type=\"button\" data-gtm-name=\"160\" data-gtm-label=\"160\">160<\/button><button class=\"select-btn select-btn-small select-btn-default gtm-purchase-option-value\" type=\"button\" data-gtm-name=\"200\" data-gtm-label=\"200\">200<\/button><button class=\"select-btn select-btn-small select-btn-default gtm-purchase-option-value\" type=\"button\" data-gtm-name=\"250\" data-gtm-label=\"250\">250<\/button><button class=\"select-btn select-btn-small select-btn-default gtm-purchase-option-value\" type=\"button\" data-gtm-name=\"315\" data-gtm-label=\"315\">315<\/button><\/div>\n<\/div>\n<\/div>\n<div class=\"gtm-sku-info flex flex-col gap-y-050 text-label-tiny text-neutral-600\">\n<div class=\"flex flex-wrap items-baseline gap-x-100 gap-y-025\"><span class=\"gtm-article-name\">TSO-F-125-600-SW<\/span><span class=\"whitespace-nowrap gtm-article-number text-base font-bold\">#235347<\/span><\/div>\n<\/div>\n","protected":false},"featured_media":38817,"template":"","meta":[],"product_brand":[],"product_cat":[1896,1902,1843],"product_tag":[],"class_list":{"0":"post-38677","1":"product","2":"type-product","3":"status-publish","4":"has-post-thumbnail","6":"product_cat-diffuzor-havalandirma-ucun-diffuzorlar","7":"product_cat-esas-diffuzorlar","8":"product_cat-hava-paylayici-mhsullar","10":"first","11":"instock","12":"shipping-taxable","13":"product-type-simple"},"yoast_head":"<!-- This site is optimized with the Yoast SEO plugin v27.1.1 - https:\/\/yoast.com\/product\/yoast-seo-wordpress\/ -->\n<title>TSO-F \u018fsas Diffuzorlar T-bar asma tavanlar \u00fc\u00e7\u00fcn uy\u011fun kvadrat perforasiyal\u0131 diffuzor - Climate Master<\/title>\n<meta name=\"robots\" content=\"index, follow, max-snippet:-1, max-image-preview:large, max-video-preview:-1\" \/>\n<link rel=\"canonical\" href=\"https:\/\/climatemaster.ge\/az\/product\/tso-f-basic-diffusers-square-perforated-diffuser-suitable-for-t-bar-suspended-ceilings\/\" \/>\n<meta property=\"og:locale\" content=\"az_AZ\" \/>\n<meta property=\"og:type\" content=\"article\" \/>\n<meta property=\"og:title\" content=\"TSO-F \u018fsas Diffuzorlar T-bar asma tavanlar \u00fc\u00e7\u00fcn uy\u011fun kvadrat perforasiyal\u0131 diffuzor - Climate Master\" \/>\n<meta property=\"og:description\" content=\"Sad\u0259 v\u0259 t\u0259hl\u00fck\u0259siz dizayn  Asan qura\u015fd\u0131rma  Hava t\u0259chizat\u0131 v\u0259 \u00e7\u0131xar\u0131\u015f  Sinkl\u0259nmi\u015f polad konstruksiya        Size 125160200250315    TSO-F-125-600-SW#235347\" \/>\n<meta property=\"og:url\" content=\"https:\/\/climatemaster.ge\/az\/product\/tso-f-basic-diffusers-square-perforated-diffuser-suitable-for-t-bar-suspended-ceilings\/\" \/>\n<meta property=\"og:site_name\" content=\"Climate Master\" \/>\n<meta property=\"article:modified_time\" content=\"2025-09-09T15:29:55+00:00\" \/>\n<meta property=\"og:image\" content=\"https:\/\/climatemaster.ge\/wp-content\/uploads\/2025\/09\/PRODUCT-MAIN-IMAGE_TSO-1.jpg\" \/>\n\t<meta property=\"og:image:width\" content=\"384\" \/>\n\t<meta property=\"og:image:height\" content=\"288\" \/>\n\t<meta property=\"og:image:type\" content=\"image\/jpeg\" \/>\n<meta name=\"twitter:card\" content=\"summary_large_image\" \/>\n<script type=\"application\/ld+json\" class=\"yoast-schema-graph\">{\"@context\":\"https:\/\/schema.org\",\"@graph\":[{\"@type\":\"WebPage\",\"@id\":\"https:\/\/climatemaster.ge\/az\/product\/tso-f-basic-diffusers-square-perforated-diffuser-suitable-for-t-bar-suspended-ceilings\/\",\"url\":\"https:\/\/climatemaster.ge\/az\/product\/tso-f-basic-diffusers-square-perforated-diffuser-suitable-for-t-bar-suspended-ceilings\/\",\"name\":\"TSO-F \u018fsas Diffuzorlar T-bar asma tavanlar \u00fc\u00e7\u00fcn uy\u011fun kvadrat perforasiyal\u0131 diffuzor - Climate Master\",\"isPartOf\":{\"@id\":\"https:\/\/climatemaster.ge\/#website\"},\"primaryImageOfPage\":{\"@id\":\"https:\/\/climatemaster.ge\/az\/product\/tso-f-basic-diffusers-square-perforated-diffuser-suitable-for-t-bar-suspended-ceilings\/#primaryimage\"},\"image\":{\"@id\":\"https:\/\/climatemaster.ge\/az\/product\/tso-f-basic-diffusers-square-perforated-diffuser-suitable-for-t-bar-suspended-ceilings\/#primaryimage\"},\"thumbnailUrl\":\"https:\/\/climatemaster.ge\/wp-content\/uploads\/2025\/09\/PRODUCT-MAIN-IMAGE_TSO-1.jpg\",\"datePublished\":\"2025-09-09T15:25:18+00:00\",\"dateModified\":\"2025-09-09T15:29:55+00:00\",\"breadcrumb\":{\"@id\":\"https:\/\/climatemaster.ge\/az\/product\/tso-f-basic-diffusers-square-perforated-diffuser-suitable-for-t-bar-suspended-ceilings\/#breadcrumb\"},\"inLanguage\":\"az\",\"potentialAction\":[{\"@type\":\"ReadAction\",\"target\":[\"https:\/\/climatemaster.ge\/az\/product\/tso-f-basic-diffusers-square-perforated-diffuser-suitable-for-t-bar-suspended-ceilings\/\"]}]},{\"@type\":\"ImageObject\",\"inLanguage\":\"az\",\"@id\":\"https:\/\/climatemaster.ge\/az\/product\/tso-f-basic-diffusers-square-perforated-diffuser-suitable-for-t-bar-suspended-ceilings\/#primaryimage\",\"url\":\"https:\/\/climatemaster.ge\/wp-content\/uploads\/2025\/09\/PRODUCT-MAIN-IMAGE_TSO-1.jpg\",\"contentUrl\":\"https:\/\/climatemaster.ge\/wp-content\/uploads\/2025\/09\/PRODUCT-MAIN-IMAGE_TSO-1.jpg\",\"width\":384,\"height\":288},{\"@type\":\"BreadcrumbList\",\"@id\":\"https:\/\/climatemaster.ge\/az\/product\/tso-f-basic-diffusers-square-perforated-diffuser-suitable-for-t-bar-suspended-ceilings\/#breadcrumb\",\"itemListElement\":[{\"@type\":\"ListItem\",\"position\":1,\"name\":\"Home\",\"item\":\"https:\/\/climatemaster.ge\/\"},{\"@type\":\"ListItem\",\"position\":2,\"name\":\"M\u0259hsullar\",\"item\":\"https:\/\/climatemaster.ge\/products\/\"},{\"@type\":\"ListItem\",\"position\":3,\"name\":\"TSO-F \u018fsas Diffuzorlar T-bar asma tavanlar \u00fc\u00e7\u00fcn uy\u011fun kvadrat perforasiyal\u0131 diffuzor\"}]},{\"@type\":\"WebSite\",\"@id\":\"https:\/\/climatemaster.ge\/#website\",\"url\":\"https:\/\/climatemaster.ge\/\",\"name\":\"Climate Master\",\"description\":\"\",\"publisher\":{\"@id\":\"https:\/\/climatemaster.ge\/#organization\"},\"potentialAction\":[{\"@type\":\"SearchAction\",\"target\":{\"@type\":\"EntryPoint\",\"urlTemplate\":\"https:\/\/climatemaster.ge\/?s={search_term_string}\"},\"query-input\":{\"@type\":\"PropertyValueSpecification\",\"valueRequired\":true,\"valueName\":\"search_term_string\"}}],\"inLanguage\":\"az\"},{\"@type\":\"Organization\",\"@id\":\"https:\/\/climatemaster.ge\/#organization\",\"name\":\"Climate Master\",\"url\":\"https:\/\/climatemaster.ge\/\",\"logo\":{\"@type\":\"ImageObject\",\"inLanguage\":\"az\",\"@id\":\"https:\/\/climatemaster.ge\/#\/schema\/logo\/image\/\",\"url\":\"https:\/\/climatemaster.ge\/wp-content\/uploads\/2026\/03\/Untitled-2.png\",\"contentUrl\":\"https:\/\/climatemaster.ge\/wp-content\/uploads\/2026\/03\/Untitled-2.png\",\"width\":600,\"height\":338,\"caption\":\"Climate Master\"},\"image\":{\"@id\":\"https:\/\/climatemaster.ge\/#\/schema\/logo\/image\/\"}}]}<\/script>\n<!-- \/ Yoast SEO plugin. -->","yoast_head_json":{"title":"TSO-F \u018fsas Diffuzorlar T-bar asma tavanlar \u00fc\u00e7\u00fcn uy\u011fun kvadrat perforasiyal\u0131 diffuzor - Climate Master","robots":{"index":"index","follow":"follow","max-snippet":"max-snippet:-1","max-image-preview":"max-image-preview:large","max-video-preview":"max-video-preview:-1"},"canonical":"https:\/\/climatemaster.ge\/az\/product\/tso-f-basic-diffusers-square-perforated-diffuser-suitable-for-t-bar-suspended-ceilings\/","og_locale":"az_AZ","og_type":"article","og_title":"TSO-F \u018fsas Diffuzorlar T-bar asma tavanlar \u00fc\u00e7\u00fcn uy\u011fun kvadrat perforasiyal\u0131 diffuzor - Climate Master","og_description":"Sad\u0259 v\u0259 t\u0259hl\u00fck\u0259siz dizayn  Asan qura\u015fd\u0131rma  Hava t\u0259chizat\u0131 v\u0259 \u00e7\u0131xar\u0131\u015f  Sinkl\u0259nmi\u015f polad konstruksiya        Size 125160200250315    TSO-F-125-600-SW#235347","og_url":"https:\/\/climatemaster.ge\/az\/product\/tso-f-basic-diffusers-square-perforated-diffuser-suitable-for-t-bar-suspended-ceilings\/","og_site_name":"Climate Master","article_modified_time":"2025-09-09T15:29:55+00:00","og_image":[{"width":384,"height":288,"url":"https:\/\/climatemaster.ge\/wp-content\/uploads\/2025\/09\/PRODUCT-MAIN-IMAGE_TSO-1.jpg","type":"image\/jpeg"}],"twitter_card":"summary_large_image","schema":{"@context":"https:\/\/schema.org","@graph":[{"@type":"WebPage","@id":"https:\/\/climatemaster.ge\/az\/product\/tso-f-basic-diffusers-square-perforated-diffuser-suitable-for-t-bar-suspended-ceilings\/","url":"https:\/\/climatemaster.ge\/az\/product\/tso-f-basic-diffusers-square-perforated-diffuser-suitable-for-t-bar-suspended-ceilings\/","name":"TSO-F \u018fsas Diffuzorlar T-bar asma tavanlar \u00fc\u00e7\u00fcn uy\u011fun kvadrat perforasiyal\u0131 diffuzor - Climate Master","isPartOf":{"@id":"https:\/\/climatemaster.ge\/#website"},"primaryImageOfPage":{"@id":"https:\/\/climatemaster.ge\/az\/product\/tso-f-basic-diffusers-square-perforated-diffuser-suitable-for-t-bar-suspended-ceilings\/#primaryimage"},"image":{"@id":"https:\/\/climatemaster.ge\/az\/product\/tso-f-basic-diffusers-square-perforated-diffuser-suitable-for-t-bar-suspended-ceilings\/#primaryimage"},"thumbnailUrl":"https:\/\/climatemaster.ge\/wp-content\/uploads\/2025\/09\/PRODUCT-MAIN-IMAGE_TSO-1.jpg","datePublished":"2025-09-09T15:25:18+00:00","dateModified":"2025-09-09T15:29:55+00:00","breadcrumb":{"@id":"https:\/\/climatemaster.ge\/az\/product\/tso-f-basic-diffusers-square-perforated-diffuser-suitable-for-t-bar-suspended-ceilings\/#breadcrumb"},"inLanguage":"az","potentialAction":[{"@type":"ReadAction","target":["https:\/\/climatemaster.ge\/az\/product\/tso-f-basic-diffusers-square-perforated-diffuser-suitable-for-t-bar-suspended-ceilings\/"]}]},{"@type":"ImageObject","inLanguage":"az","@id":"https:\/\/climatemaster.ge\/az\/product\/tso-f-basic-diffusers-square-perforated-diffuser-suitable-for-t-bar-suspended-ceilings\/#primaryimage","url":"https:\/\/climatemaster.ge\/wp-content\/uploads\/2025\/09\/PRODUCT-MAIN-IMAGE_TSO-1.jpg","contentUrl":"https:\/\/climatemaster.ge\/wp-content\/uploads\/2025\/09\/PRODUCT-MAIN-IMAGE_TSO-1.jpg","width":384,"height":288},{"@type":"BreadcrumbList","@id":"https:\/\/climatemaster.ge\/az\/product\/tso-f-basic-diffusers-square-perforated-diffuser-suitable-for-t-bar-suspended-ceilings\/#breadcrumb","itemListElement":[{"@type":"ListItem","position":1,"name":"Home","item":"https:\/\/climatemaster.ge\/"},{"@type":"ListItem","position":2,"name":"M\u0259hsullar","item":"https:\/\/climatemaster.ge\/products\/"},{"@type":"ListItem","position":3,"name":"TSO-F \u018fsas Diffuzorlar T-bar asma tavanlar \u00fc\u00e7\u00fcn uy\u011fun kvadrat perforasiyal\u0131 diffuzor"}]},{"@type":"WebSite","@id":"https:\/\/climatemaster.ge\/#website","url":"https:\/\/climatemaster.ge\/","name":"Climate Master","description":"","publisher":{"@id":"https:\/\/climatemaster.ge\/#organization"},"potentialAction":[{"@type":"SearchAction","target":{"@type":"EntryPoint","urlTemplate":"https:\/\/climatemaster.ge\/?s={search_term_string}"},"query-input":{"@type":"PropertyValueSpecification","valueRequired":true,"valueName":"search_term_string"}}],"inLanguage":"az"},{"@type":"Organization","@id":"https:\/\/climatemaster.ge\/#organization","name":"Climate Master","url":"https:\/\/climatemaster.ge\/","logo":{"@type":"ImageObject","inLanguage":"az","@id":"https:\/\/climatemaster.ge\/#\/schema\/logo\/image\/","url":"https:\/\/climatemaster.ge\/wp-content\/uploads\/2026\/03\/Untitled-2.png","contentUrl":"https:\/\/climatemaster.ge\/wp-content\/uploads\/2026\/03\/Untitled-2.png","width":600,"height":338,"caption":"Climate Master"},"image":{"@id":"https:\/\/climatemaster.ge\/#\/schema\/logo\/image\/"}}]}},"_links":{"self":[{"href":"https:\/\/climatemaster.ge\/az\/wp-json\/wp\/v2\/product\/38677","targetHints":{"allow":["GET"]}}],"collection":[{"href":"https:\/\/climatemaster.ge\/az\/wp-json\/wp\/v2\/product"}],"about":[{"href":"https:\/\/climatemaster.ge\/az\/wp-json\/wp\/v2\/types\/product"}],"wp:featuredmedia":[{"embeddable":true,"href":"https:\/\/climatemaster.ge\/az\/wp-json\/wp\/v2\/media\/38817"}],"wp:attachment":[{"href":"https:\/\/climatemaster.ge\/az\/wp-json\/wp\/v2\/media?parent=38677"}],"wp:term":[{"taxonomy":"product_brand","embeddable":true,"href":"https:\/\/climatemaster.ge\/az\/wp-json\/wp\/v2\/product_brand?post=38677"},{"taxonomy":"product_cat","embeddable":true,"href":"https:\/\/climatemaster.ge\/az\/wp-json\/wp\/v2\/product_cat?post=38677"},{"taxonomy":"product_tag","embeddable":true,"href":"https:\/\/climatemaster.ge\/az\/wp-json\/wp\/v2\/product_tag?post=38677"}],"curies":[{"name":"wp","href":"https:\/\/api.w.org\/{rel}","templated":true}]}}