{"id":38630,"date":"2025-09-09T19:01:34","date_gmt":"2025-09-09T15:01:34","guid":{"rendered":"https:\/\/airsystems.ge\/shop\/product\/aqua-h-ce-linear-diffusers-slot-diffuser-corner-element\/"},"modified":"2025-09-09T19:06:41","modified_gmt":"2025-09-09T15:06:41","slug":"aqua-h-ce-linear-diffusers-slot-diffuser-corner-element","status":"publish","type":"product","link":"https:\/\/climatemaster.ge\/az\/product\/aqua-h-ce-linear-diffusers-slot-diffuser-corner-element\/","title":{"rendered":"AQUA-H-CE X\u0259tti Diffuzorlar Yuva diffuzorunun k\u00fcnc elementi"},"content":{"rendered":"","protected":false},"excerpt":{"rendered":"<div class=\"row\">\n<div class=\"col-12 text-style-body-small\">\n<div class=\"richtext-wrap reset-margin-last\">\n<p>Sa\u011flam dizayn qura\u015fd\u0131r\u0131lm\u0131\u015f diffuzor \u00fcz\u0259rind\u0259 g\u0259zm\u0259y\u0259 imkan verir<\/p>\n<p>Kifay\u0259t q\u0259d\u0259r y\u00fcks\u0259k hava ax\u0131d\u0131lmas\u0131 s\u00fcr\u0259tind\u0259 a\u015fa\u011f\u0131 s\u0259s-k\u00fcy<\/p>\n<p>M\u00fcasir inc\u0259 v\u0259 y\u0131\u011fcam dizayn<\/p>\n<p>Funksional hava t\u0259chizat\u0131 elementi<\/p>\n<p>Sifari\u015f \u0259sas\u0131nda bucaqlar m\u00f6vcuddur<\/p>\n<\/div>\n<\/div>\n<\/div>\n<div>\n<div class=\"dropdown-wrapper\"><select class=\"form-dropdown form-input\"><option value=\"456484\">AQUA-H-CE-1-10-DC<\/option><option value=\"456485\">AQUA-H-CE-1-12-DC<\/option><option value=\"456483\">AQUA-H-CE-1-8-DC<\/option><option value=\"456491\">AQUA-H-CE-2-10-DC<\/option><option value=\"456492\">AQUA-H-CE-2-12-DC<\/option><option value=\"456490\">AQUA-H-CE-2-8-DC<\/option><option value=\"456494\">AQUA-H-CE-3-10-DC<\/option><option value=\"456495\">AQUA-H-CE-3-12-DC<\/option><option value=\"456493\">AQUA-H-CE-3-8-DC<\/option><option value=\"456497\">AQUA-H-CE-4-10-DC<\/option><option value=\"456498\">AQUA-H-CE-4-12-DC<\/option><option value=\"456496\">AQUA-H-CE-4-8-DC<\/option><option value=\"456505\">AQUA-H-CE-5-10-DC<\/option><option value=\"456506\">AQUA-H-CE-5-12-DC<\/option><option value=\"456499\">AQUA-H-CE-5-8-DC<\/option><option value=\"456508\">AQUA-H-CE-6-10-DC<\/option><option value=\"456509\">AQUA-H-CE-6-12-DC<\/option><option value=\"456507\">AQUA-H-CE-6-8-DC<\/option><\/select><\/div>\n<\/div>\n<div class=\"gtm-sku-info flex flex-col gap-y-050 text-label-tiny text-neutral-600\">\n<div class=\"flex flex-wrap items-baseline gap-x-100 gap-y-025\"><span class=\"gtm-article-name\">AQUA-H-CE-1-10-DC<\/span><span class=\"whitespace-nowrap gtm-article-number text-base font-bold\">#456484<\/span><\/div>\n<\/div>\n","protected":false},"featured_media":38613,"template":"","meta":[],"product_brand":[],"product_cat":[1896,1843,1926],"product_tag":[],"class_list":{"0":"post-38630","1":"product","2":"type-product","3":"status-publish","4":"has-post-thumbnail","6":"product_cat-diffuzor-havalandirma-ucun-diffuzorlar","7":"product_cat-hava-paylayici-mhsullar","8":"product_cat-xtti-diffuzorlar","10":"first","11":"instock","12":"shipping-taxable","13":"product-type-simple"},"yoast_head":"<!-- This site is optimized with the Yoast SEO plugin v27.1.1 - https:\/\/yoast.com\/product\/yoast-seo-wordpress\/ -->\n<title>AQUA-H-CE X\u0259tti Diffuzorlar Yuva diffuzorunun k\u00fcnc elementi - Climate Master<\/title>\n<meta name=\"robots\" content=\"index, follow, max-snippet:-1, max-image-preview:large, max-video-preview:-1\" \/>\n<link rel=\"canonical\" href=\"https:\/\/climatemaster.ge\/az\/product\/aqua-h-ce-linear-diffusers-slot-diffuser-corner-element\/\" \/>\n<meta property=\"og:locale\" content=\"az_AZ\" \/>\n<meta property=\"og:type\" content=\"article\" \/>\n<meta property=\"og:title\" content=\"AQUA-H-CE X\u0259tti Diffuzorlar Yuva diffuzorunun k\u00fcnc elementi - Climate Master\" \/>\n<meta property=\"og:description\" content=\"Sa\u011flam dizayn qura\u015fd\u0131r\u0131lm\u0131\u015f diffuzor \u00fcz\u0259rind\u0259 g\u0259zm\u0259y\u0259 imkan verir  Kifay\u0259t q\u0259d\u0259r y\u00fcks\u0259k hava ax\u0131d\u0131lmas\u0131 s\u00fcr\u0259tind\u0259 a\u015fa\u011f\u0131 s\u0259s-k\u00fcy  M\u00fcasir inc\u0259 v\u0259 y\u0131\u011fcam dizayn  Funksional hava t\u0259chizat\u0131 elementi  Sifari\u015f \u0259sas\u0131nda bucaqlar m\u00f6vcuddur       AQUA-H-CE-1-10-DC AQUA-H-CE-1-12-DC AQUA-H-CE-1-8-DC AQUA-H-CE-2-10-DC AQUA-H-CE-2-12-DC AQUA-H-CE-2-8-DC AQUA-H-CE-3-10-DC AQUA-H-CE-3-12-DC AQUA-H-CE-3-8-DC AQUA-H-CE-4-10-DC AQUA-H-CE-4-12-DC AQUA-H-CE-4-8-DC AQUA-H-CE-5-10-DC AQUA-H-CE-5-12-DC AQUA-H-CE-5-8-DC AQUA-H-CE-6-10-DC AQUA-H-CE-6-12-DC AQUA-H-CE-6-8-DC    AQUA-H-CE-1-10-DC#456484\" \/>\n<meta property=\"og:url\" content=\"https:\/\/climatemaster.ge\/az\/product\/aqua-h-ce-linear-diffusers-slot-diffuser-corner-element\/\" \/>\n<meta property=\"og:site_name\" content=\"Climate Master\" \/>\n<meta property=\"article:modified_time\" content=\"2025-09-09T15:06:41+00:00\" \/>\n<meta property=\"og:image\" content=\"https:\/\/climatemaster.ge\/wp-content\/uploads\/2025\/09\/AQUA-H-CE_HQ.jpg\" \/>\n\t<meta property=\"og:image:width\" content=\"384\" \/>\n\t<meta property=\"og:image:height\" content=\"266\" \/>\n\t<meta property=\"og:image:type\" content=\"image\/jpeg\" \/>\n<meta name=\"twitter:card\" content=\"summary_large_image\" \/>\n<script type=\"application\/ld+json\" class=\"yoast-schema-graph\">{\"@context\":\"https:\/\/schema.org\",\"@graph\":[{\"@type\":\"WebPage\",\"@id\":\"https:\/\/climatemaster.ge\/az\/product\/aqua-h-ce-linear-diffusers-slot-diffuser-corner-element\/\",\"url\":\"https:\/\/climatemaster.ge\/az\/product\/aqua-h-ce-linear-diffusers-slot-diffuser-corner-element\/\",\"name\":\"AQUA-H-CE X\u0259tti Diffuzorlar Yuva diffuzorunun k\u00fcnc elementi - Climate Master\",\"isPartOf\":{\"@id\":\"https:\/\/climatemaster.ge\/#website\"},\"primaryImageOfPage\":{\"@id\":\"https:\/\/climatemaster.ge\/az\/product\/aqua-h-ce-linear-diffusers-slot-diffuser-corner-element\/#primaryimage\"},\"image\":{\"@id\":\"https:\/\/climatemaster.ge\/az\/product\/aqua-h-ce-linear-diffusers-slot-diffuser-corner-element\/#primaryimage\"},\"thumbnailUrl\":\"https:\/\/climatemaster.ge\/wp-content\/uploads\/2025\/09\/AQUA-H-CE_HQ.jpg\",\"datePublished\":\"2025-09-09T15:01:34+00:00\",\"dateModified\":\"2025-09-09T15:06:41+00:00\",\"breadcrumb\":{\"@id\":\"https:\/\/climatemaster.ge\/az\/product\/aqua-h-ce-linear-diffusers-slot-diffuser-corner-element\/#breadcrumb\"},\"inLanguage\":\"az\",\"potentialAction\":[{\"@type\":\"ReadAction\",\"target\":[\"https:\/\/climatemaster.ge\/az\/product\/aqua-h-ce-linear-diffusers-slot-diffuser-corner-element\/\"]}]},{\"@type\":\"ImageObject\",\"inLanguage\":\"az\",\"@id\":\"https:\/\/climatemaster.ge\/az\/product\/aqua-h-ce-linear-diffusers-slot-diffuser-corner-element\/#primaryimage\",\"url\":\"https:\/\/climatemaster.ge\/wp-content\/uploads\/2025\/09\/AQUA-H-CE_HQ.jpg\",\"contentUrl\":\"https:\/\/climatemaster.ge\/wp-content\/uploads\/2025\/09\/AQUA-H-CE_HQ.jpg\",\"width\":384,\"height\":266},{\"@type\":\"BreadcrumbList\",\"@id\":\"https:\/\/climatemaster.ge\/az\/product\/aqua-h-ce-linear-diffusers-slot-diffuser-corner-element\/#breadcrumb\",\"itemListElement\":[{\"@type\":\"ListItem\",\"position\":1,\"name\":\"Home\",\"item\":\"https:\/\/climatemaster.ge\/\"},{\"@type\":\"ListItem\",\"position\":2,\"name\":\"M\u0259hsullar\",\"item\":\"https:\/\/climatemaster.ge\/products\/\"},{\"@type\":\"ListItem\",\"position\":3,\"name\":\"AQUA-H-CE X\u0259tti Diffuzorlar Yuva diffuzorunun k\u00fcnc elementi\"}]},{\"@type\":\"WebSite\",\"@id\":\"https:\/\/climatemaster.ge\/#website\",\"url\":\"https:\/\/climatemaster.ge\/\",\"name\":\"Climate Master\",\"description\":\"\",\"publisher\":{\"@id\":\"https:\/\/climatemaster.ge\/#organization\"},\"potentialAction\":[{\"@type\":\"SearchAction\",\"target\":{\"@type\":\"EntryPoint\",\"urlTemplate\":\"https:\/\/climatemaster.ge\/?s={search_term_string}\"},\"query-input\":{\"@type\":\"PropertyValueSpecification\",\"valueRequired\":true,\"valueName\":\"search_term_string\"}}],\"inLanguage\":\"az\"},{\"@type\":\"Organization\",\"@id\":\"https:\/\/climatemaster.ge\/#organization\",\"name\":\"Climate Master\",\"url\":\"https:\/\/climatemaster.ge\/\",\"logo\":{\"@type\":\"ImageObject\",\"inLanguage\":\"az\",\"@id\":\"https:\/\/climatemaster.ge\/#\/schema\/logo\/image\/\",\"url\":\"https:\/\/climatemaster.ge\/wp-content\/uploads\/2026\/03\/Untitled-2.png\",\"contentUrl\":\"https:\/\/climatemaster.ge\/wp-content\/uploads\/2026\/03\/Untitled-2.png\",\"width\":600,\"height\":338,\"caption\":\"Climate Master\"},\"image\":{\"@id\":\"https:\/\/climatemaster.ge\/#\/schema\/logo\/image\/\"}}]}<\/script>\n<!-- \/ Yoast SEO plugin. -->","yoast_head_json":{"title":"AQUA-H-CE X\u0259tti Diffuzorlar Yuva diffuzorunun k\u00fcnc elementi - Climate Master","robots":{"index":"index","follow":"follow","max-snippet":"max-snippet:-1","max-image-preview":"max-image-preview:large","max-video-preview":"max-video-preview:-1"},"canonical":"https:\/\/climatemaster.ge\/az\/product\/aqua-h-ce-linear-diffusers-slot-diffuser-corner-element\/","og_locale":"az_AZ","og_type":"article","og_title":"AQUA-H-CE X\u0259tti Diffuzorlar Yuva diffuzorunun k\u00fcnc elementi - Climate Master","og_description":"Sa\u011flam dizayn qura\u015fd\u0131r\u0131lm\u0131\u015f diffuzor \u00fcz\u0259rind\u0259 g\u0259zm\u0259y\u0259 imkan verir  Kifay\u0259t q\u0259d\u0259r y\u00fcks\u0259k hava ax\u0131d\u0131lmas\u0131 s\u00fcr\u0259tind\u0259 a\u015fa\u011f\u0131 s\u0259s-k\u00fcy  M\u00fcasir inc\u0259 v\u0259 y\u0131\u011fcam dizayn  Funksional hava t\u0259chizat\u0131 elementi  Sifari\u015f \u0259sas\u0131nda bucaqlar m\u00f6vcuddur       AQUA-H-CE-1-10-DC AQUA-H-CE-1-12-DC AQUA-H-CE-1-8-DC AQUA-H-CE-2-10-DC AQUA-H-CE-2-12-DC AQUA-H-CE-2-8-DC AQUA-H-CE-3-10-DC AQUA-H-CE-3-12-DC AQUA-H-CE-3-8-DC AQUA-H-CE-4-10-DC AQUA-H-CE-4-12-DC AQUA-H-CE-4-8-DC AQUA-H-CE-5-10-DC AQUA-H-CE-5-12-DC AQUA-H-CE-5-8-DC AQUA-H-CE-6-10-DC AQUA-H-CE-6-12-DC AQUA-H-CE-6-8-DC    AQUA-H-CE-1-10-DC#456484","og_url":"https:\/\/climatemaster.ge\/az\/product\/aqua-h-ce-linear-diffusers-slot-diffuser-corner-element\/","og_site_name":"Climate Master","article_modified_time":"2025-09-09T15:06:41+00:00","og_image":[{"width":384,"height":266,"url":"https:\/\/climatemaster.ge\/wp-content\/uploads\/2025\/09\/AQUA-H-CE_HQ.jpg","type":"image\/jpeg"}],"twitter_card":"summary_large_image","schema":{"@context":"https:\/\/schema.org","@graph":[{"@type":"WebPage","@id":"https:\/\/climatemaster.ge\/az\/product\/aqua-h-ce-linear-diffusers-slot-diffuser-corner-element\/","url":"https:\/\/climatemaster.ge\/az\/product\/aqua-h-ce-linear-diffusers-slot-diffuser-corner-element\/","name":"AQUA-H-CE X\u0259tti Diffuzorlar Yuva diffuzorunun k\u00fcnc elementi - Climate Master","isPartOf":{"@id":"https:\/\/climatemaster.ge\/#website"},"primaryImageOfPage":{"@id":"https:\/\/climatemaster.ge\/az\/product\/aqua-h-ce-linear-diffusers-slot-diffuser-corner-element\/#primaryimage"},"image":{"@id":"https:\/\/climatemaster.ge\/az\/product\/aqua-h-ce-linear-diffusers-slot-diffuser-corner-element\/#primaryimage"},"thumbnailUrl":"https:\/\/climatemaster.ge\/wp-content\/uploads\/2025\/09\/AQUA-H-CE_HQ.jpg","datePublished":"2025-09-09T15:01:34+00:00","dateModified":"2025-09-09T15:06:41+00:00","breadcrumb":{"@id":"https:\/\/climatemaster.ge\/az\/product\/aqua-h-ce-linear-diffusers-slot-diffuser-corner-element\/#breadcrumb"},"inLanguage":"az","potentialAction":[{"@type":"ReadAction","target":["https:\/\/climatemaster.ge\/az\/product\/aqua-h-ce-linear-diffusers-slot-diffuser-corner-element\/"]}]},{"@type":"ImageObject","inLanguage":"az","@id":"https:\/\/climatemaster.ge\/az\/product\/aqua-h-ce-linear-diffusers-slot-diffuser-corner-element\/#primaryimage","url":"https:\/\/climatemaster.ge\/wp-content\/uploads\/2025\/09\/AQUA-H-CE_HQ.jpg","contentUrl":"https:\/\/climatemaster.ge\/wp-content\/uploads\/2025\/09\/AQUA-H-CE_HQ.jpg","width":384,"height":266},{"@type":"BreadcrumbList","@id":"https:\/\/climatemaster.ge\/az\/product\/aqua-h-ce-linear-diffusers-slot-diffuser-corner-element\/#breadcrumb","itemListElement":[{"@type":"ListItem","position":1,"name":"Home","item":"https:\/\/climatemaster.ge\/"},{"@type":"ListItem","position":2,"name":"M\u0259hsullar","item":"https:\/\/climatemaster.ge\/products\/"},{"@type":"ListItem","position":3,"name":"AQUA-H-CE X\u0259tti Diffuzorlar Yuva diffuzorunun k\u00fcnc elementi"}]},{"@type":"WebSite","@id":"https:\/\/climatemaster.ge\/#website","url":"https:\/\/climatemaster.ge\/","name":"Climate Master","description":"","publisher":{"@id":"https:\/\/climatemaster.ge\/#organization"},"potentialAction":[{"@type":"SearchAction","target":{"@type":"EntryPoint","urlTemplate":"https:\/\/climatemaster.ge\/?s={search_term_string}"},"query-input":{"@type":"PropertyValueSpecification","valueRequired":true,"valueName":"search_term_string"}}],"inLanguage":"az"},{"@type":"Organization","@id":"https:\/\/climatemaster.ge\/#organization","name":"Climate Master","url":"https:\/\/climatemaster.ge\/","logo":{"@type":"ImageObject","inLanguage":"az","@id":"https:\/\/climatemaster.ge\/#\/schema\/logo\/image\/","url":"https:\/\/climatemaster.ge\/wp-content\/uploads\/2026\/03\/Untitled-2.png","contentUrl":"https:\/\/climatemaster.ge\/wp-content\/uploads\/2026\/03\/Untitled-2.png","width":600,"height":338,"caption":"Climate Master"},"image":{"@id":"https:\/\/climatemaster.ge\/#\/schema\/logo\/image\/"}}]}},"_links":{"self":[{"href":"https:\/\/climatemaster.ge\/az\/wp-json\/wp\/v2\/product\/38630","targetHints":{"allow":["GET"]}}],"collection":[{"href":"https:\/\/climatemaster.ge\/az\/wp-json\/wp\/v2\/product"}],"about":[{"href":"https:\/\/climatemaster.ge\/az\/wp-json\/wp\/v2\/types\/product"}],"wp:featuredmedia":[{"embeddable":true,"href":"https:\/\/climatemaster.ge\/az\/wp-json\/wp\/v2\/media\/38613"}],"wp:attachment":[{"href":"https:\/\/climatemaster.ge\/az\/wp-json\/wp\/v2\/media?parent=38630"}],"wp:term":[{"taxonomy":"product_brand","embeddable":true,"href":"https:\/\/climatemaster.ge\/az\/wp-json\/wp\/v2\/product_brand?post=38630"},{"taxonomy":"product_cat","embeddable":true,"href":"https:\/\/climatemaster.ge\/az\/wp-json\/wp\/v2\/product_cat?post=38630"},{"taxonomy":"product_tag","embeddable":true,"href":"https:\/\/climatemaster.ge\/az\/wp-json\/wp\/v2\/product_tag?post=38630"}],"curies":[{"name":"wp","href":"https:\/\/api.w.org\/{rel}","templated":true}]}}