{"id":38452,"date":"2025-09-09T17:47:58","date_gmt":"2025-09-09T13:47:58","guid":{"rendered":"https:\/\/airsystems.ge\/shop\/product\/vvkn-b-s-swirl-diffusers-swirl-ceiling-diffuser-for-efficient-and-comfortable-air-distribution\/"},"modified":"2025-09-09T17:51:23","modified_gmt":"2025-09-09T13:51:23","slug":"vvkn-b-s-swirl-diffusers-swirl-ceiling-diffuser-for-efficient-and-comfortable-air-distribution","status":"publish","type":"product","link":"https:\/\/climatemaster.ge\/az\/product\/vvkn-b-s-swirl-diffusers-swirl-ceiling-diffuser-for-efficient-and-comfortable-air-distribution\/","title":{"rendered":"VVKN-B-S Swirl Diffuzorlar S\u0259m\u0259r\u0259li v\u0259 rahat hava paylanmas\u0131 \u00fc\u00e7\u00fcn burul\u011fan tavan diffuzoru"},"content":{"rendered":"<p><img loading=\"lazy\" decoding=\"async\" class=\"alignnone size-full wp-image-38445\" src=\"https:\/\/airsystems.ge\/shop\/wp-content\/uploads\/2025\/09\/filters_quality80-3-9.webp\" alt=\"\" width=\"1920\" height=\"960\" srcset=\"https:\/\/climatemaster.ge\/wp-content\/uploads\/2025\/09\/filters_quality80-3-9.webp 1920w, https:\/\/climatemaster.ge\/wp-content\/uploads\/2025\/09\/filters_quality80-3-9-400x200.webp 400w, https:\/\/climatemaster.ge\/wp-content\/uploads\/2025\/09\/filters_quality80-3-9-1300x650.webp 1300w, https:\/\/climatemaster.ge\/wp-content\/uploads\/2025\/09\/filters_quality80-3-9-768x384.webp 768w, https:\/\/climatemaster.ge\/wp-content\/uploads\/2025\/09\/filters_quality80-3-9-1536x768.webp 1536w, https:\/\/climatemaster.ge\/wp-content\/uploads\/2025\/09\/filters_quality80-3-9-860x430.webp 860w, https:\/\/climatemaster.ge\/wp-content\/uploads\/2025\/09\/filters_quality80-3-9-430x215.webp 430w, https:\/\/climatemaster.ge\/wp-content\/uploads\/2025\/09\/filters_quality80-3-9-700x350.webp 700w, https:\/\/climatemaster.ge\/wp-content\/uploads\/2025\/09\/filters_quality80-3-9-150x75.webp 150w\" sizes=\"auto, (max-width: 1920px) 100vw, 1920px\" \/><\/p>\n","protected":false},"excerpt":{"rendered":"<div>\n<p>Dair\u0259vi v\u0259 ya kvadrat \u00fcz<\/p>\n<p>Sabit b\u0131\u00e7aqlar<\/p>\n<p>Sinkl\u0259nmi\u015f polad<\/p>\n<p>Estetik dizayn<\/p>\n<\/div>\n<div class=\"flex flex-col gap-200\">\n<div class=\"flex flex-col flex-wrap gap-100 md:flex-row md:items-center gtm-purchase-option\" data-gtm-name=\"size\" data-gtm-label=\"Size\">\n<p><label class=\"flex gap-050 md:w-700 leading-none hyphens-auto print:w-full print:max-w-2\/5 text-label-small\">Size<\/label><\/p>\n<div class=\"flex flex-1 flex-wrap gap-050\"><button class=\"select-btn select-btn-small select-btn-selected gtm-purchase-option-value\" type=\"button\" data-gtm-name=\"300\" data-gtm-label=\"300\">300<\/button><button class=\"select-btn select-btn-small select-btn-default gtm-purchase-option-value\" type=\"button\" data-gtm-name=\"400\" data-gtm-label=\"400\">400<\/button><button class=\"select-btn select-btn-small select-btn-default gtm-purchase-option-value\" type=\"button\" data-gtm-name=\"500\" data-gtm-label=\"500\">500<\/button><button class=\"select-btn select-btn-small select-btn-default gtm-purchase-option-value\" type=\"button\" data-gtm-name=\"600\" data-gtm-label=\"600\">600<\/button><button class=\"select-btn select-btn-small select-btn-default gtm-purchase-option-value\" type=\"button\" data-gtm-name=\"625\" data-gtm-label=\"625\">625<\/button><\/div>\n<\/div>\n<\/div>\n<div class=\"gtm-sku-info flex flex-col gap-y-050 text-label-tiny text-neutral-600\">\n<div class=\"flex flex-wrap items-baseline gap-x-100 gap-y-025\"><span class=\"gtm-article-name\">VVKN-B-S-300-SW<\/span><span class=\"whitespace-nowrap gtm-article-number text-base font-bold\">#217907<\/span><\/div>\n<\/div>\n","protected":false},"featured_media":38441,"template":"","meta":[],"product_brand":[],"product_cat":[1896,1843,1932],"product_tag":[],"class_list":{"0":"post-38452","1":"product","2":"type-product","3":"status-publish","4":"has-post-thumbnail","6":"product_cat-diffuzor-havalandirma-ucun-diffuzorlar","7":"product_cat-hava-paylayici-mhsullar","8":"product_cat-swirl-diffuzorlar","10":"first","11":"instock","12":"shipping-taxable","13":"product-type-simple"},"yoast_head":"<!-- This site is optimized with the Yoast SEO plugin v27.1.1 - https:\/\/yoast.com\/product\/yoast-seo-wordpress\/ -->\n<title>VVKN-B-S Swirl Diffuzorlar S\u0259m\u0259r\u0259li v\u0259 rahat hava paylanmas\u0131 \u00fc\u00e7\u00fcn burul\u011fan tavan diffuzoru - Climate Master<\/title>\n<meta name=\"robots\" content=\"index, follow, max-snippet:-1, max-image-preview:large, max-video-preview:-1\" \/>\n<link rel=\"canonical\" href=\"https:\/\/climatemaster.ge\/az\/product\/vvkn-b-s-swirl-diffusers-swirl-ceiling-diffuser-for-efficient-and-comfortable-air-distribution\/\" \/>\n<meta property=\"og:locale\" content=\"az_AZ\" \/>\n<meta property=\"og:type\" content=\"article\" \/>\n<meta property=\"og:title\" content=\"VVKN-B-S Swirl Diffuzorlar S\u0259m\u0259r\u0259li v\u0259 rahat hava paylanmas\u0131 \u00fc\u00e7\u00fcn burul\u011fan tavan diffuzoru - Climate Master\" \/>\n<meta property=\"og:description\" content=\"Dair\u0259vi v\u0259 ya kvadrat \u00fcz  Sabit b\u0131\u00e7aqlar  Sinkl\u0259nmi\u015f polad  Estetik dizayn      Size 300400500600625    VVKN-B-S-300-SW#217907\" \/>\n<meta property=\"og:url\" content=\"https:\/\/climatemaster.ge\/az\/product\/vvkn-b-s-swirl-diffusers-swirl-ceiling-diffuser-for-efficient-and-comfortable-air-distribution\/\" \/>\n<meta property=\"og:site_name\" content=\"Climate Master\" \/>\n<meta property=\"article:modified_time\" content=\"2025-09-09T13:51:23+00:00\" \/>\n<meta property=\"og:image\" content=\"https:\/\/climatemaster.ge\/wp-content\/uploads\/2025\/09\/STORYBLOK_VVKN-B-S_HQ.jpg\" \/>\n\t<meta property=\"og:image:width\" content=\"384\" \/>\n\t<meta property=\"og:image:height\" content=\"288\" \/>\n\t<meta property=\"og:image:type\" content=\"image\/jpeg\" \/>\n<meta name=\"twitter:card\" content=\"summary_large_image\" \/>\n<script type=\"application\/ld+json\" class=\"yoast-schema-graph\">{\"@context\":\"https:\/\/schema.org\",\"@graph\":[{\"@type\":\"WebPage\",\"@id\":\"https:\/\/climatemaster.ge\/az\/product\/vvkn-b-s-swirl-diffusers-swirl-ceiling-diffuser-for-efficient-and-comfortable-air-distribution\/\",\"url\":\"https:\/\/climatemaster.ge\/az\/product\/vvkn-b-s-swirl-diffusers-swirl-ceiling-diffuser-for-efficient-and-comfortable-air-distribution\/\",\"name\":\"VVKN-B-S Swirl Diffuzorlar S\u0259m\u0259r\u0259li v\u0259 rahat hava paylanmas\u0131 \u00fc\u00e7\u00fcn burul\u011fan tavan diffuzoru - Climate Master\",\"isPartOf\":{\"@id\":\"https:\/\/climatemaster.ge\/#website\"},\"primaryImageOfPage\":{\"@id\":\"https:\/\/climatemaster.ge\/az\/product\/vvkn-b-s-swirl-diffusers-swirl-ceiling-diffuser-for-efficient-and-comfortable-air-distribution\/#primaryimage\"},\"image\":{\"@id\":\"https:\/\/climatemaster.ge\/az\/product\/vvkn-b-s-swirl-diffusers-swirl-ceiling-diffuser-for-efficient-and-comfortable-air-distribution\/#primaryimage\"},\"thumbnailUrl\":\"https:\/\/climatemaster.ge\/wp-content\/uploads\/2025\/09\/STORYBLOK_VVKN-B-S_HQ.jpg\",\"datePublished\":\"2025-09-09T13:47:58+00:00\",\"dateModified\":\"2025-09-09T13:51:23+00:00\",\"breadcrumb\":{\"@id\":\"https:\/\/climatemaster.ge\/az\/product\/vvkn-b-s-swirl-diffusers-swirl-ceiling-diffuser-for-efficient-and-comfortable-air-distribution\/#breadcrumb\"},\"inLanguage\":\"az\",\"potentialAction\":[{\"@type\":\"ReadAction\",\"target\":[\"https:\/\/climatemaster.ge\/az\/product\/vvkn-b-s-swirl-diffusers-swirl-ceiling-diffuser-for-efficient-and-comfortable-air-distribution\/\"]}]},{\"@type\":\"ImageObject\",\"inLanguage\":\"az\",\"@id\":\"https:\/\/climatemaster.ge\/az\/product\/vvkn-b-s-swirl-diffusers-swirl-ceiling-diffuser-for-efficient-and-comfortable-air-distribution\/#primaryimage\",\"url\":\"https:\/\/climatemaster.ge\/wp-content\/uploads\/2025\/09\/STORYBLOK_VVKN-B-S_HQ.jpg\",\"contentUrl\":\"https:\/\/climatemaster.ge\/wp-content\/uploads\/2025\/09\/STORYBLOK_VVKN-B-S_HQ.jpg\",\"width\":384,\"height\":288},{\"@type\":\"BreadcrumbList\",\"@id\":\"https:\/\/climatemaster.ge\/az\/product\/vvkn-b-s-swirl-diffusers-swirl-ceiling-diffuser-for-efficient-and-comfortable-air-distribution\/#breadcrumb\",\"itemListElement\":[{\"@type\":\"ListItem\",\"position\":1,\"name\":\"Home\",\"item\":\"https:\/\/climatemaster.ge\/\"},{\"@type\":\"ListItem\",\"position\":2,\"name\":\"M\u0259hsullar\",\"item\":\"https:\/\/climatemaster.ge\/products\/\"},{\"@type\":\"ListItem\",\"position\":3,\"name\":\"VVKN-B-S Swirl Diffuzorlar S\u0259m\u0259r\u0259li v\u0259 rahat hava paylanmas\u0131 \u00fc\u00e7\u00fcn burul\u011fan tavan diffuzoru\"}]},{\"@type\":\"WebSite\",\"@id\":\"https:\/\/climatemaster.ge\/#website\",\"url\":\"https:\/\/climatemaster.ge\/\",\"name\":\"Climate Master\",\"description\":\"\",\"publisher\":{\"@id\":\"https:\/\/climatemaster.ge\/#organization\"},\"potentialAction\":[{\"@type\":\"SearchAction\",\"target\":{\"@type\":\"EntryPoint\",\"urlTemplate\":\"https:\/\/climatemaster.ge\/?s={search_term_string}\"},\"query-input\":{\"@type\":\"PropertyValueSpecification\",\"valueRequired\":true,\"valueName\":\"search_term_string\"}}],\"inLanguage\":\"az\"},{\"@type\":\"Organization\",\"@id\":\"https:\/\/climatemaster.ge\/#organization\",\"name\":\"Climate Master\",\"url\":\"https:\/\/climatemaster.ge\/\",\"logo\":{\"@type\":\"ImageObject\",\"inLanguage\":\"az\",\"@id\":\"https:\/\/climatemaster.ge\/#\/schema\/logo\/image\/\",\"url\":\"https:\/\/climatemaster.ge\/wp-content\/uploads\/2026\/03\/Untitled-2.png\",\"contentUrl\":\"https:\/\/climatemaster.ge\/wp-content\/uploads\/2026\/03\/Untitled-2.png\",\"width\":600,\"height\":338,\"caption\":\"Climate Master\"},\"image\":{\"@id\":\"https:\/\/climatemaster.ge\/#\/schema\/logo\/image\/\"}}]}<\/script>\n<!-- \/ Yoast SEO plugin. -->","yoast_head_json":{"title":"VVKN-B-S Swirl Diffuzorlar S\u0259m\u0259r\u0259li v\u0259 rahat hava paylanmas\u0131 \u00fc\u00e7\u00fcn burul\u011fan tavan diffuzoru - Climate Master","robots":{"index":"index","follow":"follow","max-snippet":"max-snippet:-1","max-image-preview":"max-image-preview:large","max-video-preview":"max-video-preview:-1"},"canonical":"https:\/\/climatemaster.ge\/az\/product\/vvkn-b-s-swirl-diffusers-swirl-ceiling-diffuser-for-efficient-and-comfortable-air-distribution\/","og_locale":"az_AZ","og_type":"article","og_title":"VVKN-B-S Swirl Diffuzorlar S\u0259m\u0259r\u0259li v\u0259 rahat hava paylanmas\u0131 \u00fc\u00e7\u00fcn burul\u011fan tavan diffuzoru - Climate Master","og_description":"Dair\u0259vi v\u0259 ya kvadrat \u00fcz  Sabit b\u0131\u00e7aqlar  Sinkl\u0259nmi\u015f polad  Estetik dizayn      Size 300400500600625    VVKN-B-S-300-SW#217907","og_url":"https:\/\/climatemaster.ge\/az\/product\/vvkn-b-s-swirl-diffusers-swirl-ceiling-diffuser-for-efficient-and-comfortable-air-distribution\/","og_site_name":"Climate Master","article_modified_time":"2025-09-09T13:51:23+00:00","og_image":[{"width":384,"height":288,"url":"https:\/\/climatemaster.ge\/wp-content\/uploads\/2025\/09\/STORYBLOK_VVKN-B-S_HQ.jpg","type":"image\/jpeg"}],"twitter_card":"summary_large_image","schema":{"@context":"https:\/\/schema.org","@graph":[{"@type":"WebPage","@id":"https:\/\/climatemaster.ge\/az\/product\/vvkn-b-s-swirl-diffusers-swirl-ceiling-diffuser-for-efficient-and-comfortable-air-distribution\/","url":"https:\/\/climatemaster.ge\/az\/product\/vvkn-b-s-swirl-diffusers-swirl-ceiling-diffuser-for-efficient-and-comfortable-air-distribution\/","name":"VVKN-B-S Swirl Diffuzorlar S\u0259m\u0259r\u0259li v\u0259 rahat hava paylanmas\u0131 \u00fc\u00e7\u00fcn burul\u011fan tavan diffuzoru - Climate Master","isPartOf":{"@id":"https:\/\/climatemaster.ge\/#website"},"primaryImageOfPage":{"@id":"https:\/\/climatemaster.ge\/az\/product\/vvkn-b-s-swirl-diffusers-swirl-ceiling-diffuser-for-efficient-and-comfortable-air-distribution\/#primaryimage"},"image":{"@id":"https:\/\/climatemaster.ge\/az\/product\/vvkn-b-s-swirl-diffusers-swirl-ceiling-diffuser-for-efficient-and-comfortable-air-distribution\/#primaryimage"},"thumbnailUrl":"https:\/\/climatemaster.ge\/wp-content\/uploads\/2025\/09\/STORYBLOK_VVKN-B-S_HQ.jpg","datePublished":"2025-09-09T13:47:58+00:00","dateModified":"2025-09-09T13:51:23+00:00","breadcrumb":{"@id":"https:\/\/climatemaster.ge\/az\/product\/vvkn-b-s-swirl-diffusers-swirl-ceiling-diffuser-for-efficient-and-comfortable-air-distribution\/#breadcrumb"},"inLanguage":"az","potentialAction":[{"@type":"ReadAction","target":["https:\/\/climatemaster.ge\/az\/product\/vvkn-b-s-swirl-diffusers-swirl-ceiling-diffuser-for-efficient-and-comfortable-air-distribution\/"]}]},{"@type":"ImageObject","inLanguage":"az","@id":"https:\/\/climatemaster.ge\/az\/product\/vvkn-b-s-swirl-diffusers-swirl-ceiling-diffuser-for-efficient-and-comfortable-air-distribution\/#primaryimage","url":"https:\/\/climatemaster.ge\/wp-content\/uploads\/2025\/09\/STORYBLOK_VVKN-B-S_HQ.jpg","contentUrl":"https:\/\/climatemaster.ge\/wp-content\/uploads\/2025\/09\/STORYBLOK_VVKN-B-S_HQ.jpg","width":384,"height":288},{"@type":"BreadcrumbList","@id":"https:\/\/climatemaster.ge\/az\/product\/vvkn-b-s-swirl-diffusers-swirl-ceiling-diffuser-for-efficient-and-comfortable-air-distribution\/#breadcrumb","itemListElement":[{"@type":"ListItem","position":1,"name":"Home","item":"https:\/\/climatemaster.ge\/"},{"@type":"ListItem","position":2,"name":"M\u0259hsullar","item":"https:\/\/climatemaster.ge\/products\/"},{"@type":"ListItem","position":3,"name":"VVKN-B-S Swirl Diffuzorlar S\u0259m\u0259r\u0259li v\u0259 rahat hava paylanmas\u0131 \u00fc\u00e7\u00fcn burul\u011fan tavan diffuzoru"}]},{"@type":"WebSite","@id":"https:\/\/climatemaster.ge\/#website","url":"https:\/\/climatemaster.ge\/","name":"Climate Master","description":"","publisher":{"@id":"https:\/\/climatemaster.ge\/#organization"},"potentialAction":[{"@type":"SearchAction","target":{"@type":"EntryPoint","urlTemplate":"https:\/\/climatemaster.ge\/?s={search_term_string}"},"query-input":{"@type":"PropertyValueSpecification","valueRequired":true,"valueName":"search_term_string"}}],"inLanguage":"az"},{"@type":"Organization","@id":"https:\/\/climatemaster.ge\/#organization","name":"Climate Master","url":"https:\/\/climatemaster.ge\/","logo":{"@type":"ImageObject","inLanguage":"az","@id":"https:\/\/climatemaster.ge\/#\/schema\/logo\/image\/","url":"https:\/\/climatemaster.ge\/wp-content\/uploads\/2026\/03\/Untitled-2.png","contentUrl":"https:\/\/climatemaster.ge\/wp-content\/uploads\/2026\/03\/Untitled-2.png","width":600,"height":338,"caption":"Climate Master"},"image":{"@id":"https:\/\/climatemaster.ge\/#\/schema\/logo\/image\/"}}]}},"_links":{"self":[{"href":"https:\/\/climatemaster.ge\/az\/wp-json\/wp\/v2\/product\/38452","targetHints":{"allow":["GET"]}}],"collection":[{"href":"https:\/\/climatemaster.ge\/az\/wp-json\/wp\/v2\/product"}],"about":[{"href":"https:\/\/climatemaster.ge\/az\/wp-json\/wp\/v2\/types\/product"}],"wp:featuredmedia":[{"embeddable":true,"href":"https:\/\/climatemaster.ge\/az\/wp-json\/wp\/v2\/media\/38441"}],"wp:attachment":[{"href":"https:\/\/climatemaster.ge\/az\/wp-json\/wp\/v2\/media?parent=38452"}],"wp:term":[{"taxonomy":"product_brand","embeddable":true,"href":"https:\/\/climatemaster.ge\/az\/wp-json\/wp\/v2\/product_brand?post=38452"},{"taxonomy":"product_cat","embeddable":true,"href":"https:\/\/climatemaster.ge\/az\/wp-json\/wp\/v2\/product_cat?post=38452"},{"taxonomy":"product_tag","embeddable":true,"href":"https:\/\/climatemaster.ge\/az\/wp-json\/wp\/v2\/product_tag?post=38452"}],"curies":[{"name":"wp","href":"https:\/\/api.w.org\/{rel}","templated":true}]}}