{"id":38400,"date":"2025-09-08T23:02:39","date_gmt":"2025-09-08T19:02:39","guid":{"rendered":"https:\/\/airsystems.ge\/shop\/product\/vvkr-b-r-swirl-diffusers-swirl-supply-diffuser-suitable-for-a-wide-range-of-installations\/"},"modified":"2025-09-08T23:04:00","modified_gmt":"2025-09-08T19:04:00","slug":"vvkr-b-r-swirl-diffusers-swirl-supply-diffuser-suitable-for-a-wide-range-of-installations","status":"publish","type":"product","link":"https:\/\/climatemaster.ge\/az\/product\/vvkr-b-r-swirl-diffusers-swirl-supply-diffuser-suitable-for-a-wide-range-of-installations\/","title":{"rendered":"VVKR-B-R Swirl Diffuzorlar Geni\u015f \u00e7e\u015fidli qur\u011fular \u00fc\u00e7\u00fcn uy\u011fun olan burul\u011fan t\u0259chizat\u0131 diffuzoru"},"content":{"rendered":"","protected":false},"excerpt":{"rendered":"<div class=\"row\">\n<div class=\"col-12 text-style-body-small\">\n<div class=\"richtext-wrap reset-margin-last\">\n<p>Sad\u0259 v\u0259 t\u0259hl\u00fck\u0259siz dizayn<\/p>\n<p>Polad istehsal\u0131<\/p>\n<p>Hava t\u0259chizat\u0131<\/p>\n<p>M\u00fcxt\u0259lif t\u0259tbiql\u0259r<\/p>\n<\/div>\n<\/div>\n<\/div>\n<div class=\"flex flex-col gap-200\">\n<div class=\"flex flex-col flex-wrap gap-100 md:flex-row md:items-center gtm-purchase-option\" data-gtm-name=\"size\" data-gtm-label=\"Size\">\n<p><label class=\"flex gap-050 md:w-700 leading-none hyphens-auto print:w-full print:max-w-2\/5 text-label-small\">Size<\/label><\/p>\n<div class=\"flex flex-1 flex-wrap gap-050\"><button class=\"select-btn select-btn-small select-btn-selected gtm-purchase-option-value\" type=\"button\" data-gtm-name=\"300\" data-gtm-label=\"300\">300<\/button><button class=\"select-btn select-btn-small select-btn-default gtm-purchase-option-value\" type=\"button\" data-gtm-name=\"400\" data-gtm-label=\"400\">400<\/button><button class=\"select-btn select-btn-small select-btn-default gtm-purchase-option-value\" type=\"button\" data-gtm-name=\"500\" data-gtm-label=\"500\">500<\/button><button class=\"select-btn select-btn-small select-btn-default gtm-purchase-option-value\" type=\"button\" data-gtm-name=\"600\" data-gtm-label=\"600\">600<\/button><button class=\"select-btn select-btn-small select-btn-default gtm-purchase-option-value\" type=\"button\" data-gtm-name=\"625\" data-gtm-label=\"625\">625<\/button><button class=\"select-btn select-btn-small select-btn-default gtm-purchase-option-value\" type=\"button\" data-gtm-name=\"800\" data-gtm-label=\"800\">800<\/button><button class=\"select-btn select-btn-small select-btn-default gtm-purchase-option-value\" type=\"button\" data-gtm-name=\"825\" data-gtm-label=\"825\">825<\/button><\/div>\n<\/div>\n<div class=\"flex flex-col flex-wrap gap-100 md:flex-row md:items-center gtm-purchase-option\" data-gtm-name=\"deflectors_color\" data-gtm-label=\"Colour of deflectors\">\n<p><label class=\"flex gap-050 md:w-700 leading-none hyphens-auto print:w-full print:max-w-2\/5 text-label-small\">Colour of deflectors<\/label><\/p>\n<div class=\"flex flex-1 flex-wrap gap-050\"><button class=\"select-btn select-btn-small select-btn-selected gtm-purchase-option-value\" type=\"button\" data-gtm-name=\"Black\" data-gtm-label=\"Black\">Black<\/button><button class=\"select-btn select-btn-small select-btn-default gtm-purchase-option-value\" type=\"button\" data-gtm-name=\"White\" data-gtm-label=\"White\">White<\/button><\/div>\n<\/div>\n<\/div>\n<div class=\"gtm-sku-info flex flex-col gap-y-050 text-label-tiny text-neutral-600\">\n<div class=\"flex flex-wrap items-baseline gap-x-100 gap-y-025\"><span class=\"gtm-article-name\">VVKR-B-R-300-8-B-SW<\/span><span class=\"whitespace-nowrap gtm-article-number text-base font-bold\">#218048<\/span><\/div>\n<\/div>\n","protected":false},"featured_media":38394,"template":"","meta":[],"product_brand":[],"product_cat":[1896,1843,1932],"product_tag":[],"class_list":{"0":"post-38400","1":"product","2":"type-product","3":"status-publish","4":"has-post-thumbnail","6":"product_cat-diffuzor-havalandirma-ucun-diffuzorlar","7":"product_cat-hava-paylayici-mhsullar","8":"product_cat-swirl-diffuzorlar","10":"first","11":"instock","12":"shipping-taxable","13":"product-type-simple"},"yoast_head":"<!-- This site is optimized with the Yoast SEO plugin v27.1.1 - https:\/\/yoast.com\/product\/yoast-seo-wordpress\/ -->\n<title>VVKR-B-R Swirl Diffuzorlar Geni\u015f \u00e7e\u015fidli qur\u011fular \u00fc\u00e7\u00fcn uy\u011fun olan burul\u011fan t\u0259chizat\u0131 diffuzoru - Climate Master<\/title>\n<meta name=\"robots\" content=\"index, follow, max-snippet:-1, max-image-preview:large, max-video-preview:-1\" \/>\n<link rel=\"canonical\" href=\"https:\/\/climatemaster.ge\/az\/product\/vvkr-b-r-swirl-diffusers-swirl-supply-diffuser-suitable-for-a-wide-range-of-installations\/\" \/>\n<meta property=\"og:locale\" content=\"az_AZ\" \/>\n<meta property=\"og:type\" content=\"article\" \/>\n<meta property=\"og:title\" content=\"VVKR-B-R Swirl Diffuzorlar Geni\u015f \u00e7e\u015fidli qur\u011fular \u00fc\u00e7\u00fcn uy\u011fun olan burul\u011fan t\u0259chizat\u0131 diffuzoru - Climate Master\" \/>\n<meta property=\"og:description\" content=\"Sad\u0259 v\u0259 t\u0259hl\u00fck\u0259siz dizayn  Polad istehsal\u0131  Hava t\u0259chizat\u0131  M\u00fcxt\u0259lif t\u0259tbiql\u0259r        Size 300400500600625800825    Colour of deflectors BlackWhite    VVKR-B-R-300-8-B-SW#218048\" \/>\n<meta property=\"og:url\" content=\"https:\/\/climatemaster.ge\/az\/product\/vvkr-b-r-swirl-diffusers-swirl-supply-diffuser-suitable-for-a-wide-range-of-installations\/\" \/>\n<meta property=\"og:site_name\" content=\"Climate Master\" \/>\n<meta property=\"article:modified_time\" content=\"2025-09-08T19:04:00+00:00\" \/>\n<meta property=\"og:image\" content=\"https:\/\/climatemaster.ge\/wp-content\/uploads\/2025\/09\/PRODUCT-MAIN-IMAGE_VVKR_B_R.jpg\" \/>\n\t<meta property=\"og:image:width\" content=\"384\" \/>\n\t<meta property=\"og:image:height\" content=\"288\" \/>\n\t<meta property=\"og:image:type\" content=\"image\/jpeg\" \/>\n<meta name=\"twitter:card\" content=\"summary_large_image\" \/>\n<script type=\"application\/ld+json\" class=\"yoast-schema-graph\">{\"@context\":\"https:\/\/schema.org\",\"@graph\":[{\"@type\":\"WebPage\",\"@id\":\"https:\/\/climatemaster.ge\/az\/product\/vvkr-b-r-swirl-diffusers-swirl-supply-diffuser-suitable-for-a-wide-range-of-installations\/\",\"url\":\"https:\/\/climatemaster.ge\/az\/product\/vvkr-b-r-swirl-diffusers-swirl-supply-diffuser-suitable-for-a-wide-range-of-installations\/\",\"name\":\"VVKR-B-R Swirl Diffuzorlar Geni\u015f \u00e7e\u015fidli qur\u011fular \u00fc\u00e7\u00fcn uy\u011fun olan burul\u011fan t\u0259chizat\u0131 diffuzoru - Climate Master\",\"isPartOf\":{\"@id\":\"https:\/\/climatemaster.ge\/#website\"},\"primaryImageOfPage\":{\"@id\":\"https:\/\/climatemaster.ge\/az\/product\/vvkr-b-r-swirl-diffusers-swirl-supply-diffuser-suitable-for-a-wide-range-of-installations\/#primaryimage\"},\"image\":{\"@id\":\"https:\/\/climatemaster.ge\/az\/product\/vvkr-b-r-swirl-diffusers-swirl-supply-diffuser-suitable-for-a-wide-range-of-installations\/#primaryimage\"},\"thumbnailUrl\":\"https:\/\/climatemaster.ge\/wp-content\/uploads\/2025\/09\/PRODUCT-MAIN-IMAGE_VVKR_B_R.jpg\",\"datePublished\":\"2025-09-08T19:02:39+00:00\",\"dateModified\":\"2025-09-08T19:04:00+00:00\",\"breadcrumb\":{\"@id\":\"https:\/\/climatemaster.ge\/az\/product\/vvkr-b-r-swirl-diffusers-swirl-supply-diffuser-suitable-for-a-wide-range-of-installations\/#breadcrumb\"},\"inLanguage\":\"az\",\"potentialAction\":[{\"@type\":\"ReadAction\",\"target\":[\"https:\/\/climatemaster.ge\/az\/product\/vvkr-b-r-swirl-diffusers-swirl-supply-diffuser-suitable-for-a-wide-range-of-installations\/\"]}]},{\"@type\":\"ImageObject\",\"inLanguage\":\"az\",\"@id\":\"https:\/\/climatemaster.ge\/az\/product\/vvkr-b-r-swirl-diffusers-swirl-supply-diffuser-suitable-for-a-wide-range-of-installations\/#primaryimage\",\"url\":\"https:\/\/climatemaster.ge\/wp-content\/uploads\/2025\/09\/PRODUCT-MAIN-IMAGE_VVKR_B_R.jpg\",\"contentUrl\":\"https:\/\/climatemaster.ge\/wp-content\/uploads\/2025\/09\/PRODUCT-MAIN-IMAGE_VVKR_B_R.jpg\",\"width\":384,\"height\":288},{\"@type\":\"BreadcrumbList\",\"@id\":\"https:\/\/climatemaster.ge\/az\/product\/vvkr-b-r-swirl-diffusers-swirl-supply-diffuser-suitable-for-a-wide-range-of-installations\/#breadcrumb\",\"itemListElement\":[{\"@type\":\"ListItem\",\"position\":1,\"name\":\"Home\",\"item\":\"https:\/\/climatemaster.ge\/\"},{\"@type\":\"ListItem\",\"position\":2,\"name\":\"M\u0259hsullar\",\"item\":\"https:\/\/climatemaster.ge\/products\/\"},{\"@type\":\"ListItem\",\"position\":3,\"name\":\"VVKR-B-R Swirl Diffuzorlar Geni\u015f \u00e7e\u015fidli qur\u011fular \u00fc\u00e7\u00fcn uy\u011fun olan burul\u011fan t\u0259chizat\u0131 diffuzoru\"}]},{\"@type\":\"WebSite\",\"@id\":\"https:\/\/climatemaster.ge\/#website\",\"url\":\"https:\/\/climatemaster.ge\/\",\"name\":\"Climate Master\",\"description\":\"\",\"publisher\":{\"@id\":\"https:\/\/climatemaster.ge\/#organization\"},\"potentialAction\":[{\"@type\":\"SearchAction\",\"target\":{\"@type\":\"EntryPoint\",\"urlTemplate\":\"https:\/\/climatemaster.ge\/?s={search_term_string}\"},\"query-input\":{\"@type\":\"PropertyValueSpecification\",\"valueRequired\":true,\"valueName\":\"search_term_string\"}}],\"inLanguage\":\"az\"},{\"@type\":\"Organization\",\"@id\":\"https:\/\/climatemaster.ge\/#organization\",\"name\":\"Climate Master\",\"url\":\"https:\/\/climatemaster.ge\/\",\"logo\":{\"@type\":\"ImageObject\",\"inLanguage\":\"az\",\"@id\":\"https:\/\/climatemaster.ge\/#\/schema\/logo\/image\/\",\"url\":\"https:\/\/climatemaster.ge\/wp-content\/uploads\/2026\/03\/Untitled-2.png\",\"contentUrl\":\"https:\/\/climatemaster.ge\/wp-content\/uploads\/2026\/03\/Untitled-2.png\",\"width\":600,\"height\":338,\"caption\":\"Climate Master\"},\"image\":{\"@id\":\"https:\/\/climatemaster.ge\/#\/schema\/logo\/image\/\"}}]}<\/script>\n<!-- \/ Yoast SEO plugin. -->","yoast_head_json":{"title":"VVKR-B-R Swirl Diffuzorlar Geni\u015f \u00e7e\u015fidli qur\u011fular \u00fc\u00e7\u00fcn uy\u011fun olan burul\u011fan t\u0259chizat\u0131 diffuzoru - Climate Master","robots":{"index":"index","follow":"follow","max-snippet":"max-snippet:-1","max-image-preview":"max-image-preview:large","max-video-preview":"max-video-preview:-1"},"canonical":"https:\/\/climatemaster.ge\/az\/product\/vvkr-b-r-swirl-diffusers-swirl-supply-diffuser-suitable-for-a-wide-range-of-installations\/","og_locale":"az_AZ","og_type":"article","og_title":"VVKR-B-R Swirl Diffuzorlar Geni\u015f \u00e7e\u015fidli qur\u011fular \u00fc\u00e7\u00fcn uy\u011fun olan burul\u011fan t\u0259chizat\u0131 diffuzoru - Climate Master","og_description":"Sad\u0259 v\u0259 t\u0259hl\u00fck\u0259siz dizayn  Polad istehsal\u0131  Hava t\u0259chizat\u0131  M\u00fcxt\u0259lif t\u0259tbiql\u0259r        Size 300400500600625800825    Colour of deflectors BlackWhite    VVKR-B-R-300-8-B-SW#218048","og_url":"https:\/\/climatemaster.ge\/az\/product\/vvkr-b-r-swirl-diffusers-swirl-supply-diffuser-suitable-for-a-wide-range-of-installations\/","og_site_name":"Climate Master","article_modified_time":"2025-09-08T19:04:00+00:00","og_image":[{"width":384,"height":288,"url":"https:\/\/climatemaster.ge\/wp-content\/uploads\/2025\/09\/PRODUCT-MAIN-IMAGE_VVKR_B_R.jpg","type":"image\/jpeg"}],"twitter_card":"summary_large_image","schema":{"@context":"https:\/\/schema.org","@graph":[{"@type":"WebPage","@id":"https:\/\/climatemaster.ge\/az\/product\/vvkr-b-r-swirl-diffusers-swirl-supply-diffuser-suitable-for-a-wide-range-of-installations\/","url":"https:\/\/climatemaster.ge\/az\/product\/vvkr-b-r-swirl-diffusers-swirl-supply-diffuser-suitable-for-a-wide-range-of-installations\/","name":"VVKR-B-R Swirl Diffuzorlar Geni\u015f \u00e7e\u015fidli qur\u011fular \u00fc\u00e7\u00fcn uy\u011fun olan burul\u011fan t\u0259chizat\u0131 diffuzoru - Climate Master","isPartOf":{"@id":"https:\/\/climatemaster.ge\/#website"},"primaryImageOfPage":{"@id":"https:\/\/climatemaster.ge\/az\/product\/vvkr-b-r-swirl-diffusers-swirl-supply-diffuser-suitable-for-a-wide-range-of-installations\/#primaryimage"},"image":{"@id":"https:\/\/climatemaster.ge\/az\/product\/vvkr-b-r-swirl-diffusers-swirl-supply-diffuser-suitable-for-a-wide-range-of-installations\/#primaryimage"},"thumbnailUrl":"https:\/\/climatemaster.ge\/wp-content\/uploads\/2025\/09\/PRODUCT-MAIN-IMAGE_VVKR_B_R.jpg","datePublished":"2025-09-08T19:02:39+00:00","dateModified":"2025-09-08T19:04:00+00:00","breadcrumb":{"@id":"https:\/\/climatemaster.ge\/az\/product\/vvkr-b-r-swirl-diffusers-swirl-supply-diffuser-suitable-for-a-wide-range-of-installations\/#breadcrumb"},"inLanguage":"az","potentialAction":[{"@type":"ReadAction","target":["https:\/\/climatemaster.ge\/az\/product\/vvkr-b-r-swirl-diffusers-swirl-supply-diffuser-suitable-for-a-wide-range-of-installations\/"]}]},{"@type":"ImageObject","inLanguage":"az","@id":"https:\/\/climatemaster.ge\/az\/product\/vvkr-b-r-swirl-diffusers-swirl-supply-diffuser-suitable-for-a-wide-range-of-installations\/#primaryimage","url":"https:\/\/climatemaster.ge\/wp-content\/uploads\/2025\/09\/PRODUCT-MAIN-IMAGE_VVKR_B_R.jpg","contentUrl":"https:\/\/climatemaster.ge\/wp-content\/uploads\/2025\/09\/PRODUCT-MAIN-IMAGE_VVKR_B_R.jpg","width":384,"height":288},{"@type":"BreadcrumbList","@id":"https:\/\/climatemaster.ge\/az\/product\/vvkr-b-r-swirl-diffusers-swirl-supply-diffuser-suitable-for-a-wide-range-of-installations\/#breadcrumb","itemListElement":[{"@type":"ListItem","position":1,"name":"Home","item":"https:\/\/climatemaster.ge\/"},{"@type":"ListItem","position":2,"name":"M\u0259hsullar","item":"https:\/\/climatemaster.ge\/products\/"},{"@type":"ListItem","position":3,"name":"VVKR-B-R Swirl Diffuzorlar Geni\u015f \u00e7e\u015fidli qur\u011fular \u00fc\u00e7\u00fcn uy\u011fun olan burul\u011fan t\u0259chizat\u0131 diffuzoru"}]},{"@type":"WebSite","@id":"https:\/\/climatemaster.ge\/#website","url":"https:\/\/climatemaster.ge\/","name":"Climate Master","description":"","publisher":{"@id":"https:\/\/climatemaster.ge\/#organization"},"potentialAction":[{"@type":"SearchAction","target":{"@type":"EntryPoint","urlTemplate":"https:\/\/climatemaster.ge\/?s={search_term_string}"},"query-input":{"@type":"PropertyValueSpecification","valueRequired":true,"valueName":"search_term_string"}}],"inLanguage":"az"},{"@type":"Organization","@id":"https:\/\/climatemaster.ge\/#organization","name":"Climate Master","url":"https:\/\/climatemaster.ge\/","logo":{"@type":"ImageObject","inLanguage":"az","@id":"https:\/\/climatemaster.ge\/#\/schema\/logo\/image\/","url":"https:\/\/climatemaster.ge\/wp-content\/uploads\/2026\/03\/Untitled-2.png","contentUrl":"https:\/\/climatemaster.ge\/wp-content\/uploads\/2026\/03\/Untitled-2.png","width":600,"height":338,"caption":"Climate Master"},"image":{"@id":"https:\/\/climatemaster.ge\/#\/schema\/logo\/image\/"}}]}},"_links":{"self":[{"href":"https:\/\/climatemaster.ge\/az\/wp-json\/wp\/v2\/product\/38400","targetHints":{"allow":["GET"]}}],"collection":[{"href":"https:\/\/climatemaster.ge\/az\/wp-json\/wp\/v2\/product"}],"about":[{"href":"https:\/\/climatemaster.ge\/az\/wp-json\/wp\/v2\/types\/product"}],"wp:featuredmedia":[{"embeddable":true,"href":"https:\/\/climatemaster.ge\/az\/wp-json\/wp\/v2\/media\/38394"}],"wp:attachment":[{"href":"https:\/\/climatemaster.ge\/az\/wp-json\/wp\/v2\/media?parent=38400"}],"wp:term":[{"taxonomy":"product_brand","embeddable":true,"href":"https:\/\/climatemaster.ge\/az\/wp-json\/wp\/v2\/product_brand?post=38400"},{"taxonomy":"product_cat","embeddable":true,"href":"https:\/\/climatemaster.ge\/az\/wp-json\/wp\/v2\/product_cat?post=38400"},{"taxonomy":"product_tag","embeddable":true,"href":"https:\/\/climatemaster.ge\/az\/wp-json\/wp\/v2\/product_tag?post=38400"}],"curies":[{"name":"wp","href":"https:\/\/api.w.org\/{rel}","templated":true}]}}