{"id":38159,"date":"2025-09-08T21:37:38","date_gmt":"2025-09-08T17:37:38","guid":{"rendered":"https:\/\/airsystems.ge\/shop\/product\/ksv-c-linear-diffusers-decorative-corner-piece-suitable-for-ceiling-or-wall-installations\/"},"modified":"2025-09-08T21:44:22","modified_gmt":"2025-09-08T17:44:22","slug":"ksv-c-linear-diffusers-decorative-corner-piece-suitable-for-ceiling-or-wall-installations","status":"publish","type":"product","link":"https:\/\/climatemaster.ge\/az\/product\/ksv-c-linear-diffusers-decorative-corner-piece-suitable-for-ceiling-or-wall-installations\/","title":{"rendered":"KSV-C X\u0259tti Diffuzorlar Tavan v\u0259 ya divar qura\u015fd\u0131r\u0131lmas\u0131 \u00fc\u00e7\u00fcn uy\u011fun dekorativ k\u00fcnc par\u00e7as\u0131"},"content":{"rendered":"<p>KSV-C tavanlara v\u0259 ya divarlara qura\u015fd\u0131rmaq \u00fc\u00e7\u00fcn dekorativ k\u00fcnc elementidir. Onun ventilyasiya funksiyas\u0131 yoxdur.<\/p>\n<p>KSV-C montaj k\u00f6rp\u00fcl\u0259rind\u0259n istifad\u0259 ed\u0259r\u0259k asma tavana qura\u015fd\u0131r\u0131la bil\u0259r. Yivli boltlar diffuzoru qura\u015fd\u0131r\u0131lm\u0131\u015f v\u0259ziyy\u0259td\u0259 d\u00fcz\u0259ldir. KSV-C anodla\u015fd\u0131r\u0131lm\u0131\u015f s\u0259th\u0259 malik ekstr\u00fcde edilmi\u015f al\u00fcminium profild\u0259n v\u0259 ya m\u00fcxt\u0259lif RAL r\u0259ngl\u0259rind\u0259 toz boya il\u0259 haz\u0131rlanm\u0131\u015fd\u0131r.<\/p>\n","protected":false},"excerpt":{"rendered":"<div>\n<h1 class=\"text-xl mb-0 text-base\">Estetik memarl\u0131q elementi<\/h1>\n<\/div>\n<div class=\"flex flex-col gap-200\">\n<div class=\"flex flex-col flex-wrap gap-100 md:flex-row md:items-center gtm-purchase-option\" data-gtm-name=\"number_of_slots\" data-gtm-label=\"Number of slots\">\n<p><label class=\"flex gap-050 md:w-700 leading-none hyphens-auto print:w-full print:max-w-2\/5 text-label-small\">Number of slots<\/label><\/p>\n<div class=\"flex flex-1 flex-wrap gap-050\"><button class=\"select-btn select-btn-small select-btn-selected gtm-purchase-option-value\" type=\"button\" data-gtm-name=\"1\" data-gtm-label=\"1\">1<\/button><button class=\"select-btn select-btn-small select-btn-default gtm-purchase-option-value\" type=\"button\" data-gtm-name=\"2\" data-gtm-label=\"2\">2<\/button><button class=\"select-btn select-btn-small select-btn-default gtm-purchase-option-value\" type=\"button\" data-gtm-name=\"3\" data-gtm-label=\"3\">3<\/button><button class=\"select-btn select-btn-small select-btn-default gtm-purchase-option-value\" type=\"button\" data-gtm-name=\"4\" data-gtm-label=\"4\">4<\/button><\/div>\n<\/div>\n<div class=\"flex flex-col flex-wrap gap-100 md:flex-row md:items-center gtm-purchase-option\" data-gtm-name=\"surface_finish\" data-gtm-label=\"Surface finish\">\n<p><label class=\"flex gap-050 md:w-700 leading-none hyphens-auto print:w-full print:max-w-2\/5 text-label-small\">Surface finish<\/label><\/p>\n<div class=\"flex flex-1 flex-wrap gap-050\">\n<div class=\"dropdown-wrapper dropdown-wrapper-small w-full gtm-purchase-option-value gtm-purchase-option-value-dropdown\"><select class=\"form-dropdown form-input form-dropdown-small\"><option value=\"0\" data-gtm-name=\"Anodized aluminium colour paint\" data-gtm-label=\"Anodized aluminium colour paint\">Anodized aluminium colour paint<\/option><option value=\"1\" data-gtm-name=\"Signal white (RAL9003)\" data-gtm-label=\"Signal white (RAL9003)\">Signal white (RAL9003)<\/option><\/select><\/div>\n<\/div>\n<\/div>\n<\/div>\n<div class=\"gtm-sku-info flex flex-col gap-y-050 text-label-tiny text-neutral-600\">\n<div class=\"flex flex-wrap items-baseline gap-x-100 gap-y-025\"><span class=\"gtm-article-name\">KSV-1-B-C-AN<\/span><span class=\"whitespace-nowrap gtm-article-number text-base font-bold\">#60490<\/span><\/div>\n<\/div>\n","protected":false},"featured_media":38136,"template":"","meta":[],"product_brand":[],"product_cat":[1896,1843,1926],"product_tag":[],"class_list":{"0":"post-38159","1":"product","2":"type-product","3":"status-publish","4":"has-post-thumbnail","6":"product_cat-diffuzor-havalandirma-ucun-diffuzorlar","7":"product_cat-hava-paylayici-mhsullar","8":"product_cat-xtti-diffuzorlar","10":"first","11":"instock","12":"shipping-taxable","13":"product-type-simple"},"yoast_head":"<!-- This site is optimized with the Yoast SEO plugin v27.1.1 - https:\/\/yoast.com\/product\/yoast-seo-wordpress\/ -->\n<title>KSV-C X\u0259tti Diffuzorlar Tavan v\u0259 ya divar qura\u015fd\u0131r\u0131lmas\u0131 \u00fc\u00e7\u00fcn uy\u011fun dekorativ k\u00fcnc par\u00e7as\u0131 - Climate Master<\/title>\n<meta name=\"robots\" content=\"index, follow, max-snippet:-1, max-image-preview:large, max-video-preview:-1\" \/>\n<link rel=\"canonical\" href=\"https:\/\/climatemaster.ge\/az\/product\/ksv-c-linear-diffusers-decorative-corner-piece-suitable-for-ceiling-or-wall-installations\/\" \/>\n<meta property=\"og:locale\" content=\"az_AZ\" \/>\n<meta property=\"og:type\" content=\"article\" \/>\n<meta property=\"og:title\" content=\"KSV-C X\u0259tti Diffuzorlar Tavan v\u0259 ya divar qura\u015fd\u0131r\u0131lmas\u0131 \u00fc\u00e7\u00fcn uy\u011fun dekorativ k\u00fcnc par\u00e7as\u0131 - Climate Master\" \/>\n<meta property=\"og:description\" content=\"Estetik memarl\u0131q elementi     Number of slots 1234    Surface finish   Anodized aluminium colour paint Signal white (RAL9003)      KSV-1-B-C-AN#60490\" \/>\n<meta property=\"og:url\" content=\"https:\/\/climatemaster.ge\/az\/product\/ksv-c-linear-diffusers-decorative-corner-piece-suitable-for-ceiling-or-wall-installations\/\" \/>\n<meta property=\"og:site_name\" content=\"Climate Master\" \/>\n<meta property=\"article:modified_time\" content=\"2025-09-08T17:44:22+00:00\" \/>\n<meta property=\"og:image\" content=\"https:\/\/climatemaster.ge\/wp-content\/uploads\/2025\/09\/STORYBLOK_KSV-C_HQ.jpg\" \/>\n\t<meta property=\"og:image:width\" content=\"384\" \/>\n\t<meta property=\"og:image:height\" content=\"445\" \/>\n\t<meta property=\"og:image:type\" content=\"image\/jpeg\" \/>\n<meta name=\"twitter:card\" content=\"summary_large_image\" \/>\n<script type=\"application\/ld+json\" class=\"yoast-schema-graph\">{\"@context\":\"https:\/\/schema.org\",\"@graph\":[{\"@type\":\"WebPage\",\"@id\":\"https:\/\/climatemaster.ge\/az\/product\/ksv-c-linear-diffusers-decorative-corner-piece-suitable-for-ceiling-or-wall-installations\/\",\"url\":\"https:\/\/climatemaster.ge\/az\/product\/ksv-c-linear-diffusers-decorative-corner-piece-suitable-for-ceiling-or-wall-installations\/\",\"name\":\"KSV-C X\u0259tti Diffuzorlar Tavan v\u0259 ya divar qura\u015fd\u0131r\u0131lmas\u0131 \u00fc\u00e7\u00fcn uy\u011fun dekorativ k\u00fcnc par\u00e7as\u0131 - Climate Master\",\"isPartOf\":{\"@id\":\"https:\/\/climatemaster.ge\/#website\"},\"primaryImageOfPage\":{\"@id\":\"https:\/\/climatemaster.ge\/az\/product\/ksv-c-linear-diffusers-decorative-corner-piece-suitable-for-ceiling-or-wall-installations\/#primaryimage\"},\"image\":{\"@id\":\"https:\/\/climatemaster.ge\/az\/product\/ksv-c-linear-diffusers-decorative-corner-piece-suitable-for-ceiling-or-wall-installations\/#primaryimage\"},\"thumbnailUrl\":\"https:\/\/climatemaster.ge\/wp-content\/uploads\/2025\/09\/STORYBLOK_KSV-C_HQ.jpg\",\"datePublished\":\"2025-09-08T17:37:38+00:00\",\"dateModified\":\"2025-09-08T17:44:22+00:00\",\"breadcrumb\":{\"@id\":\"https:\/\/climatemaster.ge\/az\/product\/ksv-c-linear-diffusers-decorative-corner-piece-suitable-for-ceiling-or-wall-installations\/#breadcrumb\"},\"inLanguage\":\"az\",\"potentialAction\":[{\"@type\":\"ReadAction\",\"target\":[\"https:\/\/climatemaster.ge\/az\/product\/ksv-c-linear-diffusers-decorative-corner-piece-suitable-for-ceiling-or-wall-installations\/\"]}]},{\"@type\":\"ImageObject\",\"inLanguage\":\"az\",\"@id\":\"https:\/\/climatemaster.ge\/az\/product\/ksv-c-linear-diffusers-decorative-corner-piece-suitable-for-ceiling-or-wall-installations\/#primaryimage\",\"url\":\"https:\/\/climatemaster.ge\/wp-content\/uploads\/2025\/09\/STORYBLOK_KSV-C_HQ.jpg\",\"contentUrl\":\"https:\/\/climatemaster.ge\/wp-content\/uploads\/2025\/09\/STORYBLOK_KSV-C_HQ.jpg\",\"width\":384,\"height\":445},{\"@type\":\"BreadcrumbList\",\"@id\":\"https:\/\/climatemaster.ge\/az\/product\/ksv-c-linear-diffusers-decorative-corner-piece-suitable-for-ceiling-or-wall-installations\/#breadcrumb\",\"itemListElement\":[{\"@type\":\"ListItem\",\"position\":1,\"name\":\"Home\",\"item\":\"https:\/\/climatemaster.ge\/\"},{\"@type\":\"ListItem\",\"position\":2,\"name\":\"M\u0259hsullar\",\"item\":\"https:\/\/climatemaster.ge\/products\/\"},{\"@type\":\"ListItem\",\"position\":3,\"name\":\"KSV-C X\u0259tti Diffuzorlar Tavan v\u0259 ya divar qura\u015fd\u0131r\u0131lmas\u0131 \u00fc\u00e7\u00fcn uy\u011fun dekorativ k\u00fcnc par\u00e7as\u0131\"}]},{\"@type\":\"WebSite\",\"@id\":\"https:\/\/climatemaster.ge\/#website\",\"url\":\"https:\/\/climatemaster.ge\/\",\"name\":\"Climate Master\",\"description\":\"\",\"publisher\":{\"@id\":\"https:\/\/climatemaster.ge\/#organization\"},\"potentialAction\":[{\"@type\":\"SearchAction\",\"target\":{\"@type\":\"EntryPoint\",\"urlTemplate\":\"https:\/\/climatemaster.ge\/?s={search_term_string}\"},\"query-input\":{\"@type\":\"PropertyValueSpecification\",\"valueRequired\":true,\"valueName\":\"search_term_string\"}}],\"inLanguage\":\"az\"},{\"@type\":\"Organization\",\"@id\":\"https:\/\/climatemaster.ge\/#organization\",\"name\":\"Climate Master\",\"url\":\"https:\/\/climatemaster.ge\/\",\"logo\":{\"@type\":\"ImageObject\",\"inLanguage\":\"az\",\"@id\":\"https:\/\/climatemaster.ge\/#\/schema\/logo\/image\/\",\"url\":\"https:\/\/climatemaster.ge\/wp-content\/uploads\/2026\/03\/Untitled-2.png\",\"contentUrl\":\"https:\/\/climatemaster.ge\/wp-content\/uploads\/2026\/03\/Untitled-2.png\",\"width\":600,\"height\":338,\"caption\":\"Climate Master\"},\"image\":{\"@id\":\"https:\/\/climatemaster.ge\/#\/schema\/logo\/image\/\"}}]}<\/script>\n<!-- \/ Yoast SEO plugin. -->","yoast_head_json":{"title":"KSV-C X\u0259tti Diffuzorlar Tavan v\u0259 ya divar qura\u015fd\u0131r\u0131lmas\u0131 \u00fc\u00e7\u00fcn uy\u011fun dekorativ k\u00fcnc par\u00e7as\u0131 - Climate Master","robots":{"index":"index","follow":"follow","max-snippet":"max-snippet:-1","max-image-preview":"max-image-preview:large","max-video-preview":"max-video-preview:-1"},"canonical":"https:\/\/climatemaster.ge\/az\/product\/ksv-c-linear-diffusers-decorative-corner-piece-suitable-for-ceiling-or-wall-installations\/","og_locale":"az_AZ","og_type":"article","og_title":"KSV-C X\u0259tti Diffuzorlar Tavan v\u0259 ya divar qura\u015fd\u0131r\u0131lmas\u0131 \u00fc\u00e7\u00fcn uy\u011fun dekorativ k\u00fcnc par\u00e7as\u0131 - Climate Master","og_description":"Estetik memarl\u0131q elementi     Number of slots 1234    Surface finish   Anodized aluminium colour paint Signal white (RAL9003)      KSV-1-B-C-AN#60490","og_url":"https:\/\/climatemaster.ge\/az\/product\/ksv-c-linear-diffusers-decorative-corner-piece-suitable-for-ceiling-or-wall-installations\/","og_site_name":"Climate Master","article_modified_time":"2025-09-08T17:44:22+00:00","og_image":[{"width":384,"height":445,"url":"https:\/\/climatemaster.ge\/wp-content\/uploads\/2025\/09\/STORYBLOK_KSV-C_HQ.jpg","type":"image\/jpeg"}],"twitter_card":"summary_large_image","schema":{"@context":"https:\/\/schema.org","@graph":[{"@type":"WebPage","@id":"https:\/\/climatemaster.ge\/az\/product\/ksv-c-linear-diffusers-decorative-corner-piece-suitable-for-ceiling-or-wall-installations\/","url":"https:\/\/climatemaster.ge\/az\/product\/ksv-c-linear-diffusers-decorative-corner-piece-suitable-for-ceiling-or-wall-installations\/","name":"KSV-C X\u0259tti Diffuzorlar Tavan v\u0259 ya divar qura\u015fd\u0131r\u0131lmas\u0131 \u00fc\u00e7\u00fcn uy\u011fun dekorativ k\u00fcnc par\u00e7as\u0131 - Climate Master","isPartOf":{"@id":"https:\/\/climatemaster.ge\/#website"},"primaryImageOfPage":{"@id":"https:\/\/climatemaster.ge\/az\/product\/ksv-c-linear-diffusers-decorative-corner-piece-suitable-for-ceiling-or-wall-installations\/#primaryimage"},"image":{"@id":"https:\/\/climatemaster.ge\/az\/product\/ksv-c-linear-diffusers-decorative-corner-piece-suitable-for-ceiling-or-wall-installations\/#primaryimage"},"thumbnailUrl":"https:\/\/climatemaster.ge\/wp-content\/uploads\/2025\/09\/STORYBLOK_KSV-C_HQ.jpg","datePublished":"2025-09-08T17:37:38+00:00","dateModified":"2025-09-08T17:44:22+00:00","breadcrumb":{"@id":"https:\/\/climatemaster.ge\/az\/product\/ksv-c-linear-diffusers-decorative-corner-piece-suitable-for-ceiling-or-wall-installations\/#breadcrumb"},"inLanguage":"az","potentialAction":[{"@type":"ReadAction","target":["https:\/\/climatemaster.ge\/az\/product\/ksv-c-linear-diffusers-decorative-corner-piece-suitable-for-ceiling-or-wall-installations\/"]}]},{"@type":"ImageObject","inLanguage":"az","@id":"https:\/\/climatemaster.ge\/az\/product\/ksv-c-linear-diffusers-decorative-corner-piece-suitable-for-ceiling-or-wall-installations\/#primaryimage","url":"https:\/\/climatemaster.ge\/wp-content\/uploads\/2025\/09\/STORYBLOK_KSV-C_HQ.jpg","contentUrl":"https:\/\/climatemaster.ge\/wp-content\/uploads\/2025\/09\/STORYBLOK_KSV-C_HQ.jpg","width":384,"height":445},{"@type":"BreadcrumbList","@id":"https:\/\/climatemaster.ge\/az\/product\/ksv-c-linear-diffusers-decorative-corner-piece-suitable-for-ceiling-or-wall-installations\/#breadcrumb","itemListElement":[{"@type":"ListItem","position":1,"name":"Home","item":"https:\/\/climatemaster.ge\/"},{"@type":"ListItem","position":2,"name":"M\u0259hsullar","item":"https:\/\/climatemaster.ge\/products\/"},{"@type":"ListItem","position":3,"name":"KSV-C X\u0259tti Diffuzorlar Tavan v\u0259 ya divar qura\u015fd\u0131r\u0131lmas\u0131 \u00fc\u00e7\u00fcn uy\u011fun dekorativ k\u00fcnc par\u00e7as\u0131"}]},{"@type":"WebSite","@id":"https:\/\/climatemaster.ge\/#website","url":"https:\/\/climatemaster.ge\/","name":"Climate Master","description":"","publisher":{"@id":"https:\/\/climatemaster.ge\/#organization"},"potentialAction":[{"@type":"SearchAction","target":{"@type":"EntryPoint","urlTemplate":"https:\/\/climatemaster.ge\/?s={search_term_string}"},"query-input":{"@type":"PropertyValueSpecification","valueRequired":true,"valueName":"search_term_string"}}],"inLanguage":"az"},{"@type":"Organization","@id":"https:\/\/climatemaster.ge\/#organization","name":"Climate Master","url":"https:\/\/climatemaster.ge\/","logo":{"@type":"ImageObject","inLanguage":"az","@id":"https:\/\/climatemaster.ge\/#\/schema\/logo\/image\/","url":"https:\/\/climatemaster.ge\/wp-content\/uploads\/2026\/03\/Untitled-2.png","contentUrl":"https:\/\/climatemaster.ge\/wp-content\/uploads\/2026\/03\/Untitled-2.png","width":600,"height":338,"caption":"Climate Master"},"image":{"@id":"https:\/\/climatemaster.ge\/#\/schema\/logo\/image\/"}}]}},"_links":{"self":[{"href":"https:\/\/climatemaster.ge\/az\/wp-json\/wp\/v2\/product\/38159","targetHints":{"allow":["GET"]}}],"collection":[{"href":"https:\/\/climatemaster.ge\/az\/wp-json\/wp\/v2\/product"}],"about":[{"href":"https:\/\/climatemaster.ge\/az\/wp-json\/wp\/v2\/types\/product"}],"wp:featuredmedia":[{"embeddable":true,"href":"https:\/\/climatemaster.ge\/az\/wp-json\/wp\/v2\/media\/38136"}],"wp:attachment":[{"href":"https:\/\/climatemaster.ge\/az\/wp-json\/wp\/v2\/media?parent=38159"}],"wp:term":[{"taxonomy":"product_brand","embeddable":true,"href":"https:\/\/climatemaster.ge\/az\/wp-json\/wp\/v2\/product_brand?post=38159"},{"taxonomy":"product_cat","embeddable":true,"href":"https:\/\/climatemaster.ge\/az\/wp-json\/wp\/v2\/product_cat?post=38159"},{"taxonomy":"product_tag","embeddable":true,"href":"https:\/\/climatemaster.ge\/az\/wp-json\/wp\/v2\/product_tag?post=38159"}],"curies":[{"name":"wp","href":"https:\/\/api.w.org\/{rel}","templated":true}]}}