{"id":38128,"date":"2025-09-08T19:08:15","date_gmt":"2025-09-08T15:08:15","guid":{"rendered":"https:\/\/airsystems.ge\/shop\/product\/vvkr-f-swirl-diffusers-square-swirl-diffuser-suitable-for-t-bar-suspended-ceiling-installation\/"},"modified":"2025-09-08T21:31:45","modified_gmt":"2025-09-08T17:31:45","slug":"vvkr-f-swirl-diffusers-square-swirl-diffuser-suitable-for-t-bar-suspended-ceiling-installation","status":"publish","type":"product","link":"https:\/\/climatemaster.ge\/az\/product\/vvkr-f-swirl-diffusers-square-swirl-diffuser-suitable-for-t-bar-suspended-ceiling-installation\/","title":{"rendered":"VVKR-F Swirl Diffuzorlar T-barl\u0131 asma tavan\u0131n qura\u015fd\u0131r\u0131lmas\u0131 \u00fc\u00e7\u00fcn uy\u011fun olan kvadrat burul\u011fanl\u0131 diffuzor"},"content":{"rendered":"<div class=\"mb-400 gtm-product-section container-fluid\" data-gtm-name=\"Benefits\" data-gtm-label=\"Benefits (en)\" data-gtm-vis-recent-on-screen53434917_103=\"100700\" data-gtm-vis-first-on-screen53434917_103=\"100700\" data-gtm-vis-total-visible-time53434917_103=\"1500\" data-gtm-vis-has-fired53434917_103=\"1\">\n<div class=\"row\">\n<div class=\"content-element content-element-product-benefit col-12 sm:col-6 mb-400\">\n<div class=\"bg-card px-300 py-250 mobile-nav:px-200 mobile-nav:py-150 h-full flex overflow-hidden card-border\">\n<div class=\"min-w-0\">\n<div class=\"mb-400 gtm-product-section container-fluid\" data-gtm-name=\"Benefits\" data-gtm-label=\"Benefits (en)\" data-gtm-vis-first-on-screen53434917_103=\"100700\" data-gtm-vis-total-visible-time53434917_103=\"1500\" data-gtm-vis-has-fired53434917_103=\"1\">\n<div class=\"row\">\n<div class=\"content-element content-element-product-benefit col-12 sm:col-6 mb-400\">\n<div class=\"bg-card px-300 py-250 mobile-nav:px-200 mobile-nav:py-150 h-full flex overflow-hidden card-border\">\n<div class=\"min-w-0\">\n<p><strong>Asan qura\u015fd\u0131rma<\/strong><br \/>\nVVKR-F kvadrat formal\u0131 diffuzor sad\u0259 v\u0259 t\u0259hl\u00fck\u0259siz dizayna malikdir ki, bu da asan qura\u015fd\u0131rma v\u0259 idar\u0259 etm\u0259yi asanla\u015fd\u0131r\u0131r.<\/p>\n<p>&nbsp;<\/p>\n<p><strong>Birba\u015fa \u0259laq\u0259<\/strong><br \/>\nWVKR-F, kanal \u0259yilm\u0259 v\u0259 ya tee il\u0259 birba\u015fa \u0259laq\u0259 il\u0259 plenum qutusu olmadan i\u015fl\u0259y\u0259 bil\u0259r.<\/p>\n<p>&nbsp;<\/p>\n<p><strong>Yax\u015f\u0131 balansla\u015fd\u0131r\u0131lm\u0131\u015f<\/strong><br \/>\nDiffuzor hava ax\u0131n\u0131 tutumu, t\u0259zyiq d\u00fc\u015fm\u0259si v\u0259 s\u0259s istehsal\u0131 aras\u0131nda yax\u015f\u0131 balansla\u015fd\u0131r\u0131lm\u0131\u015f nisb\u0259t\u0259 malikdir.<\/p>\n<p>&nbsp;<\/p>\n<p>VVKR-F t\u0259nziml\u0259n\u0259n deflektorlarla tamamlanm\u0131\u015f kvadrat formal\u0131 burulma diffuzorudur. M\u00fcxt\u0259lif \u00f6l\u00e7\u00fcl\u0259rd\u0259 m\u00f6vcuddur, T-bar asma tavanlarda asan qura\u015fd\u0131rma \u00fc\u00e7\u00fcn n\u0259z\u0259rd\u0259 tutulmu\u015fdur. O, geni\u015f t\u0259tbiq sah\u0259sin\u0259 malikdir v\u0259 ad\u0259t\u0259n ofisl\u0259rd\u0259, m\u0259kt\u0259bl\u0259rd\u0259, tibb m\u0259nt\u0259q\u0259l\u0259rind\u0259, ictimai salonlarda, q\u0259bul sah\u0259l\u0259rind\u0259 v\u0259 d\u0259hlizl\u0259rd\u0259 qura\u015fd\u0131r\u0131l\u0131r. O, hava t\u0259dar\u00fck\u00fc \u00fc\u00e7\u00fcn n\u0259z\u0259rd\u0259 tutulub v\u0259 n\u0259tic\u0259d\u0259 hava \u00e7\u0131xarmaq \u00fc\u00e7\u00fcn d\u0259 istifad\u0259 oluna bil\u0259r. T\u00f6vsiy\u0259 olunan qura\u015fd\u0131rma h\u00fcnd\u00fcrl\u00fcy\u00fc 4 m-\u0259 q\u0259d\u0259rdir.<\/p>\n<p>VVKR-F h\u0259tta a\u015fa\u011f\u0131 hava ax\u0131n\u0131 h\u0259cml\u0259rind\u0259 \u0259la induksiya s\u00fcr\u0259tin\u0259 malikdir v\u0259 hava ax\u0131n\u0131 tutumu, t\u0259zyiq d\u00fc\u015fm\u0259si v\u0259 s\u0259s istehsal\u0131 aras\u0131nda yax\u015f\u0131 balansla\u015fd\u0131r\u0131lm\u0131\u015f nisb\u0259t t\u0259min edir. VVKR-F toz boya il\u0259 \u00f6rt\u00fclm\u00fc\u015f sinkl\u0259nmi\u015f polad t\u0259b\u0259q\u0259d\u0259n haz\u0131rlanm\u0131\u015fd\u0131r. O, dair\u0259vi kanal ba\u011flant\u0131s\u0131 olan arxa qutudan v\u0259 t\u0259nziml\u0259n\u0259n polimer deflektorlar\u0131 olan \u00f6n l\u00f6vh\u0259d\u0259n ibar\u0259tdir. D\u0259st\u0259k qutusunun xarici formas\u0131 T-bar tavan \u00e7\u0259r\u00e7iv\u0259l\u0259rin\u0259 uy\u011funla\u015fd\u0131r\u0131l\u0131b. \u00d6n bo\u015fqab bo\u015fqab\u0131n k\u0259nar\u0131ndak\u0131 qatlanan qulaq vasit\u0259sil\u0259 al\u0259tl\u0259r olmadan asanl\u0131qla a\u00e7\u0131la v\u0259 ya ayr\u0131la bil\u0259r.<\/p>\n<p>&nbsp;<\/p>\n<p><strong>Sifari\u015finiz, t\u0259rziniz!<\/strong><br \/>\nM\u0259hsulumuz sizin se\u00e7iml\u0259riniz\u0259 uy\u011funla\u015fd\u0131r\u0131la bil\u0259r v\u0259 estetik bax\u0131\u015f\u0131n\u0131za m\u00fck\u0259mm\u0259l uy\u011funla\u015fmaq \u00fc\u00e7\u00fcn onu ist\u0259nil\u0259n RAL kodu s\u0259thi il\u0259 sifari\u015f etm\u0259y\u0259 imkan verir.<\/p>\n<\/div>\n<\/div>\n<\/div>\n<\/div>\n<\/div>\n<\/div>\n<\/div>\n<\/div>\n<\/div>\n<\/div>\n","protected":false},"excerpt":{"rendered":"<div>\n<ul>\n<li>Sad\u0259 dizayn\n<p>Asan qura\u015fd\u0131rma<\/p>\n<p>D\u0259yi\u015f\u0259n hava bo\u015falmas\u0131<\/p>\n<p>\u018fla induksiya d\u0259r\u0259c\u0259si<\/li>\n<\/ul>\n<\/div>\n<div class=\"flex flex-col gap-200\">\n<div class=\"flex flex-col flex-wrap gap-100 md:flex-row md:items-center gtm-purchase-option\" data-gtm-name=\"size\" data-gtm-label=\"Size\">\n<p><label class=\"flex gap-050 md:w-700 leading-none hyphens-auto print:w-full print:max-w-2\/5 text-label-small\">Size<\/label><\/p>\n<div class=\"flex flex-1 flex-wrap gap-050\"><button class=\"select-btn select-btn-small select-btn-selected gtm-purchase-option-value\" type=\"button\" data-gtm-name=\"125\" data-gtm-label=\"125\">125<\/button><button class=\"select-btn select-btn-small select-btn-default gtm-purchase-option-value\" type=\"button\" data-gtm-name=\"160\" data-gtm-label=\"160\">160<\/button><button class=\"select-btn select-btn-small select-btn-default gtm-purchase-option-value\" type=\"button\" data-gtm-name=\"200\" data-gtm-label=\"200\">200<\/button><button class=\"select-btn select-btn-small select-btn-default gtm-purchase-option-value\" type=\"button\" data-gtm-name=\"250\" data-gtm-label=\"250\">250<\/button><\/div>\n<\/div>\n<\/div>\n<div class=\"gtm-sku-info flex flex-col gap-y-050 text-label-tiny text-neutral-600\">\n<div class=\"flex flex-wrap items-baseline gap-x-100 gap-y-025\"><span class=\"gtm-article-name\">VVKR-F-125-600-8-B-SW<\/span><span class=\"whitespace-nowrap gtm-article-number text-base font-bold\">#229532<\/span><\/div>\n<\/div>\n","protected":false},"featured_media":38123,"template":"","meta":[],"product_brand":[],"product_cat":[1896,1843,1932],"product_tag":[],"class_list":{"0":"post-38128","1":"product","2":"type-product","3":"status-publish","4":"has-post-thumbnail","6":"product_cat-diffuzor-havalandirma-ucun-diffuzorlar","7":"product_cat-hava-paylayici-mhsullar","8":"product_cat-swirl-diffuzorlar","10":"first","11":"instock","12":"shipping-taxable","13":"product-type-simple"},"yoast_head":"<!-- This site is optimized with the Yoast SEO plugin v27.1.1 - https:\/\/yoast.com\/product\/yoast-seo-wordpress\/ -->\n<title>VVKR-F Swirl Diffuzorlar T-barl\u0131 asma tavan\u0131n qura\u015fd\u0131r\u0131lmas\u0131 \u00fc\u00e7\u00fcn uy\u011fun olan kvadrat burul\u011fanl\u0131 diffuzor - Climate Master<\/title>\n<meta name=\"robots\" content=\"index, follow, max-snippet:-1, max-image-preview:large, max-video-preview:-1\" \/>\n<link rel=\"canonical\" href=\"https:\/\/climatemaster.ge\/az\/product\/vvkr-f-swirl-diffusers-square-swirl-diffuser-suitable-for-t-bar-suspended-ceiling-installation\/\" \/>\n<meta property=\"og:locale\" content=\"az_AZ\" \/>\n<meta property=\"og:type\" content=\"article\" \/>\n<meta property=\"og:title\" content=\"VVKR-F Swirl Diffuzorlar T-barl\u0131 asma tavan\u0131n qura\u015fd\u0131r\u0131lmas\u0131 \u00fc\u00e7\u00fcn uy\u011fun olan kvadrat burul\u011fanl\u0131 diffuzor - Climate Master\" \/>\n<meta property=\"og:description\" content=\"Sad\u0259 dizayn  Asan qura\u015fd\u0131rma  D\u0259yi\u015f\u0259n hava bo\u015falmas\u0131  \u018fla induksiya d\u0259r\u0259c\u0259si      Size 125160200250    VVKR-F-125-600-8-B-SW#229532\" \/>\n<meta property=\"og:url\" content=\"https:\/\/climatemaster.ge\/az\/product\/vvkr-f-swirl-diffusers-square-swirl-diffuser-suitable-for-t-bar-suspended-ceiling-installation\/\" \/>\n<meta property=\"og:site_name\" content=\"Climate Master\" \/>\n<meta property=\"article:modified_time\" content=\"2025-09-08T17:31:45+00:00\" \/>\n<meta property=\"og:image\" content=\"https:\/\/climatemaster.ge\/wp-content\/uploads\/2025\/09\/PRODUCT-MAIN-IMAGE_VVKR_F.jpg\" \/>\n\t<meta property=\"og:image:width\" content=\"384\" \/>\n\t<meta property=\"og:image:height\" content=\"288\" \/>\n\t<meta property=\"og:image:type\" content=\"image\/jpeg\" \/>\n<meta name=\"twitter:card\" content=\"summary_large_image\" \/>\n<meta name=\"twitter:label1\" content=\"Est. reading time\" \/>\n\t<meta name=\"twitter:data1\" content=\"2 minutes\" \/>\n<script type=\"application\/ld+json\" class=\"yoast-schema-graph\">{\"@context\":\"https:\/\/schema.org\",\"@graph\":[{\"@type\":\"WebPage\",\"@id\":\"https:\/\/climatemaster.ge\/az\/product\/vvkr-f-swirl-diffusers-square-swirl-diffuser-suitable-for-t-bar-suspended-ceiling-installation\/\",\"url\":\"https:\/\/climatemaster.ge\/az\/product\/vvkr-f-swirl-diffusers-square-swirl-diffuser-suitable-for-t-bar-suspended-ceiling-installation\/\",\"name\":\"VVKR-F Swirl Diffuzorlar T-barl\u0131 asma tavan\u0131n qura\u015fd\u0131r\u0131lmas\u0131 \u00fc\u00e7\u00fcn uy\u011fun olan kvadrat burul\u011fanl\u0131 diffuzor - Climate Master\",\"isPartOf\":{\"@id\":\"https:\/\/climatemaster.ge\/#website\"},\"primaryImageOfPage\":{\"@id\":\"https:\/\/climatemaster.ge\/az\/product\/vvkr-f-swirl-diffusers-square-swirl-diffuser-suitable-for-t-bar-suspended-ceiling-installation\/#primaryimage\"},\"image\":{\"@id\":\"https:\/\/climatemaster.ge\/az\/product\/vvkr-f-swirl-diffusers-square-swirl-diffuser-suitable-for-t-bar-suspended-ceiling-installation\/#primaryimage\"},\"thumbnailUrl\":\"https:\/\/climatemaster.ge\/wp-content\/uploads\/2025\/09\/PRODUCT-MAIN-IMAGE_VVKR_F.jpg\",\"datePublished\":\"2025-09-08T15:08:15+00:00\",\"dateModified\":\"2025-09-08T17:31:45+00:00\",\"breadcrumb\":{\"@id\":\"https:\/\/climatemaster.ge\/az\/product\/vvkr-f-swirl-diffusers-square-swirl-diffuser-suitable-for-t-bar-suspended-ceiling-installation\/#breadcrumb\"},\"inLanguage\":\"az\",\"potentialAction\":[{\"@type\":\"ReadAction\",\"target\":[\"https:\/\/climatemaster.ge\/az\/product\/vvkr-f-swirl-diffusers-square-swirl-diffuser-suitable-for-t-bar-suspended-ceiling-installation\/\"]}]},{\"@type\":\"ImageObject\",\"inLanguage\":\"az\",\"@id\":\"https:\/\/climatemaster.ge\/az\/product\/vvkr-f-swirl-diffusers-square-swirl-diffuser-suitable-for-t-bar-suspended-ceiling-installation\/#primaryimage\",\"url\":\"https:\/\/climatemaster.ge\/wp-content\/uploads\/2025\/09\/PRODUCT-MAIN-IMAGE_VVKR_F.jpg\",\"contentUrl\":\"https:\/\/climatemaster.ge\/wp-content\/uploads\/2025\/09\/PRODUCT-MAIN-IMAGE_VVKR_F.jpg\",\"width\":384,\"height\":288},{\"@type\":\"BreadcrumbList\",\"@id\":\"https:\/\/climatemaster.ge\/az\/product\/vvkr-f-swirl-diffusers-square-swirl-diffuser-suitable-for-t-bar-suspended-ceiling-installation\/#breadcrumb\",\"itemListElement\":[{\"@type\":\"ListItem\",\"position\":1,\"name\":\"Home\",\"item\":\"https:\/\/climatemaster.ge\/\"},{\"@type\":\"ListItem\",\"position\":2,\"name\":\"M\u0259hsullar\",\"item\":\"https:\/\/climatemaster.ge\/products\/\"},{\"@type\":\"ListItem\",\"position\":3,\"name\":\"VVKR-F Swirl Diffuzorlar T-barl\u0131 asma tavan\u0131n qura\u015fd\u0131r\u0131lmas\u0131 \u00fc\u00e7\u00fcn uy\u011fun olan kvadrat burul\u011fanl\u0131 diffuzor\"}]},{\"@type\":\"WebSite\",\"@id\":\"https:\/\/climatemaster.ge\/#website\",\"url\":\"https:\/\/climatemaster.ge\/\",\"name\":\"Climate Master\",\"description\":\"\",\"publisher\":{\"@id\":\"https:\/\/climatemaster.ge\/#organization\"},\"potentialAction\":[{\"@type\":\"SearchAction\",\"target\":{\"@type\":\"EntryPoint\",\"urlTemplate\":\"https:\/\/climatemaster.ge\/?s={search_term_string}\"},\"query-input\":{\"@type\":\"PropertyValueSpecification\",\"valueRequired\":true,\"valueName\":\"search_term_string\"}}],\"inLanguage\":\"az\"},{\"@type\":\"Organization\",\"@id\":\"https:\/\/climatemaster.ge\/#organization\",\"name\":\"Climate Master\",\"url\":\"https:\/\/climatemaster.ge\/\",\"logo\":{\"@type\":\"ImageObject\",\"inLanguage\":\"az\",\"@id\":\"https:\/\/climatemaster.ge\/#\/schema\/logo\/image\/\",\"url\":\"https:\/\/climatemaster.ge\/wp-content\/uploads\/2026\/03\/Untitled-2.png\",\"contentUrl\":\"https:\/\/climatemaster.ge\/wp-content\/uploads\/2026\/03\/Untitled-2.png\",\"width\":600,\"height\":338,\"caption\":\"Climate Master\"},\"image\":{\"@id\":\"https:\/\/climatemaster.ge\/#\/schema\/logo\/image\/\"}}]}<\/script>\n<!-- \/ Yoast SEO plugin. -->","yoast_head_json":{"title":"VVKR-F Swirl Diffuzorlar T-barl\u0131 asma tavan\u0131n qura\u015fd\u0131r\u0131lmas\u0131 \u00fc\u00e7\u00fcn uy\u011fun olan kvadrat burul\u011fanl\u0131 diffuzor - Climate Master","robots":{"index":"index","follow":"follow","max-snippet":"max-snippet:-1","max-image-preview":"max-image-preview:large","max-video-preview":"max-video-preview:-1"},"canonical":"https:\/\/climatemaster.ge\/az\/product\/vvkr-f-swirl-diffusers-square-swirl-diffuser-suitable-for-t-bar-suspended-ceiling-installation\/","og_locale":"az_AZ","og_type":"article","og_title":"VVKR-F Swirl Diffuzorlar T-barl\u0131 asma tavan\u0131n qura\u015fd\u0131r\u0131lmas\u0131 \u00fc\u00e7\u00fcn uy\u011fun olan kvadrat burul\u011fanl\u0131 diffuzor - Climate Master","og_description":"Sad\u0259 dizayn  Asan qura\u015fd\u0131rma  D\u0259yi\u015f\u0259n hava bo\u015falmas\u0131  \u018fla induksiya d\u0259r\u0259c\u0259si      Size 125160200250    VVKR-F-125-600-8-B-SW#229532","og_url":"https:\/\/climatemaster.ge\/az\/product\/vvkr-f-swirl-diffusers-square-swirl-diffuser-suitable-for-t-bar-suspended-ceiling-installation\/","og_site_name":"Climate Master","article_modified_time":"2025-09-08T17:31:45+00:00","og_image":[{"width":384,"height":288,"url":"https:\/\/climatemaster.ge\/wp-content\/uploads\/2025\/09\/PRODUCT-MAIN-IMAGE_VVKR_F.jpg","type":"image\/jpeg"}],"twitter_card":"summary_large_image","twitter_misc":{"Est. reading time":"2 minutes"},"schema":{"@context":"https:\/\/schema.org","@graph":[{"@type":"WebPage","@id":"https:\/\/climatemaster.ge\/az\/product\/vvkr-f-swirl-diffusers-square-swirl-diffuser-suitable-for-t-bar-suspended-ceiling-installation\/","url":"https:\/\/climatemaster.ge\/az\/product\/vvkr-f-swirl-diffusers-square-swirl-diffuser-suitable-for-t-bar-suspended-ceiling-installation\/","name":"VVKR-F Swirl Diffuzorlar T-barl\u0131 asma tavan\u0131n qura\u015fd\u0131r\u0131lmas\u0131 \u00fc\u00e7\u00fcn uy\u011fun olan kvadrat burul\u011fanl\u0131 diffuzor - Climate Master","isPartOf":{"@id":"https:\/\/climatemaster.ge\/#website"},"primaryImageOfPage":{"@id":"https:\/\/climatemaster.ge\/az\/product\/vvkr-f-swirl-diffusers-square-swirl-diffuser-suitable-for-t-bar-suspended-ceiling-installation\/#primaryimage"},"image":{"@id":"https:\/\/climatemaster.ge\/az\/product\/vvkr-f-swirl-diffusers-square-swirl-diffuser-suitable-for-t-bar-suspended-ceiling-installation\/#primaryimage"},"thumbnailUrl":"https:\/\/climatemaster.ge\/wp-content\/uploads\/2025\/09\/PRODUCT-MAIN-IMAGE_VVKR_F.jpg","datePublished":"2025-09-08T15:08:15+00:00","dateModified":"2025-09-08T17:31:45+00:00","breadcrumb":{"@id":"https:\/\/climatemaster.ge\/az\/product\/vvkr-f-swirl-diffusers-square-swirl-diffuser-suitable-for-t-bar-suspended-ceiling-installation\/#breadcrumb"},"inLanguage":"az","potentialAction":[{"@type":"ReadAction","target":["https:\/\/climatemaster.ge\/az\/product\/vvkr-f-swirl-diffusers-square-swirl-diffuser-suitable-for-t-bar-suspended-ceiling-installation\/"]}]},{"@type":"ImageObject","inLanguage":"az","@id":"https:\/\/climatemaster.ge\/az\/product\/vvkr-f-swirl-diffusers-square-swirl-diffuser-suitable-for-t-bar-suspended-ceiling-installation\/#primaryimage","url":"https:\/\/climatemaster.ge\/wp-content\/uploads\/2025\/09\/PRODUCT-MAIN-IMAGE_VVKR_F.jpg","contentUrl":"https:\/\/climatemaster.ge\/wp-content\/uploads\/2025\/09\/PRODUCT-MAIN-IMAGE_VVKR_F.jpg","width":384,"height":288},{"@type":"BreadcrumbList","@id":"https:\/\/climatemaster.ge\/az\/product\/vvkr-f-swirl-diffusers-square-swirl-diffuser-suitable-for-t-bar-suspended-ceiling-installation\/#breadcrumb","itemListElement":[{"@type":"ListItem","position":1,"name":"Home","item":"https:\/\/climatemaster.ge\/"},{"@type":"ListItem","position":2,"name":"M\u0259hsullar","item":"https:\/\/climatemaster.ge\/products\/"},{"@type":"ListItem","position":3,"name":"VVKR-F Swirl Diffuzorlar T-barl\u0131 asma tavan\u0131n qura\u015fd\u0131r\u0131lmas\u0131 \u00fc\u00e7\u00fcn uy\u011fun olan kvadrat burul\u011fanl\u0131 diffuzor"}]},{"@type":"WebSite","@id":"https:\/\/climatemaster.ge\/#website","url":"https:\/\/climatemaster.ge\/","name":"Climate Master","description":"","publisher":{"@id":"https:\/\/climatemaster.ge\/#organization"},"potentialAction":[{"@type":"SearchAction","target":{"@type":"EntryPoint","urlTemplate":"https:\/\/climatemaster.ge\/?s={search_term_string}"},"query-input":{"@type":"PropertyValueSpecification","valueRequired":true,"valueName":"search_term_string"}}],"inLanguage":"az"},{"@type":"Organization","@id":"https:\/\/climatemaster.ge\/#organization","name":"Climate Master","url":"https:\/\/climatemaster.ge\/","logo":{"@type":"ImageObject","inLanguage":"az","@id":"https:\/\/climatemaster.ge\/#\/schema\/logo\/image\/","url":"https:\/\/climatemaster.ge\/wp-content\/uploads\/2026\/03\/Untitled-2.png","contentUrl":"https:\/\/climatemaster.ge\/wp-content\/uploads\/2026\/03\/Untitled-2.png","width":600,"height":338,"caption":"Climate Master"},"image":{"@id":"https:\/\/climatemaster.ge\/#\/schema\/logo\/image\/"}}]}},"_links":{"self":[{"href":"https:\/\/climatemaster.ge\/az\/wp-json\/wp\/v2\/product\/38128","targetHints":{"allow":["GET"]}}],"collection":[{"href":"https:\/\/climatemaster.ge\/az\/wp-json\/wp\/v2\/product"}],"about":[{"href":"https:\/\/climatemaster.ge\/az\/wp-json\/wp\/v2\/types\/product"}],"wp:featuredmedia":[{"embeddable":true,"href":"https:\/\/climatemaster.ge\/az\/wp-json\/wp\/v2\/media\/38123"}],"wp:attachment":[{"href":"https:\/\/climatemaster.ge\/az\/wp-json\/wp\/v2\/media?parent=38128"}],"wp:term":[{"taxonomy":"product_brand","embeddable":true,"href":"https:\/\/climatemaster.ge\/az\/wp-json\/wp\/v2\/product_brand?post=38128"},{"taxonomy":"product_cat","embeddable":true,"href":"https:\/\/climatemaster.ge\/az\/wp-json\/wp\/v2\/product_cat?post=38128"},{"taxonomy":"product_tag","embeddable":true,"href":"https:\/\/climatemaster.ge\/az\/wp-json\/wp\/v2\/product_tag?post=38128"}],"curies":[{"name":"wp","href":"https:\/\/api.w.org\/{rel}","templated":true}]}}