{"id":37997,"date":"2025-09-08T18:24:02","date_gmt":"2025-09-08T14:24:02","guid":{"rendered":"https:\/\/airsystems.ge\/shop\/product\/37988\/"},"modified":"2025-09-08T18:29:32","modified_gmt":"2025-09-08T14:29:32","slug":"37988","status":"publish","type":"product","link":"https:\/\/climatemaster.ge\/az\/product\/37988\/","title":{"rendered":"OV-R \u00f6t\u00fcrm\u0259 vahidl\u0259ri Dair\u0259vi divar hava \u00f6t\u00fcrm\u0259 cihaz\u0131"},"content":{"rendered":"<p><img loading=\"lazy\" decoding=\"async\" class=\"alignnone size-full wp-image-37951\" src=\"https:\/\/airsystems.ge\/shop\/wp-content\/uploads\/2025\/09\/filters_quality80-36.webp\" alt=\"\" width=\"1920\" height=\"648\" srcset=\"https:\/\/climatemaster.ge\/wp-content\/uploads\/2025\/09\/filters_quality80-36.webp 1920w, https:\/\/climatemaster.ge\/wp-content\/uploads\/2025\/09\/filters_quality80-36-400x135.webp 400w, https:\/\/climatemaster.ge\/wp-content\/uploads\/2025\/09\/filters_quality80-36-1300x439.webp 1300w, https:\/\/climatemaster.ge\/wp-content\/uploads\/2025\/09\/filters_quality80-36-768x259.webp 768w, https:\/\/climatemaster.ge\/wp-content\/uploads\/2025\/09\/filters_quality80-36-1536x518.webp 1536w, https:\/\/climatemaster.ge\/wp-content\/uploads\/2025\/09\/filters_quality80-36-860x290.webp 860w, https:\/\/climatemaster.ge\/wp-content\/uploads\/2025\/09\/filters_quality80-36-430x145.webp 430w, https:\/\/climatemaster.ge\/wp-content\/uploads\/2025\/09\/filters_quality80-36-700x236.webp 700w, https:\/\/climatemaster.ge\/wp-content\/uploads\/2025\/09\/filters_quality80-36-150x51.webp 150w\" sizes=\"auto, (max-width: 1920px) 100vw, 1920px\" \/><\/p>\n<div class=\"mb-400 gtm-product-section container-fluid\" data-gtm-name=\"Benefits\" data-gtm-label=\"Benefits (en)\" data-gtm-vis-first-on-screen53434917_103=\"52326\" data-gtm-vis-total-visible-time53434917_103=\"1500\" data-gtm-vis-has-fired53434917_103=\"1\">\n<div class=\"row\">\n<div class=\"content-element content-element-product-benefit col-12 sm:col-6 mb-400\">\n<div class=\"bg-card px-300 py-250 mobile-nav:px-200 mobile-nav:py-150 h-full flex overflow-hidden card-border\">\n<div class=\"min-w-0\"><\/div>\n<\/div>\n<\/div>\n<\/div>\n<\/div>\n<div class=\"content-container content-container-page gtm-product-section\" data-gtm-name=\"Content\" data-gtm-label=\"Content (en)\" data-gtm-vis-first-on-screen53434917_103=\"52772\" data-gtm-vis-total-visible-time53434917_103=\"1500\" data-gtm-vis-recent-on-screen53434917_103=\"139390\" data-gtm-vis-has-fired53434917_103=\"1\">\n<div id=\"scroll-712e0274\" class=\"content-element content-element-grid gtm-component-grid mb-400 overflow-x-hidden container-screen px-0\">\n<div class=\"row mx-0 md:mx-0 pb-400 gap-y-0\">\n<div class=\"content-container content-container-grid-cell px-0 col-12 md:col-4 lg:col-4\">\n<div id=\"scroll-5f0c17b5\" class=\"break-words hyphens-auto content-element content-element-stat Stat_stat__1ggk2 Stat_stat--size-l__U0qD1 Stat_stat--color-cool__OWgK6 Stat_stat--is-card__QFUIr Stat_stat--is-in-grid__VRgRO\">\n<div class=\"Stat_text___1hYL\">\n<div class=\"richtext-wrap reset-margin-last\">\n<p><strong>Asan v\u0259 Tez Qura\u015fd\u0131rma<\/strong><br \/>\nOV-R tez v\u0259 asan qura\u015fd\u0131rma \u00fc\u00e7\u00fcn y\u0131\u011fcam, rasional dizayna malikdir.<\/p>\n<p>&nbsp;<\/p>\n<p><strong>Effektiv s\u0259s z\u0259ifl\u0259m\u0259si<\/strong><br \/>\nOV-R s\u0259s diffuzorunda g\u00fccl\u00fc s\u0259s z\u0259ifl\u0259m\u0259 elementl\u0259ri var.<\/p>\n<p><strong>A\u015fa\u011f\u0131 Hava Transfer M\u00fcqavim\u0259ti<\/strong><br \/>\nOV-R m\u00fcxt\u0259lif parametrl\u0259rd\u0259 effektiv i\u015fl\u0259m\u0259k \u00fc\u00e7\u00fcn a\u015fa\u011f\u0131 hava \u00f6t\u00fcrm\u0259 m\u00fcqavim\u0259tin\u0259 nail olur.<\/p>\n<p>&nbsp;<\/p>\n<p>OV-R m\u00fcxt\u0259lif qur\u011fularda effektiv hava \u00f6t\u00fcr\u00fclm\u0259sini t\u0259min ed\u0259n divar \u00f6t\u00fcrm\u0259 qur\u011fusudur. O, dig\u0259r parametrl\u0259r \u00fcz\u0259rind\u0259n qon\u015fu ya\u015fay\u0131\u015f, otel v\u0259 ofis otaqlar\u0131 aras\u0131nda hava transferini t\u0259min etm\u0259k \u00fc\u00e7\u00fcn n\u0259z\u0259rd\u0259 tutulmu\u015fdur. Onun dizayn\u0131 a\u015fa\u011f\u0131 hava \u00f6t\u00fcrm\u0259 m\u00fcqavim\u0259tini asanla\u015fd\u0131r\u0131r. G\u00f6z\u0259 \u00e7arpmayan yerl\u0259\u015fdirm\u0259 \u00fc\u00e7\u00fcn inc\u0259 v\u0259 y\u0131\u011fcam dizayna malikdir. OV-R divar hava \u00f6t\u00fcrm\u0259 cihaz\u0131 toz \u00f6rt\u00fckl\u00fc sinkl\u0259nmi\u015f t\u0259b\u0259q\u0259 poladdan iki \u00f6rt\u00fckd\u0259n ibar\u0259tdir.<\/p>\n<p>OV-R \u00f6rt\u00fckl\u0259rin daxili t\u0259r\u0259fl\u0259rin\u0259 b\u0259rkidilmi\u015f akustik z\u0259ifl\u0259d\u0259n k\u00f6p\u00fck\u0259 malikdir. Divar a\u00e7\u0131l\u0131\u015f\u0131 \u00fc\u00e7\u00fcn akustik z\u0259ifl\u0259d\u0259n k\u00f6p\u00fck astarl\u0131 d\u00f6\u015f\u0259k AL-OV-R OV-R paketinin bir hiss\u0259sidir. Bu, y\u00fcks\u0259k effektiv s\u0259s z\u0259ifl\u0259m\u0259sini t\u0259min edir. OV-R i\u015fl\u0259y\u0259rk\u0259n a\u015fa\u011f\u0131 s\u0259s s\u0259viyy\u0259sin\u0259 malikdir. Bu diapazonda dig\u0259r \u00f6l\u00e7\u00fcl\u0259r m\u00f6vcuddur.<\/p>\n<p>&nbsp;<\/p>\n<p><strong>Sifari\u015finiz, t\u0259rziniz!<\/strong><br \/>\nM\u0259hsulumuz sizin se\u00e7iml\u0259riniz\u0259 uy\u011funla\u015fd\u0131r\u0131la bil\u0259r v\u0259 estetik bax\u0131\u015f\u0131n\u0131za m\u00fck\u0259mm\u0259l uy\u011funla\u015fmaq \u00fc\u00e7\u00fcn onu ist\u0259nil\u0259n RAL kodu s\u0259thi il\u0259 sifari\u015f etm\u0259y\u0259 imkan verir.<\/p>\n<\/div>\n<\/div>\n<\/div>\n<\/div>\n<\/div>\n<\/div>\n<\/div>\n","protected":false},"excerpt":{"rendered":"<div>\n<p>OV-R \u00f6t\u00fcrm\u0259 vahidl\u0259ri<br \/>\nDair\u0259vi divar hava \u00f6t\u00fcrm\u0259 cihaz\u0131<\/p>\n<p>M\u00f6ht\u0259\u015f\u0259m s\u0259s z\u0259ifl\u0259m\u0259si<\/p>\n<p>\u018fm\u0259liyyat zaman\u0131 yaranan a\u015fa\u011f\u0131 s\u0259s s\u0259viyy\u0259si<\/p>\n<p>A\u015fa\u011f\u0131 hava \u00f6t\u00fcrm\u0259 m\u00fcqavim\u0259ti<\/p>\n<p>G\u00f6z\u0259 \u00e7arpmayan, inc\u0259 v\u0259 y\u0131\u011fcam dizayn<\/p>\n<p>Asan v\u0259 s\u00fcr\u0259tli qura\u015fd\u0131rma<\/p>\n<p>AL-OV-R astarl\u0131 d\u00f6\u015f\u0259kl\u0259 birlikd\u0259 verilir<\/p>\n<\/div>\n<div class=\"flex flex-col gap-200\">\n<div class=\"flex flex-col flex-wrap gap-100 md:flex-row md:items-center gtm-purchase-option\" data-gtm-name=\"size\" data-gtm-label=\"Size\">\n<p><label class=\"flex gap-050 md:w-700 leading-none hyphens-auto print:w-full print:max-w-2\/5 text-label-small\">Size<\/label><\/p>\n<div class=\"flex flex-1 flex-wrap gap-050\"><button class=\"select-btn select-btn-small select-btn-selected gtm-purchase-option-value\" type=\"button\" data-gtm-name=\"100\" data-gtm-label=\"100\">100<\/button><button class=\"select-btn select-btn-small select-btn-default gtm-purchase-option-value\" type=\"button\" data-gtm-name=\"125\" data-gtm-label=\"125\">125<\/button><button class=\"select-btn select-btn-small select-btn-default gtm-purchase-option-value\" type=\"button\" data-gtm-name=\"160\" data-gtm-label=\"160\">160<\/button><button class=\"select-btn select-btn-small select-btn-default gtm-purchase-option-value\" type=\"button\" data-gtm-name=\"200\" data-gtm-label=\"200\">200<\/button><\/div>\n<\/div>\n<\/div>\n<div class=\"gtm-sku-info flex flex-col gap-y-050 text-label-tiny text-neutral-600\">\n<div class=\"flex flex-wrap items-baseline gap-x-100 gap-y-025\"><span class=\"gtm-article-name\">OV-R-100-SW<\/span><span class=\"whitespace-nowrap gtm-article-number text-base font-bold\">#218500<\/span><\/div>\n<\/div>\n","protected":false},"featured_media":37991,"template":"","meta":[],"product_brand":[],"product_cat":[1896,1843,1947,1944],"product_tag":[],"class_list":{"0":"post-37997","1":"product","2":"type-product","3":"status-publish","4":"has-post-thumbnail","6":"product_cat-diffuzor-havalandirma-ucun-diffuzorlar","7":"product_cat-hava-paylayici-mhsullar","8":"product_cat-ov-kocurm-vahidlri","9":"product_cat-transfer-vahidlri","11":"first","12":"instock","13":"shipping-taxable","14":"product-type-simple"},"yoast_head":"<!-- This site is optimized with the Yoast SEO plugin v27.1.1 - https:\/\/yoast.com\/product\/yoast-seo-wordpress\/ -->\n<title>OV-R \u00f6t\u00fcrm\u0259 vahidl\u0259ri Dair\u0259vi divar hava \u00f6t\u00fcrm\u0259 cihaz\u0131 - Climate Master<\/title>\n<meta name=\"robots\" content=\"index, follow, max-snippet:-1, max-image-preview:large, max-video-preview:-1\" \/>\n<link rel=\"canonical\" href=\"https:\/\/climatemaster.ge\/az\/product\/37988\/\" \/>\n<meta property=\"og:locale\" content=\"az_AZ\" \/>\n<meta property=\"og:type\" content=\"article\" \/>\n<meta property=\"og:title\" content=\"OV-R \u00f6t\u00fcrm\u0259 vahidl\u0259ri Dair\u0259vi divar hava \u00f6t\u00fcrm\u0259 cihaz\u0131 - Climate Master\" \/>\n<meta property=\"og:description\" content=\"OV-R \u00f6t\u00fcrm\u0259 vahidl\u0259ri Dair\u0259vi divar hava \u00f6t\u00fcrm\u0259 cihaz\u0131  M\u00f6ht\u0259\u015f\u0259m s\u0259s z\u0259ifl\u0259m\u0259si  \u018fm\u0259liyyat zaman\u0131 yaranan a\u015fa\u011f\u0131 s\u0259s s\u0259viyy\u0259si  A\u015fa\u011f\u0131 hava \u00f6t\u00fcrm\u0259 m\u00fcqavim\u0259ti  G\u00f6z\u0259 \u00e7arpmayan, inc\u0259 v\u0259 y\u0131\u011fcam dizayn  Asan v\u0259 s\u00fcr\u0259tli qura\u015fd\u0131rma  AL-OV-R astarl\u0131 d\u00f6\u015f\u0259kl\u0259 birlikd\u0259 verilir      Size 100125160200    OV-R-100-SW#218500\" \/>\n<meta property=\"og:url\" content=\"https:\/\/climatemaster.ge\/az\/product\/37988\/\" \/>\n<meta property=\"og:site_name\" content=\"Climate Master\" \/>\n<meta property=\"article:modified_time\" content=\"2025-09-08T14:29:32+00:00\" \/>\n<meta property=\"og:image\" content=\"https:\/\/climatemaster.ge\/wp-content\/uploads\/2025\/09\/PRODUCT-MAIN-IMAGE_OV_R.jpg\" \/>\n\t<meta property=\"og:image:width\" content=\"384\" \/>\n\t<meta property=\"og:image:height\" content=\"364\" \/>\n\t<meta property=\"og:image:type\" content=\"image\/jpeg\" \/>\n<meta name=\"twitter:card\" content=\"summary_large_image\" \/>\n<meta name=\"twitter:label1\" content=\"Est. reading time\" \/>\n\t<meta name=\"twitter:data1\" content=\"1 minute\" \/>\n<script type=\"application\/ld+json\" class=\"yoast-schema-graph\">{\"@context\":\"https:\/\/schema.org\",\"@graph\":[{\"@type\":\"WebPage\",\"@id\":\"https:\/\/climatemaster.ge\/az\/product\/37988\/\",\"url\":\"https:\/\/climatemaster.ge\/az\/product\/37988\/\",\"name\":\"OV-R \u00f6t\u00fcrm\u0259 vahidl\u0259ri Dair\u0259vi divar hava \u00f6t\u00fcrm\u0259 cihaz\u0131 - Climate Master\",\"isPartOf\":{\"@id\":\"https:\/\/climatemaster.ge\/#website\"},\"primaryImageOfPage\":{\"@id\":\"https:\/\/climatemaster.ge\/az\/product\/37988\/#primaryimage\"},\"image\":{\"@id\":\"https:\/\/climatemaster.ge\/az\/product\/37988\/#primaryimage\"},\"thumbnailUrl\":\"https:\/\/climatemaster.ge\/wp-content\/uploads\/2025\/09\/PRODUCT-MAIN-IMAGE_OV_R.jpg\",\"datePublished\":\"2025-09-08T14:24:02+00:00\",\"dateModified\":\"2025-09-08T14:29:32+00:00\",\"breadcrumb\":{\"@id\":\"https:\/\/climatemaster.ge\/az\/product\/37988\/#breadcrumb\"},\"inLanguage\":\"az\",\"potentialAction\":[{\"@type\":\"ReadAction\",\"target\":[\"https:\/\/climatemaster.ge\/az\/product\/37988\/\"]}]},{\"@type\":\"ImageObject\",\"inLanguage\":\"az\",\"@id\":\"https:\/\/climatemaster.ge\/az\/product\/37988\/#primaryimage\",\"url\":\"https:\/\/climatemaster.ge\/wp-content\/uploads\/2025\/09\/PRODUCT-MAIN-IMAGE_OV_R.jpg\",\"contentUrl\":\"https:\/\/climatemaster.ge\/wp-content\/uploads\/2025\/09\/PRODUCT-MAIN-IMAGE_OV_R.jpg\",\"width\":384,\"height\":364},{\"@type\":\"BreadcrumbList\",\"@id\":\"https:\/\/climatemaster.ge\/az\/product\/37988\/#breadcrumb\",\"itemListElement\":[{\"@type\":\"ListItem\",\"position\":1,\"name\":\"Home\",\"item\":\"https:\/\/climatemaster.ge\/\"},{\"@type\":\"ListItem\",\"position\":2,\"name\":\"M\u0259hsullar\",\"item\":\"https:\/\/climatemaster.ge\/products\/\"},{\"@type\":\"ListItem\",\"position\":3,\"name\":\"OV-R \u00f6t\u00fcrm\u0259 vahidl\u0259ri Dair\u0259vi divar hava \u00f6t\u00fcrm\u0259 cihaz\u0131\"}]},{\"@type\":\"WebSite\",\"@id\":\"https:\/\/climatemaster.ge\/#website\",\"url\":\"https:\/\/climatemaster.ge\/\",\"name\":\"Climate Master\",\"description\":\"\",\"publisher\":{\"@id\":\"https:\/\/climatemaster.ge\/#organization\"},\"potentialAction\":[{\"@type\":\"SearchAction\",\"target\":{\"@type\":\"EntryPoint\",\"urlTemplate\":\"https:\/\/climatemaster.ge\/?s={search_term_string}\"},\"query-input\":{\"@type\":\"PropertyValueSpecification\",\"valueRequired\":true,\"valueName\":\"search_term_string\"}}],\"inLanguage\":\"az\"},{\"@type\":\"Organization\",\"@id\":\"https:\/\/climatemaster.ge\/#organization\",\"name\":\"Climate Master\",\"url\":\"https:\/\/climatemaster.ge\/\",\"logo\":{\"@type\":\"ImageObject\",\"inLanguage\":\"az\",\"@id\":\"https:\/\/climatemaster.ge\/#\/schema\/logo\/image\/\",\"url\":\"https:\/\/climatemaster.ge\/wp-content\/uploads\/2026\/03\/Untitled-2.png\",\"contentUrl\":\"https:\/\/climatemaster.ge\/wp-content\/uploads\/2026\/03\/Untitled-2.png\",\"width\":600,\"height\":338,\"caption\":\"Climate Master\"},\"image\":{\"@id\":\"https:\/\/climatemaster.ge\/#\/schema\/logo\/image\/\"}}]}<\/script>\n<!-- \/ Yoast SEO plugin. -->","yoast_head_json":{"title":"OV-R \u00f6t\u00fcrm\u0259 vahidl\u0259ri Dair\u0259vi divar hava \u00f6t\u00fcrm\u0259 cihaz\u0131 - Climate Master","robots":{"index":"index","follow":"follow","max-snippet":"max-snippet:-1","max-image-preview":"max-image-preview:large","max-video-preview":"max-video-preview:-1"},"canonical":"https:\/\/climatemaster.ge\/az\/product\/37988\/","og_locale":"az_AZ","og_type":"article","og_title":"OV-R \u00f6t\u00fcrm\u0259 vahidl\u0259ri Dair\u0259vi divar hava \u00f6t\u00fcrm\u0259 cihaz\u0131 - Climate Master","og_description":"OV-R \u00f6t\u00fcrm\u0259 vahidl\u0259ri Dair\u0259vi divar hava \u00f6t\u00fcrm\u0259 cihaz\u0131  M\u00f6ht\u0259\u015f\u0259m s\u0259s z\u0259ifl\u0259m\u0259si  \u018fm\u0259liyyat zaman\u0131 yaranan a\u015fa\u011f\u0131 s\u0259s s\u0259viyy\u0259si  A\u015fa\u011f\u0131 hava \u00f6t\u00fcrm\u0259 m\u00fcqavim\u0259ti  G\u00f6z\u0259 \u00e7arpmayan, inc\u0259 v\u0259 y\u0131\u011fcam dizayn  Asan v\u0259 s\u00fcr\u0259tli qura\u015fd\u0131rma  AL-OV-R astarl\u0131 d\u00f6\u015f\u0259kl\u0259 birlikd\u0259 verilir      Size 100125160200    OV-R-100-SW#218500","og_url":"https:\/\/climatemaster.ge\/az\/product\/37988\/","og_site_name":"Climate Master","article_modified_time":"2025-09-08T14:29:32+00:00","og_image":[{"width":384,"height":364,"url":"https:\/\/climatemaster.ge\/wp-content\/uploads\/2025\/09\/PRODUCT-MAIN-IMAGE_OV_R.jpg","type":"image\/jpeg"}],"twitter_card":"summary_large_image","twitter_misc":{"Est. reading time":"1 minute"},"schema":{"@context":"https:\/\/schema.org","@graph":[{"@type":"WebPage","@id":"https:\/\/climatemaster.ge\/az\/product\/37988\/","url":"https:\/\/climatemaster.ge\/az\/product\/37988\/","name":"OV-R \u00f6t\u00fcrm\u0259 vahidl\u0259ri Dair\u0259vi divar hava \u00f6t\u00fcrm\u0259 cihaz\u0131 - Climate Master","isPartOf":{"@id":"https:\/\/climatemaster.ge\/#website"},"primaryImageOfPage":{"@id":"https:\/\/climatemaster.ge\/az\/product\/37988\/#primaryimage"},"image":{"@id":"https:\/\/climatemaster.ge\/az\/product\/37988\/#primaryimage"},"thumbnailUrl":"https:\/\/climatemaster.ge\/wp-content\/uploads\/2025\/09\/PRODUCT-MAIN-IMAGE_OV_R.jpg","datePublished":"2025-09-08T14:24:02+00:00","dateModified":"2025-09-08T14:29:32+00:00","breadcrumb":{"@id":"https:\/\/climatemaster.ge\/az\/product\/37988\/#breadcrumb"},"inLanguage":"az","potentialAction":[{"@type":"ReadAction","target":["https:\/\/climatemaster.ge\/az\/product\/37988\/"]}]},{"@type":"ImageObject","inLanguage":"az","@id":"https:\/\/climatemaster.ge\/az\/product\/37988\/#primaryimage","url":"https:\/\/climatemaster.ge\/wp-content\/uploads\/2025\/09\/PRODUCT-MAIN-IMAGE_OV_R.jpg","contentUrl":"https:\/\/climatemaster.ge\/wp-content\/uploads\/2025\/09\/PRODUCT-MAIN-IMAGE_OV_R.jpg","width":384,"height":364},{"@type":"BreadcrumbList","@id":"https:\/\/climatemaster.ge\/az\/product\/37988\/#breadcrumb","itemListElement":[{"@type":"ListItem","position":1,"name":"Home","item":"https:\/\/climatemaster.ge\/"},{"@type":"ListItem","position":2,"name":"M\u0259hsullar","item":"https:\/\/climatemaster.ge\/products\/"},{"@type":"ListItem","position":3,"name":"OV-R \u00f6t\u00fcrm\u0259 vahidl\u0259ri Dair\u0259vi divar hava \u00f6t\u00fcrm\u0259 cihaz\u0131"}]},{"@type":"WebSite","@id":"https:\/\/climatemaster.ge\/#website","url":"https:\/\/climatemaster.ge\/","name":"Climate Master","description":"","publisher":{"@id":"https:\/\/climatemaster.ge\/#organization"},"potentialAction":[{"@type":"SearchAction","target":{"@type":"EntryPoint","urlTemplate":"https:\/\/climatemaster.ge\/?s={search_term_string}"},"query-input":{"@type":"PropertyValueSpecification","valueRequired":true,"valueName":"search_term_string"}}],"inLanguage":"az"},{"@type":"Organization","@id":"https:\/\/climatemaster.ge\/#organization","name":"Climate Master","url":"https:\/\/climatemaster.ge\/","logo":{"@type":"ImageObject","inLanguage":"az","@id":"https:\/\/climatemaster.ge\/#\/schema\/logo\/image\/","url":"https:\/\/climatemaster.ge\/wp-content\/uploads\/2026\/03\/Untitled-2.png","contentUrl":"https:\/\/climatemaster.ge\/wp-content\/uploads\/2026\/03\/Untitled-2.png","width":600,"height":338,"caption":"Climate Master"},"image":{"@id":"https:\/\/climatemaster.ge\/#\/schema\/logo\/image\/"}}]}},"_links":{"self":[{"href":"https:\/\/climatemaster.ge\/az\/wp-json\/wp\/v2\/product\/37997","targetHints":{"allow":["GET"]}}],"collection":[{"href":"https:\/\/climatemaster.ge\/az\/wp-json\/wp\/v2\/product"}],"about":[{"href":"https:\/\/climatemaster.ge\/az\/wp-json\/wp\/v2\/types\/product"}],"wp:featuredmedia":[{"embeddable":true,"href":"https:\/\/climatemaster.ge\/az\/wp-json\/wp\/v2\/media\/37991"}],"wp:attachment":[{"href":"https:\/\/climatemaster.ge\/az\/wp-json\/wp\/v2\/media?parent=37997"}],"wp:term":[{"taxonomy":"product_brand","embeddable":true,"href":"https:\/\/climatemaster.ge\/az\/wp-json\/wp\/v2\/product_brand?post=37997"},{"taxonomy":"product_cat","embeddable":true,"href":"https:\/\/climatemaster.ge\/az\/wp-json\/wp\/v2\/product_cat?post=37997"},{"taxonomy":"product_tag","embeddable":true,"href":"https:\/\/climatemaster.ge\/az\/wp-json\/wp\/v2\/product_tag?post=37997"}],"curies":[{"name":"wp","href":"https:\/\/api.w.org\/{rel}","templated":true}]}}