{"id":37927,"date":"2025-09-08T17:36:00","date_gmt":"2025-09-08T13:36:00","guid":{"rendered":"https:\/\/airsystems.ge\/shop\/product\/jsr-jet-diffusers-circular-multiple-cone-diffuser-for-supplying-air-to-large-areas\/"},"modified":"2025-09-08T17:41:09","modified_gmt":"2025-09-08T13:41:09","slug":"jsr-jet-diffusers-circular-multiple-cone-diffuser-for-supplying-air-to-large-areas","status":"publish","type":"product","link":"https:\/\/climatemaster.ge\/az\/product\/jsr-jet-diffusers-circular-multiple-cone-diffuser-for-supplying-air-to-large-areas\/","title":{"rendered":"JSR reaktiv diffuzorlar Geni\u015f \u0259razil\u0259ri hava il\u0259 t\u0259min etm\u0259k \u00fc\u00e7\u00fcn dair\u0259vi \u00e7oxkonuslu diffuzor"},"content":{"rendered":"<div class=\"mb-400 gtm-product-section container-fluid\" data-gtm-name=\"Benefits\" data-gtm-label=\"Benefits (en)\" data-gtm-vis-first-on-screen53434917_103=\"52702\" data-gtm-vis-total-visible-time53434917_103=\"1500\" data-gtm-vis-recent-on-screen53434917_103=\"138021\" data-gtm-vis-has-fired53434917_103=\"1\">\n<div class=\"row\">\n<div class=\"content-element content-element-product-benefit col-12 sm:col-6 mb-400\">\n<div class=\"bg-card px-300 py-250 mobile-nav:px-200 mobile-nav:py-150 h-full flex overflow-hidden card-border\">\n<div class=\"min-w-0\"><\/div>\n<\/div>\n<\/div>\n<\/div>\n<\/div>\n<div class=\"content-container content-container-page gtm-product-section\" data-gtm-name=\"Content\" data-gtm-label=\"Content (en)\" data-gtm-vis-first-on-screen53434917_103=\"61439\" data-gtm-vis-total-visible-time53434917_103=\"1500\" data-gtm-vis-has-fired53434917_103=\"1\">\n<div id=\"scroll-71f6b666\" class=\"content-element content-element-grid gtm-component-grid mb-400 overflow-x-hidden container-screen px-0\">\n<div class=\"row mx-0 md:mx-0 pb-400 gap-y-0\">\n<div class=\"content-container content-container-grid-cell px-0 col-12 md:col-4 lg:col-4\">\n<div id=\"scroll-454e0bfd\" class=\"break-words hyphens-auto content-element content-element-stat Stat_stat__1ggk2 Stat_stat--size-l__U0qD1 Stat_stat--color-cool__OWgK6 Stat_stat--is-card__QFUIr Stat_stat--is-in-grid__VRgRO\">\n<p><strong>Dair\u0259vi Dizayn<\/strong><br \/>\nJSR geni\u015f \u0259razil\u0259ri hava il\u0259 t\u0259min etm\u0259k \u00fc\u00e7\u00fcn n\u0259z\u0259rd\u0259 tutulmu\u015f dair\u0259vi \u00e7oxkonuslu diffuzordur.<\/p>\n<p>&nbsp;<\/p>\n<p><strong>\u00c7evik montaj<\/strong><br \/>\nCihaz divara v\u0259 ya tavana qura\u015fd\u0131r\u0131la bil\u0259r.<\/p>\n<p><strong>M\u00f6hk\u0259m<\/strong><br \/>\nJSR tozla \u00f6rt\u00fclm\u00fc\u015f sinkl\u0259nmi\u015f t\u0259b\u0259q\u0259 poladdan haz\u0131rlan\u0131r.<\/p>\n<p>JSR geni\u015f \u0259razil\u0259ri hava il\u0259 t\u0259min etm\u0259k \u00fc\u00e7\u00fcn n\u0259z\u0259rd\u0259 tutulmu\u015f dair\u0259vi \u00e7oxkonuslu diffuzordur. O, THOR plenum qutusuna v\u0259 ya birba\u015fa kanala qura\u015fd\u0131r\u0131la bil\u0259r. THOR plenum qutusu t\u0259zyiqin azald\u0131lmas\u0131, hava ax\u0131n\u0131n\u0131n balansla\u015fd\u0131r\u0131lmas\u0131 v\u0259 s\u0259sin z\u0259ifl\u0259dilm\u0259si, h\u0259m\u00e7inin hava ax\u0131n\u0131n\u0131n \u00f6l\u00e7\u00fclm\u0259si v\u0259 t\u0259nziml\u0259nm\u0259si \u00fc\u00e7\u00fcn hava diffuzorlar\u0131 il\u0259 birlikd\u0259 istifad\u0259 olunur.<\/p>\n<p>Diffuzor birba\u015fa spiral kanal\u0131n \u00fcz\u0259rin\u0259 qura\u015fd\u0131r\u0131l\u0131r v\u0259 pop p\u0259r\u00e7iml\u0259ri il\u0259 sabitl\u0259nir. \u018fg\u0259r diffuzor THOR plenum qutusuna qura\u015fd\u0131r\u0131l\u0131bsa, THOR plenum qutusunun qar\u015f\u0131s\u0131nda kanal\u0131n diametrind\u0259n 4 d\u0259f\u0259 \u00e7ox olan d\u00fcz uzunluq olmal\u0131d\u0131r. B\u00f6lm\u0259nin s\u0259p\u0259l\u0259nmi\u015f paylama modelini v\u0259 ya konsentrat paylama modelini se\u00e7m\u0259k imkan\u0131 var. Konsentrasiya edilmi\u015f paylama sxemi diffuzoru 180\u00b0 d\u00f6nd\u0259rm\u0259kl\u0259 t\u0259yin edil\u0259 bil\u0259r.<\/p>\n<p>Bu qur\u011fu h\u0259m divara, h\u0259m d\u0259 tavana qura\u015fd\u0131r\u0131la bil\u0259r v\u0259 h\u0259m q\u0131zd\u0131r\u0131lan, h\u0259m d\u0259 soyudulmu\u015f hava t\u0259chizat\u0131 \u00fc\u00e7\u00fcn uy\u011fundur. Diffuzorun buca\u011f\u0131 paylama sxemind\u0259n as\u0131l\u0131 olaraq 15 il\u0259 30\u00b0 aras\u0131nda m\u00fc\u0259yy\u0259n edil\u0259 bil\u0259r. JSR tozla \u00f6rt\u00fclm\u00fc\u015f sinkl\u0259nmi\u015f t\u0259b\u0259q\u0259 poladdan haz\u0131rlan\u0131r. Bu diapazonda dig\u0259r \u00f6l\u00e7\u00fcl\u0259r m\u00f6vcuddur.<\/p>\n<p>&nbsp;<\/p>\n<p><strong>Sifari\u015finiz, t\u0259rziniz!<\/strong><br \/>\nM\u0259hsulumuz sizin se\u00e7iml\u0259riniz\u0259 uy\u011funla\u015fd\u0131r\u0131la bil\u0259r v\u0259 estetik bax\u0131\u015f\u0131n\u0131za m\u00fck\u0259mm\u0259l uy\u011funla\u015fmaq \u00fc\u00e7\u00fcn onu ist\u0259nil\u0259n RAL kodu s\u0259thi il\u0259 sifari\u015f etm\u0259y\u0259 imkan verir.<\/p>\n<\/div>\n<\/div>\n<\/div>\n<\/div>\n<\/div>\n<div class=\"mb-400 mt-700 relative container-fluid\">\n<div class=\"gtm-product-section\" data-gtm-name=\"Tech specs\" data-gtm-label=\"Tech specs\" data-offset=\"0\" data-gtm-vis-first-on-screen53434917_103=\"61930\" data-gtm-vis-total-visible-time53434917_103=\"1500\" data-gtm-vis-has-fired53434917_103=\"1\">\n<div class=\"row gap-y-150 mb-200 desktop-nav:mb-0 md ProductPageISSections_product-info-header___9p5M\">\n<div class=\"col-12 md:col-6 flex flex-row gap-100\"><\/div>\n<\/div>\n<\/div>\n<\/div>\n","protected":false},"excerpt":{"rendered":"<div>\n<p>JSR reaktiv diffuzorlar<br \/>\nGeni\u015f \u0259razil\u0259ri hava il\u0259 t\u0259min etm\u0259k \u00fc\u00e7\u00fcn dair\u0259vi \u00e7oxkonuslu diffuzor<\/p>\n<p>Geni\u015f \u0259hat\u0259 dair\u0259si<\/p>\n<p>Paylama n\u00fcmun\u0259si variantlar\u0131<\/p>\n<p>Effektiv \u0259m\u0259liyyat<\/p>\n<p>Davaml\u0131<\/p>\n<\/div>\n<div class=\"flex flex-col gap-200\">\n<div class=\"flex flex-col flex-wrap gap-100 md:flex-row md:items-center gtm-purchase-option\" data-gtm-name=\"size\" data-gtm-label=\"Size\">\n<p><label class=\"flex gap-050 md:w-700 leading-none hyphens-auto print:w-full print:max-w-2\/5 text-label-small\">Size<\/label><\/p>\n<div class=\"flex flex-1 flex-wrap gap-050\"><button class=\"select-btn select-btn-small select-btn-selected gtm-purchase-option-value\" type=\"button\" data-gtm-name=\"200\" data-gtm-label=\"200\">200<\/button><button class=\"select-btn select-btn-small select-btn-default gtm-purchase-option-value\" type=\"button\" data-gtm-name=\"250\" data-gtm-label=\"250\">250<\/button><button class=\"select-btn select-btn-small select-btn-default gtm-purchase-option-value\" type=\"button\" data-gtm-name=\"315\" data-gtm-label=\"315\">315<\/button><button class=\"select-btn select-btn-small select-btn-default gtm-purchase-option-value\" type=\"button\" data-gtm-name=\"400\" data-gtm-label=\"400\">400<\/button><button class=\"select-btn select-btn-small select-btn-default gtm-purchase-option-value\" type=\"button\" data-gtm-name=\"500\" data-gtm-label=\"500\">500<\/button><\/div>\n<\/div>\n<\/div>\n<div class=\"gtm-sku-info flex flex-col gap-y-050 text-label-tiny text-neutral-600\">\n<div class=\"flex flex-wrap items-baseline gap-x-100 gap-y-025\"><span class=\"gtm-article-name\">JSR-200-SW<\/span><span class=\"whitespace-nowrap gtm-article-number text-base font-bold\">#157747<\/span><\/div>\n<\/div>\n","protected":false},"featured_media":37910,"template":"","meta":[],"product_brand":[],"product_cat":[1896,1843,1954],"product_tag":[],"class_list":{"0":"post-37927","1":"product","2":"type-product","3":"status-publish","4":"has-post-thumbnail","6":"product_cat-diffuzor-havalandirma-ucun-diffuzorlar","7":"product_cat-hava-paylayici-mhsullar","8":"product_cat-jet-diffuzorlar","10":"first","11":"instock","12":"shipping-taxable","13":"product-type-simple"},"yoast_head":"<!-- This site is optimized with the Yoast SEO plugin v27.1.1 - https:\/\/yoast.com\/product\/yoast-seo-wordpress\/ -->\n<title>JSR reaktiv diffuzorlar Geni\u015f \u0259razil\u0259ri hava il\u0259 t\u0259min etm\u0259k \u00fc\u00e7\u00fcn dair\u0259vi \u00e7oxkonuslu diffuzor - Climate Master<\/title>\n<meta name=\"robots\" content=\"index, follow, max-snippet:-1, max-image-preview:large, max-video-preview:-1\" \/>\n<link rel=\"canonical\" href=\"https:\/\/climatemaster.ge\/az\/product\/jsr-jet-diffusers-circular-multiple-cone-diffuser-for-supplying-air-to-large-areas\/\" \/>\n<meta property=\"og:locale\" content=\"az_AZ\" \/>\n<meta property=\"og:type\" content=\"article\" \/>\n<meta property=\"og:title\" content=\"JSR reaktiv diffuzorlar Geni\u015f \u0259razil\u0259ri hava il\u0259 t\u0259min etm\u0259k \u00fc\u00e7\u00fcn dair\u0259vi \u00e7oxkonuslu diffuzor - Climate Master\" \/>\n<meta property=\"og:description\" content=\"JSR reaktiv diffuzorlar Geni\u015f \u0259razil\u0259ri hava il\u0259 t\u0259min etm\u0259k \u00fc\u00e7\u00fcn dair\u0259vi \u00e7oxkonuslu diffuzor  Geni\u015f \u0259hat\u0259 dair\u0259si  Paylama n\u00fcmun\u0259si variantlar\u0131  Effektiv \u0259m\u0259liyyat  Davaml\u0131      Size 200250315400500    JSR-200-SW#157747\" \/>\n<meta property=\"og:url\" content=\"https:\/\/climatemaster.ge\/az\/product\/jsr-jet-diffusers-circular-multiple-cone-diffuser-for-supplying-air-to-large-areas\/\" \/>\n<meta property=\"og:site_name\" content=\"Climate Master\" \/>\n<meta property=\"article:modified_time\" content=\"2025-09-08T13:41:09+00:00\" \/>\n<meta property=\"og:image\" content=\"https:\/\/climatemaster.ge\/wp-content\/uploads\/2025\/09\/PRODUCT-MAIN-IMAGE_JSR.jpg\" \/>\n\t<meta property=\"og:image:width\" content=\"384\" \/>\n\t<meta property=\"og:image:height\" content=\"288\" \/>\n\t<meta property=\"og:image:type\" content=\"image\/jpeg\" \/>\n<meta name=\"twitter:card\" content=\"summary_large_image\" \/>\n<meta name=\"twitter:label1\" content=\"Est. reading time\" \/>\n\t<meta name=\"twitter:data1\" content=\"2 minutes\" \/>\n<script type=\"application\/ld+json\" class=\"yoast-schema-graph\">{\"@context\":\"https:\/\/schema.org\",\"@graph\":[{\"@type\":\"WebPage\",\"@id\":\"https:\/\/climatemaster.ge\/az\/product\/jsr-jet-diffusers-circular-multiple-cone-diffuser-for-supplying-air-to-large-areas\/\",\"url\":\"https:\/\/climatemaster.ge\/az\/product\/jsr-jet-diffusers-circular-multiple-cone-diffuser-for-supplying-air-to-large-areas\/\",\"name\":\"JSR reaktiv diffuzorlar Geni\u015f \u0259razil\u0259ri hava il\u0259 t\u0259min etm\u0259k \u00fc\u00e7\u00fcn dair\u0259vi \u00e7oxkonuslu diffuzor - Climate Master\",\"isPartOf\":{\"@id\":\"https:\/\/climatemaster.ge\/#website\"},\"primaryImageOfPage\":{\"@id\":\"https:\/\/climatemaster.ge\/az\/product\/jsr-jet-diffusers-circular-multiple-cone-diffuser-for-supplying-air-to-large-areas\/#primaryimage\"},\"image\":{\"@id\":\"https:\/\/climatemaster.ge\/az\/product\/jsr-jet-diffusers-circular-multiple-cone-diffuser-for-supplying-air-to-large-areas\/#primaryimage\"},\"thumbnailUrl\":\"https:\/\/climatemaster.ge\/wp-content\/uploads\/2025\/09\/PRODUCT-MAIN-IMAGE_JSR.jpg\",\"datePublished\":\"2025-09-08T13:36:00+00:00\",\"dateModified\":\"2025-09-08T13:41:09+00:00\",\"breadcrumb\":{\"@id\":\"https:\/\/climatemaster.ge\/az\/product\/jsr-jet-diffusers-circular-multiple-cone-diffuser-for-supplying-air-to-large-areas\/#breadcrumb\"},\"inLanguage\":\"az\",\"potentialAction\":[{\"@type\":\"ReadAction\",\"target\":[\"https:\/\/climatemaster.ge\/az\/product\/jsr-jet-diffusers-circular-multiple-cone-diffuser-for-supplying-air-to-large-areas\/\"]}]},{\"@type\":\"ImageObject\",\"inLanguage\":\"az\",\"@id\":\"https:\/\/climatemaster.ge\/az\/product\/jsr-jet-diffusers-circular-multiple-cone-diffuser-for-supplying-air-to-large-areas\/#primaryimage\",\"url\":\"https:\/\/climatemaster.ge\/wp-content\/uploads\/2025\/09\/PRODUCT-MAIN-IMAGE_JSR.jpg\",\"contentUrl\":\"https:\/\/climatemaster.ge\/wp-content\/uploads\/2025\/09\/PRODUCT-MAIN-IMAGE_JSR.jpg\",\"width\":384,\"height\":288},{\"@type\":\"BreadcrumbList\",\"@id\":\"https:\/\/climatemaster.ge\/az\/product\/jsr-jet-diffusers-circular-multiple-cone-diffuser-for-supplying-air-to-large-areas\/#breadcrumb\",\"itemListElement\":[{\"@type\":\"ListItem\",\"position\":1,\"name\":\"Home\",\"item\":\"https:\/\/climatemaster.ge\/\"},{\"@type\":\"ListItem\",\"position\":2,\"name\":\"M\u0259hsullar\",\"item\":\"https:\/\/climatemaster.ge\/products\/\"},{\"@type\":\"ListItem\",\"position\":3,\"name\":\"JSR reaktiv diffuzorlar Geni\u015f \u0259razil\u0259ri hava il\u0259 t\u0259min etm\u0259k \u00fc\u00e7\u00fcn dair\u0259vi \u00e7oxkonuslu diffuzor\"}]},{\"@type\":\"WebSite\",\"@id\":\"https:\/\/climatemaster.ge\/#website\",\"url\":\"https:\/\/climatemaster.ge\/\",\"name\":\"Climate Master\",\"description\":\"\",\"publisher\":{\"@id\":\"https:\/\/climatemaster.ge\/#organization\"},\"potentialAction\":[{\"@type\":\"SearchAction\",\"target\":{\"@type\":\"EntryPoint\",\"urlTemplate\":\"https:\/\/climatemaster.ge\/?s={search_term_string}\"},\"query-input\":{\"@type\":\"PropertyValueSpecification\",\"valueRequired\":true,\"valueName\":\"search_term_string\"}}],\"inLanguage\":\"az\"},{\"@type\":\"Organization\",\"@id\":\"https:\/\/climatemaster.ge\/#organization\",\"name\":\"Climate Master\",\"url\":\"https:\/\/climatemaster.ge\/\",\"logo\":{\"@type\":\"ImageObject\",\"inLanguage\":\"az\",\"@id\":\"https:\/\/climatemaster.ge\/#\/schema\/logo\/image\/\",\"url\":\"https:\/\/climatemaster.ge\/wp-content\/uploads\/2026\/03\/Untitled-2.png\",\"contentUrl\":\"https:\/\/climatemaster.ge\/wp-content\/uploads\/2026\/03\/Untitled-2.png\",\"width\":600,\"height\":338,\"caption\":\"Climate Master\"},\"image\":{\"@id\":\"https:\/\/climatemaster.ge\/#\/schema\/logo\/image\/\"}}]}<\/script>\n<!-- \/ Yoast SEO plugin. -->","yoast_head_json":{"title":"JSR reaktiv diffuzorlar Geni\u015f \u0259razil\u0259ri hava il\u0259 t\u0259min etm\u0259k \u00fc\u00e7\u00fcn dair\u0259vi \u00e7oxkonuslu diffuzor - Climate Master","robots":{"index":"index","follow":"follow","max-snippet":"max-snippet:-1","max-image-preview":"max-image-preview:large","max-video-preview":"max-video-preview:-1"},"canonical":"https:\/\/climatemaster.ge\/az\/product\/jsr-jet-diffusers-circular-multiple-cone-diffuser-for-supplying-air-to-large-areas\/","og_locale":"az_AZ","og_type":"article","og_title":"JSR reaktiv diffuzorlar Geni\u015f \u0259razil\u0259ri hava il\u0259 t\u0259min etm\u0259k \u00fc\u00e7\u00fcn dair\u0259vi \u00e7oxkonuslu diffuzor - Climate Master","og_description":"JSR reaktiv diffuzorlar Geni\u015f \u0259razil\u0259ri hava il\u0259 t\u0259min etm\u0259k \u00fc\u00e7\u00fcn dair\u0259vi \u00e7oxkonuslu diffuzor  Geni\u015f \u0259hat\u0259 dair\u0259si  Paylama n\u00fcmun\u0259si variantlar\u0131  Effektiv \u0259m\u0259liyyat  Davaml\u0131      Size 200250315400500    JSR-200-SW#157747","og_url":"https:\/\/climatemaster.ge\/az\/product\/jsr-jet-diffusers-circular-multiple-cone-diffuser-for-supplying-air-to-large-areas\/","og_site_name":"Climate Master","article_modified_time":"2025-09-08T13:41:09+00:00","og_image":[{"width":384,"height":288,"url":"https:\/\/climatemaster.ge\/wp-content\/uploads\/2025\/09\/PRODUCT-MAIN-IMAGE_JSR.jpg","type":"image\/jpeg"}],"twitter_card":"summary_large_image","twitter_misc":{"Est. reading time":"2 minutes"},"schema":{"@context":"https:\/\/schema.org","@graph":[{"@type":"WebPage","@id":"https:\/\/climatemaster.ge\/az\/product\/jsr-jet-diffusers-circular-multiple-cone-diffuser-for-supplying-air-to-large-areas\/","url":"https:\/\/climatemaster.ge\/az\/product\/jsr-jet-diffusers-circular-multiple-cone-diffuser-for-supplying-air-to-large-areas\/","name":"JSR reaktiv diffuzorlar Geni\u015f \u0259razil\u0259ri hava il\u0259 t\u0259min etm\u0259k \u00fc\u00e7\u00fcn dair\u0259vi \u00e7oxkonuslu diffuzor - Climate Master","isPartOf":{"@id":"https:\/\/climatemaster.ge\/#website"},"primaryImageOfPage":{"@id":"https:\/\/climatemaster.ge\/az\/product\/jsr-jet-diffusers-circular-multiple-cone-diffuser-for-supplying-air-to-large-areas\/#primaryimage"},"image":{"@id":"https:\/\/climatemaster.ge\/az\/product\/jsr-jet-diffusers-circular-multiple-cone-diffuser-for-supplying-air-to-large-areas\/#primaryimage"},"thumbnailUrl":"https:\/\/climatemaster.ge\/wp-content\/uploads\/2025\/09\/PRODUCT-MAIN-IMAGE_JSR.jpg","datePublished":"2025-09-08T13:36:00+00:00","dateModified":"2025-09-08T13:41:09+00:00","breadcrumb":{"@id":"https:\/\/climatemaster.ge\/az\/product\/jsr-jet-diffusers-circular-multiple-cone-diffuser-for-supplying-air-to-large-areas\/#breadcrumb"},"inLanguage":"az","potentialAction":[{"@type":"ReadAction","target":["https:\/\/climatemaster.ge\/az\/product\/jsr-jet-diffusers-circular-multiple-cone-diffuser-for-supplying-air-to-large-areas\/"]}]},{"@type":"ImageObject","inLanguage":"az","@id":"https:\/\/climatemaster.ge\/az\/product\/jsr-jet-diffusers-circular-multiple-cone-diffuser-for-supplying-air-to-large-areas\/#primaryimage","url":"https:\/\/climatemaster.ge\/wp-content\/uploads\/2025\/09\/PRODUCT-MAIN-IMAGE_JSR.jpg","contentUrl":"https:\/\/climatemaster.ge\/wp-content\/uploads\/2025\/09\/PRODUCT-MAIN-IMAGE_JSR.jpg","width":384,"height":288},{"@type":"BreadcrumbList","@id":"https:\/\/climatemaster.ge\/az\/product\/jsr-jet-diffusers-circular-multiple-cone-diffuser-for-supplying-air-to-large-areas\/#breadcrumb","itemListElement":[{"@type":"ListItem","position":1,"name":"Home","item":"https:\/\/climatemaster.ge\/"},{"@type":"ListItem","position":2,"name":"M\u0259hsullar","item":"https:\/\/climatemaster.ge\/products\/"},{"@type":"ListItem","position":3,"name":"JSR reaktiv diffuzorlar Geni\u015f \u0259razil\u0259ri hava il\u0259 t\u0259min etm\u0259k \u00fc\u00e7\u00fcn dair\u0259vi \u00e7oxkonuslu diffuzor"}]},{"@type":"WebSite","@id":"https:\/\/climatemaster.ge\/#website","url":"https:\/\/climatemaster.ge\/","name":"Climate Master","description":"","publisher":{"@id":"https:\/\/climatemaster.ge\/#organization"},"potentialAction":[{"@type":"SearchAction","target":{"@type":"EntryPoint","urlTemplate":"https:\/\/climatemaster.ge\/?s={search_term_string}"},"query-input":{"@type":"PropertyValueSpecification","valueRequired":true,"valueName":"search_term_string"}}],"inLanguage":"az"},{"@type":"Organization","@id":"https:\/\/climatemaster.ge\/#organization","name":"Climate Master","url":"https:\/\/climatemaster.ge\/","logo":{"@type":"ImageObject","inLanguage":"az","@id":"https:\/\/climatemaster.ge\/#\/schema\/logo\/image\/","url":"https:\/\/climatemaster.ge\/wp-content\/uploads\/2026\/03\/Untitled-2.png","contentUrl":"https:\/\/climatemaster.ge\/wp-content\/uploads\/2026\/03\/Untitled-2.png","width":600,"height":338,"caption":"Climate Master"},"image":{"@id":"https:\/\/climatemaster.ge\/#\/schema\/logo\/image\/"}}]}},"_links":{"self":[{"href":"https:\/\/climatemaster.ge\/az\/wp-json\/wp\/v2\/product\/37927","targetHints":{"allow":["GET"]}}],"collection":[{"href":"https:\/\/climatemaster.ge\/az\/wp-json\/wp\/v2\/product"}],"about":[{"href":"https:\/\/climatemaster.ge\/az\/wp-json\/wp\/v2\/types\/product"}],"wp:featuredmedia":[{"embeddable":true,"href":"https:\/\/climatemaster.ge\/az\/wp-json\/wp\/v2\/media\/37910"}],"wp:attachment":[{"href":"https:\/\/climatemaster.ge\/az\/wp-json\/wp\/v2\/media?parent=37927"}],"wp:term":[{"taxonomy":"product_brand","embeddable":true,"href":"https:\/\/climatemaster.ge\/az\/wp-json\/wp\/v2\/product_brand?post=37927"},{"taxonomy":"product_cat","embeddable":true,"href":"https:\/\/climatemaster.ge\/az\/wp-json\/wp\/v2\/product_cat?post=37927"},{"taxonomy":"product_tag","embeddable":true,"href":"https:\/\/climatemaster.ge\/az\/wp-json\/wp\/v2\/product_tag?post=37927"}],"curies":[{"name":"wp","href":"https:\/\/api.w.org\/{rel}","templated":true}]}}