{"id":37654,"date":"2025-09-08T00:47:46","date_gmt":"2025-09-07T20:47:46","guid":{"rendered":"https:\/\/airsystems.ge\/shop\/product\/37634\/"},"modified":"2025-09-08T00:52:59","modified_gmt":"2025-09-07T20:52:59","slug":"37634","status":"publish","type":"product","link":"https:\/\/climatemaster.ge\/az\/product\/37634\/","title":{"rendered":"OPTIMA-R-PC_BM D\u0259yi\u015f\u0259n Hava H\u0259cminin N\u0259zar\u0259t\u00e7il\u0259ri Hava kanallar\u0131 \u00fc\u00e7\u00fcn t\u0259zyiq t\u0259nziml\u0259yicisi"},"content":{"rendered":"<div class=\"mb-400 gtm-product-section container-fluid\" data-gtm-name=\"Benefits\" data-gtm-label=\"Benefits (en)\" data-gtm-vis-recent-on-screen53434917_103=\"120270\" data-gtm-vis-first-on-screen53434917_103=\"120270\" data-gtm-vis-total-visible-time53434917_103=\"1500\" data-gtm-vis-has-fired53434917_103=\"1\">\n<div class=\"row\">\n<div class=\"content-element content-element-product-benefit col-12 sm:col-6 mb-400\">\n<div class=\"bg-card px-300 py-250 mobile-nav:px-200 mobile-nav:py-150 h-full flex overflow-hidden card-border\">\n<div class=\"min-w-0\">\n<p><strong>Modul<\/strong><br \/>\nM\u00fcxt\u0259lif n\u00f6v \u00f6t\u00fcr\u00fcc\u00fcl\u0259rin m\u00f6vcudlu\u011fu m\u00fcxt\u0259lif \u0259lav\u0259 imkanlar\u0131 h\u0259yata ke\u00e7irm\u0259k imkan\u0131 a\u00e7\u0131r. S\u00fcr\u0259tli amortizatorun yerl\u0259\u015fdirilm\u0259si, el\u0259c\u0259 d\u0259 enerji t\u0259chizat\u0131 k\u0259sildikd\u0259n sonra t\u0259hl\u00fck\u0259siz a\u00e7\u0131l\u0131\u015f v\u0259 ya ba\u011flanma s\u0259f\u0259ri se\u00e7il\u0259 bil\u0259r.<\/p>\n<p><strong>Sinkl\u0259nmi\u015f polad<\/strong><br \/>\nOPTIMA-R-PC&#8230;BM-nin AV blokunun korpusu, el\u0259c\u0259 d\u0259 idar\u0259etm\u0259 amortizatorunun b\u0131\u00e7a\u011f\u0131 sinkl\u0259nmi\u015f t\u0259b\u0259q\u0259 poladdan haz\u0131rlan\u0131b v\u0259 onu m\u00f6hk\u0259m v\u0259 davaml\u0131 edir.<\/p>\n<p>OPTIMA-R-PC&#8230;BM izolyasiyal\u0131 v\u0259 ya izolyasiyas\u0131z d\u0259yi\u015f\u0259n t\u0259zyiq t\u0259nziml\u0259yicisidir. Bir ventilyasiya sistemind\u0259 hava t\u0259zyiqini idar\u0259 etm\u0259k \u00fc\u00e7\u00fcn ad\u0259t\u0259n istifad\u0259 olunur v\u0259 m\u00fcxt\u0259lif \u00f6l\u00e7\u00fcl\u0259rd\u0259 m\u00f6vcuddur. B\u00f6lm\u0259l\u0259r t\u0259dar\u00fck v\u0259 ya geri qay\u0131tma rejimind\u0259 t\u0259k zonal\u0131 t\u0259zyiq\u0259 n\u0259zar\u0259t \u00fc\u00e7\u00fcn ideald\u0131r. OPTIMA-R-PC&#8230;BM ad\u0259t\u0259n m\u00fc\u0259yy\u0259n hava t\u0259zyiqi \u015f\u0259rtl\u0259rini saxlamaq t\u0259l\u0259bi olan m\u0259kanlarda qura\u015fd\u0131r\u0131l\u0131r, m\u0259s\u0259l\u0259n: laboratoriyalar, s\u0259naye m\u00fc\u0259ssis\u0259l\u0259ri v\u0259 s\u0259hiyy\u0259 m\u00fc\u0259ssis\u0259l\u0259ri.<\/p>\n<p>VAV b\u00f6lm\u0259sinin korpusu sinkl\u0259nmi\u015f poladdan haz\u0131rlanm\u0131\u015fd\u0131r. Kontrollerd\u0259 zavod t\u0259r\u0259find\u0259n t\u0259nziml\u0259n\u0259n \u0259m\u0259liyyat parametrl\u0259ri analoq v\u0259 ya ikili siqnallar, h\u0259m\u00e7inin avtobus rabit\u0259si vasit\u0259sil\u0259 saytda yenid\u0259n t\u0259nziml\u0259n\u0259 bil\u0259r.<\/p>\n<\/div>\n<\/div>\n<\/div>\n<\/div>\n<\/div>\n","protected":false},"excerpt":{"rendered":"<div>\n<p>OPTIMA-R-PC_BM D\u0259yi\u015f\u0259n Hava H\u0259cminin N\u0259zar\u0259t\u00e7il\u0259ri<br \/>\nHava kanallar\u0131 \u00fc\u00e7\u00fcn t\u0259zyiq t\u0259nziml\u0259yicisi<\/p>\n<p>Modul<\/p>\n<p>Sinkl\u0259nmi\u015f polad<\/p>\n<p>S\u0259s-k\u00fcy\u00fcn azald\u0131lmas\u0131<\/p>\n<\/div>\n<div class=\"flex flex-col gap-200\">\n<div class=\"flex flex-col flex-wrap gap-100 md:flex-row md:items-center gtm-purchase-option\" data-gtm-name=\"size\" data-gtm-label=\"Size\">\n<p><label class=\"flex gap-050 md:w-700 leading-none hyphens-auto print:w-full print:max-w-2\/5 text-label-small\">Size<\/label><\/p>\n<div class=\"flex flex-1 flex-wrap gap-050\"><button class=\"select-btn select-btn-small select-btn-selected gtm-purchase-option-value\" type=\"button\" data-gtm-name=\"80\" data-gtm-label=\"80\">80<\/button><button class=\"select-btn select-btn-small select-btn-default gtm-purchase-option-value\" type=\"button\" data-gtm-name=\"100\" data-gtm-label=\"100\">100<\/button><button class=\"select-btn select-btn-small select-btn-default gtm-purchase-option-value\" type=\"button\" data-gtm-name=\"125\" data-gtm-label=\"125\">125<\/button><button class=\"select-btn select-btn-small select-btn-default gtm-purchase-option-value\" type=\"button\" data-gtm-name=\"140\" data-gtm-label=\"140\">140<\/button><button class=\"select-btn select-btn-small select-btn-default gtm-purchase-option-value\" type=\"button\" data-gtm-name=\"160\" data-gtm-label=\"160\">160<\/button><button class=\"select-btn select-btn-small select-btn-default gtm-purchase-option-value\" type=\"button\" data-gtm-name=\"180\" data-gtm-label=\"180\">180<\/button><button class=\"select-btn select-btn-small select-btn-default gtm-purchase-option-value\" type=\"button\" data-gtm-name=\"200\" data-gtm-label=\"200\">200<\/button><button class=\"select-btn select-btn-small select-btn-default gtm-purchase-option-value\" type=\"button\" data-gtm-name=\"225\" data-gtm-label=\"225\">225<\/button><button class=\"select-btn select-btn-small select-btn-default gtm-purchase-option-value\" type=\"button\" data-gtm-name=\"250\" data-gtm-label=\"250\">250<\/button><button class=\"select-btn select-btn-small select-btn-default gtm-purchase-option-value\" type=\"button\" data-gtm-name=\"280\" data-gtm-label=\"280\">280<\/button><button class=\"select-btn select-btn-small select-btn-default gtm-purchase-option-value\" type=\"button\" data-gtm-name=\"315\" data-gtm-label=\"315\">315<\/button><button class=\"select-btn select-btn-small select-btn-default gtm-purchase-option-value\" type=\"button\" data-gtm-name=\"355\" data-gtm-label=\"355\">355<\/button><button class=\"select-btn select-btn-small select-btn-default gtm-purchase-option-value\" type=\"button\" data-gtm-name=\"400\" data-gtm-label=\"400\">400<\/button><button class=\"select-btn select-btn-small select-btn-default gtm-purchase-option-value\" type=\"button\" data-gtm-name=\"500\" data-gtm-label=\"500\">500<\/button><button class=\"select-btn select-btn-small select-btn-default gtm-purchase-option-value\" type=\"button\" data-gtm-name=\"630\" data-gtm-label=\"630\">630<\/button><\/div>\n<\/div>\n<div class=\"flex flex-col flex-wrap gap-100 md:flex-row md:items-center gtm-purchase-option\" data-gtm-name=\"insulation\" data-gtm-label=\"Insulation\">\n<p><label class=\"flex gap-050 md:w-700 leading-none hyphens-auto print:w-full print:max-w-2\/5 text-label-small\">Insulation<\/label><\/p>\n<div class=\"flex flex-1 flex-wrap gap-050\"><button class=\"select-btn select-btn-small select-btn-selected gtm-purchase-option-value\" type=\"button\" data-gtm-name=\"Without insulation\" data-gtm-label=\"Without insulation\">Without insulation<\/button><button class=\"select-btn select-btn-small select-btn-default gtm-purchase-option-value\" type=\"button\" data-gtm-name=\"With insulation\" data-gtm-label=\"With insulation\">With insulation<\/button><\/div>\n<\/div>\n<div class=\"flex flex-col flex-wrap gap-100 md:flex-row md:items-center gtm-purchase-option\" data-gtm-name=\"communication_type\" data-gtm-label=\"Equipment, Communication type\">\n<p><label class=\"flex gap-050 md:w-700 leading-none hyphens-auto print:w-full print:max-w-2\/5 text-label-small\">Equipment, Communication type<\/label><\/p>\n<div class=\"flex flex-1 flex-wrap gap-050\">\n<div class=\"dropdown-wrapper dropdown-wrapper-small w-full gtm-purchase-option-value gtm-purchase-option-value-dropdown\"><select class=\"form-dropdown form-input form-dropdown-small\"><option value=\"0\" data-gtm-name=\"S: Standard actuator with transition time 120 s\" data-gtm-label=\"S: Standard actuator with transition time 120 s\">S: Standard actuator with transition time 120 s<\/option><option value=\"1\" data-gtm-name=\"Q: Actuator with short transition time 2,5 s \/ 4 s\" data-gtm-label=\"Q: Actuator with short transition time 2,5 s \/ 4 s\">Q: Actuator with short transition time 2,5 s \/ 4 s<\/option><option value=\"2\" data-gtm-name=\"QE: Actuator with short transition time 2,5 s and electric safety function (only for size DN 400 or smaller)\" data-gtm-label=\"QE: Actuator with short transition time 2,5 s and electric safety function (only for size DN 400 or smaller)\">QE: Actuator with short transition time 2,5 s and electric safety function (only for size DN 400 or smaller)<\/option><option value=\"3\" data-gtm-name=\"F: Actuator with mechanical safety function \u2013 spring return\" data-gtm-label=\"F: Actuator with mechanical safety function \u2013 spring return\">F: Actuator with mechanical safety function \u2013 spring return<\/option><\/select><\/div>\n<\/div>\n<\/div>\n<\/div>\n<div class=\"gtm-sku-info flex flex-col gap-y-050 text-label-tiny text-neutral-600\">\n<div class=\"flex flex-wrap items-baseline gap-x-100 gap-y-025\"><span class=\"gtm-article-name\">OPTIMA-R-PC-80-BM-S<\/span><span class=\"whitespace-nowrap gtm-article-number text-base font-bold\">#338600<\/span><\/div>\n<\/div>\n","protected":false},"featured_media":37637,"template":"","meta":[],"product_brand":[],"product_cat":[1879,1867,1843],"product_tag":[],"class_list":{"0":"post-37654","1":"product","2":"type-product","3":"status-publish","4":"has-post-thumbnail","6":"product_cat-dyisn-hava-hcminin-nzartcilri","7":"product_cat-hava-hcmin-nzart","8":"product_cat-hava-paylayici-mhsullar","10":"first","11":"instock","12":"shipping-taxable","13":"product-type-simple"},"yoast_head":"<!-- This site is optimized with the Yoast SEO plugin v27.1.1 - https:\/\/yoast.com\/product\/yoast-seo-wordpress\/ -->\n<title>OPTIMA-R-PC_BM D\u0259yi\u015f\u0259n Hava H\u0259cminin N\u0259zar\u0259t\u00e7il\u0259ri Hava kanallar\u0131 \u00fc\u00e7\u00fcn t\u0259zyiq t\u0259nziml\u0259yicisi - Climate Master<\/title>\n<meta name=\"robots\" content=\"index, follow, max-snippet:-1, max-image-preview:large, max-video-preview:-1\" \/>\n<link rel=\"canonical\" href=\"https:\/\/climatemaster.ge\/az\/product\/37634\/\" \/>\n<meta property=\"og:locale\" content=\"az_AZ\" \/>\n<meta property=\"og:type\" content=\"article\" \/>\n<meta property=\"og:title\" content=\"OPTIMA-R-PC_BM D\u0259yi\u015f\u0259n Hava H\u0259cminin N\u0259zar\u0259t\u00e7il\u0259ri Hava kanallar\u0131 \u00fc\u00e7\u00fcn t\u0259zyiq t\u0259nziml\u0259yicisi - Climate Master\" \/>\n<meta property=\"og:description\" content=\"OPTIMA-R-PC_BM D\u0259yi\u015f\u0259n Hava H\u0259cminin N\u0259zar\u0259t\u00e7il\u0259ri Hava kanallar\u0131 \u00fc\u00e7\u00fcn t\u0259zyiq t\u0259nziml\u0259yicisi  Modul  Sinkl\u0259nmi\u015f polad  S\u0259s-k\u00fcy\u00fcn azald\u0131lmas\u0131      Size 80100125140160180200225250280315355400500630    Insulation Without insulationWith insulation    Equipment, Communication type   S: Standard actuator with transition time 120 s Q: Actuator with short transition time 2,5 s \/ 4 s QE: Actuator with short transition time 2,5 s and electric safety function (only for size DN 400 or smaller) F: Actuator with mechanical safety function \u2013 spring return      OPTIMA-R-PC-80-BM-S#338600\" \/>\n<meta property=\"og:url\" content=\"https:\/\/climatemaster.ge\/az\/product\/37634\/\" \/>\n<meta property=\"og:site_name\" content=\"Climate Master\" \/>\n<meta property=\"article:modified_time\" content=\"2025-09-07T20:52:59+00:00\" \/>\n<meta property=\"og:image\" content=\"https:\/\/climatemaster.ge\/wp-content\/uploads\/2025\/09\/COLLAGE_OPTIMA-R-LPC-BM_HQ_20221014_124939530.jpg\" \/>\n\t<meta property=\"og:image:width\" content=\"384\" \/>\n\t<meta property=\"og:image:height\" content=\"288\" \/>\n\t<meta property=\"og:image:type\" content=\"image\/jpeg\" \/>\n<meta name=\"twitter:card\" content=\"summary_large_image\" \/>\n<meta name=\"twitter:label1\" content=\"Est. reading time\" \/>\n\t<meta name=\"twitter:data1\" content=\"1 minute\" \/>\n<script type=\"application\/ld+json\" class=\"yoast-schema-graph\">{\"@context\":\"https:\/\/schema.org\",\"@graph\":[{\"@type\":\"WebPage\",\"@id\":\"https:\/\/climatemaster.ge\/az\/product\/37634\/\",\"url\":\"https:\/\/climatemaster.ge\/az\/product\/37634\/\",\"name\":\"OPTIMA-R-PC_BM D\u0259yi\u015f\u0259n Hava H\u0259cminin N\u0259zar\u0259t\u00e7il\u0259ri Hava kanallar\u0131 \u00fc\u00e7\u00fcn t\u0259zyiq t\u0259nziml\u0259yicisi - Climate Master\",\"isPartOf\":{\"@id\":\"https:\/\/climatemaster.ge\/#website\"},\"primaryImageOfPage\":{\"@id\":\"https:\/\/climatemaster.ge\/az\/product\/37634\/#primaryimage\"},\"image\":{\"@id\":\"https:\/\/climatemaster.ge\/az\/product\/37634\/#primaryimage\"},\"thumbnailUrl\":\"https:\/\/climatemaster.ge\/wp-content\/uploads\/2025\/09\/COLLAGE_OPTIMA-R-LPC-BM_HQ_20221014_124939530.jpg\",\"datePublished\":\"2025-09-07T20:47:46+00:00\",\"dateModified\":\"2025-09-07T20:52:59+00:00\",\"breadcrumb\":{\"@id\":\"https:\/\/climatemaster.ge\/az\/product\/37634\/#breadcrumb\"},\"inLanguage\":\"az\",\"potentialAction\":[{\"@type\":\"ReadAction\",\"target\":[\"https:\/\/climatemaster.ge\/az\/product\/37634\/\"]}]},{\"@type\":\"ImageObject\",\"inLanguage\":\"az\",\"@id\":\"https:\/\/climatemaster.ge\/az\/product\/37634\/#primaryimage\",\"url\":\"https:\/\/climatemaster.ge\/wp-content\/uploads\/2025\/09\/COLLAGE_OPTIMA-R-LPC-BM_HQ_20221014_124939530.jpg\",\"contentUrl\":\"https:\/\/climatemaster.ge\/wp-content\/uploads\/2025\/09\/COLLAGE_OPTIMA-R-LPC-BM_HQ_20221014_124939530.jpg\",\"width\":384,\"height\":288},{\"@type\":\"BreadcrumbList\",\"@id\":\"https:\/\/climatemaster.ge\/az\/product\/37634\/#breadcrumb\",\"itemListElement\":[{\"@type\":\"ListItem\",\"position\":1,\"name\":\"Home\",\"item\":\"https:\/\/climatemaster.ge\/\"},{\"@type\":\"ListItem\",\"position\":2,\"name\":\"M\u0259hsullar\",\"item\":\"https:\/\/climatemaster.ge\/products\/\"},{\"@type\":\"ListItem\",\"position\":3,\"name\":\"OPTIMA-R-PC_BM D\u0259yi\u015f\u0259n Hava H\u0259cminin N\u0259zar\u0259t\u00e7il\u0259ri Hava kanallar\u0131 \u00fc\u00e7\u00fcn t\u0259zyiq t\u0259nziml\u0259yicisi\"}]},{\"@type\":\"WebSite\",\"@id\":\"https:\/\/climatemaster.ge\/#website\",\"url\":\"https:\/\/climatemaster.ge\/\",\"name\":\"Climate Master\",\"description\":\"\",\"publisher\":{\"@id\":\"https:\/\/climatemaster.ge\/#organization\"},\"potentialAction\":[{\"@type\":\"SearchAction\",\"target\":{\"@type\":\"EntryPoint\",\"urlTemplate\":\"https:\/\/climatemaster.ge\/?s={search_term_string}\"},\"query-input\":{\"@type\":\"PropertyValueSpecification\",\"valueRequired\":true,\"valueName\":\"search_term_string\"}}],\"inLanguage\":\"az\"},{\"@type\":\"Organization\",\"@id\":\"https:\/\/climatemaster.ge\/#organization\",\"name\":\"Climate Master\",\"url\":\"https:\/\/climatemaster.ge\/\",\"logo\":{\"@type\":\"ImageObject\",\"inLanguage\":\"az\",\"@id\":\"https:\/\/climatemaster.ge\/#\/schema\/logo\/image\/\",\"url\":\"https:\/\/climatemaster.ge\/wp-content\/uploads\/2026\/03\/Untitled-2.png\",\"contentUrl\":\"https:\/\/climatemaster.ge\/wp-content\/uploads\/2026\/03\/Untitled-2.png\",\"width\":600,\"height\":338,\"caption\":\"Climate Master\"},\"image\":{\"@id\":\"https:\/\/climatemaster.ge\/#\/schema\/logo\/image\/\"}}]}<\/script>\n<!-- \/ Yoast SEO plugin. -->","yoast_head_json":{"title":"OPTIMA-R-PC_BM D\u0259yi\u015f\u0259n Hava H\u0259cminin N\u0259zar\u0259t\u00e7il\u0259ri Hava kanallar\u0131 \u00fc\u00e7\u00fcn t\u0259zyiq t\u0259nziml\u0259yicisi - Climate Master","robots":{"index":"index","follow":"follow","max-snippet":"max-snippet:-1","max-image-preview":"max-image-preview:large","max-video-preview":"max-video-preview:-1"},"canonical":"https:\/\/climatemaster.ge\/az\/product\/37634\/","og_locale":"az_AZ","og_type":"article","og_title":"OPTIMA-R-PC_BM D\u0259yi\u015f\u0259n Hava H\u0259cminin N\u0259zar\u0259t\u00e7il\u0259ri Hava kanallar\u0131 \u00fc\u00e7\u00fcn t\u0259zyiq t\u0259nziml\u0259yicisi - Climate Master","og_description":"OPTIMA-R-PC_BM D\u0259yi\u015f\u0259n Hava H\u0259cminin N\u0259zar\u0259t\u00e7il\u0259ri Hava kanallar\u0131 \u00fc\u00e7\u00fcn t\u0259zyiq t\u0259nziml\u0259yicisi  Modul  Sinkl\u0259nmi\u015f polad  S\u0259s-k\u00fcy\u00fcn azald\u0131lmas\u0131      Size 80100125140160180200225250280315355400500630    Insulation Without insulationWith insulation    Equipment, Communication type   S: Standard actuator with transition time 120 s Q: Actuator with short transition time 2,5 s \/ 4 s QE: Actuator with short transition time 2,5 s and electric safety function (only for size DN 400 or smaller) F: Actuator with mechanical safety function \u2013 spring return      OPTIMA-R-PC-80-BM-S#338600","og_url":"https:\/\/climatemaster.ge\/az\/product\/37634\/","og_site_name":"Climate Master","article_modified_time":"2025-09-07T20:52:59+00:00","og_image":[{"width":384,"height":288,"url":"https:\/\/climatemaster.ge\/wp-content\/uploads\/2025\/09\/COLLAGE_OPTIMA-R-LPC-BM_HQ_20221014_124939530.jpg","type":"image\/jpeg"}],"twitter_card":"summary_large_image","twitter_misc":{"Est. reading time":"1 minute"},"schema":{"@context":"https:\/\/schema.org","@graph":[{"@type":"WebPage","@id":"https:\/\/climatemaster.ge\/az\/product\/37634\/","url":"https:\/\/climatemaster.ge\/az\/product\/37634\/","name":"OPTIMA-R-PC_BM D\u0259yi\u015f\u0259n Hava H\u0259cminin N\u0259zar\u0259t\u00e7il\u0259ri Hava kanallar\u0131 \u00fc\u00e7\u00fcn t\u0259zyiq t\u0259nziml\u0259yicisi - Climate Master","isPartOf":{"@id":"https:\/\/climatemaster.ge\/#website"},"primaryImageOfPage":{"@id":"https:\/\/climatemaster.ge\/az\/product\/37634\/#primaryimage"},"image":{"@id":"https:\/\/climatemaster.ge\/az\/product\/37634\/#primaryimage"},"thumbnailUrl":"https:\/\/climatemaster.ge\/wp-content\/uploads\/2025\/09\/COLLAGE_OPTIMA-R-LPC-BM_HQ_20221014_124939530.jpg","datePublished":"2025-09-07T20:47:46+00:00","dateModified":"2025-09-07T20:52:59+00:00","breadcrumb":{"@id":"https:\/\/climatemaster.ge\/az\/product\/37634\/#breadcrumb"},"inLanguage":"az","potentialAction":[{"@type":"ReadAction","target":["https:\/\/climatemaster.ge\/az\/product\/37634\/"]}]},{"@type":"ImageObject","inLanguage":"az","@id":"https:\/\/climatemaster.ge\/az\/product\/37634\/#primaryimage","url":"https:\/\/climatemaster.ge\/wp-content\/uploads\/2025\/09\/COLLAGE_OPTIMA-R-LPC-BM_HQ_20221014_124939530.jpg","contentUrl":"https:\/\/climatemaster.ge\/wp-content\/uploads\/2025\/09\/COLLAGE_OPTIMA-R-LPC-BM_HQ_20221014_124939530.jpg","width":384,"height":288},{"@type":"BreadcrumbList","@id":"https:\/\/climatemaster.ge\/az\/product\/37634\/#breadcrumb","itemListElement":[{"@type":"ListItem","position":1,"name":"Home","item":"https:\/\/climatemaster.ge\/"},{"@type":"ListItem","position":2,"name":"M\u0259hsullar","item":"https:\/\/climatemaster.ge\/products\/"},{"@type":"ListItem","position":3,"name":"OPTIMA-R-PC_BM D\u0259yi\u015f\u0259n Hava H\u0259cminin N\u0259zar\u0259t\u00e7il\u0259ri Hava kanallar\u0131 \u00fc\u00e7\u00fcn t\u0259zyiq t\u0259nziml\u0259yicisi"}]},{"@type":"WebSite","@id":"https:\/\/climatemaster.ge\/#website","url":"https:\/\/climatemaster.ge\/","name":"Climate Master","description":"","publisher":{"@id":"https:\/\/climatemaster.ge\/#organization"},"potentialAction":[{"@type":"SearchAction","target":{"@type":"EntryPoint","urlTemplate":"https:\/\/climatemaster.ge\/?s={search_term_string}"},"query-input":{"@type":"PropertyValueSpecification","valueRequired":true,"valueName":"search_term_string"}}],"inLanguage":"az"},{"@type":"Organization","@id":"https:\/\/climatemaster.ge\/#organization","name":"Climate Master","url":"https:\/\/climatemaster.ge\/","logo":{"@type":"ImageObject","inLanguage":"az","@id":"https:\/\/climatemaster.ge\/#\/schema\/logo\/image\/","url":"https:\/\/climatemaster.ge\/wp-content\/uploads\/2026\/03\/Untitled-2.png","contentUrl":"https:\/\/climatemaster.ge\/wp-content\/uploads\/2026\/03\/Untitled-2.png","width":600,"height":338,"caption":"Climate Master"},"image":{"@id":"https:\/\/climatemaster.ge\/#\/schema\/logo\/image\/"}}]}},"_links":{"self":[{"href":"https:\/\/climatemaster.ge\/az\/wp-json\/wp\/v2\/product\/37654","targetHints":{"allow":["GET"]}}],"collection":[{"href":"https:\/\/climatemaster.ge\/az\/wp-json\/wp\/v2\/product"}],"about":[{"href":"https:\/\/climatemaster.ge\/az\/wp-json\/wp\/v2\/types\/product"}],"wp:featuredmedia":[{"embeddable":true,"href":"https:\/\/climatemaster.ge\/az\/wp-json\/wp\/v2\/media\/37637"}],"wp:attachment":[{"href":"https:\/\/climatemaster.ge\/az\/wp-json\/wp\/v2\/media?parent=37654"}],"wp:term":[{"taxonomy":"product_brand","embeddable":true,"href":"https:\/\/climatemaster.ge\/az\/wp-json\/wp\/v2\/product_brand?post=37654"},{"taxonomy":"product_cat","embeddable":true,"href":"https:\/\/climatemaster.ge\/az\/wp-json\/wp\/v2\/product_cat?post=37654"},{"taxonomy":"product_tag","embeddable":true,"href":"https:\/\/climatemaster.ge\/az\/wp-json\/wp\/v2\/product_tag?post=37654"}],"curies":[{"name":"wp","href":"https:\/\/api.w.org\/{rel}","templated":true}]}}