{"id":37467,"date":"2025-09-07T23:20:18","date_gmt":"2025-09-07T19:20:18","guid":{"rendered":"https:\/\/airsystems.ge\/shop\/product\/notus-s-constant-air-volume-controllers-constant-air-volume-flow-controller-suitable-for-horizontal-and-vertical-ducts\/"},"modified":"2025-09-07T23:25:20","modified_gmt":"2025-09-07T19:25:20","slug":"notus-s-constant-air-volume-controllers-constant-air-volume-flow-controller-suitable-for-horizontal-and-vertical-ducts","status":"publish","type":"product","link":"https:\/\/climatemaster.ge\/az\/product\/notus-s-constant-air-volume-controllers-constant-air-volume-flow-controller-suitable-for-horizontal-and-vertical-ducts\/","title":{"rendered":"NOTUS-S Sabit Hava H\u0259cmi N\u0259zar\u0259t\u00e7il\u0259ri \u00dcf\u00fcqi v\u0259 \u015faquli kanallar \u00fc\u00e7\u00fcn uy\u011fun olan sabit hava h\u0259cmi ax\u0131n\u0131 t\u0259nziml\u0259yicisi"},"content":{"rendered":"<div class=\"mb-400 gtm-product-section container-fluid\" data-gtm-name=\"Benefits\" data-gtm-label=\"Benefits (en)\" data-gtm-vis-first-on-screen53434917_103=\"8448\" data-gtm-vis-total-visible-time53434917_103=\"1500\" data-gtm-vis-recent-on-screen53434917_103=\"155100\" data-gtm-vis-has-fired53434917_103=\"1\">\n<div class=\"row\">\n<div class=\"content-element content-element-product-benefit col-12 sm:col-6 mb-400\">\n<div class=\"bg-card px-300 py-250 mobile-nav:px-200 mobile-nav:py-150 h-full flex overflow-hidden card-border\">\n<div class=\"min-w-0\">\n<p><strong>Mexanik \u0259m\u0259liyyat<\/strong><br \/>\nNOTUS-S mexaniki \u0259m\u0259liyyat n\u00f6v\u00fc olan sabit hava h\u0259cmi ax\u0131n\u0131 t\u0259nziml\u0259yicisidir. Bu, he\u00e7 bir k\u00f6m\u0259k\u00e7i enerji v\u0259 ya i\u015f\u0259 sal\u0131nma t\u0259l\u0259b etmir.<\/p>\n<p>&nbsp;<\/p>\n<p><strong>S\u0259s s\u0259viyy\u0259sin\u0259 d\u0259qiq n\u0259zar\u0259t<\/strong><br \/>\nNOTUS-S maksimum 10% ax\u0131n h\u0259cmi sapmas\u0131 il\u0259 d\u0259qiqlikl\u0259, y\u0131\u011f\u0131mla idar\u0259 olunan hava ax\u0131n\u0131n\u0131n idar\u0259 edilm\u0259sini t\u0259min edir.<\/p>\n<p>&nbsp;<\/p>\n<p><strong>Bir s\u0131ra \u00f6l\u00e7\u00fcl\u0259r<\/strong><br \/>\nNOTUS-S h\u0259m \u00fcf\u00fcqi, h\u0259m d\u0259 \u015faquli kanallar \u00fc\u00e7\u00fcn n\u0259z\u0259rd\u0259 tutulmu\u015fdur v\u0259 600 x 600 mm-\u0259 q\u0259d\u0259r d\u00fczbucaql\u0131 \u00f6l\u00e7\u00fcl\u0259rd\u0259 g\u0259lir.<\/p>\n<p>&nbsp;<\/p>\n<p>NOTUS-S mexaniki \u0259m\u0259liyyat n\u00f6v\u00fc olan sabit hava h\u0259cmi ax\u0131n\u0131 t\u0259nziml\u0259yicisidir. Onun i\u015fl\u0259m\u0259si \u00fc\u00e7\u00fcn k\u00f6m\u0259k\u00e7i enerji m\u0259nb\u0259yi v\u0259 ya i\u015f\u0259salma t\u0259l\u0259b olunmur. O, hava ax\u0131n\u0131n\u0131 50 Pa-dan 1000 Pa diapazonunda kanaldak\u0131 hava t\u0259zyiqind\u0259n as\u0131l\u0131 olmayaraq idar\u0259 etm\u0259k \u00fc\u00e7\u00fcn n\u0259z\u0259rd\u0259 tutulub. Sabit hava ax\u0131n\u0131n\u0131n d\u0259y\u0259ri m\u0259hsulun \u00f6l\u00e7\u00fcs\u00fcnd\u0259n as\u0131l\u0131 olaraq f\u0131rlanan siferblat vasit\u0259sil\u0259 t\u0259nziml\u0259nir. T\u0259nziml\u0259m\u0259l\u0259r \u0259l il\u0259 v\u0259 ya elektrik \u00f6t\u00fcr\u00fcc\u00fc il\u0259 edil\u0259 bil\u0259r. M\u00fcxt\u0259lif \u00f6l\u00e7\u00fcl\u0259rd\u0259 m\u00f6vcuddur, h\u0259m \u00fcf\u00fcqi, h\u0259m d\u0259 \u015faquli kanallara qura\u015fd\u0131r\u0131la bil\u0259r.<\/p>\n<p>NOTUS-S-in d\u00fczbucaql\u0131 g\u00f6vd\u0259si h\u0259r ucunda 20 mm flan\u015fl\u0131 kanal birl\u0259\u015fm\u0259l\u0259ri olan sinkl\u0259nmi\u015f polad t\u0259b\u0259q\u0259d\u0259n haz\u0131rlanm\u0131\u015fd\u0131r. \u0130dar\u0259etm\u0259 damperinin b\u0131\u00e7a\u011f\u0131 al\u00fcminiumdan haz\u0131rlanm\u0131\u015fd\u0131r. Korpusun xarici s\u0259thind\u0259ki idar\u0259etm\u0259 mexanizmi ABS plastik qollar\u0131 v\u0259 \u00f6t\u00fcr\u00fcc\u00fcl\u0259ri, polad yaylar v\u0259 silikon ya\u011f\u0131 il\u0259 doldurulmu\u015f f\u0131rlanan amortizatordan ibar\u0259tdir, ham\u0131s\u0131 ABS qutusu il\u0259 \u00f6rt\u00fclm\u00fc\u015fd\u00fcr.<\/p>\n<\/div>\n<\/div>\n<\/div>\n<\/div>\n<\/div>\n","protected":false},"excerpt":{"rendered":"<div>\n<p>NOTUS-S Sabit Hava H\u0259cmi N\u0259zar\u0259t\u00e7il\u0259ri<br \/>\n\u00dcf\u00fcqi v\u0259 \u015faquli kanallar \u00fc\u00e7\u00fcn uy\u011fun olan sabit hava h\u0259cmi ax\u0131n\u0131 t\u0259nziml\u0259yicisi<\/p>\n<p>Mexanik \u0259m\u0259liyyat<\/p>\n<p>Y\u0131\u011fma n\u0259zar\u0259ti<\/p>\n<p>Polad konstruksiya<\/p>\n<p>Asan t\u0259yin n\u00f6qt\u0259si t\u0259nziml\u0259nm\u0259si<\/p>\n<\/div>\n<div class=\"flex flex-col gap-200\">\n<div class=\"flex flex-col flex-wrap gap-100 md:flex-row md:items-center gtm-purchase-option\" data-gtm-name=\"size\" data-gtm-label=\"Size\">\n<p><label class=\"flex gap-050 md:w-700 leading-none hyphens-auto print:w-full print:max-w-2\/5 text-label-small\">Size<\/label><\/p>\n<div class=\"flex flex-1 flex-wrap gap-050\">\n<div class=\"dropdown-wrapper dropdown-wrapper-small w-full gtm-purchase-option-value gtm-purchase-option-value-dropdown\"><select class=\"form-dropdown form-input form-dropdown-small\"><option value=\"200100\" data-gtm-name=\"200\u00d7100\" data-gtm-label=\"200\u00d7100\">200\u00d7100<\/option><option value=\"200200\" data-gtm-name=\"200\u00d7200\" data-gtm-label=\"200\u00d7200\">200\u00d7200<\/option><option value=\"300100\" data-gtm-name=\"300\u00d7100\" data-gtm-label=\"300\u00d7100\">300\u00d7100<\/option><option value=\"300150\" data-gtm-name=\"300\u00d7150\" data-gtm-label=\"300\u00d7150\">300\u00d7150<\/option><option value=\"300200\" data-gtm-name=\"300\u00d7200\" data-gtm-label=\"300\u00d7200\">300\u00d7200<\/option><option value=\"400200\" data-gtm-name=\"400\u00d7200\" data-gtm-label=\"400\u00d7200\">400\u00d7200<\/option><option value=\"400250\" data-gtm-name=\"400\u00d7250\" data-gtm-label=\"400\u00d7250\">400\u00d7250<\/option><option value=\"400300\" data-gtm-name=\"400\u00d7300\" data-gtm-label=\"400\u00d7300\">400\u00d7300<\/option><option value=\"400400\" data-gtm-name=\"400\u00d7400\" data-gtm-label=\"400\u00d7400\">400\u00d7400<\/option><option value=\"500200\" data-gtm-name=\"500\u00d7200\" data-gtm-label=\"500\u00d7200\">500\u00d7200<\/option><option value=\"500250\" data-gtm-name=\"500x250\" data-gtm-label=\"500x250\">500&#215;250<\/option><option value=\"500300\" data-gtm-name=\"500\u00d7300\" data-gtm-label=\"500\u00d7300\">500\u00d7300<\/option><option value=\"500400\" data-gtm-name=\"500\u00d7400\" data-gtm-label=\"500\u00d7400\">500\u00d7400<\/option><option value=\"500500\" data-gtm-name=\"500\u00d7500\" data-gtm-label=\"500\u00d7500\">500\u00d7500<\/option><option value=\"600200\" data-gtm-name=\"600\u00d7200\" data-gtm-label=\"600\u00d7200\">600\u00d7200<\/option><option value=\"600250\" data-gtm-name=\"600\u00d7250\" data-gtm-label=\"600\u00d7250\">600\u00d7250<\/option><option value=\"600300\" data-gtm-name=\"600\u00d7300\" data-gtm-label=\"600\u00d7300\">600\u00d7300<\/option><option value=\"600400\" data-gtm-name=\"600\u00d7400\" data-gtm-label=\"600\u00d7400\">600\u00d7400<\/option><option value=\"600500\" data-gtm-name=\"600\u00d7500\" data-gtm-label=\"600\u00d7500\">600\u00d7500<\/option><option value=\"600600\" data-gtm-name=\"600\u00d7600\" data-gtm-label=\"600\u00d7600\">600\u00d7600<\/option><\/select><\/div>\n<\/div>\n<\/div>\n<div class=\"flex flex-col flex-wrap gap-100 md:flex-row md:items-center gtm-purchase-option\" data-gtm-name=\"insulation\" data-gtm-label=\"Insulation\">\n<p><label class=\"flex gap-050 md:w-700 leading-none hyphens-auto print:w-full print:max-w-2\/5 text-label-small\">Insulation<\/label><\/p>\n<div class=\"flex flex-1 flex-wrap gap-050\"><button class=\"select-btn select-btn-small select-btn-selected gtm-purchase-option-value\" type=\"button\" data-gtm-name=\"Without insulation\" data-gtm-label=\"Without insulation\">Without insulation<\/button><button class=\"select-btn select-btn-small select-btn-default gtm-purchase-option-value\" type=\"button\" data-gtm-name=\"With insulation\" data-gtm-label=\"With insulation\">With insulation<\/button><\/div>\n<\/div>\n<div class=\"flex flex-col flex-wrap gap-100 md:flex-row md:items-center gtm-purchase-option\" data-gtm-name=\"controller_type\" data-gtm-label=\"Controller type\">\n<p><label class=\"flex gap-050 md:w-700 leading-none hyphens-auto print:w-full print:max-w-2\/5 text-label-small\">Controller type<\/label><\/p>\n<div class=\"flex flex-1 flex-wrap gap-050\">\n<div class=\"dropdown-wrapper dropdown-wrapper-small w-full gtm-purchase-option-value gtm-purchase-option-value-dropdown\"><select class=\"form-dropdown form-input form-dropdown-small\"><option value=\"0\" data-gtm-name=\"Manually\" data-gtm-label=\"Manually\">Manually<\/option><option value=\"1\" data-gtm-name=\"Actuator AC\/DC 24V contin. 0-10V \/ 2-Point\" data-gtm-label=\"Actuator AC\/DC 24V contin. 0-10V \/ 2-Point\">Actuator AC\/DC 24V contin. 0-10V \/ 2-Point<\/option><option value=\"2\" data-gtm-name=\"Actuator AC 230V 2-Point\" data-gtm-label=\"Actuator AC 230V 2-Point\">Actuator AC 230V 2-Point<\/option><\/select><\/div>\n<\/div>\n<\/div>\n<\/div>\n<div class=\"gtm-sku-info flex flex-col gap-y-050 text-label-tiny text-neutral-600\">\n<div class=\"flex flex-wrap items-baseline gap-x-100 gap-y-025\"><span class=\"gtm-article-name\">NOTUS-S-200&#215;100-M0<\/span><span class=\"whitespace-nowrap gtm-article-number text-base font-bold\">#94813<\/span><\/div>\n<\/div>\n","protected":false},"featured_media":37444,"template":"","meta":[],"product_brand":[],"product_cat":[1873,1867,1843],"product_tag":[],"class_list":{"0":"post-37467","1":"product","2":"type-product","3":"status-publish","4":"has-post-thumbnail","6":"product_cat-daimi-hava-hcmi-nzartcilri","7":"product_cat-hava-hcmin-nzart","8":"product_cat-hava-paylayici-mhsullar","10":"first","11":"instock","12":"shipping-taxable","13":"product-type-simple"},"yoast_head":"<!-- This site is optimized with the Yoast SEO plugin v27.1.1 - https:\/\/yoast.com\/product\/yoast-seo-wordpress\/ -->\n<title>NOTUS-S Sabit Hava H\u0259cmi N\u0259zar\u0259t\u00e7il\u0259ri \u00dcf\u00fcqi v\u0259 \u015faquli kanallar \u00fc\u00e7\u00fcn uy\u011fun olan sabit hava h\u0259cmi ax\u0131n\u0131 t\u0259nziml\u0259yicisi - Climate Master<\/title>\n<meta name=\"robots\" content=\"index, follow, max-snippet:-1, max-image-preview:large, max-video-preview:-1\" \/>\n<link rel=\"canonical\" href=\"https:\/\/climatemaster.ge\/az\/product\/notus-s-constant-air-volume-controllers-constant-air-volume-flow-controller-suitable-for-horizontal-and-vertical-ducts\/\" \/>\n<meta property=\"og:locale\" content=\"az_AZ\" \/>\n<meta property=\"og:type\" content=\"article\" \/>\n<meta property=\"og:title\" content=\"NOTUS-S Sabit Hava H\u0259cmi N\u0259zar\u0259t\u00e7il\u0259ri \u00dcf\u00fcqi v\u0259 \u015faquli kanallar \u00fc\u00e7\u00fcn uy\u011fun olan sabit hava h\u0259cmi ax\u0131n\u0131 t\u0259nziml\u0259yicisi - Climate Master\" \/>\n<meta property=\"og:description\" content=\"NOTUS-S Sabit Hava H\u0259cmi N\u0259zar\u0259t\u00e7il\u0259ri \u00dcf\u00fcqi v\u0259 \u015faquli kanallar \u00fc\u00e7\u00fcn uy\u011fun olan sabit hava h\u0259cmi ax\u0131n\u0131 t\u0259nziml\u0259yicisi  Mexanik \u0259m\u0259liyyat  Y\u0131\u011fma n\u0259zar\u0259ti  Polad konstruksiya  Asan t\u0259yin n\u00f6qt\u0259si t\u0259nziml\u0259nm\u0259si      Size   200\u00d7100 200\u00d7200 300\u00d7100 300\u00d7150 300\u00d7200 400\u00d7200 400\u00d7250 400\u00d7300 400\u00d7400 500\u00d7200 500x250 500\u00d7300 500\u00d7400 500\u00d7500 600\u00d7200 600\u00d7250 600\u00d7300 600\u00d7400 600\u00d7500 600\u00d7600      Insulation Without insulationWith insulation    Controller type   Manually Actuator AC\/DC 24V contin. 0-10V \/ 2-Point Actuator AC 230V 2-Point      NOTUS-S-200x100-M0#94813\" \/>\n<meta property=\"og:url\" content=\"https:\/\/climatemaster.ge\/az\/product\/notus-s-constant-air-volume-controllers-constant-air-volume-flow-controller-suitable-for-horizontal-and-vertical-ducts\/\" \/>\n<meta property=\"og:site_name\" content=\"Climate Master\" \/>\n<meta property=\"article:modified_time\" content=\"2025-09-07T19:25:20+00:00\" \/>\n<meta property=\"og:image\" content=\"https:\/\/climatemaster.ge\/wp-content\/uploads\/2025\/09\/PRODUCT-MAIN-IMAGE_NOTUS_S.jpg\" \/>\n\t<meta property=\"og:image:width\" content=\"384\" \/>\n\t<meta property=\"og:image:height\" content=\"288\" \/>\n\t<meta property=\"og:image:type\" content=\"image\/jpeg\" \/>\n<meta name=\"twitter:card\" content=\"summary_large_image\" \/>\n<meta name=\"twitter:label1\" content=\"Est. reading time\" \/>\n\t<meta name=\"twitter:data1\" content=\"2 minutes\" \/>\n<script type=\"application\/ld+json\" class=\"yoast-schema-graph\">{\"@context\":\"https:\/\/schema.org\",\"@graph\":[{\"@type\":\"WebPage\",\"@id\":\"https:\/\/climatemaster.ge\/az\/product\/notus-s-constant-air-volume-controllers-constant-air-volume-flow-controller-suitable-for-horizontal-and-vertical-ducts\/\",\"url\":\"https:\/\/climatemaster.ge\/az\/product\/notus-s-constant-air-volume-controllers-constant-air-volume-flow-controller-suitable-for-horizontal-and-vertical-ducts\/\",\"name\":\"NOTUS-S Sabit Hava H\u0259cmi N\u0259zar\u0259t\u00e7il\u0259ri \u00dcf\u00fcqi v\u0259 \u015faquli kanallar \u00fc\u00e7\u00fcn uy\u011fun olan sabit hava h\u0259cmi ax\u0131n\u0131 t\u0259nziml\u0259yicisi - Climate Master\",\"isPartOf\":{\"@id\":\"https:\/\/climatemaster.ge\/#website\"},\"primaryImageOfPage\":{\"@id\":\"https:\/\/climatemaster.ge\/az\/product\/notus-s-constant-air-volume-controllers-constant-air-volume-flow-controller-suitable-for-horizontal-and-vertical-ducts\/#primaryimage\"},\"image\":{\"@id\":\"https:\/\/climatemaster.ge\/az\/product\/notus-s-constant-air-volume-controllers-constant-air-volume-flow-controller-suitable-for-horizontal-and-vertical-ducts\/#primaryimage\"},\"thumbnailUrl\":\"https:\/\/climatemaster.ge\/wp-content\/uploads\/2025\/09\/PRODUCT-MAIN-IMAGE_NOTUS_S.jpg\",\"datePublished\":\"2025-09-07T19:20:18+00:00\",\"dateModified\":\"2025-09-07T19:25:20+00:00\",\"breadcrumb\":{\"@id\":\"https:\/\/climatemaster.ge\/az\/product\/notus-s-constant-air-volume-controllers-constant-air-volume-flow-controller-suitable-for-horizontal-and-vertical-ducts\/#breadcrumb\"},\"inLanguage\":\"az\",\"potentialAction\":[{\"@type\":\"ReadAction\",\"target\":[\"https:\/\/climatemaster.ge\/az\/product\/notus-s-constant-air-volume-controllers-constant-air-volume-flow-controller-suitable-for-horizontal-and-vertical-ducts\/\"]}]},{\"@type\":\"ImageObject\",\"inLanguage\":\"az\",\"@id\":\"https:\/\/climatemaster.ge\/az\/product\/notus-s-constant-air-volume-controllers-constant-air-volume-flow-controller-suitable-for-horizontal-and-vertical-ducts\/#primaryimage\",\"url\":\"https:\/\/climatemaster.ge\/wp-content\/uploads\/2025\/09\/PRODUCT-MAIN-IMAGE_NOTUS_S.jpg\",\"contentUrl\":\"https:\/\/climatemaster.ge\/wp-content\/uploads\/2025\/09\/PRODUCT-MAIN-IMAGE_NOTUS_S.jpg\",\"width\":384,\"height\":288},{\"@type\":\"BreadcrumbList\",\"@id\":\"https:\/\/climatemaster.ge\/az\/product\/notus-s-constant-air-volume-controllers-constant-air-volume-flow-controller-suitable-for-horizontal-and-vertical-ducts\/#breadcrumb\",\"itemListElement\":[{\"@type\":\"ListItem\",\"position\":1,\"name\":\"Home\",\"item\":\"https:\/\/climatemaster.ge\/\"},{\"@type\":\"ListItem\",\"position\":2,\"name\":\"M\u0259hsullar\",\"item\":\"https:\/\/climatemaster.ge\/products\/\"},{\"@type\":\"ListItem\",\"position\":3,\"name\":\"NOTUS-S Sabit Hava H\u0259cmi N\u0259zar\u0259t\u00e7il\u0259ri \u00dcf\u00fcqi v\u0259 \u015faquli kanallar \u00fc\u00e7\u00fcn uy\u011fun olan sabit hava h\u0259cmi ax\u0131n\u0131 t\u0259nziml\u0259yicisi\"}]},{\"@type\":\"WebSite\",\"@id\":\"https:\/\/climatemaster.ge\/#website\",\"url\":\"https:\/\/climatemaster.ge\/\",\"name\":\"Climate Master\",\"description\":\"\",\"publisher\":{\"@id\":\"https:\/\/climatemaster.ge\/#organization\"},\"potentialAction\":[{\"@type\":\"SearchAction\",\"target\":{\"@type\":\"EntryPoint\",\"urlTemplate\":\"https:\/\/climatemaster.ge\/?s={search_term_string}\"},\"query-input\":{\"@type\":\"PropertyValueSpecification\",\"valueRequired\":true,\"valueName\":\"search_term_string\"}}],\"inLanguage\":\"az\"},{\"@type\":\"Organization\",\"@id\":\"https:\/\/climatemaster.ge\/#organization\",\"name\":\"Climate Master\",\"url\":\"https:\/\/climatemaster.ge\/\",\"logo\":{\"@type\":\"ImageObject\",\"inLanguage\":\"az\",\"@id\":\"https:\/\/climatemaster.ge\/#\/schema\/logo\/image\/\",\"url\":\"https:\/\/climatemaster.ge\/wp-content\/uploads\/2026\/03\/Untitled-2.png\",\"contentUrl\":\"https:\/\/climatemaster.ge\/wp-content\/uploads\/2026\/03\/Untitled-2.png\",\"width\":600,\"height\":338,\"caption\":\"Climate Master\"},\"image\":{\"@id\":\"https:\/\/climatemaster.ge\/#\/schema\/logo\/image\/\"}}]}<\/script>\n<!-- \/ Yoast SEO plugin. -->","yoast_head_json":{"title":"NOTUS-S Sabit Hava H\u0259cmi N\u0259zar\u0259t\u00e7il\u0259ri \u00dcf\u00fcqi v\u0259 \u015faquli kanallar \u00fc\u00e7\u00fcn uy\u011fun olan sabit hava h\u0259cmi ax\u0131n\u0131 t\u0259nziml\u0259yicisi - Climate Master","robots":{"index":"index","follow":"follow","max-snippet":"max-snippet:-1","max-image-preview":"max-image-preview:large","max-video-preview":"max-video-preview:-1"},"canonical":"https:\/\/climatemaster.ge\/az\/product\/notus-s-constant-air-volume-controllers-constant-air-volume-flow-controller-suitable-for-horizontal-and-vertical-ducts\/","og_locale":"az_AZ","og_type":"article","og_title":"NOTUS-S Sabit Hava H\u0259cmi N\u0259zar\u0259t\u00e7il\u0259ri \u00dcf\u00fcqi v\u0259 \u015faquli kanallar \u00fc\u00e7\u00fcn uy\u011fun olan sabit hava h\u0259cmi ax\u0131n\u0131 t\u0259nziml\u0259yicisi - Climate Master","og_description":"NOTUS-S Sabit Hava H\u0259cmi N\u0259zar\u0259t\u00e7il\u0259ri \u00dcf\u00fcqi v\u0259 \u015faquli kanallar \u00fc\u00e7\u00fcn uy\u011fun olan sabit hava h\u0259cmi ax\u0131n\u0131 t\u0259nziml\u0259yicisi  Mexanik \u0259m\u0259liyyat  Y\u0131\u011fma n\u0259zar\u0259ti  Polad konstruksiya  Asan t\u0259yin n\u00f6qt\u0259si t\u0259nziml\u0259nm\u0259si      Size   200\u00d7100 200\u00d7200 300\u00d7100 300\u00d7150 300\u00d7200 400\u00d7200 400\u00d7250 400\u00d7300 400\u00d7400 500\u00d7200 500x250 500\u00d7300 500\u00d7400 500\u00d7500 600\u00d7200 600\u00d7250 600\u00d7300 600\u00d7400 600\u00d7500 600\u00d7600      Insulation Without insulationWith insulation    Controller type   Manually Actuator AC\/DC 24V contin. 0-10V \/ 2-Point Actuator AC 230V 2-Point      NOTUS-S-200x100-M0#94813","og_url":"https:\/\/climatemaster.ge\/az\/product\/notus-s-constant-air-volume-controllers-constant-air-volume-flow-controller-suitable-for-horizontal-and-vertical-ducts\/","og_site_name":"Climate Master","article_modified_time":"2025-09-07T19:25:20+00:00","og_image":[{"width":384,"height":288,"url":"https:\/\/climatemaster.ge\/wp-content\/uploads\/2025\/09\/PRODUCT-MAIN-IMAGE_NOTUS_S.jpg","type":"image\/jpeg"}],"twitter_card":"summary_large_image","twitter_misc":{"Est. reading time":"2 minutes"},"schema":{"@context":"https:\/\/schema.org","@graph":[{"@type":"WebPage","@id":"https:\/\/climatemaster.ge\/az\/product\/notus-s-constant-air-volume-controllers-constant-air-volume-flow-controller-suitable-for-horizontal-and-vertical-ducts\/","url":"https:\/\/climatemaster.ge\/az\/product\/notus-s-constant-air-volume-controllers-constant-air-volume-flow-controller-suitable-for-horizontal-and-vertical-ducts\/","name":"NOTUS-S Sabit Hava H\u0259cmi N\u0259zar\u0259t\u00e7il\u0259ri \u00dcf\u00fcqi v\u0259 \u015faquli kanallar \u00fc\u00e7\u00fcn uy\u011fun olan sabit hava h\u0259cmi ax\u0131n\u0131 t\u0259nziml\u0259yicisi - Climate Master","isPartOf":{"@id":"https:\/\/climatemaster.ge\/#website"},"primaryImageOfPage":{"@id":"https:\/\/climatemaster.ge\/az\/product\/notus-s-constant-air-volume-controllers-constant-air-volume-flow-controller-suitable-for-horizontal-and-vertical-ducts\/#primaryimage"},"image":{"@id":"https:\/\/climatemaster.ge\/az\/product\/notus-s-constant-air-volume-controllers-constant-air-volume-flow-controller-suitable-for-horizontal-and-vertical-ducts\/#primaryimage"},"thumbnailUrl":"https:\/\/climatemaster.ge\/wp-content\/uploads\/2025\/09\/PRODUCT-MAIN-IMAGE_NOTUS_S.jpg","datePublished":"2025-09-07T19:20:18+00:00","dateModified":"2025-09-07T19:25:20+00:00","breadcrumb":{"@id":"https:\/\/climatemaster.ge\/az\/product\/notus-s-constant-air-volume-controllers-constant-air-volume-flow-controller-suitable-for-horizontal-and-vertical-ducts\/#breadcrumb"},"inLanguage":"az","potentialAction":[{"@type":"ReadAction","target":["https:\/\/climatemaster.ge\/az\/product\/notus-s-constant-air-volume-controllers-constant-air-volume-flow-controller-suitable-for-horizontal-and-vertical-ducts\/"]}]},{"@type":"ImageObject","inLanguage":"az","@id":"https:\/\/climatemaster.ge\/az\/product\/notus-s-constant-air-volume-controllers-constant-air-volume-flow-controller-suitable-for-horizontal-and-vertical-ducts\/#primaryimage","url":"https:\/\/climatemaster.ge\/wp-content\/uploads\/2025\/09\/PRODUCT-MAIN-IMAGE_NOTUS_S.jpg","contentUrl":"https:\/\/climatemaster.ge\/wp-content\/uploads\/2025\/09\/PRODUCT-MAIN-IMAGE_NOTUS_S.jpg","width":384,"height":288},{"@type":"BreadcrumbList","@id":"https:\/\/climatemaster.ge\/az\/product\/notus-s-constant-air-volume-controllers-constant-air-volume-flow-controller-suitable-for-horizontal-and-vertical-ducts\/#breadcrumb","itemListElement":[{"@type":"ListItem","position":1,"name":"Home","item":"https:\/\/climatemaster.ge\/"},{"@type":"ListItem","position":2,"name":"M\u0259hsullar","item":"https:\/\/climatemaster.ge\/products\/"},{"@type":"ListItem","position":3,"name":"NOTUS-S Sabit Hava H\u0259cmi N\u0259zar\u0259t\u00e7il\u0259ri \u00dcf\u00fcqi v\u0259 \u015faquli kanallar \u00fc\u00e7\u00fcn uy\u011fun olan sabit hava h\u0259cmi ax\u0131n\u0131 t\u0259nziml\u0259yicisi"}]},{"@type":"WebSite","@id":"https:\/\/climatemaster.ge\/#website","url":"https:\/\/climatemaster.ge\/","name":"Climate Master","description":"","publisher":{"@id":"https:\/\/climatemaster.ge\/#organization"},"potentialAction":[{"@type":"SearchAction","target":{"@type":"EntryPoint","urlTemplate":"https:\/\/climatemaster.ge\/?s={search_term_string}"},"query-input":{"@type":"PropertyValueSpecification","valueRequired":true,"valueName":"search_term_string"}}],"inLanguage":"az"},{"@type":"Organization","@id":"https:\/\/climatemaster.ge\/#organization","name":"Climate Master","url":"https:\/\/climatemaster.ge\/","logo":{"@type":"ImageObject","inLanguage":"az","@id":"https:\/\/climatemaster.ge\/#\/schema\/logo\/image\/","url":"https:\/\/climatemaster.ge\/wp-content\/uploads\/2026\/03\/Untitled-2.png","contentUrl":"https:\/\/climatemaster.ge\/wp-content\/uploads\/2026\/03\/Untitled-2.png","width":600,"height":338,"caption":"Climate Master"},"image":{"@id":"https:\/\/climatemaster.ge\/#\/schema\/logo\/image\/"}}]}},"_links":{"self":[{"href":"https:\/\/climatemaster.ge\/az\/wp-json\/wp\/v2\/product\/37467","targetHints":{"allow":["GET"]}}],"collection":[{"href":"https:\/\/climatemaster.ge\/az\/wp-json\/wp\/v2\/product"}],"about":[{"href":"https:\/\/climatemaster.ge\/az\/wp-json\/wp\/v2\/types\/product"}],"wp:featuredmedia":[{"embeddable":true,"href":"https:\/\/climatemaster.ge\/az\/wp-json\/wp\/v2\/media\/37444"}],"wp:attachment":[{"href":"https:\/\/climatemaster.ge\/az\/wp-json\/wp\/v2\/media?parent=37467"}],"wp:term":[{"taxonomy":"product_brand","embeddable":true,"href":"https:\/\/climatemaster.ge\/az\/wp-json\/wp\/v2\/product_brand?post=37467"},{"taxonomy":"product_cat","embeddable":true,"href":"https:\/\/climatemaster.ge\/az\/wp-json\/wp\/v2\/product_cat?post=37467"},{"taxonomy":"product_tag","embeddable":true,"href":"https:\/\/climatemaster.ge\/az\/wp-json\/wp\/v2\/product_tag?post=37467"}],"curies":[{"name":"wp","href":"https:\/\/api.w.org\/{rel}","templated":true}]}}