{"id":37436,"date":"2025-09-07T23:12:25","date_gmt":"2025-09-07T19:12:25","guid":{"rendered":"https:\/\/airsystems.ge\/shop\/product\/tune-r-dampers-control-and-shut-off-damper-suitable-for-circular-ducts\/"},"modified":"2025-09-07T23:16:07","modified_gmt":"2025-09-07T19:16:07","slug":"tune-r-dampers-control-and-shut-off-damper-suitable-for-circular-ducts","status":"publish","type":"product","link":"https:\/\/climatemaster.ge\/az\/product\/tune-r-dampers-control-and-shut-off-damper-suitable-for-circular-ducts\/","title":{"rendered":"TUNE-R Damperl\u0259r Dair\u0259vi kanallar \u00fc\u00e7\u00fcn uy\u011fun olan idar\u0259etm\u0259 v\u0259 ba\u011flama damperi"},"content":{"rendered":"<div class=\"mb-400 gtm-product-section container-fluid\" data-gtm-name=\"Benefits\" data-gtm-label=\"Benefits (en)\" data-gtm-vis-recent-on-screen53434917_103=\"16063\" data-gtm-vis-first-on-screen53434917_103=\"16063\" data-gtm-vis-total-visible-time53434917_103=\"1500\" data-gtm-vis-has-fired53434917_103=\"1\">\n<div class=\"row\">\n<div class=\"content-element content-element-product-benefit col-12 sm:col-6 mb-400\">\n<div class=\"bg-card px-300 py-250 mobile-nav:px-200 mobile-nav:py-150 h-full flex overflow-hidden card-border\">\n<div class=\"min-w-0\">\n<p><strong>Dair\u0259vi kanallar<\/strong><br \/>\nTUNE-R dair\u0259vi kanallarda effektiv i\u015fl\u0259m\u0259yi t\u0259min etm\u0259k \u00fc\u00e7\u00fcn n\u0259z\u0259rd\u0259 tutulmu\u015f idar\u0259etm\u0259 v\u0259 ba\u011flama damperidir.<\/p>\n<p>&nbsp;<\/p>\n<p><strong>Manual v\u0259 ya motorlu versiyalar<\/strong><br \/>\nTUNE-R amortizatoru h\u0259m mexaniki, h\u0259m d\u0259 inteqrasiya olunmu\u015f m\u00f6vqe g\u00f6st\u0259ricisi olan motorlu versiyalarda m\u00f6vcuddur.<\/p>\n<p>&nbsp;<\/p>\n<p><strong>Polad konstruksiya<\/strong><br \/>\nTUNE-R damperi sinkl\u0259nmi\u015f polad t\u0259b\u0259q\u0259d\u0259n haz\u0131rlanm\u0131\u015fd\u0131r v\u0259 tamamil\u0259 silikonsuzdur. B\u00fct\u00fcn contalar qara rezind\u0259n haz\u0131rlan\u0131r.<\/p>\n<p>&nbsp;<\/p>\n<p>TUNE-R dair\u0259vi kanallar\u0131n x\u00fcsusi ehtiyaclar\u0131 \u00fc\u00e7\u00fcn n\u0259z\u0259rd\u0259 tutulmu\u015f idar\u0259etm\u0259 v\u0259 ba\u011flama damperidir. O, EN 1751-\u0259 uy\u011fun olaraq s\u0131naqdan ke\u00e7irilmi\u015f b\u0131\u00e7aq s\u0131zd\u0131rmazl\u0131\u011f\u0131 sinfi 1 v\u0259 ya 4 v\u0259 korpusun s\u0131zd\u0131rmazl\u0131\u011f\u0131 sinfi A v\u0259 ya C olan m\u00fcxt\u0259lif versiyalarda m\u00f6vcuddur. Damper inteqrasiya olunmu\u015f m\u00f6vqe g\u00f6st\u0259ricisi il\u0259 mexaniki v\u0259 ya motorlu versiyalarda t\u0259qdim edil\u0259 bil\u0259r.<\/p>\n<p>M\u00fcxt\u0259lif versiyalar dair\u0259vi kanallarda hava h\u0259cmini t\u0259nziml\u0259m\u0259k \u00fc\u00e7\u00fcn sad\u0259 qur\u011fularda ideal A1 il\u0259 m\u00fcxt\u0259lif parametrl\u0259r \u00fc\u00e7\u00fcn uy\u011fundur. C1 versiyas\u0131 s\u0259naye t\u0259tbiql\u0259ri v\u0259 ya x\u0259st\u0259xana d\u0259stl\u0259ri kimi k\u0259nar \u0259traflara s\u0131zman\u0131 minimuma endirm\u0259k \u00fc\u00e7\u00fcn kanal\u0131n xarici hiss\u0259sin\u0259 hava ke\u00e7irm\u0259y\u0259n t\u0259l\u0259bl\u0259rl\u0259 kanal qura\u015fd\u0131r\u0131lmas\u0131 \u00fc\u00e7\u00fcn t\u0259l\u0259b olunur. C4 versiyas\u0131, havada olan t\u0259hl\u00fck\u0259li materiallara g\u00f6r\u0259 sistemin m\u00fcxt\u0259lif hiss\u0259l\u0259rinin bir-birind\u0259n hava ke\u00e7irm\u0259z \u015f\u0259kild\u0259 ayr\u0131lmas\u0131 laz\u0131m olan ba\u011flanma damperi kimi istifad\u0259 \u00fc\u00e7\u00fcn ideald\u0131r.<\/p>\n<p>Damper sinkl\u0259nmi\u015f polad t\u0259b\u0259q\u0259d\u0259n haz\u0131rlanm\u0131\u015fd\u0131r v\u0259 tamamil\u0259 silikonsuzdur. Qur\u011fudak\u0131 b\u00fct\u00fcn contalar qara rezinl\u0259rd\u0259n haz\u0131rlan\u0131r. Damperd\u0259 istifad\u0259 olunan b\u00fct\u00fcn materiallar alov gecikdiricidir. TUNE-R damperi 80-630 mm \u00f6l\u00e7\u00fcl\u0259rd\u0259 m\u00f6vcuddur.<\/p>\n<\/div>\n<\/div>\n<\/div>\n<\/div>\n<\/div>\n","protected":false},"excerpt":{"rendered":"<div>\n<p>TUNE-R Damperl\u0259r<br \/>\nDair\u0259vi kanallar \u00fc\u00e7\u00fcn uy\u011fun olan idar\u0259etm\u0259 v\u0259 ba\u011flama damperi<\/p>\n<p>Manual v\u0259 ya motorlu<\/p>\n<p>Polad konstruksiya<\/p>\n<p>Alov gecikdirici<\/p>\n<p>Xarici izolyasiya<\/p>\n<\/div>\n<div class=\"flex flex-col gap-200\">\n<div class=\"flex flex-col flex-wrap gap-100 md:flex-row md:items-center gtm-purchase-option\" data-gtm-name=\"tightness_class\" data-gtm-label=\"Tightness class\">\n<p><label class=\"flex gap-050 md:w-700 leading-none hyphens-auto print:w-full print:max-w-2\/5 text-label-small\">Tightness class<\/label><\/p>\n<div class=\"flex flex-1 flex-wrap gap-050\"><button class=\"select-btn select-btn-small select-btn-selected gtm-purchase-option-value\" type=\"button\" data-gtm-name=\"A1\" data-gtm-label=\"A1\">A1<\/button><button class=\"select-btn select-btn-small select-btn-default gtm-purchase-option-value\" type=\"button\" data-gtm-name=\"C1\" data-gtm-label=\"C1\">C1<\/button><button class=\"select-btn select-btn-small select-btn-default gtm-purchase-option-value\" type=\"button\" data-gtm-name=\"C4\" data-gtm-label=\"C4\">C4<\/button><\/div>\n<\/div>\n<div class=\"flex flex-col flex-wrap gap-100 md:flex-row md:items-center gtm-purchase-option\" data-gtm-name=\"size\" data-gtm-label=\"Size\">\n<p><label class=\"flex gap-050 md:w-700 leading-none hyphens-auto print:w-full print:max-w-2\/5 text-label-small\">Size<\/label><\/p>\n<div class=\"flex flex-1 flex-wrap gap-050\"><button class=\"select-btn select-btn-small select-btn-selected gtm-purchase-option-value\" type=\"button\" data-gtm-name=\"80\" data-gtm-label=\"80\">80<\/button><button class=\"select-btn select-btn-small select-btn-default gtm-purchase-option-value\" type=\"button\" data-gtm-name=\"100\" data-gtm-label=\"100\">100<\/button><button class=\"select-btn select-btn-small select-btn-default gtm-purchase-option-value\" type=\"button\" data-gtm-name=\"125\" data-gtm-label=\"125\">125<\/button><button class=\"select-btn select-btn-small select-btn-default gtm-purchase-option-value\" type=\"button\" data-gtm-name=\"140\" data-gtm-label=\"140\">140<\/button><button class=\"select-btn select-btn-small select-btn-default gtm-purchase-option-value\" type=\"button\" data-gtm-name=\"160\" data-gtm-label=\"160\">160<\/button><button class=\"select-btn select-btn-small select-btn-default gtm-purchase-option-value\" type=\"button\" data-gtm-name=\"180\" data-gtm-label=\"180\">180<\/button><button class=\"select-btn select-btn-small select-btn-default gtm-purchase-option-value\" type=\"button\" data-gtm-name=\"200\" data-gtm-label=\"200\">200<\/button><button class=\"select-btn select-btn-small select-btn-default gtm-purchase-option-value\" type=\"button\" data-gtm-name=\"250\" data-gtm-label=\"250\">250<\/button><button class=\"select-btn select-btn-small select-btn-default gtm-purchase-option-value\" type=\"button\" data-gtm-name=\"280\" data-gtm-label=\"280\">280<\/button><button class=\"select-btn select-btn-small select-btn-default gtm-purchase-option-value\" type=\"button\" data-gtm-name=\"315\" data-gtm-label=\"315\">315<\/button><button class=\"select-btn select-btn-small select-btn-default gtm-purchase-option-value\" type=\"button\" data-gtm-name=\"355\" data-gtm-label=\"355\">355<\/button><button class=\"select-btn select-btn-small select-btn-default gtm-purchase-option-value\" type=\"button\" data-gtm-name=\"400\" data-gtm-label=\"400\">400<\/button><button class=\"select-btn select-btn-small select-btn-default gtm-purchase-option-value\" type=\"button\" data-gtm-name=\"450\" data-gtm-label=\"450\">450<\/button><button class=\"select-btn select-btn-small select-btn-default gtm-purchase-option-value\" type=\"button\" data-gtm-name=\"500\" data-gtm-label=\"500\">500<\/button><button class=\"select-btn select-btn-small select-btn-default gtm-purchase-option-value\" type=\"button\" data-gtm-name=\"560\" data-gtm-label=\"560\">560<\/button><button class=\"select-btn select-btn-small select-btn-default gtm-purchase-option-value\" type=\"button\" data-gtm-name=\"630\" data-gtm-label=\"630\">630<\/button><\/div>\n<\/div>\n<div class=\"flex flex-col flex-wrap gap-100 md:flex-row md:items-center gtm-purchase-option\" data-gtm-name=\"type_of_actualtion\" data-gtm-label=\"Type of actualtion\">\n<p><label class=\"flex gap-050 md:w-700 leading-none hyphens-auto print:w-full print:max-w-2\/5 text-label-small\">Type of actualtion<\/label><\/p>\n<div class=\"flex flex-1 flex-wrap gap-050\">\n<div class=\"dropdown-wrapper dropdown-wrapper-small w-full gtm-purchase-option-value gtm-purchase-option-value-dropdown\"><select class=\"form-dropdown form-input form-dropdown-small\"><option value=\"0\" data-gtm-name=\"Handle (-H)\" data-gtm-label=\"Handle (-H)\">[Handle (-H)]<\/option><option value=\"1\" data-gtm-name=\"Preparation for actuator (-M0)\" data-gtm-label=\"Preparation for actuator (-M0)\">[Preparation for actuator (-M0)]<\/option><option value=\"2\" data-gtm-name=\"230V actuator (-M1)\" data-gtm-label=\"230V actuator (-M1)\">230V actuator (-M1)<\/option><option value=\"3\" data-gtm-name=\"24V actuator (-M2)\" data-gtm-label=\"24V actuator (-M2)\">24V actuator (-M2)<\/option><option value=\"4\" data-gtm-name=\"24V, 0-10V stepless actuator (-M3)\" data-gtm-label=\"24V, 0-10V stepless actuator (-M3)\">24V, 0-10V stepless actuator (-M3)<\/option><option value=\"5\" data-gtm-name=\"230V spring actuator (-M4)\" data-gtm-label=\"230V spring actuator (-M4)\">230V spring actuator (-M4)<\/option><option value=\"6\" data-gtm-name=\"24V spring actuator (-M5)\" data-gtm-label=\"24V spring actuator (-M5)\">24V spring actuator (-M5)<\/option><option value=\"7\" data-gtm-name=\"24V, 0-10V stepless spring actuator (-M6)\" data-gtm-label=\"24V, 0-10V stepless spring actuator (-M6)\">24V, 0-10V stepless spring actuator (-M6)<\/option><\/select><\/div>\n<\/div>\n<\/div>\n<\/div>\n<div class=\"gtm-sku-info flex flex-col gap-y-050 text-label-tiny text-neutral-600\">\n<div class=\"flex flex-wrap items-baseline gap-x-100 gap-y-025\"><span class=\"gtm-article-name\">TUNE-R-080-1-M1<\/span><span class=\"whitespace-nowrap gtm-article-number text-base font-bold\">#46648<\/span><\/div>\n<\/div>\n","protected":false},"featured_media":37425,"template":"","meta":[],"product_brand":[],"product_cat":[1982,1867,1843],"product_tag":[],"class_list":{"0":"post-37436","1":"product","2":"type-product","3":"status-publish","4":"has-post-thumbnail","6":"product_cat-dampers-az","7":"product_cat-hava-hcmin-nzart","8":"product_cat-hava-paylayici-mhsullar","10":"first","11":"instock","12":"shipping-taxable","13":"product-type-simple"},"yoast_head":"<!-- This site is optimized with the Yoast SEO plugin v27.1.1 - https:\/\/yoast.com\/product\/yoast-seo-wordpress\/ -->\n<title>TUNE-R Damperl\u0259r Dair\u0259vi kanallar \u00fc\u00e7\u00fcn uy\u011fun olan idar\u0259etm\u0259 v\u0259 ba\u011flama damperi - Climate Master<\/title>\n<meta name=\"robots\" content=\"index, follow, max-snippet:-1, max-image-preview:large, max-video-preview:-1\" \/>\n<link rel=\"canonical\" href=\"https:\/\/climatemaster.ge\/az\/product\/tune-r-dampers-control-and-shut-off-damper-suitable-for-circular-ducts\/\" \/>\n<meta property=\"og:locale\" content=\"az_AZ\" \/>\n<meta property=\"og:type\" content=\"article\" \/>\n<meta property=\"og:title\" content=\"TUNE-R Damperl\u0259r Dair\u0259vi kanallar \u00fc\u00e7\u00fcn uy\u011fun olan idar\u0259etm\u0259 v\u0259 ba\u011flama damperi - Climate Master\" \/>\n<meta property=\"og:description\" content=\"TUNE-R Damperl\u0259r Dair\u0259vi kanallar \u00fc\u00e7\u00fcn uy\u011fun olan idar\u0259etm\u0259 v\u0259 ba\u011flama damperi  Manual v\u0259 ya motorlu  Polad konstruksiya  Alov gecikdirici  Xarici izolyasiya      Tightness class A1C1C4    Size 80100125140160180200250280315355400450500560630    Type of actualtion   [Handle (-H)] [Preparation for actuator (-M0)] 230V actuator (-M1) 24V actuator (-M2) 24V, 0-10V stepless actuator (-M3) 230V spring actuator (-M4) 24V spring actuator (-M5) 24V, 0-10V stepless spring actuator (-M6)      TUNE-R-080-1-M1#46648\" \/>\n<meta property=\"og:url\" content=\"https:\/\/climatemaster.ge\/az\/product\/tune-r-dampers-control-and-shut-off-damper-suitable-for-circular-ducts\/\" \/>\n<meta property=\"og:site_name\" content=\"Climate Master\" \/>\n<meta property=\"article:modified_time\" content=\"2025-09-07T19:16:07+00:00\" \/>\n<meta property=\"og:image\" content=\"https:\/\/climatemaster.ge\/wp-content\/uploads\/2025\/09\/PRODUCT-MAIN-IMAGE_TUNE_R.jpg\" \/>\n\t<meta property=\"og:image:width\" content=\"384\" \/>\n\t<meta property=\"og:image:height\" content=\"288\" \/>\n\t<meta property=\"og:image:type\" content=\"image\/jpeg\" \/>\n<meta name=\"twitter:card\" content=\"summary_large_image\" \/>\n<meta name=\"twitter:label1\" content=\"Est. reading time\" \/>\n\t<meta name=\"twitter:data1\" content=\"2 minutes\" \/>\n<script type=\"application\/ld+json\" class=\"yoast-schema-graph\">{\"@context\":\"https:\/\/schema.org\",\"@graph\":[{\"@type\":\"WebPage\",\"@id\":\"https:\/\/climatemaster.ge\/az\/product\/tune-r-dampers-control-and-shut-off-damper-suitable-for-circular-ducts\/\",\"url\":\"https:\/\/climatemaster.ge\/az\/product\/tune-r-dampers-control-and-shut-off-damper-suitable-for-circular-ducts\/\",\"name\":\"TUNE-R Damperl\u0259r Dair\u0259vi kanallar \u00fc\u00e7\u00fcn uy\u011fun olan idar\u0259etm\u0259 v\u0259 ba\u011flama damperi - Climate Master\",\"isPartOf\":{\"@id\":\"https:\/\/climatemaster.ge\/#website\"},\"primaryImageOfPage\":{\"@id\":\"https:\/\/climatemaster.ge\/az\/product\/tune-r-dampers-control-and-shut-off-damper-suitable-for-circular-ducts\/#primaryimage\"},\"image\":{\"@id\":\"https:\/\/climatemaster.ge\/az\/product\/tune-r-dampers-control-and-shut-off-damper-suitable-for-circular-ducts\/#primaryimage\"},\"thumbnailUrl\":\"https:\/\/climatemaster.ge\/wp-content\/uploads\/2025\/09\/PRODUCT-MAIN-IMAGE_TUNE_R.jpg\",\"datePublished\":\"2025-09-07T19:12:25+00:00\",\"dateModified\":\"2025-09-07T19:16:07+00:00\",\"breadcrumb\":{\"@id\":\"https:\/\/climatemaster.ge\/az\/product\/tune-r-dampers-control-and-shut-off-damper-suitable-for-circular-ducts\/#breadcrumb\"},\"inLanguage\":\"az\",\"potentialAction\":[{\"@type\":\"ReadAction\",\"target\":[\"https:\/\/climatemaster.ge\/az\/product\/tune-r-dampers-control-and-shut-off-damper-suitable-for-circular-ducts\/\"]}]},{\"@type\":\"ImageObject\",\"inLanguage\":\"az\",\"@id\":\"https:\/\/climatemaster.ge\/az\/product\/tune-r-dampers-control-and-shut-off-damper-suitable-for-circular-ducts\/#primaryimage\",\"url\":\"https:\/\/climatemaster.ge\/wp-content\/uploads\/2025\/09\/PRODUCT-MAIN-IMAGE_TUNE_R.jpg\",\"contentUrl\":\"https:\/\/climatemaster.ge\/wp-content\/uploads\/2025\/09\/PRODUCT-MAIN-IMAGE_TUNE_R.jpg\",\"width\":384,\"height\":288},{\"@type\":\"BreadcrumbList\",\"@id\":\"https:\/\/climatemaster.ge\/az\/product\/tune-r-dampers-control-and-shut-off-damper-suitable-for-circular-ducts\/#breadcrumb\",\"itemListElement\":[{\"@type\":\"ListItem\",\"position\":1,\"name\":\"Home\",\"item\":\"https:\/\/climatemaster.ge\/\"},{\"@type\":\"ListItem\",\"position\":2,\"name\":\"M\u0259hsullar\",\"item\":\"https:\/\/climatemaster.ge\/products\/\"},{\"@type\":\"ListItem\",\"position\":3,\"name\":\"TUNE-R Damperl\u0259r Dair\u0259vi kanallar \u00fc\u00e7\u00fcn uy\u011fun olan idar\u0259etm\u0259 v\u0259 ba\u011flama damperi\"}]},{\"@type\":\"WebSite\",\"@id\":\"https:\/\/climatemaster.ge\/#website\",\"url\":\"https:\/\/climatemaster.ge\/\",\"name\":\"Climate Master\",\"description\":\"\",\"publisher\":{\"@id\":\"https:\/\/climatemaster.ge\/#organization\"},\"potentialAction\":[{\"@type\":\"SearchAction\",\"target\":{\"@type\":\"EntryPoint\",\"urlTemplate\":\"https:\/\/climatemaster.ge\/?s={search_term_string}\"},\"query-input\":{\"@type\":\"PropertyValueSpecification\",\"valueRequired\":true,\"valueName\":\"search_term_string\"}}],\"inLanguage\":\"az\"},{\"@type\":\"Organization\",\"@id\":\"https:\/\/climatemaster.ge\/#organization\",\"name\":\"Climate Master\",\"url\":\"https:\/\/climatemaster.ge\/\",\"logo\":{\"@type\":\"ImageObject\",\"inLanguage\":\"az\",\"@id\":\"https:\/\/climatemaster.ge\/#\/schema\/logo\/image\/\",\"url\":\"https:\/\/climatemaster.ge\/wp-content\/uploads\/2026\/03\/Untitled-2.png\",\"contentUrl\":\"https:\/\/climatemaster.ge\/wp-content\/uploads\/2026\/03\/Untitled-2.png\",\"width\":600,\"height\":338,\"caption\":\"Climate Master\"},\"image\":{\"@id\":\"https:\/\/climatemaster.ge\/#\/schema\/logo\/image\/\"}}]}<\/script>\n<!-- \/ Yoast SEO plugin. -->","yoast_head_json":{"title":"TUNE-R Damperl\u0259r Dair\u0259vi kanallar \u00fc\u00e7\u00fcn uy\u011fun olan idar\u0259etm\u0259 v\u0259 ba\u011flama damperi - Climate Master","robots":{"index":"index","follow":"follow","max-snippet":"max-snippet:-1","max-image-preview":"max-image-preview:large","max-video-preview":"max-video-preview:-1"},"canonical":"https:\/\/climatemaster.ge\/az\/product\/tune-r-dampers-control-and-shut-off-damper-suitable-for-circular-ducts\/","og_locale":"az_AZ","og_type":"article","og_title":"TUNE-R Damperl\u0259r Dair\u0259vi kanallar \u00fc\u00e7\u00fcn uy\u011fun olan idar\u0259etm\u0259 v\u0259 ba\u011flama damperi - Climate Master","og_description":"TUNE-R Damperl\u0259r Dair\u0259vi kanallar \u00fc\u00e7\u00fcn uy\u011fun olan idar\u0259etm\u0259 v\u0259 ba\u011flama damperi  Manual v\u0259 ya motorlu  Polad konstruksiya  Alov gecikdirici  Xarici izolyasiya      Tightness class A1C1C4    Size 80100125140160180200250280315355400450500560630    Type of actualtion   [Handle (-H)] [Preparation for actuator (-M0)] 230V actuator (-M1) 24V actuator (-M2) 24V, 0-10V stepless actuator (-M3) 230V spring actuator (-M4) 24V spring actuator (-M5) 24V, 0-10V stepless spring actuator (-M6)      TUNE-R-080-1-M1#46648","og_url":"https:\/\/climatemaster.ge\/az\/product\/tune-r-dampers-control-and-shut-off-damper-suitable-for-circular-ducts\/","og_site_name":"Climate Master","article_modified_time":"2025-09-07T19:16:07+00:00","og_image":[{"width":384,"height":288,"url":"https:\/\/climatemaster.ge\/wp-content\/uploads\/2025\/09\/PRODUCT-MAIN-IMAGE_TUNE_R.jpg","type":"image\/jpeg"}],"twitter_card":"summary_large_image","twitter_misc":{"Est. reading time":"2 minutes"},"schema":{"@context":"https:\/\/schema.org","@graph":[{"@type":"WebPage","@id":"https:\/\/climatemaster.ge\/az\/product\/tune-r-dampers-control-and-shut-off-damper-suitable-for-circular-ducts\/","url":"https:\/\/climatemaster.ge\/az\/product\/tune-r-dampers-control-and-shut-off-damper-suitable-for-circular-ducts\/","name":"TUNE-R Damperl\u0259r Dair\u0259vi kanallar \u00fc\u00e7\u00fcn uy\u011fun olan idar\u0259etm\u0259 v\u0259 ba\u011flama damperi - Climate Master","isPartOf":{"@id":"https:\/\/climatemaster.ge\/#website"},"primaryImageOfPage":{"@id":"https:\/\/climatemaster.ge\/az\/product\/tune-r-dampers-control-and-shut-off-damper-suitable-for-circular-ducts\/#primaryimage"},"image":{"@id":"https:\/\/climatemaster.ge\/az\/product\/tune-r-dampers-control-and-shut-off-damper-suitable-for-circular-ducts\/#primaryimage"},"thumbnailUrl":"https:\/\/climatemaster.ge\/wp-content\/uploads\/2025\/09\/PRODUCT-MAIN-IMAGE_TUNE_R.jpg","datePublished":"2025-09-07T19:12:25+00:00","dateModified":"2025-09-07T19:16:07+00:00","breadcrumb":{"@id":"https:\/\/climatemaster.ge\/az\/product\/tune-r-dampers-control-and-shut-off-damper-suitable-for-circular-ducts\/#breadcrumb"},"inLanguage":"az","potentialAction":[{"@type":"ReadAction","target":["https:\/\/climatemaster.ge\/az\/product\/tune-r-dampers-control-and-shut-off-damper-suitable-for-circular-ducts\/"]}]},{"@type":"ImageObject","inLanguage":"az","@id":"https:\/\/climatemaster.ge\/az\/product\/tune-r-dampers-control-and-shut-off-damper-suitable-for-circular-ducts\/#primaryimage","url":"https:\/\/climatemaster.ge\/wp-content\/uploads\/2025\/09\/PRODUCT-MAIN-IMAGE_TUNE_R.jpg","contentUrl":"https:\/\/climatemaster.ge\/wp-content\/uploads\/2025\/09\/PRODUCT-MAIN-IMAGE_TUNE_R.jpg","width":384,"height":288},{"@type":"BreadcrumbList","@id":"https:\/\/climatemaster.ge\/az\/product\/tune-r-dampers-control-and-shut-off-damper-suitable-for-circular-ducts\/#breadcrumb","itemListElement":[{"@type":"ListItem","position":1,"name":"Home","item":"https:\/\/climatemaster.ge\/"},{"@type":"ListItem","position":2,"name":"M\u0259hsullar","item":"https:\/\/climatemaster.ge\/products\/"},{"@type":"ListItem","position":3,"name":"TUNE-R Damperl\u0259r Dair\u0259vi kanallar \u00fc\u00e7\u00fcn uy\u011fun olan idar\u0259etm\u0259 v\u0259 ba\u011flama damperi"}]},{"@type":"WebSite","@id":"https:\/\/climatemaster.ge\/#website","url":"https:\/\/climatemaster.ge\/","name":"Climate Master","description":"","publisher":{"@id":"https:\/\/climatemaster.ge\/#organization"},"potentialAction":[{"@type":"SearchAction","target":{"@type":"EntryPoint","urlTemplate":"https:\/\/climatemaster.ge\/?s={search_term_string}"},"query-input":{"@type":"PropertyValueSpecification","valueRequired":true,"valueName":"search_term_string"}}],"inLanguage":"az"},{"@type":"Organization","@id":"https:\/\/climatemaster.ge\/#organization","name":"Climate Master","url":"https:\/\/climatemaster.ge\/","logo":{"@type":"ImageObject","inLanguage":"az","@id":"https:\/\/climatemaster.ge\/#\/schema\/logo\/image\/","url":"https:\/\/climatemaster.ge\/wp-content\/uploads\/2026\/03\/Untitled-2.png","contentUrl":"https:\/\/climatemaster.ge\/wp-content\/uploads\/2026\/03\/Untitled-2.png","width":600,"height":338,"caption":"Climate Master"},"image":{"@id":"https:\/\/climatemaster.ge\/#\/schema\/logo\/image\/"}}]}},"_links":{"self":[{"href":"https:\/\/climatemaster.ge\/az\/wp-json\/wp\/v2\/product\/37436","targetHints":{"allow":["GET"]}}],"collection":[{"href":"https:\/\/climatemaster.ge\/az\/wp-json\/wp\/v2\/product"}],"about":[{"href":"https:\/\/climatemaster.ge\/az\/wp-json\/wp\/v2\/types\/product"}],"wp:featuredmedia":[{"embeddable":true,"href":"https:\/\/climatemaster.ge\/az\/wp-json\/wp\/v2\/media\/37425"}],"wp:attachment":[{"href":"https:\/\/climatemaster.ge\/az\/wp-json\/wp\/v2\/media?parent=37436"}],"wp:term":[{"taxonomy":"product_brand","embeddable":true,"href":"https:\/\/climatemaster.ge\/az\/wp-json\/wp\/v2\/product_brand?post=37436"},{"taxonomy":"product_cat","embeddable":true,"href":"https:\/\/climatemaster.ge\/az\/wp-json\/wp\/v2\/product_cat?post=37436"},{"taxonomy":"product_tag","embeddable":true,"href":"https:\/\/climatemaster.ge\/az\/wp-json\/wp\/v2\/product_tag?post=37436"}],"curies":[{"name":"wp","href":"https:\/\/api.w.org\/{rel}","templated":true}]}}