{"id":36925,"date":"2025-09-07T12:42:30","date_gmt":"2025-09-07T08:42:30","guid":{"rendered":"https:\/\/airsystems.ge\/shop\/product\/nova-l-grilles-aluminium-fixed-blade-grille-suitable-for-discreet-installations\/"},"modified":"2025-09-07T12:54:20","modified_gmt":"2025-09-07T08:54:20","slug":"nova-l-grilles-aluminium-fixed-blade-grille-suitable-for-discreet-installations","status":"publish","type":"product","link":"https:\/\/climatemaster.ge\/az\/product\/nova-l-grilles-aluminium-fixed-blade-grille-suitable-for-discreet-installations\/","title":{"rendered":"NOVA-L Barmaql\u0131qlar T\u0259mkinli qura\u015fd\u0131rmalar \u00fc\u00e7\u00fcn uy\u011fun olan al\u00fcminium sabit b\u0131\u00e7aq barmaql\u0131\u011f\u0131"},"content":{"rendered":"<div class=\"mb-400 gtm-product-section container-fluid\" data-gtm-name=\"Benefits\" data-gtm-label=\"Benefits (en)\" data-gtm-vis-first-on-screen53434917_103=\"36553\" data-gtm-vis-total-visible-time53434917_103=\"1500\" data-gtm-vis-has-fired53434917_103=\"1\">\n<div class=\"row\">\n<div class=\"content-element content-element-product-benefit col-12 sm:col-6 mb-400\">\n<div class=\"bg-card px-300 py-250 mobile-nav:px-200 mobile-nav:py-150 h-full flex overflow-hidden card-border\">\n<div class=\"min-w-0\">\n<p><strong>Hava t\u0259chizat\u0131 v\u0259 \u00e7\u0131xar\u0131lmas\u0131<\/strong><br \/>\nNOVA-L diffuziya barmaql\u0131\u011f\u0131 d\u00fczbucaql\u0131 kanallara v\u0259 ya divarlara v\u0259 tavanlara qura\u015fd\u0131r\u0131ld\u0131qda h\u0259m hava t\u0259chizat\u0131n\u0131, h\u0259m d\u0259 havan\u0131n \u00e7\u0131xar\u0131lmas\u0131n\u0131 t\u0259min edir.<\/p>\n<p>&nbsp;<\/p>\n<p><strong>Estetik dizayn<\/strong><br \/>\nNOVA-L diffuziya barmaql\u0131\u011f\u0131n\u0131n estetik dizayn\u0131 o dem\u0259kdir ki, o, ofisl\u0259r, otell\u0259r v\u0259 restoranlar kimi \u00fcmumi g\u00f6r\u00fcn\u00fc\u015f\u00fcn vacib oldu\u011fu v\u0259ziyy\u0259tl\u0259rd\u0259 ideald\u0131r.<\/p>\n<p>&nbsp;<\/p>\n<p><strong>Al\u00fcminium konstruksiya<\/strong><br \/>\nNOVA-L barmaql\u0131\u011f\u0131 anodlanm\u0131\u015f s\u0259th\u0259 malik v\u0259 ya toz boyal\u0131 (RAL 9003 &#8211; siqnal a\u011f) s\u0259thi bitirm\u0259 il\u0259 al\u00fcminium profill\u0259rd\u0259n haz\u0131rlan\u0131r.<\/p>\n<p>&nbsp;<\/p>\n<p>NOVA-L, hava t\u0259chizat\u0131 v\u0259 havan\u0131n \u00e7\u0131xar\u0131lmas\u0131 \u00fc\u00e7\u00fcn n\u0259z\u0259rd\u0259 tutulmu\u015f al\u00fcminium sabit b\u0131\u00e7aql\u0131 diffuziya barmaql\u0131\u011f\u0131d\u0131r. M\u00fcxt\u0259lif \u00f6l\u00e7\u00fcl\u0259rd\u0259 m\u00f6vcud olan qur\u011fu d\u00fczbucaql\u0131 kanallara v\u0259 ya divarlara v\u0259 tavanlara qura\u015fd\u0131r\u0131l\u0131r. Barmaql\u0131\u011f\u0131 bir ne\u00e7\u0259 hiss\u0259y\u0259 b\u00f6lm\u0259k v\u0259 davaml\u0131 barmaql\u0131qlar x\u0259ttin\u0259 qura\u015fd\u0131rmaq olar. T\u0259k v\u0259 ya iki qatl\u0131 b\u0131\u00e7aqlar m\u00f6vcuddur v\u0259 iki qat il\u0259 t\u0259nziml\u0259n\u0259n daxili b\u0131\u00e7aqlar yax\u015f\u0131 formal\u0131 hava ax\u0131d\u0131lmas\u0131 n\u00fcmun\u0259l\u0259rin\u0259 imkan verir. Onun dizayn\u0131 onu ofisl\u0259r, otell\u0259r v\u0259 restoranlar kimi t\u0259mkinli g\u00f6r\u00fcn\u00fc\u015f t\u0259l\u0259b olunan yerl\u0259rd\u0259 qura\u015fd\u0131rmaq \u00fc\u00e7\u00fcn \u0259lveri\u015fli edir.<\/p>\n<p>NOVA-L anodla\u015fd\u0131r\u0131lm\u0131\u015f al\u00fcminium profill\u0259rd\u0259n haz\u0131rlan\u0131r. M\u0259hsul \u00e7\u0259r\u00e7iv\u0259d\u0259n v\u0259 1 v\u0259 ya 2 qat b\u0131\u00e7aqdan ibar\u0259tdir. Birinci t\u0259b\u0259q\u0259 h\u0259mi\u015f\u0259 sabitdir, ikincisi is\u0259 t\u0259nziml\u0259nir. H\u0259m t\u0259k, h\u0259m d\u0259 iki qatl\u0131 barmaql\u0131qlar h\u0259m \u00fcf\u00fcqi, h\u0259m d\u0259 \u015faquli \u00f6n b\u0131\u00e7aq hizas\u0131na malik ola bil\u0259r. \u0130kinci t\u0259b\u0259q\u0259nin b\u0131\u00e7aqlar\u0131 h\u0259mi\u015f\u0259 birinciy\u0259 perpendikulyard\u0131r. Barmaql\u0131q standart olaraq anodla\u015fd\u0131r\u0131lm\u0131\u015f s\u0259th v\u0259 ya RAL9003 (siqnal a\u011f) il\u0259 boyanm\u0131\u015f g\u00fccl\u0259 g\u0259lir. Dig\u0259r RAL r\u0259ngl\u0259ri sifari\u015f \u0259sas\u0131nda m\u00f6vcuddur.<\/p>\n<p>&nbsp;<\/p>\n<p><strong>Sifari\u015finiz, t\u0259rziniz!<\/strong><br \/>\nM\u0259hsulumuz sizin se\u00e7iml\u0259riniz\u0259 uy\u011funla\u015fd\u0131r\u0131la bil\u0259r v\u0259 estetik bax\u0131\u015f\u0131n\u0131za m\u00fck\u0259mm\u0259l uy\u011funla\u015fmaq \u00fc\u00e7\u00fcn onu ist\u0259nil\u0259n RAL kodu s\u0259thi il\u0259 sifari\u015f etm\u0259y\u0259 imkan verir.<\/p>\n<\/div>\n<\/div>\n<\/div>\n<\/div>\n<\/div>\n","protected":false},"excerpt":{"rendered":"<p>T\u0259mkinli qura\u015fd\u0131rmalar \u00fc\u00e7\u00fcn uy\u011fun olan al\u00fcminium sabit b\u0131\u00e7aq barmaql\u0131\u011f\u0131<\/p>\n<p>Al\u00fcminium<\/p>\n<p>Y\u00fcng\u00fcl<\/p>\n<p>Hava t\u0259chizat\u0131 v\u0259 \u00e7\u0131xar\u0131lmas\u0131<\/p>\n<p>T\u0259k v\u0259 ya iki qatl\u0131 b\u0131\u00e7aqlar<\/p>\n","protected":false},"featured_media":38299,"template":"","meta":[],"product_brand":[],"product_cat":[1843,1847,1855],"product_tag":[],"class_list":{"0":"post-36925","1":"product","2":"type-product","3":"status-publish","4":"has-post-thumbnail","6":"product_cat-hava-paylayici-mhsullar","7":"product_cat-havalandirma-barmaqliqlari","8":"product_cat-nova-barmaqliqlari","10":"first","11":"instock","12":"shipping-taxable","13":"product-type-simple"},"yoast_head":"<!-- This site is optimized with the Yoast SEO plugin v27.1.1 - https:\/\/yoast.com\/product\/yoast-seo-wordpress\/ -->\n<title>NOVA-L Barmaql\u0131qlar T\u0259mkinli qura\u015fd\u0131rmalar \u00fc\u00e7\u00fcn uy\u011fun olan al\u00fcminium sabit b\u0131\u00e7aq barmaql\u0131\u011f\u0131 - Climate Master<\/title>\n<meta name=\"robots\" content=\"index, follow, max-snippet:-1, max-image-preview:large, max-video-preview:-1\" \/>\n<link rel=\"canonical\" href=\"https:\/\/climatemaster.ge\/az\/product\/nova-l-grilles-aluminium-fixed-blade-grille-suitable-for-discreet-installations\/\" \/>\n<meta property=\"og:locale\" content=\"az_AZ\" \/>\n<meta property=\"og:type\" content=\"article\" \/>\n<meta property=\"og:title\" content=\"NOVA-L Barmaql\u0131qlar T\u0259mkinli qura\u015fd\u0131rmalar \u00fc\u00e7\u00fcn uy\u011fun olan al\u00fcminium sabit b\u0131\u00e7aq barmaql\u0131\u011f\u0131 - Climate Master\" \/>\n<meta property=\"og:description\" content=\"T\u0259mkinli qura\u015fd\u0131rmalar \u00fc\u00e7\u00fcn uy\u011fun olan al\u00fcminium sabit b\u0131\u00e7aq barmaql\u0131\u011f\u0131  Al\u00fcminium  Y\u00fcng\u00fcl  Hava t\u0259chizat\u0131 v\u0259 \u00e7\u0131xar\u0131lmas\u0131  T\u0259k v\u0259 ya iki qatl\u0131 b\u0131\u00e7aqlar\" \/>\n<meta property=\"og:url\" content=\"https:\/\/climatemaster.ge\/az\/product\/nova-l-grilles-aluminium-fixed-blade-grille-suitable-for-discreet-installations\/\" \/>\n<meta property=\"og:site_name\" content=\"Climate Master\" \/>\n<meta property=\"article:modified_time\" content=\"2025-09-07T08:54:20+00:00\" \/>\n<meta property=\"og:image\" content=\"https:\/\/climatemaster.ge\/wp-content\/uploads\/2025\/09\/PRODUCT-MAIN-IMAGE_NOVA_L-5.jpg\" \/>\n\t<meta property=\"og:image:width\" content=\"384\" \/>\n\t<meta property=\"og:image:height\" content=\"288\" \/>\n\t<meta property=\"og:image:type\" content=\"image\/jpeg\" \/>\n<meta name=\"twitter:card\" content=\"summary_large_image\" \/>\n<meta name=\"twitter:label1\" content=\"Est. reading time\" \/>\n\t<meta name=\"twitter:data1\" content=\"2 minutes\" \/>\n<script type=\"application\/ld+json\" class=\"yoast-schema-graph\">{\"@context\":\"https:\/\/schema.org\",\"@graph\":[{\"@type\":\"WebPage\",\"@id\":\"https:\/\/climatemaster.ge\/az\/product\/nova-l-grilles-aluminium-fixed-blade-grille-suitable-for-discreet-installations\/\",\"url\":\"https:\/\/climatemaster.ge\/az\/product\/nova-l-grilles-aluminium-fixed-blade-grille-suitable-for-discreet-installations\/\",\"name\":\"NOVA-L Barmaql\u0131qlar T\u0259mkinli qura\u015fd\u0131rmalar \u00fc\u00e7\u00fcn uy\u011fun olan al\u00fcminium sabit b\u0131\u00e7aq barmaql\u0131\u011f\u0131 - Climate Master\",\"isPartOf\":{\"@id\":\"https:\/\/climatemaster.ge\/#website\"},\"primaryImageOfPage\":{\"@id\":\"https:\/\/climatemaster.ge\/az\/product\/nova-l-grilles-aluminium-fixed-blade-grille-suitable-for-discreet-installations\/#primaryimage\"},\"image\":{\"@id\":\"https:\/\/climatemaster.ge\/az\/product\/nova-l-grilles-aluminium-fixed-blade-grille-suitable-for-discreet-installations\/#primaryimage\"},\"thumbnailUrl\":\"https:\/\/climatemaster.ge\/wp-content\/uploads\/2025\/09\/PRODUCT-MAIN-IMAGE_NOVA_L-5.jpg\",\"datePublished\":\"2025-09-07T08:42:30+00:00\",\"dateModified\":\"2025-09-07T08:54:20+00:00\",\"breadcrumb\":{\"@id\":\"https:\/\/climatemaster.ge\/az\/product\/nova-l-grilles-aluminium-fixed-blade-grille-suitable-for-discreet-installations\/#breadcrumb\"},\"inLanguage\":\"az\",\"potentialAction\":[{\"@type\":\"ReadAction\",\"target\":[\"https:\/\/climatemaster.ge\/az\/product\/nova-l-grilles-aluminium-fixed-blade-grille-suitable-for-discreet-installations\/\"]}]},{\"@type\":\"ImageObject\",\"inLanguage\":\"az\",\"@id\":\"https:\/\/climatemaster.ge\/az\/product\/nova-l-grilles-aluminium-fixed-blade-grille-suitable-for-discreet-installations\/#primaryimage\",\"url\":\"https:\/\/climatemaster.ge\/wp-content\/uploads\/2025\/09\/PRODUCT-MAIN-IMAGE_NOVA_L-5.jpg\",\"contentUrl\":\"https:\/\/climatemaster.ge\/wp-content\/uploads\/2025\/09\/PRODUCT-MAIN-IMAGE_NOVA_L-5.jpg\",\"width\":384,\"height\":288},{\"@type\":\"BreadcrumbList\",\"@id\":\"https:\/\/climatemaster.ge\/az\/product\/nova-l-grilles-aluminium-fixed-blade-grille-suitable-for-discreet-installations\/#breadcrumb\",\"itemListElement\":[{\"@type\":\"ListItem\",\"position\":1,\"name\":\"Home\",\"item\":\"https:\/\/climatemaster.ge\/\"},{\"@type\":\"ListItem\",\"position\":2,\"name\":\"M\u0259hsullar\",\"item\":\"https:\/\/climatemaster.ge\/products\/\"},{\"@type\":\"ListItem\",\"position\":3,\"name\":\"NOVA-L Barmaql\u0131qlar T\u0259mkinli qura\u015fd\u0131rmalar \u00fc\u00e7\u00fcn uy\u011fun olan al\u00fcminium sabit b\u0131\u00e7aq barmaql\u0131\u011f\u0131\"}]},{\"@type\":\"WebSite\",\"@id\":\"https:\/\/climatemaster.ge\/#website\",\"url\":\"https:\/\/climatemaster.ge\/\",\"name\":\"Climate Master\",\"description\":\"\",\"publisher\":{\"@id\":\"https:\/\/climatemaster.ge\/#organization\"},\"potentialAction\":[{\"@type\":\"SearchAction\",\"target\":{\"@type\":\"EntryPoint\",\"urlTemplate\":\"https:\/\/climatemaster.ge\/?s={search_term_string}\"},\"query-input\":{\"@type\":\"PropertyValueSpecification\",\"valueRequired\":true,\"valueName\":\"search_term_string\"}}],\"inLanguage\":\"az\"},{\"@type\":\"Organization\",\"@id\":\"https:\/\/climatemaster.ge\/#organization\",\"name\":\"Climate Master\",\"url\":\"https:\/\/climatemaster.ge\/\",\"logo\":{\"@type\":\"ImageObject\",\"inLanguage\":\"az\",\"@id\":\"https:\/\/climatemaster.ge\/#\/schema\/logo\/image\/\",\"url\":\"https:\/\/climatemaster.ge\/wp-content\/uploads\/2026\/03\/Untitled-2.png\",\"contentUrl\":\"https:\/\/climatemaster.ge\/wp-content\/uploads\/2026\/03\/Untitled-2.png\",\"width\":600,\"height\":338,\"caption\":\"Climate Master\"},\"image\":{\"@id\":\"https:\/\/climatemaster.ge\/#\/schema\/logo\/image\/\"}}]}<\/script>\n<!-- \/ Yoast SEO plugin. -->","yoast_head_json":{"title":"NOVA-L Barmaql\u0131qlar T\u0259mkinli qura\u015fd\u0131rmalar \u00fc\u00e7\u00fcn uy\u011fun olan al\u00fcminium sabit b\u0131\u00e7aq barmaql\u0131\u011f\u0131 - Climate Master","robots":{"index":"index","follow":"follow","max-snippet":"max-snippet:-1","max-image-preview":"max-image-preview:large","max-video-preview":"max-video-preview:-1"},"canonical":"https:\/\/climatemaster.ge\/az\/product\/nova-l-grilles-aluminium-fixed-blade-grille-suitable-for-discreet-installations\/","og_locale":"az_AZ","og_type":"article","og_title":"NOVA-L Barmaql\u0131qlar T\u0259mkinli qura\u015fd\u0131rmalar \u00fc\u00e7\u00fcn uy\u011fun olan al\u00fcminium sabit b\u0131\u00e7aq barmaql\u0131\u011f\u0131 - Climate Master","og_description":"T\u0259mkinli qura\u015fd\u0131rmalar \u00fc\u00e7\u00fcn uy\u011fun olan al\u00fcminium sabit b\u0131\u00e7aq barmaql\u0131\u011f\u0131  Al\u00fcminium  Y\u00fcng\u00fcl  Hava t\u0259chizat\u0131 v\u0259 \u00e7\u0131xar\u0131lmas\u0131  T\u0259k v\u0259 ya iki qatl\u0131 b\u0131\u00e7aqlar","og_url":"https:\/\/climatemaster.ge\/az\/product\/nova-l-grilles-aluminium-fixed-blade-grille-suitable-for-discreet-installations\/","og_site_name":"Climate Master","article_modified_time":"2025-09-07T08:54:20+00:00","og_image":[{"width":384,"height":288,"url":"https:\/\/climatemaster.ge\/wp-content\/uploads\/2025\/09\/PRODUCT-MAIN-IMAGE_NOVA_L-5.jpg","type":"image\/jpeg"}],"twitter_card":"summary_large_image","twitter_misc":{"Est. reading time":"2 minutes"},"schema":{"@context":"https:\/\/schema.org","@graph":[{"@type":"WebPage","@id":"https:\/\/climatemaster.ge\/az\/product\/nova-l-grilles-aluminium-fixed-blade-grille-suitable-for-discreet-installations\/","url":"https:\/\/climatemaster.ge\/az\/product\/nova-l-grilles-aluminium-fixed-blade-grille-suitable-for-discreet-installations\/","name":"NOVA-L Barmaql\u0131qlar T\u0259mkinli qura\u015fd\u0131rmalar \u00fc\u00e7\u00fcn uy\u011fun olan al\u00fcminium sabit b\u0131\u00e7aq barmaql\u0131\u011f\u0131 - Climate Master","isPartOf":{"@id":"https:\/\/climatemaster.ge\/#website"},"primaryImageOfPage":{"@id":"https:\/\/climatemaster.ge\/az\/product\/nova-l-grilles-aluminium-fixed-blade-grille-suitable-for-discreet-installations\/#primaryimage"},"image":{"@id":"https:\/\/climatemaster.ge\/az\/product\/nova-l-grilles-aluminium-fixed-blade-grille-suitable-for-discreet-installations\/#primaryimage"},"thumbnailUrl":"https:\/\/climatemaster.ge\/wp-content\/uploads\/2025\/09\/PRODUCT-MAIN-IMAGE_NOVA_L-5.jpg","datePublished":"2025-09-07T08:42:30+00:00","dateModified":"2025-09-07T08:54:20+00:00","breadcrumb":{"@id":"https:\/\/climatemaster.ge\/az\/product\/nova-l-grilles-aluminium-fixed-blade-grille-suitable-for-discreet-installations\/#breadcrumb"},"inLanguage":"az","potentialAction":[{"@type":"ReadAction","target":["https:\/\/climatemaster.ge\/az\/product\/nova-l-grilles-aluminium-fixed-blade-grille-suitable-for-discreet-installations\/"]}]},{"@type":"ImageObject","inLanguage":"az","@id":"https:\/\/climatemaster.ge\/az\/product\/nova-l-grilles-aluminium-fixed-blade-grille-suitable-for-discreet-installations\/#primaryimage","url":"https:\/\/climatemaster.ge\/wp-content\/uploads\/2025\/09\/PRODUCT-MAIN-IMAGE_NOVA_L-5.jpg","contentUrl":"https:\/\/climatemaster.ge\/wp-content\/uploads\/2025\/09\/PRODUCT-MAIN-IMAGE_NOVA_L-5.jpg","width":384,"height":288},{"@type":"BreadcrumbList","@id":"https:\/\/climatemaster.ge\/az\/product\/nova-l-grilles-aluminium-fixed-blade-grille-suitable-for-discreet-installations\/#breadcrumb","itemListElement":[{"@type":"ListItem","position":1,"name":"Home","item":"https:\/\/climatemaster.ge\/"},{"@type":"ListItem","position":2,"name":"M\u0259hsullar","item":"https:\/\/climatemaster.ge\/products\/"},{"@type":"ListItem","position":3,"name":"NOVA-L Barmaql\u0131qlar T\u0259mkinli qura\u015fd\u0131rmalar \u00fc\u00e7\u00fcn uy\u011fun olan al\u00fcminium sabit b\u0131\u00e7aq barmaql\u0131\u011f\u0131"}]},{"@type":"WebSite","@id":"https:\/\/climatemaster.ge\/#website","url":"https:\/\/climatemaster.ge\/","name":"Climate Master","description":"","publisher":{"@id":"https:\/\/climatemaster.ge\/#organization"},"potentialAction":[{"@type":"SearchAction","target":{"@type":"EntryPoint","urlTemplate":"https:\/\/climatemaster.ge\/?s={search_term_string}"},"query-input":{"@type":"PropertyValueSpecification","valueRequired":true,"valueName":"search_term_string"}}],"inLanguage":"az"},{"@type":"Organization","@id":"https:\/\/climatemaster.ge\/#organization","name":"Climate Master","url":"https:\/\/climatemaster.ge\/","logo":{"@type":"ImageObject","inLanguage":"az","@id":"https:\/\/climatemaster.ge\/#\/schema\/logo\/image\/","url":"https:\/\/climatemaster.ge\/wp-content\/uploads\/2026\/03\/Untitled-2.png","contentUrl":"https:\/\/climatemaster.ge\/wp-content\/uploads\/2026\/03\/Untitled-2.png","width":600,"height":338,"caption":"Climate Master"},"image":{"@id":"https:\/\/climatemaster.ge\/#\/schema\/logo\/image\/"}}]}},"_links":{"self":[{"href":"https:\/\/climatemaster.ge\/az\/wp-json\/wp\/v2\/product\/36925","targetHints":{"allow":["GET"]}}],"collection":[{"href":"https:\/\/climatemaster.ge\/az\/wp-json\/wp\/v2\/product"}],"about":[{"href":"https:\/\/climatemaster.ge\/az\/wp-json\/wp\/v2\/types\/product"}],"wp:featuredmedia":[{"embeddable":true,"href":"https:\/\/climatemaster.ge\/az\/wp-json\/wp\/v2\/media\/38299"}],"wp:attachment":[{"href":"https:\/\/climatemaster.ge\/az\/wp-json\/wp\/v2\/media?parent=36925"}],"wp:term":[{"taxonomy":"product_brand","embeddable":true,"href":"https:\/\/climatemaster.ge\/az\/wp-json\/wp\/v2\/product_brand?post=36925"},{"taxonomy":"product_cat","embeddable":true,"href":"https:\/\/climatemaster.ge\/az\/wp-json\/wp\/v2\/product_cat?post=36925"},{"taxonomy":"product_tag","embeddable":true,"href":"https:\/\/climatemaster.ge\/az\/wp-json\/wp\/v2\/product_tag?post=36925"}],"curies":[{"name":"wp","href":"https:\/\/api.w.org\/{rel}","templated":true}]}}