{"id":36907,"date":"2025-09-07T12:27:48","date_gmt":"2025-09-07T08:27:48","guid":{"rendered":"https:\/\/airsystems.ge\/shop\/product\/nova-c-grilles-steel-adjustable-grille-suitable-for-circular-ducts\/"},"modified":"2025-09-07T12:32:14","modified_gmt":"2025-09-07T08:32:14","slug":"nova-c-grilles-steel-adjustable-grille-suitable-for-circular-ducts","status":"publish","type":"product","link":"https:\/\/climatemaster.ge\/az\/product\/nova-c-grilles-steel-adjustable-grille-suitable-for-circular-ducts\/","title":{"rendered":"NOVA-C Barmaql\u0131qlar Dair\u0259vi kanallar \u00fc\u00e7\u00fcn uy\u011fun polad t\u0259nziml\u0259n\u0259n barmaql\u0131q"},"content":{"rendered":"<div class=\"mb-400 gtm-product-section container-fluid\" data-gtm-name=\"Benefits\" data-gtm-label=\"Benefits (en)\" data-gtm-vis-first-on-screen53434917_103=\"8579\" data-gtm-vis-total-visible-time53434917_103=\"1500\" data-gtm-vis-has-fired53434917_103=\"1\">\n<div class=\"row\">\n<div class=\"content-element content-element-product-benefit col-12 sm:col-6 mb-400\">\n<div class=\"bg-card px-300 py-250 mobile-nav:px-200 mobile-nav:py-150 h-full flex overflow-hidden card-border\">\n<div class=\"min-w-0\">\n<p><strong>Hava t\u0259chizat\u0131 v\u0259 \u00e7\u0131xar\u0131lmas\u0131<\/strong><br \/>\nNOVA-C s\u0259naye v\u0259 kommersiya \u015f\u0259raitl\u0259rind\u0259 hava t\u0259chizat\u0131 v\u0259 \u00e7\u0131xar\u0131lmas\u0131 \u00fc\u00e7\u00fcn n\u0259z\u0259rd\u0259 tutulmu\u015f diffuziya barmaql\u0131\u011f\u0131d\u0131r.<\/p>\n<p>&nbsp;<\/p>\n<p><strong>T\u0259nziml\u0259n\u0259n b\u0131\u00e7aqlar<\/strong><br \/>\nBarmaql\u0131q h\u0259m \u00fcf\u00fcqi, h\u0259m d\u0259 \u015faquli oriyentasiyada t\u0259nziml\u0259n\u0259n b\u0131\u00e7aqlar\u0131ndan istifad\u0259 ed\u0259r\u0259k havan\u0131 istiqam\u0259tl\u0259ndirir.<\/p>\n<p>&nbsp;<\/p>\n<p><strong>Sinkl\u0259nmi\u015f polad<\/strong><br \/>\nNOVA-C diffuziyas\u0131 sinkl\u0259nmi\u015f polad t\u0259b\u0259q\u0259d\u0259n haz\u0131rlan\u0131r v\u0259 \u00e7\u0259r\u00e7iv\u0259d\u0259n v\u0259 1 v\u0259 ya 2 qat b\u0131\u00e7aqdan ibar\u0259tdir.<\/p>\n<p>&nbsp;<\/p>\n<p>NOVA-C diffuziya barmaql\u0131\u011f\u0131 kommersiya v\u0259 s\u0259naye \u015f\u0259raitind\u0259 hava t\u0259chizat\u0131 v\u0259 \u00e7\u0131xar\u0131lmas\u0131 \u00fc\u00e7\u00fcn n\u0259z\u0259rd\u0259 tutulmu\u015fdur. M\u00fcxt\u0259lif \u00f6l\u00e7\u00fcl\u0259rd\u0259 m\u00f6vcud olan qur\u011fu dair\u0259vi kanallara qura\u015fd\u0131r\u0131l\u0131r, burada barmaql\u0131\u011f\u0131n h\u0259m \u00fcf\u00fcqi, h\u0259m d\u0259 \u015faquli oriyentasiyada t\u0259nziml\u0259n\u0259n b\u0131\u00e7a\u011f\u0131ndan istifad\u0259 ed\u0259r\u0259k havan\u0131 istiqam\u0259tl\u0259ndirir. D\u0259qiq dizayn edilmi\u015f barmaql\u0131\u011f\u0131n \u00f6l\u00e7\u00fcl\u0259ri m\u00fck\u0259mm\u0259l uy\u011funla\u015fma \u00fc\u00e7\u00fcn dair\u0259vi havaland\u0131rma kanal\u0131n\u0131n \u00f6l\u00e7\u00fcl\u0259rin\u0259 uy\u011fundur. Ayr\u0131-ayr\u0131l\u0131qda t\u0259nziml\u0259n\u0259n b\u0131\u00e7aqlar\u0131n t\u0259k v\u0259 ya ikiqat qat\u0131 havan\u0131n bo\u015fald\u0131lmas\u0131 modelinin t\u0259nziml\u0259nm\u0259sind\u0259 b\u00f6y\u00fck s\u0259rb\u0259stlik t\u0259min edir. B\u00fct\u00fcn barmaql\u0131qda havan\u0131n balansla\u015fd\u0131r\u0131lm\u0131\u015f paylanmas\u0131 \u00fc\u00e7\u00fcn R1-NOVA damperind\u0259n istifad\u0259 etm\u0259k t\u00f6vsiy\u0259 olunur.<\/p>\n<p>NOVA-C sinkl\u0259nmi\u015f polad t\u0259b\u0259q\u0259d\u0259n haz\u0131rlan\u0131r v\u0259 \u00e7\u0259r\u00e7iv\u0259d\u0259n v\u0259 1 v\u0259 ya 2 qat b\u0131\u00e7aqdan ibar\u0259tdir. B\u0131\u00e7aqlar h\u0259m \u00fcf\u00fcqi, h\u0259m d\u0259 \u015faquli istiqam\u0259t\u0259 y\u00f6n\u0259ldilir v\u0259 ikinci t\u0259b\u0259q\u0259 birinci t\u0259b\u0259q\u0259nin b\u0131\u00e7aqlar\u0131na perpendikulyar olaraq y\u00f6n\u0259ldil\u0259 bil\u0259r. B\u0131\u00e7aqlar\u0131n meyli hava ax\u0131n\u0131n\u0131n ax\u0131d\u0131lmas\u0131 modelini m\u00fc\u0259yy\u0259n edir. M\u0259hsul standart olaraq sinkl\u0259nmi\u015f s\u0259th\u0259 malikdir v\u0259 ist\u0259y\u0259 g\u00f6r\u0259 ist\u0259nil\u0259n RAL koduna uy\u011fun olaraq toz boya il\u0259 r\u0259ngl\u0259n\u0259 bil\u0259r.<\/p>\n<p>&nbsp;<\/p>\n<p><strong>Sifari\u015finiz, t\u0259rziniz!<\/strong><br \/>\nM\u0259hsulumuz sizin se\u00e7iml\u0259riniz\u0259 uy\u011funla\u015fd\u0131r\u0131la bil\u0259r v\u0259 estetik bax\u0131\u015f\u0131n\u0131za m\u00fck\u0259mm\u0259l uy\u011funla\u015fmaq \u00fc\u00e7\u00fcn onu ist\u0259nil\u0259n RAL kodu s\u0259thi il\u0259 sifari\u015f etm\u0259y\u0259 imkan verir.<\/p>\n<\/div>\n<\/div>\n<\/div>\n<\/div>\n<\/div>\n","protected":false},"excerpt":{"rendered":"<p>Dair\u0259vi kanallar \u00fc\u00e7\u00fcn uy\u011fun polad t\u0259nziml\u0259n\u0259n barmaql\u0131q<\/p>\n<p>T\u0259nziml\u0259n\u0259n<\/p>\n<p>S\u0259naye v\u0259 kommersiya istifad\u0259si<\/p>\n<p>Sinkl\u0259nmi\u015f polad<\/p>\n<p>D\u0259qiq barmaql\u0131q \u00f6l\u00e7\u00fcl\u0259ri<\/p>\n","protected":false},"featured_media":36878,"template":"","meta":[],"product_brand":[],"product_cat":[1843,1847,1855],"product_tag":[],"class_list":{"0":"post-36907","1":"product","2":"type-product","3":"status-publish","4":"has-post-thumbnail","6":"product_cat-hava-paylayici-mhsullar","7":"product_cat-havalandirma-barmaqliqlari","8":"product_cat-nova-barmaqliqlari","10":"first","11":"instock","12":"shipping-taxable","13":"product-type-simple"},"yoast_head":"<!-- This site is optimized with the Yoast SEO plugin v27.1.1 - https:\/\/yoast.com\/product\/yoast-seo-wordpress\/ -->\n<title>NOVA-C Barmaql\u0131qlar Dair\u0259vi kanallar \u00fc\u00e7\u00fcn uy\u011fun polad t\u0259nziml\u0259n\u0259n barmaql\u0131q - Climate Master<\/title>\n<meta name=\"robots\" content=\"index, follow, max-snippet:-1, max-image-preview:large, max-video-preview:-1\" \/>\n<link rel=\"canonical\" href=\"https:\/\/climatemaster.ge\/az\/product\/nova-c-grilles-steel-adjustable-grille-suitable-for-circular-ducts\/\" \/>\n<meta property=\"og:locale\" content=\"az_AZ\" \/>\n<meta property=\"og:type\" content=\"article\" \/>\n<meta property=\"og:title\" content=\"NOVA-C Barmaql\u0131qlar Dair\u0259vi kanallar \u00fc\u00e7\u00fcn uy\u011fun polad t\u0259nziml\u0259n\u0259n barmaql\u0131q - Climate Master\" \/>\n<meta property=\"og:description\" content=\"Dair\u0259vi kanallar \u00fc\u00e7\u00fcn uy\u011fun polad t\u0259nziml\u0259n\u0259n barmaql\u0131q  T\u0259nziml\u0259n\u0259n  S\u0259naye v\u0259 kommersiya istifad\u0259si  Sinkl\u0259nmi\u015f polad  D\u0259qiq barmaql\u0131q \u00f6l\u00e7\u00fcl\u0259ri\" \/>\n<meta property=\"og:url\" content=\"https:\/\/climatemaster.ge\/az\/product\/nova-c-grilles-steel-adjustable-grille-suitable-for-circular-ducts\/\" \/>\n<meta property=\"og:site_name\" content=\"Climate Master\" \/>\n<meta property=\"article:modified_time\" content=\"2025-09-07T08:32:14+00:00\" \/>\n<meta property=\"og:image\" content=\"https:\/\/climatemaster.ge\/wp-content\/uploads\/2025\/09\/PRODUCT-MAIN-IMAGE_NOVA_C.jpg\" \/>\n\t<meta property=\"og:image:width\" content=\"384\" \/>\n\t<meta property=\"og:image:height\" content=\"288\" \/>\n\t<meta property=\"og:image:type\" content=\"image\/jpeg\" \/>\n<meta name=\"twitter:card\" content=\"summary_large_image\" \/>\n<meta name=\"twitter:label1\" content=\"Est. reading time\" \/>\n\t<meta name=\"twitter:data1\" content=\"2 minutes\" \/>\n<script type=\"application\/ld+json\" class=\"yoast-schema-graph\">{\"@context\":\"https:\/\/schema.org\",\"@graph\":[{\"@type\":\"WebPage\",\"@id\":\"https:\/\/climatemaster.ge\/az\/product\/nova-c-grilles-steel-adjustable-grille-suitable-for-circular-ducts\/\",\"url\":\"https:\/\/climatemaster.ge\/az\/product\/nova-c-grilles-steel-adjustable-grille-suitable-for-circular-ducts\/\",\"name\":\"NOVA-C Barmaql\u0131qlar Dair\u0259vi kanallar \u00fc\u00e7\u00fcn uy\u011fun polad t\u0259nziml\u0259n\u0259n barmaql\u0131q - Climate Master\",\"isPartOf\":{\"@id\":\"https:\/\/climatemaster.ge\/#website\"},\"primaryImageOfPage\":{\"@id\":\"https:\/\/climatemaster.ge\/az\/product\/nova-c-grilles-steel-adjustable-grille-suitable-for-circular-ducts\/#primaryimage\"},\"image\":{\"@id\":\"https:\/\/climatemaster.ge\/az\/product\/nova-c-grilles-steel-adjustable-grille-suitable-for-circular-ducts\/#primaryimage\"},\"thumbnailUrl\":\"https:\/\/climatemaster.ge\/wp-content\/uploads\/2025\/09\/PRODUCT-MAIN-IMAGE_NOVA_C.jpg\",\"datePublished\":\"2025-09-07T08:27:48+00:00\",\"dateModified\":\"2025-09-07T08:32:14+00:00\",\"breadcrumb\":{\"@id\":\"https:\/\/climatemaster.ge\/az\/product\/nova-c-grilles-steel-adjustable-grille-suitable-for-circular-ducts\/#breadcrumb\"},\"inLanguage\":\"az\",\"potentialAction\":[{\"@type\":\"ReadAction\",\"target\":[\"https:\/\/climatemaster.ge\/az\/product\/nova-c-grilles-steel-adjustable-grille-suitable-for-circular-ducts\/\"]}]},{\"@type\":\"ImageObject\",\"inLanguage\":\"az\",\"@id\":\"https:\/\/climatemaster.ge\/az\/product\/nova-c-grilles-steel-adjustable-grille-suitable-for-circular-ducts\/#primaryimage\",\"url\":\"https:\/\/climatemaster.ge\/wp-content\/uploads\/2025\/09\/PRODUCT-MAIN-IMAGE_NOVA_C.jpg\",\"contentUrl\":\"https:\/\/climatemaster.ge\/wp-content\/uploads\/2025\/09\/PRODUCT-MAIN-IMAGE_NOVA_C.jpg\",\"width\":384,\"height\":288},{\"@type\":\"BreadcrumbList\",\"@id\":\"https:\/\/climatemaster.ge\/az\/product\/nova-c-grilles-steel-adjustable-grille-suitable-for-circular-ducts\/#breadcrumb\",\"itemListElement\":[{\"@type\":\"ListItem\",\"position\":1,\"name\":\"Home\",\"item\":\"https:\/\/climatemaster.ge\/\"},{\"@type\":\"ListItem\",\"position\":2,\"name\":\"M\u0259hsullar\",\"item\":\"https:\/\/climatemaster.ge\/products\/\"},{\"@type\":\"ListItem\",\"position\":3,\"name\":\"NOVA-C Barmaql\u0131qlar Dair\u0259vi kanallar \u00fc\u00e7\u00fcn uy\u011fun polad t\u0259nziml\u0259n\u0259n barmaql\u0131q\"}]},{\"@type\":\"WebSite\",\"@id\":\"https:\/\/climatemaster.ge\/#website\",\"url\":\"https:\/\/climatemaster.ge\/\",\"name\":\"Climate Master\",\"description\":\"\",\"publisher\":{\"@id\":\"https:\/\/climatemaster.ge\/#organization\"},\"potentialAction\":[{\"@type\":\"SearchAction\",\"target\":{\"@type\":\"EntryPoint\",\"urlTemplate\":\"https:\/\/climatemaster.ge\/?s={search_term_string}\"},\"query-input\":{\"@type\":\"PropertyValueSpecification\",\"valueRequired\":true,\"valueName\":\"search_term_string\"}}],\"inLanguage\":\"az\"},{\"@type\":\"Organization\",\"@id\":\"https:\/\/climatemaster.ge\/#organization\",\"name\":\"Climate Master\",\"url\":\"https:\/\/climatemaster.ge\/\",\"logo\":{\"@type\":\"ImageObject\",\"inLanguage\":\"az\",\"@id\":\"https:\/\/climatemaster.ge\/#\/schema\/logo\/image\/\",\"url\":\"https:\/\/climatemaster.ge\/wp-content\/uploads\/2026\/03\/Untitled-2.png\",\"contentUrl\":\"https:\/\/climatemaster.ge\/wp-content\/uploads\/2026\/03\/Untitled-2.png\",\"width\":600,\"height\":338,\"caption\":\"Climate Master\"},\"image\":{\"@id\":\"https:\/\/climatemaster.ge\/#\/schema\/logo\/image\/\"}}]}<\/script>\n<!-- \/ Yoast SEO plugin. -->","yoast_head_json":{"title":"NOVA-C Barmaql\u0131qlar Dair\u0259vi kanallar \u00fc\u00e7\u00fcn uy\u011fun polad t\u0259nziml\u0259n\u0259n barmaql\u0131q - Climate Master","robots":{"index":"index","follow":"follow","max-snippet":"max-snippet:-1","max-image-preview":"max-image-preview:large","max-video-preview":"max-video-preview:-1"},"canonical":"https:\/\/climatemaster.ge\/az\/product\/nova-c-grilles-steel-adjustable-grille-suitable-for-circular-ducts\/","og_locale":"az_AZ","og_type":"article","og_title":"NOVA-C Barmaql\u0131qlar Dair\u0259vi kanallar \u00fc\u00e7\u00fcn uy\u011fun polad t\u0259nziml\u0259n\u0259n barmaql\u0131q - Climate Master","og_description":"Dair\u0259vi kanallar \u00fc\u00e7\u00fcn uy\u011fun polad t\u0259nziml\u0259n\u0259n barmaql\u0131q  T\u0259nziml\u0259n\u0259n  S\u0259naye v\u0259 kommersiya istifad\u0259si  Sinkl\u0259nmi\u015f polad  D\u0259qiq barmaql\u0131q \u00f6l\u00e7\u00fcl\u0259ri","og_url":"https:\/\/climatemaster.ge\/az\/product\/nova-c-grilles-steel-adjustable-grille-suitable-for-circular-ducts\/","og_site_name":"Climate Master","article_modified_time":"2025-09-07T08:32:14+00:00","og_image":[{"width":384,"height":288,"url":"https:\/\/climatemaster.ge\/wp-content\/uploads\/2025\/09\/PRODUCT-MAIN-IMAGE_NOVA_C.jpg","type":"image\/jpeg"}],"twitter_card":"summary_large_image","twitter_misc":{"Est. reading time":"2 minutes"},"schema":{"@context":"https:\/\/schema.org","@graph":[{"@type":"WebPage","@id":"https:\/\/climatemaster.ge\/az\/product\/nova-c-grilles-steel-adjustable-grille-suitable-for-circular-ducts\/","url":"https:\/\/climatemaster.ge\/az\/product\/nova-c-grilles-steel-adjustable-grille-suitable-for-circular-ducts\/","name":"NOVA-C Barmaql\u0131qlar Dair\u0259vi kanallar \u00fc\u00e7\u00fcn uy\u011fun polad t\u0259nziml\u0259n\u0259n barmaql\u0131q - Climate Master","isPartOf":{"@id":"https:\/\/climatemaster.ge\/#website"},"primaryImageOfPage":{"@id":"https:\/\/climatemaster.ge\/az\/product\/nova-c-grilles-steel-adjustable-grille-suitable-for-circular-ducts\/#primaryimage"},"image":{"@id":"https:\/\/climatemaster.ge\/az\/product\/nova-c-grilles-steel-adjustable-grille-suitable-for-circular-ducts\/#primaryimage"},"thumbnailUrl":"https:\/\/climatemaster.ge\/wp-content\/uploads\/2025\/09\/PRODUCT-MAIN-IMAGE_NOVA_C.jpg","datePublished":"2025-09-07T08:27:48+00:00","dateModified":"2025-09-07T08:32:14+00:00","breadcrumb":{"@id":"https:\/\/climatemaster.ge\/az\/product\/nova-c-grilles-steel-adjustable-grille-suitable-for-circular-ducts\/#breadcrumb"},"inLanguage":"az","potentialAction":[{"@type":"ReadAction","target":["https:\/\/climatemaster.ge\/az\/product\/nova-c-grilles-steel-adjustable-grille-suitable-for-circular-ducts\/"]}]},{"@type":"ImageObject","inLanguage":"az","@id":"https:\/\/climatemaster.ge\/az\/product\/nova-c-grilles-steel-adjustable-grille-suitable-for-circular-ducts\/#primaryimage","url":"https:\/\/climatemaster.ge\/wp-content\/uploads\/2025\/09\/PRODUCT-MAIN-IMAGE_NOVA_C.jpg","contentUrl":"https:\/\/climatemaster.ge\/wp-content\/uploads\/2025\/09\/PRODUCT-MAIN-IMAGE_NOVA_C.jpg","width":384,"height":288},{"@type":"BreadcrumbList","@id":"https:\/\/climatemaster.ge\/az\/product\/nova-c-grilles-steel-adjustable-grille-suitable-for-circular-ducts\/#breadcrumb","itemListElement":[{"@type":"ListItem","position":1,"name":"Home","item":"https:\/\/climatemaster.ge\/"},{"@type":"ListItem","position":2,"name":"M\u0259hsullar","item":"https:\/\/climatemaster.ge\/products\/"},{"@type":"ListItem","position":3,"name":"NOVA-C Barmaql\u0131qlar Dair\u0259vi kanallar \u00fc\u00e7\u00fcn uy\u011fun polad t\u0259nziml\u0259n\u0259n barmaql\u0131q"}]},{"@type":"WebSite","@id":"https:\/\/climatemaster.ge\/#website","url":"https:\/\/climatemaster.ge\/","name":"Climate Master","description":"","publisher":{"@id":"https:\/\/climatemaster.ge\/#organization"},"potentialAction":[{"@type":"SearchAction","target":{"@type":"EntryPoint","urlTemplate":"https:\/\/climatemaster.ge\/?s={search_term_string}"},"query-input":{"@type":"PropertyValueSpecification","valueRequired":true,"valueName":"search_term_string"}}],"inLanguage":"az"},{"@type":"Organization","@id":"https:\/\/climatemaster.ge\/#organization","name":"Climate Master","url":"https:\/\/climatemaster.ge\/","logo":{"@type":"ImageObject","inLanguage":"az","@id":"https:\/\/climatemaster.ge\/#\/schema\/logo\/image\/","url":"https:\/\/climatemaster.ge\/wp-content\/uploads\/2026\/03\/Untitled-2.png","contentUrl":"https:\/\/climatemaster.ge\/wp-content\/uploads\/2026\/03\/Untitled-2.png","width":600,"height":338,"caption":"Climate Master"},"image":{"@id":"https:\/\/climatemaster.ge\/#\/schema\/logo\/image\/"}}]}},"_links":{"self":[{"href":"https:\/\/climatemaster.ge\/az\/wp-json\/wp\/v2\/product\/36907","targetHints":{"allow":["GET"]}}],"collection":[{"href":"https:\/\/climatemaster.ge\/az\/wp-json\/wp\/v2\/product"}],"about":[{"href":"https:\/\/climatemaster.ge\/az\/wp-json\/wp\/v2\/types\/product"}],"wp:featuredmedia":[{"embeddable":true,"href":"https:\/\/climatemaster.ge\/az\/wp-json\/wp\/v2\/media\/36878"}],"wp:attachment":[{"href":"https:\/\/climatemaster.ge\/az\/wp-json\/wp\/v2\/media?parent=36907"}],"wp:term":[{"taxonomy":"product_brand","embeddable":true,"href":"https:\/\/climatemaster.ge\/az\/wp-json\/wp\/v2\/product_brand?post=36907"},{"taxonomy":"product_cat","embeddable":true,"href":"https:\/\/climatemaster.ge\/az\/wp-json\/wp\/v2\/product_cat?post=36907"},{"taxonomy":"product_tag","embeddable":true,"href":"https:\/\/climatemaster.ge\/az\/wp-json\/wp\/v2\/product_tag?post=36907"}],"curies":[{"name":"wp","href":"https:\/\/api.w.org\/{rel}","templated":true}]}}