{"id":36867,"date":"2025-09-07T12:04:12","date_gmt":"2025-09-07T08:04:12","guid":{"rendered":"https:\/\/airsystems.ge\/shop\/product\/nova-d-grilles-non-transparent-diffusion-grille-ideal-for-door-or-wall-installations\/"},"modified":"2025-09-07T12:48:32","modified_gmt":"2025-09-07T08:48:32","slug":"nova-d-grilles-non-transparent-diffusion-grille-ideal-for-door-or-wall-installations","status":"publish","type":"product","link":"https:\/\/climatemaster.ge\/az\/product\/nova-d-grilles-non-transparent-diffusion-grille-ideal-for-door-or-wall-installations\/","title":{"rendered":"NOVA-D Barmaql\u0131qlar Qap\u0131 v\u0259 ya divar qura\u015fd\u0131rmalar\u0131 \u00fc\u00e7\u00fcn ideal olan qeyri-\u015f\u0259ffaf diffuziya barmaql\u0131\u011f\u0131"},"content":{"rendered":"<div class=\"mb-400 gtm-product-section container-fluid\" data-gtm-name=\"Benefits\" data-gtm-label=\"Benefits (en)\" data-gtm-vis-first-on-screen53434917_103=\"105782\" data-gtm-vis-total-visible-time53434917_103=\"1500\" data-gtm-vis-recent-on-screen53434917_103=\"302947\" data-gtm-vis-has-fired53434917_103=\"1\">\n<div class=\"row\">\n<div class=\"content-element content-element-product-benefit col-12 sm:col-6 mb-400\">\n<div class=\"bg-card px-300 py-250 mobile-nav:px-200 mobile-nav:py-150 h-full flex overflow-hidden card-border\">\n<div class=\"min-w-0\">\n<p><strong>Y\u00fcng\u00fcl<\/strong><br \/>\nNOVA-D qap\u0131lara v\u0259 ya divarlara qura\u015fd\u0131r\u0131la bil\u0259n y\u00fcng\u00fcl, \u015f\u0259ffaf olmayan diffuziya barmaql\u0131\u011f\u0131d\u0131r.<\/p>\n<p>&nbsp;<\/p>\n<p><strong>S\u0259naye v\u0259 kommersiya istifad\u0259si<\/strong><br \/>\nNOVA-D barmaql\u0131\u011f\u0131 g\u00f6r\u00fcn\u00fc\u015f\u00fcn n\u0259z\u0259r\u0259 al\u0131nd\u0131\u011f\u0131 s\u0259naye v\u0259 kommersiya \u015f\u0259raitl\u0259rind\u0259 istifad\u0259 \u00fc\u00e7\u00fcn n\u0259z\u0259rd\u0259 tutulub.<\/p>\n<p>&nbsp;<\/p>\n<p><strong>Al\u00fcminium<\/strong><br \/>\nNOVA-D barmaql\u0131\u011f\u0131 anodla\u015fd\u0131r\u0131lm\u0131\u015f al\u00fcminium profill\u0259rd\u0259n haz\u0131rlan\u0131r v\u0259 \u00e7\u0259r\u00e7iv\u0259d\u0259n v\u0259 1 qat sabit b\u0131\u00e7aqdan ibar\u0259tdir.<\/p>\n<p>&nbsp;<\/p>\n<p>NOVA-D \u015f\u0259ffaf olmayan diffuziya barmaql\u0131\u011f\u0131d\u0131r v\u0259 barmaql\u0131\u011f\u0131n h\u0259r iki t\u0259r\u0259find\u0259n s\u0259rb\u0259st hava ax\u0131n\u0131 \u00fc\u00e7\u00fcn n\u0259z\u0259rd\u0259 tutulmu\u015fdur. M\u00fcxt\u0259lif \u00f6l\u00e7\u00fcl\u0259rd\u0259 m\u00f6vcud olan qur\u011fu qap\u0131lara v\u0259 divarlara qura\u015fd\u0131rmaq \u00fc\u00e7\u00fcn n\u0259z\u0259rd\u0259 tutulub v\u0259 g\u00f6r\u00fcn\u00fc\u015f\u00fcn n\u0259z\u0259r\u0259 al\u0131nd\u0131\u011f\u0131 \u015f\u0259raitd\u0259 t\u0259mkinli havaland\u0131rma t\u0259min edir. \u00c7ox vaxt m\u00fcxt\u0259lif s\u0259naye v\u0259 ticar\u0259t obyektl\u0259rind\u0259 istifad\u0259 olunur.<\/p>\n<p>NOVA-D anodla\u015fd\u0131r\u0131lm\u0131\u015f al\u00fcminium profill\u0259rd\u0259n haz\u0131rlan\u0131r v\u0259 onlar\u0131 h\u0259m y\u00fcng\u00fcl, h\u0259m d\u0259 m\u00f6hk\u0259m edir. Onlar bir \u00e7\u0259r\u00e7iv\u0259d\u0259n v\u0259 1 qat sabit b\u0131\u00e7aqdan ibar\u0259tdir. Standart olaraq RAL9003 siqnal\u0131na boyanm\u0131\u015f anodla\u015fd\u0131r\u0131lm\u0131\u015f s\u0259thd\u0259 v\u0259 ya tozda t\u0259qdim olunur. Qura\u015fd\u0131rma \u00fc\u00e7\u00fcn t\u0259l\u0259b olunarsa, t\u0259l\u0259b \u0259sas\u0131nda dig\u0259r RAL r\u0259ngl\u0259ri d\u0259 m\u00f6vcuddur.<\/p>\n<p>&nbsp;<\/p>\n<p><strong>Sifari\u015finiz, t\u0259rziniz!<\/strong><br \/>\nM\u0259hsulumuz sizin se\u00e7iml\u0259riniz\u0259 uy\u011funla\u015fd\u0131r\u0131la bil\u0259r v\u0259 estetik bax\u0131\u015f\u0131n\u0131za m\u00fck\u0259mm\u0259l uy\u011funla\u015fmaq \u00fc\u00e7\u00fcn onu ist\u0259nil\u0259n RAL kodu s\u0259thi il\u0259 sifari\u015f etm\u0259y\u0259 imkan verir.<\/p>\n<\/div>\n<\/div>\n<\/div>\n<\/div>\n<\/div>\n","protected":false},"excerpt":{"rendered":"<div>\n<p>Qap\u0131 v\u0259 ya divar qura\u015fd\u0131rmalar\u0131 \u00fc\u00e7\u00fcn ideal olan qeyri-\u015f\u0259ffaf diffuziya barmaql\u0131\u011f\u0131<\/p>\n<p>Qeyri-\u015f\u0259ffaf<\/p>\n<p>Y\u00fcng\u00fcl<\/p>\n<p>Estetik dizayn<\/p>\n<p>S\u0259naye v\u0259 kommersiya istifad\u0259si<\/p>\n<\/div>\n<div class=\"flex flex-col gap-200\">\n<div class=\"flex flex-col flex-wrap gap-100 md:flex-row md:items-center gtm-purchase-option\" data-gtm-name=\"length\" data-gtm-label=\"Length\">\n<p><label class=\"flex gap-050 md:w-700 leading-none hyphens-auto print:w-full print:max-w-2\/5 text-label-small\">Length<\/label><\/p>\n<div class=\"flex flex-1 flex-wrap gap-050\"><button class=\"select-btn select-btn-small select-btn-selected gtm-purchase-option-value\" type=\"button\" data-gtm-name=\"200\" data-gtm-label=\"200\">200<\/button><button class=\"select-btn select-btn-small select-btn-default gtm-purchase-option-value\" type=\"button\" data-gtm-name=\"300\" data-gtm-label=\"300\">300<\/button><button class=\"select-btn select-btn-small select-btn-default gtm-purchase-option-value\" type=\"button\" data-gtm-name=\"400\" data-gtm-label=\"400\">400<\/button><button class=\"select-btn select-btn-small select-btn-default gtm-purchase-option-value\" type=\"button\" data-gtm-name=\"500\" data-gtm-label=\"500\">500<\/button><button class=\"select-btn select-btn-small select-btn-default gtm-purchase-option-value\" type=\"button\" data-gtm-name=\"600\" data-gtm-label=\"600\">600<\/button><button class=\"select-btn select-btn-small select-btn-default gtm-purchase-option-value\" type=\"button\" data-gtm-name=\"800\" data-gtm-label=\"800\">800<\/button><button class=\"select-btn select-btn-small select-btn-default gtm-purchase-option-value\" type=\"button\" data-gtm-name=\"225\" data-gtm-label=\"225\">225<\/button><button class=\"select-btn select-btn-small select-btn-default gtm-purchase-option-value\" type=\"button\" data-gtm-name=\"325\" data-gtm-label=\"325\">325<\/button><button class=\"select-btn select-btn-small select-btn-default gtm-purchase-option-value\" type=\"button\" data-gtm-name=\"425\" data-gtm-label=\"425\">425<\/button><button class=\"select-btn select-btn-small select-btn-default gtm-purchase-option-value\" type=\"button\" data-gtm-name=\"525\" data-gtm-label=\"525\">525<\/button><button class=\"select-btn select-btn-small select-btn-default gtm-purchase-option-value\" type=\"button\" data-gtm-name=\"625\" data-gtm-label=\"625\">625<\/button><button class=\"select-btn select-btn-small select-btn-default gtm-purchase-option-value\" type=\"button\" data-gtm-name=\"825\" data-gtm-label=\"825\">825<\/button><button class=\"select-btn select-btn-small select-btn-default gtm-purchase-option-value\" type=\"button\" data-gtm-name=\"1025\" data-gtm-label=\"1025\">1025<\/button><\/div>\n<\/div>\n<div class=\"flex flex-col flex-wrap gap-100 md:flex-row md:items-center gtm-purchase-option\" data-gtm-name=\"height\" data-gtm-label=\"Height\">\n<p><label class=\"flex gap-050 md:w-700 leading-none hyphens-auto print:w-full print:max-w-2\/5 text-label-small\">Height<\/label><\/p>\n<div class=\"flex flex-1 flex-wrap gap-050\"><button class=\"select-btn select-btn-small select-btn-selected gtm-purchase-option-value\" type=\"button\" data-gtm-name=\"100\" data-gtm-label=\"100\">100<\/button><button class=\"select-btn select-btn-small select-btn-default gtm-purchase-option-value\" type=\"button\" data-gtm-name=\"150\" data-gtm-label=\"150\">150<\/button><button class=\"select-btn select-btn-small select-btn-default select-btn-disabled gtm-purchase-option-value\" type=\"button\" data-gtm-name=\"200\" data-gtm-label=\"200\">200<\/button><button class=\"select-btn select-btn-small select-btn-default select-btn-disabled gtm-purchase-option-value\" type=\"button\" data-gtm-name=\"300\" data-gtm-label=\"300\">300<\/button><button class=\"select-btn select-btn-small select-btn-default select-btn-disabled gtm-purchase-option-value\" type=\"button\" data-gtm-name=\"400\" data-gtm-label=\"400\">400<\/button><button class=\"select-btn select-btn-small select-btn-default select-btn-disabled gtm-purchase-option-value\" type=\"button\" data-gtm-name=\"500\" data-gtm-label=\"500\">500<\/button><button class=\"select-btn select-btn-small select-btn-default select-btn-disabled gtm-purchase-option-value\" type=\"button\" data-gtm-name=\"125\" data-gtm-label=\"125\">125<\/button><button class=\"select-btn select-btn-small select-btn-default select-btn-disabled gtm-purchase-option-value\" type=\"button\" data-gtm-name=\"225\" data-gtm-label=\"225\">225<\/button><button class=\"select-btn select-btn-small select-btn-default select-btn-disabled gtm-purchase-option-value\" type=\"button\" data-gtm-name=\"325\" data-gtm-label=\"325\">325<\/button><button class=\"select-btn select-btn-small select-btn-default select-btn-disabled gtm-purchase-option-value\" type=\"button\" data-gtm-name=\"425\" data-gtm-label=\"425\">425<\/button><button class=\"select-btn select-btn-small select-btn-default select-btn-disabled gtm-purchase-option-value\" type=\"button\" data-gtm-name=\"525\" data-gtm-label=\"525\">525<\/button><\/div>\n<\/div>\n<div class=\"flex flex-col flex-wrap gap-100 md:flex-row md:items-center gtm-purchase-option\" data-gtm-name=\"mounting\" data-gtm-label=\"Mounting\">\n<p><label class=\"flex gap-050 md:w-700 leading-none hyphens-auto print:w-full print:max-w-2\/5 text-label-small\">Mounting<\/label><\/p>\n<div class=\"flex flex-1 flex-wrap gap-050\"><button class=\"select-btn select-btn-small select-btn-selected gtm-purchase-option-value\" type=\"button\" data-gtm-name=\"Screws\" data-gtm-label=\"Screws\">Screws<\/button><button class=\"select-btn select-btn-small select-btn-default gtm-purchase-option-value\" type=\"button\" data-gtm-name=\"Glue\" data-gtm-label=\"Glue\">Glue<\/button><\/div>\n<\/div>\n<div class=\"flex flex-col flex-wrap gap-100 md:flex-row md:items-center gtm-purchase-option\" data-gtm-name=\"mounting_frame\" data-gtm-label=\"Mounting frame\">\n<p><label class=\"flex gap-050 md:w-700 leading-none hyphens-auto print:w-full print:max-w-2\/5 text-label-small\">Mounting frame<\/label><\/p>\n<div class=\"flex flex-1 flex-wrap gap-050\">\n<div class=\"dropdown-wrapper dropdown-wrapper-small w-full gtm-purchase-option-value gtm-purchase-option-value-dropdown\"><select class=\"form-dropdown form-input form-dropdown-small\"><option value=\"0\" data-gtm-name=\"Without mounting frame\" data-gtm-label=\"Without mounting frame\">[Without mounting frame]<\/option><option value=\"1\" data-gtm-name=\"UR1 - 26 \u00f7 42 mm door thickness\" data-gtm-label=\"UR1 - 26 \u00f7 42 mm door thickness\">UR1 &#8211; 26 \u00f7 42 mm door thickness<\/option><option value=\"2\" data-gtm-name=\"UR2 - 38 \u00f7 65 mm door thickness\" data-gtm-label=\"UR2 - 38 \u00f7 65 mm door thickness\">UR2 &#8211; 38 \u00f7 65 mm door thickness<\/option><\/select><\/div>\n<\/div>\n<\/div>\n<div class=\"flex flex-col flex-wrap gap-100 md:flex-row md:items-center gtm-purchase-option\" data-gtm-name=\"surface_finish\" data-gtm-label=\"Surface finish\">\n<p><label class=\"flex gap-050 md:w-700 leading-none hyphens-auto print:w-full print:max-w-2\/5 text-label-small\">Surface finish<\/label><\/p>\n<div class=\"flex flex-1 flex-wrap gap-050\"><button class=\"select-btn select-btn-small select-btn-selected gtm-purchase-option-value\" type=\"button\" data-gtm-name=\"Anodized aluminium finish\" data-gtm-label=\"Anodized aluminium finish\">Anodized aluminium finish<\/button><button class=\"select-btn select-btn-small select-btn-default gtm-purchase-option-value\" type=\"button\" data-gtm-name=\"Signal white (RAL9003)\" data-gtm-label=\"Signal white (RAL9003)\">Signal white (RAL9003)<\/button><\/div>\n<\/div>\n<\/div>\n","protected":false},"featured_media":36862,"template":"","meta":[],"product_brand":[],"product_cat":[1843,1847,1855],"product_tag":[],"class_list":{"0":"post-36867","1":"product","2":"type-product","3":"status-publish","4":"has-post-thumbnail","6":"product_cat-hava-paylayici-mhsullar","7":"product_cat-havalandirma-barmaqliqlari","8":"product_cat-nova-barmaqliqlari","10":"first","11":"instock","12":"shipping-taxable","13":"product-type-simple"},"yoast_head":"<!-- This site is optimized with the Yoast SEO plugin v27.1.1 - https:\/\/yoast.com\/product\/yoast-seo-wordpress\/ -->\n<title>NOVA-D Barmaql\u0131qlar Qap\u0131 v\u0259 ya divar qura\u015fd\u0131rmalar\u0131 \u00fc\u00e7\u00fcn ideal olan qeyri-\u015f\u0259ffaf diffuziya barmaql\u0131\u011f\u0131 - Climate Master<\/title>\n<meta name=\"robots\" content=\"index, follow, max-snippet:-1, max-image-preview:large, max-video-preview:-1\" \/>\n<link rel=\"canonical\" href=\"https:\/\/climatemaster.ge\/az\/product\/nova-d-grilles-non-transparent-diffusion-grille-ideal-for-door-or-wall-installations\/\" \/>\n<meta property=\"og:locale\" content=\"az_AZ\" \/>\n<meta property=\"og:type\" content=\"article\" \/>\n<meta property=\"og:title\" content=\"NOVA-D Barmaql\u0131qlar Qap\u0131 v\u0259 ya divar qura\u015fd\u0131rmalar\u0131 \u00fc\u00e7\u00fcn ideal olan qeyri-\u015f\u0259ffaf diffuziya barmaql\u0131\u011f\u0131 - Climate Master\" \/>\n<meta property=\"og:description\" content=\"Qap\u0131 v\u0259 ya divar qura\u015fd\u0131rmalar\u0131 \u00fc\u00e7\u00fcn ideal olan qeyri-\u015f\u0259ffaf diffuziya barmaql\u0131\u011f\u0131  Qeyri-\u015f\u0259ffaf  Y\u00fcng\u00fcl  Estetik dizayn  S\u0259naye v\u0259 kommersiya istifad\u0259si      Length 2003004005006008002253254255256258251025    Height 100150200300400500125225325425525    Mounting ScrewsGlue    Mounting frame   [Without mounting frame] UR1 - 26 \u00f7 42 mm door thickness UR2 - 38 \u00f7 65 mm door thickness      Surface finish Anodized aluminium finishSignal white (RAL9003)\" \/>\n<meta property=\"og:url\" content=\"https:\/\/climatemaster.ge\/az\/product\/nova-d-grilles-non-transparent-diffusion-grille-ideal-for-door-or-wall-installations\/\" \/>\n<meta property=\"og:site_name\" content=\"Climate Master\" \/>\n<meta property=\"article:modified_time\" content=\"2025-09-07T08:48:32+00:00\" \/>\n<meta property=\"og:image\" content=\"https:\/\/climatemaster.ge\/wp-content\/uploads\/2025\/09\/PRODUCT-MAIN-IMAGE_NOVA_D.jpg\" \/>\n\t<meta property=\"og:image:width\" content=\"384\" \/>\n\t<meta property=\"og:image:height\" content=\"288\" \/>\n\t<meta property=\"og:image:type\" content=\"image\/jpeg\" \/>\n<meta name=\"twitter:card\" content=\"summary_large_image\" \/>\n<meta name=\"twitter:label1\" content=\"Est. reading time\" \/>\n\t<meta name=\"twitter:data1\" content=\"1 minute\" \/>\n<script type=\"application\/ld+json\" class=\"yoast-schema-graph\">{\"@context\":\"https:\/\/schema.org\",\"@graph\":[{\"@type\":\"WebPage\",\"@id\":\"https:\/\/climatemaster.ge\/az\/product\/nova-d-grilles-non-transparent-diffusion-grille-ideal-for-door-or-wall-installations\/\",\"url\":\"https:\/\/climatemaster.ge\/az\/product\/nova-d-grilles-non-transparent-diffusion-grille-ideal-for-door-or-wall-installations\/\",\"name\":\"NOVA-D Barmaql\u0131qlar Qap\u0131 v\u0259 ya divar qura\u015fd\u0131rmalar\u0131 \u00fc\u00e7\u00fcn ideal olan qeyri-\u015f\u0259ffaf diffuziya barmaql\u0131\u011f\u0131 - Climate Master\",\"isPartOf\":{\"@id\":\"https:\/\/climatemaster.ge\/#website\"},\"primaryImageOfPage\":{\"@id\":\"https:\/\/climatemaster.ge\/az\/product\/nova-d-grilles-non-transparent-diffusion-grille-ideal-for-door-or-wall-installations\/#primaryimage\"},\"image\":{\"@id\":\"https:\/\/climatemaster.ge\/az\/product\/nova-d-grilles-non-transparent-diffusion-grille-ideal-for-door-or-wall-installations\/#primaryimage\"},\"thumbnailUrl\":\"https:\/\/climatemaster.ge\/wp-content\/uploads\/2025\/09\/PRODUCT-MAIN-IMAGE_NOVA_D.jpg\",\"datePublished\":\"2025-09-07T08:04:12+00:00\",\"dateModified\":\"2025-09-07T08:48:32+00:00\",\"breadcrumb\":{\"@id\":\"https:\/\/climatemaster.ge\/az\/product\/nova-d-grilles-non-transparent-diffusion-grille-ideal-for-door-or-wall-installations\/#breadcrumb\"},\"inLanguage\":\"az\",\"potentialAction\":[{\"@type\":\"ReadAction\",\"target\":[\"https:\/\/climatemaster.ge\/az\/product\/nova-d-grilles-non-transparent-diffusion-grille-ideal-for-door-or-wall-installations\/\"]}]},{\"@type\":\"ImageObject\",\"inLanguage\":\"az\",\"@id\":\"https:\/\/climatemaster.ge\/az\/product\/nova-d-grilles-non-transparent-diffusion-grille-ideal-for-door-or-wall-installations\/#primaryimage\",\"url\":\"https:\/\/climatemaster.ge\/wp-content\/uploads\/2025\/09\/PRODUCT-MAIN-IMAGE_NOVA_D.jpg\",\"contentUrl\":\"https:\/\/climatemaster.ge\/wp-content\/uploads\/2025\/09\/PRODUCT-MAIN-IMAGE_NOVA_D.jpg\",\"width\":384,\"height\":288},{\"@type\":\"BreadcrumbList\",\"@id\":\"https:\/\/climatemaster.ge\/az\/product\/nova-d-grilles-non-transparent-diffusion-grille-ideal-for-door-or-wall-installations\/#breadcrumb\",\"itemListElement\":[{\"@type\":\"ListItem\",\"position\":1,\"name\":\"Home\",\"item\":\"https:\/\/climatemaster.ge\/\"},{\"@type\":\"ListItem\",\"position\":2,\"name\":\"M\u0259hsullar\",\"item\":\"https:\/\/climatemaster.ge\/products\/\"},{\"@type\":\"ListItem\",\"position\":3,\"name\":\"NOVA-D Barmaql\u0131qlar Qap\u0131 v\u0259 ya divar qura\u015fd\u0131rmalar\u0131 \u00fc\u00e7\u00fcn ideal olan qeyri-\u015f\u0259ffaf diffuziya barmaql\u0131\u011f\u0131\"}]},{\"@type\":\"WebSite\",\"@id\":\"https:\/\/climatemaster.ge\/#website\",\"url\":\"https:\/\/climatemaster.ge\/\",\"name\":\"Climate Master\",\"description\":\"\",\"publisher\":{\"@id\":\"https:\/\/climatemaster.ge\/#organization\"},\"potentialAction\":[{\"@type\":\"SearchAction\",\"target\":{\"@type\":\"EntryPoint\",\"urlTemplate\":\"https:\/\/climatemaster.ge\/?s={search_term_string}\"},\"query-input\":{\"@type\":\"PropertyValueSpecification\",\"valueRequired\":true,\"valueName\":\"search_term_string\"}}],\"inLanguage\":\"az\"},{\"@type\":\"Organization\",\"@id\":\"https:\/\/climatemaster.ge\/#organization\",\"name\":\"Climate Master\",\"url\":\"https:\/\/climatemaster.ge\/\",\"logo\":{\"@type\":\"ImageObject\",\"inLanguage\":\"az\",\"@id\":\"https:\/\/climatemaster.ge\/#\/schema\/logo\/image\/\",\"url\":\"https:\/\/climatemaster.ge\/wp-content\/uploads\/2026\/03\/Untitled-2.png\",\"contentUrl\":\"https:\/\/climatemaster.ge\/wp-content\/uploads\/2026\/03\/Untitled-2.png\",\"width\":600,\"height\":338,\"caption\":\"Climate Master\"},\"image\":{\"@id\":\"https:\/\/climatemaster.ge\/#\/schema\/logo\/image\/\"}}]}<\/script>\n<!-- \/ Yoast SEO plugin. -->","yoast_head_json":{"title":"NOVA-D Barmaql\u0131qlar Qap\u0131 v\u0259 ya divar qura\u015fd\u0131rmalar\u0131 \u00fc\u00e7\u00fcn ideal olan qeyri-\u015f\u0259ffaf diffuziya barmaql\u0131\u011f\u0131 - Climate Master","robots":{"index":"index","follow":"follow","max-snippet":"max-snippet:-1","max-image-preview":"max-image-preview:large","max-video-preview":"max-video-preview:-1"},"canonical":"https:\/\/climatemaster.ge\/az\/product\/nova-d-grilles-non-transparent-diffusion-grille-ideal-for-door-or-wall-installations\/","og_locale":"az_AZ","og_type":"article","og_title":"NOVA-D Barmaql\u0131qlar Qap\u0131 v\u0259 ya divar qura\u015fd\u0131rmalar\u0131 \u00fc\u00e7\u00fcn ideal olan qeyri-\u015f\u0259ffaf diffuziya barmaql\u0131\u011f\u0131 - Climate Master","og_description":"Qap\u0131 v\u0259 ya divar qura\u015fd\u0131rmalar\u0131 \u00fc\u00e7\u00fcn ideal olan qeyri-\u015f\u0259ffaf diffuziya barmaql\u0131\u011f\u0131  Qeyri-\u015f\u0259ffaf  Y\u00fcng\u00fcl  Estetik dizayn  S\u0259naye v\u0259 kommersiya istifad\u0259si      Length 2003004005006008002253254255256258251025    Height 100150200300400500125225325425525    Mounting ScrewsGlue    Mounting frame   [Without mounting frame] UR1 - 26 \u00f7 42 mm door thickness UR2 - 38 \u00f7 65 mm door thickness      Surface finish Anodized aluminium finishSignal white (RAL9003)","og_url":"https:\/\/climatemaster.ge\/az\/product\/nova-d-grilles-non-transparent-diffusion-grille-ideal-for-door-or-wall-installations\/","og_site_name":"Climate Master","article_modified_time":"2025-09-07T08:48:32+00:00","og_image":[{"width":384,"height":288,"url":"https:\/\/climatemaster.ge\/wp-content\/uploads\/2025\/09\/PRODUCT-MAIN-IMAGE_NOVA_D.jpg","type":"image\/jpeg"}],"twitter_card":"summary_large_image","twitter_misc":{"Est. reading time":"1 minute"},"schema":{"@context":"https:\/\/schema.org","@graph":[{"@type":"WebPage","@id":"https:\/\/climatemaster.ge\/az\/product\/nova-d-grilles-non-transparent-diffusion-grille-ideal-for-door-or-wall-installations\/","url":"https:\/\/climatemaster.ge\/az\/product\/nova-d-grilles-non-transparent-diffusion-grille-ideal-for-door-or-wall-installations\/","name":"NOVA-D Barmaql\u0131qlar Qap\u0131 v\u0259 ya divar qura\u015fd\u0131rmalar\u0131 \u00fc\u00e7\u00fcn ideal olan qeyri-\u015f\u0259ffaf diffuziya barmaql\u0131\u011f\u0131 - Climate Master","isPartOf":{"@id":"https:\/\/climatemaster.ge\/#website"},"primaryImageOfPage":{"@id":"https:\/\/climatemaster.ge\/az\/product\/nova-d-grilles-non-transparent-diffusion-grille-ideal-for-door-or-wall-installations\/#primaryimage"},"image":{"@id":"https:\/\/climatemaster.ge\/az\/product\/nova-d-grilles-non-transparent-diffusion-grille-ideal-for-door-or-wall-installations\/#primaryimage"},"thumbnailUrl":"https:\/\/climatemaster.ge\/wp-content\/uploads\/2025\/09\/PRODUCT-MAIN-IMAGE_NOVA_D.jpg","datePublished":"2025-09-07T08:04:12+00:00","dateModified":"2025-09-07T08:48:32+00:00","breadcrumb":{"@id":"https:\/\/climatemaster.ge\/az\/product\/nova-d-grilles-non-transparent-diffusion-grille-ideal-for-door-or-wall-installations\/#breadcrumb"},"inLanguage":"az","potentialAction":[{"@type":"ReadAction","target":["https:\/\/climatemaster.ge\/az\/product\/nova-d-grilles-non-transparent-diffusion-grille-ideal-for-door-or-wall-installations\/"]}]},{"@type":"ImageObject","inLanguage":"az","@id":"https:\/\/climatemaster.ge\/az\/product\/nova-d-grilles-non-transparent-diffusion-grille-ideal-for-door-or-wall-installations\/#primaryimage","url":"https:\/\/climatemaster.ge\/wp-content\/uploads\/2025\/09\/PRODUCT-MAIN-IMAGE_NOVA_D.jpg","contentUrl":"https:\/\/climatemaster.ge\/wp-content\/uploads\/2025\/09\/PRODUCT-MAIN-IMAGE_NOVA_D.jpg","width":384,"height":288},{"@type":"BreadcrumbList","@id":"https:\/\/climatemaster.ge\/az\/product\/nova-d-grilles-non-transparent-diffusion-grille-ideal-for-door-or-wall-installations\/#breadcrumb","itemListElement":[{"@type":"ListItem","position":1,"name":"Home","item":"https:\/\/climatemaster.ge\/"},{"@type":"ListItem","position":2,"name":"M\u0259hsullar","item":"https:\/\/climatemaster.ge\/products\/"},{"@type":"ListItem","position":3,"name":"NOVA-D Barmaql\u0131qlar Qap\u0131 v\u0259 ya divar qura\u015fd\u0131rmalar\u0131 \u00fc\u00e7\u00fcn ideal olan qeyri-\u015f\u0259ffaf diffuziya barmaql\u0131\u011f\u0131"}]},{"@type":"WebSite","@id":"https:\/\/climatemaster.ge\/#website","url":"https:\/\/climatemaster.ge\/","name":"Climate Master","description":"","publisher":{"@id":"https:\/\/climatemaster.ge\/#organization"},"potentialAction":[{"@type":"SearchAction","target":{"@type":"EntryPoint","urlTemplate":"https:\/\/climatemaster.ge\/?s={search_term_string}"},"query-input":{"@type":"PropertyValueSpecification","valueRequired":true,"valueName":"search_term_string"}}],"inLanguage":"az"},{"@type":"Organization","@id":"https:\/\/climatemaster.ge\/#organization","name":"Climate Master","url":"https:\/\/climatemaster.ge\/","logo":{"@type":"ImageObject","inLanguage":"az","@id":"https:\/\/climatemaster.ge\/#\/schema\/logo\/image\/","url":"https:\/\/climatemaster.ge\/wp-content\/uploads\/2026\/03\/Untitled-2.png","contentUrl":"https:\/\/climatemaster.ge\/wp-content\/uploads\/2026\/03\/Untitled-2.png","width":600,"height":338,"caption":"Climate Master"},"image":{"@id":"https:\/\/climatemaster.ge\/#\/schema\/logo\/image\/"}}]}},"_links":{"self":[{"href":"https:\/\/climatemaster.ge\/az\/wp-json\/wp\/v2\/product\/36867","targetHints":{"allow":["GET"]}}],"collection":[{"href":"https:\/\/climatemaster.ge\/az\/wp-json\/wp\/v2\/product"}],"about":[{"href":"https:\/\/climatemaster.ge\/az\/wp-json\/wp\/v2\/types\/product"}],"wp:featuredmedia":[{"embeddable":true,"href":"https:\/\/climatemaster.ge\/az\/wp-json\/wp\/v2\/media\/36862"}],"wp:attachment":[{"href":"https:\/\/climatemaster.ge\/az\/wp-json\/wp\/v2\/media?parent=36867"}],"wp:term":[{"taxonomy":"product_brand","embeddable":true,"href":"https:\/\/climatemaster.ge\/az\/wp-json\/wp\/v2\/product_brand?post=36867"},{"taxonomy":"product_cat","embeddable":true,"href":"https:\/\/climatemaster.ge\/az\/wp-json\/wp\/v2\/product_cat?post=36867"},{"taxonomy":"product_tag","embeddable":true,"href":"https:\/\/climatemaster.ge\/az\/wp-json\/wp\/v2\/product_tag?post=36867"}],"curies":[{"name":"wp","href":"https:\/\/api.w.org\/{rel}","templated":true}]}}