{"id":36852,"date":"2025-09-07T11:45:38","date_gmt":"2025-09-07T07:45:38","guid":{"rendered":"https:\/\/airsystems.ge\/shop\/product\/nova-pf-f-grilles-aluminium-air-extract-grille-with-a-filter-suitable-for-t-bar-ceiling-installations\/"},"modified":"2025-09-07T11:55:29","modified_gmt":"2025-09-07T07:55:29","slug":"nova-pf-f-grilles-aluminium-air-extract-grille-with-a-filter-suitable-for-t-bar-ceiling-installations","status":"publish","type":"product","link":"https:\/\/climatemaster.ge\/az\/product\/nova-pf-f-grilles-aluminium-air-extract-grille-with-a-filter-suitable-for-t-bar-ceiling-installations\/","title":{"rendered":"NOVA-PF-F Barmaql\u0131qlar T-bar tavan qur\u011fular\u0131 \u00fc\u00e7\u00fcn uy\u011fun filtrli al\u00fcminium hava \u00e7\u0131xaran barmaql\u0131q"},"content":{"rendered":"<div class=\"mb-400 gtm-product-section container-fluid\" data-gtm-name=\"Benefits\" data-gtm-label=\"Benefits (en)\" data-gtm-vis-first-on-screen53434917_103=\"88176\" data-gtm-vis-total-visible-time53434917_103=\"1500\" data-gtm-vis-has-fired53434917_103=\"1\">\n<div class=\"row\">\n<div class=\"content-element content-element-product-benefit col-12 sm:col-6 mb-400\">\n<div class=\"bg-card px-300 py-250 mobile-nav:px-200 mobile-nav:py-150 h-full flex overflow-hidden card-border\">\n<div class=\"min-w-0\">\n<p><strong>Y\u00fcks\u0259k sabitlik<\/strong><\/p>\n<p>NOVA-PF-F b\u00fct\u00fcn m\u00f6vcud \u00f6l\u00e7\u00fcl\u0259rd\u0259 T-bar tavanlar\u0131nda y\u00fcks\u0259k dayan\u0131ql\u0131\u011fa, t\u0259hl\u00fck\u0259sizliy\u0259 v\u0259 i\u015fl\u0259m\u0259y\u0259 malikdir.<\/p>\n<p><strong>Asan t\u0259mir<\/strong><\/p>\n<p>T\u0259mizl\u0259m\u0259 v\u0259 qulluq \u00fc\u00e7\u00fcn filtr inlay\u0131na tez v\u0259 asan daxil olmaq \u00fc\u00e7\u00fcn he\u00e7 bir al\u0259t t\u0259l\u0259b olunmur.<\/p>\n<p><strong>K\u00f6n\u00fcll\u00fc plenum qutusu<\/strong><\/p>\n<p>B\u00fct\u00fcn barmaql\u0131qda havan\u0131n balansla\u015fd\u0131r\u0131lm\u0131\u015f paylanmas\u0131 \u00fc\u00e7\u00fcn PB-NOVA-FF plenum qutusundan istifad\u0259 etm\u0259k t\u00f6vsiy\u0259 olunur.<\/p>\n<p><strong>Estetik dizayn<\/strong><\/p>\n<p>NOVA-PF-F s\u00fczg\u0259c barmaql\u0131\u011f\u0131 estetik v\u0259 d\u0259qiq dizayna malikdir v\u0259 onu g\u00f6r\u00fcn\u00fc\u015f\u00fcn faktor oldu\u011fu parametrl\u0259r \u00fc\u00e7\u00fcn uy\u011fun edir.<\/p>\n<\/div>\n<\/div>\n<\/div>\n<\/div>\n<\/div>\n<div class=\"content-container content-container-page gtm-product-section\" data-gtm-name=\"Content\" data-gtm-label=\"Content (en)\" data-gtm-vis-recent-on-screen53434917_103=\"88552\" data-gtm-vis-first-on-screen53434917_103=\"88552\" data-gtm-vis-total-visible-time53434917_103=\"1500\" data-gtm-vis-has-fired53434917_103=\"1\">\n<div id=\"scroll-NOVA-PF-F\" class=\"content-element content-element-text-image gtm-component-text-image container-fluid\">\n<div class=\"row flex-row-reverse justify-end\">\n<div class=\"flex items-center md:col-4\">\n<figure class=\"w-full flex flex-col\">\n<div class=\"TextImage_text-image-col-image-img-container__3Fpb_ flex flex-1 relative\"><img decoding=\"async\" id=\"\" class=\"object-center\" src=\"https:\/\/a.storyblok.com\/f\/108972\/2775x2775\/772c66b467\/s_nova-pf-f_hq_detail.png\/m\/1920x0\/filters:quality(80)\" sizes=\"(min-width: 768px) 25vw, 90vw\" srcset=\"https:\/\/a.storyblok.com\/f\/108972\/2775x2775\/772c66b467\/s_nova-pf-f_hq_detail.png\/m\/256x0\/filters:quality(80) 256w, https:\/\/a.storyblok.com\/f\/108972\/2775x2775\/772c66b467\/s_nova-pf-f_hq_detail.png\/m\/384x0\/filters:quality(80) 384w, https:\/\/a.storyblok.com\/f\/108972\/2775x2775\/772c66b467\/s_nova-pf-f_hq_detail.png\/m\/640x0\/filters:quality(80) 640w, https:\/\/a.storyblok.com\/f\/108972\/2775x2775\/772c66b467\/s_nova-pf-f_hq_detail.png\/m\/750x0\/filters:quality(80) 750w, https:\/\/a.storyblok.com\/f\/108972\/2775x2775\/772c66b467\/s_nova-pf-f_hq_detail.png\/m\/828x0\/filters:quality(80) 828w, https:\/\/a.storyblok.com\/f\/108972\/2775x2775\/772c66b467\/s_nova-pf-f_hq_detail.png\/m\/1080x0\/filters:quality(80) 1080w, https:\/\/a.storyblok.com\/f\/108972\/2775x2775\/772c66b467\/s_nova-pf-f_hq_detail.png\/m\/1200x0\/filters:quality(80) 1200w, https:\/\/a.storyblok.com\/f\/108972\/2775x2775\/772c66b467\/s_nova-pf-f_hq_detail.png\/m\/1920x0\/filters:quality(80) 1920w\" alt=\"\" data-nimg=\"responsive\" \/><\/div>\n<\/figure>\n<\/div>\n<div class=\"md:offset-1 md:col-6 md:mr-auto sm-max:pt-200 md:pb-100 md:self-center\">\n<div class=\"flex flex-col text-flow first-heading\">\n<h2 class=\"TextImage_text-image-headline__FwqZ7 whitespace-pre-line\">NOVA-PF-F<\/h2>\n<div class=\"richtext-wrap reset-margin-last TextImage_text-image-text-wrap__B_mcT\">\n<p>NOVA-PF-F s\u0259rt, davaml\u0131, lakin y\u00fcng\u00fcl, filtrli havaland\u0131rma barmaql\u0131\u011f\u0131d\u0131r. M\u00fcxt\u0259lif \u00f6l\u00e7\u00fcl\u0259rd\u0259 m\u00f6vcud olan qur\u011fu ofisl\u0259r, ya\u015fay\u0131\u015f binalar\u0131 v\u0259 ya otell\u0259r kimi m\u00fcxt\u0259lif \u015f\u0259raitl\u0259rd\u0259 T-bar tavanlar\u0131nda tez v\u0259 asan qura\u015fd\u0131rma \u00fc\u00e7\u00fcn n\u0259z\u0259rd\u0259 tutulmu\u015fdur.<\/p>\n<p>\u018fsas\u0259n fan coill\u0259ri olan t\u0259krar d\u00f6vriyy\u0259 sisteml\u0259rind\u0259 hava \u00e7\u0131xarmaq \u00fc\u00e7\u00fcn n\u0259z\u0259rd\u0259 tutulub. M\u00fcxt\u0259lif parametrl\u0259rd\u0259 effektiv havaland\u0131rma t\u0259min edir.<\/p>\n<p>NOVA-PF-F \u00e7\u0259r\u00e7iv\u0259d\u0259n, perforasiya edilmi\u015f metal paneld\u0259n, s\u00f6k\u00fcl\u0259 bil\u0259n mesh ekranl\u0131 tavan montaj \u00e7\u0259r\u00e7iv\u0259sind\u0259n, 65% qaba sinif filtrind\u0259n v\u0259 T-bar tavan adapterind\u0259n ibar\u0259tdir. Tavan montaj \u00e7\u0259r\u00e7iv\u0259si, perforasiya edilmi\u015f metal panel v\u0259 T-bar tavan adapteri sinkl\u0259nmi\u015f poladdan haz\u0131rlan\u0131r.<\/p>\n<p>Barmaql\u0131\u011f\u0131n a\u015fa\u011f\u0131 m\u00fcqavim\u0259ti v\u0259 y\u00fcks\u0259k hava ke\u00e7irm\u0259 qabiliyy\u0259ti var. Qura\u015fd\u0131r\u0131lmas\u0131 sad\u0259dir, y\u00fcks\u0259k sabitliy\u0259 malikdir v\u0259 t\u0259mizlik v\u0259 texniki xidm\u0259t \u00fc\u00e7\u00fcn filtr inlay\u0131na tez v\u0259 asan daxil olmaq \u00fc\u00e7\u00fcn he\u00e7 bir al\u0259t t\u0259l\u0259b olunmur. \u00d6n barmaql\u0131q yay klipl\u0259ri il\u0259 yerind\u0259 saxlan\u0131l\u0131r ki, bu da onun asanl\u0131qla a\u00e7\u0131lmas\u0131na v\u0259 filtrin \u00e7\u0131xar\u0131lmas\u0131na imkan verir. Filtr \u00f6z\u00fc qaba 65% sinifind\u0259dir.<\/p>\n<\/div>\n<\/div>\n<\/div>\n<\/div>\n<\/div>\n<div id=\"scroll-PB-NOVA-FF\" class=\"content-element content-element-text-image gtm-component-text-image TextImage_text-image-extended__PHD6R TextImage_text-image-extended--color-default__S1W0X\">\n<div class=\"container-fluid\">\n<div class=\"row\">\n<div class=\"col-12\">\n<div class=\"TextImage_text-image-extended--bg__vXJy6\">\n<div class=\"row mx-0\">\n<div class=\"flex items-center col-4 pl-400 py-400\">\n<figure class=\"w-full flex flex-col\">\n<div class=\"TextImage_text-image-col-image-img-container__3Fpb_ flex flex-1 relative\"><img decoding=\"async\" id=\"\" class=\"object-center\" src=\"https:\/\/a.storyblok.com\/f\/108972\/4665x3865\/95a827cdac\/pb-nova-ff.png\/m\/1920x0\/filters:quality(80)\" sizes=\"(min-width: 768px) 70vw, 90vw\" srcset=\"https:\/\/a.storyblok.com\/f\/108972\/4665x3865\/95a827cdac\/pb-nova-ff.png\/m\/640x0\/filters:quality(80) 640w, https:\/\/a.storyblok.com\/f\/108972\/4665x3865\/95a827cdac\/pb-nova-ff.png\/m\/750x0\/filters:quality(80) 750w, https:\/\/a.storyblok.com\/f\/108972\/4665x3865\/95a827cdac\/pb-nova-ff.png\/m\/828x0\/filters:quality(80) 828w, https:\/\/a.storyblok.com\/f\/108972\/4665x3865\/95a827cdac\/pb-nova-ff.png\/m\/1080x0\/filters:quality(80) 1080w, https:\/\/a.storyblok.com\/f\/108972\/4665x3865\/95a827cdac\/pb-nova-ff.png\/m\/1200x0\/filters:quality(80) 1200w, https:\/\/a.storyblok.com\/f\/108972\/4665x3865\/95a827cdac\/pb-nova-ff.png\/m\/1920x0\/filters:quality(80) 1920w\" alt=\"\" data-nimg=\"responsive\" \/><\/div>\n<\/figure>\n<\/div>\n<div class=\"flex items-center col-6 offset-1\">\n<div class=\"py-400\">\n<div class=\"py-400 mb-100\">\n<div class=\"flex flex-col text-flow\">\n<h2 class=\"TextImage_text-image-headline__FwqZ7 whitespace-pre-line\">PB-NOVA-FF<\/h2>\n<div class=\"richtext-wrap reset-margin-last TextImage_text-image-text-wrap__B_mcT\">\n<p><strong>NOVA qura\u015fd\u0131r\u0131lm\u0131\u015f T-bar tavan \u00fc\u00e7\u00fcn plenum qutusu<\/strong><\/p>\n<p>PB-NOVA-FF hava t\u0259chizat\u0131 v\u0259 hava \u00e7\u0131xarmaq \u00fc\u00e7\u00fcn n\u0259z\u0259rd\u0259 tutulmu\u015f plenum qutusudur. M\u0259hsul b\u00fct\u00fcn barmaql\u0131qda havan\u0131n paylanmas\u0131n\u0131 balansla\u015fd\u0131rmaq \u00fc\u00e7\u00fcn n\u0259z\u0259rd\u0259 tutulub. O, h\u0259m\u00e7inin s\u0259sbo\u011fucu funksiyas\u0131n\u0131 yerin\u0259 yetirir v\u0259 radiator barmaql\u0131\u011f\u0131n\u0131 hava paylay\u0131c\u0131 sistem\u0259 qo\u015fur. M\u0259hsul tavanlarda dair\u0259vi kanallar\u0131n sonunda qura\u015fd\u0131r\u0131l\u0131r.<\/p>\n<p>PB-NOVA-FF sinkl\u0259nmi\u015f polad t\u0259b\u0259q\u0259d\u0259n haz\u0131rlan\u0131r. M\u0259hsul qutudan, barmaql\u0131qdan v\u0259 yan t\u0259r\u0259fd\u0259ki kanal birl\u0259\u015fm\u0259sind\u0259n ibar\u0259tdir.<\/p>\n<p>Sifari\u015finiz, t\u0259rziniz!<br \/>\nM\u0259hsulumuz sizin se\u00e7iml\u0259riniz\u0259 uy\u011funla\u015fd\u0131r\u0131la bil\u0259r v\u0259 estetik bax\u0131\u015f\u0131n\u0131za m\u00fck\u0259mm\u0259l uy\u011funla\u015fmaq \u00fc\u00e7\u00fcn onu ist\u0259nil\u0259n RAL kodu s\u0259thi il\u0259 sifari\u015f etm\u0259y\u0259 imkan verir.<\/p>\n<p>S\u0259n\u0259dl\u0259\u015fdirm\u0259<\/p>\n<\/div>\n<\/div>\n<\/div>\n<\/div>\n<\/div>\n<\/div>\n<\/div>\n<\/div>\n<\/div>\n<\/div>\n<\/div>\n<\/div>\n<div class=\"mb-400 mt-700 relative container-fluid\">\n<div class=\"gtm-product-section\" data-gtm-name=\"Documentation\" data-gtm-label=\"Documentation\" data-offset=\"0\" data-gtm-vis-recent-on-screen53434917_103=\"92165\" data-gtm-vis-first-on-screen53434917_103=\"92165\" data-gtm-vis-total-visible-time53434917_103=\"1500\" data-gtm-vis-has-fired53434917_103=\"1\">\n<div class=\"row gap-y-150 mb-200 desktop-nav:mb-0 md ProductPageISSections_product-info-header___9p5M\">\n<div class=\" col-12 md:col-6 md:text-right print:hidden flex items-center justify-end mobile-nav:flex-col gap-050 \">\n<div class=\"\"><button class=\"gtm-product-specsheet-link btn btn-secondary btn-small btn-icon-left xs-max:btn-block\">Download spec sheet<\/button><\/div>\n<\/div>\n<\/div>\n<\/div>\n<\/div>\n","protected":false},"excerpt":{"rendered":"<div>\n<h1 class=\"text-xl mb-0 text-base\"><span class=\"text-font-brand-scale inline-block\">NOVA-PF-F\u00a0<span class=\"font-normal font-product-category\">Grilles<\/span><\/span><\/h1>\n<p>T-bar tavan qur\u011fular\u0131 \u00fc\u00e7\u00fcn uy\u011fun filtrli al\u00fcminium hava \u00e7\u0131xaran barmaql\u0131q<\/p>\n<p>Hava t\u0259chizat\u0131 v\u0259 \u00e7\u0131xar\u0131lmas\u0131<\/p>\n<p>Asan filtr giri\u015fi<\/p>\n<p>Estetik dizayn<\/p>\n<p>Y\u00fcng\u00fcl<\/p>\n<\/div>\n<div class=\"gtm-sku-info flex flex-col gap-y-050 text-label-tiny text-neutral-600\">\n<div class=\"flex flex-wrap items-baseline gap-x-100 gap-y-025\"><span class=\"gtm-article-name\">NOVA-PF-F<\/span><span class=\"whitespace-nowrap gtm-article-number text-base font-bold\">#AN-PFF<\/span><\/div>\n<\/div>\n","protected":false},"featured_media":36829,"template":"","meta":[],"product_brand":[],"product_cat":[1843,1847,1855],"product_tag":[],"class_list":{"0":"post-36852","1":"product","2":"type-product","3":"status-publish","4":"has-post-thumbnail","6":"product_cat-hava-paylayici-mhsullar","7":"product_cat-havalandirma-barmaqliqlari","8":"product_cat-nova-barmaqliqlari","10":"first","11":"instock","12":"shipping-taxable","13":"product-type-simple"},"yoast_head":"<!-- This site is optimized with the Yoast SEO plugin v27.1.1 - https:\/\/yoast.com\/product\/yoast-seo-wordpress\/ -->\n<title>NOVA-PF-F Barmaql\u0131qlar T-bar tavan qur\u011fular\u0131 \u00fc\u00e7\u00fcn uy\u011fun filtrli al\u00fcminium hava \u00e7\u0131xaran barmaql\u0131q - Climate Master<\/title>\n<meta name=\"robots\" content=\"index, follow, max-snippet:-1, max-image-preview:large, max-video-preview:-1\" \/>\n<link rel=\"canonical\" href=\"https:\/\/climatemaster.ge\/az\/product\/nova-pf-f-grilles-aluminium-air-extract-grille-with-a-filter-suitable-for-t-bar-ceiling-installations\/\" \/>\n<meta property=\"og:locale\" content=\"az_AZ\" \/>\n<meta property=\"og:type\" content=\"article\" \/>\n<meta property=\"og:title\" content=\"NOVA-PF-F Barmaql\u0131qlar T-bar tavan qur\u011fular\u0131 \u00fc\u00e7\u00fcn uy\u011fun filtrli al\u00fcminium hava \u00e7\u0131xaran barmaql\u0131q - Climate Master\" \/>\n<meta property=\"og:description\" content=\"NOVA-PF-F\u00a0Grilles T-bar tavan qur\u011fular\u0131 \u00fc\u00e7\u00fcn uy\u011fun filtrli al\u00fcminium hava \u00e7\u0131xaran barmaql\u0131q  Hava t\u0259chizat\u0131 v\u0259 \u00e7\u0131xar\u0131lmas\u0131  Asan filtr giri\u015fi  Estetik dizayn  Y\u00fcng\u00fcl    NOVA-PF-F#AN-PFF\" \/>\n<meta property=\"og:url\" content=\"https:\/\/climatemaster.ge\/az\/product\/nova-pf-f-grilles-aluminium-air-extract-grille-with-a-filter-suitable-for-t-bar-ceiling-installations\/\" \/>\n<meta property=\"og:site_name\" content=\"Climate Master\" \/>\n<meta property=\"article:modified_time\" content=\"2025-09-07T07:55:29+00:00\" \/>\n<meta property=\"og:image\" content=\"https:\/\/climatemaster.ge\/wp-content\/uploads\/2025\/09\/NOVA-PF-F_HQ.jpg\" \/>\n\t<meta property=\"og:image:width\" content=\"384\" \/>\n\t<meta property=\"og:image:height\" content=\"288\" \/>\n\t<meta property=\"og:image:type\" content=\"image\/jpeg\" \/>\n<meta name=\"twitter:card\" content=\"summary_large_image\" \/>\n<meta name=\"twitter:label1\" content=\"Est. reading time\" \/>\n\t<meta name=\"twitter:data1\" content=\"2 minutes\" \/>\n<script type=\"application\/ld+json\" class=\"yoast-schema-graph\">{\"@context\":\"https:\/\/schema.org\",\"@graph\":[{\"@type\":\"WebPage\",\"@id\":\"https:\/\/climatemaster.ge\/az\/product\/nova-pf-f-grilles-aluminium-air-extract-grille-with-a-filter-suitable-for-t-bar-ceiling-installations\/\",\"url\":\"https:\/\/climatemaster.ge\/az\/product\/nova-pf-f-grilles-aluminium-air-extract-grille-with-a-filter-suitable-for-t-bar-ceiling-installations\/\",\"name\":\"NOVA-PF-F Barmaql\u0131qlar T-bar tavan qur\u011fular\u0131 \u00fc\u00e7\u00fcn uy\u011fun filtrli al\u00fcminium hava \u00e7\u0131xaran barmaql\u0131q - Climate Master\",\"isPartOf\":{\"@id\":\"https:\/\/climatemaster.ge\/#website\"},\"primaryImageOfPage\":{\"@id\":\"https:\/\/climatemaster.ge\/az\/product\/nova-pf-f-grilles-aluminium-air-extract-grille-with-a-filter-suitable-for-t-bar-ceiling-installations\/#primaryimage\"},\"image\":{\"@id\":\"https:\/\/climatemaster.ge\/az\/product\/nova-pf-f-grilles-aluminium-air-extract-grille-with-a-filter-suitable-for-t-bar-ceiling-installations\/#primaryimage\"},\"thumbnailUrl\":\"https:\/\/climatemaster.ge\/wp-content\/uploads\/2025\/09\/NOVA-PF-F_HQ.jpg\",\"datePublished\":\"2025-09-07T07:45:38+00:00\",\"dateModified\":\"2025-09-07T07:55:29+00:00\",\"breadcrumb\":{\"@id\":\"https:\/\/climatemaster.ge\/az\/product\/nova-pf-f-grilles-aluminium-air-extract-grille-with-a-filter-suitable-for-t-bar-ceiling-installations\/#breadcrumb\"},\"inLanguage\":\"az\",\"potentialAction\":[{\"@type\":\"ReadAction\",\"target\":[\"https:\/\/climatemaster.ge\/az\/product\/nova-pf-f-grilles-aluminium-air-extract-grille-with-a-filter-suitable-for-t-bar-ceiling-installations\/\"]}]},{\"@type\":\"ImageObject\",\"inLanguage\":\"az\",\"@id\":\"https:\/\/climatemaster.ge\/az\/product\/nova-pf-f-grilles-aluminium-air-extract-grille-with-a-filter-suitable-for-t-bar-ceiling-installations\/#primaryimage\",\"url\":\"https:\/\/climatemaster.ge\/wp-content\/uploads\/2025\/09\/NOVA-PF-F_HQ.jpg\",\"contentUrl\":\"https:\/\/climatemaster.ge\/wp-content\/uploads\/2025\/09\/NOVA-PF-F_HQ.jpg\",\"width\":384,\"height\":288},{\"@type\":\"BreadcrumbList\",\"@id\":\"https:\/\/climatemaster.ge\/az\/product\/nova-pf-f-grilles-aluminium-air-extract-grille-with-a-filter-suitable-for-t-bar-ceiling-installations\/#breadcrumb\",\"itemListElement\":[{\"@type\":\"ListItem\",\"position\":1,\"name\":\"Home\",\"item\":\"https:\/\/climatemaster.ge\/\"},{\"@type\":\"ListItem\",\"position\":2,\"name\":\"M\u0259hsullar\",\"item\":\"https:\/\/climatemaster.ge\/products\/\"},{\"@type\":\"ListItem\",\"position\":3,\"name\":\"NOVA-PF-F Barmaql\u0131qlar T-bar tavan qur\u011fular\u0131 \u00fc\u00e7\u00fcn uy\u011fun filtrli al\u00fcminium hava \u00e7\u0131xaran barmaql\u0131q\"}]},{\"@type\":\"WebSite\",\"@id\":\"https:\/\/climatemaster.ge\/#website\",\"url\":\"https:\/\/climatemaster.ge\/\",\"name\":\"Climate Master\",\"description\":\"\",\"publisher\":{\"@id\":\"https:\/\/climatemaster.ge\/#organization\"},\"potentialAction\":[{\"@type\":\"SearchAction\",\"target\":{\"@type\":\"EntryPoint\",\"urlTemplate\":\"https:\/\/climatemaster.ge\/?s={search_term_string}\"},\"query-input\":{\"@type\":\"PropertyValueSpecification\",\"valueRequired\":true,\"valueName\":\"search_term_string\"}}],\"inLanguage\":\"az\"},{\"@type\":\"Organization\",\"@id\":\"https:\/\/climatemaster.ge\/#organization\",\"name\":\"Climate Master\",\"url\":\"https:\/\/climatemaster.ge\/\",\"logo\":{\"@type\":\"ImageObject\",\"inLanguage\":\"az\",\"@id\":\"https:\/\/climatemaster.ge\/#\/schema\/logo\/image\/\",\"url\":\"https:\/\/climatemaster.ge\/wp-content\/uploads\/2026\/03\/Untitled-2.png\",\"contentUrl\":\"https:\/\/climatemaster.ge\/wp-content\/uploads\/2026\/03\/Untitled-2.png\",\"width\":600,\"height\":338,\"caption\":\"Climate Master\"},\"image\":{\"@id\":\"https:\/\/climatemaster.ge\/#\/schema\/logo\/image\/\"}}]}<\/script>\n<!-- \/ Yoast SEO plugin. -->","yoast_head_json":{"title":"NOVA-PF-F Barmaql\u0131qlar T-bar tavan qur\u011fular\u0131 \u00fc\u00e7\u00fcn uy\u011fun filtrli al\u00fcminium hava \u00e7\u0131xaran barmaql\u0131q - Climate Master","robots":{"index":"index","follow":"follow","max-snippet":"max-snippet:-1","max-image-preview":"max-image-preview:large","max-video-preview":"max-video-preview:-1"},"canonical":"https:\/\/climatemaster.ge\/az\/product\/nova-pf-f-grilles-aluminium-air-extract-grille-with-a-filter-suitable-for-t-bar-ceiling-installations\/","og_locale":"az_AZ","og_type":"article","og_title":"NOVA-PF-F Barmaql\u0131qlar T-bar tavan qur\u011fular\u0131 \u00fc\u00e7\u00fcn uy\u011fun filtrli al\u00fcminium hava \u00e7\u0131xaran barmaql\u0131q - Climate Master","og_description":"NOVA-PF-F\u00a0Grilles T-bar tavan qur\u011fular\u0131 \u00fc\u00e7\u00fcn uy\u011fun filtrli al\u00fcminium hava \u00e7\u0131xaran barmaql\u0131q  Hava t\u0259chizat\u0131 v\u0259 \u00e7\u0131xar\u0131lmas\u0131  Asan filtr giri\u015fi  Estetik dizayn  Y\u00fcng\u00fcl    NOVA-PF-F#AN-PFF","og_url":"https:\/\/climatemaster.ge\/az\/product\/nova-pf-f-grilles-aluminium-air-extract-grille-with-a-filter-suitable-for-t-bar-ceiling-installations\/","og_site_name":"Climate Master","article_modified_time":"2025-09-07T07:55:29+00:00","og_image":[{"width":384,"height":288,"url":"https:\/\/climatemaster.ge\/wp-content\/uploads\/2025\/09\/NOVA-PF-F_HQ.jpg","type":"image\/jpeg"}],"twitter_card":"summary_large_image","twitter_misc":{"Est. reading time":"2 minutes"},"schema":{"@context":"https:\/\/schema.org","@graph":[{"@type":"WebPage","@id":"https:\/\/climatemaster.ge\/az\/product\/nova-pf-f-grilles-aluminium-air-extract-grille-with-a-filter-suitable-for-t-bar-ceiling-installations\/","url":"https:\/\/climatemaster.ge\/az\/product\/nova-pf-f-grilles-aluminium-air-extract-grille-with-a-filter-suitable-for-t-bar-ceiling-installations\/","name":"NOVA-PF-F Barmaql\u0131qlar T-bar tavan qur\u011fular\u0131 \u00fc\u00e7\u00fcn uy\u011fun filtrli al\u00fcminium hava \u00e7\u0131xaran barmaql\u0131q - Climate Master","isPartOf":{"@id":"https:\/\/climatemaster.ge\/#website"},"primaryImageOfPage":{"@id":"https:\/\/climatemaster.ge\/az\/product\/nova-pf-f-grilles-aluminium-air-extract-grille-with-a-filter-suitable-for-t-bar-ceiling-installations\/#primaryimage"},"image":{"@id":"https:\/\/climatemaster.ge\/az\/product\/nova-pf-f-grilles-aluminium-air-extract-grille-with-a-filter-suitable-for-t-bar-ceiling-installations\/#primaryimage"},"thumbnailUrl":"https:\/\/climatemaster.ge\/wp-content\/uploads\/2025\/09\/NOVA-PF-F_HQ.jpg","datePublished":"2025-09-07T07:45:38+00:00","dateModified":"2025-09-07T07:55:29+00:00","breadcrumb":{"@id":"https:\/\/climatemaster.ge\/az\/product\/nova-pf-f-grilles-aluminium-air-extract-grille-with-a-filter-suitable-for-t-bar-ceiling-installations\/#breadcrumb"},"inLanguage":"az","potentialAction":[{"@type":"ReadAction","target":["https:\/\/climatemaster.ge\/az\/product\/nova-pf-f-grilles-aluminium-air-extract-grille-with-a-filter-suitable-for-t-bar-ceiling-installations\/"]}]},{"@type":"ImageObject","inLanguage":"az","@id":"https:\/\/climatemaster.ge\/az\/product\/nova-pf-f-grilles-aluminium-air-extract-grille-with-a-filter-suitable-for-t-bar-ceiling-installations\/#primaryimage","url":"https:\/\/climatemaster.ge\/wp-content\/uploads\/2025\/09\/NOVA-PF-F_HQ.jpg","contentUrl":"https:\/\/climatemaster.ge\/wp-content\/uploads\/2025\/09\/NOVA-PF-F_HQ.jpg","width":384,"height":288},{"@type":"BreadcrumbList","@id":"https:\/\/climatemaster.ge\/az\/product\/nova-pf-f-grilles-aluminium-air-extract-grille-with-a-filter-suitable-for-t-bar-ceiling-installations\/#breadcrumb","itemListElement":[{"@type":"ListItem","position":1,"name":"Home","item":"https:\/\/climatemaster.ge\/"},{"@type":"ListItem","position":2,"name":"M\u0259hsullar","item":"https:\/\/climatemaster.ge\/products\/"},{"@type":"ListItem","position":3,"name":"NOVA-PF-F Barmaql\u0131qlar T-bar tavan qur\u011fular\u0131 \u00fc\u00e7\u00fcn uy\u011fun filtrli al\u00fcminium hava \u00e7\u0131xaran barmaql\u0131q"}]},{"@type":"WebSite","@id":"https:\/\/climatemaster.ge\/#website","url":"https:\/\/climatemaster.ge\/","name":"Climate Master","description":"","publisher":{"@id":"https:\/\/climatemaster.ge\/#organization"},"potentialAction":[{"@type":"SearchAction","target":{"@type":"EntryPoint","urlTemplate":"https:\/\/climatemaster.ge\/?s={search_term_string}"},"query-input":{"@type":"PropertyValueSpecification","valueRequired":true,"valueName":"search_term_string"}}],"inLanguage":"az"},{"@type":"Organization","@id":"https:\/\/climatemaster.ge\/#organization","name":"Climate Master","url":"https:\/\/climatemaster.ge\/","logo":{"@type":"ImageObject","inLanguage":"az","@id":"https:\/\/climatemaster.ge\/#\/schema\/logo\/image\/","url":"https:\/\/climatemaster.ge\/wp-content\/uploads\/2026\/03\/Untitled-2.png","contentUrl":"https:\/\/climatemaster.ge\/wp-content\/uploads\/2026\/03\/Untitled-2.png","width":600,"height":338,"caption":"Climate Master"},"image":{"@id":"https:\/\/climatemaster.ge\/#\/schema\/logo\/image\/"}}]}},"_links":{"self":[{"href":"https:\/\/climatemaster.ge\/az\/wp-json\/wp\/v2\/product\/36852","targetHints":{"allow":["GET"]}}],"collection":[{"href":"https:\/\/climatemaster.ge\/az\/wp-json\/wp\/v2\/product"}],"about":[{"href":"https:\/\/climatemaster.ge\/az\/wp-json\/wp\/v2\/types\/product"}],"wp:featuredmedia":[{"embeddable":true,"href":"https:\/\/climatemaster.ge\/az\/wp-json\/wp\/v2\/media\/36829"}],"wp:attachment":[{"href":"https:\/\/climatemaster.ge\/az\/wp-json\/wp\/v2\/media?parent=36852"}],"wp:term":[{"taxonomy":"product_brand","embeddable":true,"href":"https:\/\/climatemaster.ge\/az\/wp-json\/wp\/v2\/product_brand?post=36852"},{"taxonomy":"product_cat","embeddable":true,"href":"https:\/\/climatemaster.ge\/az\/wp-json\/wp\/v2\/product_cat?post=36852"},{"taxonomy":"product_tag","embeddable":true,"href":"https:\/\/climatemaster.ge\/az\/wp-json\/wp\/v2\/product_tag?post=36852"}],"curies":[{"name":"wp","href":"https:\/\/api.w.org\/{rel}","templated":true}]}}