{"id":36540,"date":"2025-09-04T16:15:45","date_gmt":"2025-09-04T12:15:45","guid":{"rendered":"https:\/\/airsystems.ge\/shop\/product\/s-sa1-rectangular-smoke-control-dampers\/"},"modified":"2025-09-04T16:24:08","modified_gmt":"2025-09-04T12:24:08","slug":"s-sa1-rectangular-smoke-control-dampers","status":"publish","type":"product","link":"https:\/\/climatemaster.ge\/az\/product\/s-sa1-rectangular-smoke-control-dampers\/","title":{"rendered":"S-SA1 D\u00f6rdbucaql\u0131 T\u00fcst\u00fc N\u0259zar\u0259t Damperl\u0259ri"},"content":{"rendered":"<div class=\"mb-400 gtm-product-section container-fluid\" data-gtm-name=\"Benefits\" data-gtm-label=\"Benefits (en)\" data-gtm-vis-recent-on-screen53434917_103=\"8307\" data-gtm-vis-first-on-screen53434917_103=\"8307\" data-gtm-vis-total-visible-time53434917_103=\"1500\" data-gtm-vis-has-fired53434917_103=\"1\">\n<div class=\"row\">\n<div class=\"content-element content-element-product-benefit col-12 sm:col-6 mb-400\">\n<div class=\"bg-card px-300 py-250 mobile-nav:px-200 mobile-nav:py-150 h-full flex overflow-hidden card-border\">\n<div class=\"min-w-0\">\n<p><strong>Uy\u011funluq<\/strong><br \/>\nS-SA1 t\u00fcst\u00fc n\u0259zar\u0259t damperl\u0259ri mexaniki v\u0259 ya t\u0259bii t\u00fcst\u00fc v\u0259 istilik \u00e7\u0131xarma sisteml\u0259ri il\u0259 i\u015fl\u0259m\u0259k \u00fc\u00e7\u00fcn n\u0259z\u0259rd\u0259 tutulmu\u015fdur.<\/p>\n<p><strong>Aktuator i\u015fl\u0259dilib<\/strong><br \/>\nS-SA1 amortizatorlar\u0131nda yays\u0131z \u00f6t\u00fcrm\u0259 var. Onlar\u0131n h\u0259m a\u00e7\u0131q, h\u0259m d\u0259 qapal\u0131 t\u0259hl\u00fck\u0259sizlik m\u00f6vqeyi var.<\/p>\n<p>&nbsp;<\/p>\n<p><strong>Kanal\u0131n qura\u015fd\u0131r\u0131lmas\u0131<\/strong><br \/>\nS-SA1 amortizatorlar\u0131 barmaql\u0131\u011f\u0131 il\u0259 bit\u0259n kanal qur\u011fular\u0131 \u00fc\u00e7\u00fcn n\u0259z\u0259rd\u0259 tutulmu\u015fdur. Onlar divar v\u0259 ya tavan qura\u015fd\u0131r\u0131lmas\u0131 \u00fc\u00e7\u00fcn uy\u011fun deyil.<\/p>\n<p>&nbsp;<\/p>\n<p>S-SA1 t\u00fcst\u00fc n\u0259zar\u0259t damperl\u0259ri mexaniki v\u0259 ya t\u0259bii t\u00fcst\u00fc v\u0259 istilik \u00e7\u0131xarma sisteml\u0259ri il\u0259 i\u015fl\u0259m\u0259k \u00fc\u00e7\u00fcn n\u0259z\u0259rd\u0259 tutulmu\u015fdur. Onlar z\u0259h\u0259rli qazlar\u0131n, t\u00fcst\u00fcn\u00fcn v\u0259 yan\u011f\u0131n\u0131n effektiv \u015f\u0259kild\u0259 \u00e7\u0131xar\u0131lmas\u0131n\u0131 t\u0259min edir v\u0259 h\u0259m\u00e7inin yan\u011f\u0131n b\u00f6lm\u0259l\u0259rini t\u0259miz hava il\u0259 t\u0259min ed\u0259 bilirl\u0259r. Onlar yay olmadan \u00f6t\u00fcr\u00fcc\u00fc il\u0259 idar\u0259 olunurlar. S-SA1 h\u0259m a\u00e7\u0131q, h\u0259m d\u0259 qapal\u0131 t\u0259hl\u00fck\u0259sizlik m\u00f6vqeyin\u0259 malikdir. T\u00fcst\u00fc t\u0259nziml\u0259yici damperl\u0259ri idar\u0259 etm\u0259k \u00fc\u00e7\u00fcn g\u00fcc laz\u0131md\u0131r.<\/p>\n<p>S-SA1 amortizatorlar\u0131 barmaql\u0131\u011f\u0131 il\u0259 bit\u0259n kanal qur\u011fular\u0131 \u00fc\u00e7\u00fcn n\u0259z\u0259rd\u0259 tutulmu\u015fdur. Onlar divara v\u0259 ya tavana qura\u015fd\u0131rmaq \u00fc\u00e7\u00fcn uy\u011fun deyil. S-SA1-in korpusu sinkl\u0259nmi\u015f sacdan haz\u0131rlanm\u0131\u015fd\u0131r. B\u0131\u00e7aqlar t\u00fcst\u00fc v\u0259 ya istilik s\u0131zmas\u0131n\u0131n qar\u015f\u0131s\u0131n\u0131 almaq \u00fc\u00e7\u00fcn silikon rezin conta il\u0259 kalsium silikat l\u00f6vh\u0259l\u0259rd\u0259n haz\u0131rlan\u0131r.<\/p>\n<p>&nbsp;<\/p>\n<p><strong>S\u0259n\u0259dl\u0259\u015fdirm\u0259<\/strong><\/p>\n<\/div>\n<\/div>\n<\/div>\n<\/div>\n<\/div>\n<div class=\"mb-400 mt-700 relative container-fluid\">\n<div class=\"gtm-product-section\" data-gtm-name=\"Documentation\" data-gtm-label=\"Documentation\" data-offset=\"0\" data-gtm-vis-recent-on-screen53434917_103=\"98527\" data-gtm-vis-first-on-screen53434917_103=\"98527\" data-gtm-vis-total-visible-time53434917_103=\"1500\" data-gtm-vis-has-fired53434917_103=\"1\">\n<div class=\"row gap-y-150 mb-200 desktop-nav:mb-0 md ProductPageISSections_product-info-header___9p5M\">\n<div class=\" col-12 md:col-6 md:text-right print:hidden flex items-center justify-end mobile-nav:flex-col gap-050 \">\n<div class=\"\"><button class=\"gtm-product-specsheet-link btn btn-secondary btn-small btn-icon-left xs-max:btn-block\">Download spec sheet<\/button><\/div>\n<\/div>\n<\/div>\n<\/div>\n<\/div>\n","protected":false},"excerpt":{"rendered":"<p>Mexanik v\u0259 ya t\u0259bii t\u00fcst\u00fc v\u0259 istilik \u00e7\u0131xarma sisteml\u0259ri \u00fc\u00e7\u00fcn uy\u011fun olan d\u00fczbucaql\u0131 t\u00fcst\u00fc n\u0259zar\u0259t damperl\u0259ri<\/p>\n<p>\u00c7ox y\u00f6nl\u00fc<\/p>\n<p>Kanal\u0131n qura\u015fd\u0131r\u0131lmas\u0131<\/p>\n<p>Sinkl\u0259nmi\u015f Sac<\/p>\n<p>T\u0259miz Hava T\u0259minat\u0131<\/p>\n","protected":false},"featured_media":36535,"template":"","meta":[],"product_brand":[],"product_cat":[1809,1799,1774],"product_tag":[],"class_list":{"0":"post-36540","1":"product","2":"type-product","3":"status-publish","4":"has-post-thumbnail","6":"product_cat-dordbucaqli-tustu-nzart-damperlri","7":"product_cat-tustuy-nzart-damperlri","8":"product_cat-yangin-thluksizliyi","10":"first","11":"instock","12":"shipping-taxable","13":"product-type-simple"},"yoast_head":"<!-- This site is optimized with the Yoast SEO plugin v27.1.1 - https:\/\/yoast.com\/product\/yoast-seo-wordpress\/ -->\n<title>S-SA1 D\u00f6rdbucaql\u0131 T\u00fcst\u00fc N\u0259zar\u0259t Damperl\u0259ri - Climate Master<\/title>\n<meta name=\"robots\" content=\"index, follow, max-snippet:-1, max-image-preview:large, max-video-preview:-1\" \/>\n<link rel=\"canonical\" href=\"https:\/\/climatemaster.ge\/az\/product\/s-sa1-rectangular-smoke-control-dampers\/\" \/>\n<meta property=\"og:locale\" content=\"az_AZ\" \/>\n<meta property=\"og:type\" content=\"article\" \/>\n<meta property=\"og:title\" content=\"S-SA1 D\u00f6rdbucaql\u0131 T\u00fcst\u00fc N\u0259zar\u0259t Damperl\u0259ri - Climate Master\" \/>\n<meta property=\"og:description\" content=\"Mexanik v\u0259 ya t\u0259bii t\u00fcst\u00fc v\u0259 istilik \u00e7\u0131xarma sisteml\u0259ri \u00fc\u00e7\u00fcn uy\u011fun olan d\u00fczbucaql\u0131 t\u00fcst\u00fc n\u0259zar\u0259t damperl\u0259ri  \u00c7ox y\u00f6nl\u00fc  Kanal\u0131n qura\u015fd\u0131r\u0131lmas\u0131  Sinkl\u0259nmi\u015f Sac  T\u0259miz Hava T\u0259minat\u0131\" \/>\n<meta property=\"og:url\" content=\"https:\/\/climatemaster.ge\/az\/product\/s-sa1-rectangular-smoke-control-dampers\/\" \/>\n<meta property=\"og:site_name\" content=\"Climate Master\" \/>\n<meta property=\"article:modified_time\" content=\"2025-09-04T12:24:08+00:00\" \/>\n<meta property=\"og:image\" content=\"https:\/\/climatemaster.ge\/wp-content\/uploads\/2025\/09\/COLLAGE_S-SA1.jpg\" \/>\n\t<meta property=\"og:image:width\" content=\"384\" \/>\n\t<meta property=\"og:image:height\" content=\"288\" \/>\n\t<meta property=\"og:image:type\" content=\"image\/jpeg\" \/>\n<meta name=\"twitter:card\" content=\"summary_large_image\" \/>\n<meta name=\"twitter:label1\" content=\"Est. reading time\" \/>\n\t<meta name=\"twitter:data1\" content=\"1 minute\" \/>\n<script type=\"application\/ld+json\" class=\"yoast-schema-graph\">{\"@context\":\"https:\/\/schema.org\",\"@graph\":[{\"@type\":\"WebPage\",\"@id\":\"https:\/\/climatemaster.ge\/az\/product\/s-sa1-rectangular-smoke-control-dampers\/\",\"url\":\"https:\/\/climatemaster.ge\/az\/product\/s-sa1-rectangular-smoke-control-dampers\/\",\"name\":\"S-SA1 D\u00f6rdbucaql\u0131 T\u00fcst\u00fc N\u0259zar\u0259t Damperl\u0259ri - Climate Master\",\"isPartOf\":{\"@id\":\"https:\/\/climatemaster.ge\/#website\"},\"primaryImageOfPage\":{\"@id\":\"https:\/\/climatemaster.ge\/az\/product\/s-sa1-rectangular-smoke-control-dampers\/#primaryimage\"},\"image\":{\"@id\":\"https:\/\/climatemaster.ge\/az\/product\/s-sa1-rectangular-smoke-control-dampers\/#primaryimage\"},\"thumbnailUrl\":\"https:\/\/climatemaster.ge\/wp-content\/uploads\/2025\/09\/COLLAGE_S-SA1.jpg\",\"datePublished\":\"2025-09-04T12:15:45+00:00\",\"dateModified\":\"2025-09-04T12:24:08+00:00\",\"breadcrumb\":{\"@id\":\"https:\/\/climatemaster.ge\/az\/product\/s-sa1-rectangular-smoke-control-dampers\/#breadcrumb\"},\"inLanguage\":\"az\",\"potentialAction\":[{\"@type\":\"ReadAction\",\"target\":[\"https:\/\/climatemaster.ge\/az\/product\/s-sa1-rectangular-smoke-control-dampers\/\"]}]},{\"@type\":\"ImageObject\",\"inLanguage\":\"az\",\"@id\":\"https:\/\/climatemaster.ge\/az\/product\/s-sa1-rectangular-smoke-control-dampers\/#primaryimage\",\"url\":\"https:\/\/climatemaster.ge\/wp-content\/uploads\/2025\/09\/COLLAGE_S-SA1.jpg\",\"contentUrl\":\"https:\/\/climatemaster.ge\/wp-content\/uploads\/2025\/09\/COLLAGE_S-SA1.jpg\",\"width\":384,\"height\":288},{\"@type\":\"BreadcrumbList\",\"@id\":\"https:\/\/climatemaster.ge\/az\/product\/s-sa1-rectangular-smoke-control-dampers\/#breadcrumb\",\"itemListElement\":[{\"@type\":\"ListItem\",\"position\":1,\"name\":\"Home\",\"item\":\"https:\/\/climatemaster.ge\/\"},{\"@type\":\"ListItem\",\"position\":2,\"name\":\"M\u0259hsullar\",\"item\":\"https:\/\/climatemaster.ge\/products\/\"},{\"@type\":\"ListItem\",\"position\":3,\"name\":\"S-SA1 D\u00f6rdbucaql\u0131 T\u00fcst\u00fc N\u0259zar\u0259t Damperl\u0259ri\"}]},{\"@type\":\"WebSite\",\"@id\":\"https:\/\/climatemaster.ge\/#website\",\"url\":\"https:\/\/climatemaster.ge\/\",\"name\":\"Climate Master\",\"description\":\"\",\"publisher\":{\"@id\":\"https:\/\/climatemaster.ge\/#organization\"},\"potentialAction\":[{\"@type\":\"SearchAction\",\"target\":{\"@type\":\"EntryPoint\",\"urlTemplate\":\"https:\/\/climatemaster.ge\/?s={search_term_string}\"},\"query-input\":{\"@type\":\"PropertyValueSpecification\",\"valueRequired\":true,\"valueName\":\"search_term_string\"}}],\"inLanguage\":\"az\"},{\"@type\":\"Organization\",\"@id\":\"https:\/\/climatemaster.ge\/#organization\",\"name\":\"Climate Master\",\"url\":\"https:\/\/climatemaster.ge\/\",\"logo\":{\"@type\":\"ImageObject\",\"inLanguage\":\"az\",\"@id\":\"https:\/\/climatemaster.ge\/#\/schema\/logo\/image\/\",\"url\":\"https:\/\/climatemaster.ge\/wp-content\/uploads\/2026\/03\/Untitled-2.png\",\"contentUrl\":\"https:\/\/climatemaster.ge\/wp-content\/uploads\/2026\/03\/Untitled-2.png\",\"width\":600,\"height\":338,\"caption\":\"Climate Master\"},\"image\":{\"@id\":\"https:\/\/climatemaster.ge\/#\/schema\/logo\/image\/\"}}]}<\/script>\n<!-- \/ Yoast SEO plugin. -->","yoast_head_json":{"title":"S-SA1 D\u00f6rdbucaql\u0131 T\u00fcst\u00fc N\u0259zar\u0259t Damperl\u0259ri - Climate Master","robots":{"index":"index","follow":"follow","max-snippet":"max-snippet:-1","max-image-preview":"max-image-preview:large","max-video-preview":"max-video-preview:-1"},"canonical":"https:\/\/climatemaster.ge\/az\/product\/s-sa1-rectangular-smoke-control-dampers\/","og_locale":"az_AZ","og_type":"article","og_title":"S-SA1 D\u00f6rdbucaql\u0131 T\u00fcst\u00fc N\u0259zar\u0259t Damperl\u0259ri - Climate Master","og_description":"Mexanik v\u0259 ya t\u0259bii t\u00fcst\u00fc v\u0259 istilik \u00e7\u0131xarma sisteml\u0259ri \u00fc\u00e7\u00fcn uy\u011fun olan d\u00fczbucaql\u0131 t\u00fcst\u00fc n\u0259zar\u0259t damperl\u0259ri  \u00c7ox y\u00f6nl\u00fc  Kanal\u0131n qura\u015fd\u0131r\u0131lmas\u0131  Sinkl\u0259nmi\u015f Sac  T\u0259miz Hava T\u0259minat\u0131","og_url":"https:\/\/climatemaster.ge\/az\/product\/s-sa1-rectangular-smoke-control-dampers\/","og_site_name":"Climate Master","article_modified_time":"2025-09-04T12:24:08+00:00","og_image":[{"width":384,"height":288,"url":"https:\/\/climatemaster.ge\/wp-content\/uploads\/2025\/09\/COLLAGE_S-SA1.jpg","type":"image\/jpeg"}],"twitter_card":"summary_large_image","twitter_misc":{"Est. reading time":"1 minute"},"schema":{"@context":"https:\/\/schema.org","@graph":[{"@type":"WebPage","@id":"https:\/\/climatemaster.ge\/az\/product\/s-sa1-rectangular-smoke-control-dampers\/","url":"https:\/\/climatemaster.ge\/az\/product\/s-sa1-rectangular-smoke-control-dampers\/","name":"S-SA1 D\u00f6rdbucaql\u0131 T\u00fcst\u00fc N\u0259zar\u0259t Damperl\u0259ri - Climate Master","isPartOf":{"@id":"https:\/\/climatemaster.ge\/#website"},"primaryImageOfPage":{"@id":"https:\/\/climatemaster.ge\/az\/product\/s-sa1-rectangular-smoke-control-dampers\/#primaryimage"},"image":{"@id":"https:\/\/climatemaster.ge\/az\/product\/s-sa1-rectangular-smoke-control-dampers\/#primaryimage"},"thumbnailUrl":"https:\/\/climatemaster.ge\/wp-content\/uploads\/2025\/09\/COLLAGE_S-SA1.jpg","datePublished":"2025-09-04T12:15:45+00:00","dateModified":"2025-09-04T12:24:08+00:00","breadcrumb":{"@id":"https:\/\/climatemaster.ge\/az\/product\/s-sa1-rectangular-smoke-control-dampers\/#breadcrumb"},"inLanguage":"az","potentialAction":[{"@type":"ReadAction","target":["https:\/\/climatemaster.ge\/az\/product\/s-sa1-rectangular-smoke-control-dampers\/"]}]},{"@type":"ImageObject","inLanguage":"az","@id":"https:\/\/climatemaster.ge\/az\/product\/s-sa1-rectangular-smoke-control-dampers\/#primaryimage","url":"https:\/\/climatemaster.ge\/wp-content\/uploads\/2025\/09\/COLLAGE_S-SA1.jpg","contentUrl":"https:\/\/climatemaster.ge\/wp-content\/uploads\/2025\/09\/COLLAGE_S-SA1.jpg","width":384,"height":288},{"@type":"BreadcrumbList","@id":"https:\/\/climatemaster.ge\/az\/product\/s-sa1-rectangular-smoke-control-dampers\/#breadcrumb","itemListElement":[{"@type":"ListItem","position":1,"name":"Home","item":"https:\/\/climatemaster.ge\/"},{"@type":"ListItem","position":2,"name":"M\u0259hsullar","item":"https:\/\/climatemaster.ge\/products\/"},{"@type":"ListItem","position":3,"name":"S-SA1 D\u00f6rdbucaql\u0131 T\u00fcst\u00fc N\u0259zar\u0259t Damperl\u0259ri"}]},{"@type":"WebSite","@id":"https:\/\/climatemaster.ge\/#website","url":"https:\/\/climatemaster.ge\/","name":"Climate Master","description":"","publisher":{"@id":"https:\/\/climatemaster.ge\/#organization"},"potentialAction":[{"@type":"SearchAction","target":{"@type":"EntryPoint","urlTemplate":"https:\/\/climatemaster.ge\/?s={search_term_string}"},"query-input":{"@type":"PropertyValueSpecification","valueRequired":true,"valueName":"search_term_string"}}],"inLanguage":"az"},{"@type":"Organization","@id":"https:\/\/climatemaster.ge\/#organization","name":"Climate Master","url":"https:\/\/climatemaster.ge\/","logo":{"@type":"ImageObject","inLanguage":"az","@id":"https:\/\/climatemaster.ge\/#\/schema\/logo\/image\/","url":"https:\/\/climatemaster.ge\/wp-content\/uploads\/2026\/03\/Untitled-2.png","contentUrl":"https:\/\/climatemaster.ge\/wp-content\/uploads\/2026\/03\/Untitled-2.png","width":600,"height":338,"caption":"Climate Master"},"image":{"@id":"https:\/\/climatemaster.ge\/#\/schema\/logo\/image\/"}}]}},"_links":{"self":[{"href":"https:\/\/climatemaster.ge\/az\/wp-json\/wp\/v2\/product\/36540","targetHints":{"allow":["GET"]}}],"collection":[{"href":"https:\/\/climatemaster.ge\/az\/wp-json\/wp\/v2\/product"}],"about":[{"href":"https:\/\/climatemaster.ge\/az\/wp-json\/wp\/v2\/types\/product"}],"wp:featuredmedia":[{"embeddable":true,"href":"https:\/\/climatemaster.ge\/az\/wp-json\/wp\/v2\/media\/36535"}],"wp:attachment":[{"href":"https:\/\/climatemaster.ge\/az\/wp-json\/wp\/v2\/media?parent=36540"}],"wp:term":[{"taxonomy":"product_brand","embeddable":true,"href":"https:\/\/climatemaster.ge\/az\/wp-json\/wp\/v2\/product_brand?post=36540"},{"taxonomy":"product_cat","embeddable":true,"href":"https:\/\/climatemaster.ge\/az\/wp-json\/wp\/v2\/product_cat?post=36540"},{"taxonomy":"product_tag","embeddable":true,"href":"https:\/\/climatemaster.ge\/az\/wp-json\/wp\/v2\/product_tag?post=36540"}],"curies":[{"name":"wp","href":"https:\/\/api.w.org\/{rel}","templated":true}]}}