{"id":36441,"date":"2025-09-03T20:34:35","date_gmt":"2025-09-03T16:34:35","guid":{"rendered":"https:\/\/airsystems.ge\/shop\/product\/f-c2_va-circular-fire-dampers\/"},"modified":"2025-09-03T20:38:01","modified_gmt":"2025-09-03T16:38:01","slug":"f-c2_va-circular-fire-dampers","status":"publish","type":"product","link":"https:\/\/climatemaster.ge\/az\/product\/f-c2_va-circular-fire-dampers\/","title":{"rendered":"F-C2_VA Dair\u0259vi Yan\u011f\u0131n Damperl\u0259ri"},"content":{"rendered":"<div class=\"mb-400 container-fluid\">\n<div class=\"row\">\n<div class=\"md:offset-1 md:col-10\">\n<div class=\"richtext-wrap reset-margin-last text-label-small\">\n<p>Yan\u011f\u0131n damperl\u0259ri passiv yan\u011f\u0131ndan m\u00fchafiz\u0259dir v\u0259 z\u0259h\u0259rli qazlar\u0131n, t\u00fcst\u00fcn\u00fcn v\u0259 yan\u011f\u0131n\u0131n yay\u0131lmas\u0131n\u0131n qar\u015f\u0131s\u0131n\u0131 almaq \u00fc\u00e7\u00fcn b\u00f6lm\u0259l\u0259rd\u0259n istifad\u0259 etm\u0259k \u00fc\u00e7\u00fcn n\u0259z\u0259rd\u0259 tutulmu\u015fdur. Varsay\u0131lan olaraq, F-C2 yan\u011f\u0131n damperl\u0259ri yaln\u0131z yay y\u00fckl\u00fc aktivl\u0259\u015fdirm\u0259 il\u0259 t\u0259chiz edilir. Yan\u011f\u0131n zaman\u0131 kanalda havan\u0131n temperaturu 72\u00b0C-\u0259 \u00e7atd\u0131qda yan\u011f\u0131n s\u00f6nd\u00fcrm\u0259 qur\u011fusu avtomatik olaraq ba\u011flan\u0131r. F-C2 damperi termal qoruyucu \u0259ridikd\u0259n sonra ba\u011flan\u0131r. Damper b\u0131\u00e7a\u011f\u0131 ba\u011fland\u0131qdan sonra, qapal\u0131 v\u0259ziyy\u0259td\u0259 mexaniki olaraq kilidl\u0259nir v\u0259 yaln\u0131z \u0259l il\u0259 a\u00e7\u0131la bil\u0259r. Yoxlama hava terminal\u0131 cihaz\u0131 vasit\u0259sil\u0259 h\u0259yata ke\u00e7iril\u0259 bil\u0259r. F-C2-VA havan\u0131n verilm\u0259si v\u0259 ya \u00e7\u0131xar\u0131lmas\u0131 \u00fc\u00e7\u00fcn klapan (BOR-S, BOR-R, Balans-S, Balans-E, EFF, TFF) il\u0259 t\u0259chiz edilmi\u015fdir. Hava terminal\u0131 cihaz\u0131 il\u0259 bit\u0259n yan\u011f\u0131n b\u00f6lm\u0259sin\u0259 n\u00fcfuz ed\u0259n kanal \u00fc\u00e7\u00fcn asan v\u0259 y\u0131\u011fcam bir h\u0259ll t\u0259qdim edir.<\/p>\n<p>S\u0259n\u0259dl\u0259\u015fdirm\u0259<\/p>\n<\/div>\n<\/div>\n<\/div>\n<\/div>\n<div class=\"mb-400 mt-700 relative container-fluid\">\n<div class=\"gtm-product-section\" data-gtm-name=\"Documentation\" data-gtm-label=\"Documentation\" data-offset=\"0\" data-gtm-vis-first-on-screen53434917_103=\"72548\" data-gtm-vis-total-visible-time53434917_103=\"1500\" data-gtm-vis-recent-on-screen53434917_103=\"91457\" data-gtm-vis-has-fired53434917_103=\"1\">\n<div class=\"row gap-y-150 mb-200 desktop-nav:mb-0 md ProductPageISSections_product-info-header___9p5M\">\n<div class=\" col-12 md:col-6 md:text-right print:hidden flex items-center justify-end mobile-nav:flex-col gap-050 \">\n<div class=\"\"><button class=\"gtm-product-specsheet-link btn btn-secondary btn-small btn-icon-left xs-max:btn-block\">Download spec sheet<\/button><\/div>\n<\/div>\n<\/div>\n<\/div>\n<\/div>\n","protected":false},"excerpt":{"rendered":"<p>Valf daxilind\u0259 patron yan\u011f\u0131n s\u00f6nd\u00fcr\u00fcc\u00fc<\/p>\n<p>2 saata q\u0259d\u0259r performans<\/p>\n<p>Bir m\u0259hsul bir ne\u00e7\u0259 m\u00fcqavim\u0259t\u0259 uy\u011fundur<\/p>\n<p>Vanalar damperin \u00e7atd\u0131r\u0131lmas\u0131n\u0131n bir hiss\u0259sidir<\/p>\n<p>Qura\u015fd\u0131rma sah\u0259sin\u0259 q\u0259na\u0259t v\u0259 qura\u015fd\u0131rma asanl\u0131\u011f\u0131<\/p>\n<p>Ki\u00e7ik diametrl\u0259r<\/p>\n<p>G\u00fcc laz\u0131m deyil<\/p>\n<p>Hava terminal\u0131 cihaz\u0131 vasit\u0259sil\u0259 asan yoxlama<\/p>\n","protected":false},"featured_media":36412,"template":"","meta":[],"product_brand":[],"product_cat":[845],"product_tag":[],"class_list":{"0":"post-36441","1":"product","2":"type-product","3":"status-publish","4":"has-post-thumbnail","6":"product_cat-kondisioner-dantherm-az","8":"first","9":"instock","10":"shipping-taxable","11":"product-type-simple"},"yoast_head":"<!-- This site is optimized with the Yoast SEO plugin v27.1.1 - https:\/\/yoast.com\/product\/yoast-seo-wordpress\/ -->\n<title>F-C2_VA Dair\u0259vi Yan\u011f\u0131n Damperl\u0259ri - Climate Master<\/title>\n<meta name=\"robots\" content=\"index, follow, max-snippet:-1, max-image-preview:large, max-video-preview:-1\" \/>\n<link rel=\"canonical\" href=\"https:\/\/climatemaster.ge\/az\/product\/f-c2_va-circular-fire-dampers\/\" \/>\n<meta property=\"og:locale\" content=\"az_AZ\" \/>\n<meta property=\"og:type\" content=\"article\" \/>\n<meta property=\"og:title\" content=\"F-C2_VA Dair\u0259vi Yan\u011f\u0131n Damperl\u0259ri - Climate Master\" \/>\n<meta property=\"og:description\" content=\"Valf daxilind\u0259 patron yan\u011f\u0131n s\u00f6nd\u00fcr\u00fcc\u00fc  2 saata q\u0259d\u0259r performans  Bir m\u0259hsul bir ne\u00e7\u0259 m\u00fcqavim\u0259t\u0259 uy\u011fundur  Vanalar damperin \u00e7atd\u0131r\u0131lmas\u0131n\u0131n bir hiss\u0259sidir  Qura\u015fd\u0131rma sah\u0259sin\u0259 q\u0259na\u0259t v\u0259 qura\u015fd\u0131rma asanl\u0131\u011f\u0131  Ki\u00e7ik diametrl\u0259r  G\u00fcc laz\u0131m deyil  Hava terminal\u0131 cihaz\u0131 vasit\u0259sil\u0259 asan yoxlama\" \/>\n<meta property=\"og:url\" content=\"https:\/\/climatemaster.ge\/az\/product\/f-c2_va-circular-fire-dampers\/\" \/>\n<meta property=\"og:site_name\" content=\"Climate Master\" \/>\n<meta property=\"article:modified_time\" content=\"2025-09-03T16:38:01+00:00\" \/>\n<meta property=\"og:image\" content=\"https:\/\/climatemaster.ge\/wp-content\/uploads\/2025\/09\/filters_quality80-4.webp\" \/>\n\t<meta property=\"og:image:width\" content=\"384\" \/>\n\t<meta property=\"og:image:height\" content=\"320\" \/>\n\t<meta property=\"og:image:type\" content=\"image\/webp\" \/>\n<meta name=\"twitter:card\" content=\"summary_large_image\" \/>\n<meta name=\"twitter:label1\" content=\"Est. reading time\" \/>\n\t<meta name=\"twitter:data1\" content=\"1 minute\" \/>\n<script type=\"application\/ld+json\" class=\"yoast-schema-graph\">{\"@context\":\"https:\/\/schema.org\",\"@graph\":[{\"@type\":\"WebPage\",\"@id\":\"https:\/\/climatemaster.ge\/az\/product\/f-c2_va-circular-fire-dampers\/\",\"url\":\"https:\/\/climatemaster.ge\/az\/product\/f-c2_va-circular-fire-dampers\/\",\"name\":\"F-C2_VA Dair\u0259vi Yan\u011f\u0131n Damperl\u0259ri - Climate Master\",\"isPartOf\":{\"@id\":\"https:\/\/climatemaster.ge\/#website\"},\"primaryImageOfPage\":{\"@id\":\"https:\/\/climatemaster.ge\/az\/product\/f-c2_va-circular-fire-dampers\/#primaryimage\"},\"image\":{\"@id\":\"https:\/\/climatemaster.ge\/az\/product\/f-c2_va-circular-fire-dampers\/#primaryimage\"},\"thumbnailUrl\":\"https:\/\/climatemaster.ge\/wp-content\/uploads\/2025\/09\/filters_quality80-4.webp\",\"datePublished\":\"2025-09-03T16:34:35+00:00\",\"dateModified\":\"2025-09-03T16:38:01+00:00\",\"breadcrumb\":{\"@id\":\"https:\/\/climatemaster.ge\/az\/product\/f-c2_va-circular-fire-dampers\/#breadcrumb\"},\"inLanguage\":\"az\",\"potentialAction\":[{\"@type\":\"ReadAction\",\"target\":[\"https:\/\/climatemaster.ge\/az\/product\/f-c2_va-circular-fire-dampers\/\"]}]},{\"@type\":\"ImageObject\",\"inLanguage\":\"az\",\"@id\":\"https:\/\/climatemaster.ge\/az\/product\/f-c2_va-circular-fire-dampers\/#primaryimage\",\"url\":\"https:\/\/climatemaster.ge\/wp-content\/uploads\/2025\/09\/filters_quality80-4.webp\",\"contentUrl\":\"https:\/\/climatemaster.ge\/wp-content\/uploads\/2025\/09\/filters_quality80-4.webp\",\"width\":384,\"height\":320},{\"@type\":\"BreadcrumbList\",\"@id\":\"https:\/\/climatemaster.ge\/az\/product\/f-c2_va-circular-fire-dampers\/#breadcrumb\",\"itemListElement\":[{\"@type\":\"ListItem\",\"position\":1,\"name\":\"Home\",\"item\":\"https:\/\/climatemaster.ge\/\"},{\"@type\":\"ListItem\",\"position\":2,\"name\":\"M\u0259hsullar\",\"item\":\"https:\/\/climatemaster.ge\/products\/\"},{\"@type\":\"ListItem\",\"position\":3,\"name\":\"F-C2_VA Dair\u0259vi Yan\u011f\u0131n Damperl\u0259ri\"}]},{\"@type\":\"WebSite\",\"@id\":\"https:\/\/climatemaster.ge\/#website\",\"url\":\"https:\/\/climatemaster.ge\/\",\"name\":\"Climate Master\",\"description\":\"\",\"publisher\":{\"@id\":\"https:\/\/climatemaster.ge\/#organization\"},\"potentialAction\":[{\"@type\":\"SearchAction\",\"target\":{\"@type\":\"EntryPoint\",\"urlTemplate\":\"https:\/\/climatemaster.ge\/?s={search_term_string}\"},\"query-input\":{\"@type\":\"PropertyValueSpecification\",\"valueRequired\":true,\"valueName\":\"search_term_string\"}}],\"inLanguage\":\"az\"},{\"@type\":\"Organization\",\"@id\":\"https:\/\/climatemaster.ge\/#organization\",\"name\":\"Climate Master\",\"url\":\"https:\/\/climatemaster.ge\/\",\"logo\":{\"@type\":\"ImageObject\",\"inLanguage\":\"az\",\"@id\":\"https:\/\/climatemaster.ge\/#\/schema\/logo\/image\/\",\"url\":\"https:\/\/climatemaster.ge\/wp-content\/uploads\/2026\/03\/Untitled-2.png\",\"contentUrl\":\"https:\/\/climatemaster.ge\/wp-content\/uploads\/2026\/03\/Untitled-2.png\",\"width\":600,\"height\":338,\"caption\":\"Climate Master\"},\"image\":{\"@id\":\"https:\/\/climatemaster.ge\/#\/schema\/logo\/image\/\"}}]}<\/script>\n<!-- \/ Yoast SEO plugin. -->","yoast_head_json":{"title":"F-C2_VA Dair\u0259vi Yan\u011f\u0131n Damperl\u0259ri - Climate Master","robots":{"index":"index","follow":"follow","max-snippet":"max-snippet:-1","max-image-preview":"max-image-preview:large","max-video-preview":"max-video-preview:-1"},"canonical":"https:\/\/climatemaster.ge\/az\/product\/f-c2_va-circular-fire-dampers\/","og_locale":"az_AZ","og_type":"article","og_title":"F-C2_VA Dair\u0259vi Yan\u011f\u0131n Damperl\u0259ri - Climate Master","og_description":"Valf daxilind\u0259 patron yan\u011f\u0131n s\u00f6nd\u00fcr\u00fcc\u00fc  2 saata q\u0259d\u0259r performans  Bir m\u0259hsul bir ne\u00e7\u0259 m\u00fcqavim\u0259t\u0259 uy\u011fundur  Vanalar damperin \u00e7atd\u0131r\u0131lmas\u0131n\u0131n bir hiss\u0259sidir  Qura\u015fd\u0131rma sah\u0259sin\u0259 q\u0259na\u0259t v\u0259 qura\u015fd\u0131rma asanl\u0131\u011f\u0131  Ki\u00e7ik diametrl\u0259r  G\u00fcc laz\u0131m deyil  Hava terminal\u0131 cihaz\u0131 vasit\u0259sil\u0259 asan yoxlama","og_url":"https:\/\/climatemaster.ge\/az\/product\/f-c2_va-circular-fire-dampers\/","og_site_name":"Climate Master","article_modified_time":"2025-09-03T16:38:01+00:00","og_image":[{"width":384,"height":320,"url":"https:\/\/climatemaster.ge\/wp-content\/uploads\/2025\/09\/filters_quality80-4.webp","type":"image\/webp"}],"twitter_card":"summary_large_image","twitter_misc":{"Est. reading time":"1 minute"},"schema":{"@context":"https:\/\/schema.org","@graph":[{"@type":"WebPage","@id":"https:\/\/climatemaster.ge\/az\/product\/f-c2_va-circular-fire-dampers\/","url":"https:\/\/climatemaster.ge\/az\/product\/f-c2_va-circular-fire-dampers\/","name":"F-C2_VA Dair\u0259vi Yan\u011f\u0131n Damperl\u0259ri - Climate Master","isPartOf":{"@id":"https:\/\/climatemaster.ge\/#website"},"primaryImageOfPage":{"@id":"https:\/\/climatemaster.ge\/az\/product\/f-c2_va-circular-fire-dampers\/#primaryimage"},"image":{"@id":"https:\/\/climatemaster.ge\/az\/product\/f-c2_va-circular-fire-dampers\/#primaryimage"},"thumbnailUrl":"https:\/\/climatemaster.ge\/wp-content\/uploads\/2025\/09\/filters_quality80-4.webp","datePublished":"2025-09-03T16:34:35+00:00","dateModified":"2025-09-03T16:38:01+00:00","breadcrumb":{"@id":"https:\/\/climatemaster.ge\/az\/product\/f-c2_va-circular-fire-dampers\/#breadcrumb"},"inLanguage":"az","potentialAction":[{"@type":"ReadAction","target":["https:\/\/climatemaster.ge\/az\/product\/f-c2_va-circular-fire-dampers\/"]}]},{"@type":"ImageObject","inLanguage":"az","@id":"https:\/\/climatemaster.ge\/az\/product\/f-c2_va-circular-fire-dampers\/#primaryimage","url":"https:\/\/climatemaster.ge\/wp-content\/uploads\/2025\/09\/filters_quality80-4.webp","contentUrl":"https:\/\/climatemaster.ge\/wp-content\/uploads\/2025\/09\/filters_quality80-4.webp","width":384,"height":320},{"@type":"BreadcrumbList","@id":"https:\/\/climatemaster.ge\/az\/product\/f-c2_va-circular-fire-dampers\/#breadcrumb","itemListElement":[{"@type":"ListItem","position":1,"name":"Home","item":"https:\/\/climatemaster.ge\/"},{"@type":"ListItem","position":2,"name":"M\u0259hsullar","item":"https:\/\/climatemaster.ge\/products\/"},{"@type":"ListItem","position":3,"name":"F-C2_VA Dair\u0259vi Yan\u011f\u0131n Damperl\u0259ri"}]},{"@type":"WebSite","@id":"https:\/\/climatemaster.ge\/#website","url":"https:\/\/climatemaster.ge\/","name":"Climate Master","description":"","publisher":{"@id":"https:\/\/climatemaster.ge\/#organization"},"potentialAction":[{"@type":"SearchAction","target":{"@type":"EntryPoint","urlTemplate":"https:\/\/climatemaster.ge\/?s={search_term_string}"},"query-input":{"@type":"PropertyValueSpecification","valueRequired":true,"valueName":"search_term_string"}}],"inLanguage":"az"},{"@type":"Organization","@id":"https:\/\/climatemaster.ge\/#organization","name":"Climate Master","url":"https:\/\/climatemaster.ge\/","logo":{"@type":"ImageObject","inLanguage":"az","@id":"https:\/\/climatemaster.ge\/#\/schema\/logo\/image\/","url":"https:\/\/climatemaster.ge\/wp-content\/uploads\/2026\/03\/Untitled-2.png","contentUrl":"https:\/\/climatemaster.ge\/wp-content\/uploads\/2026\/03\/Untitled-2.png","width":600,"height":338,"caption":"Climate Master"},"image":{"@id":"https:\/\/climatemaster.ge\/#\/schema\/logo\/image\/"}}]}},"_links":{"self":[{"href":"https:\/\/climatemaster.ge\/az\/wp-json\/wp\/v2\/product\/36441","targetHints":{"allow":["GET"]}}],"collection":[{"href":"https:\/\/climatemaster.ge\/az\/wp-json\/wp\/v2\/product"}],"about":[{"href":"https:\/\/climatemaster.ge\/az\/wp-json\/wp\/v2\/types\/product"}],"wp:featuredmedia":[{"embeddable":true,"href":"https:\/\/climatemaster.ge\/az\/wp-json\/wp\/v2\/media\/36412"}],"wp:attachment":[{"href":"https:\/\/climatemaster.ge\/az\/wp-json\/wp\/v2\/media?parent=36441"}],"wp:term":[{"taxonomy":"product_brand","embeddable":true,"href":"https:\/\/climatemaster.ge\/az\/wp-json\/wp\/v2\/product_brand?post=36441"},{"taxonomy":"product_cat","embeddable":true,"href":"https:\/\/climatemaster.ge\/az\/wp-json\/wp\/v2\/product_cat?post=36441"},{"taxonomy":"product_tag","embeddable":true,"href":"https:\/\/climatemaster.ge\/az\/wp-json\/wp\/v2\/product_tag?post=36441"}],"curies":[{"name":"wp","href":"https:\/\/api.w.org\/{rel}","templated":true}]}}