{"id":36373,"date":"2025-09-03T20:14:02","date_gmt":"2025-09-03T16:14:02","guid":{"rendered":"https:\/\/airsystems.ge\/shop\/product\/fdr-3g-circular-fire-dampers\/"},"modified":"2025-09-03T20:20:28","modified_gmt":"2025-09-03T16:20:28","slug":"fdr-3g-circular-fire-dampers","status":"publish","type":"product","link":"https:\/\/climatemaster.ge\/az\/product\/fdr-3g-circular-fire-dampers\/","title":{"rendered":"DR-3G Dair\u0259vi Yan\u011f\u0131n Damperl\u0259ri"},"content":{"rendered":"<div class=\"mb-400 gtm-product-section container-fluid\" data-gtm-name=\"Benefits\" data-gtm-label=\"Benefits (en)\" data-gtm-vis-first-on-screen53434917_103=\"2176\" data-gtm-vis-total-visible-time53434917_103=\"1500\" data-gtm-vis-has-fired53434917_103=\"1\">\n<div class=\"row\">\n<div class=\"content-element content-element-product-benefit col-12 sm:col-6 mb-400\">\n<div class=\"bg-card px-300 py-250 mobile-nav:px-200 mobile-nav:py-150 h-full flex overflow-hidden card-border\">\n<div class=\"min-w-0\">\n<p><strong>\u018fl v\u0259 ya Aktuator Mexanizmi<\/strong><br \/>\nYan\u011f\u0131n damperl\u0259ri standart olaraq ya \u0259l v\u0259 ya \u00f6t\u00fcr\u00fcc\u00fc mexanizml\u0259 t\u0259chiz edilir<\/p>\n<p><strong>Effektiv olun<\/strong><br \/>\nS\u0131zd\u0131rmazl\u0131q sinfi CE uy\u011funla\u015fd\u0131r\u0131lm\u0131\u015f standart\u0131n t\u0259l\u0259b olunan limitind\u0259n yuxar\u0131d\u0131r<\/p>\n<p><strong>\u0130stilik T\u0259tikli Ba\u011flama<\/strong><br \/>\nDamper ya termal qoruyucu \u0259ridikd\u0259n sonra, ya da impulslu \u0259laq\u0259d\u0259 elektromaqnit vasit\u0259sil\u0259 uzaqdan aktivl\u0259\u015fdiril\u0259r\u0259k ba\u011flan\u0131r.<\/p>\n<p>FDR-3G effektiv passiv m\u00fcdafi\u0259ni t\u0259min etm\u0259k \u00fc\u00e7\u00fcn n\u0259z\u0259rd\u0259 tutulmu\u015fdur. Z\u0259h\u0259rli qazlar\u0131n, t\u00fcst\u00fcn\u00fcn v\u0259 yan\u011f\u0131n\u0131n yay\u0131lmas\u0131n\u0131n qar\u015f\u0131s\u0131n\u0131 alan b\u00f6lm\u0259li dizayna malikdir. B\u00f6lm\u0259 ciddi t\u0259hl\u00fck\u0259sizlik standartlar\u0131na cavab verir v\u0259 EN 15650-y\u0259 uy\u011fun dizayn edilib v\u0259 sertifikatla\u015fd\u0131r\u0131l\u0131b v\u0259 EN 1366-2-y\u0259 uy\u011fun olaraq EIS meyarlar\u0131 \u00fc\u00e7\u00fcn s\u0131naqdan ke\u00e7irilib.<\/p>\n<p>Yan\u011f\u0131n damperl\u0259ri onlar\u0131n T\u0259limat\u0131nda sadalanan v\u0259 t\u0259svir edil\u0259n qur\u011fular \u00fc\u00e7\u00fcn n\u0259z\u0259rd\u0259 tutulub.<\/p>\n<p>B\u00fct\u00fcn yan\u011f\u0131n damperl\u0259ri \u0259l il\u0259 v\u0259 ya \u00f6t\u00fcr\u00fcc\u00fc il\u0259 idar\u0259 olunan mexanizml\u0259 t\u0259chiz edilir. \u018flav\u0259 t\u0259chizat v\u0259 rabit\u0259 b\u00f6lm\u0259si d\u0259 m\u00f6vcuddur. Aktivl\u0259\u015fdirm\u0259 mexanizml\u0259ri \u00e7\u0131xar\u0131la bil\u0259r v\u0259 \u00f6t\u00fcr\u00fcc\u00fc il\u0259 idar\u0259 olunan mexanizm \u0259l il\u0259 idar\u0259 olunan mexanizml\u0259 d\u0259yi\u015fdiril\u0259 bil\u0259r.<\/p>\n<p>Yan\u011f\u0131n damperl\u0259ri sinkl\u0259nmi\u015f sacdan haz\u0131rlanm\u0131\u015f qoruyuculara malikdir. B\u0131\u00e7aqlar asbest olmayan izolyatorlardan haz\u0131rlan\u0131r v\u0259 soyuq t\u00fcst\u00fc \u00fc\u00e7\u00fcn rezin m\u00f6h\u00fcr\u0259 v\u0259 \u015fi\u015fkin m\u00f6h\u00fcr\u0259 malikdir. Yan\u011f\u0131n v\u0259ziyy\u0259tind\u0259 \u015fi\u015fkin m\u00f6h\u00fcr geni\u015fl\u0259nir.<\/p>\n<p>&nbsp;<\/p>\n<p><strong>Texniki x\u00fcsusiyy\u0259tl\u0259r<\/strong><\/p>\n<\/div>\n<\/div>\n<\/div>\n<\/div>\n<\/div>\n<div class=\"mb-400 mt-700 relative container-fluid\">\n<div class=\"gtm-product-section\" data-gtm-name=\"Tech specs\" data-gtm-label=\"Tech specs\" data-offset=\"0\" data-gtm-vis-recent-on-screen53434917_103=\"25736\" data-gtm-vis-first-on-screen53434917_103=\"25736\" data-gtm-vis-total-visible-time53434917_103=\"1500\" data-gtm-vis-has-fired53434917_103=\"1\">\n<div class=\"row gap-y-150 mb-200 desktop-nav:mb-0 md ProductPageISSections_product-info-header___9p5M\">\n<div class=\" col-12 md:col-6 md:text-right print:hidden flex items-center justify-end mobile-nav:flex-col gap-050 \">\n<div class=\"whitespace-nowrap mobile-nav:w-full\"><button class=\"gtm-product-specsheet-link btn btn-secondary btn-small btn-icon-left xs-max:btn-block\">Download spec sheet<\/button><\/div>\n<\/div>\n<\/div>\n<\/div>\n<\/div>\n","protected":false},"excerpt":{"rendered":"<p>Dizayner ehtiyaclar\u0131n\u0131z\u0131n \u0259ks\u0259riyy\u0259tini qar\u015f\u0131layan \u00e7ox y\u00f6nl\u00fc yan\u011f\u0131n damperi<\/p>\n<p>EI120S-\u0259 q\u0259d\u0259r qiym\u0259tl\u0259ndiril\u0259n qur\u011fular\u0131n b\u00f6y\u00fck \u00e7e\u015fidi<\/p>\n<p>Standart olaraq s\u0131zd\u0131rmazl\u0131q sinfi 3C<\/p>\n<p>D\u0259yi\u015f\u0259n mexanizm<\/p>\n<p>Sistemin balansla\u015fd\u0131r\u0131lmas\u0131 \u00fc\u00e7\u00fcn uy\u011fun modulla\u015fd\u0131r\u0131lm\u0131\u015f \u00f6t\u00fcr\u00fcc\u00fc<\/p>\n","protected":false},"featured_media":36368,"template":"","meta":[],"product_brand":[],"product_cat":[1793,1780,1774],"product_tag":[],"class_list":{"0":"post-36373","1":"product","2":"type-product","3":"status-publish","4":"has-post-thumbnail","6":"product_cat-dairvi-yanginsondurnlr","7":"product_cat-yangin-damperlri","8":"product_cat-yangin-thluksizliyi","10":"first","11":"instock","12":"shipping-taxable","13":"product-type-simple"},"yoast_head":"<!-- This site is optimized with the Yoast SEO plugin v27.1.1 - https:\/\/yoast.com\/product\/yoast-seo-wordpress\/ -->\n<title>DR-3G Dair\u0259vi Yan\u011f\u0131n Damperl\u0259ri - Climate Master<\/title>\n<meta name=\"robots\" content=\"index, follow, max-snippet:-1, max-image-preview:large, max-video-preview:-1\" \/>\n<link rel=\"canonical\" href=\"https:\/\/climatemaster.ge\/az\/product\/fdr-3g-circular-fire-dampers\/\" \/>\n<meta property=\"og:locale\" content=\"az_AZ\" \/>\n<meta property=\"og:type\" content=\"article\" \/>\n<meta property=\"og:title\" content=\"DR-3G Dair\u0259vi Yan\u011f\u0131n Damperl\u0259ri - Climate Master\" \/>\n<meta property=\"og:description\" content=\"Dizayner ehtiyaclar\u0131n\u0131z\u0131n \u0259ks\u0259riyy\u0259tini qar\u015f\u0131layan \u00e7ox y\u00f6nl\u00fc yan\u011f\u0131n damperi  EI120S-\u0259 q\u0259d\u0259r qiym\u0259tl\u0259ndiril\u0259n qur\u011fular\u0131n b\u00f6y\u00fck \u00e7e\u015fidi  Standart olaraq s\u0131zd\u0131rmazl\u0131q sinfi 3C  D\u0259yi\u015f\u0259n mexanizm  Sistemin balansla\u015fd\u0131r\u0131lmas\u0131 \u00fc\u00e7\u00fcn uy\u011fun modulla\u015fd\u0131r\u0131lm\u0131\u015f \u00f6t\u00fcr\u00fcc\u00fc\" \/>\n<meta property=\"og:url\" content=\"https:\/\/climatemaster.ge\/az\/product\/fdr-3g-circular-fire-dampers\/\" \/>\n<meta property=\"og:site_name\" content=\"Climate Master\" \/>\n<meta property=\"article:modified_time\" content=\"2025-09-03T16:20:28+00:00\" \/>\n<meta property=\"og:image\" content=\"https:\/\/climatemaster.ge\/wp-content\/uploads\/2025\/09\/converted_PRODUCT-MAIN-IMAGE_FDR_3G.png\" \/>\n\t<meta property=\"og:image:width\" content=\"384\" \/>\n\t<meta property=\"og:image:height\" content=\"288\" \/>\n\t<meta property=\"og:image:type\" content=\"image\/png\" \/>\n<meta name=\"twitter:card\" content=\"summary_large_image\" \/>\n<meta name=\"twitter:label1\" content=\"Est. reading time\" \/>\n\t<meta name=\"twitter:data1\" content=\"1 minute\" \/>\n<script type=\"application\/ld+json\" class=\"yoast-schema-graph\">{\"@context\":\"https:\/\/schema.org\",\"@graph\":[{\"@type\":\"WebPage\",\"@id\":\"https:\/\/climatemaster.ge\/az\/product\/fdr-3g-circular-fire-dampers\/\",\"url\":\"https:\/\/climatemaster.ge\/az\/product\/fdr-3g-circular-fire-dampers\/\",\"name\":\"DR-3G Dair\u0259vi Yan\u011f\u0131n Damperl\u0259ri - Climate Master\",\"isPartOf\":{\"@id\":\"https:\/\/climatemaster.ge\/#website\"},\"primaryImageOfPage\":{\"@id\":\"https:\/\/climatemaster.ge\/az\/product\/fdr-3g-circular-fire-dampers\/#primaryimage\"},\"image\":{\"@id\":\"https:\/\/climatemaster.ge\/az\/product\/fdr-3g-circular-fire-dampers\/#primaryimage\"},\"thumbnailUrl\":\"https:\/\/climatemaster.ge\/wp-content\/uploads\/2025\/09\/converted_PRODUCT-MAIN-IMAGE_FDR_3G.png\",\"datePublished\":\"2025-09-03T16:14:02+00:00\",\"dateModified\":\"2025-09-03T16:20:28+00:00\",\"breadcrumb\":{\"@id\":\"https:\/\/climatemaster.ge\/az\/product\/fdr-3g-circular-fire-dampers\/#breadcrumb\"},\"inLanguage\":\"az\",\"potentialAction\":[{\"@type\":\"ReadAction\",\"target\":[\"https:\/\/climatemaster.ge\/az\/product\/fdr-3g-circular-fire-dampers\/\"]}]},{\"@type\":\"ImageObject\",\"inLanguage\":\"az\",\"@id\":\"https:\/\/climatemaster.ge\/az\/product\/fdr-3g-circular-fire-dampers\/#primaryimage\",\"url\":\"https:\/\/climatemaster.ge\/wp-content\/uploads\/2025\/09\/converted_PRODUCT-MAIN-IMAGE_FDR_3G.png\",\"contentUrl\":\"https:\/\/climatemaster.ge\/wp-content\/uploads\/2025\/09\/converted_PRODUCT-MAIN-IMAGE_FDR_3G.png\",\"width\":384,\"height\":288},{\"@type\":\"BreadcrumbList\",\"@id\":\"https:\/\/climatemaster.ge\/az\/product\/fdr-3g-circular-fire-dampers\/#breadcrumb\",\"itemListElement\":[{\"@type\":\"ListItem\",\"position\":1,\"name\":\"Home\",\"item\":\"https:\/\/climatemaster.ge\/\"},{\"@type\":\"ListItem\",\"position\":2,\"name\":\"M\u0259hsullar\",\"item\":\"https:\/\/climatemaster.ge\/products\/\"},{\"@type\":\"ListItem\",\"position\":3,\"name\":\"DR-3G Dair\u0259vi Yan\u011f\u0131n Damperl\u0259ri\"}]},{\"@type\":\"WebSite\",\"@id\":\"https:\/\/climatemaster.ge\/#website\",\"url\":\"https:\/\/climatemaster.ge\/\",\"name\":\"Climate Master\",\"description\":\"\",\"publisher\":{\"@id\":\"https:\/\/climatemaster.ge\/#organization\"},\"potentialAction\":[{\"@type\":\"SearchAction\",\"target\":{\"@type\":\"EntryPoint\",\"urlTemplate\":\"https:\/\/climatemaster.ge\/?s={search_term_string}\"},\"query-input\":{\"@type\":\"PropertyValueSpecification\",\"valueRequired\":true,\"valueName\":\"search_term_string\"}}],\"inLanguage\":\"az\"},{\"@type\":\"Organization\",\"@id\":\"https:\/\/climatemaster.ge\/#organization\",\"name\":\"Climate Master\",\"url\":\"https:\/\/climatemaster.ge\/\",\"logo\":{\"@type\":\"ImageObject\",\"inLanguage\":\"az\",\"@id\":\"https:\/\/climatemaster.ge\/#\/schema\/logo\/image\/\",\"url\":\"https:\/\/climatemaster.ge\/wp-content\/uploads\/2026\/03\/Untitled-2.png\",\"contentUrl\":\"https:\/\/climatemaster.ge\/wp-content\/uploads\/2026\/03\/Untitled-2.png\",\"width\":600,\"height\":338,\"caption\":\"Climate Master\"},\"image\":{\"@id\":\"https:\/\/climatemaster.ge\/#\/schema\/logo\/image\/\"}}]}<\/script>\n<!-- \/ Yoast SEO plugin. -->","yoast_head_json":{"title":"DR-3G Dair\u0259vi Yan\u011f\u0131n Damperl\u0259ri - Climate Master","robots":{"index":"index","follow":"follow","max-snippet":"max-snippet:-1","max-image-preview":"max-image-preview:large","max-video-preview":"max-video-preview:-1"},"canonical":"https:\/\/climatemaster.ge\/az\/product\/fdr-3g-circular-fire-dampers\/","og_locale":"az_AZ","og_type":"article","og_title":"DR-3G Dair\u0259vi Yan\u011f\u0131n Damperl\u0259ri - Climate Master","og_description":"Dizayner ehtiyaclar\u0131n\u0131z\u0131n \u0259ks\u0259riyy\u0259tini qar\u015f\u0131layan \u00e7ox y\u00f6nl\u00fc yan\u011f\u0131n damperi  EI120S-\u0259 q\u0259d\u0259r qiym\u0259tl\u0259ndiril\u0259n qur\u011fular\u0131n b\u00f6y\u00fck \u00e7e\u015fidi  Standart olaraq s\u0131zd\u0131rmazl\u0131q sinfi 3C  D\u0259yi\u015f\u0259n mexanizm  Sistemin balansla\u015fd\u0131r\u0131lmas\u0131 \u00fc\u00e7\u00fcn uy\u011fun modulla\u015fd\u0131r\u0131lm\u0131\u015f \u00f6t\u00fcr\u00fcc\u00fc","og_url":"https:\/\/climatemaster.ge\/az\/product\/fdr-3g-circular-fire-dampers\/","og_site_name":"Climate Master","article_modified_time":"2025-09-03T16:20:28+00:00","og_image":[{"width":384,"height":288,"url":"https:\/\/climatemaster.ge\/wp-content\/uploads\/2025\/09\/converted_PRODUCT-MAIN-IMAGE_FDR_3G.png","type":"image\/png"}],"twitter_card":"summary_large_image","twitter_misc":{"Est. reading time":"1 minute"},"schema":{"@context":"https:\/\/schema.org","@graph":[{"@type":"WebPage","@id":"https:\/\/climatemaster.ge\/az\/product\/fdr-3g-circular-fire-dampers\/","url":"https:\/\/climatemaster.ge\/az\/product\/fdr-3g-circular-fire-dampers\/","name":"DR-3G Dair\u0259vi Yan\u011f\u0131n Damperl\u0259ri - Climate Master","isPartOf":{"@id":"https:\/\/climatemaster.ge\/#website"},"primaryImageOfPage":{"@id":"https:\/\/climatemaster.ge\/az\/product\/fdr-3g-circular-fire-dampers\/#primaryimage"},"image":{"@id":"https:\/\/climatemaster.ge\/az\/product\/fdr-3g-circular-fire-dampers\/#primaryimage"},"thumbnailUrl":"https:\/\/climatemaster.ge\/wp-content\/uploads\/2025\/09\/converted_PRODUCT-MAIN-IMAGE_FDR_3G.png","datePublished":"2025-09-03T16:14:02+00:00","dateModified":"2025-09-03T16:20:28+00:00","breadcrumb":{"@id":"https:\/\/climatemaster.ge\/az\/product\/fdr-3g-circular-fire-dampers\/#breadcrumb"},"inLanguage":"az","potentialAction":[{"@type":"ReadAction","target":["https:\/\/climatemaster.ge\/az\/product\/fdr-3g-circular-fire-dampers\/"]}]},{"@type":"ImageObject","inLanguage":"az","@id":"https:\/\/climatemaster.ge\/az\/product\/fdr-3g-circular-fire-dampers\/#primaryimage","url":"https:\/\/climatemaster.ge\/wp-content\/uploads\/2025\/09\/converted_PRODUCT-MAIN-IMAGE_FDR_3G.png","contentUrl":"https:\/\/climatemaster.ge\/wp-content\/uploads\/2025\/09\/converted_PRODUCT-MAIN-IMAGE_FDR_3G.png","width":384,"height":288},{"@type":"BreadcrumbList","@id":"https:\/\/climatemaster.ge\/az\/product\/fdr-3g-circular-fire-dampers\/#breadcrumb","itemListElement":[{"@type":"ListItem","position":1,"name":"Home","item":"https:\/\/climatemaster.ge\/"},{"@type":"ListItem","position":2,"name":"M\u0259hsullar","item":"https:\/\/climatemaster.ge\/products\/"},{"@type":"ListItem","position":3,"name":"DR-3G Dair\u0259vi Yan\u011f\u0131n Damperl\u0259ri"}]},{"@type":"WebSite","@id":"https:\/\/climatemaster.ge\/#website","url":"https:\/\/climatemaster.ge\/","name":"Climate Master","description":"","publisher":{"@id":"https:\/\/climatemaster.ge\/#organization"},"potentialAction":[{"@type":"SearchAction","target":{"@type":"EntryPoint","urlTemplate":"https:\/\/climatemaster.ge\/?s={search_term_string}"},"query-input":{"@type":"PropertyValueSpecification","valueRequired":true,"valueName":"search_term_string"}}],"inLanguage":"az"},{"@type":"Organization","@id":"https:\/\/climatemaster.ge\/#organization","name":"Climate Master","url":"https:\/\/climatemaster.ge\/","logo":{"@type":"ImageObject","inLanguage":"az","@id":"https:\/\/climatemaster.ge\/#\/schema\/logo\/image\/","url":"https:\/\/climatemaster.ge\/wp-content\/uploads\/2026\/03\/Untitled-2.png","contentUrl":"https:\/\/climatemaster.ge\/wp-content\/uploads\/2026\/03\/Untitled-2.png","width":600,"height":338,"caption":"Climate Master"},"image":{"@id":"https:\/\/climatemaster.ge\/#\/schema\/logo\/image\/"}}]}},"_links":{"self":[{"href":"https:\/\/climatemaster.ge\/az\/wp-json\/wp\/v2\/product\/36373","targetHints":{"allow":["GET"]}}],"collection":[{"href":"https:\/\/climatemaster.ge\/az\/wp-json\/wp\/v2\/product"}],"about":[{"href":"https:\/\/climatemaster.ge\/az\/wp-json\/wp\/v2\/types\/product"}],"wp:featuredmedia":[{"embeddable":true,"href":"https:\/\/climatemaster.ge\/az\/wp-json\/wp\/v2\/media\/36368"}],"wp:attachment":[{"href":"https:\/\/climatemaster.ge\/az\/wp-json\/wp\/v2\/media?parent=36373"}],"wp:term":[{"taxonomy":"product_brand","embeddable":true,"href":"https:\/\/climatemaster.ge\/az\/wp-json\/wp\/v2\/product_brand?post=36373"},{"taxonomy":"product_cat","embeddable":true,"href":"https:\/\/climatemaster.ge\/az\/wp-json\/wp\/v2\/product_cat?post=36373"},{"taxonomy":"product_tag","embeddable":true,"href":"https:\/\/climatemaster.ge\/az\/wp-json\/wp\/v2\/product_tag?post=36373"}],"curies":[{"name":"wp","href":"https:\/\/api.w.org\/{rel}","templated":true}]}}