{"id":36260,"date":"2025-09-03T18:08:22","date_gmt":"2025-09-03T14:08:22","guid":{"rendered":"https:\/\/airsystems.ge\/shop\/product\/fds_ex-rectangular-fire-dampers\/"},"modified":"2025-09-03T18:16:57","modified_gmt":"2025-09-03T14:16:57","slug":"fds_ex-rectangular-fire-dampers","status":"publish","type":"product","link":"https:\/\/climatemaster.ge\/az\/product\/fds_ex-rectangular-fire-dampers\/","title":{"rendered":"FDS_EX D\u00fczbucaql\u0131 Yan\u011f\u0131n Damperl\u0259ri"},"content":{"rendered":"<div class=\"mb-400 gtm-product-section container-fluid\" data-gtm-name=\"Benefits\" data-gtm-label=\"Benefits (en)\" data-gtm-vis-first-on-screen53434917_103=\"26107\" data-gtm-vis-total-visible-time53434917_103=\"1500\" data-gtm-vis-has-fired53434917_103=\"1\">\n<div class=\"row\">\n<div class=\"content-element content-element-product-benefit col-12 sm:col-6 mb-400\">\n<div class=\"bg-card px-300 py-250 mobile-nav:px-200 mobile-nav:py-150 h-full flex overflow-hidden card-border\">\n<div class=\"min-w-0\">\n<p><strong>Atex sinfi<\/strong><br \/>\nII qrup, 2 G v\u0259 2 D kateqoriyas\u0131<\/p>\n<p><strong>\u018fl v\u0259 ya Aktuator Mexanizmi<\/strong><br \/>\nSystemair istehsal\u0131 olan ke\u00e7irici plastikl\u0259 mexaniki mexaniki q\u0131\u011f\u0131lc\u0131ms\u0131zd\u0131r.<\/p>\n<p><strong>Effektiv olun<\/strong><br \/>\nS\u0131zd\u0131rmazl\u0131q sinfi CE uy\u011funla\u015fd\u0131r\u0131lm\u0131\u015f standart\u0131n t\u0259l\u0259b olunan limitind\u0259n yuxar\u0131d\u0131r<\/p>\n<p><strong>Yoxlama a\u00e7\u0131l\u0131\u015flar\u0131<\/strong><br \/>\n\u00d6l\u00e7\u00fcl\u0259ri 200&#215;200 mm-d\u0259n \u00e7ox olan b\u00fct\u00fcn FDS&#8230;EX d\u00fczbucaql\u0131 amortizatorlar iki yoxlama de\u015fiyi il\u0259 tamamlan\u0131r.<\/p>\n<p>Atex yan\u011f\u0131n damperl\u0259ri z\u0259h\u0259rli qazlar\u0131n, t\u00fcst\u00fcn\u00fcn v\u0259 yan\u011f\u0131n\u0131n yay\u0131lmas\u0131n\u0131n qar\u015f\u0131s\u0131n\u0131 almaq \u00fc\u00e7\u00fcn b\u00f6lm\u0259l\u0259rin k\u00f6m\u0259yi il\u0259 haz\u0131rlanm\u0131\u015f passiv yan\u011f\u0131ndan m\u00fchafiz\u0259ni t\u0259msil edir. Standart yan\u011f\u0131n damperl\u0259ri EN 15650-y\u0259 uy\u011fun dizayn edilmi\u015f v\u0259 sertifikatla\u015fd\u0131r\u0131lm\u0131\u015f v\u0259 EN 1366-2-y\u0259 uy\u011fun olaraq EIS meyarlar\u0131 \u00fc\u00e7\u00fcn s\u0131naqdan ke\u00e7irilmi\u015fdir. Yan\u011f\u0131ns\u00f6nd\u00fcr\u0259nl\u0259r onlar\u0131n qura\u015fd\u0131r\u0131lmas\u0131 il\u0259 birlikd\u0259 yan\u011f\u0131na davaml\u0131l\u0131q d\u0259r\u0259c\u0259sinin ayr\u0131lmaz bir hiss\u0259sini t\u0259\u015fkil edir.<\/p>\n<p>Bu Atex versiyas\u0131 potensial partlay\u0131c\u0131 m\u00fchitl\u0259rd\u0259 istifad\u0259 \u00fc\u00e7\u00fcn n\u0259z\u0259rd\u0259 tutulmu\u015f avadanl\u0131q v\u0259 qoruyucu sisteml\u0259r\u0259 texniki t\u0259l\u0259bl\u0259ri m\u00fc\u0259yy\u0259n ed\u0259n 2014\/34\/AB direktivi il\u0259 d\u0259yi\u015fdirilmi\u015fdir.<\/p>\n<p>Alovlanmaya qar\u015f\u0131<br \/>\nqaz, partlay\u0131\u015f qrupu IIB,<\/p>\n<p>tozdan, partlay\u0131\u015f qrupu IIIB<\/p>\n<p>Avadanl\u0131\u011f\u0131n M\u00fchafiz\u0259 S\u0259viyy\u0259si<br \/>\nDb v\u0259 Gb<\/p>\n<p>EN ISO 80079-36.2016-a uy\u011fun olaraq<\/p>\n<p>Temperatur sinfi<br \/>\nDb \u00fc\u00e7\u00fcn T85 \u00b0C&#8230;T100 \u00b0C<\/p>\n<p>Gb \u00fc\u00e7\u00fcn T6\u2026T5<\/p>\n<p>S\u0259n\u0259dl\u0259\u015fdirm\u0259<\/p>\n<\/div>\n<\/div>\n<\/div>\n<\/div>\n<\/div>\n<div class=\"mb-400 mt-700 relative container-fluid\">\n<div class=\"gtm-product-section\" data-gtm-name=\"Documentation\" data-gtm-label=\"Documentation\" data-offset=\"0\" data-gtm-vis-recent-on-screen53434917_103=\"31156\" data-gtm-vis-first-on-screen53434917_103=\"31156\" data-gtm-vis-total-visible-time53434917_103=\"1500\" data-gtm-vis-has-fired53434917_103=\"1\">\n<div class=\"row gap-y-150 mb-200 desktop-nav:mb-0 md ProductPageISSections_product-info-header___9p5M\">\n<div class=\" col-12 md:col-6 md:text-right print:hidden flex items-center justify-end mobile-nav:flex-col gap-050 \">\n<div class=\"\"><button class=\"gtm-product-specsheet-link btn btn-secondary btn-small btn-icon-left xs-max:btn-block\">Download spec sheet<\/button><\/div>\n<\/div>\n<\/div>\n<\/div>\n<\/div>\n","protected":false},"excerpt":{"rendered":"<p>2014\/34\/AB direktivin\u0259 uy\u011fun olaraq potensial partlay\u0131c\u0131 atmosferl\u0259r \u00fc\u00e7\u00fcn modifikasiya edilmi\u015f yan\u011f\u0131n damperi.<\/p>\n<p>Qaz v\u0259 Toz partlay\u0131c\u0131 atmosfer \u00fc\u00e7\u00fcn uy\u011fundur<\/p>\n<p>Daxili yoxlama a\u00e7\u0131l\u0131\u015f\u0131<\/p>\n<p>Standart olaraq s\u0131zd\u0131rmazl\u0131q sinfi 3C<\/p>\n<p>EI120S-\u0259 q\u0259d\u0259r qiym\u0259tl\u0259ndiril\u0259n qur\u011fular\u0131n b\u00f6y\u00fck \u00e7e\u015fidi<\/p>\n","protected":false},"featured_media":36255,"template":"","meta":[],"product_brand":[],"product_cat":[1792,1780,1774],"product_tag":[],"class_list":{"0":"post-36260","1":"product","2":"type-product","3":"status-publish","4":"has-post-thumbnail","6":"product_cat-duzbucaqli-yanginsondurnlr","7":"product_cat-yangin-damperlri","8":"product_cat-yangin-thluksizliyi","10":"first","11":"instock","12":"shipping-taxable","13":"product-type-simple"},"yoast_head":"<!-- This site is optimized with the Yoast SEO plugin v27.1.1 - https:\/\/yoast.com\/product\/yoast-seo-wordpress\/ -->\n<title>FDS_EX D\u00fczbucaql\u0131 Yan\u011f\u0131n Damperl\u0259ri - Climate Master<\/title>\n<meta name=\"robots\" content=\"index, follow, max-snippet:-1, max-image-preview:large, max-video-preview:-1\" \/>\n<link rel=\"canonical\" href=\"https:\/\/climatemaster.ge\/az\/product\/fds_ex-rectangular-fire-dampers\/\" \/>\n<meta property=\"og:locale\" content=\"az_AZ\" \/>\n<meta property=\"og:type\" content=\"article\" \/>\n<meta property=\"og:title\" content=\"FDS_EX D\u00fczbucaql\u0131 Yan\u011f\u0131n Damperl\u0259ri - Climate Master\" \/>\n<meta property=\"og:description\" content=\"2014\/34\/AB direktivin\u0259 uy\u011fun olaraq potensial partlay\u0131c\u0131 atmosferl\u0259r \u00fc\u00e7\u00fcn modifikasiya edilmi\u015f yan\u011f\u0131n damperi.  Qaz v\u0259 Toz partlay\u0131c\u0131 atmosfer \u00fc\u00e7\u00fcn uy\u011fundur  Daxili yoxlama a\u00e7\u0131l\u0131\u015f\u0131  Standart olaraq s\u0131zd\u0131rmazl\u0131q sinfi 3C  EI120S-\u0259 q\u0259d\u0259r qiym\u0259tl\u0259ndiril\u0259n qur\u011fular\u0131n b\u00f6y\u00fck \u00e7e\u015fidi\" \/>\n<meta property=\"og:url\" content=\"https:\/\/climatemaster.ge\/az\/product\/fds_ex-rectangular-fire-dampers\/\" \/>\n<meta property=\"og:site_name\" content=\"Climate Master\" \/>\n<meta property=\"article:modified_time\" content=\"2025-09-03T14:16:57+00:00\" \/>\n<meta property=\"og:image\" content=\"https:\/\/climatemaster.ge\/wp-content\/uploads\/2025\/09\/converted_PRODUCT-MAIN-IMAGE_FDS_EX.png\" \/>\n\t<meta property=\"og:image:width\" content=\"384\" \/>\n\t<meta property=\"og:image:height\" content=\"224\" \/>\n\t<meta property=\"og:image:type\" content=\"image\/png\" \/>\n<meta name=\"twitter:card\" content=\"summary_large_image\" \/>\n<meta name=\"twitter:label1\" content=\"Est. reading time\" \/>\n\t<meta name=\"twitter:data1\" content=\"1 minute\" \/>\n<script type=\"application\/ld+json\" class=\"yoast-schema-graph\">{\"@context\":\"https:\/\/schema.org\",\"@graph\":[{\"@type\":\"WebPage\",\"@id\":\"https:\/\/climatemaster.ge\/az\/product\/fds_ex-rectangular-fire-dampers\/\",\"url\":\"https:\/\/climatemaster.ge\/az\/product\/fds_ex-rectangular-fire-dampers\/\",\"name\":\"FDS_EX D\u00fczbucaql\u0131 Yan\u011f\u0131n Damperl\u0259ri - Climate Master\",\"isPartOf\":{\"@id\":\"https:\/\/climatemaster.ge\/#website\"},\"primaryImageOfPage\":{\"@id\":\"https:\/\/climatemaster.ge\/az\/product\/fds_ex-rectangular-fire-dampers\/#primaryimage\"},\"image\":{\"@id\":\"https:\/\/climatemaster.ge\/az\/product\/fds_ex-rectangular-fire-dampers\/#primaryimage\"},\"thumbnailUrl\":\"https:\/\/climatemaster.ge\/wp-content\/uploads\/2025\/09\/converted_PRODUCT-MAIN-IMAGE_FDS_EX.png\",\"datePublished\":\"2025-09-03T14:08:22+00:00\",\"dateModified\":\"2025-09-03T14:16:57+00:00\",\"breadcrumb\":{\"@id\":\"https:\/\/climatemaster.ge\/az\/product\/fds_ex-rectangular-fire-dampers\/#breadcrumb\"},\"inLanguage\":\"az\",\"potentialAction\":[{\"@type\":\"ReadAction\",\"target\":[\"https:\/\/climatemaster.ge\/az\/product\/fds_ex-rectangular-fire-dampers\/\"]}]},{\"@type\":\"ImageObject\",\"inLanguage\":\"az\",\"@id\":\"https:\/\/climatemaster.ge\/az\/product\/fds_ex-rectangular-fire-dampers\/#primaryimage\",\"url\":\"https:\/\/climatemaster.ge\/wp-content\/uploads\/2025\/09\/converted_PRODUCT-MAIN-IMAGE_FDS_EX.png\",\"contentUrl\":\"https:\/\/climatemaster.ge\/wp-content\/uploads\/2025\/09\/converted_PRODUCT-MAIN-IMAGE_FDS_EX.png\",\"width\":384,\"height\":224},{\"@type\":\"BreadcrumbList\",\"@id\":\"https:\/\/climatemaster.ge\/az\/product\/fds_ex-rectangular-fire-dampers\/#breadcrumb\",\"itemListElement\":[{\"@type\":\"ListItem\",\"position\":1,\"name\":\"Home\",\"item\":\"https:\/\/climatemaster.ge\/\"},{\"@type\":\"ListItem\",\"position\":2,\"name\":\"M\u0259hsullar\",\"item\":\"https:\/\/climatemaster.ge\/products\/\"},{\"@type\":\"ListItem\",\"position\":3,\"name\":\"FDS_EX D\u00fczbucaql\u0131 Yan\u011f\u0131n Damperl\u0259ri\"}]},{\"@type\":\"WebSite\",\"@id\":\"https:\/\/climatemaster.ge\/#website\",\"url\":\"https:\/\/climatemaster.ge\/\",\"name\":\"Climate Master\",\"description\":\"\",\"publisher\":{\"@id\":\"https:\/\/climatemaster.ge\/#organization\"},\"potentialAction\":[{\"@type\":\"SearchAction\",\"target\":{\"@type\":\"EntryPoint\",\"urlTemplate\":\"https:\/\/climatemaster.ge\/?s={search_term_string}\"},\"query-input\":{\"@type\":\"PropertyValueSpecification\",\"valueRequired\":true,\"valueName\":\"search_term_string\"}}],\"inLanguage\":\"az\"},{\"@type\":\"Organization\",\"@id\":\"https:\/\/climatemaster.ge\/#organization\",\"name\":\"Climate Master\",\"url\":\"https:\/\/climatemaster.ge\/\",\"logo\":{\"@type\":\"ImageObject\",\"inLanguage\":\"az\",\"@id\":\"https:\/\/climatemaster.ge\/#\/schema\/logo\/image\/\",\"url\":\"https:\/\/climatemaster.ge\/wp-content\/uploads\/2026\/03\/Untitled-2.png\",\"contentUrl\":\"https:\/\/climatemaster.ge\/wp-content\/uploads\/2026\/03\/Untitled-2.png\",\"width\":600,\"height\":338,\"caption\":\"Climate Master\"},\"image\":{\"@id\":\"https:\/\/climatemaster.ge\/#\/schema\/logo\/image\/\"}}]}<\/script>\n<!-- \/ Yoast SEO plugin. -->","yoast_head_json":{"title":"FDS_EX D\u00fczbucaql\u0131 Yan\u011f\u0131n Damperl\u0259ri - Climate Master","robots":{"index":"index","follow":"follow","max-snippet":"max-snippet:-1","max-image-preview":"max-image-preview:large","max-video-preview":"max-video-preview:-1"},"canonical":"https:\/\/climatemaster.ge\/az\/product\/fds_ex-rectangular-fire-dampers\/","og_locale":"az_AZ","og_type":"article","og_title":"FDS_EX D\u00fczbucaql\u0131 Yan\u011f\u0131n Damperl\u0259ri - Climate Master","og_description":"2014\/34\/AB direktivin\u0259 uy\u011fun olaraq potensial partlay\u0131c\u0131 atmosferl\u0259r \u00fc\u00e7\u00fcn modifikasiya edilmi\u015f yan\u011f\u0131n damperi.  Qaz v\u0259 Toz partlay\u0131c\u0131 atmosfer \u00fc\u00e7\u00fcn uy\u011fundur  Daxili yoxlama a\u00e7\u0131l\u0131\u015f\u0131  Standart olaraq s\u0131zd\u0131rmazl\u0131q sinfi 3C  EI120S-\u0259 q\u0259d\u0259r qiym\u0259tl\u0259ndiril\u0259n qur\u011fular\u0131n b\u00f6y\u00fck \u00e7e\u015fidi","og_url":"https:\/\/climatemaster.ge\/az\/product\/fds_ex-rectangular-fire-dampers\/","og_site_name":"Climate Master","article_modified_time":"2025-09-03T14:16:57+00:00","og_image":[{"width":384,"height":224,"url":"https:\/\/climatemaster.ge\/wp-content\/uploads\/2025\/09\/converted_PRODUCT-MAIN-IMAGE_FDS_EX.png","type":"image\/png"}],"twitter_card":"summary_large_image","twitter_misc":{"Est. reading time":"1 minute"},"schema":{"@context":"https:\/\/schema.org","@graph":[{"@type":"WebPage","@id":"https:\/\/climatemaster.ge\/az\/product\/fds_ex-rectangular-fire-dampers\/","url":"https:\/\/climatemaster.ge\/az\/product\/fds_ex-rectangular-fire-dampers\/","name":"FDS_EX D\u00fczbucaql\u0131 Yan\u011f\u0131n Damperl\u0259ri - Climate Master","isPartOf":{"@id":"https:\/\/climatemaster.ge\/#website"},"primaryImageOfPage":{"@id":"https:\/\/climatemaster.ge\/az\/product\/fds_ex-rectangular-fire-dampers\/#primaryimage"},"image":{"@id":"https:\/\/climatemaster.ge\/az\/product\/fds_ex-rectangular-fire-dampers\/#primaryimage"},"thumbnailUrl":"https:\/\/climatemaster.ge\/wp-content\/uploads\/2025\/09\/converted_PRODUCT-MAIN-IMAGE_FDS_EX.png","datePublished":"2025-09-03T14:08:22+00:00","dateModified":"2025-09-03T14:16:57+00:00","breadcrumb":{"@id":"https:\/\/climatemaster.ge\/az\/product\/fds_ex-rectangular-fire-dampers\/#breadcrumb"},"inLanguage":"az","potentialAction":[{"@type":"ReadAction","target":["https:\/\/climatemaster.ge\/az\/product\/fds_ex-rectangular-fire-dampers\/"]}]},{"@type":"ImageObject","inLanguage":"az","@id":"https:\/\/climatemaster.ge\/az\/product\/fds_ex-rectangular-fire-dampers\/#primaryimage","url":"https:\/\/climatemaster.ge\/wp-content\/uploads\/2025\/09\/converted_PRODUCT-MAIN-IMAGE_FDS_EX.png","contentUrl":"https:\/\/climatemaster.ge\/wp-content\/uploads\/2025\/09\/converted_PRODUCT-MAIN-IMAGE_FDS_EX.png","width":384,"height":224},{"@type":"BreadcrumbList","@id":"https:\/\/climatemaster.ge\/az\/product\/fds_ex-rectangular-fire-dampers\/#breadcrumb","itemListElement":[{"@type":"ListItem","position":1,"name":"Home","item":"https:\/\/climatemaster.ge\/"},{"@type":"ListItem","position":2,"name":"M\u0259hsullar","item":"https:\/\/climatemaster.ge\/products\/"},{"@type":"ListItem","position":3,"name":"FDS_EX D\u00fczbucaql\u0131 Yan\u011f\u0131n Damperl\u0259ri"}]},{"@type":"WebSite","@id":"https:\/\/climatemaster.ge\/#website","url":"https:\/\/climatemaster.ge\/","name":"Climate Master","description":"","publisher":{"@id":"https:\/\/climatemaster.ge\/#organization"},"potentialAction":[{"@type":"SearchAction","target":{"@type":"EntryPoint","urlTemplate":"https:\/\/climatemaster.ge\/?s={search_term_string}"},"query-input":{"@type":"PropertyValueSpecification","valueRequired":true,"valueName":"search_term_string"}}],"inLanguage":"az"},{"@type":"Organization","@id":"https:\/\/climatemaster.ge\/#organization","name":"Climate Master","url":"https:\/\/climatemaster.ge\/","logo":{"@type":"ImageObject","inLanguage":"az","@id":"https:\/\/climatemaster.ge\/#\/schema\/logo\/image\/","url":"https:\/\/climatemaster.ge\/wp-content\/uploads\/2026\/03\/Untitled-2.png","contentUrl":"https:\/\/climatemaster.ge\/wp-content\/uploads\/2026\/03\/Untitled-2.png","width":600,"height":338,"caption":"Climate Master"},"image":{"@id":"https:\/\/climatemaster.ge\/#\/schema\/logo\/image\/"}}]}},"_links":{"self":[{"href":"https:\/\/climatemaster.ge\/az\/wp-json\/wp\/v2\/product\/36260","targetHints":{"allow":["GET"]}}],"collection":[{"href":"https:\/\/climatemaster.ge\/az\/wp-json\/wp\/v2\/product"}],"about":[{"href":"https:\/\/climatemaster.ge\/az\/wp-json\/wp\/v2\/types\/product"}],"wp:featuredmedia":[{"embeddable":true,"href":"https:\/\/climatemaster.ge\/az\/wp-json\/wp\/v2\/media\/36255"}],"wp:attachment":[{"href":"https:\/\/climatemaster.ge\/az\/wp-json\/wp\/v2\/media?parent=36260"}],"wp:term":[{"taxonomy":"product_brand","embeddable":true,"href":"https:\/\/climatemaster.ge\/az\/wp-json\/wp\/v2\/product_brand?post=36260"},{"taxonomy":"product_cat","embeddable":true,"href":"https:\/\/climatemaster.ge\/az\/wp-json\/wp\/v2\/product_cat?post=36260"},{"taxonomy":"product_tag","embeddable":true,"href":"https:\/\/climatemaster.ge\/az\/wp-json\/wp\/v2\/product_tag?post=36260"}],"curies":[{"name":"wp","href":"https:\/\/api.w.org\/{rel}","templated":true}]}}