{"id":36244,"date":"2025-09-03T17:49:50","date_gmt":"2025-09-03T13:49:50","guid":{"rendered":"https:\/\/airsystems.ge\/shop\/product\/f-b90-rectangular-fire-dampers\/"},"modified":"2025-09-03T18:02:40","modified_gmt":"2025-09-03T14:02:40","slug":"f-b90-rectangular-fire-dampers","status":"publish","type":"product","link":"https:\/\/climatemaster.ge\/az\/product\/f-b90-rectangular-fire-dampers\/","title":{"rendered":"F-B90 D\u00fczbucaql\u0131 Yan\u011f\u0131n Damperl\u0259ri"},"content":{"rendered":"<div class=\"mb-400 gtm-product-section container-fluid\" data-gtm-name=\"Benefits\" data-gtm-label=\"Benefits (en)\" data-gtm-vis-recent-on-screen53434917_103=\"1947\" data-gtm-vis-first-on-screen53434917_103=\"1947\" data-gtm-vis-total-visible-time53434917_103=\"1500\" data-gtm-vis-has-fired53434917_103=\"1\">\n<div class=\"row\">\n<div class=\"content-element content-element-product-benefit col-12 sm:col-6 mb-400\">\n<div class=\"bg-card px-300 py-250 mobile-nav:px-200 mobile-nav:py-150 h-full flex overflow-hidden card-border\">\n<div class=\"min-w-0\">\n<h2 class=\"mb-100 h3\"><strong style=\"color: #333333; font-size: 16px;\">Hava \u00f6t\u00fcrm\u0259 barmaql\u0131\u011f\u0131<\/strong><\/h2>\n<div class=\"richtext-wrap reset-margin-last\">\n<p>F-B90 \u00e7ox qanadl\u0131 yan\u011f\u0131n damperi soyuq t\u00fcst\u00fc s\u0131zd\u0131rmazl\u0131\u011f\u0131 il\u0259 hava \u00f6t\u00fcrm\u0259 barmaql\u0131\u011f\u0131 kimi istifad\u0259 edil\u0259 bil\u0259r.<\/p>\n<p>&nbsp;<\/p>\n<p><strong>Simmetrik qurulu\u015f<\/strong><br \/>\nB\u00f6lm\u0259 simmetrik qurulu\u015fa v\u0259 h\u0259r iki t\u0259r\u0259fd\u0259n giri\u015f\u0259 imkan ver\u0259n mexanizm\u0259 malikdir.<\/p>\n<p>&nbsp;<\/p>\n<p><strong>\u0130stilik v\u0259 ya Duman\u0131n Aktivl\u0259\u015fdirilm\u0259si<\/strong><br \/>\nYan\u011f\u0131n zaman\u0131, kanalda havan\u0131n temperaturu 72 \u00b0C v\u0259 ya 74 \u00b0C-d\u0259n \u00e7ox olduqda, termal qoruyucu \u0259riyir v\u0259 damper b\u0131\u00e7a\u011f\u0131n\u0131n ba\u011flanmas\u0131n\u0131 aktivl\u0259\u015fdirir. Bundan \u0259lav\u0259, se\u00e7ilmi\u015f aktivl\u0259\u015fdirm\u0259 n\u00f6vl\u0259ri il\u0259 m\u00f6vcud olan m\u00fcst\u0259qil t\u00fcst\u00fc a\u015fkarlamas\u0131.<\/p>\n<p>&nbsp;<\/p>\n<p>F-B90 \u00e7ox qanadl\u0131 yan\u011f\u0131n damperi bir s\u0131ra qur\u011fularda effektiv passiv yan\u011f\u0131ndan m\u00fchafiz\u0259ni t\u0259min edir. T\u00fcst\u00fc, yan\u011f\u0131n v\u0259 z\u0259h\u0259rli qazlar\u0131n yay\u0131lmas\u0131n\u0131n qar\u015f\u0131s\u0131n\u0131 almaq \u00fc\u00e7\u00fcn b\u00f6lm\u0259l\u0259rd\u0259n istifad\u0259 etm\u0259k \u00fc\u00e7\u00fcn n\u0259z\u0259rd\u0259 tutulmu\u015fdur. Yan\u011f\u0131n zaman\u0131, kanaldak\u0131 hava 72 \u00b0C v\u0259 ya 74 \u00b0C-d\u0259n \u00e7ox olduqda, istilik qoruyucu h\u0259m \u00f6t\u00fcr\u00fcc\u00fcd\u0259, h\u0259m d\u0259 mexaniki versiyalarda \u0259riy\u0259c\u0259kdir. Bu avtomatik olaraq damper b\u0131\u00e7a\u011f\u0131n\u0131n ba\u011flanmas\u0131n\u0131 aktivl\u0259\u015fdirir. Sonra damper b\u0131\u00e7a\u011f\u0131 qapal\u0131 v\u0259ziyy\u0259td\u0259 mexaniki olaraq kilidl\u0259nir. Se\u00e7ilmi\u015f aktivl\u0259\u015fdirm\u0259 n\u00f6vl\u0259ri \u00fc\u00e7\u00fcn \u0259lav\u0259 t\u00fcst\u00fc detektoru da m\u00f6vcuddur.<\/p>\n<p>M\u00fcxt\u0259lif \u00f6l\u00e7\u00fcl\u0259rd\u0259 m\u00f6vcud olan F-B90 yan\u011f\u0131n damperl\u0259ri EN 15650:2010-a uy\u011fun olaraq Tikinti M\u0259hsullar\u0131 Qaydas\u0131na uy\u011fun olaraq CE sertifikat\u0131na malikdir. Damperl\u0259r EN 1366-2:2015-\u0259 uy\u011fun s\u0131naqdan ke\u00e7irilir v\u0259 EN 13501-3 + A1:2009-a uy\u011fun olaraq t\u0259snif edilir. Yan\u011f\u0131n damperi qura\u015fd\u0131r\u0131lmas\u0131 il\u0259 birlikd\u0259 yan\u011f\u0131na davaml\u0131l\u0131q d\u0259r\u0259c\u0259sinin ayr\u0131lmaz bir hiss\u0259sini t\u0259\u015fkil edir. F-B90-\u0131n \u200b\u200bkorpusu sinkl\u0259nmi\u015f sacdan haz\u0131rlanm\u0131\u015fd\u0131r. Damperin korpusu v\u0259 iki qapaq mexanizmi v\u0259 \u00f6t\u00fcr\u00fcc\u00fcy\u00fc qoruyur.<\/p>\n<p>Texniki x\u00fcsusiyy\u0259tl\u0259r<\/p>\n<\/div>\n<\/div>\n<\/div>\n<\/div>\n<\/div>\n<\/div>\n<div class=\"mb-400 mt-700 relative container-fluid\">\n<div class=\"gtm-product-section\" data-gtm-name=\"Tech specs\" data-gtm-label=\"Tech specs\" data-offset=\"0\" data-gtm-vis-recent-on-screen53434917_103=\"18670\" data-gtm-vis-first-on-screen53434917_103=\"18670\" data-gtm-vis-total-visible-time53434917_103=\"1500\" data-gtm-vis-has-fired53434917_103=\"1\">\n<div class=\"row gap-y-150 mb-200 desktop-nav:mb-0 md ProductPageISSections_product-info-header___9p5M\">\n<div class=\" col-12 md:col-6 md:text-right print:hidden flex items-center justify-end mobile-nav:flex-col gap-050 \">\n<div class=\"whitespace-nowrap mobile-nav:w-full\"><button class=\"gtm-product-specsheet-link btn btn-secondary btn-small btn-icon-left xs-max:btn-block\">Download spec sheet<\/button><\/div>\n<\/div>\n<\/div>\n<\/div>\n<\/div>\n","protected":false},"excerpt":{"rendered":"<p>B\u00fct\u00fcn yan\u011f\u0131n t\u0259hl\u00fck\u0259sizliyi ehtiyaclar\u0131n\u0131z \u00fc\u00e7\u00fcn bir damper<\/p>\n<p>B\u0131\u00e7aq \u00e7\u0131x\u0131nt\u0131lar\u0131 olmayan q\u0131sa b\u0259d\u0259n<\/p>\n<p>Soyuq t\u00fcst\u00fc s\u0131zd\u0131rmazl\u0131\u011f\u0131 il\u0259 hava \u00f6t\u00fcrm\u0259 barmaql\u0131\u011f\u0131 kimi istifad\u0259 edil\u0259 bil\u0259r<\/p>\n<p>H\u0259r iki t\u0259r\u0259fd\u0259n kanal ba\u011flant\u0131s\u0131 h\u0259mi\u015f\u0259 m\u00f6vcuddur<\/p>\n<p>Simmetrik qurulu\u015f v\u0259 mexanizm h\u0259r iki t\u0259r\u0259fd\u0259n \u0259l\u00e7atand\u0131r<\/p>\n<p>Uy\u011fun qura\u015fd\u0131rma, doldurma g\u00f6r\u00fcnm\u00fcr<\/p>\n<p>T\u00fcst\u00fc a\u015fkarlama il\u0259 m\u00f6vcuddur<\/p>\n<p>Bir t\u0259r\u0259fli kanal ba\u011flant\u0131s\u0131 Barmaql\u0131q il\u0259 ba\u015fa \u00e7atd\u0131<\/p>\n","protected":false},"featured_media":36239,"template":"","meta":[],"product_brand":[],"product_cat":[1792,1780,1774],"product_tag":[],"class_list":{"0":"post-36244","1":"product","2":"type-product","3":"status-publish","4":"has-post-thumbnail","6":"product_cat-duzbucaqli-yanginsondurnlr","7":"product_cat-yangin-damperlri","8":"product_cat-yangin-thluksizliyi","10":"first","11":"instock","12":"shipping-taxable","13":"product-type-simple"},"yoast_head":"<!-- This site is optimized with the Yoast SEO plugin v27.1.1 - https:\/\/yoast.com\/product\/yoast-seo-wordpress\/ -->\n<title>F-B90 D\u00fczbucaql\u0131 Yan\u011f\u0131n Damperl\u0259ri - Climate Master<\/title>\n<meta name=\"robots\" content=\"index, follow, max-snippet:-1, max-image-preview:large, max-video-preview:-1\" \/>\n<link rel=\"canonical\" href=\"https:\/\/climatemaster.ge\/az\/product\/f-b90-rectangular-fire-dampers\/\" \/>\n<meta property=\"og:locale\" content=\"az_AZ\" \/>\n<meta property=\"og:type\" content=\"article\" \/>\n<meta property=\"og:title\" content=\"F-B90 D\u00fczbucaql\u0131 Yan\u011f\u0131n Damperl\u0259ri - Climate Master\" \/>\n<meta property=\"og:description\" content=\"B\u00fct\u00fcn yan\u011f\u0131n t\u0259hl\u00fck\u0259sizliyi ehtiyaclar\u0131n\u0131z \u00fc\u00e7\u00fcn bir damper  B\u0131\u00e7aq \u00e7\u0131x\u0131nt\u0131lar\u0131 olmayan q\u0131sa b\u0259d\u0259n  Soyuq t\u00fcst\u00fc s\u0131zd\u0131rmazl\u0131\u011f\u0131 il\u0259 hava \u00f6t\u00fcrm\u0259 barmaql\u0131\u011f\u0131 kimi istifad\u0259 edil\u0259 bil\u0259r  H\u0259r iki t\u0259r\u0259fd\u0259n kanal ba\u011flant\u0131s\u0131 h\u0259mi\u015f\u0259 m\u00f6vcuddur  Simmetrik qurulu\u015f v\u0259 mexanizm h\u0259r iki t\u0259r\u0259fd\u0259n \u0259l\u00e7atand\u0131r  Uy\u011fun qura\u015fd\u0131rma, doldurma g\u00f6r\u00fcnm\u00fcr  T\u00fcst\u00fc a\u015fkarlama il\u0259 m\u00f6vcuddur  Bir t\u0259r\u0259fli kanal ba\u011flant\u0131s\u0131 Barmaql\u0131q il\u0259 ba\u015fa \u00e7atd\u0131\" \/>\n<meta property=\"og:url\" content=\"https:\/\/climatemaster.ge\/az\/product\/f-b90-rectangular-fire-dampers\/\" \/>\n<meta property=\"og:site_name\" content=\"Climate Master\" \/>\n<meta property=\"article:modified_time\" content=\"2025-09-03T14:02:40+00:00\" \/>\n<meta property=\"og:image\" content=\"https:\/\/climatemaster.ge\/wp-content\/uploads\/2025\/09\/converted_COLLAGE_F-B90_HQ.png\" \/>\n\t<meta property=\"og:image:width\" content=\"384\" \/>\n\t<meta property=\"og:image:height\" content=\"288\" \/>\n\t<meta property=\"og:image:type\" content=\"image\/png\" \/>\n<meta name=\"twitter:card\" content=\"summary_large_image\" \/>\n<meta name=\"twitter:label1\" content=\"Est. reading time\" \/>\n\t<meta name=\"twitter:data1\" content=\"2 minutes\" \/>\n<script type=\"application\/ld+json\" class=\"yoast-schema-graph\">{\"@context\":\"https:\/\/schema.org\",\"@graph\":[{\"@type\":\"WebPage\",\"@id\":\"https:\/\/climatemaster.ge\/az\/product\/f-b90-rectangular-fire-dampers\/\",\"url\":\"https:\/\/climatemaster.ge\/az\/product\/f-b90-rectangular-fire-dampers\/\",\"name\":\"F-B90 D\u00fczbucaql\u0131 Yan\u011f\u0131n Damperl\u0259ri - Climate Master\",\"isPartOf\":{\"@id\":\"https:\/\/climatemaster.ge\/#website\"},\"primaryImageOfPage\":{\"@id\":\"https:\/\/climatemaster.ge\/az\/product\/f-b90-rectangular-fire-dampers\/#primaryimage\"},\"image\":{\"@id\":\"https:\/\/climatemaster.ge\/az\/product\/f-b90-rectangular-fire-dampers\/#primaryimage\"},\"thumbnailUrl\":\"https:\/\/climatemaster.ge\/wp-content\/uploads\/2025\/09\/converted_COLLAGE_F-B90_HQ.png\",\"datePublished\":\"2025-09-03T13:49:50+00:00\",\"dateModified\":\"2025-09-03T14:02:40+00:00\",\"breadcrumb\":{\"@id\":\"https:\/\/climatemaster.ge\/az\/product\/f-b90-rectangular-fire-dampers\/#breadcrumb\"},\"inLanguage\":\"az\",\"potentialAction\":[{\"@type\":\"ReadAction\",\"target\":[\"https:\/\/climatemaster.ge\/az\/product\/f-b90-rectangular-fire-dampers\/\"]}]},{\"@type\":\"ImageObject\",\"inLanguage\":\"az\",\"@id\":\"https:\/\/climatemaster.ge\/az\/product\/f-b90-rectangular-fire-dampers\/#primaryimage\",\"url\":\"https:\/\/climatemaster.ge\/wp-content\/uploads\/2025\/09\/converted_COLLAGE_F-B90_HQ.png\",\"contentUrl\":\"https:\/\/climatemaster.ge\/wp-content\/uploads\/2025\/09\/converted_COLLAGE_F-B90_HQ.png\",\"width\":384,\"height\":288},{\"@type\":\"BreadcrumbList\",\"@id\":\"https:\/\/climatemaster.ge\/az\/product\/f-b90-rectangular-fire-dampers\/#breadcrumb\",\"itemListElement\":[{\"@type\":\"ListItem\",\"position\":1,\"name\":\"Home\",\"item\":\"https:\/\/climatemaster.ge\/\"},{\"@type\":\"ListItem\",\"position\":2,\"name\":\"M\u0259hsullar\",\"item\":\"https:\/\/climatemaster.ge\/products\/\"},{\"@type\":\"ListItem\",\"position\":3,\"name\":\"F-B90 D\u00fczbucaql\u0131 Yan\u011f\u0131n Damperl\u0259ri\"}]},{\"@type\":\"WebSite\",\"@id\":\"https:\/\/climatemaster.ge\/#website\",\"url\":\"https:\/\/climatemaster.ge\/\",\"name\":\"Climate Master\",\"description\":\"\",\"publisher\":{\"@id\":\"https:\/\/climatemaster.ge\/#organization\"},\"potentialAction\":[{\"@type\":\"SearchAction\",\"target\":{\"@type\":\"EntryPoint\",\"urlTemplate\":\"https:\/\/climatemaster.ge\/?s={search_term_string}\"},\"query-input\":{\"@type\":\"PropertyValueSpecification\",\"valueRequired\":true,\"valueName\":\"search_term_string\"}}],\"inLanguage\":\"az\"},{\"@type\":\"Organization\",\"@id\":\"https:\/\/climatemaster.ge\/#organization\",\"name\":\"Climate Master\",\"url\":\"https:\/\/climatemaster.ge\/\",\"logo\":{\"@type\":\"ImageObject\",\"inLanguage\":\"az\",\"@id\":\"https:\/\/climatemaster.ge\/#\/schema\/logo\/image\/\",\"url\":\"https:\/\/climatemaster.ge\/wp-content\/uploads\/2026\/03\/Untitled-2.png\",\"contentUrl\":\"https:\/\/climatemaster.ge\/wp-content\/uploads\/2026\/03\/Untitled-2.png\",\"width\":600,\"height\":338,\"caption\":\"Climate Master\"},\"image\":{\"@id\":\"https:\/\/climatemaster.ge\/#\/schema\/logo\/image\/\"}}]}<\/script>\n<!-- \/ Yoast SEO plugin. -->","yoast_head_json":{"title":"F-B90 D\u00fczbucaql\u0131 Yan\u011f\u0131n Damperl\u0259ri - Climate Master","robots":{"index":"index","follow":"follow","max-snippet":"max-snippet:-1","max-image-preview":"max-image-preview:large","max-video-preview":"max-video-preview:-1"},"canonical":"https:\/\/climatemaster.ge\/az\/product\/f-b90-rectangular-fire-dampers\/","og_locale":"az_AZ","og_type":"article","og_title":"F-B90 D\u00fczbucaql\u0131 Yan\u011f\u0131n Damperl\u0259ri - Climate Master","og_description":"B\u00fct\u00fcn yan\u011f\u0131n t\u0259hl\u00fck\u0259sizliyi ehtiyaclar\u0131n\u0131z \u00fc\u00e7\u00fcn bir damper  B\u0131\u00e7aq \u00e7\u0131x\u0131nt\u0131lar\u0131 olmayan q\u0131sa b\u0259d\u0259n  Soyuq t\u00fcst\u00fc s\u0131zd\u0131rmazl\u0131\u011f\u0131 il\u0259 hava \u00f6t\u00fcrm\u0259 barmaql\u0131\u011f\u0131 kimi istifad\u0259 edil\u0259 bil\u0259r  H\u0259r iki t\u0259r\u0259fd\u0259n kanal ba\u011flant\u0131s\u0131 h\u0259mi\u015f\u0259 m\u00f6vcuddur  Simmetrik qurulu\u015f v\u0259 mexanizm h\u0259r iki t\u0259r\u0259fd\u0259n \u0259l\u00e7atand\u0131r  Uy\u011fun qura\u015fd\u0131rma, doldurma g\u00f6r\u00fcnm\u00fcr  T\u00fcst\u00fc a\u015fkarlama il\u0259 m\u00f6vcuddur  Bir t\u0259r\u0259fli kanal ba\u011flant\u0131s\u0131 Barmaql\u0131q il\u0259 ba\u015fa \u00e7atd\u0131","og_url":"https:\/\/climatemaster.ge\/az\/product\/f-b90-rectangular-fire-dampers\/","og_site_name":"Climate Master","article_modified_time":"2025-09-03T14:02:40+00:00","og_image":[{"width":384,"height":288,"url":"https:\/\/climatemaster.ge\/wp-content\/uploads\/2025\/09\/converted_COLLAGE_F-B90_HQ.png","type":"image\/png"}],"twitter_card":"summary_large_image","twitter_misc":{"Est. reading time":"2 minutes"},"schema":{"@context":"https:\/\/schema.org","@graph":[{"@type":"WebPage","@id":"https:\/\/climatemaster.ge\/az\/product\/f-b90-rectangular-fire-dampers\/","url":"https:\/\/climatemaster.ge\/az\/product\/f-b90-rectangular-fire-dampers\/","name":"F-B90 D\u00fczbucaql\u0131 Yan\u011f\u0131n Damperl\u0259ri - Climate Master","isPartOf":{"@id":"https:\/\/climatemaster.ge\/#website"},"primaryImageOfPage":{"@id":"https:\/\/climatemaster.ge\/az\/product\/f-b90-rectangular-fire-dampers\/#primaryimage"},"image":{"@id":"https:\/\/climatemaster.ge\/az\/product\/f-b90-rectangular-fire-dampers\/#primaryimage"},"thumbnailUrl":"https:\/\/climatemaster.ge\/wp-content\/uploads\/2025\/09\/converted_COLLAGE_F-B90_HQ.png","datePublished":"2025-09-03T13:49:50+00:00","dateModified":"2025-09-03T14:02:40+00:00","breadcrumb":{"@id":"https:\/\/climatemaster.ge\/az\/product\/f-b90-rectangular-fire-dampers\/#breadcrumb"},"inLanguage":"az","potentialAction":[{"@type":"ReadAction","target":["https:\/\/climatemaster.ge\/az\/product\/f-b90-rectangular-fire-dampers\/"]}]},{"@type":"ImageObject","inLanguage":"az","@id":"https:\/\/climatemaster.ge\/az\/product\/f-b90-rectangular-fire-dampers\/#primaryimage","url":"https:\/\/climatemaster.ge\/wp-content\/uploads\/2025\/09\/converted_COLLAGE_F-B90_HQ.png","contentUrl":"https:\/\/climatemaster.ge\/wp-content\/uploads\/2025\/09\/converted_COLLAGE_F-B90_HQ.png","width":384,"height":288},{"@type":"BreadcrumbList","@id":"https:\/\/climatemaster.ge\/az\/product\/f-b90-rectangular-fire-dampers\/#breadcrumb","itemListElement":[{"@type":"ListItem","position":1,"name":"Home","item":"https:\/\/climatemaster.ge\/"},{"@type":"ListItem","position":2,"name":"M\u0259hsullar","item":"https:\/\/climatemaster.ge\/products\/"},{"@type":"ListItem","position":3,"name":"F-B90 D\u00fczbucaql\u0131 Yan\u011f\u0131n Damperl\u0259ri"}]},{"@type":"WebSite","@id":"https:\/\/climatemaster.ge\/#website","url":"https:\/\/climatemaster.ge\/","name":"Climate Master","description":"","publisher":{"@id":"https:\/\/climatemaster.ge\/#organization"},"potentialAction":[{"@type":"SearchAction","target":{"@type":"EntryPoint","urlTemplate":"https:\/\/climatemaster.ge\/?s={search_term_string}"},"query-input":{"@type":"PropertyValueSpecification","valueRequired":true,"valueName":"search_term_string"}}],"inLanguage":"az"},{"@type":"Organization","@id":"https:\/\/climatemaster.ge\/#organization","name":"Climate Master","url":"https:\/\/climatemaster.ge\/","logo":{"@type":"ImageObject","inLanguage":"az","@id":"https:\/\/climatemaster.ge\/#\/schema\/logo\/image\/","url":"https:\/\/climatemaster.ge\/wp-content\/uploads\/2026\/03\/Untitled-2.png","contentUrl":"https:\/\/climatemaster.ge\/wp-content\/uploads\/2026\/03\/Untitled-2.png","width":600,"height":338,"caption":"Climate Master"},"image":{"@id":"https:\/\/climatemaster.ge\/#\/schema\/logo\/image\/"}}]}},"_links":{"self":[{"href":"https:\/\/climatemaster.ge\/az\/wp-json\/wp\/v2\/product\/36244","targetHints":{"allow":["GET"]}}],"collection":[{"href":"https:\/\/climatemaster.ge\/az\/wp-json\/wp\/v2\/product"}],"about":[{"href":"https:\/\/climatemaster.ge\/az\/wp-json\/wp\/v2\/types\/product"}],"wp:featuredmedia":[{"embeddable":true,"href":"https:\/\/climatemaster.ge\/az\/wp-json\/wp\/v2\/media\/36239"}],"wp:attachment":[{"href":"https:\/\/climatemaster.ge\/az\/wp-json\/wp\/v2\/media?parent=36244"}],"wp:term":[{"taxonomy":"product_brand","embeddable":true,"href":"https:\/\/climatemaster.ge\/az\/wp-json\/wp\/v2\/product_brand?post=36244"},{"taxonomy":"product_cat","embeddable":true,"href":"https:\/\/climatemaster.ge\/az\/wp-json\/wp\/v2\/product_cat?post=36244"},{"taxonomy":"product_tag","embeddable":true,"href":"https:\/\/climatemaster.ge\/az\/wp-json\/wp\/v2\/product_tag?post=36244"}],"curies":[{"name":"wp","href":"https:\/\/api.w.org\/{rel}","templated":true}]}}