{"id":35911,"date":"2025-06-14T14:34:23","date_gmt":"2025-06-14T10:34:23","guid":{"rendered":"https:\/\/airsystems.ge\/shop\/product\/pbs-package-scotch-steam-boiler-liquid-and-gas-fuel-3-pass\/"},"modified":"2025-06-14T14:40:14","modified_gmt":"2025-06-14T10:40:14","slug":"pbs-package-scotch-steam-boiler-liquid-and-gas-fuel-3-pass","status":"publish","type":"product","link":"https:\/\/climatemaster.ge\/az\/product\/pbs-package-scotch-steam-boiler-liquid-and-gas-fuel-3-pass\/","title":{"rendered":"PBS &#8211; Scotch Package Buxar Qazan\u0131 &#8211; Maye v\u0259 Qaz Yanacaq, 3 Ke\u00e7id"},"content":{"rendered":"<p>T\u0259tbiq Sah\u0259l\u0259ri<\/p>\n<p>Scotch Package Buxar Qazanlar\u0131m\u0131z s\u0259naye m\u00fc\u0259ssis\u0259l\u0259rinin intensiv buxar ehtiyaclar\u0131n\u0131 \u00f6d\u0259m\u0259k \u00fc\u00e7\u00fcn n\u0259z\u0259rd\u0259 tutulmu\u015f y\u00fcks\u0259k s\u0259m\u0259r\u0259li v\u0259 t\u0259hl\u00fck\u0259siz sisteml\u0259rdir. Enerji s\u0259m\u0259r\u0259liliyini t\u0259min etm\u0259k v\u0259 a\u015fa\u011f\u0131 yanacaq s\u0259rfiyyat\u0131 il\u0259 y\u00fcks\u0259k performansa nail olmaq ist\u0259y\u0259n m\u00fc\u0259ssis\u0259l\u0259r \u00fc\u00e7\u00fcn ideal h\u0259ll\u0259r t\u0259klif edirl\u0259r. Onlar TSE EN 12953-3 v\u0259 CE sertifikatlar\u0131 il\u0259 beyn\u0259lxalq keyfiyy\u0259t standartlar\u0131na uy\u011fun istehsal olunur.<\/p>\n<p>Qida v\u0259 i\u00e7ki istehsal\u0131<br \/>\nKimya v\u0259 \u018fcza\u00e7\u0131l\u0131q S\u0259nayesi<br \/>\nTekstil S\u0259nayesi<br \/>\nAvtoklav v\u0259 Sterilizasiya<br \/>\nNeft-kimya v\u0259 neft emal\u0131 zavodlar\u0131<br \/>\nCama\u015f\u0131rxana v\u0259 Quru T\u0259mizl\u0259m\u0259<br \/>\nTurizm v\u0259 Otel\u00e7ilik<\/p>\n","protected":false},"excerpt":{"rendered":"<p>Scotch Package Buxar Qazanlar\u0131m\u0131z y\u00fcks\u0259k s\u0259m\u0259r\u0259lilik v\u0259 etibarl\u0131l\u0131q t\u0259min ed\u0259n y\u0131\u011fcam v\u0259 davaml\u0131 buxar istehsal\u0131 h\u0259ll\u0259ri t\u0259klif edir. PLC il\u0259 idar\u0259 olunan idar\u0259etm\u0259 sistemi, suyun t\u0259mizl\u0259nm\u0259si sistemi, kondensat \u00e7\u0259ni v\u0259 qidaland\u0131r\u0131c\u0131 su nasosu qura\u015fd\u0131rma v\u0259 istifad\u0259 rahatl\u0131\u011f\u0131n\u0131 t\u0259min etm\u0259kl\u0259 qura\u015fd\u0131r\u0131lm\u0131\u015f \u015f\u0259kild\u0259 g\u00f6nd\u0259rilir.<\/p>\n<p>T\u0259hl\u00fck\u0259sizlik v\u0259 Performans \u00fc\u00e7\u00fcn Do\u011fru Se\u00e7im<br \/>\n500 kq\/saatdan 5000 kq\/saata q\u0259d\u0259r<br \/>\n3-10 bar i\u015fl\u0259m\u0259 t\u0259zyiqi<br \/>\nScotch Tipi Dizayn<br \/>\nYa\u015f arxa dizayn<br \/>\nY\u00fcks\u0259k \u0130stilik Effektivliyi<br \/>\n\u018ftraf m\u00fchit\u0259 uy\u011fun<br \/>\nAsan Bax\u0131m v\u0259 Uzun Xidm\u0259t \u00d6mr\u00fc<br \/>\nQabaqc\u0131l T\u0259hl\u00fck\u0259sizlik X\u00fcsusiyy\u0259tl\u0259ri<\/p>\n","protected":false},"featured_media":35900,"template":"","meta":[],"product_brand":[],"product_cat":[1751,1737],"product_tag":[],"class_list":{"0":"post-35911","1":"product","2":"type-product","3":"status-publish","4":"has-post-thumbnail","6":"product_cat-paketli-buxar-sistemlri-qazan","7":"product_cat-snaye-buxar-qazani-qazanlar","9":"first","10":"instock","11":"shipping-taxable","12":"product-type-simple"},"yoast_head":"<!-- This site is optimized with the Yoast SEO plugin v27.1.1 - https:\/\/yoast.com\/product\/yoast-seo-wordpress\/ -->\n<title>PBS - Scotch Package Buxar Qazan\u0131 - Maye v\u0259 Qaz Yanacaq, 3 Ke\u00e7id - Climate Master<\/title>\n<meta name=\"robots\" content=\"index, follow, max-snippet:-1, max-image-preview:large, max-video-preview:-1\" \/>\n<link rel=\"canonical\" href=\"https:\/\/climatemaster.ge\/az\/product\/pbs-package-scotch-steam-boiler-liquid-and-gas-fuel-3-pass\/\" \/>\n<meta property=\"og:locale\" content=\"az_AZ\" \/>\n<meta property=\"og:type\" content=\"article\" \/>\n<meta property=\"og:title\" content=\"PBS - Scotch Package Buxar Qazan\u0131 - Maye v\u0259 Qaz Yanacaq, 3 Ke\u00e7id - Climate Master\" \/>\n<meta property=\"og:description\" content=\"Scotch Package Buxar Qazanlar\u0131m\u0131z y\u00fcks\u0259k s\u0259m\u0259r\u0259lilik v\u0259 etibarl\u0131l\u0131q t\u0259min ed\u0259n y\u0131\u011fcam v\u0259 davaml\u0131 buxar istehsal\u0131 h\u0259ll\u0259ri t\u0259klif edir. PLC il\u0259 idar\u0259 olunan idar\u0259etm\u0259 sistemi, suyun t\u0259mizl\u0259nm\u0259si sistemi, kondensat \u00e7\u0259ni v\u0259 qidaland\u0131r\u0131c\u0131 su nasosu qura\u015fd\u0131rma v\u0259 istifad\u0259 rahatl\u0131\u011f\u0131n\u0131 t\u0259min etm\u0259kl\u0259 qura\u015fd\u0131r\u0131lm\u0131\u015f \u015f\u0259kild\u0259 g\u00f6nd\u0259rilir.  T\u0259hl\u00fck\u0259sizlik v\u0259 Performans \u00fc\u00e7\u00fcn Do\u011fru Se\u00e7im 500 kq\/saatdan 5000 kq\/saata q\u0259d\u0259r 3-10 bar i\u015fl\u0259m\u0259 t\u0259zyiqi Scotch Tipi Dizayn Ya\u015f arxa dizayn Y\u00fcks\u0259k \u0130stilik Effektivliyi \u018ftraf m\u00fchit\u0259 uy\u011fun Asan Bax\u0131m v\u0259 Uzun Xidm\u0259t \u00d6mr\u00fc Qabaqc\u0131l T\u0259hl\u00fck\u0259sizlik X\u00fcsusiyy\u0259tl\u0259ri\" \/>\n<meta property=\"og:url\" content=\"https:\/\/climatemaster.ge\/az\/product\/pbs-package-scotch-steam-boiler-liquid-and-gas-fuel-3-pass\/\" \/>\n<meta property=\"og:site_name\" content=\"Climate Master\" \/>\n<meta property=\"article:modified_time\" content=\"2025-06-14T10:40:14+00:00\" \/>\n<meta property=\"og:image\" content=\"https:\/\/climatemaster.ge\/wp-content\/uploads\/2025\/06\/pbs-paket-skoc-buhar-kaza-20241120113509624.png\" \/>\n\t<meta property=\"og:image:width\" content=\"800\" \/>\n\t<meta property=\"og:image:height\" content=\"867\" \/>\n\t<meta property=\"og:image:type\" content=\"image\/png\" \/>\n<meta name=\"twitter:card\" content=\"summary_large_image\" \/>\n<meta name=\"twitter:label1\" content=\"Est. reading time\" \/>\n\t<meta name=\"twitter:data1\" content=\"1 minute\" \/>\n<script type=\"application\/ld+json\" class=\"yoast-schema-graph\">{\"@context\":\"https:\/\/schema.org\",\"@graph\":[{\"@type\":\"WebPage\",\"@id\":\"https:\/\/climatemaster.ge\/az\/product\/pbs-package-scotch-steam-boiler-liquid-and-gas-fuel-3-pass\/\",\"url\":\"https:\/\/climatemaster.ge\/az\/product\/pbs-package-scotch-steam-boiler-liquid-and-gas-fuel-3-pass\/\",\"name\":\"PBS - Scotch Package Buxar Qazan\u0131 - Maye v\u0259 Qaz Yanacaq, 3 Ke\u00e7id - Climate Master\",\"isPartOf\":{\"@id\":\"https:\/\/climatemaster.ge\/#website\"},\"primaryImageOfPage\":{\"@id\":\"https:\/\/climatemaster.ge\/az\/product\/pbs-package-scotch-steam-boiler-liquid-and-gas-fuel-3-pass\/#primaryimage\"},\"image\":{\"@id\":\"https:\/\/climatemaster.ge\/az\/product\/pbs-package-scotch-steam-boiler-liquid-and-gas-fuel-3-pass\/#primaryimage\"},\"thumbnailUrl\":\"https:\/\/climatemaster.ge\/wp-content\/uploads\/2025\/06\/pbs-paket-skoc-buhar-kaza-20241120113509624.png\",\"datePublished\":\"2025-06-14T10:34:23+00:00\",\"dateModified\":\"2025-06-14T10:40:14+00:00\",\"breadcrumb\":{\"@id\":\"https:\/\/climatemaster.ge\/az\/product\/pbs-package-scotch-steam-boiler-liquid-and-gas-fuel-3-pass\/#breadcrumb\"},\"inLanguage\":\"az\",\"potentialAction\":[{\"@type\":\"ReadAction\",\"target\":[\"https:\/\/climatemaster.ge\/az\/product\/pbs-package-scotch-steam-boiler-liquid-and-gas-fuel-3-pass\/\"]}]},{\"@type\":\"ImageObject\",\"inLanguage\":\"az\",\"@id\":\"https:\/\/climatemaster.ge\/az\/product\/pbs-package-scotch-steam-boiler-liquid-and-gas-fuel-3-pass\/#primaryimage\",\"url\":\"https:\/\/climatemaster.ge\/wp-content\/uploads\/2025\/06\/pbs-paket-skoc-buhar-kaza-20241120113509624.png\",\"contentUrl\":\"https:\/\/climatemaster.ge\/wp-content\/uploads\/2025\/06\/pbs-paket-skoc-buhar-kaza-20241120113509624.png\",\"width\":800,\"height\":867},{\"@type\":\"BreadcrumbList\",\"@id\":\"https:\/\/climatemaster.ge\/az\/product\/pbs-package-scotch-steam-boiler-liquid-and-gas-fuel-3-pass\/#breadcrumb\",\"itemListElement\":[{\"@type\":\"ListItem\",\"position\":1,\"name\":\"Home\",\"item\":\"https:\/\/climatemaster.ge\/\"},{\"@type\":\"ListItem\",\"position\":2,\"name\":\"M\u0259hsullar\",\"item\":\"https:\/\/climatemaster.ge\/products\/\"},{\"@type\":\"ListItem\",\"position\":3,\"name\":\"PBS &#8211; Scotch Package Buxar Qazan\u0131 &#8211; Maye v\u0259 Qaz Yanacaq, 3 Ke\u00e7id\"}]},{\"@type\":\"WebSite\",\"@id\":\"https:\/\/climatemaster.ge\/#website\",\"url\":\"https:\/\/climatemaster.ge\/\",\"name\":\"Climate Master\",\"description\":\"\",\"publisher\":{\"@id\":\"https:\/\/climatemaster.ge\/#organization\"},\"potentialAction\":[{\"@type\":\"SearchAction\",\"target\":{\"@type\":\"EntryPoint\",\"urlTemplate\":\"https:\/\/climatemaster.ge\/?s={search_term_string}\"},\"query-input\":{\"@type\":\"PropertyValueSpecification\",\"valueRequired\":true,\"valueName\":\"search_term_string\"}}],\"inLanguage\":\"az\"},{\"@type\":\"Organization\",\"@id\":\"https:\/\/climatemaster.ge\/#organization\",\"name\":\"Climate Master\",\"url\":\"https:\/\/climatemaster.ge\/\",\"logo\":{\"@type\":\"ImageObject\",\"inLanguage\":\"az\",\"@id\":\"https:\/\/climatemaster.ge\/#\/schema\/logo\/image\/\",\"url\":\"https:\/\/climatemaster.ge\/wp-content\/uploads\/2026\/03\/Untitled-2.png\",\"contentUrl\":\"https:\/\/climatemaster.ge\/wp-content\/uploads\/2026\/03\/Untitled-2.png\",\"width\":600,\"height\":338,\"caption\":\"Climate Master\"},\"image\":{\"@id\":\"https:\/\/climatemaster.ge\/#\/schema\/logo\/image\/\"}}]}<\/script>\n<!-- \/ Yoast SEO plugin. -->","yoast_head_json":{"title":"PBS - Scotch Package Buxar Qazan\u0131 - Maye v\u0259 Qaz Yanacaq, 3 Ke\u00e7id - Climate Master","robots":{"index":"index","follow":"follow","max-snippet":"max-snippet:-1","max-image-preview":"max-image-preview:large","max-video-preview":"max-video-preview:-1"},"canonical":"https:\/\/climatemaster.ge\/az\/product\/pbs-package-scotch-steam-boiler-liquid-and-gas-fuel-3-pass\/","og_locale":"az_AZ","og_type":"article","og_title":"PBS - Scotch Package Buxar Qazan\u0131 - Maye v\u0259 Qaz Yanacaq, 3 Ke\u00e7id - Climate Master","og_description":"Scotch Package Buxar Qazanlar\u0131m\u0131z y\u00fcks\u0259k s\u0259m\u0259r\u0259lilik v\u0259 etibarl\u0131l\u0131q t\u0259min ed\u0259n y\u0131\u011fcam v\u0259 davaml\u0131 buxar istehsal\u0131 h\u0259ll\u0259ri t\u0259klif edir. PLC il\u0259 idar\u0259 olunan idar\u0259etm\u0259 sistemi, suyun t\u0259mizl\u0259nm\u0259si sistemi, kondensat \u00e7\u0259ni v\u0259 qidaland\u0131r\u0131c\u0131 su nasosu qura\u015fd\u0131rma v\u0259 istifad\u0259 rahatl\u0131\u011f\u0131n\u0131 t\u0259min etm\u0259kl\u0259 qura\u015fd\u0131r\u0131lm\u0131\u015f \u015f\u0259kild\u0259 g\u00f6nd\u0259rilir.  T\u0259hl\u00fck\u0259sizlik v\u0259 Performans \u00fc\u00e7\u00fcn Do\u011fru Se\u00e7im 500 kq\/saatdan 5000 kq\/saata q\u0259d\u0259r 3-10 bar i\u015fl\u0259m\u0259 t\u0259zyiqi Scotch Tipi Dizayn Ya\u015f arxa dizayn Y\u00fcks\u0259k \u0130stilik Effektivliyi \u018ftraf m\u00fchit\u0259 uy\u011fun Asan Bax\u0131m v\u0259 Uzun Xidm\u0259t \u00d6mr\u00fc Qabaqc\u0131l T\u0259hl\u00fck\u0259sizlik X\u00fcsusiyy\u0259tl\u0259ri","og_url":"https:\/\/climatemaster.ge\/az\/product\/pbs-package-scotch-steam-boiler-liquid-and-gas-fuel-3-pass\/","og_site_name":"Climate Master","article_modified_time":"2025-06-14T10:40:14+00:00","og_image":[{"width":800,"height":867,"url":"https:\/\/climatemaster.ge\/wp-content\/uploads\/2025\/06\/pbs-paket-skoc-buhar-kaza-20241120113509624.png","type":"image\/png"}],"twitter_card":"summary_large_image","twitter_misc":{"Est. reading time":"1 minute"},"schema":{"@context":"https:\/\/schema.org","@graph":[{"@type":"WebPage","@id":"https:\/\/climatemaster.ge\/az\/product\/pbs-package-scotch-steam-boiler-liquid-and-gas-fuel-3-pass\/","url":"https:\/\/climatemaster.ge\/az\/product\/pbs-package-scotch-steam-boiler-liquid-and-gas-fuel-3-pass\/","name":"PBS - Scotch Package Buxar Qazan\u0131 - Maye v\u0259 Qaz Yanacaq, 3 Ke\u00e7id - Climate Master","isPartOf":{"@id":"https:\/\/climatemaster.ge\/#website"},"primaryImageOfPage":{"@id":"https:\/\/climatemaster.ge\/az\/product\/pbs-package-scotch-steam-boiler-liquid-and-gas-fuel-3-pass\/#primaryimage"},"image":{"@id":"https:\/\/climatemaster.ge\/az\/product\/pbs-package-scotch-steam-boiler-liquid-and-gas-fuel-3-pass\/#primaryimage"},"thumbnailUrl":"https:\/\/climatemaster.ge\/wp-content\/uploads\/2025\/06\/pbs-paket-skoc-buhar-kaza-20241120113509624.png","datePublished":"2025-06-14T10:34:23+00:00","dateModified":"2025-06-14T10:40:14+00:00","breadcrumb":{"@id":"https:\/\/climatemaster.ge\/az\/product\/pbs-package-scotch-steam-boiler-liquid-and-gas-fuel-3-pass\/#breadcrumb"},"inLanguage":"az","potentialAction":[{"@type":"ReadAction","target":["https:\/\/climatemaster.ge\/az\/product\/pbs-package-scotch-steam-boiler-liquid-and-gas-fuel-3-pass\/"]}]},{"@type":"ImageObject","inLanguage":"az","@id":"https:\/\/climatemaster.ge\/az\/product\/pbs-package-scotch-steam-boiler-liquid-and-gas-fuel-3-pass\/#primaryimage","url":"https:\/\/climatemaster.ge\/wp-content\/uploads\/2025\/06\/pbs-paket-skoc-buhar-kaza-20241120113509624.png","contentUrl":"https:\/\/climatemaster.ge\/wp-content\/uploads\/2025\/06\/pbs-paket-skoc-buhar-kaza-20241120113509624.png","width":800,"height":867},{"@type":"BreadcrumbList","@id":"https:\/\/climatemaster.ge\/az\/product\/pbs-package-scotch-steam-boiler-liquid-and-gas-fuel-3-pass\/#breadcrumb","itemListElement":[{"@type":"ListItem","position":1,"name":"Home","item":"https:\/\/climatemaster.ge\/"},{"@type":"ListItem","position":2,"name":"M\u0259hsullar","item":"https:\/\/climatemaster.ge\/products\/"},{"@type":"ListItem","position":3,"name":"PBS &#8211; Scotch Package Buxar Qazan\u0131 &#8211; Maye v\u0259 Qaz Yanacaq, 3 Ke\u00e7id"}]},{"@type":"WebSite","@id":"https:\/\/climatemaster.ge\/#website","url":"https:\/\/climatemaster.ge\/","name":"Climate Master","description":"","publisher":{"@id":"https:\/\/climatemaster.ge\/#organization"},"potentialAction":[{"@type":"SearchAction","target":{"@type":"EntryPoint","urlTemplate":"https:\/\/climatemaster.ge\/?s={search_term_string}"},"query-input":{"@type":"PropertyValueSpecification","valueRequired":true,"valueName":"search_term_string"}}],"inLanguage":"az"},{"@type":"Organization","@id":"https:\/\/climatemaster.ge\/#organization","name":"Climate Master","url":"https:\/\/climatemaster.ge\/","logo":{"@type":"ImageObject","inLanguage":"az","@id":"https:\/\/climatemaster.ge\/#\/schema\/logo\/image\/","url":"https:\/\/climatemaster.ge\/wp-content\/uploads\/2026\/03\/Untitled-2.png","contentUrl":"https:\/\/climatemaster.ge\/wp-content\/uploads\/2026\/03\/Untitled-2.png","width":600,"height":338,"caption":"Climate Master"},"image":{"@id":"https:\/\/climatemaster.ge\/#\/schema\/logo\/image\/"}}]}},"_links":{"self":[{"href":"https:\/\/climatemaster.ge\/az\/wp-json\/wp\/v2\/product\/35911","targetHints":{"allow":["GET"]}}],"collection":[{"href":"https:\/\/climatemaster.ge\/az\/wp-json\/wp\/v2\/product"}],"about":[{"href":"https:\/\/climatemaster.ge\/az\/wp-json\/wp\/v2\/types\/product"}],"wp:featuredmedia":[{"embeddable":true,"href":"https:\/\/climatemaster.ge\/az\/wp-json\/wp\/v2\/media\/35900"}],"wp:attachment":[{"href":"https:\/\/climatemaster.ge\/az\/wp-json\/wp\/v2\/media?parent=35911"}],"wp:term":[{"taxonomy":"product_brand","embeddable":true,"href":"https:\/\/climatemaster.ge\/az\/wp-json\/wp\/v2\/product_brand?post=35911"},{"taxonomy":"product_cat","embeddable":true,"href":"https:\/\/climatemaster.ge\/az\/wp-json\/wp\/v2\/product_cat?post=35911"},{"taxonomy":"product_tag","embeddable":true,"href":"https:\/\/climatemaster.ge\/az\/wp-json\/wp\/v2\/product_tag?post=35911"}],"curies":[{"name":"wp","href":"https:\/\/api.w.org\/{rel}","templated":true}]}}