{"id":35577,"date":"2025-06-10T14:03:36","date_gmt":"2025-06-10T10:03:36","guid":{"rendered":"https:\/\/airsystems.ge\/shop\/product\/fhe-dehumidifiers-for-radiant-cooling-systems-with-heat-recovery\/"},"modified":"2025-06-10T14:06:07","modified_gmt":"2025-06-10T10:06:07","slug":"fhe-dehumidifiers-for-radiant-cooling-systems-with-heat-recovery","status":"publish","type":"product","link":"https:\/\/climatemaster.ge\/az\/product\/fhe-dehumidifiers-for-radiant-cooling-systems-with-heat-recovery\/","title":{"rendered":"FHE \u0130stilik b\u0259rpas\u0131 olan radiasiyal\u0131 soyutma sisteml\u0259ri \u00fc\u00e7\u00fcn n\u0259ml\u0259ndiricil\u0259r"},"content":{"rendered":"<div class=\"elementor-element elementor-element-70da8153 elementor-widget elementor-widget-theme-page-title elementor-page-title elementor-widget-heading\" data-id=\"70da8153\" data-element_type=\"widget\" data-widget_type=\"theme-page-title.default\">\n<div class=\"elementor-widget-container\">\n<p>Y\u00fcks\u0259k s\u0259m\u0259r\u0259lilik seriyal\u0131 FHE istilik b\u0259rpas\u0131 il\u0259 n\u0259ml\u0259ndiricil\u0259r, parlaq soyutma sisteml\u0259ri il\u0259 birlikd\u0259 \u00e7ox y\u00fcks\u0259k enerji s\u0259m\u0259r\u0259liliyi olan ya\u015fay\u0131\u015f massivind\u0259 qurutma v\u0259 t\u0259miz havan\u0131 t\u0259min etm\u0259k \u00fc\u00e7\u00fcn n\u0259z\u0259rd\u0259 tutulmu\u015fdur.<\/p>\n<p>B\u00f6lm\u0259l\u0259r ya termal neytral hava \u015f\u0259raitind\u0259, ya da hava il\u0259 soyudulmu\u015f, ki\u00e7ik hava ax\u0131n\u0131n\u0131 idar\u0259 etm\u0259kl\u0259, \u0259n\u0259n\u0259vi kondisioner sisteml\u0259rin\u0259 xas olan z\u0259hl\u0259t\u00f6k\u0259n ki\u00e7ik hava c\u0259r\u0259yanlar\u0131n\u0131n qar\u015f\u0131s\u0131n\u0131 almaq \u00fc\u00e7\u00fcn n\u0259ml\u0259ndirm\u0259ni t\u0259min etm\u0259k \u00fc\u00e7\u00fcn n\u0259z\u0259rd\u0259 tutulmu\u015fdur.<\/p>\n<p>B\u00f6lm\u0259l\u0259r, m\u00fcvafiq regional v\u0259 milli a\u015fa\u011f\u0131 s\u0259viyy\u0259l\u0259r\u0259 uy\u011fun olaraq istiliyin b\u0259rpas\u0131 v\u0259 hava m\u00fcbadil\u0259si m\u00fchiti \u00fc\u00e7\u00fcn n\u0259z\u0259rd\u0259 tutulmu\u015f y\u00fcks\u0259k s\u0259m\u0259r\u0259li \u00e7arpaz ax\u0131nl\u0131 istilik d\u0259yi\u015fdiricisi il\u0259 birl\u0259\u015fdirilmi\u015f birba\u015fa geni\u015fl\u0259ndirm\u0259 soyutma sistemind\u0259n ibar\u0259tdir.<\/p>\n<\/div>\n<\/div>\n","protected":false},"excerpt":{"rendered":"<div class=\"elementor-element elementor-element-f80f489 elementor-widget elementor-widget-heading\" data-id=\"f80f489\" data-element_type=\"widget\" data-widget_type=\"heading.default\">\n<div class=\"elementor-widget-container\">\n<div class=\"elementor-heading-title elementor-size-default\">N\u0259m alma qabiliyy\u0259ti 30 l\/24 saat<br \/>\n130 m3\/saatdan 260 m3\/saata q\u0259d\u0259r hava ax\u0131n\u0131<\/div>\n<\/div>\n<\/div>\n","protected":false},"featured_media":35572,"template":"","meta":[],"product_brand":[],"product_cat":[1724,875],"product_tag":[],"class_list":{"0":"post-35577","1":"product","2":"type-product","3":"status-publish","4":"has-post-thumbnail","6":"product_cat-hava-nmlndiricisi","7":"product_cat-snaye-az-kondisionerlr","9":"first","10":"instock","11":"shipping-taxable","12":"product-type-simple"},"yoast_head":"<!-- This site is optimized with the Yoast SEO plugin v27.1.1 - https:\/\/yoast.com\/product\/yoast-seo-wordpress\/ -->\n<title>FHE \u0130stilik b\u0259rpas\u0131 olan radiasiyal\u0131 soyutma sisteml\u0259ri \u00fc\u00e7\u00fcn n\u0259ml\u0259ndiricil\u0259r - Climate Master<\/title>\n<meta name=\"robots\" content=\"index, follow, max-snippet:-1, max-image-preview:large, max-video-preview:-1\" \/>\n<link rel=\"canonical\" href=\"https:\/\/climatemaster.ge\/az\/product\/fhe-dehumidifiers-for-radiant-cooling-systems-with-heat-recovery\/\" \/>\n<meta property=\"og:locale\" content=\"az_AZ\" \/>\n<meta property=\"og:type\" content=\"article\" \/>\n<meta property=\"og:title\" content=\"FHE \u0130stilik b\u0259rpas\u0131 olan radiasiyal\u0131 soyutma sisteml\u0259ri \u00fc\u00e7\u00fcn n\u0259ml\u0259ndiricil\u0259r - Climate Master\" \/>\n<meta property=\"og:description\" content=\"N\u0259m alma qabiliyy\u0259ti 30 l\/24 saat 130 m3\/saatdan 260 m3\/saata q\u0259d\u0259r hava ax\u0131n\u0131\" \/>\n<meta property=\"og:url\" content=\"https:\/\/climatemaster.ge\/az\/product\/fhe-dehumidifiers-for-radiant-cooling-systems-with-heat-recovery\/\" \/>\n<meta property=\"og:site_name\" content=\"Climate Master\" \/>\n<meta property=\"article:modified_time\" content=\"2025-06-10T10:06:07+00:00\" \/>\n<meta property=\"og:image\" content=\"https:\/\/climatemaster.ge\/wp-content\/uploads\/2025\/06\/FHE.jpg\" \/>\n\t<meta property=\"og:image:width\" content=\"472\" \/>\n\t<meta property=\"og:image:height\" content=\"622\" \/>\n\t<meta property=\"og:image:type\" content=\"image\/jpeg\" \/>\n<meta name=\"twitter:card\" content=\"summary_large_image\" \/>\n<meta name=\"twitter:label1\" content=\"Est. reading time\" \/>\n\t<meta name=\"twitter:data1\" content=\"1 minute\" \/>\n<script type=\"application\/ld+json\" class=\"yoast-schema-graph\">{\"@context\":\"https:\/\/schema.org\",\"@graph\":[{\"@type\":\"WebPage\",\"@id\":\"https:\/\/climatemaster.ge\/az\/product\/fhe-dehumidifiers-for-radiant-cooling-systems-with-heat-recovery\/\",\"url\":\"https:\/\/climatemaster.ge\/az\/product\/fhe-dehumidifiers-for-radiant-cooling-systems-with-heat-recovery\/\",\"name\":\"FHE \u0130stilik b\u0259rpas\u0131 olan radiasiyal\u0131 soyutma sisteml\u0259ri \u00fc\u00e7\u00fcn n\u0259ml\u0259ndiricil\u0259r - Climate Master\",\"isPartOf\":{\"@id\":\"https:\/\/climatemaster.ge\/#website\"},\"primaryImageOfPage\":{\"@id\":\"https:\/\/climatemaster.ge\/az\/product\/fhe-dehumidifiers-for-radiant-cooling-systems-with-heat-recovery\/#primaryimage\"},\"image\":{\"@id\":\"https:\/\/climatemaster.ge\/az\/product\/fhe-dehumidifiers-for-radiant-cooling-systems-with-heat-recovery\/#primaryimage\"},\"thumbnailUrl\":\"https:\/\/climatemaster.ge\/wp-content\/uploads\/2025\/06\/FHE.jpg\",\"datePublished\":\"2025-06-10T10:03:36+00:00\",\"dateModified\":\"2025-06-10T10:06:07+00:00\",\"breadcrumb\":{\"@id\":\"https:\/\/climatemaster.ge\/az\/product\/fhe-dehumidifiers-for-radiant-cooling-systems-with-heat-recovery\/#breadcrumb\"},\"inLanguage\":\"az\",\"potentialAction\":[{\"@type\":\"ReadAction\",\"target\":[\"https:\/\/climatemaster.ge\/az\/product\/fhe-dehumidifiers-for-radiant-cooling-systems-with-heat-recovery\/\"]}]},{\"@type\":\"ImageObject\",\"inLanguage\":\"az\",\"@id\":\"https:\/\/climatemaster.ge\/az\/product\/fhe-dehumidifiers-for-radiant-cooling-systems-with-heat-recovery\/#primaryimage\",\"url\":\"https:\/\/climatemaster.ge\/wp-content\/uploads\/2025\/06\/FHE.jpg\",\"contentUrl\":\"https:\/\/climatemaster.ge\/wp-content\/uploads\/2025\/06\/FHE.jpg\",\"width\":472,\"height\":622},{\"@type\":\"BreadcrumbList\",\"@id\":\"https:\/\/climatemaster.ge\/az\/product\/fhe-dehumidifiers-for-radiant-cooling-systems-with-heat-recovery\/#breadcrumb\",\"itemListElement\":[{\"@type\":\"ListItem\",\"position\":1,\"name\":\"Home\",\"item\":\"https:\/\/climatemaster.ge\/\"},{\"@type\":\"ListItem\",\"position\":2,\"name\":\"M\u0259hsullar\",\"item\":\"https:\/\/climatemaster.ge\/products\/\"},{\"@type\":\"ListItem\",\"position\":3,\"name\":\"FHE \u0130stilik b\u0259rpas\u0131 olan radiasiyal\u0131 soyutma sisteml\u0259ri \u00fc\u00e7\u00fcn n\u0259ml\u0259ndiricil\u0259r\"}]},{\"@type\":\"WebSite\",\"@id\":\"https:\/\/climatemaster.ge\/#website\",\"url\":\"https:\/\/climatemaster.ge\/\",\"name\":\"Climate Master\",\"description\":\"\",\"publisher\":{\"@id\":\"https:\/\/climatemaster.ge\/#organization\"},\"potentialAction\":[{\"@type\":\"SearchAction\",\"target\":{\"@type\":\"EntryPoint\",\"urlTemplate\":\"https:\/\/climatemaster.ge\/?s={search_term_string}\"},\"query-input\":{\"@type\":\"PropertyValueSpecification\",\"valueRequired\":true,\"valueName\":\"search_term_string\"}}],\"inLanguage\":\"az\"},{\"@type\":\"Organization\",\"@id\":\"https:\/\/climatemaster.ge\/#organization\",\"name\":\"Climate Master\",\"url\":\"https:\/\/climatemaster.ge\/\",\"logo\":{\"@type\":\"ImageObject\",\"inLanguage\":\"az\",\"@id\":\"https:\/\/climatemaster.ge\/#\/schema\/logo\/image\/\",\"url\":\"https:\/\/climatemaster.ge\/wp-content\/uploads\/2026\/03\/Untitled-2.png\",\"contentUrl\":\"https:\/\/climatemaster.ge\/wp-content\/uploads\/2026\/03\/Untitled-2.png\",\"width\":600,\"height\":338,\"caption\":\"Climate Master\"},\"image\":{\"@id\":\"https:\/\/climatemaster.ge\/#\/schema\/logo\/image\/\"}}]}<\/script>\n<!-- \/ Yoast SEO plugin. -->","yoast_head_json":{"title":"FHE \u0130stilik b\u0259rpas\u0131 olan radiasiyal\u0131 soyutma sisteml\u0259ri \u00fc\u00e7\u00fcn n\u0259ml\u0259ndiricil\u0259r - Climate Master","robots":{"index":"index","follow":"follow","max-snippet":"max-snippet:-1","max-image-preview":"max-image-preview:large","max-video-preview":"max-video-preview:-1"},"canonical":"https:\/\/climatemaster.ge\/az\/product\/fhe-dehumidifiers-for-radiant-cooling-systems-with-heat-recovery\/","og_locale":"az_AZ","og_type":"article","og_title":"FHE \u0130stilik b\u0259rpas\u0131 olan radiasiyal\u0131 soyutma sisteml\u0259ri \u00fc\u00e7\u00fcn n\u0259ml\u0259ndiricil\u0259r - Climate Master","og_description":"N\u0259m alma qabiliyy\u0259ti 30 l\/24 saat 130 m3\/saatdan 260 m3\/saata q\u0259d\u0259r hava ax\u0131n\u0131","og_url":"https:\/\/climatemaster.ge\/az\/product\/fhe-dehumidifiers-for-radiant-cooling-systems-with-heat-recovery\/","og_site_name":"Climate Master","article_modified_time":"2025-06-10T10:06:07+00:00","og_image":[{"width":472,"height":622,"url":"https:\/\/climatemaster.ge\/wp-content\/uploads\/2025\/06\/FHE.jpg","type":"image\/jpeg"}],"twitter_card":"summary_large_image","twitter_misc":{"Est. reading time":"1 minute"},"schema":{"@context":"https:\/\/schema.org","@graph":[{"@type":"WebPage","@id":"https:\/\/climatemaster.ge\/az\/product\/fhe-dehumidifiers-for-radiant-cooling-systems-with-heat-recovery\/","url":"https:\/\/climatemaster.ge\/az\/product\/fhe-dehumidifiers-for-radiant-cooling-systems-with-heat-recovery\/","name":"FHE \u0130stilik b\u0259rpas\u0131 olan radiasiyal\u0131 soyutma sisteml\u0259ri \u00fc\u00e7\u00fcn n\u0259ml\u0259ndiricil\u0259r - Climate Master","isPartOf":{"@id":"https:\/\/climatemaster.ge\/#website"},"primaryImageOfPage":{"@id":"https:\/\/climatemaster.ge\/az\/product\/fhe-dehumidifiers-for-radiant-cooling-systems-with-heat-recovery\/#primaryimage"},"image":{"@id":"https:\/\/climatemaster.ge\/az\/product\/fhe-dehumidifiers-for-radiant-cooling-systems-with-heat-recovery\/#primaryimage"},"thumbnailUrl":"https:\/\/climatemaster.ge\/wp-content\/uploads\/2025\/06\/FHE.jpg","datePublished":"2025-06-10T10:03:36+00:00","dateModified":"2025-06-10T10:06:07+00:00","breadcrumb":{"@id":"https:\/\/climatemaster.ge\/az\/product\/fhe-dehumidifiers-for-radiant-cooling-systems-with-heat-recovery\/#breadcrumb"},"inLanguage":"az","potentialAction":[{"@type":"ReadAction","target":["https:\/\/climatemaster.ge\/az\/product\/fhe-dehumidifiers-for-radiant-cooling-systems-with-heat-recovery\/"]}]},{"@type":"ImageObject","inLanguage":"az","@id":"https:\/\/climatemaster.ge\/az\/product\/fhe-dehumidifiers-for-radiant-cooling-systems-with-heat-recovery\/#primaryimage","url":"https:\/\/climatemaster.ge\/wp-content\/uploads\/2025\/06\/FHE.jpg","contentUrl":"https:\/\/climatemaster.ge\/wp-content\/uploads\/2025\/06\/FHE.jpg","width":472,"height":622},{"@type":"BreadcrumbList","@id":"https:\/\/climatemaster.ge\/az\/product\/fhe-dehumidifiers-for-radiant-cooling-systems-with-heat-recovery\/#breadcrumb","itemListElement":[{"@type":"ListItem","position":1,"name":"Home","item":"https:\/\/climatemaster.ge\/"},{"@type":"ListItem","position":2,"name":"M\u0259hsullar","item":"https:\/\/climatemaster.ge\/products\/"},{"@type":"ListItem","position":3,"name":"FHE \u0130stilik b\u0259rpas\u0131 olan radiasiyal\u0131 soyutma sisteml\u0259ri \u00fc\u00e7\u00fcn n\u0259ml\u0259ndiricil\u0259r"}]},{"@type":"WebSite","@id":"https:\/\/climatemaster.ge\/#website","url":"https:\/\/climatemaster.ge\/","name":"Climate Master","description":"","publisher":{"@id":"https:\/\/climatemaster.ge\/#organization"},"potentialAction":[{"@type":"SearchAction","target":{"@type":"EntryPoint","urlTemplate":"https:\/\/climatemaster.ge\/?s={search_term_string}"},"query-input":{"@type":"PropertyValueSpecification","valueRequired":true,"valueName":"search_term_string"}}],"inLanguage":"az"},{"@type":"Organization","@id":"https:\/\/climatemaster.ge\/#organization","name":"Climate Master","url":"https:\/\/climatemaster.ge\/","logo":{"@type":"ImageObject","inLanguage":"az","@id":"https:\/\/climatemaster.ge\/#\/schema\/logo\/image\/","url":"https:\/\/climatemaster.ge\/wp-content\/uploads\/2026\/03\/Untitled-2.png","contentUrl":"https:\/\/climatemaster.ge\/wp-content\/uploads\/2026\/03\/Untitled-2.png","width":600,"height":338,"caption":"Climate Master"},"image":{"@id":"https:\/\/climatemaster.ge\/#\/schema\/logo\/image\/"}}]}},"_links":{"self":[{"href":"https:\/\/climatemaster.ge\/az\/wp-json\/wp\/v2\/product\/35577","targetHints":{"allow":["GET"]}}],"collection":[{"href":"https:\/\/climatemaster.ge\/az\/wp-json\/wp\/v2\/product"}],"about":[{"href":"https:\/\/climatemaster.ge\/az\/wp-json\/wp\/v2\/types\/product"}],"wp:featuredmedia":[{"embeddable":true,"href":"https:\/\/climatemaster.ge\/az\/wp-json\/wp\/v2\/media\/35572"}],"wp:attachment":[{"href":"https:\/\/climatemaster.ge\/az\/wp-json\/wp\/v2\/media?parent=35577"}],"wp:term":[{"taxonomy":"product_brand","embeddable":true,"href":"https:\/\/climatemaster.ge\/az\/wp-json\/wp\/v2\/product_brand?post=35577"},{"taxonomy":"product_cat","embeddable":true,"href":"https:\/\/climatemaster.ge\/az\/wp-json\/wp\/v2\/product_cat?post=35577"},{"taxonomy":"product_tag","embeddable":true,"href":"https:\/\/climatemaster.ge\/az\/wp-json\/wp\/v2\/product_tag?post=35577"}],"curies":[{"name":"wp","href":"https:\/\/api.w.org\/{rel}","templated":true}]}}