{"id":35388,"date":"2025-06-10T12:28:45","date_gmt":"2025-06-10T08:28:45","guid":{"rendered":"https:\/\/airsystems.ge\/shop\/product\/sha-swimming-pool-dehumidifiers\/"},"modified":"2025-06-10T12:31:10","modified_gmt":"2025-06-10T08:31:10","slug":"sha-swimming-pool-dehumidifiers","status":"publish","type":"product","link":"https:\/\/climatemaster.ge\/az\/product\/sha-swimming-pool-dehumidifiers\/","title":{"rendered":"SHA Hovuz n\u0259ml\u0259ndiricil\u0259ri"},"content":{"rendered":"<div class=\"elementor-element elementor-element-70da8153 elementor-widget elementor-widget-theme-page-title elementor-page-title elementor-widget-heading\" data-id=\"70da8153\" data-element_type=\"widget\" data-widget_type=\"theme-page-title.default\">\n<div class=\"elementor-widget-container\">\n<p>SHA n\u0259ml\u0259ndirici seriyas\u0131 optimal rahatl\u0131\u011f\u0131 t\u0259min etm\u0259k \u00fc\u00e7\u00fcn r\u00fctub\u0259t\u0259 yax\u0131ndan n\u0259zar\u0259t edilm\u0259li olan hovuzlarda istifad\u0259 \u00fc\u00e7\u00fcn n\u0259z\u0259rd\u0259 tutulmu\u015fdur.<br \/>\nBu qur\u011fular\u0131n hovuza yax\u0131n texniki otaqda qura\u015fd\u0131r\u0131lmas\u0131 n\u0259z\u0259rd\u0259 tutulur. Y\u00fcks\u0259k m\u00f6vcud statik t\u0259zyiq\u0259 malik m\u0259rk\u0259zd\u0259nqa\u00e7ma ventilyatoru h\u0259r ikisi \u00fc\u00e7\u00fcn kanal qur\u011fular\u0131na qo\u015fulma\u011fa imkan verir<br \/>\nhava udma v\u0259 bo\u015faltma.<br \/>\nBu seriya 50-d\u0259n 190 l\/24 saata q\u0259d\u0259r tutumu \u0259hat\u0259 ed\u0259n 5 \u0259sas modeld\u0259n ibar\u0259tdir.<br \/>\nTemperatur v\u0259 r\u00fctub\u0259t problar\u0131 ist\u0259k \u0259sas\u0131nda t\u0259min edil\u0259n aksesuarlard\u0131r.<\/p>\n<\/div>\n<\/div>\n<div class=\"elementor-element elementor-element-427e8a79 e-flex e-con-boxed e-con e-child\" data-id=\"427e8a79\" data-element_type=\"container\">\n<div class=\"e-con-inner\">\n<div class=\"elementor-element elementor-element-6e19ed90 hidebutton mc-bl elementor-align-left elementor-widget elementor-widget-button\" data-id=\"6e19ed90\" data-element_type=\"widget\" data-widget_type=\"button.default\">\n<div class=\"elementor-widget-container\">\n<div class=\"elementor-button-wrapper\"><a class=\"elementor-button elementor-button-link elementor-size-sm\" href=\"https:\/\/www.enextechnologies.com\/wp-content\/uploads\/2024\/09\/SHA_ENG.pdf\" target=\"_blank\" rel=\"noopener\"><span class=\"elementor-button-content-wrapper\"><span class=\"elementor-button-text\">BROCHURE<\/span><\/span><\/a><\/div>\n<\/div>\n<\/div>\n<\/div>\n<\/div>\n","protected":false},"excerpt":{"rendered":"<div class=\"elementor-element elementor-element-f80f489 elementor-widget elementor-widget-heading\" data-id=\"f80f489\" data-element_type=\"widget\" data-widget_type=\"heading.default\">\n<div class=\"elementor-widget-container\">\n<div class=\"elementor-heading-title elementor-size-default\">N\u0259ml\u0259ndirm\u0259 qabiliyy\u0259ti 25 l\/24 saatdan 190 l\/24 saata q\u0259d\u0259r<br \/>\n500 m3\/saatdan 1650 m3\/saata q\u0259d\u0259r hava ax\u0131n\u0131<\/div>\n<\/div>\n<\/div>\n","protected":false},"featured_media":35383,"template":"","meta":[],"product_brand":[],"product_cat":[1724,875],"product_tag":[],"class_list":{"0":"post-35388","1":"product","2":"type-product","3":"status-publish","4":"has-post-thumbnail","6":"product_cat-hava-nmlndiricisi","7":"product_cat-snaye-az-kondisionerlr","9":"first","10":"instock","11":"shipping-taxable","12":"product-type-simple"},"yoast_head":"<!-- This site is optimized with the Yoast SEO plugin v27.1.1 - https:\/\/yoast.com\/product\/yoast-seo-wordpress\/ -->\n<title>SHA Hovuz n\u0259ml\u0259ndiricil\u0259ri - Climate Master<\/title>\n<meta name=\"robots\" content=\"index, follow, max-snippet:-1, max-image-preview:large, max-video-preview:-1\" \/>\n<link rel=\"canonical\" href=\"https:\/\/climatemaster.ge\/az\/product\/sha-swimming-pool-dehumidifiers\/\" \/>\n<meta property=\"og:locale\" content=\"az_AZ\" \/>\n<meta property=\"og:type\" content=\"article\" \/>\n<meta property=\"og:title\" content=\"SHA Hovuz n\u0259ml\u0259ndiricil\u0259ri - Climate Master\" \/>\n<meta property=\"og:description\" content=\"N\u0259ml\u0259ndirm\u0259 qabiliyy\u0259ti 25 l\/24 saatdan 190 l\/24 saata q\u0259d\u0259r 500 m3\/saatdan 1650 m3\/saata q\u0259d\u0259r hava ax\u0131n\u0131\" \/>\n<meta property=\"og:url\" content=\"https:\/\/climatemaster.ge\/az\/product\/sha-swimming-pool-dehumidifiers\/\" \/>\n<meta property=\"og:site_name\" content=\"Climate Master\" \/>\n<meta property=\"article:modified_time\" content=\"2025-06-10T08:31:10+00:00\" \/>\n<meta property=\"og:image\" content=\"https:\/\/climatemaster.ge\/wp-content\/uploads\/2025\/06\/HHA.jpg\" \/>\n\t<meta property=\"og:image:width\" content=\"1772\" \/>\n\t<meta property=\"og:image:height\" content=\"1088\" \/>\n\t<meta property=\"og:image:type\" content=\"image\/jpeg\" \/>\n<meta name=\"twitter:card\" content=\"summary_large_image\" \/>\n<meta name=\"twitter:label1\" content=\"Est. reading time\" \/>\n\t<meta name=\"twitter:data1\" content=\"1 minute\" \/>\n<script type=\"application\/ld+json\" class=\"yoast-schema-graph\">{\"@context\":\"https:\/\/schema.org\",\"@graph\":[{\"@type\":\"WebPage\",\"@id\":\"https:\/\/climatemaster.ge\/az\/product\/sha-swimming-pool-dehumidifiers\/\",\"url\":\"https:\/\/climatemaster.ge\/az\/product\/sha-swimming-pool-dehumidifiers\/\",\"name\":\"SHA Hovuz n\u0259ml\u0259ndiricil\u0259ri - Climate Master\",\"isPartOf\":{\"@id\":\"https:\/\/climatemaster.ge\/#website\"},\"primaryImageOfPage\":{\"@id\":\"https:\/\/climatemaster.ge\/az\/product\/sha-swimming-pool-dehumidifiers\/#primaryimage\"},\"image\":{\"@id\":\"https:\/\/climatemaster.ge\/az\/product\/sha-swimming-pool-dehumidifiers\/#primaryimage\"},\"thumbnailUrl\":\"https:\/\/climatemaster.ge\/wp-content\/uploads\/2025\/06\/HHA.jpg\",\"datePublished\":\"2025-06-10T08:28:45+00:00\",\"dateModified\":\"2025-06-10T08:31:10+00:00\",\"breadcrumb\":{\"@id\":\"https:\/\/climatemaster.ge\/az\/product\/sha-swimming-pool-dehumidifiers\/#breadcrumb\"},\"inLanguage\":\"az\",\"potentialAction\":[{\"@type\":\"ReadAction\",\"target\":[\"https:\/\/climatemaster.ge\/az\/product\/sha-swimming-pool-dehumidifiers\/\"]}]},{\"@type\":\"ImageObject\",\"inLanguage\":\"az\",\"@id\":\"https:\/\/climatemaster.ge\/az\/product\/sha-swimming-pool-dehumidifiers\/#primaryimage\",\"url\":\"https:\/\/climatemaster.ge\/wp-content\/uploads\/2025\/06\/HHA.jpg\",\"contentUrl\":\"https:\/\/climatemaster.ge\/wp-content\/uploads\/2025\/06\/HHA.jpg\",\"width\":1772,\"height\":1088},{\"@type\":\"BreadcrumbList\",\"@id\":\"https:\/\/climatemaster.ge\/az\/product\/sha-swimming-pool-dehumidifiers\/#breadcrumb\",\"itemListElement\":[{\"@type\":\"ListItem\",\"position\":1,\"name\":\"Home\",\"item\":\"https:\/\/climatemaster.ge\/\"},{\"@type\":\"ListItem\",\"position\":2,\"name\":\"M\u0259hsullar\",\"item\":\"https:\/\/climatemaster.ge\/products\/\"},{\"@type\":\"ListItem\",\"position\":3,\"name\":\"SHA Hovuz n\u0259ml\u0259ndiricil\u0259ri\"}]},{\"@type\":\"WebSite\",\"@id\":\"https:\/\/climatemaster.ge\/#website\",\"url\":\"https:\/\/climatemaster.ge\/\",\"name\":\"Climate Master\",\"description\":\"\",\"publisher\":{\"@id\":\"https:\/\/climatemaster.ge\/#organization\"},\"potentialAction\":[{\"@type\":\"SearchAction\",\"target\":{\"@type\":\"EntryPoint\",\"urlTemplate\":\"https:\/\/climatemaster.ge\/?s={search_term_string}\"},\"query-input\":{\"@type\":\"PropertyValueSpecification\",\"valueRequired\":true,\"valueName\":\"search_term_string\"}}],\"inLanguage\":\"az\"},{\"@type\":\"Organization\",\"@id\":\"https:\/\/climatemaster.ge\/#organization\",\"name\":\"Climate Master\",\"url\":\"https:\/\/climatemaster.ge\/\",\"logo\":{\"@type\":\"ImageObject\",\"inLanguage\":\"az\",\"@id\":\"https:\/\/climatemaster.ge\/#\/schema\/logo\/image\/\",\"url\":\"https:\/\/climatemaster.ge\/wp-content\/uploads\/2026\/03\/Untitled-2.png\",\"contentUrl\":\"https:\/\/climatemaster.ge\/wp-content\/uploads\/2026\/03\/Untitled-2.png\",\"width\":600,\"height\":338,\"caption\":\"Climate Master\"},\"image\":{\"@id\":\"https:\/\/climatemaster.ge\/#\/schema\/logo\/image\/\"}}]}<\/script>\n<!-- \/ Yoast SEO plugin. -->","yoast_head_json":{"title":"SHA Hovuz n\u0259ml\u0259ndiricil\u0259ri - Climate Master","robots":{"index":"index","follow":"follow","max-snippet":"max-snippet:-1","max-image-preview":"max-image-preview:large","max-video-preview":"max-video-preview:-1"},"canonical":"https:\/\/climatemaster.ge\/az\/product\/sha-swimming-pool-dehumidifiers\/","og_locale":"az_AZ","og_type":"article","og_title":"SHA Hovuz n\u0259ml\u0259ndiricil\u0259ri - Climate Master","og_description":"N\u0259ml\u0259ndirm\u0259 qabiliyy\u0259ti 25 l\/24 saatdan 190 l\/24 saata q\u0259d\u0259r 500 m3\/saatdan 1650 m3\/saata q\u0259d\u0259r hava ax\u0131n\u0131","og_url":"https:\/\/climatemaster.ge\/az\/product\/sha-swimming-pool-dehumidifiers\/","og_site_name":"Climate Master","article_modified_time":"2025-06-10T08:31:10+00:00","og_image":[{"width":1772,"height":1088,"url":"https:\/\/climatemaster.ge\/wp-content\/uploads\/2025\/06\/HHA.jpg","type":"image\/jpeg"}],"twitter_card":"summary_large_image","twitter_misc":{"Est. reading time":"1 minute"},"schema":{"@context":"https:\/\/schema.org","@graph":[{"@type":"WebPage","@id":"https:\/\/climatemaster.ge\/az\/product\/sha-swimming-pool-dehumidifiers\/","url":"https:\/\/climatemaster.ge\/az\/product\/sha-swimming-pool-dehumidifiers\/","name":"SHA Hovuz n\u0259ml\u0259ndiricil\u0259ri - Climate Master","isPartOf":{"@id":"https:\/\/climatemaster.ge\/#website"},"primaryImageOfPage":{"@id":"https:\/\/climatemaster.ge\/az\/product\/sha-swimming-pool-dehumidifiers\/#primaryimage"},"image":{"@id":"https:\/\/climatemaster.ge\/az\/product\/sha-swimming-pool-dehumidifiers\/#primaryimage"},"thumbnailUrl":"https:\/\/climatemaster.ge\/wp-content\/uploads\/2025\/06\/HHA.jpg","datePublished":"2025-06-10T08:28:45+00:00","dateModified":"2025-06-10T08:31:10+00:00","breadcrumb":{"@id":"https:\/\/climatemaster.ge\/az\/product\/sha-swimming-pool-dehumidifiers\/#breadcrumb"},"inLanguage":"az","potentialAction":[{"@type":"ReadAction","target":["https:\/\/climatemaster.ge\/az\/product\/sha-swimming-pool-dehumidifiers\/"]}]},{"@type":"ImageObject","inLanguage":"az","@id":"https:\/\/climatemaster.ge\/az\/product\/sha-swimming-pool-dehumidifiers\/#primaryimage","url":"https:\/\/climatemaster.ge\/wp-content\/uploads\/2025\/06\/HHA.jpg","contentUrl":"https:\/\/climatemaster.ge\/wp-content\/uploads\/2025\/06\/HHA.jpg","width":1772,"height":1088},{"@type":"BreadcrumbList","@id":"https:\/\/climatemaster.ge\/az\/product\/sha-swimming-pool-dehumidifiers\/#breadcrumb","itemListElement":[{"@type":"ListItem","position":1,"name":"Home","item":"https:\/\/climatemaster.ge\/"},{"@type":"ListItem","position":2,"name":"M\u0259hsullar","item":"https:\/\/climatemaster.ge\/products\/"},{"@type":"ListItem","position":3,"name":"SHA Hovuz n\u0259ml\u0259ndiricil\u0259ri"}]},{"@type":"WebSite","@id":"https:\/\/climatemaster.ge\/#website","url":"https:\/\/climatemaster.ge\/","name":"Climate Master","description":"","publisher":{"@id":"https:\/\/climatemaster.ge\/#organization"},"potentialAction":[{"@type":"SearchAction","target":{"@type":"EntryPoint","urlTemplate":"https:\/\/climatemaster.ge\/?s={search_term_string}"},"query-input":{"@type":"PropertyValueSpecification","valueRequired":true,"valueName":"search_term_string"}}],"inLanguage":"az"},{"@type":"Organization","@id":"https:\/\/climatemaster.ge\/#organization","name":"Climate Master","url":"https:\/\/climatemaster.ge\/","logo":{"@type":"ImageObject","inLanguage":"az","@id":"https:\/\/climatemaster.ge\/#\/schema\/logo\/image\/","url":"https:\/\/climatemaster.ge\/wp-content\/uploads\/2026\/03\/Untitled-2.png","contentUrl":"https:\/\/climatemaster.ge\/wp-content\/uploads\/2026\/03\/Untitled-2.png","width":600,"height":338,"caption":"Climate Master"},"image":{"@id":"https:\/\/climatemaster.ge\/#\/schema\/logo\/image\/"}}]}},"_links":{"self":[{"href":"https:\/\/climatemaster.ge\/az\/wp-json\/wp\/v2\/product\/35388","targetHints":{"allow":["GET"]}}],"collection":[{"href":"https:\/\/climatemaster.ge\/az\/wp-json\/wp\/v2\/product"}],"about":[{"href":"https:\/\/climatemaster.ge\/az\/wp-json\/wp\/v2\/types\/product"}],"wp:featuredmedia":[{"embeddable":true,"href":"https:\/\/climatemaster.ge\/az\/wp-json\/wp\/v2\/media\/35383"}],"wp:attachment":[{"href":"https:\/\/climatemaster.ge\/az\/wp-json\/wp\/v2\/media?parent=35388"}],"wp:term":[{"taxonomy":"product_brand","embeddable":true,"href":"https:\/\/climatemaster.ge\/az\/wp-json\/wp\/v2\/product_brand?post=35388"},{"taxonomy":"product_cat","embeddable":true,"href":"https:\/\/climatemaster.ge\/az\/wp-json\/wp\/v2\/product_cat?post=35388"},{"taxonomy":"product_tag","embeddable":true,"href":"https:\/\/climatemaster.ge\/az\/wp-json\/wp\/v2\/product_tag?post=35388"}],"curies":[{"name":"wp","href":"https:\/\/api.w.org\/{rel}","templated":true}]}}