{"id":35027,"date":"2025-06-09T19:11:15","date_gmt":"2025-06-09T15:11:15","guid":{"rendered":"https:\/\/airsystems.ge\/shop\/product\/generator-sound-insulation-alphafon-ic\/"},"modified":"2025-06-09T19:14:55","modified_gmt":"2025-06-09T15:14:55","slug":"generator-sound-insulation-alphafon-ic","status":"publish","type":"product","link":"https:\/\/climatemaster.ge\/az\/product\/generator-sound-insulation-alphafon-ic\/","title":{"rendered":"Generator S\u0259s \u0130zolyasiyas\u0131 ALPHAfon \u2013 IC"},"content":{"rendered":"<p>Generatorun s\u0259s izolyasiya \u00f6rt\u00fcy\u00fc ALPHAfon \u2013 IC n\u0259sil d\u0259stl\u0259rind\u0259 s\u0259s-k\u00fcy\u00fcn emissiyas\u0131n\u0131 minimuma endirm\u0259k \u00fc\u00e7\u00fcn ki\u00e7ik v\u0259 b\u00f6y\u00fck \u00f6l\u00e7\u00fcl\u00fc generatorlar\u0131n s\u0259s-k\u00fcy\u00fcn\u0259 n\u0259zar\u0259t etm\u0259k \u00fc\u00e7\u00fcn istifad\u0259 olunur.<\/p>\n<p>M\u0259hsulun \u00e7\u0259r\u00e7iv\u0259si standartla\u015fd\u0131r\u0131lm\u0131\u015f al\u00fcminiumdan v\u0259 ya metal profild\u0259n haz\u0131rlanm\u0131\u015fd\u0131r, onun a\u015fa\u011f\u0131 \u00fcf\u00fcqi hiss\u0259si h\u0259m yer\u0259, h\u0259m d\u0259 generatorun metal \u00e7\u0259r\u00e7iv\u0259sin\u0259 b\u0259rkidil\u0259 bil\u0259r. S\u0259s izolyasiya panell\u0259ri yan\u011f\u0131na qar\u015f\u0131 t\u0259hl\u00fck\u0259siz uducu materiallarla doldurulmu\u015f x\u00fcsusi formal\u0131 sinkl\u0259nmi\u015f polad folqadan haz\u0131rlan\u0131r.<\/p>\n<p>Qapa\u011f\u0131n h\u0259r t\u0259r\u0259find\u0259 akustik qap\u0131lar qura\u015fd\u0131r\u0131la bil\u0259r. Onlar\u0131n d\u0259qiq m\u00f6vqeyi h\u0259r bir x\u00fcsusi ehtiyaca uy\u011fun olaraq m\u00fc\u0259yy\u0259n edilir ki, generatorun saxlanmas\u0131 \u0259n yax\u015f\u0131 \u015f\u0259kild\u0259 asanla\u015fd\u0131r\u0131ls\u0131n (m\u0259s\u0259l\u0259n, ya\u011f filtrl\u0259rinin, ya\u011f nasoslar\u0131n\u0131n v\u0259 s. qar\u015f\u0131s\u0131na yerl\u0259\u015fdirilir). Qap\u0131lar x\u00fcsusi f\u0131rlanan tutacaq v\u0259 iki mente\u015f\u0259 il\u0259 t\u0259chiz edilmi\u015fdir.<\/p>\n<p>Hava giri\u015find\u0259 v\u0259 \u00e7\u0131x\u0131\u015f\u0131nda x\u00fcsusi haz\u0131rlanm\u0131\u015f s\u0259s tutucular\u0131 qura\u015fd\u0131r\u0131lm\u0131\u015fd\u0131r. Bu s\u0259s t\u0259l\u0259l\u0259ri hava t\u0259zyiqinin a\u015fa\u011f\u0131 s\u0259viyy\u0259d\u0259 azalmas\u0131n\u0131 t\u0259min edir v\u0259 generatorun soyumas\u0131na m\u0259nfi t\u0259sir g\u00f6st\u0259rmir.<\/p>\n<p><img loading=\"lazy\" decoding=\"async\" src=\"https:\/\/alphacoustic.com\/wp-content\/uploads\/2013\/09\/ALPHAfon-IC-design.jpg%22\" alt=\"\" width=\"300\" height=\"200\" \/><\/p>\n<div class=\"boxes clearfix\">\n<div class=\"box two first\">ALPHAfon-IC dizayn\u0131<br \/>\nQoruyucu barmaql\u0131qlar s\u0259s t\u0259l\u0259l\u0259rinin xarici t\u0259r\u0259find\u0259 qura\u015fd\u0131r\u0131la bil\u0259r<br \/>\nLaz\u0131m g\u0259l\u0259rs\u0259, qaz \u00e7\u0131x\u0131\u015f\u0131nda x\u00fcsusi s\u0259sbo\u011fucu qura\u015fd\u0131r\u0131la bil\u0259r<\/div>\n<\/div>\n","protected":false},"excerpt":{"rendered":"<div class=\"woocommerce-product-details__short-description\">\n<p>Standartla\u015fd\u0131r\u0131lm\u0131\u015f al\u00fcminium v\u0259 ya metal profild\u0259n v\u0259 yan\u011f\u0131na qar\u015f\u0131 t\u0259hl\u00fck\u0259siz s\u0259s uducu materiallardan haz\u0131rlanm\u0131\u015fd\u0131r<\/p>\n<\/div>\n","protected":false},"featured_media":34974,"template":"","meta":[],"product_brand":[],"product_cat":[804,1715],"product_tag":[],"class_list":{"0":"post-35027","1":"product","2":"type-product","3":"status-publish","4":"has-post-thumbnail","6":"product_cat-akustika-ss-kuy-v-vibrasiyaya-nzart","7":"product_cat-mechanical-noise-control-az","9":"first","10":"instock","11":"shipping-taxable","12":"product-type-simple"},"yoast_head":"<!-- This site is optimized with the Yoast SEO plugin v27.1.1 - https:\/\/yoast.com\/product\/yoast-seo-wordpress\/ -->\n<title>Generator S\u0259s \u0130zolyasiyas\u0131 ALPHAfon \u2013 IC - Climate Master<\/title>\n<meta name=\"robots\" content=\"index, follow, max-snippet:-1, max-image-preview:large, max-video-preview:-1\" \/>\n<link rel=\"canonical\" href=\"https:\/\/climatemaster.ge\/az\/product\/generator-sound-insulation-alphafon-ic\/\" \/>\n<meta property=\"og:locale\" content=\"az_AZ\" \/>\n<meta property=\"og:type\" content=\"article\" \/>\n<meta property=\"og:title\" content=\"Generator S\u0259s \u0130zolyasiyas\u0131 ALPHAfon \u2013 IC - Climate Master\" \/>\n<meta property=\"og:description\" content=\"Standartla\u015fd\u0131r\u0131lm\u0131\u015f al\u00fcminium v\u0259 ya metal profild\u0259n v\u0259 yan\u011f\u0131na qar\u015f\u0131 t\u0259hl\u00fck\u0259siz s\u0259s uducu materiallardan haz\u0131rlanm\u0131\u015fd\u0131r\" \/>\n<meta property=\"og:url\" content=\"https:\/\/climatemaster.ge\/az\/product\/generator-sound-insulation-alphafon-ic\/\" \/>\n<meta property=\"og:site_name\" content=\"Climate Master\" \/>\n<meta property=\"article:modified_time\" content=\"2025-06-09T15:14:55+00:00\" \/>\n<meta property=\"og:image\" content=\"https:\/\/climatemaster.ge\/wp-content\/uploads\/2025\/06\/alphafon-ic-1.jpg\" \/>\n\t<meta property=\"og:image:width\" content=\"527\" \/>\n\t<meta property=\"og:image:height\" content=\"377\" \/>\n\t<meta property=\"og:image:type\" content=\"image\/jpeg\" \/>\n<meta name=\"twitter:card\" content=\"summary_large_image\" \/>\n<meta name=\"twitter:label1\" content=\"Est. reading time\" \/>\n\t<meta name=\"twitter:data1\" content=\"1 minute\" \/>\n<script type=\"application\/ld+json\" class=\"yoast-schema-graph\">{\"@context\":\"https:\/\/schema.org\",\"@graph\":[{\"@type\":\"WebPage\",\"@id\":\"https:\/\/climatemaster.ge\/az\/product\/generator-sound-insulation-alphafon-ic\/\",\"url\":\"https:\/\/climatemaster.ge\/az\/product\/generator-sound-insulation-alphafon-ic\/\",\"name\":\"Generator S\u0259s \u0130zolyasiyas\u0131 ALPHAfon \u2013 IC - Climate Master\",\"isPartOf\":{\"@id\":\"https:\/\/climatemaster.ge\/#website\"},\"primaryImageOfPage\":{\"@id\":\"https:\/\/climatemaster.ge\/az\/product\/generator-sound-insulation-alphafon-ic\/#primaryimage\"},\"image\":{\"@id\":\"https:\/\/climatemaster.ge\/az\/product\/generator-sound-insulation-alphafon-ic\/#primaryimage\"},\"thumbnailUrl\":\"https:\/\/climatemaster.ge\/wp-content\/uploads\/2025\/06\/alphafon-ic-1.jpg\",\"datePublished\":\"2025-06-09T15:11:15+00:00\",\"dateModified\":\"2025-06-09T15:14:55+00:00\",\"breadcrumb\":{\"@id\":\"https:\/\/climatemaster.ge\/az\/product\/generator-sound-insulation-alphafon-ic\/#breadcrumb\"},\"inLanguage\":\"az\",\"potentialAction\":[{\"@type\":\"ReadAction\",\"target\":[\"https:\/\/climatemaster.ge\/az\/product\/generator-sound-insulation-alphafon-ic\/\"]}]},{\"@type\":\"ImageObject\",\"inLanguage\":\"az\",\"@id\":\"https:\/\/climatemaster.ge\/az\/product\/generator-sound-insulation-alphafon-ic\/#primaryimage\",\"url\":\"https:\/\/climatemaster.ge\/wp-content\/uploads\/2025\/06\/alphafon-ic-1.jpg\",\"contentUrl\":\"https:\/\/climatemaster.ge\/wp-content\/uploads\/2025\/06\/alphafon-ic-1.jpg\",\"width\":527,\"height\":377},{\"@type\":\"BreadcrumbList\",\"@id\":\"https:\/\/climatemaster.ge\/az\/product\/generator-sound-insulation-alphafon-ic\/#breadcrumb\",\"itemListElement\":[{\"@type\":\"ListItem\",\"position\":1,\"name\":\"Home\",\"item\":\"https:\/\/climatemaster.ge\/\"},{\"@type\":\"ListItem\",\"position\":2,\"name\":\"M\u0259hsullar\",\"item\":\"https:\/\/climatemaster.ge\/products\/\"},{\"@type\":\"ListItem\",\"position\":3,\"name\":\"Generator S\u0259s \u0130zolyasiyas\u0131 ALPHAfon \u2013 IC\"}]},{\"@type\":\"WebSite\",\"@id\":\"https:\/\/climatemaster.ge\/#website\",\"url\":\"https:\/\/climatemaster.ge\/\",\"name\":\"Climate Master\",\"description\":\"\",\"publisher\":{\"@id\":\"https:\/\/climatemaster.ge\/#organization\"},\"potentialAction\":[{\"@type\":\"SearchAction\",\"target\":{\"@type\":\"EntryPoint\",\"urlTemplate\":\"https:\/\/climatemaster.ge\/?s={search_term_string}\"},\"query-input\":{\"@type\":\"PropertyValueSpecification\",\"valueRequired\":true,\"valueName\":\"search_term_string\"}}],\"inLanguage\":\"az\"},{\"@type\":\"Organization\",\"@id\":\"https:\/\/climatemaster.ge\/#organization\",\"name\":\"Climate Master\",\"url\":\"https:\/\/climatemaster.ge\/\",\"logo\":{\"@type\":\"ImageObject\",\"inLanguage\":\"az\",\"@id\":\"https:\/\/climatemaster.ge\/#\/schema\/logo\/image\/\",\"url\":\"https:\/\/climatemaster.ge\/wp-content\/uploads\/2026\/03\/Untitled-2.png\",\"contentUrl\":\"https:\/\/climatemaster.ge\/wp-content\/uploads\/2026\/03\/Untitled-2.png\",\"width\":600,\"height\":338,\"caption\":\"Climate Master\"},\"image\":{\"@id\":\"https:\/\/climatemaster.ge\/#\/schema\/logo\/image\/\"}}]}<\/script>\n<!-- \/ Yoast SEO plugin. -->","yoast_head_json":{"title":"Generator S\u0259s \u0130zolyasiyas\u0131 ALPHAfon \u2013 IC - Climate Master","robots":{"index":"index","follow":"follow","max-snippet":"max-snippet:-1","max-image-preview":"max-image-preview:large","max-video-preview":"max-video-preview:-1"},"canonical":"https:\/\/climatemaster.ge\/az\/product\/generator-sound-insulation-alphafon-ic\/","og_locale":"az_AZ","og_type":"article","og_title":"Generator S\u0259s \u0130zolyasiyas\u0131 ALPHAfon \u2013 IC - Climate Master","og_description":"Standartla\u015fd\u0131r\u0131lm\u0131\u015f al\u00fcminium v\u0259 ya metal profild\u0259n v\u0259 yan\u011f\u0131na qar\u015f\u0131 t\u0259hl\u00fck\u0259siz s\u0259s uducu materiallardan haz\u0131rlanm\u0131\u015fd\u0131r","og_url":"https:\/\/climatemaster.ge\/az\/product\/generator-sound-insulation-alphafon-ic\/","og_site_name":"Climate Master","article_modified_time":"2025-06-09T15:14:55+00:00","og_image":[{"width":527,"height":377,"url":"https:\/\/climatemaster.ge\/wp-content\/uploads\/2025\/06\/alphafon-ic-1.jpg","type":"image\/jpeg"}],"twitter_card":"summary_large_image","twitter_misc":{"Est. reading time":"1 minute"},"schema":{"@context":"https:\/\/schema.org","@graph":[{"@type":"WebPage","@id":"https:\/\/climatemaster.ge\/az\/product\/generator-sound-insulation-alphafon-ic\/","url":"https:\/\/climatemaster.ge\/az\/product\/generator-sound-insulation-alphafon-ic\/","name":"Generator S\u0259s \u0130zolyasiyas\u0131 ALPHAfon \u2013 IC - Climate Master","isPartOf":{"@id":"https:\/\/climatemaster.ge\/#website"},"primaryImageOfPage":{"@id":"https:\/\/climatemaster.ge\/az\/product\/generator-sound-insulation-alphafon-ic\/#primaryimage"},"image":{"@id":"https:\/\/climatemaster.ge\/az\/product\/generator-sound-insulation-alphafon-ic\/#primaryimage"},"thumbnailUrl":"https:\/\/climatemaster.ge\/wp-content\/uploads\/2025\/06\/alphafon-ic-1.jpg","datePublished":"2025-06-09T15:11:15+00:00","dateModified":"2025-06-09T15:14:55+00:00","breadcrumb":{"@id":"https:\/\/climatemaster.ge\/az\/product\/generator-sound-insulation-alphafon-ic\/#breadcrumb"},"inLanguage":"az","potentialAction":[{"@type":"ReadAction","target":["https:\/\/climatemaster.ge\/az\/product\/generator-sound-insulation-alphafon-ic\/"]}]},{"@type":"ImageObject","inLanguage":"az","@id":"https:\/\/climatemaster.ge\/az\/product\/generator-sound-insulation-alphafon-ic\/#primaryimage","url":"https:\/\/climatemaster.ge\/wp-content\/uploads\/2025\/06\/alphafon-ic-1.jpg","contentUrl":"https:\/\/climatemaster.ge\/wp-content\/uploads\/2025\/06\/alphafon-ic-1.jpg","width":527,"height":377},{"@type":"BreadcrumbList","@id":"https:\/\/climatemaster.ge\/az\/product\/generator-sound-insulation-alphafon-ic\/#breadcrumb","itemListElement":[{"@type":"ListItem","position":1,"name":"Home","item":"https:\/\/climatemaster.ge\/"},{"@type":"ListItem","position":2,"name":"M\u0259hsullar","item":"https:\/\/climatemaster.ge\/products\/"},{"@type":"ListItem","position":3,"name":"Generator S\u0259s \u0130zolyasiyas\u0131 ALPHAfon \u2013 IC"}]},{"@type":"WebSite","@id":"https:\/\/climatemaster.ge\/#website","url":"https:\/\/climatemaster.ge\/","name":"Climate Master","description":"","publisher":{"@id":"https:\/\/climatemaster.ge\/#organization"},"potentialAction":[{"@type":"SearchAction","target":{"@type":"EntryPoint","urlTemplate":"https:\/\/climatemaster.ge\/?s={search_term_string}"},"query-input":{"@type":"PropertyValueSpecification","valueRequired":true,"valueName":"search_term_string"}}],"inLanguage":"az"},{"@type":"Organization","@id":"https:\/\/climatemaster.ge\/#organization","name":"Climate Master","url":"https:\/\/climatemaster.ge\/","logo":{"@type":"ImageObject","inLanguage":"az","@id":"https:\/\/climatemaster.ge\/#\/schema\/logo\/image\/","url":"https:\/\/climatemaster.ge\/wp-content\/uploads\/2026\/03\/Untitled-2.png","contentUrl":"https:\/\/climatemaster.ge\/wp-content\/uploads\/2026\/03\/Untitled-2.png","width":600,"height":338,"caption":"Climate Master"},"image":{"@id":"https:\/\/climatemaster.ge\/#\/schema\/logo\/image\/"}}]}},"_links":{"self":[{"href":"https:\/\/climatemaster.ge\/az\/wp-json\/wp\/v2\/product\/35027","targetHints":{"allow":["GET"]}}],"collection":[{"href":"https:\/\/climatemaster.ge\/az\/wp-json\/wp\/v2\/product"}],"about":[{"href":"https:\/\/climatemaster.ge\/az\/wp-json\/wp\/v2\/types\/product"}],"wp:featuredmedia":[{"embeddable":true,"href":"https:\/\/climatemaster.ge\/az\/wp-json\/wp\/v2\/media\/34974"}],"wp:attachment":[{"href":"https:\/\/climatemaster.ge\/az\/wp-json\/wp\/v2\/media?parent=35027"}],"wp:term":[{"taxonomy":"product_brand","embeddable":true,"href":"https:\/\/climatemaster.ge\/az\/wp-json\/wp\/v2\/product_brand?post=35027"},{"taxonomy":"product_cat","embeddable":true,"href":"https:\/\/climatemaster.ge\/az\/wp-json\/wp\/v2\/product_cat?post=35027"},{"taxonomy":"product_tag","embeddable":true,"href":"https:\/\/climatemaster.ge\/az\/wp-json\/wp\/v2\/product_tag?post=35027"}],"curies":[{"name":"wp","href":"https:\/\/api.w.org\/{rel}","templated":true}]}}