{"id":34927,"date":"2025-06-09T18:45:28","date_gmt":"2025-06-09T14:45:28","guid":{"rendered":"https:\/\/airsystems.ge\/shop\/product\/sound-insulation-cabins-alphafon-cb\/"},"modified":"2025-06-09T18:50:39","modified_gmt":"2025-06-09T14:50:39","slug":"sound-insulation-cabins-alphafon-cb","status":"publish","type":"product","link":"https:\/\/climatemaster.ge\/az\/product\/sound-insulation-cabins-alphafon-cb\/","title":{"rendered":"S\u0259s izolyasiya kabinl\u0259ri ALPHAfon \u2013 CB"},"content":{"rendered":"<p>ALPHAfon-CB s\u0259s izolyasiya kabinl\u0259ri s\u0259s-k\u00fcyl\u00fc s\u0259naye m\u0259kanlar\u0131nda sakit m\u00fchit t\u0259klif edir.<\/p>\n<p>Yuxar\u0131da g\u00f6st\u0259ril\u0259n m\u0259hsulun \u0259sas m\u0259qs\u0259di q\u0259buledicini (i\u015f\u00e7ini) s\u0259s-k\u00fcyd\u0259n qorumaqd\u0131r, m\u0259nb\u0259d\u0259 v\u0259 yolda s\u0259s izolyasiyas\u0131 t\u0259tbiq edil\u0259 bilm\u0259z.<\/p>\n<p>ALPHAfon-CB s\u0259s izolyasiya kabinl\u0259rinin daxili t\u0259r\u0259fi qism\u0259n x\u00fcsusi s\u0259s uducu materiallarla \u00f6rt\u00fclm\u00fc\u015fd\u00fcr.<\/p>\n<p>Bel\u0259likl\u0259, salonda optimal akustik m\u00fchit t\u0259min edilir.<\/p>\n<p>Standart tip \u00fc\u00e7\u00fcn s\u0259s-k\u00fcy izolyasiya indeksi Rw= 25 dB-dir. Daha b\u00f6y\u00fck s\u0259s izolyasiyas\u0131 t\u0259l\u0259b olunarsa, b\u00fct\u00fcn ehtiyaclar\u0131 \u00f6d\u0259m\u0259k \u00fc\u00e7\u00fcn f\u0259rdi n\u00f6vl\u0259r haz\u0131rlana bil\u0259r.<\/p>\n<p>ALPHAfon-CB h\u0259r bir f\u0259rdi ehtiyac \u00fc\u00e7\u00fcn t\u0259nziml\u0259n\u0259 v\u0259 f\u0259rdil\u0259\u015fdiril\u0259 bil\u0259r v\u0259 a\u015fa\u011f\u0131dak\u0131larla t\u0259chiz oluna bil\u0259r:<\/p>\n<p>N\u0259zar\u0259t v\u0259 vizual \u0259laq\u0259 \u00fc\u00e7\u00fcn p\u0259nc\u0259r\u0259l\u0259r (h\u0259l\u0259 v\u0259 ya a\u00e7\u0131lan).<br \/>\nHava giri\u015fi v\u0259 \u00e7\u0131x\u0131\u015f\u0131 s\u0259s z\u0259ifl\u0259dicil\u0259ri il\u0259 ventilyasiya.<br \/>\nElektrik t\u0259tbiqi \u00fc\u00e7\u00fcn infrastruktur (kabell\u0259r, prizl\u0259r v\u0259 s.)<br \/>\nAkustik giri\u015f qap\u0131s\u0131<br \/>\nM\u00fcvafiq se\u00e7im etm\u0259k \u00fc\u00e7\u00fcn \u0259razinin tezlik analizi il\u0259 s\u0259s-k\u00fcy s\u0259viyy\u0259sinin \u00f6l\u00e7\u00fclm\u0259si t\u0259klif olunur. Bu \u00f6l\u00e7m\u0259l\u0259rin n\u0259tic\u0259l\u0259rin\u0259 v\u0259 t\u0259l\u0259b olunan s\u0259s-k\u00fcy\u00fcn azald\u0131lmas\u0131na \u0259sas\u0259n, m\u00fcvafiq ALPHAfon-CB n\u00f6v\u00fcn\u00fcn se\u00e7imi h\u0259mi\u015f\u0259 t\u0259cr\u00fcb\u0259li komandam\u0131z\u0131n k\u00f6m\u0259yi il\u0259 h\u0259yata ke\u00e7irilir.<\/p>\n","protected":false},"excerpt":{"rendered":"<div class=\"woocommerce-product-details__short-description\">\n<p>Q\u0259buledicini s\u0259s-k\u00fcyd\u0259n qoruyur, kabin\u0259 daxilind\u0259 optimal i\u015f \u015f\u0259raiti t\u0259klif edir<\/p>\n<\/div>\n","protected":false},"featured_media":34922,"template":"","meta":[],"product_brand":[],"product_cat":[804,1715],"product_tag":[],"class_list":{"0":"post-34927","1":"product","2":"type-product","3":"status-publish","4":"has-post-thumbnail","6":"product_cat-akustika-ss-kuy-v-vibrasiyaya-nzart","7":"product_cat-mechanical-noise-control-az","9":"first","10":"instock","11":"shipping-taxable","12":"product-type-simple"},"yoast_head":"<!-- This site is optimized with the Yoast SEO plugin v27.1.1 - https:\/\/yoast.com\/product\/yoast-seo-wordpress\/ -->\n<title>S\u0259s izolyasiya kabinl\u0259ri ALPHAfon \u2013 CB - Climate Master<\/title>\n<meta name=\"robots\" content=\"index, follow, max-snippet:-1, max-image-preview:large, max-video-preview:-1\" \/>\n<link rel=\"canonical\" href=\"https:\/\/climatemaster.ge\/az\/product\/sound-insulation-cabins-alphafon-cb\/\" \/>\n<meta property=\"og:locale\" content=\"az_AZ\" \/>\n<meta property=\"og:type\" content=\"article\" \/>\n<meta property=\"og:title\" content=\"S\u0259s izolyasiya kabinl\u0259ri ALPHAfon \u2013 CB - Climate Master\" \/>\n<meta property=\"og:description\" content=\"Q\u0259buledicini s\u0259s-k\u00fcyd\u0259n qoruyur, kabin\u0259 daxilind\u0259 optimal i\u015f \u015f\u0259raiti t\u0259klif edir\" \/>\n<meta property=\"og:url\" content=\"https:\/\/climatemaster.ge\/az\/product\/sound-insulation-cabins-alphafon-cb\/\" \/>\n<meta property=\"og:site_name\" content=\"Climate Master\" \/>\n<meta property=\"article:modified_time\" content=\"2025-06-09T14:50:39+00:00\" \/>\n<meta property=\"og:image\" content=\"https:\/\/climatemaster.ge\/wp-content\/uploads\/2025\/06\/alphafon-cb-acoustic-cabin.webp\" \/>\n\t<meta property=\"og:image:width\" content=\"800\" \/>\n\t<meta property=\"og:image:height\" content=\"600\" \/>\n\t<meta property=\"og:image:type\" content=\"image\/webp\" \/>\n<meta name=\"twitter:card\" content=\"summary_large_image\" \/>\n<meta name=\"twitter:label1\" content=\"Est. reading time\" \/>\n\t<meta name=\"twitter:data1\" content=\"1 minute\" \/>\n<script type=\"application\/ld+json\" class=\"yoast-schema-graph\">{\"@context\":\"https:\/\/schema.org\",\"@graph\":[{\"@type\":\"WebPage\",\"@id\":\"https:\/\/climatemaster.ge\/az\/product\/sound-insulation-cabins-alphafon-cb\/\",\"url\":\"https:\/\/climatemaster.ge\/az\/product\/sound-insulation-cabins-alphafon-cb\/\",\"name\":\"S\u0259s izolyasiya kabinl\u0259ri ALPHAfon \u2013 CB - Climate Master\",\"isPartOf\":{\"@id\":\"https:\/\/climatemaster.ge\/#website\"},\"primaryImageOfPage\":{\"@id\":\"https:\/\/climatemaster.ge\/az\/product\/sound-insulation-cabins-alphafon-cb\/#primaryimage\"},\"image\":{\"@id\":\"https:\/\/climatemaster.ge\/az\/product\/sound-insulation-cabins-alphafon-cb\/#primaryimage\"},\"thumbnailUrl\":\"https:\/\/climatemaster.ge\/wp-content\/uploads\/2025\/06\/alphafon-cb-acoustic-cabin.webp\",\"datePublished\":\"2025-06-09T14:45:28+00:00\",\"dateModified\":\"2025-06-09T14:50:39+00:00\",\"breadcrumb\":{\"@id\":\"https:\/\/climatemaster.ge\/az\/product\/sound-insulation-cabins-alphafon-cb\/#breadcrumb\"},\"inLanguage\":\"az\",\"potentialAction\":[{\"@type\":\"ReadAction\",\"target\":[\"https:\/\/climatemaster.ge\/az\/product\/sound-insulation-cabins-alphafon-cb\/\"]}]},{\"@type\":\"ImageObject\",\"inLanguage\":\"az\",\"@id\":\"https:\/\/climatemaster.ge\/az\/product\/sound-insulation-cabins-alphafon-cb\/#primaryimage\",\"url\":\"https:\/\/climatemaster.ge\/wp-content\/uploads\/2025\/06\/alphafon-cb-acoustic-cabin.webp\",\"contentUrl\":\"https:\/\/climatemaster.ge\/wp-content\/uploads\/2025\/06\/alphafon-cb-acoustic-cabin.webp\",\"width\":800,\"height\":600},{\"@type\":\"BreadcrumbList\",\"@id\":\"https:\/\/climatemaster.ge\/az\/product\/sound-insulation-cabins-alphafon-cb\/#breadcrumb\",\"itemListElement\":[{\"@type\":\"ListItem\",\"position\":1,\"name\":\"Home\",\"item\":\"https:\/\/climatemaster.ge\/\"},{\"@type\":\"ListItem\",\"position\":2,\"name\":\"M\u0259hsullar\",\"item\":\"https:\/\/climatemaster.ge\/products\/\"},{\"@type\":\"ListItem\",\"position\":3,\"name\":\"S\u0259s izolyasiya kabinl\u0259ri ALPHAfon \u2013 CB\"}]},{\"@type\":\"WebSite\",\"@id\":\"https:\/\/climatemaster.ge\/#website\",\"url\":\"https:\/\/climatemaster.ge\/\",\"name\":\"Climate Master\",\"description\":\"\",\"publisher\":{\"@id\":\"https:\/\/climatemaster.ge\/#organization\"},\"potentialAction\":[{\"@type\":\"SearchAction\",\"target\":{\"@type\":\"EntryPoint\",\"urlTemplate\":\"https:\/\/climatemaster.ge\/?s={search_term_string}\"},\"query-input\":{\"@type\":\"PropertyValueSpecification\",\"valueRequired\":true,\"valueName\":\"search_term_string\"}}],\"inLanguage\":\"az\"},{\"@type\":\"Organization\",\"@id\":\"https:\/\/climatemaster.ge\/#organization\",\"name\":\"Climate Master\",\"url\":\"https:\/\/climatemaster.ge\/\",\"logo\":{\"@type\":\"ImageObject\",\"inLanguage\":\"az\",\"@id\":\"https:\/\/climatemaster.ge\/#\/schema\/logo\/image\/\",\"url\":\"https:\/\/climatemaster.ge\/wp-content\/uploads\/2026\/03\/Untitled-2.png\",\"contentUrl\":\"https:\/\/climatemaster.ge\/wp-content\/uploads\/2026\/03\/Untitled-2.png\",\"width\":600,\"height\":338,\"caption\":\"Climate Master\"},\"image\":{\"@id\":\"https:\/\/climatemaster.ge\/#\/schema\/logo\/image\/\"}}]}<\/script>\n<!-- \/ Yoast SEO plugin. -->","yoast_head_json":{"title":"S\u0259s izolyasiya kabinl\u0259ri ALPHAfon \u2013 CB - Climate Master","robots":{"index":"index","follow":"follow","max-snippet":"max-snippet:-1","max-image-preview":"max-image-preview:large","max-video-preview":"max-video-preview:-1"},"canonical":"https:\/\/climatemaster.ge\/az\/product\/sound-insulation-cabins-alphafon-cb\/","og_locale":"az_AZ","og_type":"article","og_title":"S\u0259s izolyasiya kabinl\u0259ri ALPHAfon \u2013 CB - Climate Master","og_description":"Q\u0259buledicini s\u0259s-k\u00fcyd\u0259n qoruyur, kabin\u0259 daxilind\u0259 optimal i\u015f \u015f\u0259raiti t\u0259klif edir","og_url":"https:\/\/climatemaster.ge\/az\/product\/sound-insulation-cabins-alphafon-cb\/","og_site_name":"Climate Master","article_modified_time":"2025-06-09T14:50:39+00:00","og_image":[{"width":800,"height":600,"url":"https:\/\/climatemaster.ge\/wp-content\/uploads\/2025\/06\/alphafon-cb-acoustic-cabin.webp","type":"image\/webp"}],"twitter_card":"summary_large_image","twitter_misc":{"Est. reading time":"1 minute"},"schema":{"@context":"https:\/\/schema.org","@graph":[{"@type":"WebPage","@id":"https:\/\/climatemaster.ge\/az\/product\/sound-insulation-cabins-alphafon-cb\/","url":"https:\/\/climatemaster.ge\/az\/product\/sound-insulation-cabins-alphafon-cb\/","name":"S\u0259s izolyasiya kabinl\u0259ri ALPHAfon \u2013 CB - Climate Master","isPartOf":{"@id":"https:\/\/climatemaster.ge\/#website"},"primaryImageOfPage":{"@id":"https:\/\/climatemaster.ge\/az\/product\/sound-insulation-cabins-alphafon-cb\/#primaryimage"},"image":{"@id":"https:\/\/climatemaster.ge\/az\/product\/sound-insulation-cabins-alphafon-cb\/#primaryimage"},"thumbnailUrl":"https:\/\/climatemaster.ge\/wp-content\/uploads\/2025\/06\/alphafon-cb-acoustic-cabin.webp","datePublished":"2025-06-09T14:45:28+00:00","dateModified":"2025-06-09T14:50:39+00:00","breadcrumb":{"@id":"https:\/\/climatemaster.ge\/az\/product\/sound-insulation-cabins-alphafon-cb\/#breadcrumb"},"inLanguage":"az","potentialAction":[{"@type":"ReadAction","target":["https:\/\/climatemaster.ge\/az\/product\/sound-insulation-cabins-alphafon-cb\/"]}]},{"@type":"ImageObject","inLanguage":"az","@id":"https:\/\/climatemaster.ge\/az\/product\/sound-insulation-cabins-alphafon-cb\/#primaryimage","url":"https:\/\/climatemaster.ge\/wp-content\/uploads\/2025\/06\/alphafon-cb-acoustic-cabin.webp","contentUrl":"https:\/\/climatemaster.ge\/wp-content\/uploads\/2025\/06\/alphafon-cb-acoustic-cabin.webp","width":800,"height":600},{"@type":"BreadcrumbList","@id":"https:\/\/climatemaster.ge\/az\/product\/sound-insulation-cabins-alphafon-cb\/#breadcrumb","itemListElement":[{"@type":"ListItem","position":1,"name":"Home","item":"https:\/\/climatemaster.ge\/"},{"@type":"ListItem","position":2,"name":"M\u0259hsullar","item":"https:\/\/climatemaster.ge\/products\/"},{"@type":"ListItem","position":3,"name":"S\u0259s izolyasiya kabinl\u0259ri ALPHAfon \u2013 CB"}]},{"@type":"WebSite","@id":"https:\/\/climatemaster.ge\/#website","url":"https:\/\/climatemaster.ge\/","name":"Climate Master","description":"","publisher":{"@id":"https:\/\/climatemaster.ge\/#organization"},"potentialAction":[{"@type":"SearchAction","target":{"@type":"EntryPoint","urlTemplate":"https:\/\/climatemaster.ge\/?s={search_term_string}"},"query-input":{"@type":"PropertyValueSpecification","valueRequired":true,"valueName":"search_term_string"}}],"inLanguage":"az"},{"@type":"Organization","@id":"https:\/\/climatemaster.ge\/#organization","name":"Climate Master","url":"https:\/\/climatemaster.ge\/","logo":{"@type":"ImageObject","inLanguage":"az","@id":"https:\/\/climatemaster.ge\/#\/schema\/logo\/image\/","url":"https:\/\/climatemaster.ge\/wp-content\/uploads\/2026\/03\/Untitled-2.png","contentUrl":"https:\/\/climatemaster.ge\/wp-content\/uploads\/2026\/03\/Untitled-2.png","width":600,"height":338,"caption":"Climate Master"},"image":{"@id":"https:\/\/climatemaster.ge\/#\/schema\/logo\/image\/"}}]}},"_links":{"self":[{"href":"https:\/\/climatemaster.ge\/az\/wp-json\/wp\/v2\/product\/34927","targetHints":{"allow":["GET"]}}],"collection":[{"href":"https:\/\/climatemaster.ge\/az\/wp-json\/wp\/v2\/product"}],"about":[{"href":"https:\/\/climatemaster.ge\/az\/wp-json\/wp\/v2\/types\/product"}],"wp:featuredmedia":[{"embeddable":true,"href":"https:\/\/climatemaster.ge\/az\/wp-json\/wp\/v2\/media\/34922"}],"wp:attachment":[{"href":"https:\/\/climatemaster.ge\/az\/wp-json\/wp\/v2\/media?parent=34927"}],"wp:term":[{"taxonomy":"product_brand","embeddable":true,"href":"https:\/\/climatemaster.ge\/az\/wp-json\/wp\/v2\/product_brand?post=34927"},{"taxonomy":"product_cat","embeddable":true,"href":"https:\/\/climatemaster.ge\/az\/wp-json\/wp\/v2\/product_cat?post=34927"},{"taxonomy":"product_tag","embeddable":true,"href":"https:\/\/climatemaster.ge\/az\/wp-json\/wp\/v2\/product_tag?post=34927"}],"curies":[{"name":"wp","href":"https:\/\/api.w.org\/{rel}","templated":true}]}}