{"id":34877,"date":"2025-06-09T17:58:02","date_gmt":"2025-06-09T13:58:02","guid":{"rendered":"https:\/\/airsystems.ge\/shop\/product\/industrial-sound-proofing-curtains-alphafon-ac-poly\/"},"modified":"2025-06-09T18:11:09","modified_gmt":"2025-06-09T14:11:09","slug":"industrial-sound-proofing-curtains-alphafon-ac-poly","status":"publish","type":"product","link":"https:\/\/climatemaster.ge\/az\/product\/industrial-sound-proofing-curtains-alphafon-ac-poly\/","title":{"rendered":"S\u0259naye S\u0259sd\u0259n qoruyan P\u0259rd\u0259l\u0259r ALPHAfon \u2013 AC.Poly"},"content":{"rendered":"<p>Akustik \u00e7evik \u00e7\u0259kil\u0259 bil\u0259n p\u0259rd\u0259l\u0259r ALPHAfon-AC.Poly s\u0259s izolyasiyas\u0131 probleml\u0259ri \u00fc\u00e7\u00fcn effektiv v\u0259 q\u0259na\u0259tcil h\u0259lldir, h\u0259tta a\u00e7\u0131q hava t\u0259tbiql\u0259rind\u0259 bel\u0259 s\u0259s-k\u00fcy\u00fc azaltmaq, n\u0259ml\u0259ndirm\u0259k v\u0259 ya udmaq \u00fc\u00e7\u00fcn n\u0259z\u0259rd\u0259 tutulmu\u015fdur.<\/p>\n<p>ALPHAfon-AC.Poly s\u0259s-k\u00fcy\u0259 n\u0259zar\u0259t p\u0259rd\u0259si h\u0259r iki t\u0259r\u0259fd\u0259n PVC Polyester \u00f6rt\u00fckl\u0259 \u0259hat\u0259 olunmu\u015f daxili s\u0259s uducu materialdan haz\u0131rlanm\u0131\u015fd\u0131r.<\/p>\n<p>\u0130stifad\u0259 m\u0259qs\u0259dind\u0259n as\u0131l\u0131 olaraq 2 n\u00f6v akustik p\u0259rd\u0259 var.<\/p>\n<p>ALPHAfon-AC.Poly\/sp: H\u0259r iki xarici t\u0259r\u0259fd\u0259n b\u0259rk a\u011f\u0131r PVC Polyester \u00f6rt\u00fckl\u00fc s\u0259s ke\u00e7irm\u0259y\u0259n p\u0259rd\u0259l\u0259r.<br \/>\nALPHAfon-AC.Poly\/sa: Bir xarici t\u0259r\u0259fi mesh PVC Polyester \u00f6rt\u00fckl\u00fc s\u0259s uducu p\u0259rd\u0259l\u0259r.<br \/>\nALPHAfon-AC.Poly akustik p\u0259rd\u0259l\u0259r \u00f6z t\u0259rkibin\u0259 g\u00f6r\u0259 a\u015fa\u011f\u0131 qal\u0131nl\u0131q v\u0259 asan qura\u015fd\u0131rma il\u0259 effektiv s\u0259s izolyasiya h\u0259ll\u0259ri t\u0259qdim edir. Onlar ya \u00e7evik qap\u0131lar\/qap\u0131lar, ya da \u00e7ad\u0131r tikintisi v\u0259 ya s\u0259naye xarici t\u0259tbiql\u0259ri \u00fc\u00e7\u00fcn s\u0259s ke\u00e7irm\u0259y\u0259n mane\u0259l\u0259r v\u0259 ya membranlar kimi t\u0259tbiq oluna bil\u0259r.<\/p>\n<p>Effektiv s\u0259s v\u0259 istilik izolyasiya x\u00fcsusiyy\u0259tl\u0259ri.<br \/>\nN\u0259zar\u0259t, temperatur ax\u0131n\u0131, s\u0259s-k\u00fcy \u00e7irkl\u0259nm\u0259si, toz v\u0259 hiss\u0259cikl\u0259rin \u00e7irkl\u0259nm\u0259si \u00fc\u00e7\u00fcn istifad\u0259 olunur.<br \/>\nY\u00fcng\u00fcl v\u0259 T\u0259mizl\u0259m\u0259k, idar\u0259 etm\u0259k v\u0259 saxlamaq asand\u0131r.<br \/>\nY\u00fcks\u0259k elastiklik.<br \/>\nXarici kompozit membranlar suya davaml\u0131d\u0131r v\u0259 atmosfer \u015f\u0259raitin\u0259 v\u0259 ultrab\u0259n\u00f6v\u015f\u0259yi radiasiyaya davaml\u0131d\u0131r.<br \/>\nKif \u0259leyhin\u0259 m\u00fcalic\u0259.<br \/>\nQura\u015fd\u0131r\u0131lmas\u0131 sad\u0259 v\u0259 istifad\u0259si asand\u0131r.<br \/>\nG\u00fccl\u00fc s\u00fcr\u00fc\u015fm\u0259 sistemi asanl\u0131qla rahat yer\u0259 k\u00f6\u00e7\u00fcr\u00fcl\u0259 bil\u0259r ki, qorunan \u0259raziy\u0259 sad\u0259c\u0259 \u0259l\u00e7atan olsun<\/p>\n<p>Bel\u0259 p\u0259rd\u0259l\u0259rin effektivliyi yollar\u0131n m\u00f6h\u00fcrl\u0259nm\u0259sin\u0259 nail olmaqdan as\u0131l\u0131d\u0131r.<\/p>\n<p>&nbsp;<\/p>\n<p><iframe loading=\"lazy\" title=\"Industrial Soundproofing PVC Curtain - In application!\" width=\"500\" height=\"281\" src=\"https:\/\/www.youtube.com\/embed\/HKcwsWR1w4M?feature=oembed\" frameborder=\"0\" allow=\"accelerometer; autoplay; clipboard-write; encrypted-media; gyroscope; picture-in-picture; web-share\" referrerpolicy=\"strict-origin-when-cross-origin\" allowfullscreen><\/iframe><\/p>\n","protected":false},"excerpt":{"rendered":"<p>S\u0259s izolyasiyas\u0131 probleml\u0259ri \u00fc\u00e7\u00fcn s\u0259m\u0259r\u0259li v\u0259 q\u0259na\u0259tcil p\u0259rd\u0259l\u0259r, h\u0259tta a\u00e7\u0131q hava t\u0259tbiql\u0259rind\u0259 bel\u0259 s\u0259s-k\u00fcy\u00fc azaltmaq, n\u0259ml\u0259ndirm\u0259k v\u0259 ya udmaq \u00fc\u00e7\u00fcn n\u0259z\u0259rd\u0259 tutulmu\u015fdur.<\/p>\n","protected":false},"featured_media":34854,"template":"","meta":[],"product_brand":[],"product_cat":[804,1715],"product_tag":[],"class_list":{"0":"post-34877","1":"product","2":"type-product","3":"status-publish","4":"has-post-thumbnail","6":"product_cat-akustika-ss-kuy-v-vibrasiyaya-nzart","7":"product_cat-mechanical-noise-control-az","9":"first","10":"instock","11":"shipping-taxable","12":"product-type-simple"},"yoast_head":"<!-- This site is optimized with the Yoast SEO plugin v27.1.1 - https:\/\/yoast.com\/product\/yoast-seo-wordpress\/ -->\n<title>S\u0259naye S\u0259sd\u0259n qoruyan P\u0259rd\u0259l\u0259r ALPHAfon \u2013 AC.Poly - Climate Master<\/title>\n<meta name=\"robots\" content=\"index, follow, max-snippet:-1, max-image-preview:large, max-video-preview:-1\" \/>\n<link rel=\"canonical\" href=\"https:\/\/climatemaster.ge\/az\/product\/industrial-sound-proofing-curtains-alphafon-ac-poly\/\" \/>\n<meta property=\"og:locale\" content=\"az_AZ\" \/>\n<meta property=\"og:type\" content=\"article\" \/>\n<meta property=\"og:title\" content=\"S\u0259naye S\u0259sd\u0259n qoruyan P\u0259rd\u0259l\u0259r ALPHAfon \u2013 AC.Poly - Climate Master\" \/>\n<meta property=\"og:description\" content=\"S\u0259s izolyasiyas\u0131 probleml\u0259ri \u00fc\u00e7\u00fcn s\u0259m\u0259r\u0259li v\u0259 q\u0259na\u0259tcil p\u0259rd\u0259l\u0259r, h\u0259tta a\u00e7\u0131q hava t\u0259tbiql\u0259rind\u0259 bel\u0259 s\u0259s-k\u00fcy\u00fc azaltmaq, n\u0259ml\u0259ndirm\u0259k v\u0259 ya udmaq \u00fc\u00e7\u00fcn n\u0259z\u0259rd\u0259 tutulmu\u015fdur.\" \/>\n<meta property=\"og:url\" content=\"https:\/\/climatemaster.ge\/az\/product\/industrial-sound-proofing-curtains-alphafon-ac-poly\/\" \/>\n<meta property=\"og:site_name\" content=\"Climate Master\" \/>\n<meta property=\"article:modified_time\" content=\"2025-06-09T14:11:09+00:00\" \/>\n<meta property=\"og:image\" content=\"https:\/\/climatemaster.ge\/wp-content\/uploads\/2025\/06\/alphafon-ac-curtains.webp\" \/>\n\t<meta property=\"og:image:width\" content=\"800\" \/>\n\t<meta property=\"og:image:height\" content=\"600\" \/>\n\t<meta property=\"og:image:type\" content=\"image\/webp\" \/>\n<meta name=\"twitter:card\" content=\"summary_large_image\" \/>\n<meta name=\"twitter:label1\" content=\"Est. reading time\" \/>\n\t<meta name=\"twitter:data1\" content=\"2 minutes\" \/>\n<script type=\"application\/ld+json\" class=\"yoast-schema-graph\">{\"@context\":\"https:\/\/schema.org\",\"@graph\":[{\"@type\":\"WebPage\",\"@id\":\"https:\/\/climatemaster.ge\/az\/product\/industrial-sound-proofing-curtains-alphafon-ac-poly\/\",\"url\":\"https:\/\/climatemaster.ge\/az\/product\/industrial-sound-proofing-curtains-alphafon-ac-poly\/\",\"name\":\"S\u0259naye S\u0259sd\u0259n qoruyan P\u0259rd\u0259l\u0259r ALPHAfon \u2013 AC.Poly - Climate Master\",\"isPartOf\":{\"@id\":\"https:\/\/climatemaster.ge\/#website\"},\"primaryImageOfPage\":{\"@id\":\"https:\/\/climatemaster.ge\/az\/product\/industrial-sound-proofing-curtains-alphafon-ac-poly\/#primaryimage\"},\"image\":{\"@id\":\"https:\/\/climatemaster.ge\/az\/product\/industrial-sound-proofing-curtains-alphafon-ac-poly\/#primaryimage\"},\"thumbnailUrl\":\"https:\/\/climatemaster.ge\/wp-content\/uploads\/2025\/06\/alphafon-ac-curtains.webp\",\"datePublished\":\"2025-06-09T13:58:02+00:00\",\"dateModified\":\"2025-06-09T14:11:09+00:00\",\"breadcrumb\":{\"@id\":\"https:\/\/climatemaster.ge\/az\/product\/industrial-sound-proofing-curtains-alphafon-ac-poly\/#breadcrumb\"},\"inLanguage\":\"az\",\"potentialAction\":[{\"@type\":\"ReadAction\",\"target\":[\"https:\/\/climatemaster.ge\/az\/product\/industrial-sound-proofing-curtains-alphafon-ac-poly\/\"]}]},{\"@type\":\"ImageObject\",\"inLanguage\":\"az\",\"@id\":\"https:\/\/climatemaster.ge\/az\/product\/industrial-sound-proofing-curtains-alphafon-ac-poly\/#primaryimage\",\"url\":\"https:\/\/climatemaster.ge\/wp-content\/uploads\/2025\/06\/alphafon-ac-curtains.webp\",\"contentUrl\":\"https:\/\/climatemaster.ge\/wp-content\/uploads\/2025\/06\/alphafon-ac-curtains.webp\",\"width\":800,\"height\":600},{\"@type\":\"BreadcrumbList\",\"@id\":\"https:\/\/climatemaster.ge\/az\/product\/industrial-sound-proofing-curtains-alphafon-ac-poly\/#breadcrumb\",\"itemListElement\":[{\"@type\":\"ListItem\",\"position\":1,\"name\":\"Home\",\"item\":\"https:\/\/climatemaster.ge\/\"},{\"@type\":\"ListItem\",\"position\":2,\"name\":\"M\u0259hsullar\",\"item\":\"https:\/\/climatemaster.ge\/products\/\"},{\"@type\":\"ListItem\",\"position\":3,\"name\":\"S\u0259naye S\u0259sd\u0259n qoruyan P\u0259rd\u0259l\u0259r ALPHAfon \u2013 AC.Poly\"}]},{\"@type\":\"WebSite\",\"@id\":\"https:\/\/climatemaster.ge\/#website\",\"url\":\"https:\/\/climatemaster.ge\/\",\"name\":\"Climate Master\",\"description\":\"\",\"publisher\":{\"@id\":\"https:\/\/climatemaster.ge\/#organization\"},\"potentialAction\":[{\"@type\":\"SearchAction\",\"target\":{\"@type\":\"EntryPoint\",\"urlTemplate\":\"https:\/\/climatemaster.ge\/?s={search_term_string}\"},\"query-input\":{\"@type\":\"PropertyValueSpecification\",\"valueRequired\":true,\"valueName\":\"search_term_string\"}}],\"inLanguage\":\"az\"},{\"@type\":\"Organization\",\"@id\":\"https:\/\/climatemaster.ge\/#organization\",\"name\":\"Climate Master\",\"url\":\"https:\/\/climatemaster.ge\/\",\"logo\":{\"@type\":\"ImageObject\",\"inLanguage\":\"az\",\"@id\":\"https:\/\/climatemaster.ge\/#\/schema\/logo\/image\/\",\"url\":\"https:\/\/climatemaster.ge\/wp-content\/uploads\/2026\/03\/Untitled-2.png\",\"contentUrl\":\"https:\/\/climatemaster.ge\/wp-content\/uploads\/2026\/03\/Untitled-2.png\",\"width\":600,\"height\":338,\"caption\":\"Climate Master\"},\"image\":{\"@id\":\"https:\/\/climatemaster.ge\/#\/schema\/logo\/image\/\"}}]}<\/script>\n<!-- \/ Yoast SEO plugin. -->","yoast_head_json":{"title":"S\u0259naye S\u0259sd\u0259n qoruyan P\u0259rd\u0259l\u0259r ALPHAfon \u2013 AC.Poly - Climate Master","robots":{"index":"index","follow":"follow","max-snippet":"max-snippet:-1","max-image-preview":"max-image-preview:large","max-video-preview":"max-video-preview:-1"},"canonical":"https:\/\/climatemaster.ge\/az\/product\/industrial-sound-proofing-curtains-alphafon-ac-poly\/","og_locale":"az_AZ","og_type":"article","og_title":"S\u0259naye S\u0259sd\u0259n qoruyan P\u0259rd\u0259l\u0259r ALPHAfon \u2013 AC.Poly - Climate Master","og_description":"S\u0259s izolyasiyas\u0131 probleml\u0259ri \u00fc\u00e7\u00fcn s\u0259m\u0259r\u0259li v\u0259 q\u0259na\u0259tcil p\u0259rd\u0259l\u0259r, h\u0259tta a\u00e7\u0131q hava t\u0259tbiql\u0259rind\u0259 bel\u0259 s\u0259s-k\u00fcy\u00fc azaltmaq, n\u0259ml\u0259ndirm\u0259k v\u0259 ya udmaq \u00fc\u00e7\u00fcn n\u0259z\u0259rd\u0259 tutulmu\u015fdur.","og_url":"https:\/\/climatemaster.ge\/az\/product\/industrial-sound-proofing-curtains-alphafon-ac-poly\/","og_site_name":"Climate Master","article_modified_time":"2025-06-09T14:11:09+00:00","og_image":[{"width":800,"height":600,"url":"https:\/\/climatemaster.ge\/wp-content\/uploads\/2025\/06\/alphafon-ac-curtains.webp","type":"image\/webp"}],"twitter_card":"summary_large_image","twitter_misc":{"Est. reading time":"2 minutes"},"schema":{"@context":"https:\/\/schema.org","@graph":[{"@type":"WebPage","@id":"https:\/\/climatemaster.ge\/az\/product\/industrial-sound-proofing-curtains-alphafon-ac-poly\/","url":"https:\/\/climatemaster.ge\/az\/product\/industrial-sound-proofing-curtains-alphafon-ac-poly\/","name":"S\u0259naye S\u0259sd\u0259n qoruyan P\u0259rd\u0259l\u0259r ALPHAfon \u2013 AC.Poly - Climate Master","isPartOf":{"@id":"https:\/\/climatemaster.ge\/#website"},"primaryImageOfPage":{"@id":"https:\/\/climatemaster.ge\/az\/product\/industrial-sound-proofing-curtains-alphafon-ac-poly\/#primaryimage"},"image":{"@id":"https:\/\/climatemaster.ge\/az\/product\/industrial-sound-proofing-curtains-alphafon-ac-poly\/#primaryimage"},"thumbnailUrl":"https:\/\/climatemaster.ge\/wp-content\/uploads\/2025\/06\/alphafon-ac-curtains.webp","datePublished":"2025-06-09T13:58:02+00:00","dateModified":"2025-06-09T14:11:09+00:00","breadcrumb":{"@id":"https:\/\/climatemaster.ge\/az\/product\/industrial-sound-proofing-curtains-alphafon-ac-poly\/#breadcrumb"},"inLanguage":"az","potentialAction":[{"@type":"ReadAction","target":["https:\/\/climatemaster.ge\/az\/product\/industrial-sound-proofing-curtains-alphafon-ac-poly\/"]}]},{"@type":"ImageObject","inLanguage":"az","@id":"https:\/\/climatemaster.ge\/az\/product\/industrial-sound-proofing-curtains-alphafon-ac-poly\/#primaryimage","url":"https:\/\/climatemaster.ge\/wp-content\/uploads\/2025\/06\/alphafon-ac-curtains.webp","contentUrl":"https:\/\/climatemaster.ge\/wp-content\/uploads\/2025\/06\/alphafon-ac-curtains.webp","width":800,"height":600},{"@type":"BreadcrumbList","@id":"https:\/\/climatemaster.ge\/az\/product\/industrial-sound-proofing-curtains-alphafon-ac-poly\/#breadcrumb","itemListElement":[{"@type":"ListItem","position":1,"name":"Home","item":"https:\/\/climatemaster.ge\/"},{"@type":"ListItem","position":2,"name":"M\u0259hsullar","item":"https:\/\/climatemaster.ge\/products\/"},{"@type":"ListItem","position":3,"name":"S\u0259naye S\u0259sd\u0259n qoruyan P\u0259rd\u0259l\u0259r ALPHAfon \u2013 AC.Poly"}]},{"@type":"WebSite","@id":"https:\/\/climatemaster.ge\/#website","url":"https:\/\/climatemaster.ge\/","name":"Climate Master","description":"","publisher":{"@id":"https:\/\/climatemaster.ge\/#organization"},"potentialAction":[{"@type":"SearchAction","target":{"@type":"EntryPoint","urlTemplate":"https:\/\/climatemaster.ge\/?s={search_term_string}"},"query-input":{"@type":"PropertyValueSpecification","valueRequired":true,"valueName":"search_term_string"}}],"inLanguage":"az"},{"@type":"Organization","@id":"https:\/\/climatemaster.ge\/#organization","name":"Climate Master","url":"https:\/\/climatemaster.ge\/","logo":{"@type":"ImageObject","inLanguage":"az","@id":"https:\/\/climatemaster.ge\/#\/schema\/logo\/image\/","url":"https:\/\/climatemaster.ge\/wp-content\/uploads\/2026\/03\/Untitled-2.png","contentUrl":"https:\/\/climatemaster.ge\/wp-content\/uploads\/2026\/03\/Untitled-2.png","width":600,"height":338,"caption":"Climate Master"},"image":{"@id":"https:\/\/climatemaster.ge\/#\/schema\/logo\/image\/"}}]}},"_links":{"self":[{"href":"https:\/\/climatemaster.ge\/az\/wp-json\/wp\/v2\/product\/34877","targetHints":{"allow":["GET"]}}],"collection":[{"href":"https:\/\/climatemaster.ge\/az\/wp-json\/wp\/v2\/product"}],"about":[{"href":"https:\/\/climatemaster.ge\/az\/wp-json\/wp\/v2\/types\/product"}],"wp:featuredmedia":[{"embeddable":true,"href":"https:\/\/climatemaster.ge\/az\/wp-json\/wp\/v2\/media\/34854"}],"wp:attachment":[{"href":"https:\/\/climatemaster.ge\/az\/wp-json\/wp\/v2\/media?parent=34877"}],"wp:term":[{"taxonomy":"product_brand","embeddable":true,"href":"https:\/\/climatemaster.ge\/az\/wp-json\/wp\/v2\/product_brand?post=34877"},{"taxonomy":"product_cat","embeddable":true,"href":"https:\/\/climatemaster.ge\/az\/wp-json\/wp\/v2\/product_cat?post=34877"},{"taxonomy":"product_tag","embeddable":true,"href":"https:\/\/climatemaster.ge\/az\/wp-json\/wp\/v2\/product_tag?post=34877"}],"curies":[{"name":"wp","href":"https:\/\/api.w.org\/{rel}","templated":true}]}}