{"id":34824,"date":"2025-06-09T16:11:29","date_gmt":"2025-06-09T12:11:29","guid":{"rendered":"https:\/\/airsystems.ge\/shop\/product\/pah-vs-high-efficiency-air-to-water-heat-pumps-equipped-with-inverter-screw-compressors-and-axial-fan\/"},"modified":"2025-06-09T16:14:03","modified_gmt":"2025-06-09T12:14:03","slug":"pah-vs-high-efficiency-air-to-water-heat-pumps-equipped-with-inverter-screw-compressors-and-axial-fan","status":"publish","type":"product","link":"https:\/\/climatemaster.ge\/az\/product\/pah-vs-high-efficiency-air-to-water-heat-pumps-equipped-with-inverter-screw-compressors-and-axial-fan\/","title":{"rendered":"PAH VS \u0130nverter vintli kompressorlar v\u0259 eksenel ventilyatorla t\u0259chiz edilmi\u015f y\u00fcks\u0259k s\u0259m\u0259r\u0259li havadan suya istilik nasoslar\u0131"},"content":{"rendered":"<p>PAH VS Ke seriyas\u0131n\u0131n qabla\u015fd\u0131r\u0131lm\u0131\u015f hava il\u0259 soyudulmu\u015f istilik nasoslar\u0131 a\u00e7\u0131q havada qura\u015fd\u0131rma \u00fc\u00e7\u00fcn uy\u011fundur v\u0259 kondisioner v\u0259 ya s\u0259naye t\u0259tbiql\u0259ri \u00fc\u00e7\u00fcn maye h\u0259ll\u0259rini soyutmaq v\u0259 q\u0131zd\u0131rmaq \u00fc\u00e7\u00fcn istifad\u0259 edil\u0259 bil\u0259r. Daim modulyasiya ed\u0259n \u0130NVERTER m\u00fch\u0259rriki il\u0259 idar\u0259 olunan SEMI-HERMETIC SCREW kompressor texnologiyas\u0131, h\u0259m\u00e7inin y\u00fcks\u0259k d\u0259yi\u015fk\u0259n y\u00fckl\u0259rin oldu\u011fu t\u0259tbiql\u0259rd\u0259 m\u00f6vs\u00fcmi s\u0259m\u0259r\u0259liliyin artmas\u0131 il\u0259 t\u0259chiz edilmi\u015f soyutma v\u0259 q\u0131zd\u0131rma g\u00fcc\u00fcn\u00fcn y\u00fcks\u0259k hiss\u0259l\u0259r\u0259 b\u00f6l\u00fcnm\u0259si qabiliyy\u0259tin\u0259 z\u0259man\u0259t verir. B\u00fct\u00fcn qur\u011fular x\u00fcsusi keyfiyy\u0259t prosedurlar\u0131na riay\u0259t etm\u0259kl\u0259 tamamil\u0259 zavodda y\u0131\u011f\u0131l\u0131r v\u0259 s\u0131naqdan ke\u00e7irilir. Bundan \u0259lav\u0259, onlar tamamil\u0259 hidravlik, soyuducu v\u0259 elektrikl\u0259 ba\u011fl\u0131d\u0131rlar, bu da saytda bir d\u0259f\u0259 tez qura\u015fd\u0131rmaya imkan verir. S\u0131naqdan \u0259vv\u0259l h\u0259r bir qur\u011funun soyutma sxeml\u0259ri t\u0259zyiq testin\u0259 m\u0259ruz qal\u0131r v\u0259 sonra R513A soyuducu v\u0259 donmayan ya\u011fla doldurulur.<\/p>\n","protected":false},"excerpt":{"rendered":"<p>\u0130stilik g\u00fcc\u00fc 480 kVt-dan 1380 kVt-a q\u0259d\u0259r<\/p>\n","protected":false},"featured_media":34819,"template":"","meta":[],"product_brand":[],"product_cat":[1668,875],"product_tag":[],"class_list":{"0":"post-34824","1":"product","2":"type-product","3":"status-publish","4":"has-post-thumbnail","6":"product_cat-istilik-nasosu","7":"product_cat-snaye-az-kondisionerlr","9":"first","10":"instock","11":"shipping-taxable","12":"product-type-simple"},"yoast_head":"<!-- This site is optimized with the Yoast SEO plugin v27.1.1 - https:\/\/yoast.com\/product\/yoast-seo-wordpress\/ -->\n<title>PAH VS \u0130nverter vintli kompressorlar v\u0259 eksenel ventilyatorla t\u0259chiz edilmi\u015f y\u00fcks\u0259k s\u0259m\u0259r\u0259li havadan suya istilik nasoslar\u0131 - Climate Master<\/title>\n<meta name=\"robots\" content=\"index, follow, max-snippet:-1, max-image-preview:large, max-video-preview:-1\" \/>\n<link rel=\"canonical\" href=\"https:\/\/climatemaster.ge\/az\/product\/pah-vs-high-efficiency-air-to-water-heat-pumps-equipped-with-inverter-screw-compressors-and-axial-fan\/\" \/>\n<meta property=\"og:locale\" content=\"az_AZ\" \/>\n<meta property=\"og:type\" content=\"article\" \/>\n<meta property=\"og:title\" content=\"PAH VS \u0130nverter vintli kompressorlar v\u0259 eksenel ventilyatorla t\u0259chiz edilmi\u015f y\u00fcks\u0259k s\u0259m\u0259r\u0259li havadan suya istilik nasoslar\u0131 - Climate Master\" \/>\n<meta property=\"og:description\" content=\"\u0130stilik g\u00fcc\u00fc 480 kVt-dan 1380 kVt-a q\u0259d\u0259r\" \/>\n<meta property=\"og:url\" content=\"https:\/\/climatemaster.ge\/az\/product\/pah-vs-high-efficiency-air-to-water-heat-pumps-equipped-with-inverter-screw-compressors-and-axial-fan\/\" \/>\n<meta property=\"og:site_name\" content=\"Climate Master\" \/>\n<meta property=\"article:modified_time\" content=\"2025-06-09T12:14:03+00:00\" \/>\n<meta property=\"og:image\" content=\"https:\/\/climatemaster.ge\/wp-content\/uploads\/2025\/06\/PAH-VS-KE.jpg\" \/>\n\t<meta property=\"og:image:width\" content=\"2560\" \/>\n\t<meta property=\"og:image:height\" content=\"1920\" \/>\n\t<meta property=\"og:image:type\" content=\"image\/jpeg\" \/>\n<meta name=\"twitter:card\" content=\"summary_large_image\" \/>\n<meta name=\"twitter:label1\" content=\"Est. reading time\" \/>\n\t<meta name=\"twitter:data1\" content=\"1 minute\" \/>\n<script type=\"application\/ld+json\" class=\"yoast-schema-graph\">{\"@context\":\"https:\/\/schema.org\",\"@graph\":[{\"@type\":\"WebPage\",\"@id\":\"https:\/\/climatemaster.ge\/az\/product\/pah-vs-high-efficiency-air-to-water-heat-pumps-equipped-with-inverter-screw-compressors-and-axial-fan\/\",\"url\":\"https:\/\/climatemaster.ge\/az\/product\/pah-vs-high-efficiency-air-to-water-heat-pumps-equipped-with-inverter-screw-compressors-and-axial-fan\/\",\"name\":\"PAH VS \u0130nverter vintli kompressorlar v\u0259 eksenel ventilyatorla t\u0259chiz edilmi\u015f y\u00fcks\u0259k s\u0259m\u0259r\u0259li havadan suya istilik nasoslar\u0131 - Climate Master\",\"isPartOf\":{\"@id\":\"https:\/\/climatemaster.ge\/#website\"},\"primaryImageOfPage\":{\"@id\":\"https:\/\/climatemaster.ge\/az\/product\/pah-vs-high-efficiency-air-to-water-heat-pumps-equipped-with-inverter-screw-compressors-and-axial-fan\/#primaryimage\"},\"image\":{\"@id\":\"https:\/\/climatemaster.ge\/az\/product\/pah-vs-high-efficiency-air-to-water-heat-pumps-equipped-with-inverter-screw-compressors-and-axial-fan\/#primaryimage\"},\"thumbnailUrl\":\"https:\/\/climatemaster.ge\/wp-content\/uploads\/2025\/06\/PAH-VS-KE.jpg\",\"datePublished\":\"2025-06-09T12:11:29+00:00\",\"dateModified\":\"2025-06-09T12:14:03+00:00\",\"breadcrumb\":{\"@id\":\"https:\/\/climatemaster.ge\/az\/product\/pah-vs-high-efficiency-air-to-water-heat-pumps-equipped-with-inverter-screw-compressors-and-axial-fan\/#breadcrumb\"},\"inLanguage\":\"az\",\"potentialAction\":[{\"@type\":\"ReadAction\",\"target\":[\"https:\/\/climatemaster.ge\/az\/product\/pah-vs-high-efficiency-air-to-water-heat-pumps-equipped-with-inverter-screw-compressors-and-axial-fan\/\"]}]},{\"@type\":\"ImageObject\",\"inLanguage\":\"az\",\"@id\":\"https:\/\/climatemaster.ge\/az\/product\/pah-vs-high-efficiency-air-to-water-heat-pumps-equipped-with-inverter-screw-compressors-and-axial-fan\/#primaryimage\",\"url\":\"https:\/\/climatemaster.ge\/wp-content\/uploads\/2025\/06\/PAH-VS-KE.jpg\",\"contentUrl\":\"https:\/\/climatemaster.ge\/wp-content\/uploads\/2025\/06\/PAH-VS-KE.jpg\",\"width\":2560,\"height\":1920},{\"@type\":\"BreadcrumbList\",\"@id\":\"https:\/\/climatemaster.ge\/az\/product\/pah-vs-high-efficiency-air-to-water-heat-pumps-equipped-with-inverter-screw-compressors-and-axial-fan\/#breadcrumb\",\"itemListElement\":[{\"@type\":\"ListItem\",\"position\":1,\"name\":\"Home\",\"item\":\"https:\/\/climatemaster.ge\/\"},{\"@type\":\"ListItem\",\"position\":2,\"name\":\"M\u0259hsullar\",\"item\":\"https:\/\/climatemaster.ge\/products\/\"},{\"@type\":\"ListItem\",\"position\":3,\"name\":\"PAH VS \u0130nverter vintli kompressorlar v\u0259 eksenel ventilyatorla t\u0259chiz edilmi\u015f y\u00fcks\u0259k s\u0259m\u0259r\u0259li havadan suya istilik nasoslar\u0131\"}]},{\"@type\":\"WebSite\",\"@id\":\"https:\/\/climatemaster.ge\/#website\",\"url\":\"https:\/\/climatemaster.ge\/\",\"name\":\"Climate Master\",\"description\":\"\",\"publisher\":{\"@id\":\"https:\/\/climatemaster.ge\/#organization\"},\"potentialAction\":[{\"@type\":\"SearchAction\",\"target\":{\"@type\":\"EntryPoint\",\"urlTemplate\":\"https:\/\/climatemaster.ge\/?s={search_term_string}\"},\"query-input\":{\"@type\":\"PropertyValueSpecification\",\"valueRequired\":true,\"valueName\":\"search_term_string\"}}],\"inLanguage\":\"az\"},{\"@type\":\"Organization\",\"@id\":\"https:\/\/climatemaster.ge\/#organization\",\"name\":\"Climate Master\",\"url\":\"https:\/\/climatemaster.ge\/\",\"logo\":{\"@type\":\"ImageObject\",\"inLanguage\":\"az\",\"@id\":\"https:\/\/climatemaster.ge\/#\/schema\/logo\/image\/\",\"url\":\"https:\/\/climatemaster.ge\/wp-content\/uploads\/2026\/03\/Untitled-2.png\",\"contentUrl\":\"https:\/\/climatemaster.ge\/wp-content\/uploads\/2026\/03\/Untitled-2.png\",\"width\":600,\"height\":338,\"caption\":\"Climate Master\"},\"image\":{\"@id\":\"https:\/\/climatemaster.ge\/#\/schema\/logo\/image\/\"}}]}<\/script>\n<!-- \/ Yoast SEO plugin. -->","yoast_head_json":{"title":"PAH VS \u0130nverter vintli kompressorlar v\u0259 eksenel ventilyatorla t\u0259chiz edilmi\u015f y\u00fcks\u0259k s\u0259m\u0259r\u0259li havadan suya istilik nasoslar\u0131 - Climate Master","robots":{"index":"index","follow":"follow","max-snippet":"max-snippet:-1","max-image-preview":"max-image-preview:large","max-video-preview":"max-video-preview:-1"},"canonical":"https:\/\/climatemaster.ge\/az\/product\/pah-vs-high-efficiency-air-to-water-heat-pumps-equipped-with-inverter-screw-compressors-and-axial-fan\/","og_locale":"az_AZ","og_type":"article","og_title":"PAH VS \u0130nverter vintli kompressorlar v\u0259 eksenel ventilyatorla t\u0259chiz edilmi\u015f y\u00fcks\u0259k s\u0259m\u0259r\u0259li havadan suya istilik nasoslar\u0131 - Climate Master","og_description":"\u0130stilik g\u00fcc\u00fc 480 kVt-dan 1380 kVt-a q\u0259d\u0259r","og_url":"https:\/\/climatemaster.ge\/az\/product\/pah-vs-high-efficiency-air-to-water-heat-pumps-equipped-with-inverter-screw-compressors-and-axial-fan\/","og_site_name":"Climate Master","article_modified_time":"2025-06-09T12:14:03+00:00","og_image":[{"width":2560,"height":1920,"url":"https:\/\/climatemaster.ge\/wp-content\/uploads\/2025\/06\/PAH-VS-KE.jpg","type":"image\/jpeg"}],"twitter_card":"summary_large_image","twitter_misc":{"Est. reading time":"1 minute"},"schema":{"@context":"https:\/\/schema.org","@graph":[{"@type":"WebPage","@id":"https:\/\/climatemaster.ge\/az\/product\/pah-vs-high-efficiency-air-to-water-heat-pumps-equipped-with-inverter-screw-compressors-and-axial-fan\/","url":"https:\/\/climatemaster.ge\/az\/product\/pah-vs-high-efficiency-air-to-water-heat-pumps-equipped-with-inverter-screw-compressors-and-axial-fan\/","name":"PAH VS \u0130nverter vintli kompressorlar v\u0259 eksenel ventilyatorla t\u0259chiz edilmi\u015f y\u00fcks\u0259k s\u0259m\u0259r\u0259li havadan suya istilik nasoslar\u0131 - Climate Master","isPartOf":{"@id":"https:\/\/climatemaster.ge\/#website"},"primaryImageOfPage":{"@id":"https:\/\/climatemaster.ge\/az\/product\/pah-vs-high-efficiency-air-to-water-heat-pumps-equipped-with-inverter-screw-compressors-and-axial-fan\/#primaryimage"},"image":{"@id":"https:\/\/climatemaster.ge\/az\/product\/pah-vs-high-efficiency-air-to-water-heat-pumps-equipped-with-inverter-screw-compressors-and-axial-fan\/#primaryimage"},"thumbnailUrl":"https:\/\/climatemaster.ge\/wp-content\/uploads\/2025\/06\/PAH-VS-KE.jpg","datePublished":"2025-06-09T12:11:29+00:00","dateModified":"2025-06-09T12:14:03+00:00","breadcrumb":{"@id":"https:\/\/climatemaster.ge\/az\/product\/pah-vs-high-efficiency-air-to-water-heat-pumps-equipped-with-inverter-screw-compressors-and-axial-fan\/#breadcrumb"},"inLanguage":"az","potentialAction":[{"@type":"ReadAction","target":["https:\/\/climatemaster.ge\/az\/product\/pah-vs-high-efficiency-air-to-water-heat-pumps-equipped-with-inverter-screw-compressors-and-axial-fan\/"]}]},{"@type":"ImageObject","inLanguage":"az","@id":"https:\/\/climatemaster.ge\/az\/product\/pah-vs-high-efficiency-air-to-water-heat-pumps-equipped-with-inverter-screw-compressors-and-axial-fan\/#primaryimage","url":"https:\/\/climatemaster.ge\/wp-content\/uploads\/2025\/06\/PAH-VS-KE.jpg","contentUrl":"https:\/\/climatemaster.ge\/wp-content\/uploads\/2025\/06\/PAH-VS-KE.jpg","width":2560,"height":1920},{"@type":"BreadcrumbList","@id":"https:\/\/climatemaster.ge\/az\/product\/pah-vs-high-efficiency-air-to-water-heat-pumps-equipped-with-inverter-screw-compressors-and-axial-fan\/#breadcrumb","itemListElement":[{"@type":"ListItem","position":1,"name":"Home","item":"https:\/\/climatemaster.ge\/"},{"@type":"ListItem","position":2,"name":"M\u0259hsullar","item":"https:\/\/climatemaster.ge\/products\/"},{"@type":"ListItem","position":3,"name":"PAH VS \u0130nverter vintli kompressorlar v\u0259 eksenel ventilyatorla t\u0259chiz edilmi\u015f y\u00fcks\u0259k s\u0259m\u0259r\u0259li havadan suya istilik nasoslar\u0131"}]},{"@type":"WebSite","@id":"https:\/\/climatemaster.ge\/#website","url":"https:\/\/climatemaster.ge\/","name":"Climate Master","description":"","publisher":{"@id":"https:\/\/climatemaster.ge\/#organization"},"potentialAction":[{"@type":"SearchAction","target":{"@type":"EntryPoint","urlTemplate":"https:\/\/climatemaster.ge\/?s={search_term_string}"},"query-input":{"@type":"PropertyValueSpecification","valueRequired":true,"valueName":"search_term_string"}}],"inLanguage":"az"},{"@type":"Organization","@id":"https:\/\/climatemaster.ge\/#organization","name":"Climate Master","url":"https:\/\/climatemaster.ge\/","logo":{"@type":"ImageObject","inLanguage":"az","@id":"https:\/\/climatemaster.ge\/#\/schema\/logo\/image\/","url":"https:\/\/climatemaster.ge\/wp-content\/uploads\/2026\/03\/Untitled-2.png","contentUrl":"https:\/\/climatemaster.ge\/wp-content\/uploads\/2026\/03\/Untitled-2.png","width":600,"height":338,"caption":"Climate Master"},"image":{"@id":"https:\/\/climatemaster.ge\/#\/schema\/logo\/image\/"}}]}},"_links":{"self":[{"href":"https:\/\/climatemaster.ge\/az\/wp-json\/wp\/v2\/product\/34824","targetHints":{"allow":["GET"]}}],"collection":[{"href":"https:\/\/climatemaster.ge\/az\/wp-json\/wp\/v2\/product"}],"about":[{"href":"https:\/\/climatemaster.ge\/az\/wp-json\/wp\/v2\/types\/product"}],"wp:featuredmedia":[{"embeddable":true,"href":"https:\/\/climatemaster.ge\/az\/wp-json\/wp\/v2\/media\/34819"}],"wp:attachment":[{"href":"https:\/\/climatemaster.ge\/az\/wp-json\/wp\/v2\/media?parent=34824"}],"wp:term":[{"taxonomy":"product_brand","embeddable":true,"href":"https:\/\/climatemaster.ge\/az\/wp-json\/wp\/v2\/product_brand?post=34824"},{"taxonomy":"product_cat","embeddable":true,"href":"https:\/\/climatemaster.ge\/az\/wp-json\/wp\/v2\/product_cat?post=34824"},{"taxonomy":"product_tag","embeddable":true,"href":"https:\/\/climatemaster.ge\/az\/wp-json\/wp\/v2\/product_tag?post=34824"}],"curies":[{"name":"wp","href":"https:\/\/api.w.org\/{rel}","templated":true}]}}