{"id":34811,"date":"2025-06-09T16:07:14","date_gmt":"2025-06-09T12:07:14","guid":{"rendered":"https:\/\/airsystems.ge\/shop\/product\/pae-n-high-efficiency-air-to-water-heat-pumps-equipped-with-scroll-compressor-and-axial-fans-with-low-gwp-refrigerant\/"},"modified":"2025-06-09T16:09:28","modified_gmt":"2025-06-09T12:09:28","slug":"pae-n-high-efficiency-air-to-water-heat-pumps-equipped-with-scroll-compressor-and-axial-fans-with-low-gwp-refrigerant","status":"publish","type":"product","link":"https:\/\/climatemaster.ge\/az\/product\/pae-n-high-efficiency-air-to-water-heat-pumps-equipped-with-scroll-compressor-and-axial-fans-with-low-gwp-refrigerant\/","title":{"rendered":"PAE N A\u015fa\u011f\u0131 gwp soyuducu il\u0259 f\u0131rlanan kompressor v\u0259 eksenel ventilyatorlarla t\u0259chiz olunmu\u015f y\u00fcks\u0259k s\u0259m\u0259r\u0259li havadan suya istilik nasoslar\u0131"},"content":{"rendered":"<div class=\"elementor-element elementor-element-391e72ec elementor-widget elementor-widget-theme-post-content\" data-id=\"391e72ec\" data-element_type=\"widget\" data-widget_type=\"theme-post-content.default\">\n<div class=\"elementor-widget-container\">\n<p>PAE N Kc\/Kr seriyal\u0131 qabla\u015fd\u0131r\u0131lm\u0131\u015f hava il\u0259 soyudulmu\u015f istilik nasoslar\u0131 a\u00e7\u0131q qura\u015fd\u0131rma \u00fc\u00e7\u00fcn uy\u011fundur v\u0259 kondisioner v\u0259 ya s\u0259naye t\u0259tbiql\u0259ri \u00fc\u00e7\u00fcn maye h\u0259ll\u0259rini soyutmaq v\u0259 q\u0131zd\u0131rmaq \u00fc\u00e7\u00fcn istifad\u0259 edil\u0259 bil\u0259r. Multiscroll texnologiyas\u0131 qism\u0259n y\u00fckl\u0259y\u0259rk\u0259n b\u00f6y\u00fck s\u0259m\u0259r\u0259liliyin art\u0131r\u0131lmas\u0131na imkan verir. B\u00fct\u00fcn qur\u011fular x\u00fcsusi keyfiyy\u0259t prosedurlar\u0131na riay\u0259t etm\u0259kl\u0259 tamamil\u0259 zavodda y\u0131\u011f\u0131l\u0131r v\u0259 s\u0131naqdan ke\u00e7irilir. Bundan \u0259lav\u0259, onlar tamamil\u0259 hidravlik, soyutma v\u0259 elektrikl\u0259 ba\u011fl\u0131d\u0131rlar, bu da saytda bir d\u0259f\u0259 tez qura\u015fd\u0131rmaya imkan verir. S\u0131naqdan \u0259vv\u0259l h\u0259r bir qur\u011funun soyutma sxeml\u0259ri t\u0259zyiq testin\u0259 m\u0259ruz qal\u0131r v\u0259 sonra R410A v\u0259 ya R454B soyuducu v\u0259 donmayan ya\u011fla doldurulur.<\/p>\n<\/div>\n<\/div>\n<div class=\"elementor-element elementor-element-427e8a79 e-flex e-con-boxed e-con e-child\" data-id=\"427e8a79\" data-element_type=\"container\">\n<div class=\"e-con-inner\">\n<div class=\"elementor-element elementor-element-6e19ed90 hidebutton mc-bl elementor-align-left elementor-widget elementor-widget-button\" data-id=\"6e19ed90\" data-element_type=\"widget\" data-widget_type=\"button.default\">\n<div class=\"elementor-widget-container\">\n<div class=\"elementor-button-wrapper\"><a class=\"elementor-button elementor-button-link elementor-size-sm\" href=\"https:\/\/www.enextechnologies.com\/wp-content\/uploads\/2024\/09\/PAE-N-Kc-Kr_ENG.pdf\" target=\"_blank\" rel=\"noopener\"><span class=\"elementor-button-content-wrapper\"><span class=\"elementor-button-text\">BROCHURE<\/span><\/span><\/a><\/div>\n<\/div>\n<\/div>\n<\/div>\n<\/div>\n","protected":false},"excerpt":{"rendered":"<p>\u0130stilik g\u00fcc\u00fc 78 kVt-dan 1200 kVt-a q\u0259d\u0259r<\/p>\n","protected":false},"featured_media":34806,"template":"","meta":[],"product_brand":[],"product_cat":[1668,875],"product_tag":[],"class_list":{"0":"post-34811","1":"product","2":"type-product","3":"status-publish","4":"has-post-thumbnail","6":"product_cat-istilik-nasosu","7":"product_cat-snaye-az-kondisionerlr","9":"first","10":"instock","11":"shipping-taxable","12":"product-type-simple"},"yoast_head":"<!-- This site is optimized with the Yoast SEO plugin v27.1.1 - https:\/\/yoast.com\/product\/yoast-seo-wordpress\/ -->\n<title>PAE N A\u015fa\u011f\u0131 gwp soyuducu il\u0259 f\u0131rlanan kompressor v\u0259 eksenel ventilyatorlarla t\u0259chiz olunmu\u015f y\u00fcks\u0259k s\u0259m\u0259r\u0259li havadan suya istilik nasoslar\u0131 - Climate Master<\/title>\n<meta name=\"robots\" content=\"index, follow, max-snippet:-1, max-image-preview:large, max-video-preview:-1\" \/>\n<link rel=\"canonical\" href=\"https:\/\/climatemaster.ge\/az\/product\/pae-n-high-efficiency-air-to-water-heat-pumps-equipped-with-scroll-compressor-and-axial-fans-with-low-gwp-refrigerant\/\" \/>\n<meta property=\"og:locale\" content=\"az_AZ\" \/>\n<meta property=\"og:type\" content=\"article\" \/>\n<meta property=\"og:title\" content=\"PAE N A\u015fa\u011f\u0131 gwp soyuducu il\u0259 f\u0131rlanan kompressor v\u0259 eksenel ventilyatorlarla t\u0259chiz olunmu\u015f y\u00fcks\u0259k s\u0259m\u0259r\u0259li havadan suya istilik nasoslar\u0131 - Climate Master\" \/>\n<meta property=\"og:description\" content=\"\u0130stilik g\u00fcc\u00fc 78 kVt-dan 1200 kVt-a q\u0259d\u0259r\" \/>\n<meta property=\"og:url\" content=\"https:\/\/climatemaster.ge\/az\/product\/pae-n-high-efficiency-air-to-water-heat-pumps-equipped-with-scroll-compressor-and-axial-fans-with-low-gwp-refrigerant\/\" \/>\n<meta property=\"og:site_name\" content=\"Climate Master\" \/>\n<meta property=\"article:modified_time\" content=\"2025-06-09T12:09:28+00:00\" \/>\n<meta property=\"og:image\" content=\"https:\/\/climatemaster.ge\/wp-content\/uploads\/2025\/06\/PAE-N-KC-KR.jpg\" \/>\n\t<meta property=\"og:image:width\" content=\"2560\" \/>\n\t<meta property=\"og:image:height\" content=\"2221\" \/>\n\t<meta property=\"og:image:type\" content=\"image\/jpeg\" \/>\n<meta name=\"twitter:card\" content=\"summary_large_image\" \/>\n<meta name=\"twitter:label1\" content=\"Est. reading time\" \/>\n\t<meta name=\"twitter:data1\" content=\"1 minute\" \/>\n<script type=\"application\/ld+json\" class=\"yoast-schema-graph\">{\"@context\":\"https:\/\/schema.org\",\"@graph\":[{\"@type\":\"WebPage\",\"@id\":\"https:\/\/climatemaster.ge\/az\/product\/pae-n-high-efficiency-air-to-water-heat-pumps-equipped-with-scroll-compressor-and-axial-fans-with-low-gwp-refrigerant\/\",\"url\":\"https:\/\/climatemaster.ge\/az\/product\/pae-n-high-efficiency-air-to-water-heat-pumps-equipped-with-scroll-compressor-and-axial-fans-with-low-gwp-refrigerant\/\",\"name\":\"PAE N A\u015fa\u011f\u0131 gwp soyuducu il\u0259 f\u0131rlanan kompressor v\u0259 eksenel ventilyatorlarla t\u0259chiz olunmu\u015f y\u00fcks\u0259k s\u0259m\u0259r\u0259li havadan suya istilik nasoslar\u0131 - Climate Master\",\"isPartOf\":{\"@id\":\"https:\/\/climatemaster.ge\/#website\"},\"primaryImageOfPage\":{\"@id\":\"https:\/\/climatemaster.ge\/az\/product\/pae-n-high-efficiency-air-to-water-heat-pumps-equipped-with-scroll-compressor-and-axial-fans-with-low-gwp-refrigerant\/#primaryimage\"},\"image\":{\"@id\":\"https:\/\/climatemaster.ge\/az\/product\/pae-n-high-efficiency-air-to-water-heat-pumps-equipped-with-scroll-compressor-and-axial-fans-with-low-gwp-refrigerant\/#primaryimage\"},\"thumbnailUrl\":\"https:\/\/climatemaster.ge\/wp-content\/uploads\/2025\/06\/PAE-N-KC-KR.jpg\",\"datePublished\":\"2025-06-09T12:07:14+00:00\",\"dateModified\":\"2025-06-09T12:09:28+00:00\",\"breadcrumb\":{\"@id\":\"https:\/\/climatemaster.ge\/az\/product\/pae-n-high-efficiency-air-to-water-heat-pumps-equipped-with-scroll-compressor-and-axial-fans-with-low-gwp-refrigerant\/#breadcrumb\"},\"inLanguage\":\"az\",\"potentialAction\":[{\"@type\":\"ReadAction\",\"target\":[\"https:\/\/climatemaster.ge\/az\/product\/pae-n-high-efficiency-air-to-water-heat-pumps-equipped-with-scroll-compressor-and-axial-fans-with-low-gwp-refrigerant\/\"]}]},{\"@type\":\"ImageObject\",\"inLanguage\":\"az\",\"@id\":\"https:\/\/climatemaster.ge\/az\/product\/pae-n-high-efficiency-air-to-water-heat-pumps-equipped-with-scroll-compressor-and-axial-fans-with-low-gwp-refrigerant\/#primaryimage\",\"url\":\"https:\/\/climatemaster.ge\/wp-content\/uploads\/2025\/06\/PAE-N-KC-KR.jpg\",\"contentUrl\":\"https:\/\/climatemaster.ge\/wp-content\/uploads\/2025\/06\/PAE-N-KC-KR.jpg\",\"width\":2560,\"height\":2221},{\"@type\":\"BreadcrumbList\",\"@id\":\"https:\/\/climatemaster.ge\/az\/product\/pae-n-high-efficiency-air-to-water-heat-pumps-equipped-with-scroll-compressor-and-axial-fans-with-low-gwp-refrigerant\/#breadcrumb\",\"itemListElement\":[{\"@type\":\"ListItem\",\"position\":1,\"name\":\"Home\",\"item\":\"https:\/\/climatemaster.ge\/\"},{\"@type\":\"ListItem\",\"position\":2,\"name\":\"M\u0259hsullar\",\"item\":\"https:\/\/climatemaster.ge\/products\/\"},{\"@type\":\"ListItem\",\"position\":3,\"name\":\"PAE N A\u015fa\u011f\u0131 gwp soyuducu il\u0259 f\u0131rlanan kompressor v\u0259 eksenel ventilyatorlarla t\u0259chiz olunmu\u015f y\u00fcks\u0259k s\u0259m\u0259r\u0259li havadan suya istilik nasoslar\u0131\"}]},{\"@type\":\"WebSite\",\"@id\":\"https:\/\/climatemaster.ge\/#website\",\"url\":\"https:\/\/climatemaster.ge\/\",\"name\":\"Climate Master\",\"description\":\"\",\"publisher\":{\"@id\":\"https:\/\/climatemaster.ge\/#organization\"},\"potentialAction\":[{\"@type\":\"SearchAction\",\"target\":{\"@type\":\"EntryPoint\",\"urlTemplate\":\"https:\/\/climatemaster.ge\/?s={search_term_string}\"},\"query-input\":{\"@type\":\"PropertyValueSpecification\",\"valueRequired\":true,\"valueName\":\"search_term_string\"}}],\"inLanguage\":\"az\"},{\"@type\":\"Organization\",\"@id\":\"https:\/\/climatemaster.ge\/#organization\",\"name\":\"Climate Master\",\"url\":\"https:\/\/climatemaster.ge\/\",\"logo\":{\"@type\":\"ImageObject\",\"inLanguage\":\"az\",\"@id\":\"https:\/\/climatemaster.ge\/#\/schema\/logo\/image\/\",\"url\":\"https:\/\/climatemaster.ge\/wp-content\/uploads\/2026\/03\/Untitled-2.png\",\"contentUrl\":\"https:\/\/climatemaster.ge\/wp-content\/uploads\/2026\/03\/Untitled-2.png\",\"width\":600,\"height\":338,\"caption\":\"Climate Master\"},\"image\":{\"@id\":\"https:\/\/climatemaster.ge\/#\/schema\/logo\/image\/\"}}]}<\/script>\n<!-- \/ Yoast SEO plugin. -->","yoast_head_json":{"title":"PAE N A\u015fa\u011f\u0131 gwp soyuducu il\u0259 f\u0131rlanan kompressor v\u0259 eksenel ventilyatorlarla t\u0259chiz olunmu\u015f y\u00fcks\u0259k s\u0259m\u0259r\u0259li havadan suya istilik nasoslar\u0131 - Climate Master","robots":{"index":"index","follow":"follow","max-snippet":"max-snippet:-1","max-image-preview":"max-image-preview:large","max-video-preview":"max-video-preview:-1"},"canonical":"https:\/\/climatemaster.ge\/az\/product\/pae-n-high-efficiency-air-to-water-heat-pumps-equipped-with-scroll-compressor-and-axial-fans-with-low-gwp-refrigerant\/","og_locale":"az_AZ","og_type":"article","og_title":"PAE N A\u015fa\u011f\u0131 gwp soyuducu il\u0259 f\u0131rlanan kompressor v\u0259 eksenel ventilyatorlarla t\u0259chiz olunmu\u015f y\u00fcks\u0259k s\u0259m\u0259r\u0259li havadan suya istilik nasoslar\u0131 - Climate Master","og_description":"\u0130stilik g\u00fcc\u00fc 78 kVt-dan 1200 kVt-a q\u0259d\u0259r","og_url":"https:\/\/climatemaster.ge\/az\/product\/pae-n-high-efficiency-air-to-water-heat-pumps-equipped-with-scroll-compressor-and-axial-fans-with-low-gwp-refrigerant\/","og_site_name":"Climate Master","article_modified_time":"2025-06-09T12:09:28+00:00","og_image":[{"width":2560,"height":2221,"url":"https:\/\/climatemaster.ge\/wp-content\/uploads\/2025\/06\/PAE-N-KC-KR.jpg","type":"image\/jpeg"}],"twitter_card":"summary_large_image","twitter_misc":{"Est. reading time":"1 minute"},"schema":{"@context":"https:\/\/schema.org","@graph":[{"@type":"WebPage","@id":"https:\/\/climatemaster.ge\/az\/product\/pae-n-high-efficiency-air-to-water-heat-pumps-equipped-with-scroll-compressor-and-axial-fans-with-low-gwp-refrigerant\/","url":"https:\/\/climatemaster.ge\/az\/product\/pae-n-high-efficiency-air-to-water-heat-pumps-equipped-with-scroll-compressor-and-axial-fans-with-low-gwp-refrigerant\/","name":"PAE N A\u015fa\u011f\u0131 gwp soyuducu il\u0259 f\u0131rlanan kompressor v\u0259 eksenel ventilyatorlarla t\u0259chiz olunmu\u015f y\u00fcks\u0259k s\u0259m\u0259r\u0259li havadan suya istilik nasoslar\u0131 - Climate Master","isPartOf":{"@id":"https:\/\/climatemaster.ge\/#website"},"primaryImageOfPage":{"@id":"https:\/\/climatemaster.ge\/az\/product\/pae-n-high-efficiency-air-to-water-heat-pumps-equipped-with-scroll-compressor-and-axial-fans-with-low-gwp-refrigerant\/#primaryimage"},"image":{"@id":"https:\/\/climatemaster.ge\/az\/product\/pae-n-high-efficiency-air-to-water-heat-pumps-equipped-with-scroll-compressor-and-axial-fans-with-low-gwp-refrigerant\/#primaryimage"},"thumbnailUrl":"https:\/\/climatemaster.ge\/wp-content\/uploads\/2025\/06\/PAE-N-KC-KR.jpg","datePublished":"2025-06-09T12:07:14+00:00","dateModified":"2025-06-09T12:09:28+00:00","breadcrumb":{"@id":"https:\/\/climatemaster.ge\/az\/product\/pae-n-high-efficiency-air-to-water-heat-pumps-equipped-with-scroll-compressor-and-axial-fans-with-low-gwp-refrigerant\/#breadcrumb"},"inLanguage":"az","potentialAction":[{"@type":"ReadAction","target":["https:\/\/climatemaster.ge\/az\/product\/pae-n-high-efficiency-air-to-water-heat-pumps-equipped-with-scroll-compressor-and-axial-fans-with-low-gwp-refrigerant\/"]}]},{"@type":"ImageObject","inLanguage":"az","@id":"https:\/\/climatemaster.ge\/az\/product\/pae-n-high-efficiency-air-to-water-heat-pumps-equipped-with-scroll-compressor-and-axial-fans-with-low-gwp-refrigerant\/#primaryimage","url":"https:\/\/climatemaster.ge\/wp-content\/uploads\/2025\/06\/PAE-N-KC-KR.jpg","contentUrl":"https:\/\/climatemaster.ge\/wp-content\/uploads\/2025\/06\/PAE-N-KC-KR.jpg","width":2560,"height":2221},{"@type":"BreadcrumbList","@id":"https:\/\/climatemaster.ge\/az\/product\/pae-n-high-efficiency-air-to-water-heat-pumps-equipped-with-scroll-compressor-and-axial-fans-with-low-gwp-refrigerant\/#breadcrumb","itemListElement":[{"@type":"ListItem","position":1,"name":"Home","item":"https:\/\/climatemaster.ge\/"},{"@type":"ListItem","position":2,"name":"M\u0259hsullar","item":"https:\/\/climatemaster.ge\/products\/"},{"@type":"ListItem","position":3,"name":"PAE N A\u015fa\u011f\u0131 gwp soyuducu il\u0259 f\u0131rlanan kompressor v\u0259 eksenel ventilyatorlarla t\u0259chiz olunmu\u015f y\u00fcks\u0259k s\u0259m\u0259r\u0259li havadan suya istilik nasoslar\u0131"}]},{"@type":"WebSite","@id":"https:\/\/climatemaster.ge\/#website","url":"https:\/\/climatemaster.ge\/","name":"Climate Master","description":"","publisher":{"@id":"https:\/\/climatemaster.ge\/#organization"},"potentialAction":[{"@type":"SearchAction","target":{"@type":"EntryPoint","urlTemplate":"https:\/\/climatemaster.ge\/?s={search_term_string}"},"query-input":{"@type":"PropertyValueSpecification","valueRequired":true,"valueName":"search_term_string"}}],"inLanguage":"az"},{"@type":"Organization","@id":"https:\/\/climatemaster.ge\/#organization","name":"Climate Master","url":"https:\/\/climatemaster.ge\/","logo":{"@type":"ImageObject","inLanguage":"az","@id":"https:\/\/climatemaster.ge\/#\/schema\/logo\/image\/","url":"https:\/\/climatemaster.ge\/wp-content\/uploads\/2026\/03\/Untitled-2.png","contentUrl":"https:\/\/climatemaster.ge\/wp-content\/uploads\/2026\/03\/Untitled-2.png","width":600,"height":338,"caption":"Climate Master"},"image":{"@id":"https:\/\/climatemaster.ge\/#\/schema\/logo\/image\/"}}]}},"_links":{"self":[{"href":"https:\/\/climatemaster.ge\/az\/wp-json\/wp\/v2\/product\/34811","targetHints":{"allow":["GET"]}}],"collection":[{"href":"https:\/\/climatemaster.ge\/az\/wp-json\/wp\/v2\/product"}],"about":[{"href":"https:\/\/climatemaster.ge\/az\/wp-json\/wp\/v2\/types\/product"}],"wp:featuredmedia":[{"embeddable":true,"href":"https:\/\/climatemaster.ge\/az\/wp-json\/wp\/v2\/media\/34806"}],"wp:attachment":[{"href":"https:\/\/climatemaster.ge\/az\/wp-json\/wp\/v2\/media?parent=34811"}],"wp:term":[{"taxonomy":"product_brand","embeddable":true,"href":"https:\/\/climatemaster.ge\/az\/wp-json\/wp\/v2\/product_brand?post=34811"},{"taxonomy":"product_cat","embeddable":true,"href":"https:\/\/climatemaster.ge\/az\/wp-json\/wp\/v2\/product_cat?post=34811"},{"taxonomy":"product_tag","embeddable":true,"href":"https:\/\/climatemaster.ge\/az\/wp-json\/wp\/v2\/product_tag?post=34811"}],"curies":[{"name":"wp","href":"https:\/\/api.w.org\/{rel}","templated":true}]}}